{"id":82922,"date":"2019-11-13T18:26:22","date_gmt":"2019-11-13T18:26:22","guid":{"rendered":"https:\/\/raed.academy\/?page_id=82922"},"modified":"2023-12-05T15:30:42","modified_gmt":"2023-12-05T15:30:42","slug":"tribuna-plural-newspaper","status":"publish","type":"page","link":"https:\/\/raed.academy\/en\/publications\/tribuna-plural-newspaper\/","title":{"rendered":"Tribuna Plural newspaper"},"content":{"rendered":"<p>[et_pb_section fb_built=&#8221;1&#8243; admin_label=&#8221;section&#8221; _builder_version=&#8221;4.16&#8243; global_colors_info=&#8221;{}&#8221;][et_pb_row _builder_version=&#8221;4.23&#8243; _module_preset=&#8221;default&#8221; max_width=&#8221;1400px&#8221; custom_padding=&#8221;||0px|||&#8221; hover_enabled=&#8221;0&#8243; locked=&#8221;off&#8221; global_colors_info=&#8221;{}&#8221; sticky_enabled=&#8221;0&#8243;][et_pb_column type=&#8221;4_4&#8243; _builder_version=&#8221;4.23&#8243; _module_preset=&#8221;default&#8221; global_colors_info=&#8221;{}&#8221;][et_pb_post_title meta=&#8221;off&#8221; featured_image=&#8221;off&#8221; module_class=&#8221;portada&#8221; _builder_version=&#8221;4.17.0&#8243; _module_preset=&#8221;default&#8221; locked=&#8221;off&#8221; global_colors_info=&#8221;{}&#8221;][\/et_pb_post_title][\/et_pb_column][\/et_pb_row][et_pb_row admin_label=&#8221;row&#8221; _builder_version=&#8221;4.23.1&#8243; background_size=&#8221;initial&#8221; background_position=&#8221;top_left&#8221; background_repeat=&#8221;repeat&#8221; hover_enabled=&#8221;0&#8243; global_colors_info=&#8221;{}&#8221; max_width=&#8221;1400px&#8221; sticky_enabled=&#8221;0&#8243;][et_pb_column type=&#8221;4_4&#8243; _builder_version=&#8221;4.16&#8243; custom_padding=&#8221;|||&#8221; global_colors_info=&#8221;{}&#8221; custom_padding__hover=&#8221;|||&#8221;][et_pb_accordion _builder_version=&#8221;4.16&#8243; link_option_url_new_window=&#8221;on&#8221; global_colors_info=&#8221;{}&#8221;][et_pb_accordion_item title=&#8221;Number 4 &#8211; October 2021&#8243; open=&#8221;on&#8221; _builder_version=&#8221;4.16&#8243; _module_preset=&#8221;default&#8221; global_colors_info=&#8221;{}&#8221;]<\/p>\n<h3><a href=\"https:\/\/raed.academy\/documentos\/periodico-tribuna-plural\/n4-octubre-2021.pdf\" target=\"_blank\" rel=\"noopener\">Plural Tribune Newspaper No. 4 &#8211; October 2021<\/a><\/h3>\n<ul>\n<li>Presentation of the work \u00abA Renewal Period 2012-2020\u00bb that collects all the activity and main achievements of the last eight years.<\/li>\n<li>Interview with <a href=\"https:\/\/raed.academy\/en\/academicians\/dr-alfredo-rocafort-nicolau\/\" target=\"_blank\" rel=\"noopener\"><strong>Dr. Alfredo Rocafort<\/strong><\/a>, president of the Governing Board of the RAED: &#8220;The Academy has to be open to society and not settle in an ivory tower where academics talk about themselves and among themselves.&#8221;<\/li>\n<li>The RAED and its Foundation assume the commitment to contribute to improving the world with the launch of the <a href=\"https:\/\/fundacionraed.org\/retos-vitales\/\" target=\"_blank\" rel=\"noopener\"><strong>&#8220;Vital Challenges for a new era&#8221;<\/strong><\/a> project.<\/li>\n<li>RAED academicians see the NextGenerationEu initiative as an opportunity to change the country&#8217;s economy.<\/li>\n<li>Comparative from the informative point of view in the press, with respect to the &#8220;Spanish Flu&#8221; of 1918 and COVID-19.<\/li>\n<li>Interview with <a href=\"https:\/\/raed.academy\/en\/academicians\/dr-jose-maria-baldasano-recio\/\" target=\"_blank\" rel=\"noopener\"><strong>Dr. Jos\u00e9 M\u00aa Baldasano<\/strong><\/a>: \u201cThe limits of growth and its relationship with the environment have been a constant in my thoughts\u201d.<\/li>\n<li>Back cover: <a href=\"https:\/\/raed.academy\/en\/academicians\/dr-rosalia-arteaga-serrano\/\" target=\"_blank\" rel=\"noopener\"><strong>Dra. Rosal\u00eda Arteaga<\/strong><\/a> &#8211; \u201cWe have to put more Ibero-America in the world\u201d.<\/li>\n<\/ul>\n<p>[\/et_pb_accordion_item][et_pb_accordion_item title=&#8221;Number 3 &#8211; January 2020&#8243; _builder_version=&#8221;4.16&#8243; global_colors_info=&#8221;{}&#8221; open=&#8221;off&#8221;]<\/p>\n<h3><a href=\"https:\/\/raed.academy\/wp-content\/uploads\/2020\/02\/periodico-Tribuna-Plural-n3.pdf\" target=\"_blank\" rel=\"noopener noreferrer\">Newspaper Tribuna Plural No. 3 &#8211; November 2019<\/a><\/h3>\n<ul>\n<li>Experts advocate promoting the application of big data and artificial intelligence in the clinical care setting.<\/li>\n<li>The <strong>RAED<\/strong> hosted the conference that represented Spain in the Climate Reality Project promoted by <strong>Al Gore<\/strong>.<\/li>\n<li>Opinion article: <a href=\"https:\/\/raed.academy\/en\/academicians\/dr-pedro-nueno-iniesta\/\" target=\"_blank\" rel=\"noopener noreferrer\"><strong>Pedro Nueno<\/strong><\/a> &#8211; The opportunity of China.<\/li>\n<li>The proliferation of fake congress, a danger to science and society.<\/li>\n<li>Get vaccinated against misinformation.<\/li>\n<li>Report: Abuse of the elderly.<\/li>\n<li>Debate: Listeria tests food safety in Spain.<\/li>\n<li>Interview with <a href=\"https:\/\/raed.academy\/en\/academicians\/dr-rafael-i-barraquer-compte\/dr-jose-maria-gay-de-liebana-saludas-2\/\" target=\"_blank\" rel=\"noopener noreferrer\"><strong>Jos\u00e9 Mar\u00eda Gay de Li\u00e9bana<\/strong><\/a>: &#8220;We have to deconstruct Spain&#8221;.<\/li>\n<li>Back cover: <strong>Christine Hart<\/strong> &#8211; &#8220;The fires in Australia are as if an atomic bomb had fallen&#8221;.<\/li>\n<\/ul>\n<p>[\/et_pb_accordion_item][et_pb_accordion_item title=&#8221;Number 2 &#8211; november 2019&#8243; _builder_version=&#8221;4.16&#8243; link_option_url_new_window=&#8221;on&#8221; global_colors_info=&#8221;{}&#8221; open=&#8221;off&#8221;]<\/p>\n<h3><a href=\"https:\/\/raed.academy\/wp-content\/uploads\/2019\/11\/periodico-Tribuna-Plural-n2.pdf\" target=\"_blank\" rel=\"noopener noreferrer\">Tribuna Plural newspaper N\u00ba 2 &#8211; november 2019<\/a><\/h3>\n<ul>\n<li>La relaci\u00f3n pr\u00f3xima y emp\u00e1tica m\u00e9dico-paciente puede acelerar la recuperaci\u00f3n.<\/li>\n<li>La Universidad de Barcelona crea ESG Rating, un indicador para medir la Responsabilidad Social Corporativa.<\/li>\n<li>\u00c9xito del V congreso Internacional de la <strong>RAED<\/strong> celebrado en Budapest.<\/li>\n<li>La <strong>Fundaci\u00f3n Pro RAED<\/strong>, motor de cambio social.<\/li>\n<li>Entrevista a <strong>Inocencio Arias<\/strong>.<\/li>\n<\/ul>\n<p>[\/et_pb_accordion_item][et_pb_accordion_item title=&#8221;Number 1 &#8211; July 2019&#8243; _builder_version=&#8221;4.16&#8243; link_option_url_new_window=&#8221;on&#8221; global_colors_info=&#8221;{}&#8221; open=&#8221;off&#8221;]<\/p>\n<h3><a href=\"https:\/\/raed.academy\/wp-content\/uploads\/2019\/07\/TRIBUNA-N-01-comprimido.pdf\" target=\"_blank\" rel=\"noopener noreferrer\">Tribuna Plural newspaper N\u00ba 1 &#8211; July 2019<\/a><\/h3>\n<ul>\n<li>Los hermanos Roca investidos como Acad\u00e9micos de Honor por la RAED<\/li>\n<li>Entrevista a Joaqu\u00edn Almunia<\/li>\n<li>La preservaci\u00f3n de las Islas Gal\u00e1pagos<\/li>\n<li>El Barcelona Supercomputing Center ser\u00e1 la sede de uno de los grandes superordenadores europeos.<\/li>\n<li>La mujer progresa en el liderazgo del conocimiento cient\u00edfico<\/li>\n<\/ul>\n<p>[\/et_pb_accordion_item][\/et_pb_accordion][\/et_pb_column][\/et_pb_row][\/et_pb_section]<\/p>\n","protected":false},"excerpt":{"rendered":"<p>Plural Tribune Newspaper No. 4 &#8211; October 2021 Presentation of the work \u00abA Renewal Period 2012-2020\u00bb that collects all the activity and main achievements of the last eight years. Interview with Dr. Alfredo Rocafort, president of the Governing Board of the RAED: &#8220;The Academy has to be open to society and not settle in an [&hellip;]<\/p>\n","protected":false},"author":16,"featured_media":82967,"parent":140488,"menu_order":0,"comment_status":"closed","ping_status":"closed","template":"","meta":{"_et_pb_use_builder":"on","_et_pb_old_content":"","_et_gb_content_width":"","footnotes":""},"class_list":["post-82922","page","type-page","status-publish","has-post-thumbnail","hentry"],"yoast_head":"<!-- This site is optimized with the Yoast SEO plugin v27.3 - https:\/\/yoast.com\/product\/yoast-seo-wordpress\/ -->\n<title>Tribuna Plural newspaper - Royal European Academy of Doctors<\/title>\n<meta name=\"description\" content=\"RAED news, news, opinion articles, reports, interviews and debates since 2019\" \/>\n<meta name=\"robots\" content=\"index, follow, max-snippet:-1, max-image-preview:large, max-video-preview:-1\" \/>\n<link rel=\"canonical\" href=\"https:\/\/raed.academy\/en\/publications\/tribuna-plural-newspaper\/\" \/>\n<meta property=\"og:locale\" content=\"en_US\" \/>\n<meta property=\"og:type\" content=\"article\" \/>\n<meta property=\"og:title\" content=\"Tribuna Plural newspaper - Royal European Academy of Doctors\" \/>\n<meta property=\"og:description\" content=\"RAED news, news, opinion articles, reports, interviews and debates since 2019\" \/>\n<meta property=\"og:url\" content=\"https:\/\/raed.academy\/en\/publications\/tribuna-plural-newspaper\/\" \/>\n<meta property=\"og:site_name\" content=\"Royal European Academy of Doctors\" \/>\n<meta property=\"article:publisher\" content=\"http:\/\/fb.me\/raed.academy\" \/>\n<meta property=\"article:modified_time\" content=\"2023-12-05T15:30:42+00:00\" \/>\n<meta property=\"og:image\" content=\"https:\/\/raed.academy\/wp-content\/uploads\/2019\/11\/periodico-Tribuna-Plural-n2-RAED.jpg\" \/>\n\t<meta property=\"og:image:width\" content=\"970\" \/>\n\t<meta property=\"og:image:height\" content=\"574\" \/>\n\t<meta property=\"og:image:type\" content=\"image\/jpeg\" \/>\n<meta name=\"twitter:card\" content=\"summary_large_image\" \/>\n<meta name=\"twitter:site\" content=\"@raedacademy\" \/>\n<meta name=\"twitter:label1\" content=\"Est. reading time\" \/>\n\t<meta name=\"twitter:data1\" content=\"3 minutes\" \/>\n<script type=\"application\/ld+json\" class=\"yoast-schema-graph\">{\"@context\":\"https:\\\/\\\/schema.org\",\"@graph\":[{\"@type\":\"WebPage\",\"@id\":\"https:\\\/\\\/raed.academy\\\/en\\\/publications\\\/tribuna-plural-newspaper\\\/\",\"url\":\"https:\\\/\\\/raed.academy\\\/en\\\/publications\\\/tribuna-plural-newspaper\\\/\",\"name\":\"Tribuna Plural newspaper - Royal European Academy of Doctors\",\"isPartOf\":{\"@id\":\"https:\\\/\\\/raed.academy\\\/en\\\/#website\"},\"primaryImageOfPage\":{\"@id\":\"https:\\\/\\\/raed.academy\\\/en\\\/publications\\\/tribuna-plural-newspaper\\\/#primaryimage\"},\"image\":{\"@id\":\"https:\\\/\\\/raed.academy\\\/en\\\/publications\\\/tribuna-plural-newspaper\\\/#primaryimage\"},\"thumbnailUrl\":\"https:\\\/\\\/raed.academy\\\/wp-content\\\/uploads\\\/2019\\\/11\\\/periodico-Tribuna-Plural-n2-RAED.jpg\",\"datePublished\":\"2019-11-13T18:26:22+00:00\",\"dateModified\":\"2023-12-05T15:30:42+00:00\",\"description\":\"RAED news, news, opinion articles, reports, interviews and debates since 2019\",\"breadcrumb\":{\"@id\":\"https:\\\/\\\/raed.academy\\\/en\\\/publications\\\/tribuna-plural-newspaper\\\/#breadcrumb\"},\"inLanguage\":\"en-US\",\"potentialAction\":[{\"@type\":\"ReadAction\",\"target\":[\"https:\\\/\\\/raed.academy\\\/en\\\/publications\\\/tribuna-plural-newspaper\\\/\"]}]},{\"@type\":\"ImageObject\",\"inLanguage\":\"en-US\",\"@id\":\"https:\\\/\\\/raed.academy\\\/en\\\/publications\\\/tribuna-plural-newspaper\\\/#primaryimage\",\"url\":\"https:\\\/\\\/raed.academy\\\/wp-content\\\/uploads\\\/2019\\\/11\\\/periodico-Tribuna-Plural-n2-RAED.jpg\",\"contentUrl\":\"https:\\\/\\\/raed.academy\\\/wp-content\\\/uploads\\\/2019\\\/11\\\/periodico-Tribuna-Plural-n2-RAED.jpg\",\"width\":970,\"height\":574},{\"@type\":\"BreadcrumbList\",\"@id\":\"https:\\\/\\\/raed.academy\\\/en\\\/publications\\\/tribuna-plural-newspaper\\\/#breadcrumb\",\"itemListElement\":[{\"@type\":\"ListItem\",\"position\":1,\"name\":\"Inicio\",\"item\":\"https:\\\/\\\/raed.academy\\\/en\\\/\"},{\"@type\":\"ListItem\",\"position\":2,\"name\":\"Publications\",\"item\":\"https:\\\/\\\/raed.academy\\\/en\\\/publications\\\/\"},{\"@type\":\"ListItem\",\"position\":3,\"name\":\"Tribuna Plural newspaper\"}]},{\"@type\":\"WebSite\",\"@id\":\"https:\\\/\\\/raed.academy\\\/en\\\/#website\",\"url\":\"https:\\\/\\\/raed.academy\\\/en\\\/\",\"name\":\"Royal European Academy of Doctors\",\"description\":\"Corporaci\u00f3n de derecho p\u00fablico de car\u00e1cter cient\u00edfico, t\u00e9cnico y art\u00edstico, que tiene por objeto la investigaci\u00f3n, el estudio, el fomento y la extensi\u00f3n del conocimiento en su sentido m\u00e1s amplio.\",\"publisher\":{\"@id\":\"https:\\\/\\\/raed.academy\\\/en\\\/#organization\"},\"potentialAction\":[{\"@type\":\"SearchAction\",\"target\":{\"@type\":\"EntryPoint\",\"urlTemplate\":\"https:\\\/\\\/raed.academy\\\/en\\\/?s={search_term_string}\"},\"query-input\":{\"@type\":\"PropertyValueSpecification\",\"valueRequired\":true,\"valueName\":\"search_term_string\"}}],\"inLanguage\":\"en-US\"},{\"@type\":\"Organization\",\"@id\":\"https:\\\/\\\/raed.academy\\\/en\\\/#organization\",\"name\":\"Real Academia Europea de Doctores\",\"url\":\"https:\\\/\\\/raed.academy\\\/en\\\/\",\"logo\":{\"@type\":\"ImageObject\",\"inLanguage\":\"en-US\",\"@id\":\"https:\\\/\\\/raed.academy\\\/en\\\/#\\\/schema\\\/logo\\\/image\\\/\",\"url\":\"https:\\\/\\\/raed.academy\\\/wp-content\\\/uploads\\\/2017\\\/01\\\/cropped-logo_raed.png\",\"contentUrl\":\"https:\\\/\\\/raed.academy\\\/wp-content\\\/uploads\\\/2017\\\/01\\\/cropped-logo_raed.png\",\"width\":512,\"height\":512,\"caption\":\"Real Academia Europea de Doctores\"},\"image\":{\"@id\":\"https:\\\/\\\/raed.academy\\\/en\\\/#\\\/schema\\\/logo\\\/image\\\/\"},\"sameAs\":[\"http:\\\/\\\/fb.me\\\/raed.academy\",\"https:\\\/\\\/x.com\\\/raedacademy\",\"https:\\\/\\\/www.instagram.com\\\/raed.academy\\\/\",\"https:\\\/\\\/www.youtube.com\\\/channel\\\/UCUYQwW2KrdirNWihxMDObwg\"]}]}<\/script>\n<!-- \/ Yoast SEO plugin. -->","yoast_head_json":{"title":"Tribuna Plural newspaper - Royal European Academy of Doctors","description":"RAED news, news, opinion articles, reports, interviews and debates since 2019","robots":{"index":"index","follow":"follow","max-snippet":"max-snippet:-1","max-image-preview":"max-image-preview:large","max-video-preview":"max-video-preview:-1"},"canonical":"https:\/\/raed.academy\/en\/publications\/tribuna-plural-newspaper\/","og_locale":"en_US","og_type":"article","og_title":"Tribuna Plural newspaper - Royal European Academy of Doctors","og_description":"RAED news, news, opinion articles, reports, interviews and debates since 2019","og_url":"https:\/\/raed.academy\/en\/publications\/tribuna-plural-newspaper\/","og_site_name":"Royal European Academy of Doctors","article_publisher":"http:\/\/fb.me\/raed.academy","article_modified_time":"2023-12-05T15:30:42+00:00","og_image":[{"width":970,"height":574,"url":"https:\/\/raed.academy\/wp-content\/uploads\/2019\/11\/periodico-Tribuna-Plural-n2-RAED.jpg","type":"image\/jpeg"}],"twitter_card":"summary_large_image","twitter_site":"@raedacademy","twitter_misc":{"Est. reading time":"3 minutes"},"schema":{"@context":"https:\/\/schema.org","@graph":[{"@type":"WebPage","@id":"https:\/\/raed.academy\/en\/publications\/tribuna-plural-newspaper\/","url":"https:\/\/raed.academy\/en\/publications\/tribuna-plural-newspaper\/","name":"Tribuna Plural newspaper - Royal European Academy of Doctors","isPartOf":{"@id":"https:\/\/raed.academy\/en\/#website"},"primaryImageOfPage":{"@id":"https:\/\/raed.academy\/en\/publications\/tribuna-plural-newspaper\/#primaryimage"},"image":{"@id":"https:\/\/raed.academy\/en\/publications\/tribuna-plural-newspaper\/#primaryimage"},"thumbnailUrl":"https:\/\/raed.academy\/wp-content\/uploads\/2019\/11\/periodico-Tribuna-Plural-n2-RAED.jpg","datePublished":"2019-11-13T18:26:22+00:00","dateModified":"2023-12-05T15:30:42+00:00","description":"RAED news, news, opinion articles, reports, interviews and debates since 2019","breadcrumb":{"@id":"https:\/\/raed.academy\/en\/publications\/tribuna-plural-newspaper\/#breadcrumb"},"inLanguage":"en-US","potentialAction":[{"@type":"ReadAction","target":["https:\/\/raed.academy\/en\/publications\/tribuna-plural-newspaper\/"]}]},{"@type":"ImageObject","inLanguage":"en-US","@id":"https:\/\/raed.academy\/en\/publications\/tribuna-plural-newspaper\/#primaryimage","url":"https:\/\/raed.academy\/wp-content\/uploads\/2019\/11\/periodico-Tribuna-Plural-n2-RAED.jpg","contentUrl":"https:\/\/raed.academy\/wp-content\/uploads\/2019\/11\/periodico-Tribuna-Plural-n2-RAED.jpg","width":970,"height":574},{"@type":"BreadcrumbList","@id":"https:\/\/raed.academy\/en\/publications\/tribuna-plural-newspaper\/#breadcrumb","itemListElement":[{"@type":"ListItem","position":1,"name":"Inicio","item":"https:\/\/raed.academy\/en\/"},{"@type":"ListItem","position":2,"name":"Publications","item":"https:\/\/raed.academy\/en\/publications\/"},{"@type":"ListItem","position":3,"name":"Tribuna Plural newspaper"}]},{"@type":"WebSite","@id":"https:\/\/raed.academy\/en\/#website","url":"https:\/\/raed.academy\/en\/","name":"Royal European Academy of Doctors","description":"Corporaci\u00f3n de derecho p\u00fablico de car\u00e1cter cient\u00edfico, t\u00e9cnico y art\u00edstico, que tiene por objeto la investigaci\u00f3n, el estudio, el fomento y la extensi\u00f3n del conocimiento en su sentido m\u00e1s amplio.","publisher":{"@id":"https:\/\/raed.academy\/en\/#organization"},"potentialAction":[{"@type":"SearchAction","target":{"@type":"EntryPoint","urlTemplate":"https:\/\/raed.academy\/en\/?s={search_term_string}"},"query-input":{"@type":"PropertyValueSpecification","valueRequired":true,"valueName":"search_term_string"}}],"inLanguage":"en-US"},{"@type":"Organization","@id":"https:\/\/raed.academy\/en\/#organization","name":"Real Academia Europea de Doctores","url":"https:\/\/raed.academy\/en\/","logo":{"@type":"ImageObject","inLanguage":"en-US","@id":"https:\/\/raed.academy\/en\/#\/schema\/logo\/image\/","url":"https:\/\/raed.academy\/wp-content\/uploads\/2017\/01\/cropped-logo_raed.png","contentUrl":"https:\/\/raed.academy\/wp-content\/uploads\/2017\/01\/cropped-logo_raed.png","width":512,"height":512,"caption":"Real Academia Europea de Doctores"},"image":{"@id":"https:\/\/raed.academy\/en\/#\/schema\/logo\/image\/"},"sameAs":["http:\/\/fb.me\/raed.academy","https:\/\/x.com\/raedacademy","https:\/\/www.instagram.com\/raed.academy\/","https:\/\/www.youtube.com\/channel\/UCUYQwW2KrdirNWihxMDObwg"]}]}},"_links":{"self":[{"href":"https:\/\/raed.academy\/en\/wp-json\/wp\/v2\/pages\/82922","targetHints":{"allow":["GET"]}}],"collection":[{"href":"https:\/\/raed.academy\/en\/wp-json\/wp\/v2\/pages"}],"about":[{"href":"https:\/\/raed.academy\/en\/wp-json\/wp\/v2\/types\/page"}],"author":[{"embeddable":true,"href":"https:\/\/raed.academy\/en\/wp-json\/wp\/v2\/users\/16"}],"replies":[{"embeddable":true,"href":"https:\/\/raed.academy\/en\/wp-json\/wp\/v2\/comments?post=82922"}],"version-history":[{"count":0,"href":"https:\/\/raed.academy\/en\/wp-json\/wp\/v2\/pages\/82922\/revisions"}],"up":[{"embeddable":true,"href":"https:\/\/raed.academy\/en\/wp-json\/wp\/v2\/pages\/140488"}],"wp:featuredmedia":[{"embeddable":true,"href":"https:\/\/raed.academy\/en\/wp-json\/wp\/v2\/media\/82967"}],"wp:attachment":[{"href":"https:\/\/raed.academy\/en\/wp-json\/wp\/v2\/media?parent=82922"}],"curies":[{"name":"wp","href":"https:\/\/api.w.org\/{rel}","templated":true}]}}