{"id":82721,"date":"2019-11-12T10:13:23","date_gmt":"2019-11-12T10:13:23","guid":{"rendered":"https:\/\/raed.academy\/informes-auditoria\/"},"modified":"2025-01-21T14:24:06","modified_gmt":"2025-01-21T14:24:06","slug":"audit-reports","status":"publish","type":"page","link":"https:\/\/raed.academy\/en\/audit-reports\/","title":{"rendered":"Audit reports"},"content":{"rendered":"<p>[et_pb_section fb_built=&#8221;1&#8243; _builder_version=&#8221;4.16&#8243; global_colors_info=&#8221;{}&#8221;][et_pb_row _builder_version=&#8221;4.16&#8243; global_colors_info=&#8221;{}&#8221;][et_pb_column type=&#8221;4_4&#8243; _builder_version=&#8221;4.16&#8243; global_colors_info=&#8221;{}&#8221;][et_pb_post_title meta=&#8221;off&#8221; featured_image=&#8221;off&#8221; module_class=&#8221;portada&#8221; _builder_version=&#8221;4.17.0&#8243; _module_preset=&#8221;default&#8221; global_colors_info=&#8221;{}&#8221; locked=&#8221;off&#8221;][\/et_pb_post_title][et_pb_code admin_label=&#8221;Ejercicio 2024&#8243; _builder_version=&#8221;4.27.4&#8243; locked=&#8221;off&#8221; global_colors_info=&#8221;{}&#8221;]<\/p>\n<h2 style=\"text-align: center;\">AUDIT REPORT FOR THE YEAR 2024<\/h2>\n<p><!-- [et_pb_line_break_holder] --><iframe loading=\"lazy\" src=\"https:\/\/raed.academy\/wp-content\/uploads\/2025\/01\/informe-auditoria-cuentas-anuales-RAED-2024.pdf\" width=\"100%\" height=\"700px\"><!-- [et_pb_line_break_holder] -->  <\/iframe>[\/et_pb_code][et_pb_code admin_label=&#8221;Ejercicio 2023&#8243; _builder_version=&#8221;4.23.4&#8243; locked=&#8221;off&#8221; global_colors_info=&#8221;{}&#8221;]<\/p>\n<h2 style=\"text-align: center;\">AUDIT REPORT FOR THE YEAR 2023<\/h2>\n<p><!-- [et_pb_line_break_holder] --><iframe loading=\"lazy\" src=\"https:\/\/raed.academy\/wp-content\/uploads\/2024\/01\/informe-de-auditoria-RAED-Academia-2023.pdf\" width=\"100%\" height=\"700px\"><!-- [et_pb_line_break_holder] -->  <\/iframe>[\/et_pb_code][et_pb_code admin_label=&#8221;Ejercicio 2022&#8243; _builder_version=&#8221;4.23.1&#8243; locked=&#8221;off&#8221; global_colors_info=&#8221;{}&#8221;]<\/p>\n<h2 style=\"text-align: center;\">AUDIT REPORT FOR THE YEAR 2022<\/h2>\n<p><!-- [et_pb_line_break_holder] --><iframe loading=\"lazy\" src=\"https:\/\/raed.academy\/wp-content\/uploads\/2023\/12\/informe-de-auditoria-RAED-Academia-2022-compr.pdf\" width=\"100%\" height=\"700px\"><!-- [et_pb_line_break_holder] -->  <\/iframe>[\/et_pb_code][et_pb_code admin_label=&#8221;Ejercicio 2021&#8243; _builder_version=&#8221;4.17.0&#8243; locked=&#8221;off&#8221; global_colors_info=&#8221;{}&#8221;]<\/p>\n<h2 style=\"text-align: center;\">AUDIT REPORT FOR THE YEAR 2021<\/h2>\n<p><!-- [et_pb_line_break_holder] --><iframe loading=\"lazy\" src=\"https:\/\/raed.academy\/wp-content\/uploads\/2022\/04\/Informe-auditoria-RAED-2021_cmpr.pdf\" width=\"100%\" height=\"700px\"><!-- [et_pb_line_break_holder] -->  <\/iframe>[\/et_pb_code][et_pb_code admin_label=&#8221;Ejercicio 2020&#8243; _builder_version=&#8221;4.17.0&#8243; locked=&#8221;off&#8221; global_colors_info=&#8221;{}&#8221;]<\/p>\n<h2 style=\"text-align: center;\">AUDIT REPORT FOR THE YEAR 2020<\/h2>\n<p><!-- [et_pb_line_break_holder] --><iframe loading=\"lazy\" src=\"https:\/\/raed.academy\/wp-content\/uploads\/2022\/04\/Auditoria-RAED-2020_cmpr.pdf\" width=\"100%\" height=\"700px\"><!-- [et_pb_line_break_holder] -->  <\/iframe>[\/et_pb_code][et_pb_code admin_label=&#8221;Ejercicio 2019&#8243; _builder_version=&#8221;4.16&#8243; global_colors_info=&#8221;{}&#8221;]<\/p>\n<h2 style=\"text-align: center;\">AUDIT REPORT FOR THE YEAR 2019<\/h2>\n<p><!-- [et_pb_line_break_holder] --><iframe loading=\"lazy\" src=\"https:\/\/raed.academy\/wp-content\/uploads\/2020\/09\/informe-auditoria-RAED-2019.pdf#toolbar=0\" width=\"100%\" height=\"700px\"><!-- [et_pb_line_break_holder] -->  <\/iframe>[\/et_pb_code][et_pb_code admin_label=&#8221;Ejercicio 2018&#8243; _builder_version=&#8221;4.16&#8243; global_colors_info=&#8221;{}&#8221;]<\/p>\n<h2 style=\"text-align: center;\">AUDIT REPORT FOR THE YEAR 2018<\/h2>\n<p><!-- [et_pb_line_break_holder] --><iframe loading=\"lazy\" src=\"https:\/\/raed.academy\/wp-content\/uploads\/2019\/11\/informe-auditoria-RAED-2018.pdf#toolbar=0\" width=\"100%\" height=\"700px\"><!-- [et_pb_line_break_holder] -->  <\/iframe>[\/et_pb_code][et_pb_code admin_label=&#8221;Ejercicio 2017&#8243; _builder_version=&#8221;4.16&#8243; global_colors_info=&#8221;{}&#8221;]<\/p>\n<h2 style=\"text-align: center;\">AUDIT REPORT FOR THE YEAR 2017<\/h2>\n<p><!-- [et_pb_line_break_holder] --><iframe loading=\"lazy\" src=\"https:\/\/raed.academy\/wp-content\/uploads\/2019\/11\/Informe-auditoria-RAED-2017.pdf#toolbar=0\" width=\"100%\" height=\"700px\"><!-- [et_pb_line_break_holder] -->  <\/iframe>[\/et_pb_code][et_pb_code admin_label=&#8221;Ejercicio 2016&#8243; _builder_version=&#8221;4.16&#8243; global_colors_info=&#8221;{}&#8221;]<\/p>\n<h2 style=\"text-align: center;\">AUDIT REPORT FOR THE YEAR 2016<\/h2>\n<p><!-- [et_pb_line_break_holder] --><iframe loading=\"lazy\" src=\"https:\/\/raed.academy\/wp-content\/uploads\/2019\/11\/Informe-auditoria-RAED-2016.pdf#toolbar=0\" width=\"100%\" height=\"700px\"><!-- [et_pb_line_break_holder] -->  <\/iframe>[\/et_pb_code][et_pb_code admin_label=&#8221;Ejercicio 2015&#8243; _builder_version=&#8221;4.16&#8243; global_colors_info=&#8221;{}&#8221;]<\/p>\n<h2 style=\"text-align: center;\">AUDIT REPORT FOR THE YEAR 2015<\/h2>\n<p><!-- [et_pb_line_break_holder] --><iframe loading=\"lazy\" src=\"https:\/\/raed.academy\/wp-content\/uploads\/2019\/11\/Informe-auditoria-RAED-2015.pdf#toolbar=0\" width=\"100%\" height=\"700px\"><!-- [et_pb_line_break_holder] -->  <\/iframe>[\/et_pb_code][et_pb_code admin_label=&#8221;Ejercicio 2014&#8243; _builder_version=&#8221;4.16&#8243; global_colors_info=&#8221;{}&#8221;]<\/p>\n<h2 style=\"text-align: center;\">AUDIT REPORT FOR THE YEAR 2014<\/h2>\n<p><!-- [et_pb_line_break_holder] --><iframe loading=\"lazy\" src=\"https:\/\/raed.academy\/wp-content\/uploads\/2019\/11\/Informe-auditoria-RAED-2014.pdf#toolbar=0\" width=\"100%\" height=\"700px\"><!-- [et_pb_line_break_holder] -->  <\/iframe>[\/et_pb_code][et_pb_code admin_label=&#8221;Ejercicio 2013&#8243; _builder_version=&#8221;4.16&#8243; global_colors_info=&#8221;{}&#8221;]<\/p>\n<h2 style=\"text-align: center;\">AUDIT REPORT FOR THE YEAR 2013<\/h2>\n<p><!-- [et_pb_line_break_holder] --><iframe loading=\"lazy\" src=\"https:\/\/raed.academy\/wp-content\/uploads\/2019\/11\/Informe-auditoria-RAED-2013.pdf#toolbar=0\" width=\"100%\" height=\"700px\"><!-- [et_pb_line_break_holder] -->  <\/iframe>[\/et_pb_code][et_pb_code admin_label=&#8221;Ejercicio 2012&#8243; _builder_version=&#8221;4.16&#8243; global_colors_info=&#8221;{}&#8221;]<\/p>\n<h2 style=\"text-align: center;\">AUDIT REPORT FOR THE YEAR 2012<\/h2>\n<p><!-- [et_pb_line_break_holder] --><iframe loading=\"lazy\" src=\"https:\/\/raed.academy\/wp-content\/uploads\/2019\/11\/Informe-auditoria-RAED-2012.pdf#toolbar=0\" width=\"100%\" height=\"700px\"><!-- [et_pb_line_break_holder] -->  <\/iframe>[\/et_pb_code][\/et_pb_column][\/et_pb_row][\/et_pb_section]<\/p>\n","protected":false},"excerpt":{"rendered":"","protected":false},"author":16,"featured_media":0,"parent":0,"menu_order":0,"comment_status":"closed","ping_status":"closed","template":"","meta":{"_et_pb_use_builder":"on","_et_pb_old_content":"","_et_gb_content_width":"","footnotes":""},"class_list":["post-82721","page","type-page","status-publish","hentry"],"yoast_head":"<!-- This site is optimized with the Yoast SEO plugin v27.4 - https:\/\/yoast.com\/product\/yoast-seo-wordpress\/ -->\n<title>Audit reports - Royal European Academy of Doctors<\/title>\n<meta name=\"robots\" content=\"noindex, nofollow\" \/>\n<meta property=\"og:locale\" content=\"en_US\" \/>\n<meta property=\"og:type\" content=\"article\" \/>\n<meta property=\"og:title\" content=\"Audit reports - Royal European Academy of Doctors\" \/>\n<meta property=\"og:description\" content=\"La RAED organiza y lleva a cabo una serie de actividades concentradas en mes y medio que contaron con la implicaci\u00f3n activa de numerosos acad\u00e9micos. Recepci\u00f3n de cuatro acad\u00e9micos correspondientes (Stavroula-Ina Piperaki para Grecia, Stephen Zeff y David B. Wilkins para Estados Unidos y Llu\u00eds Vicent Safont para Andorra) Mesa redonda sobre \u00abLa salida de [&hellip;]\" \/>\n<meta property=\"og:url\" content=\"https:\/\/raed.academy\/en\/audit-reports\/\" \/>\n<meta property=\"og:site_name\" content=\"Royal European Academy of Doctors\" \/>\n<meta property=\"article:publisher\" content=\"http:\/\/fb.me\/raed.academy\" \/>\n<meta property=\"article:modified_time\" content=\"2025-01-21T14:24:06+00:00\" \/>\n<meta name=\"twitter:card\" content=\"summary_large_image\" \/>\n<meta name=\"twitter:site\" content=\"@raedacademy\" \/>\n<meta name=\"twitter:label1\" content=\"Est. reading time\" \/>\n\t<meta name=\"twitter:data1\" content=\"1 minute\" \/>\n<script type=\"application\/ld+json\" class=\"yoast-schema-graph\">{\"@context\":\"https:\\\/\\\/schema.org\",\"@graph\":[{\"@type\":\"WebPage\",\"@id\":\"https:\\\/\\\/raed.academy\\\/en\\\/audit-reports\\\/\",\"url\":\"https:\\\/\\\/raed.academy\\\/en\\\/audit-reports\\\/\",\"name\":\"Audit reports - Royal European Academy of Doctors\",\"isPartOf\":{\"@id\":\"https:\\\/\\\/raed.academy\\\/en\\\/#website\"},\"datePublished\":\"2019-11-12T10:13:23+00:00\",\"dateModified\":\"2025-01-21T14:24:06+00:00\",\"breadcrumb\":{\"@id\":\"https:\\\/\\\/raed.academy\\\/en\\\/audit-reports\\\/#breadcrumb\"},\"inLanguage\":\"en-US\",\"potentialAction\":[{\"@type\":\"ReadAction\",\"target\":[\"https:\\\/\\\/raed.academy\\\/en\\\/audit-reports\\\/\"]}]},{\"@type\":\"BreadcrumbList\",\"@id\":\"https:\\\/\\\/raed.academy\\\/en\\\/audit-reports\\\/#breadcrumb\",\"itemListElement\":[{\"@type\":\"ListItem\",\"position\":1,\"name\":\"Inicio\",\"item\":\"https:\\\/\\\/raed.academy\\\/en\\\/\"},{\"@type\":\"ListItem\",\"position\":2,\"name\":\"Audit reports\"}]},{\"@type\":\"WebSite\",\"@id\":\"https:\\\/\\\/raed.academy\\\/en\\\/#website\",\"url\":\"https:\\\/\\\/raed.academy\\\/en\\\/\",\"name\":\"Royal European Academy of Doctors\",\"description\":\"Corporaci\u00f3n de derecho p\u00fablico de car\u00e1cter cient\u00edfico, t\u00e9cnico y art\u00edstico, que tiene por objeto la investigaci\u00f3n, el estudio, el fomento y la extensi\u00f3n del conocimiento en su sentido m\u00e1s amplio.\",\"publisher\":{\"@id\":\"https:\\\/\\\/raed.academy\\\/en\\\/#organization\"},\"potentialAction\":[{\"@type\":\"SearchAction\",\"target\":{\"@type\":\"EntryPoint\",\"urlTemplate\":\"https:\\\/\\\/raed.academy\\\/en\\\/?s={search_term_string}\"},\"query-input\":{\"@type\":\"PropertyValueSpecification\",\"valueRequired\":true,\"valueName\":\"search_term_string\"}}],\"inLanguage\":\"en-US\"},{\"@type\":\"Organization\",\"@id\":\"https:\\\/\\\/raed.academy\\\/en\\\/#organization\",\"name\":\"Real Academia Europea de Doctores\",\"url\":\"https:\\\/\\\/raed.academy\\\/en\\\/\",\"logo\":{\"@type\":\"ImageObject\",\"inLanguage\":\"en-US\",\"@id\":\"https:\\\/\\\/raed.academy\\\/en\\\/#\\\/schema\\\/logo\\\/image\\\/\",\"url\":\"https:\\\/\\\/raed.academy\\\/wp-content\\\/uploads\\\/2017\\\/01\\\/cropped-logo_raed.png\",\"contentUrl\":\"https:\\\/\\\/raed.academy\\\/wp-content\\\/uploads\\\/2017\\\/01\\\/cropped-logo_raed.png\",\"width\":512,\"height\":512,\"caption\":\"Real Academia Europea de Doctores\"},\"image\":{\"@id\":\"https:\\\/\\\/raed.academy\\\/en\\\/#\\\/schema\\\/logo\\\/image\\\/\"},\"sameAs\":[\"http:\\\/\\\/fb.me\\\/raed.academy\",\"https:\\\/\\\/x.com\\\/raedacademy\",\"https:\\\/\\\/www.instagram.com\\\/raed.academy\\\/\",\"https:\\\/\\\/www.youtube.com\\\/channel\\\/UCUYQwW2KrdirNWihxMDObwg\"]}]}<\/script>\n<!-- \/ Yoast SEO plugin. -->","yoast_head_json":{"title":"Audit reports - Royal European Academy of Doctors","robots":{"index":"noindex","follow":"nofollow"},"og_locale":"en_US","og_type":"article","og_title":"Audit reports - Royal European Academy of Doctors","og_description":"La RAED organiza y lleva a cabo una serie de actividades concentradas en mes y medio que contaron con la implicaci\u00f3n activa de numerosos acad\u00e9micos. Recepci\u00f3n de cuatro acad\u00e9micos correspondientes (Stavroula-Ina Piperaki para Grecia, Stephen Zeff y David B. Wilkins para Estados Unidos y Llu\u00eds Vicent Safont para Andorra) Mesa redonda sobre \u00abLa salida de [&hellip;]","og_url":"https:\/\/raed.academy\/en\/audit-reports\/","og_site_name":"Royal European Academy of Doctors","article_publisher":"http:\/\/fb.me\/raed.academy","article_modified_time":"2025-01-21T14:24:06+00:00","twitter_card":"summary_large_image","twitter_site":"@raedacademy","twitter_misc":{"Est. reading time":"1 minute"},"schema":{"@context":"https:\/\/schema.org","@graph":[{"@type":"WebPage","@id":"https:\/\/raed.academy\/en\/audit-reports\/","url":"https:\/\/raed.academy\/en\/audit-reports\/","name":"Audit reports - Royal European Academy of Doctors","isPartOf":{"@id":"https:\/\/raed.academy\/en\/#website"},"datePublished":"2019-11-12T10:13:23+00:00","dateModified":"2025-01-21T14:24:06+00:00","breadcrumb":{"@id":"https:\/\/raed.academy\/en\/audit-reports\/#breadcrumb"},"inLanguage":"en-US","potentialAction":[{"@type":"ReadAction","target":["https:\/\/raed.academy\/en\/audit-reports\/"]}]},{"@type":"BreadcrumbList","@id":"https:\/\/raed.academy\/en\/audit-reports\/#breadcrumb","itemListElement":[{"@type":"ListItem","position":1,"name":"Inicio","item":"https:\/\/raed.academy\/en\/"},{"@type":"ListItem","position":2,"name":"Audit reports"}]},{"@type":"WebSite","@id":"https:\/\/raed.academy\/en\/#website","url":"https:\/\/raed.academy\/en\/","name":"Royal European Academy of Doctors","description":"Corporaci\u00f3n de derecho p\u00fablico de car\u00e1cter cient\u00edfico, t\u00e9cnico y art\u00edstico, que tiene por objeto la investigaci\u00f3n, el estudio, el fomento y la extensi\u00f3n del conocimiento en su sentido m\u00e1s amplio.","publisher":{"@id":"https:\/\/raed.academy\/en\/#organization"},"potentialAction":[{"@type":"SearchAction","target":{"@type":"EntryPoint","urlTemplate":"https:\/\/raed.academy\/en\/?s={search_term_string}"},"query-input":{"@type":"PropertyValueSpecification","valueRequired":true,"valueName":"search_term_string"}}],"inLanguage":"en-US"},{"@type":"Organization","@id":"https:\/\/raed.academy\/en\/#organization","name":"Real Academia Europea de Doctores","url":"https:\/\/raed.academy\/en\/","logo":{"@type":"ImageObject","inLanguage":"en-US","@id":"https:\/\/raed.academy\/en\/#\/schema\/logo\/image\/","url":"https:\/\/raed.academy\/wp-content\/uploads\/2017\/01\/cropped-logo_raed.png","contentUrl":"https:\/\/raed.academy\/wp-content\/uploads\/2017\/01\/cropped-logo_raed.png","width":512,"height":512,"caption":"Real Academia Europea de Doctores"},"image":{"@id":"https:\/\/raed.academy\/en\/#\/schema\/logo\/image\/"},"sameAs":["http:\/\/fb.me\/raed.academy","https:\/\/x.com\/raedacademy","https:\/\/www.instagram.com\/raed.academy\/","https:\/\/www.youtube.com\/channel\/UCUYQwW2KrdirNWihxMDObwg"]}]}},"_links":{"self":[{"href":"https:\/\/raed.academy\/en\/wp-json\/wp\/v2\/pages\/82721","targetHints":{"allow":["GET"]}}],"collection":[{"href":"https:\/\/raed.academy\/en\/wp-json\/wp\/v2\/pages"}],"about":[{"href":"https:\/\/raed.academy\/en\/wp-json\/wp\/v2\/types\/page"}],"author":[{"embeddable":true,"href":"https:\/\/raed.academy\/en\/wp-json\/wp\/v2\/users\/16"}],"replies":[{"embeddable":true,"href":"https:\/\/raed.academy\/en\/wp-json\/wp\/v2\/comments?post=82721"}],"version-history":[{"count":0,"href":"https:\/\/raed.academy\/en\/wp-json\/wp\/v2\/pages\/82721\/revisions"}],"wp:attachment":[{"href":"https:\/\/raed.academy\/en\/wp-json\/wp\/v2\/media?parent=82721"}],"curies":[{"name":"wp","href":"https:\/\/api.w.org\/{rel}","templated":true}]}}