{"id":661,"date":"2015-03-19T18:20:14","date_gmt":"2015-03-19T18:20:14","guid":{"rendered":"http:\/\/radd.eu\/?page_id=661"},"modified":"2026-04-15T09:23:47","modified_gmt":"2026-04-15T09:23:47","slug":"emeritus","status":"publish","type":"page","link":"https:\/\/raed.academy\/en\/emeritus\/","title":{"rendered":"Emeritus Members"},"content":{"rendered":"<p>[et_pb_section fb_built=&#8221;1&#8243; admin_label=&#8221;section&#8221; _builder_version=&#8221;4.16&#8243; global_colors_info=&#8221;{}&#8221;][et_pb_row admin_label=&#8221;row&#8221; _builder_version=&#8221;4.25.0&#8243; background_size=&#8221;initial&#8221; background_position=&#8221;top_left&#8221; background_repeat=&#8221;repeat&#8221; max_width=&#8221;1400px&#8221; global_colors_info=&#8221;{}&#8221;][et_pb_column type=&#8221;4_4&#8243; _builder_version=&#8221;4.16&#8243; custom_padding=&#8221;|||&#8221; global_colors_info=&#8221;{}&#8221; custom_padding__hover=&#8221;|||&#8221;][et_pb_post_title meta=&#8221;off&#8221; featured_image=&#8221;off&#8221; module_class=&#8221;portada&#8221; _builder_version=&#8221;4.17.0&#8243; _module_preset=&#8221;default&#8221; locked=&#8221;off&#8221; global_colors_info=&#8221;{}&#8221;][\/et_pb_post_title][et_pb_text admin_label=&#8221;Text&#8221; _builder_version=&#8221;4.25.0&#8243; background_size=&#8221;initial&#8221; background_position=&#8221;top_left&#8221; background_repeat=&#8221;repeat&#8221; hover_enabled=&#8221;0&#8243; global_colors_info=&#8221;{}&#8221; sticky_enabled=&#8221;0&#8243;]<\/p>\n<hr \/>\n<p>Numerary members shall automatically acquire the status of emeritus upon reaching eighty years of age, thereby vacating their seat, while nevertheless retaining all the rights, duties and prerogatives of their numerary status.<\/p>\n<hr \/>\n<div style=\"height: 25px;\"><\/div>\n<p>[\/et_pb_text][\/et_pb_column][\/et_pb_row][et_pb_row admin_label=&#8221;.emeritos&#8221; module_class=&#8221;emeritos&#8221; _builder_version=&#8221;4.25.0&#8243; _module_preset=&#8221;default&#8221; max_width=&#8221;1400px&#8221; custom_padding=&#8221;|2vw||2vw|false|false&#8221; global_colors_info=&#8221;{}&#8221;][et_pb_column type=&#8221;4_4&#8243; _builder_version=&#8221;4.25.0&#8243; _module_preset=&#8221;default&#8221; global_colors_info=&#8221;{}&#8221;][et_pb_code _builder_version=&#8221;4.27.5&#8243; _module_preset=&#8221;default&#8221; hover_enabled=&#8221;0&#8243; global_colors_info=&#8221;{}&#8221; sticky_enabled=&#8221;0&#8243;]<\/p>\n<div id=\"b\" class=\"colLetraAbecedario\"><!-- [et_pb_line_break_holder] --><\/p>\n<div class=\"marcadorAbecedario\">B<\/div>\n<p><!-- [et_pb_line_break_holder] --><strong><a href=\"https:\/\/raed.academy\/en\/academicians\/dr-jose-luis-bonet-ferrer\/\" target=\"_blank\" rel=\"noopener noreferrer\">BONET FERRER, Jos\u00e9 Luis<\/a><\/strong><!\u2013- [et_pb_br_holder] -\u2013><!-- [et_pb_line_break_holder] --><strong><a href=\"https:\/\/raed.academy\/en\/academicians\/dr-ignacio-buqueras-bach\/\" target=\"_blank\" rel=\"noopener noreferrer\">BUQUERAS Y BACH, Ignacio<\/a><\/strong><!\u2013- [et_pb_br_holder] -\u2013><\/div>\n<p><!-- [et_pb_line_break_holder] -->  <!-- [et_pb_line_break_holder] --><\/p>\n<div id=\"c\" class=\"colLetraAbecedario\"><!-- [et_pb_line_break_holder] --><\/p>\n<div class=\"marcadorAbecedario\">C<\/div>\n<p><!-- [et_pb_line_break_holder] --><a href=\"https:\/\/raed.academy\/en\/academicians\/dr-rafael-i-barraquer-compte\/dr-fernando-casado-juan-2\/\" target=\"_blank\" rel=\"noopener noreferrer\"><strong>CASADO JUAN, Fernando<\/strong><\/a><!\u2013- [et_pb_br_holder] -\u2013><!-- [et_pb_line_break_holder] --><strong><a href=\"https:\/\/raed.academy\/en\/academicians\/dr-august-corominas-vilardell\/\" target=\"_blank\" rel=\"noopener noreferrer\">COROMINAS VILARDELL, August<\/a><\/strong><!\u2013- [et_pb_br_holder] -\u2013><!-- [et_pb_line_break_holder] --><a href=\"https:\/\/raed.academy\/en\/academicians\/dr-pere-costa-batllori\/\" target=\"_blank\" rel=\"noopener noreferrer\"><strong>COSTA BATLLORI, Pere<\/strong><\/a><!\u2013- [et_pb_br_holder] -\u2013><!-- [et_pb_line_break_holder] --><strong><a href=\"https:\/\/raed.academy\/en\/academicians\/dr-josep-maria-costa-torres\/\" target=\"_blank\" rel=\"noopener noreferrer\">COSTA TORRES, Josep Maria<\/a><\/strong><!\u2013- [et_pb_br_holder] -\u2013><\/div>\n<p><!-- [et_pb_line_break_holder] --><!-- [et_pb_line_break_holder] --><!-- [et_pb_line_break_holder] --><\/p>\n<div id=\"d\" class=\"colLetraAbecedario\"><!-- [et_pb_line_break_holder] --><\/p>\n<div class=\"marcadorAbecedario\">D<\/div>\n<p><!-- [et_pb_line_break_holder] --><strong><a href=\"https:\/\/raed.academy\/en\/academicians\/dr-rafael-i-barraquer-compte\/dr-salvador-de-broca-tella\/\">DE BROC\u00c0 TELLA, Salvador<\/a><\/strong><!\u2013- [et_pb_br_holder] -\u2013><!-- [et_pb_line_break_holder] --><strong><a href=\"https:\/\/raed.academy\/en\/academicians\/dr-angelo-di-berardino\/\" target=\"_blank\" rel=\"noopener noreferrer\">DI BERARDINO, Angelo<\/a><\/strong><!\u2013- [et_pb_br_holder] -\u2013><\/div>\n<p><!-- [et_pb_line_break_holder] --><!-- [et_pb_line_break_holder] --><\/p>\n<div id=\"f\" class=\"colLetraAbecedario\"><!-- [et_pb_line_break_holder] --><\/p>\n<div class=\"marcadorAbecedario\">F<\/div>\n<p><!-- [et_pb_line_break_holder] --><strong><a href=\"http:\/\/raed.academy\/en\/academicians\/dr-isidre-faine-casas\/\" target=\"_blank\" rel=\"noopener noreferrer\">FAIN\u00c9 CASAS, Isidre<\/a><\/strong><!\u2013- [et_pb_br_holder] -\u2013><!-- [et_pb_line_break_holder] --><\/div>\n<p><!-- [et_pb_line_break_holder] --><!-- [et_pb_line_break_holder] --><\/p>\n<div id=\"g\" class=\"colLetraAbecedario\"><!-- [et_pb_line_break_holder] --><\/p>\n<div class=\"marcadorAbecedario\">G<\/div>\n<p><!-- [et_pb_line_break_holder] --><strong><a href=\"https:\/\/raed.academy\/en\/academicians\/dr-rafael-i-barraquer-compte\/dr-miguel-angel-gallo-laguna-de-rins-2\/\" target=\"_blank\" rel=\"noopener noreferrer\">GALLO LAGUNA DE RINS, Miguel A.<\/a><\/strong><!\u2013- [et_pb_br_holder] -\u2013><!-- [et_pb_line_break_holder] --><a href=\"https:\/\/raed.academy\/en\/academicians\/dr-josep-gil-ribas\/\" target=\"_blank\" rel=\"noopener noreferrer\"><strong>GIL I RIBAS, Josep<\/strong><\/a><!\u2013- [et_pb_br_holder] -\u2013><!-- [et_pb_line_break_holder] --><\/div>\n<p><!-- [et_pb_line_break_holder] --><!-- [et_pb_line_break_holder] --><\/p>\n<div id=\"l\" class=\"colLetraAbecedario\"><!-- [et_pb_line_break_holder] --><\/p>\n<div class=\"marcadorAbecedario\">L<\/div>\n<p><!-- [et_pb_line_break_holder] --><a href=\"https:\/\/raed.academy\/en\/academicians\/dr-rafael-i-barraquer-compte\/dr-francisco-javier-llovera-saez-2\/\" target=\"_blank\" rel=\"noopener noreferrer\"><strong>LLOVERA SAEZ, Francisco Javier<\/strong><\/a><!\u2013- [et_pb_br_holder] -\u2013><!-- [et_pb_line_break_holder] --><\/div>\n<p><!-- [et_pb_line_break_holder] --><!-- [et_pb_line_break_holder] --><\/p>\n<div id=\"m\" class=\"colLetraAbecedario\"><!-- [et_pb_line_break_holder] --><\/p>\n<div class=\"marcadorAbecedario\">M<\/div>\n<p><!-- [et_pb_line_break_holder] --><strong><a href=\"https:\/\/raed.academy\/en\/academicians\/dr-rafael-i-barraquer-compte\/dr-carlos-mallo-rodriguez-2\/\" target=\"_blank\" rel=\"noopener noreferrer\">MALLO RODR\u00cdGUEZ, Carlos<\/a><\/strong><!\u2013- [et_pb_br_holder] -\u2013><!-- [et_pb_line_break_holder] --><strong><a href=\"https:\/\/raed.academy\/en\/academicians\/dr-antoni-matabosch-soler\/\" target=\"_blank\" rel=\"noopener noreferrer\">MATABOSCH SOLER, Antoni<\/a><\/strong><!\u2013- [et_pb_br_holder] -\u2013><!-- [et_pb_line_break_holder] --><strong><a href=\"http:\/\/raed.academy\/en\/academicians\/dr-michael-metzeltin\/\" target=\"_blank\" rel=\"noopener noreferrer\">METZELTIN, Michael<\/a><\/strong><!\u2013- [et_pb_br_holder] -\u2013><!-- [et_pb_line_break_holder] --><\/div>\n<p><!-- [et_pb_line_break_holder] --><!-- [et_pb_line_break_holder] --><\/p>\n<div id=\"n\" class=\"colLetraAbecedario\"><!-- [et_pb_line_break_holder] --><\/p>\n<div class=\"marcadorAbecedario\">N<\/div>\n<p><!-- [et_pb_line_break_holder] --><strong><a href=\"https:\/\/raed.academy\/en\/academicians\/dr-pedro-nueno-iniesta\/\" target=\"_blank\" rel=\"noopener noreferrer\">NUENO INIESTA, Pedro<\/a><\/strong><!\u2013- [et_pb_br_holder] -\u2013><\/div>\n<p><!-- [et_pb_line_break_holder] --><!-- [et_pb_line_break_holder] --><\/p>\n<div id=\"p\" class=\"colLetraAbecedario\"><!-- [et_pb_line_break_holder] --><\/p>\n<div class=\"marcadorAbecedario\">P<\/div>\n<p><!-- [et_pb_line_break_holder] --><strong><a href=\"https:\/\/raed.academy\/en\/academicians\/dr-rafael-i-barraquer-compte\/dr-marius-petit-guinovart-2\/\" target=\"_blank\" rel=\"noopener noreferrer\">PETIT GUINOVART, M\u00e0rius<\/a><\/strong><!\u2013- [et_pb_br_holder] -\u2013><\/div>\n<p><!-- [et_pb_line_break_holder] --><!-- [et_pb_line_break_holder] --><\/p>\n<div id=\"s\" class=\"colLetraAbecedario\"><!-- [et_pb_line_break_holder] --><\/p>\n<div class=\"marcadorAbecedario\">S<\/div>\n<p><!-- [et_pb_line_break_holder] --><strong><a href=\"http:\/\/raed.academy\/en\/academicians\/dr-josep-ignasi-saranyana-closa\/\" target=\"_blank\" rel=\"noopener noreferrer\">SARANYANA I CLOSA, Josep Ignasi<\/a><\/strong><!\u2013- [et_pb_br_holder] -\u2013><!-- [et_pb_line_break_holder] --><\/div>\n<p><!-- [et_pb_line_break_holder] --><!-- [et_pb_line_break_holder] --><\/p>\n<div id=\"t\" class=\"colLetraAbecedario\"><!-- [et_pb_line_break_holder] --><\/p>\n<div class=\"marcadorAbecedario\">T<\/div>\n<p><!-- [et_pb_line_break_holder] --><strong><a href=\"https:\/\/raed.academy\/en\/academicians\/dr-rafael-i-barraquer-compte\/dr-francisco-javier-tapia-garcia-2\/\" target=\"_blank\" rel=\"noopener noreferrer\">TAPIA GARC\u00cdA, Francisco Javier<\/a><\/strong><!\u2013- [et_pb_br_holder] -\u2013><\/div>\n<p>[\/et_pb_code][\/et_pb_column][\/et_pb_row][\/et_pb_section]<\/p>\n","protected":false},"excerpt":{"rendered":"<p>Numerary members shall automatically acquire the status of emeritus upon reaching eighty years of age, thereby vacating their seat, while nevertheless retaining all the rights, duties and prerogatives of their numerary status.<\/p>\n","protected":false},"author":16,"featured_media":0,"parent":0,"menu_order":0,"comment_status":"closed","ping_status":"closed","template":"","meta":{"_et_pb_use_builder":"on","_et_pb_old_content":"","_et_gb_content_width":"","footnotes":""},"class_list":["post-661","page","type-page","status-publish","hentry"],"yoast_head":"<!-- This site is optimized with the Yoast SEO plugin v27.4 - https:\/\/yoast.com\/product\/yoast-seo-wordpress\/ -->\n<title>Emeritus Academicians | Royal European Academy of Doctors<\/title>\n<meta name=\"robots\" content=\"index, follow, max-snippet:-1, max-image-preview:large, max-video-preview:-1\" \/>\n<link rel=\"canonical\" href=\"https:\/\/raed.academy\/en\/emeritus\/\" \/>\n<meta property=\"og:locale\" content=\"en_US\" \/>\n<meta property=\"og:type\" content=\"article\" \/>\n<meta property=\"og:title\" content=\"Emeritus Academicians | Royal European Academy of Doctors\" \/>\n<meta property=\"og:description\" content=\"La RAED organiza y lleva a cabo una serie de actividades concentradas en mes y medio que contaron con la implicaci\u00f3n activa de numerosos acad\u00e9micos. Recepci\u00f3n de cuatro acad\u00e9micos correspondientes (Stavroula-Ina Piperaki para Grecia, Stephen Zeff y David B. Wilkins para Estados Unidos y Llu\u00eds Vicent Safont para Andorra) Mesa redonda sobre \u00abLa salida de [&hellip;]\" \/>\n<meta property=\"og:url\" content=\"https:\/\/raed.academy\/en\/emeritus\/\" \/>\n<meta property=\"og:site_name\" content=\"Royal European Academy of Doctors\" \/>\n<meta property=\"article:publisher\" content=\"http:\/\/fb.me\/raed.academy\" \/>\n<meta property=\"article:modified_time\" content=\"2026-04-15T09:23:47+00:00\" \/>\n<meta name=\"twitter:card\" content=\"summary_large_image\" \/>\n<meta name=\"twitter:site\" content=\"@raedacademy\" \/>\n<meta name=\"twitter:label1\" content=\"Est. reading time\" \/>\n\t<meta name=\"twitter:data1\" content=\"1 minute\" \/>\n<script type=\"application\/ld+json\" class=\"yoast-schema-graph\">{\"@context\":\"https:\\\/\\\/schema.org\",\"@graph\":[{\"@type\":\"WebPage\",\"@id\":\"https:\\\/\\\/raed.academy\\\/en\\\/emeritus\\\/\",\"url\":\"https:\\\/\\\/raed.academy\\\/en\\\/emeritus\\\/\",\"name\":\"Emeritus Academicians | Royal European Academy of Doctors\",\"isPartOf\":{\"@id\":\"https:\\\/\\\/raed.academy\\\/en\\\/#website\"},\"datePublished\":\"2015-03-19T18:20:14+00:00\",\"dateModified\":\"2026-04-15T09:23:47+00:00\",\"breadcrumb\":{\"@id\":\"https:\\\/\\\/raed.academy\\\/en\\\/emeritus\\\/#breadcrumb\"},\"inLanguage\":\"en-US\",\"potentialAction\":[{\"@type\":\"ReadAction\",\"target\":[\"https:\\\/\\\/raed.academy\\\/en\\\/emeritus\\\/\"]}]},{\"@type\":\"BreadcrumbList\",\"@id\":\"https:\\\/\\\/raed.academy\\\/en\\\/emeritus\\\/#breadcrumb\",\"itemListElement\":[{\"@type\":\"ListItem\",\"position\":1,\"name\":\"Inicio\",\"item\":\"https:\\\/\\\/raed.academy\\\/en\\\/\"},{\"@type\":\"ListItem\",\"position\":2,\"name\":\"Emeritus Members\"}]},{\"@type\":\"WebSite\",\"@id\":\"https:\\\/\\\/raed.academy\\\/en\\\/#website\",\"url\":\"https:\\\/\\\/raed.academy\\\/en\\\/\",\"name\":\"Royal European Academy of Doctors\",\"description\":\"Corporaci\u00f3n de derecho p\u00fablico de car\u00e1cter cient\u00edfico, t\u00e9cnico y art\u00edstico, que tiene por objeto la investigaci\u00f3n, el estudio, el fomento y la extensi\u00f3n del conocimiento en su sentido m\u00e1s amplio.\",\"publisher\":{\"@id\":\"https:\\\/\\\/raed.academy\\\/en\\\/#organization\"},\"potentialAction\":[{\"@type\":\"SearchAction\",\"target\":{\"@type\":\"EntryPoint\",\"urlTemplate\":\"https:\\\/\\\/raed.academy\\\/en\\\/?s={search_term_string}\"},\"query-input\":{\"@type\":\"PropertyValueSpecification\",\"valueRequired\":true,\"valueName\":\"search_term_string\"}}],\"inLanguage\":\"en-US\"},{\"@type\":\"Organization\",\"@id\":\"https:\\\/\\\/raed.academy\\\/en\\\/#organization\",\"name\":\"Real Academia Europea de Doctores\",\"url\":\"https:\\\/\\\/raed.academy\\\/en\\\/\",\"logo\":{\"@type\":\"ImageObject\",\"inLanguage\":\"en-US\",\"@id\":\"https:\\\/\\\/raed.academy\\\/en\\\/#\\\/schema\\\/logo\\\/image\\\/\",\"url\":\"https:\\\/\\\/raed.academy\\\/wp-content\\\/uploads\\\/2017\\\/01\\\/cropped-logo_raed.png\",\"contentUrl\":\"https:\\\/\\\/raed.academy\\\/wp-content\\\/uploads\\\/2017\\\/01\\\/cropped-logo_raed.png\",\"width\":512,\"height\":512,\"caption\":\"Real Academia Europea de Doctores\"},\"image\":{\"@id\":\"https:\\\/\\\/raed.academy\\\/en\\\/#\\\/schema\\\/logo\\\/image\\\/\"},\"sameAs\":[\"http:\\\/\\\/fb.me\\\/raed.academy\",\"https:\\\/\\\/x.com\\\/raedacademy\",\"https:\\\/\\\/www.instagram.com\\\/raed.academy\\\/\",\"https:\\\/\\\/www.youtube.com\\\/channel\\\/UCUYQwW2KrdirNWihxMDObwg\"]}]}<\/script>\n<!-- \/ Yoast SEO plugin. -->","yoast_head_json":{"title":"Emeritus Academicians | Royal European Academy of Doctors","robots":{"index":"index","follow":"follow","max-snippet":"max-snippet:-1","max-image-preview":"max-image-preview:large","max-video-preview":"max-video-preview:-1"},"canonical":"https:\/\/raed.academy\/en\/emeritus\/","og_locale":"en_US","og_type":"article","og_title":"Emeritus Academicians | Royal European Academy of Doctors","og_description":"La RAED organiza y lleva a cabo una serie de actividades concentradas en mes y medio que contaron con la implicaci\u00f3n activa de numerosos acad\u00e9micos. Recepci\u00f3n de cuatro acad\u00e9micos correspondientes (Stavroula-Ina Piperaki para Grecia, Stephen Zeff y David B. Wilkins para Estados Unidos y Llu\u00eds Vicent Safont para Andorra) Mesa redonda sobre \u00abLa salida de [&hellip;]","og_url":"https:\/\/raed.academy\/en\/emeritus\/","og_site_name":"Royal European Academy of Doctors","article_publisher":"http:\/\/fb.me\/raed.academy","article_modified_time":"2026-04-15T09:23:47+00:00","twitter_card":"summary_large_image","twitter_site":"@raedacademy","twitter_misc":{"Est. reading time":"1 minute"},"schema":{"@context":"https:\/\/schema.org","@graph":[{"@type":"WebPage","@id":"https:\/\/raed.academy\/en\/emeritus\/","url":"https:\/\/raed.academy\/en\/emeritus\/","name":"Emeritus Academicians | Royal European Academy of Doctors","isPartOf":{"@id":"https:\/\/raed.academy\/en\/#website"},"datePublished":"2015-03-19T18:20:14+00:00","dateModified":"2026-04-15T09:23:47+00:00","breadcrumb":{"@id":"https:\/\/raed.academy\/en\/emeritus\/#breadcrumb"},"inLanguage":"en-US","potentialAction":[{"@type":"ReadAction","target":["https:\/\/raed.academy\/en\/emeritus\/"]}]},{"@type":"BreadcrumbList","@id":"https:\/\/raed.academy\/en\/emeritus\/#breadcrumb","itemListElement":[{"@type":"ListItem","position":1,"name":"Inicio","item":"https:\/\/raed.academy\/en\/"},{"@type":"ListItem","position":2,"name":"Emeritus Members"}]},{"@type":"WebSite","@id":"https:\/\/raed.academy\/en\/#website","url":"https:\/\/raed.academy\/en\/","name":"Royal European Academy of Doctors","description":"Corporaci\u00f3n de derecho p\u00fablico de car\u00e1cter cient\u00edfico, t\u00e9cnico y art\u00edstico, que tiene por objeto la investigaci\u00f3n, el estudio, el fomento y la extensi\u00f3n del conocimiento en su sentido m\u00e1s amplio.","publisher":{"@id":"https:\/\/raed.academy\/en\/#organization"},"potentialAction":[{"@type":"SearchAction","target":{"@type":"EntryPoint","urlTemplate":"https:\/\/raed.academy\/en\/?s={search_term_string}"},"query-input":{"@type":"PropertyValueSpecification","valueRequired":true,"valueName":"search_term_string"}}],"inLanguage":"en-US"},{"@type":"Organization","@id":"https:\/\/raed.academy\/en\/#organization","name":"Real Academia Europea de Doctores","url":"https:\/\/raed.academy\/en\/","logo":{"@type":"ImageObject","inLanguage":"en-US","@id":"https:\/\/raed.academy\/en\/#\/schema\/logo\/image\/","url":"https:\/\/raed.academy\/wp-content\/uploads\/2017\/01\/cropped-logo_raed.png","contentUrl":"https:\/\/raed.academy\/wp-content\/uploads\/2017\/01\/cropped-logo_raed.png","width":512,"height":512,"caption":"Real Academia Europea de Doctores"},"image":{"@id":"https:\/\/raed.academy\/en\/#\/schema\/logo\/image\/"},"sameAs":["http:\/\/fb.me\/raed.academy","https:\/\/x.com\/raedacademy","https:\/\/www.instagram.com\/raed.academy\/","https:\/\/www.youtube.com\/channel\/UCUYQwW2KrdirNWihxMDObwg"]}]}},"_links":{"self":[{"href":"https:\/\/raed.academy\/en\/wp-json\/wp\/v2\/pages\/661","targetHints":{"allow":["GET"]}}],"collection":[{"href":"https:\/\/raed.academy\/en\/wp-json\/wp\/v2\/pages"}],"about":[{"href":"https:\/\/raed.academy\/en\/wp-json\/wp\/v2\/types\/page"}],"author":[{"embeddable":true,"href":"https:\/\/raed.academy\/en\/wp-json\/wp\/v2\/users\/16"}],"replies":[{"embeddable":true,"href":"https:\/\/raed.academy\/en\/wp-json\/wp\/v2\/comments?post=661"}],"version-history":[{"count":4,"href":"https:\/\/raed.academy\/en\/wp-json\/wp\/v2\/pages\/661\/revisions"}],"predecessor-version":[{"id":183255,"href":"https:\/\/raed.academy\/en\/wp-json\/wp\/v2\/pages\/661\/revisions\/183255"}],"wp:attachment":[{"href":"https:\/\/raed.academy\/en\/wp-json\/wp\/v2\/media?parent=661"}],"curies":[{"name":"wp","href":"https:\/\/api.w.org\/{rel}","templated":true}]}}