{"id":647,"date":"2015-03-19T18:11:43","date_gmt":"2015-03-19T18:11:43","guid":{"rendered":"http:\/\/radd.eu\/?page_id=647"},"modified":"2026-02-13T15:56:17","modified_gmt":"2026-02-13T15:56:17","slug":"commissions","status":"publish","type":"page","link":"https:\/\/raed.academy\/en\/commissions\/","title":{"rendered":"Standing Committees"},"content":{"rendered":"<p>[et_pb_section fb_built=&#8221;1&#8243; admin_label=&#8221;section&#8221; _builder_version=&#8221;4.16&#8243; global_colors_info=&#8221;{}&#8221;][et_pb_row use_custom_gutter=&#8221;on&#8221; gutter_width=&#8221;1&#8243; admin_label=&#8221;row&#8221; _builder_version=&#8221;4.23.4&#8243; background_size=&#8221;initial&#8221; background_position=&#8221;top_left&#8221; background_repeat=&#8221;repeat&#8221; max_width=&#8221;1400px&#8221; global_colors_info=&#8221;{}&#8221;][et_pb_column type=&#8221;4_4&#8243; _builder_version=&#8221;4.16&#8243; custom_padding=&#8221;|||&#8221; global_colors_info=&#8221;{}&#8221; custom_padding__hover=&#8221;|||&#8221;][et_pb_code admin_label=&#8221;C\u00f3digo &#8211; llamada a scripts.js&#8221; _builder_version=&#8221;4.27.4&#8243; _module_preset=&#8221;default&#8221; global_colors_info=&#8221;{}&#8221;]<!-- 'marcadorOculto', 'contenidoTab' y 'enlaceTab' no pueden tocarse, ya que est\u00e1n referenciados en js\/scripts.js --><!-- [et_pb_line_break_holder] --><script type=\"text\/javascript\" src=\"\/wp-content\/themes\/raed-extra-child\/js\/scripts.js\"><\/script>[\/et_pb_code][et_pb_post_title meta=&#8221;off&#8221; featured_image=&#8221;off&#8221; admin_label=&#8221;T\u00edtulo de publicaci\u00f3n&#8221; module_class=&#8221;portada&#8221; _builder_version=&#8221;4.17.0&#8243; _module_preset=&#8221;default&#8221; locked=&#8221;off&#8221; global_colors_info=&#8221;{}&#8221;][\/et_pb_post_title][et_pb_text admin_label=&#8221;Text&#8221; _builder_version=&#8221;4.27.4&#8243; background_size=&#8221;initial&#8221; background_position=&#8221;top_left&#8221; background_repeat=&#8221;repeat&#8221; global_colors_info=&#8221;{}&#8221;]<\/p>\n<hr \/>\n<p>The Commissions are the organs responsible for the correct institutional development of the Academy. There will be two classes of commissions: permanent and temporary.<\/p>\n<p>There shall be four permanent commissions:<\/p>\n<ul style=\"text-align: justify;\">\n<li><strong>Internal Government<\/strong>, under the Board of Government and formed by the President, the Vice-president, the General Secretary and the Treasurer.<\/li>\n<li><strong>Finance commission<\/strong>, formed by the Vice-president, as President, the Treasurer and three Numerary members or Emeritus.<\/li>\n<li><strong>Publications<\/strong>, constituted by the Presidents of the Sections, presided by the Editor.<\/li>\n<li><strong>Admissions<\/strong>, made up by five Numerary members or Emeritus, among which there shall be the General Secretary who shall exercise as the President. He or she shall present to the Board of Government their opinions on the candidates for the Numerary members and Honorary members.<\/li>\n<\/ul>\n<p>&nbsp;<\/p>\n<p>The commissions appointed with a certain end shall be governed by the same norms as the Permanent Commissions, and shall automatically cease to exist when they have fulfilled their mission.<\/p>\n<hr \/>\n<p>[\/et_pb_text][et_pb_code admin_label=&#8221;C\u00f3digo &#8211; llamadas JS&#8221; _builder_version=&#8221;4.27.4&#8243; _module_preset=&#8221;default&#8221; global_colors_info=&#8221;{}&#8221;]<\/p>\n<div class=\"anuario col-3\"><!-- [et_pb_line_break_holder] --><\/p>\n<ul class=\"tab\"><!-- [et_pb_line_break_holder] -->  <\/p>\n<li><a href=\"javascript:void(0)\" class=\"enlaceTab a\u00f1o\" onclick=\"muestraTabSinMarcas(event, 'ejecutiva')\" id=\"predeterminado\">Executive Committee<\/a><\/li>\n<p><!-- [et_pb_line_break_holder] --><\/p>\n<li><a href=\"javascript:void(0)\" class=\"enlaceTab a\u00f1o\" onclick=\"muestraTabSinMarcas(event, 'publicaciones')\">Publication Monitoring<\/a><\/li>\n<p><!-- [et_pb_line_break_holder] --><\/p>\n<li><a href=\"javascript:void(0)\" class=\"enlaceTab a\u00f1o\" onclick=\"muestraTabSinMarcas(event, 'admisiones')\">Admission Board<\/a><\/li>\n<p><!-- [et_pb_line_break_holder] --><\/p>\n<li><a href=\"javascript:void(0)\" class=\"enlaceTab a\u00f1o\" onclick=\"muestraTabSinMarcas(event, 'etica')\">Ethics Committee<\/a><\/li>\n<p><!-- [et_pb_line_break_holder] --><\/ul>\n<p><!-- [et_pb_line_break_holder] --><\/div>\n<p>[\/et_pb_code][et_pb_code admin_label=&#8221;C\u00f3digo &#8211; Comisiones&#8221; _builder_version=&#8221;4.27.5&#8243; _module_preset=&#8221;default&#8221; global_colors_info=&#8221;{}&#8221;]<\/p>\n<div id=\"ejecutiva\" class=\"contenidoTab col-9 seccion-tab\"><!-- [et_pb_line_break_holder] --><\/p>\n<h2>THE EXECUTIVE COMMITTEE<\/h2>\n<p><!-- [et_pb_line_break_holder] --><\/p>\n<div class=\"panel-tab-cargo\"><!-- [et_pb_line_break_holder] --><!-- [et_pb_line_break_holder] --><strong>CHAIRMAN<\/strong><!-- [et_pb_line_break_holder] --><a href=\"https:\/\/raed.academy\/en\/academicians\/dr-alfredo-rocafort-nicolau\/\" target=\"_blank\" rel=\"noopener noreferrer\">ROCAFORT NICOLAU, Alfredo<\/a><!-- [et_pb_line_break_holder] --><!-- [et_pb_line_break_holder] --><\/p>\n<hr \/>\n<p><!-- [et_pb_line_break_holder] --><!-- [et_pb_line_break_holder] --><strong>1st VICE-CHAIRMAN<\/strong><!-- [et_pb_line_break_holder] --><pee>Pending designation<\/pee><!-- [et_pb_line_break_holder] --><!-- [et_pb_line_break_holder] --><\/p>\n<hr \/>\n<p><!-- [et_pb_line_break_holder] --><!-- [et_pb_line_break_holder] --><strong>2nd VICE-CHAIRMAN<\/strong><!-- [et_pb_line_break_holder] --><pee>Pending designation<\/pee><!-- [et_pb_line_break_holder] --><!-- [et_pb_line_break_holder] --><\/p>\n<hr \/>\n<p><!-- [et_pb_line_break_holder] --><!-- [et_pb_line_break_holder] --><strong>3rd VICE-CHAIRMAN<\/strong><!-- [et_pb_line_break_holder] --><!-- [et_pb_line_break_holder] --><a href=\"https:\/\/raed.academy\/en\/academicians\/dra-maria-dels-angels-calvo-torras\/\" target=\"_blank\" rel=\"noopener noreferrer\">CALVO TORRAS, M. \u00c0ngels<\/a><!-- [et_pb_line_break_holder] --><!-- [et_pb_line_break_holder] --><\/p>\n<hr \/>\n<p><!-- [et_pb_line_break_holder] --><!-- [et_pb_line_break_holder] --><strong>4th VICE-CHAIRMAN<\/strong><!-- [et_pb_line_break_holder] --><a href=\"https:\/\/raed.academy\/en\/academicians\/dr-rafael-i-barraquer-compte\/dra-teresa-freixes-sanjuan\/\" target=\"_blank\" rel=\"noopener noreferrer\">FREIXES SANJU\u00c1N, Teresa<\/a><!-- [et_pb_line_break_holder] --><!-- [et_pb_line_break_holder] --><\/p>\n<hr \/>\n<p><!-- [et_pb_line_break_holder] --><!-- [et_pb_line_break_holder] --><strong>GENERAL SECRETARY<\/strong><!-- [et_pb_line_break_holder] --><a href=\"http:\/\/raed.academy\/en\/academicians\/dr-jose-manuel-calavia-molinero\/\" target=\"_blank\" rel=\"noopener noreferrer\">CALAVIA MOLINERO, Jos\u00e9 Manuel<\/a><!-- [et_pb_line_break_holder] --><!-- [et_pb_line_break_holder] --><\/p>\n<hr \/>\n<p><!-- [et_pb_line_break_holder] --><!-- [et_pb_line_break_holder] --><strong>TREASURER<\/strong><!-- [et_pb_line_break_holder] --><a href=\"https:\/\/raed.academy\/en\/academicians\/dr-rafael-i-barraquer-compte\/dr-jordi-marti-pidelaserra-2\/\" target=\"_blank\" rel=\"noopener noreferrer\">MART\u00cd PIDELASERRA, Jordi<\/a><!-- [et_pb_line_break_holder] --><!-- [et_pb_line_break_holder] --><\/p>\n<hr \/>\n<p><!-- [et_pb_line_break_holder] --><!-- [et_pb_line_break_holder] --><strong>CHAIRMAN OF THE INSTITUTE FOR INTERNATIONAL COOPERATION<\/strong><!-- [et_pb_line_break_holder] --><a href=\"https:\/\/raed.academy\/en\/academicians\/dr-jose-ramon-calvo-fernandez\/\" target=\"_blank\" rel=\"noopener noreferrer\">CALVO FERN\u00c1NDEZ, Jos\u00e9 Ram\u00f3n<\/a><!-- [et_pb_line_break_holder] --><!-- [et_pb_line_break_holder] --><\/p>\n<hr \/>\n<p><!-- [et_pb_line_break_holder] --><!-- [et_pb_line_break_holder] --><\/div>\n<p><!-- [et_pb_line_break_holder] --><\/div>\n<p><!-- [et_pb_line_break_holder] --><\/p>\n<div id=\"publicaciones\" class=\"contenidoTab col-9 seccion-tab\"><!-- [et_pb_line_break_holder] --><\/p>\n<h2>PUBLICATION MONITORING COMMITTEE<\/h2>\n<p><!-- [et_pb_line_break_holder] --><\/p>\n<div class=\"panel-tab-cargo\"><!-- [et_pb_line_break_holder] --><!-- [et_pb_line_break_holder] --><strong>CHAIRMAN<\/strong><!-- [et_pb_line_break_holder] --><pee>Pending designation<\/pee><!-- [et_pb_line_break_holder] --><!-- [et_pb_line_break_holder] --><\/p>\n<hr style=\"margin-bottom: 20px;\" \/><!-- [et_pb_line_break_holder] --><!-- [et_pb_line_break_holder] --><strong>OTHER MEMBERS<\/strong><!-- [et_pb_line_break_holder] --><!-- [et_pb_line_break_holder] --><a href=\"https:\/\/raed.academy\/en\/academicians\/dr-raimund-herder\/\" target=\"_blank\" rel=\"noopener noreferrer\">HERDER DORNEICH, Raimund<\/a><!-- [et_pb_line_break_holder] --><!-- [et_pb_line_break_holder] --><\/p>\n<hr \/>\n<p><!-- [et_pb_line_break_holder] --><!-- [et_pb_line_break_holder] --><a href=\"https:\/\/raed.academy\/en\/academicians\/dr-francisco-lopez-munoz\/\" target=\"_blank\" rel=\"noopener noreferrer\">L\u00d3PEZ MU\u00d1OZ, Francisco<\/a><!-- [et_pb_line_break_holder] --><!-- [et_pb_line_break_holder] --><\/p>\n<hr \/>\n<p><!-- [et_pb_line_break_holder] --><!-- [et_pb_line_break_holder] --><\/div>\n<p><!-- [et_pb_line_break_holder] --><\/div>\n<p><!-- [et_pb_line_break_holder] --><\/p>\n<div id=\"admisiones\" class=\"contenidoTab col-9 seccion-tab\"><!-- [et_pb_line_break_holder] --><\/p>\n<h2>THE ADMISSION BOARD<\/h2>\n<p><!-- [et_pb_line_break_holder] --><\/p>\n<div class=\"panel-tab-cargo\"><!-- [et_pb_line_break_holder] --><!-- [et_pb_line_break_holder] --><strong>CHAIRMAN<\/strong><!-- [et_pb_line_break_holder] --><a href=\"https:\/\/raed.academy\/en\/academicians\/dr-jose-manuel-calavia-molinero-2\/dr-jose-manuel-calavia-molinero\/\" target=\"_blank\" rel=\"noopener noreferrer\">CALAVIA MOLINERO, Jos\u00e9 Manuel<\/a><!-- [et_pb_line_break_holder] --><!-- [et_pb_line_break_holder] --><\/p>\n<hr style=\"margin-bottom: 20px;\" \/><!-- [et_pb_line_break_holder] --><!-- [et_pb_line_break_holder] --><strong>OTHER MEMBERS<\/strong><!-- [et_pb_line_break_holder] --><!-- [et_pb_line_break_holder] --><a href=\"https:\/\/raed.academy\/en\/academicians\/dr-alfredo-rocafort-nicolau\/\" target=\"_blank\" rel=\"noopener noreferrer\">ROCAFORT NICOLAU, Alfredo<\/a><!-- [et_pb_line_break_holder] --><\/p>\n<hr \/>\n<p><!-- [et_pb_line_break_holder] -->  <!-- [et_pb_line_break_holder] --><a href=\"https:\/\/raed.academy\/en\/academicians\/dr-maria-dels-angels-calvo-torras\/\" target=\"_blank\" rel=\"noopener noreferrer\">CALVO TORRAS, Maria dels \u00c0ngels<\/a><!-- [et_pb_line_break_holder] --><\/p>\n<hr \/>\n<p><!-- [et_pb_line_break_holder] --><!-- [et_pb_line_break_holder] --><pee>Pending designation<\/pee><!-- [et_pb_line_break_holder] --><\/p>\n<hr \/>\n<p><!-- [et_pb_line_break_holder] --><!-- [et_pb_line_break_holder] --><pee>Pending designation<\/pee><!-- [et_pb_line_break_holder] --><\/p>\n<hr \/>\n<p><!-- [et_pb_line_break_holder] -->  <!-- [et_pb_line_break_holder] --><\/div>\n<p><!-- [et_pb_line_break_holder] --><\/div>\n<p><!-- [et_pb_line_break_holder] --><\/p>\n<div id=\"etica\" class=\"contenidoTab col-9 seccion-tab\"><!-- [et_pb_line_break_holder] --><\/p>\n<h2>THE ETHICS COMMITTEE<\/h2>\n<p><!-- [et_pb_line_break_holder] --><\/p>\n<div class=\"panel-tab-cargo\"><strong>PRESIDENT<\/strong><!-- [et_pb_line_break_holder] --><pee>Pending designation<\/pee><!-- [et_pb_line_break_holder] --><!-- [et_pb_line_break_holder] --><\/p>\n<hr style=\"margin-bottom: 20px;\" \/><!-- [et_pb_line_break_holder] --><!-- [et_pb_line_break_holder] --><strong>NUMERARY MEMBERS<\/strong><!-- [et_pb_line_break_holder] --><!-- [et_pb_line_break_holder] --><pee>Pending designation<\/pee><!-- [et_pb_line_break_holder] --><!-- [et_pb_line_break_holder] --><\/p>\n<hr \/>\n<p><!-- [et_pb_line_break_holder] --><!-- [et_pb_line_break_holder] --><a href=\"https:\/\/raed.academy\/en\/academicians\/dra-maria-dels-angels-calvo-torras\/\" target=\"_blank\" rel=\"noopener noreferrer\">CALVO TORRAS, M. \u00c0ngels<\/a><!-- [et_pb_line_break_holder] --><!-- [et_pb_line_break_holder] --><\/p>\n<hr \/>\n<p><!-- [et_pb_line_break_holder] --><!-- [et_pb_line_break_holder] --><a href=\"https:\/\/raed.academy\/en\/academicians\/dr-rafael-i-barraquer-compte\/dr-fermin-morales-prats-2\/\" target=\"_blank\" rel=\"noopener noreferrer\">MORALES PRATS, Ferm\u00edn<\/a><!-- [et_pb_line_break_holder] --><!-- [et_pb_line_break_holder] --><\/p>\n<hr \/>\n<p><!-- [et_pb_line_break_holder] --><!-- [et_pb_line_break_holder] --><\/div>\n<p><!-- [et_pb_line_break_holder] --><!-- .panel-tab-cargo --><!-- [et_pb_line_break_holder] --><!-- [et_pb_line_break_holder] --><\/div>\n<p><!-- [et_pb_line_break_holder] --><!-- #etica -->[\/et_pb_code][\/et_pb_column][\/et_pb_row][\/et_pb_section]<\/p>\n","protected":false},"excerpt":{"rendered":"<p>The Commissions are the organs responsible for the correct institutional development of the Academy. There will be two classes of commissions: permanent and temporary. There shall be four permanent commissions: Internal Government, under the Board of Government and formed by the President, the Vice-president, the General Secretary and the Treasurer. Finance commission, formed by the [&hellip;]<\/p>\n","protected":false},"author":16,"featured_media":0,"parent":0,"menu_order":0,"comment_status":"closed","ping_status":"closed","template":"","meta":{"_et_pb_use_builder":"on","_et_pb_old_content":"","_et_gb_content_width":"","footnotes":""},"class_list":["post-647","page","type-page","status-publish","hentry"],"yoast_head":"<!-- This site is optimized with the Yoast SEO plugin v27.4 - https:\/\/yoast.com\/product\/yoast-seo-wordpress\/ -->\n<title>Standing Committees - Royal European Academy of Doctors<\/title>\n<meta name=\"robots\" content=\"index, follow, max-snippet:-1, max-image-preview:large, max-video-preview:-1\" \/>\n<link rel=\"canonical\" href=\"https:\/\/raed.academy\/en\/commissions\/\" \/>\n<meta property=\"og:locale\" content=\"en_US\" \/>\n<meta property=\"og:type\" content=\"article\" \/>\n<meta property=\"og:title\" content=\"Standing Committees - Royal European Academy of Doctors\" \/>\n<meta property=\"og:description\" content=\"La RAED organiza y lleva a cabo una serie de actividades concentradas en mes y medio que contaron con la implicaci\u00f3n activa de numerosos acad\u00e9micos. Recepci\u00f3n de cuatro acad\u00e9micos correspondientes (Stavroula-Ina Piperaki para Grecia, Stephen Zeff y David B. Wilkins para Estados Unidos y Llu\u00eds Vicent Safont para Andorra) Mesa redonda sobre \u00abLa salida de [&hellip;]\" \/>\n<meta property=\"og:url\" content=\"https:\/\/raed.academy\/en\/commissions\/\" \/>\n<meta property=\"og:site_name\" content=\"Royal European Academy of Doctors\" \/>\n<meta property=\"article:publisher\" content=\"http:\/\/fb.me\/raed.academy\" \/>\n<meta property=\"article:modified_time\" content=\"2026-02-13T15:56:17+00:00\" \/>\n<meta name=\"twitter:card\" content=\"summary_large_image\" \/>\n<meta name=\"twitter:site\" content=\"@raedacademy\" \/>\n<meta name=\"twitter:label1\" content=\"Est. reading time\" \/>\n\t<meta name=\"twitter:data1\" content=\"2 minutes\" \/>\n<script type=\"application\/ld+json\" class=\"yoast-schema-graph\">{\"@context\":\"https:\\\/\\\/schema.org\",\"@graph\":[{\"@type\":\"WebPage\",\"@id\":\"https:\\\/\\\/raed.academy\\\/en\\\/commissions\\\/\",\"url\":\"https:\\\/\\\/raed.academy\\\/en\\\/commissions\\\/\",\"name\":\"Standing Committees - Royal European Academy of Doctors\",\"isPartOf\":{\"@id\":\"https:\\\/\\\/raed.academy\\\/en\\\/#website\"},\"datePublished\":\"2015-03-19T18:11:43+00:00\",\"dateModified\":\"2026-02-13T15:56:17+00:00\",\"breadcrumb\":{\"@id\":\"https:\\\/\\\/raed.academy\\\/en\\\/commissions\\\/#breadcrumb\"},\"inLanguage\":\"en-US\",\"potentialAction\":[{\"@type\":\"ReadAction\",\"target\":[\"https:\\\/\\\/raed.academy\\\/en\\\/commissions\\\/\"]}]},{\"@type\":\"BreadcrumbList\",\"@id\":\"https:\\\/\\\/raed.academy\\\/en\\\/commissions\\\/#breadcrumb\",\"itemListElement\":[{\"@type\":\"ListItem\",\"position\":1,\"name\":\"Inicio\",\"item\":\"https:\\\/\\\/raed.academy\\\/en\\\/\"},{\"@type\":\"ListItem\",\"position\":2,\"name\":\"Standing Committees\"}]},{\"@type\":\"WebSite\",\"@id\":\"https:\\\/\\\/raed.academy\\\/en\\\/#website\",\"url\":\"https:\\\/\\\/raed.academy\\\/en\\\/\",\"name\":\"Royal European Academy of Doctors\",\"description\":\"Corporaci\u00f3n de derecho p\u00fablico de car\u00e1cter cient\u00edfico, t\u00e9cnico y art\u00edstico, que tiene por objeto la investigaci\u00f3n, el estudio, el fomento y la extensi\u00f3n del conocimiento en su sentido m\u00e1s amplio.\",\"publisher\":{\"@id\":\"https:\\\/\\\/raed.academy\\\/en\\\/#organization\"},\"potentialAction\":[{\"@type\":\"SearchAction\",\"target\":{\"@type\":\"EntryPoint\",\"urlTemplate\":\"https:\\\/\\\/raed.academy\\\/en\\\/?s={search_term_string}\"},\"query-input\":{\"@type\":\"PropertyValueSpecification\",\"valueRequired\":true,\"valueName\":\"search_term_string\"}}],\"inLanguage\":\"en-US\"},{\"@type\":\"Organization\",\"@id\":\"https:\\\/\\\/raed.academy\\\/en\\\/#organization\",\"name\":\"Real Academia Europea de Doctores\",\"url\":\"https:\\\/\\\/raed.academy\\\/en\\\/\",\"logo\":{\"@type\":\"ImageObject\",\"inLanguage\":\"en-US\",\"@id\":\"https:\\\/\\\/raed.academy\\\/en\\\/#\\\/schema\\\/logo\\\/image\\\/\",\"url\":\"https:\\\/\\\/raed.academy\\\/wp-content\\\/uploads\\\/2017\\\/01\\\/cropped-logo_raed.png\",\"contentUrl\":\"https:\\\/\\\/raed.academy\\\/wp-content\\\/uploads\\\/2017\\\/01\\\/cropped-logo_raed.png\",\"width\":512,\"height\":512,\"caption\":\"Real Academia Europea de Doctores\"},\"image\":{\"@id\":\"https:\\\/\\\/raed.academy\\\/en\\\/#\\\/schema\\\/logo\\\/image\\\/\"},\"sameAs\":[\"http:\\\/\\\/fb.me\\\/raed.academy\",\"https:\\\/\\\/x.com\\\/raedacademy\",\"https:\\\/\\\/www.instagram.com\\\/raed.academy\\\/\",\"https:\\\/\\\/www.youtube.com\\\/channel\\\/UCUYQwW2KrdirNWihxMDObwg\"]}]}<\/script>\n<!-- \/ Yoast SEO plugin. -->","yoast_head_json":{"title":"Standing Committees - Royal European Academy of Doctors","robots":{"index":"index","follow":"follow","max-snippet":"max-snippet:-1","max-image-preview":"max-image-preview:large","max-video-preview":"max-video-preview:-1"},"canonical":"https:\/\/raed.academy\/en\/commissions\/","og_locale":"en_US","og_type":"article","og_title":"Standing Committees - Royal European Academy of Doctors","og_description":"La RAED organiza y lleva a cabo una serie de actividades concentradas en mes y medio que contaron con la implicaci\u00f3n activa de numerosos acad\u00e9micos. Recepci\u00f3n de cuatro acad\u00e9micos correspondientes (Stavroula-Ina Piperaki para Grecia, Stephen Zeff y David B. Wilkins para Estados Unidos y Llu\u00eds Vicent Safont para Andorra) Mesa redonda sobre \u00abLa salida de [&hellip;]","og_url":"https:\/\/raed.academy\/en\/commissions\/","og_site_name":"Royal European Academy of Doctors","article_publisher":"http:\/\/fb.me\/raed.academy","article_modified_time":"2026-02-13T15:56:17+00:00","twitter_card":"summary_large_image","twitter_site":"@raedacademy","twitter_misc":{"Est. reading time":"2 minutes"},"schema":{"@context":"https:\/\/schema.org","@graph":[{"@type":"WebPage","@id":"https:\/\/raed.academy\/en\/commissions\/","url":"https:\/\/raed.academy\/en\/commissions\/","name":"Standing Committees - Royal European Academy of Doctors","isPartOf":{"@id":"https:\/\/raed.academy\/en\/#website"},"datePublished":"2015-03-19T18:11:43+00:00","dateModified":"2026-02-13T15:56:17+00:00","breadcrumb":{"@id":"https:\/\/raed.academy\/en\/commissions\/#breadcrumb"},"inLanguage":"en-US","potentialAction":[{"@type":"ReadAction","target":["https:\/\/raed.academy\/en\/commissions\/"]}]},{"@type":"BreadcrumbList","@id":"https:\/\/raed.academy\/en\/commissions\/#breadcrumb","itemListElement":[{"@type":"ListItem","position":1,"name":"Inicio","item":"https:\/\/raed.academy\/en\/"},{"@type":"ListItem","position":2,"name":"Standing Committees"}]},{"@type":"WebSite","@id":"https:\/\/raed.academy\/en\/#website","url":"https:\/\/raed.academy\/en\/","name":"Royal European Academy of Doctors","description":"Corporaci\u00f3n de derecho p\u00fablico de car\u00e1cter cient\u00edfico, t\u00e9cnico y art\u00edstico, que tiene por objeto la investigaci\u00f3n, el estudio, el fomento y la extensi\u00f3n del conocimiento en su sentido m\u00e1s amplio.","publisher":{"@id":"https:\/\/raed.academy\/en\/#organization"},"potentialAction":[{"@type":"SearchAction","target":{"@type":"EntryPoint","urlTemplate":"https:\/\/raed.academy\/en\/?s={search_term_string}"},"query-input":{"@type":"PropertyValueSpecification","valueRequired":true,"valueName":"search_term_string"}}],"inLanguage":"en-US"},{"@type":"Organization","@id":"https:\/\/raed.academy\/en\/#organization","name":"Real Academia Europea de Doctores","url":"https:\/\/raed.academy\/en\/","logo":{"@type":"ImageObject","inLanguage":"en-US","@id":"https:\/\/raed.academy\/en\/#\/schema\/logo\/image\/","url":"https:\/\/raed.academy\/wp-content\/uploads\/2017\/01\/cropped-logo_raed.png","contentUrl":"https:\/\/raed.academy\/wp-content\/uploads\/2017\/01\/cropped-logo_raed.png","width":512,"height":512,"caption":"Real Academia Europea de Doctores"},"image":{"@id":"https:\/\/raed.academy\/en\/#\/schema\/logo\/image\/"},"sameAs":["http:\/\/fb.me\/raed.academy","https:\/\/x.com\/raedacademy","https:\/\/www.instagram.com\/raed.academy\/","https:\/\/www.youtube.com\/channel\/UCUYQwW2KrdirNWihxMDObwg"]}]}},"_links":{"self":[{"href":"https:\/\/raed.academy\/en\/wp-json\/wp\/v2\/pages\/647","targetHints":{"allow":["GET"]}}],"collection":[{"href":"https:\/\/raed.academy\/en\/wp-json\/wp\/v2\/pages"}],"about":[{"href":"https:\/\/raed.academy\/en\/wp-json\/wp\/v2\/types\/page"}],"author":[{"embeddable":true,"href":"https:\/\/raed.academy\/en\/wp-json\/wp\/v2\/users\/16"}],"replies":[{"embeddable":true,"href":"https:\/\/raed.academy\/en\/wp-json\/wp\/v2\/comments?post=647"}],"version-history":[{"count":2,"href":"https:\/\/raed.academy\/en\/wp-json\/wp\/v2\/pages\/647\/revisions"}],"predecessor-version":[{"id":180670,"href":"https:\/\/raed.academy\/en\/wp-json\/wp\/v2\/pages\/647\/revisions\/180670"}],"wp:attachment":[{"href":"https:\/\/raed.academy\/en\/wp-json\/wp\/v2\/media?parent=647"}],"curies":[{"name":"wp","href":"https:\/\/api.w.org\/{rel}","templated":true}]}}