{"id":641,"date":"2015-03-19T18:07:49","date_gmt":"2015-03-19T18:07:49","guid":{"rendered":"http:\/\/radd.eu\/?page_id=641"},"modified":"2019-01-15T17:21:17","modified_gmt":"2019-01-15T17:21:17","slug":"general-board","status":"publish","type":"page","link":"https:\/\/raed.academy\/en\/general-board\/","title":{"rendered":"GENERAL MEETING"},"content":{"rendered":"<p>1. The General Meeting is the supreme governing body of the RAED and is to be attended by all numerary and emeritus members of the Academy.<\/p>\n<p>2. The powers of the General Meeting are as follows:<\/p>\n<ul>\n<li>To approve the management of the Governing Board.<\/li>\n<li>To examine and approve the annual accounts.<\/li>\n<li>To admit numerary and honorary members.<\/li>\n<li>To carry out RAED appointments in accordance with the procedures established in these Statutes, insofar as they do not correspond to other bodies of the Academy. Terms of office shall be of five years, subject to re-election.<\/li>\n<li>To establish ordinary and extraordinary fees.<\/li>\n<li>To amend the Statutes, including changes of registered address.<\/li>\n<li>To acquire and dispose of property of the RAED.<\/li>\n<li>To dissolve the RAED.<\/li>\n<li>To exercise any power not attributable to another body of the RAED.<\/li>\n<\/ul>\n<p>3. General Meetings may be ordinary or extraordinary. An Ordinary General Meeting shall be held annually in the first six months of the year concerned. Extraordinary General Meetings shall be called whenever circumstances so merit, at the Chairman\u2019s discretion, by agreement of the Governing Board or whenever at least 25% of numerary members request such a meeting.<\/p>\n<p>4. The calling of General Meetings shall be announced by e-mail, with indication of the place, date and time of the meeting and a copy of the corresponding agenda of specific matters to be discussed.<\/p>\n<p>At least ten days must elapse between the announcement of the meeting and the date on which it is to be held at first call. The same announcement may also indicatethe time and date of the meeting held at second call, which shall be no more than one hour after the meeting held at first call.<\/p>\n<p>5. General Meetings, both ordinary and extraordinary, shall be considered quorate at first call if they are attended by at least a fifth of numerary members of the Academy. A meeting held at second call shall be quorate regardless of attendance, provided at least a tenth of numerary members are present.<\/p>\n<p>Motions shall be adopted by a simple majority of members present, other than in cases specifically regulated by these Statutes or the Rules of Internal Procedure.<\/p>\n<ul>\n<li>\n<h3><a href=\"https:\/\/raed.academy\/en\/numerary-members\/\"><strong>NUMERARY ACADEMICIANS<\/strong><\/a><\/h3>\n<\/li>\n<\/ul>\n<ul>\n<li>\n<h3><a href=\"https:\/\/raed.academy\/en\/emeritus\/\"><strong>EM\u00c9RITUS ACADEMICIANS<\/strong><\/a><\/h3>\n<\/li>\n<\/ul>\n","protected":false},"excerpt":{"rendered":"<p>1. The General Meeting is the supreme governing body of the RAED and is to be attended by all numerary and emeritus members of the Academy. 2. The powers of the General Meeting are as follows: To approve the management of the Governing Board. To examine and approve the annual accounts. To admit numerary and [&hellip;]<\/p>\n","protected":false},"author":16,"featured_media":0,"parent":0,"menu_order":0,"comment_status":"closed","ping_status":"closed","template":"","meta":{"_et_pb_use_builder":"","_et_pb_old_content":"","_et_gb_content_width":"","footnotes":""},"class_list":["post-641","page","type-page","status-publish","hentry"],"yoast_head":"<!-- This site is optimized with the Yoast SEO plugin v27.4 - https:\/\/yoast.com\/product\/yoast-seo-wordpress\/ -->\n<title>GENERAL MEETING - Royal European Academy of Doctors<\/title>\n<meta name=\"robots\" content=\"index, follow, max-snippet:-1, max-image-preview:large, max-video-preview:-1\" \/>\n<link rel=\"canonical\" href=\"https:\/\/raed.academy\/en\/general-board\/\" \/>\n<meta property=\"og:locale\" content=\"en_US\" \/>\n<meta property=\"og:type\" content=\"article\" \/>\n<meta property=\"og:title\" content=\"GENERAL MEETING - Royal European Academy of Doctors\" \/>\n<meta property=\"og:description\" content=\"1. The General Meeting is the supreme governing body of the RAED and is to be attended by all numerary and emeritus members of the Academy. 2. The powers of the General Meeting are as follows: To approve the management of the Governing Board. To examine and approve the annual accounts. To admit numerary and [&hellip;]\" \/>\n<meta property=\"og:url\" content=\"https:\/\/raed.academy\/en\/general-board\/\" \/>\n<meta property=\"og:site_name\" content=\"Royal European Academy of Doctors\" \/>\n<meta property=\"article:publisher\" content=\"http:\/\/fb.me\/raed.academy\" \/>\n<meta property=\"article:modified_time\" content=\"2019-01-15T17:21:17+00:00\" \/>\n<meta name=\"twitter:card\" content=\"summary_large_image\" \/>\n<meta name=\"twitter:site\" content=\"@raedacademy\" \/>\n<meta name=\"twitter:label1\" content=\"Est. reading time\" \/>\n\t<meta name=\"twitter:data1\" content=\"2 minutes\" \/>\n<script type=\"application\/ld+json\" class=\"yoast-schema-graph\">{\"@context\":\"https:\\\/\\\/schema.org\",\"@graph\":[{\"@type\":\"WebPage\",\"@id\":\"https:\\\/\\\/raed.academy\\\/en\\\/general-board\\\/\",\"url\":\"https:\\\/\\\/raed.academy\\\/en\\\/general-board\\\/\",\"name\":\"GENERAL MEETING - Royal European Academy of Doctors\",\"isPartOf\":{\"@id\":\"https:\\\/\\\/raed.academy\\\/en\\\/#website\"},\"datePublished\":\"2015-03-19T18:07:49+00:00\",\"dateModified\":\"2019-01-15T17:21:17+00:00\",\"breadcrumb\":{\"@id\":\"https:\\\/\\\/raed.academy\\\/en\\\/general-board\\\/#breadcrumb\"},\"inLanguage\":\"en-US\",\"potentialAction\":[{\"@type\":\"ReadAction\",\"target\":[\"https:\\\/\\\/raed.academy\\\/en\\\/general-board\\\/\"]}]},{\"@type\":\"BreadcrumbList\",\"@id\":\"https:\\\/\\\/raed.academy\\\/en\\\/general-board\\\/#breadcrumb\",\"itemListElement\":[{\"@type\":\"ListItem\",\"position\":1,\"name\":\"Inicio\",\"item\":\"https:\\\/\\\/raed.academy\\\/en\\\/\"},{\"@type\":\"ListItem\",\"position\":2,\"name\":\"GENERAL MEETING\"}]},{\"@type\":\"WebSite\",\"@id\":\"https:\\\/\\\/raed.academy\\\/en\\\/#website\",\"url\":\"https:\\\/\\\/raed.academy\\\/en\\\/\",\"name\":\"Royal European Academy of Doctors\",\"description\":\"Corporaci\u00f3n de derecho p\u00fablico de car\u00e1cter cient\u00edfico, t\u00e9cnico y art\u00edstico, que tiene por objeto la investigaci\u00f3n, el estudio, el fomento y la extensi\u00f3n del conocimiento en su sentido m\u00e1s amplio.\",\"publisher\":{\"@id\":\"https:\\\/\\\/raed.academy\\\/en\\\/#organization\"},\"potentialAction\":[{\"@type\":\"SearchAction\",\"target\":{\"@type\":\"EntryPoint\",\"urlTemplate\":\"https:\\\/\\\/raed.academy\\\/en\\\/?s={search_term_string}\"},\"query-input\":{\"@type\":\"PropertyValueSpecification\",\"valueRequired\":true,\"valueName\":\"search_term_string\"}}],\"inLanguage\":\"en-US\"},{\"@type\":\"Organization\",\"@id\":\"https:\\\/\\\/raed.academy\\\/en\\\/#organization\",\"name\":\"Real Academia Europea de Doctores\",\"url\":\"https:\\\/\\\/raed.academy\\\/en\\\/\",\"logo\":{\"@type\":\"ImageObject\",\"inLanguage\":\"en-US\",\"@id\":\"https:\\\/\\\/raed.academy\\\/en\\\/#\\\/schema\\\/logo\\\/image\\\/\",\"url\":\"https:\\\/\\\/raed.academy\\\/wp-content\\\/uploads\\\/2017\\\/01\\\/cropped-logo_raed.png\",\"contentUrl\":\"https:\\\/\\\/raed.academy\\\/wp-content\\\/uploads\\\/2017\\\/01\\\/cropped-logo_raed.png\",\"width\":512,\"height\":512,\"caption\":\"Real Academia Europea de Doctores\"},\"image\":{\"@id\":\"https:\\\/\\\/raed.academy\\\/en\\\/#\\\/schema\\\/logo\\\/image\\\/\"},\"sameAs\":[\"http:\\\/\\\/fb.me\\\/raed.academy\",\"https:\\\/\\\/x.com\\\/raedacademy\",\"https:\\\/\\\/www.instagram.com\\\/raed.academy\\\/\",\"https:\\\/\\\/www.youtube.com\\\/channel\\\/UCUYQwW2KrdirNWihxMDObwg\"]}]}<\/script>\n<!-- \/ Yoast SEO plugin. -->","yoast_head_json":{"title":"GENERAL MEETING - Royal European Academy of Doctors","robots":{"index":"index","follow":"follow","max-snippet":"max-snippet:-1","max-image-preview":"max-image-preview:large","max-video-preview":"max-video-preview:-1"},"canonical":"https:\/\/raed.academy\/en\/general-board\/","og_locale":"en_US","og_type":"article","og_title":"GENERAL MEETING - Royal European Academy of Doctors","og_description":"1. The General Meeting is the supreme governing body of the RAED and is to be attended by all numerary and emeritus members of the Academy. 2. The powers of the General Meeting are as follows: To approve the management of the Governing Board. To examine and approve the annual accounts. To admit numerary and [&hellip;]","og_url":"https:\/\/raed.academy\/en\/general-board\/","og_site_name":"Royal European Academy of Doctors","article_publisher":"http:\/\/fb.me\/raed.academy","article_modified_time":"2019-01-15T17:21:17+00:00","twitter_card":"summary_large_image","twitter_site":"@raedacademy","twitter_misc":{"Est. reading time":"2 minutes"},"schema":{"@context":"https:\/\/schema.org","@graph":[{"@type":"WebPage","@id":"https:\/\/raed.academy\/en\/general-board\/","url":"https:\/\/raed.academy\/en\/general-board\/","name":"GENERAL MEETING - Royal European Academy of Doctors","isPartOf":{"@id":"https:\/\/raed.academy\/en\/#website"},"datePublished":"2015-03-19T18:07:49+00:00","dateModified":"2019-01-15T17:21:17+00:00","breadcrumb":{"@id":"https:\/\/raed.academy\/en\/general-board\/#breadcrumb"},"inLanguage":"en-US","potentialAction":[{"@type":"ReadAction","target":["https:\/\/raed.academy\/en\/general-board\/"]}]},{"@type":"BreadcrumbList","@id":"https:\/\/raed.academy\/en\/general-board\/#breadcrumb","itemListElement":[{"@type":"ListItem","position":1,"name":"Inicio","item":"https:\/\/raed.academy\/en\/"},{"@type":"ListItem","position":2,"name":"GENERAL MEETING"}]},{"@type":"WebSite","@id":"https:\/\/raed.academy\/en\/#website","url":"https:\/\/raed.academy\/en\/","name":"Royal European Academy of Doctors","description":"Corporaci\u00f3n de derecho p\u00fablico de car\u00e1cter cient\u00edfico, t\u00e9cnico y art\u00edstico, que tiene por objeto la investigaci\u00f3n, el estudio, el fomento y la extensi\u00f3n del conocimiento en su sentido m\u00e1s amplio.","publisher":{"@id":"https:\/\/raed.academy\/en\/#organization"},"potentialAction":[{"@type":"SearchAction","target":{"@type":"EntryPoint","urlTemplate":"https:\/\/raed.academy\/en\/?s={search_term_string}"},"query-input":{"@type":"PropertyValueSpecification","valueRequired":true,"valueName":"search_term_string"}}],"inLanguage":"en-US"},{"@type":"Organization","@id":"https:\/\/raed.academy\/en\/#organization","name":"Real Academia Europea de Doctores","url":"https:\/\/raed.academy\/en\/","logo":{"@type":"ImageObject","inLanguage":"en-US","@id":"https:\/\/raed.academy\/en\/#\/schema\/logo\/image\/","url":"https:\/\/raed.academy\/wp-content\/uploads\/2017\/01\/cropped-logo_raed.png","contentUrl":"https:\/\/raed.academy\/wp-content\/uploads\/2017\/01\/cropped-logo_raed.png","width":512,"height":512,"caption":"Real Academia Europea de Doctores"},"image":{"@id":"https:\/\/raed.academy\/en\/#\/schema\/logo\/image\/"},"sameAs":["http:\/\/fb.me\/raed.academy","https:\/\/x.com\/raedacademy","https:\/\/www.instagram.com\/raed.academy\/","https:\/\/www.youtube.com\/channel\/UCUYQwW2KrdirNWihxMDObwg"]}]}},"_links":{"self":[{"href":"https:\/\/raed.academy\/en\/wp-json\/wp\/v2\/pages\/641","targetHints":{"allow":["GET"]}}],"collection":[{"href":"https:\/\/raed.academy\/en\/wp-json\/wp\/v2\/pages"}],"about":[{"href":"https:\/\/raed.academy\/en\/wp-json\/wp\/v2\/types\/page"}],"author":[{"embeddable":true,"href":"https:\/\/raed.academy\/en\/wp-json\/wp\/v2\/users\/16"}],"replies":[{"embeddable":true,"href":"https:\/\/raed.academy\/en\/wp-json\/wp\/v2\/comments?post=641"}],"version-history":[{"count":0,"href":"https:\/\/raed.academy\/en\/wp-json\/wp\/v2\/pages\/641\/revisions"}],"wp:attachment":[{"href":"https:\/\/raed.academy\/en\/wp-json\/wp\/v2\/media?parent=641"}],"curies":[{"name":"wp","href":"https:\/\/api.w.org\/{rel}","templated":true}]}}