{"id":639,"date":"2015-03-19T18:06:32","date_gmt":"2015-03-19T18:06:32","guid":{"rendered":"http:\/\/radd.eu\/?page_id=639"},"modified":"2025-10-08T15:14:53","modified_gmt":"2025-10-08T15:14:53","slug":"organization-chart","status":"publish","type":"page","link":"https:\/\/raed.academy\/en\/organization-chart\/","title":{"rendered":"Organization chart"},"content":{"rendered":"<p>The Academy is structured as a functional organization chart which permits it to develop the scientific and academic activities for which it was created.<\/p>\n<style>\n.JUNTAGENERAL li::before { top: 71px; }\n<\/style>\n<div class=\"fila\">\n<div class=\"organigrama\">\n<div id=\"bloqueSuperior\">\n<div class=\"col-m-4\">\n<div class=\"JUNTAGENERAL\">\n<ul>\n<li><a href=\"https:\/\/raed.academy\/en\/general-board\/\" target=\"_blank\" rel=\"noopener noreferrer\">GENERAL BOARD<\/a><\/li>\n<\/ul>\n<\/div>\n<div class=\"JUNTADEGOBIERNO\">\n<ul>\n<li><a href=\"https:\/\/raed.academy\/en\/governing-board\/\" target=\"_blank\" rel=\"noopener noreferrer\">GOVERNING BOARD<\/a><\/li>\n<\/ul>\n<\/div>\n<ul>\n<li id=\"SENADO\"><a href=\"https:\/\/raed.academy\/en\/senate\/\" target=\"_blank\" rel=\"noopener noreferrer\">SENATE<\/a><\/li>\n<\/ul>\n<\/div>\n<\/div>\n<div id=\"bloqueInferior\">\n<div class=\"col-m-4\">\n<div class=\"rama-organigrama\">\n<div class=\"departamentoIzquierda\">\n<ul>\n<li><a href=\"https:\/\/raed.academy\/en\/sections\/\" target=\"_blank\" rel=\"noopener noreferrer\">SECTIONS<\/a><\/li>\n<\/ul>\n<\/div>\n<div class=\"columnaHijos columnaIzquierda\">\n<ul>\n<li><a href=\"https:\/\/raed.academy\/en\/sections\/#CienciasSociales\" target=\"_blank\" rel=\"noopener noreferrer\">Social<br \/>\nSciences<\/a><\/li>\n<li><a href=\"https:\/\/raed.academy\/en\/sections\/#CienciasSalud\" target=\"_blank\" rel=\"noopener noreferrer\">Health<br \/>\nSciences<\/a><\/li>\n<li><a href=\"https:\/\/raed.academy\/en\/sections\/#CienciasHumanas\" target=\"_blank\" rel=\"noopener noreferrer\">Human<br \/>\nSciences<\/a><\/li>\n<li><a href=\"https:\/\/raed.academy\/en\/sections\/#CienciasExperimentales\" target=\"_blank\" rel=\"noopener noreferrer\">Experimental<br \/>\nSciences<\/a><\/li>\n<li class=\"ultimoHijo\"><a href=\"https:\/\/raed.academy\/en\/sections\/#CienciasTecnologicas\" target=\"_blank\" rel=\"noopener noreferrer\">Technological<br \/>\nSciences<\/a><\/li>\n<\/ul>\n<\/div>\n<\/div>\n<\/div>\n<div class=\"col-m-4\">\n<div class=\"rama-organigrama\">\n<div class=\"departamentoCentral\">\n<ul>\n<li><a href=\"https:\/\/raed.academy\/en\/commissions\/\" target=\"_blank\" rel=\"noopener noreferrer\">STANDING COMMITTEES<\/a><\/li>\n<\/ul>\n<\/div>\n<div class=\"columnaHijos columnaCentral\">\n<ul>\n<li><a href=\"https:\/\/raed.academy\/en\/commissions\/#ejecutiva\" target=\"_blank\" rel=\"noopener noreferrer\">Executive<\/a><\/li>\n<li><a href=\"https:\/\/raed.academy\/en\/raed-publications\/\" target=\"_blank\" rel=\"noopener noreferrer\">Publications<\/a><\/li>\n<li><a href=\"https:\/\/raed.academy\/en\/commissions\/#admisiones\" target=\"_blank\" rel=\"noopener noreferrer\">Admission Board<\/a><\/li>\n<li class=\"ultimoHijo\"><a href=\"#\" target=\"_blank\" rel=\"noopener noreferrer\">Ethics<\/a><\/li>\n<\/ul>\n<\/div>\n<\/div>\n<\/div>\n<div class=\"col-m-4\">\n<div class=\"rama-organigrama\">\n<div class=\"departamentoDerecha\">\n<ul>\n<li><a href=\"#\">INSTITUTES<\/a><\/li>\n<\/ul>\n<\/div>\n<div class=\"columnaHijos columnaDerecha\">\n<ul>\n<li class=\"ultimoHijo\"><a href=\"#\">International and Institutional Relations\/a><\/li>\n<\/ul>\n<p><!--\n \t\n\n<li class=\"ultimoHijo\"><a href=\"#\">Research for the Development of College Women<\/a><\/li>\n\n\n--><\/p>\n<\/div>\n<\/div>\n<\/div>\n<\/div>\n<\/div>\n<\/div>\n<p>&nbsp;<\/p>\n<hr \/>\n<p>Its principal activities are:<\/p>\n<ul>\n<li>Promote and encourage advances in literature, sciences, health, arts and technology as made effective through various social manifestations.<\/li>\n<\/ul>\n<ul>\n<li>Maintain the link of the members with the University and to serve as the link between the doctors of all the world, and especially of Spain and of all the European Union, encouraging cultural exchange.<\/li>\n<\/ul>\n<ul>\n<li>Watch over the rights, dignity and professional and business prestige and other prerogatives of the title of doctor, to procure the social and material improvements, to give support to all those who aspire to achieve this and to avoid the intrusion and an incorrect use of any doctoral distinctive.<\/li>\n<\/ul>\n<ul>\n<li>To encourage the scientific collaboration and inter-professional assistance of the members and interdisciplinary investigation.<\/li>\n<\/ul>\n<ul>\n<li>To work for the cause of peace through the close relations of cooperation between all the scientific academies of the world.<\/li>\n<\/ul>\n<ul>\n<li>To exercise the consultation, representative and electoral functions recognised in law.<\/li>\n<\/ul>\n<ul>\n<li>To advise and issue reports to the official organisms, public entities, corporations, companies, and other entities in the matters related to their speciality.<\/li>\n<\/ul>\n<ul>\n<li>To endorse those scientific investigations which because of their importance so deserve it.<\/li>\n<\/ul>\n<ul>\n<li>Advise the communication media on the veracity of the scientific information on any type of publicity that could be deceiving.<\/li>\n<\/ul>\n<ul>\n<li>To organize scientific activities aimed at the study and diffusion of disciplines that constitute its objective, in the form in accordance with its Board of Government, having first informed the corresponding section or sections.<\/li>\n<\/ul>\n<ul>\n<li>Promote and encourage investigation through the selective awarding of prizes, rewards or other stimulus that push forward scientific work, in accordance with conditions determined for this end by the Academy.<\/li>\n<\/ul>\n<ul>\n<li>Establishing and sustaining cultural relations with other corporations from across the European Union, or beyond it, either directly or through its numerary, emeritus, honorary or corresponding members.<\/li>\n<\/ul>\n<ul>\n<li>The organization of series of public lectures (conferences), training and educational programs, activities of academic diffusion and in collaboration with one or more universities, postgraduate, master and doctorate courses.<\/li>\n<\/ul>\n","protected":false},"excerpt":{"rendered":"<p>The Academy is structured as a functional organization chart which permits it to develop the scientific and academic activities for which it was created. GENERAL BOARD GOVERNING BOARD SENATE SECTIONS Social Sciences Health Sciences Human Sciences Experimental Sciences Technological Sciences STANDING COMMITTEES Executive Publications Admission Board Ethics INSTITUTES International and Institutional Relations\/a> &nbsp; Its principal [&hellip;]<\/p>\n","protected":false},"author":16,"featured_media":0,"parent":0,"menu_order":0,"comment_status":"open","ping_status":"open","template":"","meta":{"_et_pb_use_builder":"","_et_pb_old_content":"","_et_gb_content_width":"","footnotes":""},"class_list":["post-639","page","type-page","status-publish","hentry"],"yoast_head":"<!-- This site is optimized with the Yoast SEO plugin v27.4 - https:\/\/yoast.com\/product\/yoast-seo-wordpress\/ -->\n<title>Organization chart - Royal European Academy of Doctors<\/title>\n<meta name=\"description\" content=\"The Academy is structured as a functional organization chart which permits it to develop the scientific and academic activities for which it was created.\" \/>\n<meta name=\"robots\" content=\"index, follow, max-snippet:-1, max-image-preview:large, max-video-preview:-1\" \/>\n<link rel=\"canonical\" href=\"https:\/\/raed.academy\/en\/organization-chart\/\" \/>\n<meta property=\"og:locale\" content=\"en_US\" \/>\n<meta property=\"og:type\" content=\"article\" \/>\n<meta property=\"og:title\" content=\"Organization chart - Royal European Academy of Doctors\" \/>\n<meta property=\"og:description\" content=\"The Academy is structured as a functional organization chart which permits it to develop the scientific and academic activities for which it was created.\" \/>\n<meta property=\"og:url\" content=\"https:\/\/raed.academy\/en\/organization-chart\/\" \/>\n<meta property=\"og:site_name\" content=\"Royal European Academy of Doctors\" \/>\n<meta property=\"article:publisher\" content=\"http:\/\/fb.me\/raed.academy\" \/>\n<meta property=\"article:modified_time\" content=\"2025-10-08T15:14:53+00:00\" \/>\n<meta name=\"twitter:card\" content=\"summary_large_image\" \/>\n<meta name=\"twitter:site\" content=\"@raedacademy\" \/>\n<meta name=\"twitter:label1\" content=\"Est. reading time\" \/>\n\t<meta name=\"twitter:data1\" content=\"2 minutes\" \/>\n<script type=\"application\/ld+json\" class=\"yoast-schema-graph\">{\"@context\":\"https:\\\/\\\/schema.org\",\"@graph\":[{\"@type\":\"WebPage\",\"@id\":\"https:\\\/\\\/raed.academy\\\/en\\\/organization-chart\\\/\",\"url\":\"https:\\\/\\\/raed.academy\\\/en\\\/organization-chart\\\/\",\"name\":\"Organization chart - Royal European Academy of Doctors\",\"isPartOf\":{\"@id\":\"https:\\\/\\\/raed.academy\\\/en\\\/#website\"},\"datePublished\":\"2015-03-19T18:06:32+00:00\",\"dateModified\":\"2025-10-08T15:14:53+00:00\",\"description\":\"The Academy is structured as a functional organization chart which permits it to develop the scientific and academic activities for which it was created.\",\"breadcrumb\":{\"@id\":\"https:\\\/\\\/raed.academy\\\/en\\\/organization-chart\\\/#breadcrumb\"},\"inLanguage\":\"en-US\",\"potentialAction\":[{\"@type\":\"ReadAction\",\"target\":[\"https:\\\/\\\/raed.academy\\\/en\\\/organization-chart\\\/\"]}]},{\"@type\":\"BreadcrumbList\",\"@id\":\"https:\\\/\\\/raed.academy\\\/en\\\/organization-chart\\\/#breadcrumb\",\"itemListElement\":[{\"@type\":\"ListItem\",\"position\":1,\"name\":\"Inicio\",\"item\":\"https:\\\/\\\/raed.academy\\\/en\\\/\"},{\"@type\":\"ListItem\",\"position\":2,\"name\":\"Organization chart\"}]},{\"@type\":\"WebSite\",\"@id\":\"https:\\\/\\\/raed.academy\\\/en\\\/#website\",\"url\":\"https:\\\/\\\/raed.academy\\\/en\\\/\",\"name\":\"Royal European Academy of Doctors\",\"description\":\"Corporaci\u00f3n de derecho p\u00fablico de car\u00e1cter cient\u00edfico, t\u00e9cnico y art\u00edstico, que tiene por objeto la investigaci\u00f3n, el estudio, el fomento y la extensi\u00f3n del conocimiento en su sentido m\u00e1s amplio.\",\"publisher\":{\"@id\":\"https:\\\/\\\/raed.academy\\\/en\\\/#organization\"},\"potentialAction\":[{\"@type\":\"SearchAction\",\"target\":{\"@type\":\"EntryPoint\",\"urlTemplate\":\"https:\\\/\\\/raed.academy\\\/en\\\/?s={search_term_string}\"},\"query-input\":{\"@type\":\"PropertyValueSpecification\",\"valueRequired\":true,\"valueName\":\"search_term_string\"}}],\"inLanguage\":\"en-US\"},{\"@type\":\"Organization\",\"@id\":\"https:\\\/\\\/raed.academy\\\/en\\\/#organization\",\"name\":\"Real Academia Europea de Doctores\",\"url\":\"https:\\\/\\\/raed.academy\\\/en\\\/\",\"logo\":{\"@type\":\"ImageObject\",\"inLanguage\":\"en-US\",\"@id\":\"https:\\\/\\\/raed.academy\\\/en\\\/#\\\/schema\\\/logo\\\/image\\\/\",\"url\":\"https:\\\/\\\/raed.academy\\\/wp-content\\\/uploads\\\/2017\\\/01\\\/cropped-logo_raed.png\",\"contentUrl\":\"https:\\\/\\\/raed.academy\\\/wp-content\\\/uploads\\\/2017\\\/01\\\/cropped-logo_raed.png\",\"width\":512,\"height\":512,\"caption\":\"Real Academia Europea de Doctores\"},\"image\":{\"@id\":\"https:\\\/\\\/raed.academy\\\/en\\\/#\\\/schema\\\/logo\\\/image\\\/\"},\"sameAs\":[\"http:\\\/\\\/fb.me\\\/raed.academy\",\"https:\\\/\\\/x.com\\\/raedacademy\",\"https:\\\/\\\/www.instagram.com\\\/raed.academy\\\/\",\"https:\\\/\\\/www.youtube.com\\\/channel\\\/UCUYQwW2KrdirNWihxMDObwg\"]}]}<\/script>\n<!-- \/ Yoast SEO plugin. -->","yoast_head_json":{"title":"Organization chart - Royal European Academy of Doctors","description":"The Academy is structured as a functional organization chart which permits it to develop the scientific and academic activities for which it was created.","robots":{"index":"index","follow":"follow","max-snippet":"max-snippet:-1","max-image-preview":"max-image-preview:large","max-video-preview":"max-video-preview:-1"},"canonical":"https:\/\/raed.academy\/en\/organization-chart\/","og_locale":"en_US","og_type":"article","og_title":"Organization chart - Royal European Academy of Doctors","og_description":"The Academy is structured as a functional organization chart which permits it to develop the scientific and academic activities for which it was created.","og_url":"https:\/\/raed.academy\/en\/organization-chart\/","og_site_name":"Royal European Academy of Doctors","article_publisher":"http:\/\/fb.me\/raed.academy","article_modified_time":"2025-10-08T15:14:53+00:00","twitter_card":"summary_large_image","twitter_site":"@raedacademy","twitter_misc":{"Est. reading time":"2 minutes"},"schema":{"@context":"https:\/\/schema.org","@graph":[{"@type":"WebPage","@id":"https:\/\/raed.academy\/en\/organization-chart\/","url":"https:\/\/raed.academy\/en\/organization-chart\/","name":"Organization chart - Royal European Academy of Doctors","isPartOf":{"@id":"https:\/\/raed.academy\/en\/#website"},"datePublished":"2015-03-19T18:06:32+00:00","dateModified":"2025-10-08T15:14:53+00:00","description":"The Academy is structured as a functional organization chart which permits it to develop the scientific and academic activities for which it was created.","breadcrumb":{"@id":"https:\/\/raed.academy\/en\/organization-chart\/#breadcrumb"},"inLanguage":"en-US","potentialAction":[{"@type":"ReadAction","target":["https:\/\/raed.academy\/en\/organization-chart\/"]}]},{"@type":"BreadcrumbList","@id":"https:\/\/raed.academy\/en\/organization-chart\/#breadcrumb","itemListElement":[{"@type":"ListItem","position":1,"name":"Inicio","item":"https:\/\/raed.academy\/en\/"},{"@type":"ListItem","position":2,"name":"Organization chart"}]},{"@type":"WebSite","@id":"https:\/\/raed.academy\/en\/#website","url":"https:\/\/raed.academy\/en\/","name":"Royal European Academy of Doctors","description":"Corporaci\u00f3n de derecho p\u00fablico de car\u00e1cter cient\u00edfico, t\u00e9cnico y art\u00edstico, que tiene por objeto la investigaci\u00f3n, el estudio, el fomento y la extensi\u00f3n del conocimiento en su sentido m\u00e1s amplio.","publisher":{"@id":"https:\/\/raed.academy\/en\/#organization"},"potentialAction":[{"@type":"SearchAction","target":{"@type":"EntryPoint","urlTemplate":"https:\/\/raed.academy\/en\/?s={search_term_string}"},"query-input":{"@type":"PropertyValueSpecification","valueRequired":true,"valueName":"search_term_string"}}],"inLanguage":"en-US"},{"@type":"Organization","@id":"https:\/\/raed.academy\/en\/#organization","name":"Real Academia Europea de Doctores","url":"https:\/\/raed.academy\/en\/","logo":{"@type":"ImageObject","inLanguage":"en-US","@id":"https:\/\/raed.academy\/en\/#\/schema\/logo\/image\/","url":"https:\/\/raed.academy\/wp-content\/uploads\/2017\/01\/cropped-logo_raed.png","contentUrl":"https:\/\/raed.academy\/wp-content\/uploads\/2017\/01\/cropped-logo_raed.png","width":512,"height":512,"caption":"Real Academia Europea de Doctores"},"image":{"@id":"https:\/\/raed.academy\/en\/#\/schema\/logo\/image\/"},"sameAs":["http:\/\/fb.me\/raed.academy","https:\/\/x.com\/raedacademy","https:\/\/www.instagram.com\/raed.academy\/","https:\/\/www.youtube.com\/channel\/UCUYQwW2KrdirNWihxMDObwg"]}]}},"_links":{"self":[{"href":"https:\/\/raed.academy\/en\/wp-json\/wp\/v2\/pages\/639","targetHints":{"allow":["GET"]}}],"collection":[{"href":"https:\/\/raed.academy\/en\/wp-json\/wp\/v2\/pages"}],"about":[{"href":"https:\/\/raed.academy\/en\/wp-json\/wp\/v2\/types\/page"}],"author":[{"embeddable":true,"href":"https:\/\/raed.academy\/en\/wp-json\/wp\/v2\/users\/16"}],"replies":[{"embeddable":true,"href":"https:\/\/raed.academy\/en\/wp-json\/wp\/v2\/comments?post=639"}],"version-history":[{"count":2,"href":"https:\/\/raed.academy\/en\/wp-json\/wp\/v2\/pages\/639\/revisions"}],"predecessor-version":[{"id":171953,"href":"https:\/\/raed.academy\/en\/wp-json\/wp\/v2\/pages\/639\/revisions\/171953"}],"wp:attachment":[{"href":"https:\/\/raed.academy\/en\/wp-json\/wp\/v2\/media?parent=639"}],"curies":[{"name":"wp","href":"https:\/\/api.w.org\/{rel}","templated":true}]}}