{"id":55487,"date":"2018-08-22T10:29:28","date_gmt":"2018-08-22T10:29:28","guid":{"rendered":"http:\/\/raed.academy\/?page_id=55487"},"modified":"2019-12-20T12:46:30","modified_gmt":"2019-12-20T12:46:30","slug":"raed-in-the-media","status":"publish","type":"page","link":"https:\/\/raed.academy\/en\/raed-in-the-media\/","title":{"rendered":"RAED in the media"},"content":{"rendered":"<div class=\"col-4 menuAcordeon continuo\" id=\"clippingsPrensa\" >\n<ul>\n<li><a class=\"acordeon\">NOBEL PRIZES<\/a>\n<div class=\"panel\">\n<ul>\n<li><a href=\"javascript:void(0)\" class=\"enlaceTab\" onclick=\"muestraTabSinMarcas(event, 'PremiosNobel')\" >Obra Social La Caixa and Fundaci\u00f3n Cajasol<\/a><\/li>\n<\/ul>\n<\/div>\n<\/li>\n<li><a class=\"acordeon\">CONCERTS WITH SOUL<\/a>\n<div class=\"panel\">\n<ul>\n<li><a href=\"javascript:void(0)\" class=\"enlaceTab\" onclick=\"muestraTabSinMarcas(event, 'ParaLosValientes')\" >2nd concert and project &#8220;For the brave&#8221;<\/a><\/li>\n<li><a href=\"javascript:void(0)\" class=\"enlaceTab\" onclick=\"muestraTabSinMarcas(event, 'FundacionClaros')\" >3rd concert and presentation of the Clar\u00f3s Foundation<\/a><\/li>\n<\/ul>\n<\/div>\n<\/li>\n<li><a class=\"acordeon\">ACADEMIC ACTS<\/a>\n<div class=\"panel\">\n<ul>\n<li><a href=\"javascript:void(0)\" class=\"enlaceTab\" onclick=\"muestraTabSinMarcas(event, '2018')\">2018<\/a><\/li>\n<li><a href=\"javascript:void(0)\" class=\"enlaceTab\" onclick=\"muestraTabSinMarcas(event, '2019')\">2019<\/a><\/li>\n<\/ul>\n<\/div>\n<\/li>\n<li><a class=\"acordeon\">RAED CONGRESS 2018<\/a>\n<div class=\"panel\">\n<ul>\n<li><a href=\"javascript:void(0)\" class=\"enlaceTab\" onclick=\"muestraTabSinMarcas(event, 'congreso2018')\">IV International Act of the RAED<\/a><\/li>\n<\/ul>\n<\/div>\n<\/li>\n<li><a class=\"acordeon\">AUDIOVISUAL MEDIA<\/a>\n<div class=\"panel\">\n<ul>\n<li><a href=\"javascript:void(0)\" class=\"enlaceTab\" onclick=\"muestraTabSinMarcas(event, 'valldemossa')\" id=\"predeterminado\">Press conference in Valldemossa<\/a><\/li>\n<\/ul>\n<\/div>\n<\/li>\n<\/ul>\n<p>  <!-- final del listado completo -->\n<\/div>\n<p>\t<!--  Final de la capa de clases \"col-4 y etiqueta menuAcordeon  --><\/p>\n<div id=\"PremiosNobel\" class=\"contenidoTab col-8 seccion\">\n<h2>Conferencias <a href=\"http:\/\/www.obrasociallacaixa.org\/\" rel=\"noopener noreferrer\" target=\"_blank\">Obra Social La Caixa<\/a> y <a href=\"http:\/\/www.fundacioncajasol.es\/\" rel=\"noopener noreferrer\" target=\"_blank\">Fundaci\u00f3n Cajasol<\/a><\/h2>\n<p>Serie de conferencias impartidas por Premios Nobel:<\/p>\n<ul>\n<li><strong>\u201cLa ciencia vista a trav\u00e9s de los ojos de Premios Nobel\u201d<\/strong>, celebrado en el CosmoCaixa de Barcelona organizado por la <a href=\"http:\/\/www.obrasociallacaixa.org\/\" rel=\"noopener noreferrer\" target=\"_blank\">Obra Social La Caixa<\/a>.<\/li>\n<li><strong>\u201cTalento Nobel\u201d<\/strong>, organizado en Sevilla por la <a href=\"http:\/\/www.fundacioncajasol.es\/\" rel=\"noopener noreferrer\" target=\"_blank\">Fundaci\u00f3n Cajasol<\/a>.<\/li>\n<\/ul>\n<p>Premios Nobel participantes: <a href=\"http:\/\/raed.academy\/en\/academicians\/dr-sheldon-lee-glashow\/\" rel=\"noopener noreferrer\" target=\"_blank\"><strong>Sheldon Glashow<\/strong><\/a>, <a href=\"http:\/\/raed.academy\/en\/academicians\/dr-aaron-ciechanover\/\" rel=\"noopener noreferrer\" target=\"_blank\"><strong>Aaron Ciechanover<\/strong><\/a>, <a href=\"http:\/\/raed.academy\/en\/academicians\/dra-ada-yonath\/\" rel=\"noopener noreferrer\" target=\"_blank\"><strong>Ada Yonath<\/strong><\/a>, <a href=\"http:\/\/raed.academy\/en\/academicians\/dr-richard-roberts\/\" rel=\"noopener noreferrer\" target=\"_blank\"><strong>Richard Roberts<\/strong><\/a> y <a href=\"http:\/\/raed.academy\/en\/academicians\/dr-jerome-isaac-friedman\/\" rel=\"noopener noreferrer\" target=\"_blank\"><strong>Jerome Friedman<\/strong><\/a>.<\/p>\n<div style=\"text-align:center;\">\n<div style=\"margin:8px 0px 4px;\"><a href=\"https:\/\/www.calameo.com\/books\/00547375458c0f885c430\" target=\"_blank\" rel=\"noopener noreferrer\">Ciclo de conferencias Premios Nobel 2018 | 2018&#47;02&#47;19. V5<\/a><\/div>\n<p><iframe loading=\"lazy\" src=\"\/\/v.calameo.com\/?bkcode=00547375458c0f885c430&#038;mode=mini\" width=\"480\" height=\"300\" frameborder=\"0\" scrolling=\"no\" allowtransparency allowfullscreen style=\"margin:0 auto;\"><\/iframe><\/div>\n<\/div>\n<div id=\"ParaLosValientes\" class=\"contenidoTab col-8 seccion\">\n<h3>2\u00ba concierto del ciclo &#8220;Conciertos con alma&#8221; y presentaci\u00f3n de la iniciativa &#8220;Para los valientes&#8221;<\/h3>\n<div style=\"text-align:center;\"><iframe loading=\"lazy\" src=\"\/\/v.calameo.com\/?bkcode=005473754348fa0a2a18b&#038;mode=mini&#038;clickto=view&#038;clicktarget=_self\" width=\"480\" height=\"300\" frameborder=\"0\" scrolling=\"no\" allowtransparency allowfullscreen style=\"margin:0 auto;\"><\/iframe><\/div>\n<\/div>\n<div id=\"FundacionClaros\" class=\"contenidoTab col-8 seccion\">\n<h3>3\u00ba concierto del ciclo &#8220;Conciertos con alma&#8221; y presentaci\u00f3n de la <a href=\"http:\/\/www.fundacionclaros.com\/\" rel=\"noopener noreferrer\" target=\"_blank\">Fundaci\u00f3n Clar\u00f3s<\/a><\/h3>\n<div style=\"text-align:center;\"><iframe loading=\"lazy\" src=\"\/\/v.calameo.com\/?bkcode=005473754f25395c7890b&#038;mode=mini\" width=\"480\" height=\"300\" frameborder=\"0\" scrolling=\"no\" allowtransparency allowfullscreen style=\"margin:0 auto;\"><\/iframe><\/div>\n<\/div>\n<div id=\"2018\" class=\"contenidoTab col-8 seccion\">\n<h2>2018<\/h2>\n<h3>Presentation of &#8220;La noria del siglo XXI&#8221;, by Dr. A\u00f1overos<\/h3>\n<div style=\"text-align:center;\"><iframe loading=\"lazy\" src=\"\/\/v.calameo.com\/?bkcode=0054737545ce16da79d41&#038;mode=mini&#038;showsharemenu=false&#038;clickto=view&#038;clicktarget=_blank\" width=\"480\" height=\"300\" frameborder=\"0\" scrolling=\"no\" allowtransparency allowfullscreen style=\"margin:0 auto;\"><\/iframe><\/div>\n<hr>\n<h3>Debate \u201cHidrataci\u00f3n y salud en la Europa del siglo XXI\u201d (Hydration and health in the Europe of the 21st century)<\/h3>\n<p>Debate with the title &#8220;Hydration and health in the XXI century Europe&#8221;, which took place in Barcelona on March 22, 2018 coinciding with the celebration of World Water Day. Impacts in the press.<br \/>\nThe act was chaired by <a href=\"http:\/\/raed.academy\/en\/academicians\/dra-maria-dels-angels-calvo-torras\/\" rel=\"noopener noreferrer\" target=\"_blank\"><strong>Maria \u00c0ngels Calvo<\/strong><\/a>, and had the participation of <a href=\"http:\/\/raed.academy\/en\/academicians\/dr-lluis-serra-majem\/\" rel=\"noopener noreferrer\" target=\"_blank\"><strong>Llu\u00eds Serra Majem<\/strong><\/a>, <a href=\"http:\/\/raed.academy\/en\/academicians\/dr-javier-aranceta-bartrina\/\" rel=\"noopener noreferrer\" target=\"_blank\"><strong>Javier Aranceta<\/strong><\/a>, <strong>Rafael Urrialde<\/strong> and <strong>Faustino Mu\u00f1oz<\/strong>.<\/p>\n<div style=\"text-align:center;\"><iframe loading=\"lazy\" src=\"\/\/v.calameo.com\/?bkcode=0054737544c1bb21cae84&#038;mode=mini&#038;clickto=view&#038;clicktarget=_blank\" width=\"480\" height=\"300\" frameborder=\"0\" scrolling=\"no\" allowtransparency allowfullscreen style=\"margin:0 auto;\"><\/iframe><\/div>\n<p><a href=\"http:\/\/raed.academy\/beber-agua\/\">More information about the act<\/a>.<\/p>\n<hr>\n<h3>Speech by Dilma Rousseff, former President of Brazil<\/h3>\n<p>His speech took place on April 12, 2018, at an event held by RAED in Barcelona. Rousseff gave the speech \u201cBrasil, mi experiencia como presidenta\u201d (Brazil, my experience as president), where she reviewed her presidential mandate between 2011 and 2016 and explained the current social and political situation in the country. Impacts on the press.<\/p>\n<div style=\"text-align:center;\"><iframe loading=\"lazy\" src=\"\/\/v.calameo.com\/?bkcode=0054737543f769950fdf5&#038;mode=mini&#038;clickto=view&#038;clicktarget=_blank\" width=\"480\" height=\"300\" frameborder=\"0\" scrolling=\"no\" allowtransparency allowfullscreen style=\"margin:0 auto;\"><\/iframe><\/div>\n<p><a href=\"http:\/\/raed.academy\/discurso-dilma-rousseff-raed\/\">More information about the act<\/a>.<\/p>\n<hr>\n<h3>Debate \u201cTabaquismo, presente y futuro\u201d (Smoking, present and future)<\/h3>\n<p>Debate organized by the RAED with the title &#8220;Tabaquismo, presente y futuro&#8221;, (Smoking, present and future), held on May 31, 2018, coinciding with the world anti-tobacco day.<\/p>\n<div style=\"text-align:center;\"><iframe loading=\"lazy\" src=\"\/\/v.calameo.com\/?bkcode=005473754bc1d4868ba8e&#038;mode=mini&#038;clickto=view&#038;clicktarget=_blank\" width=\"480\" height=\"300\" frameborder=\"0\" scrolling=\"no\" allowtransparency allowfullscreen style=\"margin:0 auto;\"><\/iframe><\/div>\n<p><a href=\"http:\/\/raed.academy\/debate-sobre-tabaquismo\/\">More information about the act<\/a>.<\/p>\n<hr>\n<h3>Debate &#8220;La educaci\u00f3n en tecnolog\u00eda. La ense\u00f1anza de la ingenier\u00eda: un modelo en revisi\u00f3n en Espa\u00f1a\u201d (The education in technology. Engineering education: a model under review in Spain)<\/h3>\n<p>Act held at the headquarters of the RAED on June 5, 2018<\/p>\n<div style=\"text-align:center;\"><iframe loading=\"lazy\" src=\"\/\/v.calameo.com\/?bkcode=005473754e4b0728973d2&#038;mode=mini&#038;clickto=view&#038;clicktarget=_blank\" width=\"480\" height=\"300\" frameborder=\"0\" scrolling=\"no\" allowtransparency allowfullscreen style=\"margin:0 auto;\"><\/iframe><\/div>\n<p><a href=\"http:\/\/raed.academy\/educacion-tecnologia-ingenieria\/\">More information about the act<\/a>.<\/p>\n<hr>\n<h3>Debate &#8220;Mujeres que cambian el mundo&#8221; (Women who change the world)<\/h3>\n<p>Held in Madrid on June 21, 2018.<br \/>\nParticipants: <a href=\"http:\/\/raed.academy\/en\/academicians\/dra-teresa-freixes-sanjuan\/\" rel=\"noopener noreferrer\" target=\"_blank\"><strong>Teresa Freixes<\/strong><\/a>, <strong>Paloma Domingo<\/strong>, <strong>Ana Bujald\u00f3n<\/strong>, <strong>Rosa Rubio<\/strong>, <strong>Arantza Mart\u00ednez<\/strong>, <strong>Karen Bia\u00edn<\/strong>.Chaired by: <strong>Cecilia Kindel\u00e1n<\/strong>.<\/p>\n<div style=\"text-align:center;\"><iframe loading=\"lazy\" src=\"\/\/v.calameo.com\/?bkcode=00547375425a94eb4ae1d&#038;mode=mini&#038;clickto=view&#038;clicktarget=_blank\" width=\"480\" height=\"300\" frameborder=\"0\" scrolling=\"no\" allowtransparency allowfullscreen style=\"margin:0 auto;\"><\/iframe><\/div>\n<p><a href=\"http:\/\/raed.academy\/mujeres-que-cambian-el-mundo-2\/\">More information about the act<\/a>.\n<\/div>\n<div id=\"2019\" class=\"contenidoTab col-8 seccion\" style=\"display: block;\">\n<h2>2019<\/h2>\n<h3>Scientific Meeting of the Royal Academy of Medicine of the Basque Country (RAMPV-EHMEA) with the Royal European Academy of Doctors (RAED)<\/h3>\n<h4>Bilbao, January 23, 2019<\/h4>\n<div style=\"text-align:center;\"><iframe loading=\"lazy\" src=\"\/\/v.calameo.com\/?bkcode=0054737540705b215d902&amp;mode=mini\" scrolling=\"no\" allowtransparency=\"\" allowfullscreen=\"\" style=\"margin:0 auto;\" width=\"480\" height=\"300\" frameborder=\"0\"><\/iframe><\/div>\n<p><a href=\"https:\/\/raed.academy\/wp-content\/uploads\/2019\/03\/2019-01-30.El_Correo-JR-Calvo_Mosquitos-comp.pdf\" rel=\"noopener noreferrer\" target=\"_blank\"><\/a><\/p>\n<p><a href=\"https:\/\/raed.academy\/wp-content\/uploads\/2019\/03\/2019-01-30.El_Correo-JR-Calvo_Mosquitos-comp.pdf\" rel=\"noopener noreferrer\" target=\"_blank\"><\/p>\n<h4>Press article of &#8216;El Correo&#8217;<\/h4>\n<p><\/a><\/p>\n<p><a href=\"https:\/\/raed.academy\/wp-content\/uploads\/2019\/03\/2019-01-30.El_Correo-JR-Calvo_Mosquitos-comp.pdf\" rel=\"noopener noreferrer\" target=\"_blank\"><\/a><\/p>\n<hr>\n<h3>Act &#8220;100t\u00edfiques&#8221; with the Honorary Academicians of the RAED Dr. Ada Yonath and Dr. Jerome Friedman<\/h3>\n<div style=\"text-align:center;\"><iframe loading=\"lazy\" src=\"\/\/v.calameo.com\/?bkcode=0054737544b7ebd850a0b&amp;mode=mini&amp;clickto=view&amp;clicktarget=_self\" scrolling=\"no\" allowtransparency=\"\" allowfullscreen=\"\" style=\"margin:0 auto;\" width=\"480\" height=\"300\" frameborder=\"0\"><\/iframe><\/div>\n<hr>\n<h3>Act of admission of the Roca Brothers in the RAED: Joan Roca i Fontan\u00e9, Josep Roca i Fontan\u00e9 and Jordi Roca i Fontan\u00e9<\/h3>\n<div style=\"text-align: center;\"><iframe loading=\"lazy\" style=\"margin: 0 auto;\" src=\"\/\/v.calameo.com\/?bkcode=0054737542b44c68bf858&amp;mode=mini&amp;clickto=view&amp;clicktarget=_self\" scrolling=\"no\" allowfullscreen=\"allowfullscreen\" width=\"480\" height=\"300\" frameborder=\"0\"><\/iframe><\/div>\n<hr>\n<h3>Act of admission of Dr. Josep Maria Guilemany Casadamon in the RAED<\/h3>\n<div style=\"text-align:center;\"><iframe loading=\"lazy\" src=\"\/\/v.calameo.com\/?bkcode=0054737548b41e206c879&amp;mode=mini&amp;clickto=view&amp;clicktarget=_self\" scrolling=\"no\" allowtransparency=\"\" allowfullscreen=\"\" style=\"margin:0 auto;\" width=\"480\" height=\"300\" frameborder=\"0\"><\/iframe><\/div>\n<h3>The risks of aging here and now. A critical dialogue about elder abuse<\/h3>\n<h4>Reial Cercle Art\u00edstic de Barcelona, 12 december 2019<\/h4>\n<div style=\"text-align:center;\"><iframe loading=\"lazy\" src=\"\/\/v.calameo.com\/?bkcode=0054737544c12ce945651&#038;mode=mini&#038;clickto=view&#038;clicktarget=_blank\" width=\"560\" height=\"350\" frameborder=\"0\" scrolling=\"no\" allowtransparency allowfullscreen style=\"margin:0 auto;\"><\/iframe><\/div>\n<hr>\n<\/div>\n<div id=\"congreso2018\" class=\"contenidoTab col-8 seccion\">\n<h2>IV International Act of the RAED \u2013 European Congress of Interdisciplinary Research &#8220;Science, Ethics and Humanism&#8221;<\/h2>\n<p>Held between July 11 and 18, 2018. Ajaccio \u2013 Civitavecchia \u2013 La Spezia \u2013 Genova \u2013 Cannes \u2013 Palma de Mallorca.<\/p>\n<p>Impacts on the press.<\/p>\n<div style=\"text-align:center;\"><iframe loading=\"lazy\" src=\"\/\/v.calameo.com\/?bkcode=00547375444f8b4de3b82&#038;mode=mini&#038;clickto=view&#038;clicktarget=_blank\" width=\"480\" height=\"300\" frameborder=\"0\" scrolling=\"no\" allowtransparency allowfullscreen style=\"margin:0 auto;\"><\/iframe><\/div>\n<p><a href=\"http:\/\/raed.academy\/iv-acto-internacional\/\">More information about the congress<\/a>.\n<\/div>\n<div id=\"valldemossa\" class=\"contenidoTab col-8 seccion\">\n<h2>Press conference in Valldemossa<\/h2>\n<p>Press conference in the town of Valldemossa, Mallorca, on 07\/17\/2018, to the Honorary Academicians and Nobel Laureates <a href=\"http:\/\/raed.academy\/en\/academicians\/dr-barry-clark-barish\/\" rel=\"noopener noreferrer\" target=\"_blank\"><strong>Barry Barish<\/strong><\/a>, <a href=\"http:\/\/raed.academy\/en\/academicians\/dr-richard-royce-schrock\/\" rel=\"noopener noreferrer\" target=\"_blank\"><strong>Richard Schrock<\/strong><\/a>, <a href=\"http:\/\/raed.academy\/en\/academicians\/dr-jerome-isaac-friedman\/\" rel=\"noopener noreferrer\" target=\"_blank\"><strong>Jerome I. Friedman<\/strong><\/a> and <a href=\"http:\/\/raed.academy\/en\/academicians\/dr-aaron-ciechanover\/\" rel=\"noopener noreferrer\" target=\"_blank\"><strong>Aaron Ciechanover<\/strong><\/a>; and to the Honorary Academician and former president of Ecuador <a href=\"http:\/\/raed.academy\/en\/academicians\/dra-rosalia-arteaga-serrano\/\" rel=\"noopener noreferrer\" target=\"_blank\"><strong>Rosal\u00eda Arteaga<\/strong><\/a><br \/>\nThe events in Valldemossa are framed within the <a href=\"http:\/\/raed.academy\/iv-acto-internacional\/\"><strong>IV International Act of the RAED<\/strong><\/a>.<br \/>\n<a href=\"http:\/\/raed.academy\/iv-acto-internacional\/\">More information about the congress<\/a>.<\/p>\n<h4>IB3 NOT\u00cdCIES<\/h4>\n<p><iframe loading=\"lazy\" width=\"640\" height=\"360\" src=\"https:\/\/www.youtube.com\/embed\/4lp-NPV5C-4\" frameborder=\"0\" allow=\"autoplay; encrypted-media\" allowfullscreen><\/iframe><\/p>\n<h4>Informatiu Balear-TVE<\/h4>\n<p><iframe loading=\"lazy\" width=\"640\" height=\"360\" src=\"https:\/\/www.youtube.com\/embed\/ZAiri_gxTCU\" frameborder=\"0\" allow=\"autoplay; encrypted-media\" allowfullscreen><\/iframe><\/p>\n<h4>Diario de Mallorca<\/h4>\n<p><iframe loading=\"lazy\" width=\"640\" height=\"360\" src=\"https:\/\/www.youtube.com\/embed\/3GovPsE_1So\" frameborder=\"0\" allow=\"autoplay; encrypted-media\" allowfullscreen><\/iframe><\/p>\n<\/div>\n<p><script type=\"text\/javascript\" src=\"\/wp-content\/themes\/raed-extra-child\/js\/scripts.js\"><\/script><br \/>\n<script  type=\"text\/javascript\" src=\"\/wp-content\/themes\/raed-extra-child\/js\/efecto-acordeon.js\"><\/script><\/p>\n","protected":false},"excerpt":{"rendered":"<p>NOBEL PRIZES Obra Social La Caixa and Fundaci\u00f3n Cajasol CONCERTS WITH SOUL 2nd concert and project &#8220;For the brave&#8221; 3rd concert and presentation of the Clar\u00f3s Foundation ACADEMIC ACTS 2018 2019 RAED CONGRESS 2018 IV International Act of the RAED AUDIOVISUAL MEDIA Press conference in Valldemossa Conferencias Obra Social La Caixa y Fundaci\u00f3n Cajasol Serie [&hellip;]<\/p>\n","protected":false},"author":16,"featured_media":0,"parent":0,"menu_order":0,"comment_status":"closed","ping_status":"closed","template":"page-template-fullwidth.php","meta":{"_et_pb_use_builder":"","_et_pb_old_content":"","_et_gb_content_width":"","footnotes":""},"class_list":["post-55487","page","type-page","status-publish","hentry"],"yoast_head":"<!-- This site is optimized with the Yoast SEO plugin v27.4 - https:\/\/yoast.com\/product\/yoast-seo-wordpress\/ -->\n<title>RAED in the media - Royal European Academy of Doctors<\/title>\n<meta name=\"robots\" content=\"index, follow, max-snippet:-1, max-image-preview:large, max-video-preview:-1\" \/>\n<link rel=\"canonical\" href=\"https:\/\/raed.academy\/en\/raed-in-the-media\/\" \/>\n<meta property=\"og:locale\" content=\"en_US\" \/>\n<meta property=\"og:type\" content=\"article\" \/>\n<meta property=\"og:title\" content=\"RAED in the media - Royal European Academy of Doctors\" \/>\n<meta property=\"og:description\" content=\"NOBEL PRIZES Obra Social La Caixa and Fundaci\u00f3n Cajasol CONCERTS WITH SOUL 2nd concert and project &#8220;For the brave&#8221; 3rd concert and presentation of the Clar\u00f3s Foundation ACADEMIC ACTS 2018 2019 RAED CONGRESS 2018 IV International Act of the RAED AUDIOVISUAL MEDIA Press conference in Valldemossa Conferencias Obra Social La Caixa y Fundaci\u00f3n Cajasol Serie [&hellip;]\" \/>\n<meta property=\"og:url\" content=\"https:\/\/raed.academy\/en\/raed-in-the-media\/\" \/>\n<meta property=\"og:site_name\" content=\"Royal European Academy of Doctors\" \/>\n<meta property=\"article:publisher\" content=\"http:\/\/fb.me\/raed.academy\" \/>\n<meta property=\"article:modified_time\" content=\"2019-12-20T12:46:30+00:00\" \/>\n<meta name=\"twitter:card\" content=\"summary_large_image\" \/>\n<meta name=\"twitter:site\" content=\"@raedacademy\" \/>\n<meta name=\"twitter:label1\" content=\"Est. reading time\" \/>\n\t<meta name=\"twitter:data1\" content=\"3 minutes\" \/>\n<script type=\"application\/ld+json\" class=\"yoast-schema-graph\">{\"@context\":\"https:\\\/\\\/schema.org\",\"@graph\":[{\"@type\":\"WebPage\",\"@id\":\"https:\\\/\\\/raed.academy\\\/en\\\/raed-in-the-media\\\/\",\"url\":\"https:\\\/\\\/raed.academy\\\/en\\\/raed-in-the-media\\\/\",\"name\":\"RAED in the media - Royal European Academy of Doctors\",\"isPartOf\":{\"@id\":\"https:\\\/\\\/raed.academy\\\/en\\\/#website\"},\"datePublished\":\"2018-08-22T10:29:28+00:00\",\"dateModified\":\"2019-12-20T12:46:30+00:00\",\"breadcrumb\":{\"@id\":\"https:\\\/\\\/raed.academy\\\/en\\\/raed-in-the-media\\\/#breadcrumb\"},\"inLanguage\":\"en-US\",\"potentialAction\":[{\"@type\":\"ReadAction\",\"target\":[\"https:\\\/\\\/raed.academy\\\/en\\\/raed-in-the-media\\\/\"]}]},{\"@type\":\"BreadcrumbList\",\"@id\":\"https:\\\/\\\/raed.academy\\\/en\\\/raed-in-the-media\\\/#breadcrumb\",\"itemListElement\":[{\"@type\":\"ListItem\",\"position\":1,\"name\":\"Inicio\",\"item\":\"https:\\\/\\\/raed.academy\\\/en\\\/\"},{\"@type\":\"ListItem\",\"position\":2,\"name\":\"RAED in the media\"}]},{\"@type\":\"WebSite\",\"@id\":\"https:\\\/\\\/raed.academy\\\/en\\\/#website\",\"url\":\"https:\\\/\\\/raed.academy\\\/en\\\/\",\"name\":\"Royal European Academy of Doctors\",\"description\":\"Corporaci\u00f3n de derecho p\u00fablico de car\u00e1cter cient\u00edfico, t\u00e9cnico y art\u00edstico, que tiene por objeto la investigaci\u00f3n, el estudio, el fomento y la extensi\u00f3n del conocimiento en su sentido m\u00e1s amplio.\",\"publisher\":{\"@id\":\"https:\\\/\\\/raed.academy\\\/en\\\/#organization\"},\"potentialAction\":[{\"@type\":\"SearchAction\",\"target\":{\"@type\":\"EntryPoint\",\"urlTemplate\":\"https:\\\/\\\/raed.academy\\\/en\\\/?s={search_term_string}\"},\"query-input\":{\"@type\":\"PropertyValueSpecification\",\"valueRequired\":true,\"valueName\":\"search_term_string\"}}],\"inLanguage\":\"en-US\"},{\"@type\":\"Organization\",\"@id\":\"https:\\\/\\\/raed.academy\\\/en\\\/#organization\",\"name\":\"Real Academia Europea de Doctores\",\"url\":\"https:\\\/\\\/raed.academy\\\/en\\\/\",\"logo\":{\"@type\":\"ImageObject\",\"inLanguage\":\"en-US\",\"@id\":\"https:\\\/\\\/raed.academy\\\/en\\\/#\\\/schema\\\/logo\\\/image\\\/\",\"url\":\"https:\\\/\\\/raed.academy\\\/wp-content\\\/uploads\\\/2017\\\/01\\\/cropped-logo_raed.png\",\"contentUrl\":\"https:\\\/\\\/raed.academy\\\/wp-content\\\/uploads\\\/2017\\\/01\\\/cropped-logo_raed.png\",\"width\":512,\"height\":512,\"caption\":\"Real Academia Europea de Doctores\"},\"image\":{\"@id\":\"https:\\\/\\\/raed.academy\\\/en\\\/#\\\/schema\\\/logo\\\/image\\\/\"},\"sameAs\":[\"http:\\\/\\\/fb.me\\\/raed.academy\",\"https:\\\/\\\/x.com\\\/raedacademy\",\"https:\\\/\\\/www.instagram.com\\\/raed.academy\\\/\",\"https:\\\/\\\/www.youtube.com\\\/channel\\\/UCUYQwW2KrdirNWihxMDObwg\"]}]}<\/script>\n<!-- \/ Yoast SEO plugin. -->","yoast_head_json":{"title":"RAED in the media - Royal European Academy of Doctors","robots":{"index":"index","follow":"follow","max-snippet":"max-snippet:-1","max-image-preview":"max-image-preview:large","max-video-preview":"max-video-preview:-1"},"canonical":"https:\/\/raed.academy\/en\/raed-in-the-media\/","og_locale":"en_US","og_type":"article","og_title":"RAED in the media - Royal European Academy of Doctors","og_description":"NOBEL PRIZES Obra Social La Caixa and Fundaci\u00f3n Cajasol CONCERTS WITH SOUL 2nd concert and project &#8220;For the brave&#8221; 3rd concert and presentation of the Clar\u00f3s Foundation ACADEMIC ACTS 2018 2019 RAED CONGRESS 2018 IV International Act of the RAED AUDIOVISUAL MEDIA Press conference in Valldemossa Conferencias Obra Social La Caixa y Fundaci\u00f3n Cajasol Serie [&hellip;]","og_url":"https:\/\/raed.academy\/en\/raed-in-the-media\/","og_site_name":"Royal European Academy of Doctors","article_publisher":"http:\/\/fb.me\/raed.academy","article_modified_time":"2019-12-20T12:46:30+00:00","twitter_card":"summary_large_image","twitter_site":"@raedacademy","twitter_misc":{"Est. reading time":"3 minutes"},"schema":{"@context":"https:\/\/schema.org","@graph":[{"@type":"WebPage","@id":"https:\/\/raed.academy\/en\/raed-in-the-media\/","url":"https:\/\/raed.academy\/en\/raed-in-the-media\/","name":"RAED in the media - Royal European Academy of Doctors","isPartOf":{"@id":"https:\/\/raed.academy\/en\/#website"},"datePublished":"2018-08-22T10:29:28+00:00","dateModified":"2019-12-20T12:46:30+00:00","breadcrumb":{"@id":"https:\/\/raed.academy\/en\/raed-in-the-media\/#breadcrumb"},"inLanguage":"en-US","potentialAction":[{"@type":"ReadAction","target":["https:\/\/raed.academy\/en\/raed-in-the-media\/"]}]},{"@type":"BreadcrumbList","@id":"https:\/\/raed.academy\/en\/raed-in-the-media\/#breadcrumb","itemListElement":[{"@type":"ListItem","position":1,"name":"Inicio","item":"https:\/\/raed.academy\/en\/"},{"@type":"ListItem","position":2,"name":"RAED in the media"}]},{"@type":"WebSite","@id":"https:\/\/raed.academy\/en\/#website","url":"https:\/\/raed.academy\/en\/","name":"Royal European Academy of Doctors","description":"Corporaci\u00f3n de derecho p\u00fablico de car\u00e1cter cient\u00edfico, t\u00e9cnico y art\u00edstico, que tiene por objeto la investigaci\u00f3n, el estudio, el fomento y la extensi\u00f3n del conocimiento en su sentido m\u00e1s amplio.","publisher":{"@id":"https:\/\/raed.academy\/en\/#organization"},"potentialAction":[{"@type":"SearchAction","target":{"@type":"EntryPoint","urlTemplate":"https:\/\/raed.academy\/en\/?s={search_term_string}"},"query-input":{"@type":"PropertyValueSpecification","valueRequired":true,"valueName":"search_term_string"}}],"inLanguage":"en-US"},{"@type":"Organization","@id":"https:\/\/raed.academy\/en\/#organization","name":"Real Academia Europea de Doctores","url":"https:\/\/raed.academy\/en\/","logo":{"@type":"ImageObject","inLanguage":"en-US","@id":"https:\/\/raed.academy\/en\/#\/schema\/logo\/image\/","url":"https:\/\/raed.academy\/wp-content\/uploads\/2017\/01\/cropped-logo_raed.png","contentUrl":"https:\/\/raed.academy\/wp-content\/uploads\/2017\/01\/cropped-logo_raed.png","width":512,"height":512,"caption":"Real Academia Europea de Doctores"},"image":{"@id":"https:\/\/raed.academy\/en\/#\/schema\/logo\/image\/"},"sameAs":["http:\/\/fb.me\/raed.academy","https:\/\/x.com\/raedacademy","https:\/\/www.instagram.com\/raed.academy\/","https:\/\/www.youtube.com\/channel\/UCUYQwW2KrdirNWihxMDObwg"]}]}},"_links":{"self":[{"href":"https:\/\/raed.academy\/en\/wp-json\/wp\/v2\/pages\/55487","targetHints":{"allow":["GET"]}}],"collection":[{"href":"https:\/\/raed.academy\/en\/wp-json\/wp\/v2\/pages"}],"about":[{"href":"https:\/\/raed.academy\/en\/wp-json\/wp\/v2\/types\/page"}],"author":[{"embeddable":true,"href":"https:\/\/raed.academy\/en\/wp-json\/wp\/v2\/users\/16"}],"replies":[{"embeddable":true,"href":"https:\/\/raed.academy\/en\/wp-json\/wp\/v2\/comments?post=55487"}],"version-history":[{"count":0,"href":"https:\/\/raed.academy\/en\/wp-json\/wp\/v2\/pages\/55487\/revisions"}],"wp:attachment":[{"href":"https:\/\/raed.academy\/en\/wp-json\/wp\/v2\/media?parent=55487"}],"curies":[{"name":"wp","href":"https:\/\/api.w.org\/{rel}","templated":true}]}}