{"id":45603,"date":"2018-05-16T15:02:51","date_gmt":"2018-05-16T15:02:51","guid":{"rendered":"http:\/\/raed.academy\/?page_id=45603"},"modified":"2022-02-03T12:25:47","modified_gmt":"2022-02-03T12:25:47","slug":"naohito-watanabe","status":"publish","type":"page","link":"https:\/\/raed.academy\/en\/naohito-watanabe\/","title":{"rendered":"Sir. Naohito Watanabe"},"content":{"rendered":"<p>[et_pb_section fb_built=&#8221;1&#8243; _builder_version=&#8221;3.22&#8243; global_colors_info=&#8221;{}&#8221;][et_pb_row _builder_version=&#8221;3.25&#8243; background_size=&#8221;initial&#8221; background_position=&#8221;top_left&#8221; background_repeat=&#8221;repeat&#8221; custom_padding=&#8221;0|0px|0|0px|false|false&#8221; global_colors_info=&#8221;{}&#8221; column_structure=&#8221;1_4,3_4&#8243;][et_pb_column type=&#8221;1_4&#8243; _builder_version=&#8221;3.25&#8243; custom_padding=&#8221;|||&#8221; global_colors_info=&#8221;{}&#8221; custom_padding__hover=&#8221;|||&#8221;][et_pb_image src=&#8221;https:\/\/raed.academy\/wp-content\/uploads\/2018\/05\/Naohito-Watanabe-acto-ingreso-RAED-450&#215;620-eng.jpg&#8221; show_bottom_space=&#8221;off&#8221; align_tablet=&#8221;center&#8221; align_last_edited=&#8221;on|desktop&#8221; admin_label=&#8221;Imagen &#8211; foto acad\u00e9mico&#8221; _builder_version=&#8221;3.23&#8243; max_width=&#8221;85%&#8221; custom_margin=&#8221;0px||0px|&#8221; custom_padding=&#8221;0px||0px|&#8221; animation_style=&#8221;fold&#8221; border_radii=&#8221;on|6px|6px|6px|6px&#8221; border_width_all=&#8221;2px&#8221; box_shadow_style=&#8221;preset2&#8243; global_colors_info=&#8221;{}&#8221; align_phone=&#8221;center&#8221;][\/et_pb_image][\/et_pb_column][et_pb_column type=&#8221;3_4&#8243; _builder_version=&#8221;3.25&#8243; custom_padding=&#8221;|||&#8221; global_colors_info=&#8221;{}&#8221; custom_padding__hover=&#8221;|||&#8221;][et_pb_text module_class=&#8221;infoAcademico&#8221; _builder_version=&#8221;4.14.7&#8243; hover_enabled=&#8221;0&#8243; global_colors_info=&#8221;{}&#8221; sticky_enabled=&#8221;0&#8243;]<\/p>\n<p><b>Honorary Member<\/b><\/p>\n<p><strong>Consul General of Japan in Barcelona<\/strong><\/p>\n<p><strong>Date of admittance:<\/strong> 15\/05\/2018<\/p>\n<p><strong>Admission Speech:<\/strong> <a href=\"https:\/\/raed.academy\/wp-content\/uploads\/2018\/05\/discurso-ingreso-Naohito-Watanabe-Ruben-Dario-Japon-y-Japonismo.pdf\" target=\"_blank\" rel=\"noopener\">Rub\u00e9n Dar\u00edo, Jap\u00f3n y Japonismo<\/a><\/p>\n<p><b>Reply<\/b>: <a href=\"https:\/\/raed.academy\/en\/academicians\/dr-rafael-i-barraquer-compte\/dr-josep-maria-bove-montero-2\/\" target=\"_blank\" rel=\"noopener\">Jos\u00e9 Mar\u00eda Bov\u00e9 Montero<\/a><\/p>\n<p>[\/et_pb_text][\/et_pb_column][\/et_pb_row][et_pb_row _builder_version=&#8221;4.14.7&#8243; background_size=&#8221;initial&#8221; background_position=&#8221;top_left&#8221; background_repeat=&#8221;repeat&#8221; hover_enabled=&#8221;0&#8243; global_colors_info=&#8221;{}&#8221; use_custom_gutter=&#8221;on&#8221; gutter_width=&#8221;1&#8243; max_width=&#8221;1200px&#8221; module_class=&#8221;parent-column&#8221; sticky_enabled=&#8221;0&#8243;][et_pb_column type=&#8221;4_4&#8243; _builder_version=&#8221;3.25&#8243; custom_padding=&#8221;|||&#8221; global_colors_info=&#8221;{}&#8221; custom_padding__hover=&#8221;|||&#8221;][et_pb_divider color=&#8221;#828282&#8243; divider_weight=&#8221;2&#8243; _builder_version=&#8221;3.12.2&#8243; height=&#8221;2px&#8221; box_shadow_style=&#8221;preset2&#8243; locked=&#8221;off&#8221; global_colors_info=&#8221;{}&#8221;][\/et_pb_divider][et_pb_tabs _builder_version=&#8221;4.14.7&#8243; hover_enabled=&#8221;0&#8243; global_colors_info=&#8221;{}&#8221; sticky_enabled=&#8221;0&#8243;][et_pb_tab title=&#8221;CURRICULUM VITAE&#8221; _builder_version=&#8221;3.12.2&#8243; global_colors_info=&#8221;{}&#8221;]Naohito Watanabe, a native of Kochi, Japan, is the Consul General of Japan in Barcelona since September 2016.<\/p>\n<p>He has held various diplomatic positions in the Ibero-American world such as Spain, Venezuela, Nicaragua twice, Rio de Janeiro in Brazil as Director of the Cultural and Information Center of Japan, Miami in the USA, Ecuador and Uruguay.<\/p>\n<p>In Nicaragua he met Rub\u00e9n Dar\u00edo&#8217;s works, literary treasures that in reality have much to do with Japan. He translated the works &#8220;Azul &#8230;&#8221; and &#8220;Viaje a Nicaragua y Intermezzo tropical&#8221; into the Japanese language for the first time.<\/p>\n<p>He was awarded the decoration of the Order of Rub\u00e9n Dar\u00edo. He is the corresponding member of the Nicaraguan Academy of the Language and since then throughout his diplomatic career, he has dedicated himself to the literary activities of translations, creations of literary works, conferences and etc.<\/p>\n<p>&nbsp;<\/p>\n<hr \/>\n<p><strong>DIPLOMATIC CAREER<\/strong><\/p>\n<ul>\n<li>2016, September 20 Appointed Consul General, Consulate General of Japan in Barcelona<\/li>\n<li>2016. Senior Coordinator of Global Environmental Affairs<\/li>\n<li>2015. Senior Deputy Director, Division of Global Environment, Ministry of Foreign Affairs of Japan<\/li>\n<li>2013. Counselor *, Embassy of Japan in Uruguay<\/li>\n<li>2009. Counselor *, Embassy of Japan in Ecuador<\/li>\n<li>2006. Deputy Consul General, General Consulate of Japan in Miami<\/li>\n<li>2001. Counselor *, Embassy of Japan in Nicaragua<\/li>\n<li>1996-1999. Director of the Cultural and Information Center of Japan in Rio de Janeiro<\/li>\n<li>1991-1996. First Secretary of the Embassy of Japan in Nicaragua<\/li>\n<li>1984-1987. Third Secretary of the Embassy of Japan in Venezuela<\/li>\n<li>1981-1984. Attach\u00e9 of the Embassy of Japan in Spain<\/li>\n<li>1980. Enter the Ministry of Foreign Affairs of Japan<\/li>\n<\/ul>\n<p>(*) Local rank<\/p>\n<p><strong>EDUCATION<\/strong><\/p>\n<ul>\n<li>1981. Diplomatic School of Madrid<\/li>\n<li>1979. National Autonomous University of Mexico (UNAM)<\/li>\n<li>1975-80. University of Foreign Studies of Tokyo, Japan<\/li>\n<\/ul>\n<p><strong>RECOGNITIONS AND MENTIONS<\/strong><\/p>\n<ul>\n<li>2006<br \/>\nOrder of Rub\u00e9n Dar\u00edo, Officer&#8217;s degree, Government of Nicaragua<br \/>\nRecognition Plaque of the National Assembly of Nicaragua<br \/>\nMedal &#8220;Key of the Palace of Culture&#8221; of the Nicaraguan Institute of Culture<br \/>\nCorresponding Member of the Nicaraguan Academy of the Language<br \/>\nHonorary Vice President of the International Institute of Rub\u00e9n Dar\u00edo and the Dariano World Movement of Miami<\/li>\n<\/ul>\n<p><strong>LITERARY WORK<\/strong><\/p>\n<ul>\n<li>2016. &#8220;S\u014dz\u014d ka shi ka&#8221; (Ed. Akashi-Syoten), Japanese translation of Oppenheimer&#8217;s &#8220;Create or Die&#8221;<\/li>\n<li>2016. Coauthor of &#8220;Nicaragua or shiru tame no go j\u016b go sh\u014d&#8221; [55 chapters to know Nicaragua]<\/li>\n<li>2015. Essay &#8220;Hamaki or katate ni ch\u016bnanbei&#8221; [Cigar on the hand, Latin America] (Ed. TASC Sosyo)<\/li>\n<li>2014. &#8220;Ratenamerika no ky\u014diku senryaku&#8221; (Editorial Jiji Press), Japanese translation of Oppenheimer&#8217;s work Basta de Historias<\/li>\n<li>2013. Novel &#8220;Misaki &#8211; Mayoikaze no fuku toki&#8221; [the Cape, when the wind of vacillation blows]<\/li>\n<li>2011. Novel &#8220;Obaachan no Ginenshashin&#8221; [Silver Halide Photo of my Granma<\/li>\n<li>2011. &#8220;Beish\u016b ky\u016bshutsu ratenamerika no kiken na suitai to beikoku no y\u016butsu&#8221; (Ed. Jiji Press), Japanese translation of Oppenheimer&#8217;s work &#8220;Saving the Americas&#8221;<\/li>\n<li>2010. Novel &#8220;Wani no sanpomichi&#8221; [Walkway of Crocodile]<\/li>\n<li>2006. Cigar Newsletter Nicaragua &#8220;Cigar Style No.1&#8221;<\/li>\n<li>2005. &#8220;Ao &#8230;&#8221; (Ed. Bungeisha), Japanese translation of the work of Rub\u00e9n Dar\u00edo &#8220;Azul &#8230;&#8221;<\/li>\n<li>2005. Novel &#8220;Lost Family&#8221; [The portrait of the lost family] (Ed. Bungeisha)<\/li>\n<li>2003. Co-author of &#8220;Honjurasu, Erusarubadoru, Nicaragua or shiru tame no yonzyu go sh\u014d&#8221; [45 chapters to know Honduras, El Salvador and Nicaragua]<\/li>\n<li>1996. Novel &#8220;Shindemo Aishiteru&#8221; [Love you in Spite of Death]<\/li>\n<li>1996. Novel &#8220;Kuronosu no kage&#8221; [Shadow of Chronos]<\/li>\n<li>1994. &#8220;Nicaragua e no tabi&#8221;, Japanese translation of Rub\u00e9n Dar\u00edo&#8217;s work &#8220;Viaje a Nicaragua y Intermezzo Tropical&#8221;<\/li>\n<\/ul>\n<p>[\/et_pb_tab][et_pb_tab title=&#8221;VIDEO&#8221; _builder_version=&#8221;4.14.7&#8243; hover_enabled=&#8221;0&#8243; global_colors_info=&#8221;{}&#8221; sticky_enabled=&#8221;0&#8243;]<\/p>\n<h3>Summary video<\/h3>\n<p><iframe loading=\"lazy\" title=\"YouTube video player\" src=\"https:\/\/www.youtube.com\/embed\/NcN7LmMagXA\" width=\"950\" height=\"534\" frameborder=\"0\" allowfullscreen=\"allowfullscreen\"><\/iframe><\/p>\n<h3>Complete video<\/h3>\n<p>\u00a0<iframe loading=\"lazy\" title=\"YouTube video player\" src=\"https:\/\/www.youtube.com\/embed\/A0fo6ZT47t0\" width=\"950\" height=\"534\" frameborder=\"0\" allowfullscreen=\"allowfullscreen\"><\/iframe><\/p>\n<p>[\/et_pb_tab][et_pb_tab title=&#8221;GALLERY&#8221; _builder_version=&#8221;4.14.7&#8243; hover_enabled=&#8221;0&#8243; global_colors_info=&#8221;{}&#8221; sticky_enabled=&#8221;0&#8243;]<\/p>\n<div class=\"divi-module-destination\"><\/div>\n<p>[\/et_pb_tab][\/et_pb_tabs][et_pb_gallery gallery_ids=&#8221;45535,45536,45537,45538,45539,45540,45541,45542,45544,45543,45545&#8243; posts_number=&#8221;16&#8243; show_title_and_caption=&#8221;off&#8221; show_pagination=&#8221;off&#8221; admin_label=&#8221;Galer\u00eda&#8221; module_class=&#8221;divi-portable-module galeria-pad-2&#8243; _builder_version=&#8221;4.14.7&#8243; _module_preset=&#8221;default&#8221; locked=&#8221;off&#8221; global_colors_info=&#8221;{}&#8221;][\/et_pb_gallery][et_pb_code admin_label=&#8221;C\u00f3digo&#8221; _builder_version=&#8221;4.12.0&#8243; _module_preset=&#8221;default&#8221; locked=&#8221;off&#8221; global_colors_info=&#8221;{}&#8221;]<script><!-- [et_pb_line_break_holder] -->(function ($) {<!-- [et_pb_line_break_holder] -->  $(document).ready(function () {<!-- [et_pb_line_break_holder] --> <!-- [et_pb_line_break_holder] -->    \/\/ Option #1: Move Divi Module(s) into a Module<!-- [et_pb_line_break_holder] -->    \/\/ Limit: One Instance per Column<!-- [et_pb_line_break_holder] -->    \/\/ Use following code if you want to move <!-- [et_pb_line_break_holder] -->    \/\/ a module inside another module. Each column with the<!-- [et_pb_line_break_holder] -->    \/\/ class 'parent-column' will append any module(s)<!-- [et_pb_line_break_holder] -->    \/\/ with the class 'divi-portable-module' to the div<!-- [et_pb_line_break_holder] -->    \/\/ with the class 'divi-module-destination'.<!-- [et_pb_line_break_holder] -->    \/\/ Only one instance of 'divi-module-destination' should<!-- [et_pb_line_break_holder] -->    \/\/ be added per column.<!-- [et_pb_line_break_holder] -->    $('.divi-portable-module').each(function () {<!-- [et_pb_line_break_holder] -->      $(this).closest('.parent-column').find('.divi-module-destination').append($(this));<!-- [et_pb_line_break_holder] -->    });<!-- [et_pb_line_break_holder] -->     <!-- [et_pb_line_break_holder] -->    \/\/ Buttons: Insert Button Module(s) into a Module<!-- [et_pb_line_break_holder] -->    \/\/ Adding a custom CSS class to a button module<!-- [et_pb_line_break_holder] -->    \/\/ is applied to the 'a' tag which is a child element<!-- [et_pb_line_break_holder] -->    \/\/ of the module wrapper. This code makes sure to append<!-- [et_pb_line_break_holder] -->    \/\/ the entire button module wrapper (the parent element)<!-- [et_pb_line_break_holder] -->    \/\/ as well. This functionality is the same as option #3 above.<!-- [et_pb_line_break_holder] -->    \/\/ Siimply use the class 'divi-portable-button' on a button module<!-- [et_pb_line_break_holder] -->    \/\/ instead of 'divi-portable-module'.<!-- [et_pb_line_break_holder] -->    $('.divi-portable-button').parent().each(function () {<!-- [et_pb_line_break_holder] -->      $(this).closest('.parent-column').find('.divi-module-destination').append($(this));<!-- [et_pb_line_break_holder] -->    });<!-- [et_pb_line_break_holder] --> <!-- [et_pb_line_break_holder] -->    \/\/ Option #2: Move Divi Row(s) into a Module<!-- [et_pb_line_break_holder] -->    \/\/ Limit: One Instance per Section<!-- [et_pb_line_break_holder] -->    \/\/ Use the following code if you want to move <!-- [et_pb_line_break_holder] -->    \/\/ a row inside a module on more than one section<!-- [et_pb_line_break_holder] -->    \/\/ of a page. Each section with the<!-- [et_pb_line_break_holder] -->    \/\/ class 'parent-section' will append any row(s)<!-- [et_pb_line_break_holder] -->    \/\/ with the class 'divi-portable-row' to the div<!-- [et_pb_line_break_holder] -->    \/\/ with the class 'divi-row-destination'.<!-- [et_pb_line_break_holder] -->    \/\/ Only one instance of 'divi-row-destination' should<!-- [et_pb_line_break_holder] -->    \/\/ be added per section.<!-- [et_pb_line_break_holder] -->    $('.divi-portable-row').each(function () {<!-- [et_pb_line_break_holder] -->      $(this).closest('.parent-section').find('.divi-row-destination').append($(this));<!-- [et_pb_line_break_holder] -->    });<!-- [et_pb_line_break_holder] --> <!-- [et_pb_line_break_holder] -->  });<!-- [et_pb_line_break_holder] -->})(jQuery);<!-- [et_pb_line_break_holder] --><\/script>[\/et_pb_code][\/et_pb_column][\/et_pb_row][\/et_pb_section]<\/p>\n","protected":false},"excerpt":{"rendered":"<p>Honorary Member Consul General of Japan in Barcelona Date of admittance: 15\/05\/2018 Admission Speech: Rub\u00e9n Dar\u00edo, Jap\u00f3n y Japonismo Reply: Jos\u00e9 Mar\u00eda Bov\u00e9 MonteroNaohito Watanabe, a native of Kochi, Japan, is the Consul General of Japan in Barcelona since September 2016. He has held various diplomatic positions in the Ibero-American world such as Spain, Venezuela, [&hellip;]<\/p>\n","protected":false},"author":12,"featured_media":0,"parent":0,"menu_order":0,"comment_status":"closed","ping_status":"closed","template":"","meta":{"_et_pb_use_builder":"on","_et_pb_old_content":"","_et_gb_content_width":"","footnotes":""},"class_list":["post-45603","page","type-page","status-publish","hentry"],"yoast_head":"<!-- This site is optimized with the Yoast SEO plugin v27.4 - https:\/\/yoast.com\/product\/yoast-seo-wordpress\/ -->\n<title>Sir. Naohito Watanabe - Royal European Academy of Doctors<\/title>\n<meta name=\"robots\" content=\"index, follow, max-snippet:-1, max-image-preview:large, max-video-preview:-1\" \/>\n<link rel=\"canonical\" href=\"https:\/\/raed.academy\/en\/naohito-watanabe\/\" \/>\n<meta property=\"og:locale\" content=\"en_US\" \/>\n<meta property=\"og:type\" content=\"article\" \/>\n<meta property=\"og:title\" content=\"Sir. Naohito Watanabe - Royal European Academy of Doctors\" \/>\n<meta property=\"og:description\" content=\"Honorary Member Consul General of Japan in Barcelona Date of admittance: 15\/05\/2018 Admission Speech: Rub\u00e9n Dar\u00edo, Jap\u00f3n y Japonismo Reply: Jos\u00e9 Mar\u00eda Bov\u00e9 MonteroNaohito Watanabe, a native of Kochi, Japan, is the Consul General of Japan in Barcelona since September 2016. He has held various diplomatic positions in the Ibero-American world such as Spain, Venezuela, [&hellip;]\" \/>\n<meta property=\"og:url\" content=\"https:\/\/raed.academy\/en\/naohito-watanabe\/\" \/>\n<meta property=\"og:site_name\" content=\"Royal European Academy of Doctors\" \/>\n<meta property=\"article:publisher\" content=\"http:\/\/fb.me\/raed.academy\" \/>\n<meta property=\"article:modified_time\" content=\"2022-02-03T12:25:47+00:00\" \/>\n<meta name=\"twitter:card\" content=\"summary_large_image\" \/>\n<meta name=\"twitter:site\" content=\"@raedacademy\" \/>\n<meta name=\"twitter:label1\" content=\"Est. reading time\" \/>\n\t<meta name=\"twitter:data1\" content=\"5 minutes\" \/>\n<script type=\"application\/ld+json\" class=\"yoast-schema-graph\">{\"@context\":\"https:\\\/\\\/schema.org\",\"@graph\":[{\"@type\":\"WebPage\",\"@id\":\"https:\\\/\\\/raed.academy\\\/en\\\/naohito-watanabe\\\/\",\"url\":\"https:\\\/\\\/raed.academy\\\/en\\\/naohito-watanabe\\\/\",\"name\":\"Sir. Naohito Watanabe - Royal European Academy of Doctors\",\"isPartOf\":{\"@id\":\"https:\\\/\\\/raed.academy\\\/en\\\/#website\"},\"datePublished\":\"2018-05-16T15:02:51+00:00\",\"dateModified\":\"2022-02-03T12:25:47+00:00\",\"breadcrumb\":{\"@id\":\"https:\\\/\\\/raed.academy\\\/en\\\/naohito-watanabe\\\/#breadcrumb\"},\"inLanguage\":\"en-US\",\"potentialAction\":[{\"@type\":\"ReadAction\",\"target\":[\"https:\\\/\\\/raed.academy\\\/en\\\/naohito-watanabe\\\/\"]}]},{\"@type\":\"BreadcrumbList\",\"@id\":\"https:\\\/\\\/raed.academy\\\/en\\\/naohito-watanabe\\\/#breadcrumb\",\"itemListElement\":[{\"@type\":\"ListItem\",\"position\":1,\"name\":\"Inicio\",\"item\":\"https:\\\/\\\/raed.academy\\\/en\\\/\"},{\"@type\":\"ListItem\",\"position\":2,\"name\":\"Sir. Naohito Watanabe\"}]},{\"@type\":\"WebSite\",\"@id\":\"https:\\\/\\\/raed.academy\\\/en\\\/#website\",\"url\":\"https:\\\/\\\/raed.academy\\\/en\\\/\",\"name\":\"Royal European Academy of Doctors\",\"description\":\"Corporaci\u00f3n de derecho p\u00fablico de car\u00e1cter cient\u00edfico, t\u00e9cnico y art\u00edstico, que tiene por objeto la investigaci\u00f3n, el estudio, el fomento y la extensi\u00f3n del conocimiento en su sentido m\u00e1s amplio.\",\"publisher\":{\"@id\":\"https:\\\/\\\/raed.academy\\\/en\\\/#organization\"},\"potentialAction\":[{\"@type\":\"SearchAction\",\"target\":{\"@type\":\"EntryPoint\",\"urlTemplate\":\"https:\\\/\\\/raed.academy\\\/en\\\/?s={search_term_string}\"},\"query-input\":{\"@type\":\"PropertyValueSpecification\",\"valueRequired\":true,\"valueName\":\"search_term_string\"}}],\"inLanguage\":\"en-US\"},{\"@type\":\"Organization\",\"@id\":\"https:\\\/\\\/raed.academy\\\/en\\\/#organization\",\"name\":\"Real Academia Europea de Doctores\",\"url\":\"https:\\\/\\\/raed.academy\\\/en\\\/\",\"logo\":{\"@type\":\"ImageObject\",\"inLanguage\":\"en-US\",\"@id\":\"https:\\\/\\\/raed.academy\\\/en\\\/#\\\/schema\\\/logo\\\/image\\\/\",\"url\":\"https:\\\/\\\/raed.academy\\\/wp-content\\\/uploads\\\/2017\\\/01\\\/cropped-logo_raed.png\",\"contentUrl\":\"https:\\\/\\\/raed.academy\\\/wp-content\\\/uploads\\\/2017\\\/01\\\/cropped-logo_raed.png\",\"width\":512,\"height\":512,\"caption\":\"Real Academia Europea de Doctores\"},\"image\":{\"@id\":\"https:\\\/\\\/raed.academy\\\/en\\\/#\\\/schema\\\/logo\\\/image\\\/\"},\"sameAs\":[\"http:\\\/\\\/fb.me\\\/raed.academy\",\"https:\\\/\\\/x.com\\\/raedacademy\",\"https:\\\/\\\/www.instagram.com\\\/raed.academy\\\/\",\"https:\\\/\\\/www.youtube.com\\\/channel\\\/UCUYQwW2KrdirNWihxMDObwg\"]}]}<\/script>\n<!-- \/ Yoast SEO plugin. -->","yoast_head_json":{"title":"Sir. Naohito Watanabe - Royal European Academy of Doctors","robots":{"index":"index","follow":"follow","max-snippet":"max-snippet:-1","max-image-preview":"max-image-preview:large","max-video-preview":"max-video-preview:-1"},"canonical":"https:\/\/raed.academy\/en\/naohito-watanabe\/","og_locale":"en_US","og_type":"article","og_title":"Sir. Naohito Watanabe - Royal European Academy of Doctors","og_description":"Honorary Member Consul General of Japan in Barcelona Date of admittance: 15\/05\/2018 Admission Speech: Rub\u00e9n Dar\u00edo, Jap\u00f3n y Japonismo Reply: Jos\u00e9 Mar\u00eda Bov\u00e9 MonteroNaohito Watanabe, a native of Kochi, Japan, is the Consul General of Japan in Barcelona since September 2016. He has held various diplomatic positions in the Ibero-American world such as Spain, Venezuela, [&hellip;]","og_url":"https:\/\/raed.academy\/en\/naohito-watanabe\/","og_site_name":"Royal European Academy of Doctors","article_publisher":"http:\/\/fb.me\/raed.academy","article_modified_time":"2022-02-03T12:25:47+00:00","twitter_card":"summary_large_image","twitter_site":"@raedacademy","twitter_misc":{"Est. reading time":"5 minutes"},"schema":{"@context":"https:\/\/schema.org","@graph":[{"@type":"WebPage","@id":"https:\/\/raed.academy\/en\/naohito-watanabe\/","url":"https:\/\/raed.academy\/en\/naohito-watanabe\/","name":"Sir. Naohito Watanabe - Royal European Academy of Doctors","isPartOf":{"@id":"https:\/\/raed.academy\/en\/#website"},"datePublished":"2018-05-16T15:02:51+00:00","dateModified":"2022-02-03T12:25:47+00:00","breadcrumb":{"@id":"https:\/\/raed.academy\/en\/naohito-watanabe\/#breadcrumb"},"inLanguage":"en-US","potentialAction":[{"@type":"ReadAction","target":["https:\/\/raed.academy\/en\/naohito-watanabe\/"]}]},{"@type":"BreadcrumbList","@id":"https:\/\/raed.academy\/en\/naohito-watanabe\/#breadcrumb","itemListElement":[{"@type":"ListItem","position":1,"name":"Inicio","item":"https:\/\/raed.academy\/en\/"},{"@type":"ListItem","position":2,"name":"Sir. Naohito Watanabe"}]},{"@type":"WebSite","@id":"https:\/\/raed.academy\/en\/#website","url":"https:\/\/raed.academy\/en\/","name":"Royal European Academy of Doctors","description":"Corporaci\u00f3n de derecho p\u00fablico de car\u00e1cter cient\u00edfico, t\u00e9cnico y art\u00edstico, que tiene por objeto la investigaci\u00f3n, el estudio, el fomento y la extensi\u00f3n del conocimiento en su sentido m\u00e1s amplio.","publisher":{"@id":"https:\/\/raed.academy\/en\/#organization"},"potentialAction":[{"@type":"SearchAction","target":{"@type":"EntryPoint","urlTemplate":"https:\/\/raed.academy\/en\/?s={search_term_string}"},"query-input":{"@type":"PropertyValueSpecification","valueRequired":true,"valueName":"search_term_string"}}],"inLanguage":"en-US"},{"@type":"Organization","@id":"https:\/\/raed.academy\/en\/#organization","name":"Real Academia Europea de Doctores","url":"https:\/\/raed.academy\/en\/","logo":{"@type":"ImageObject","inLanguage":"en-US","@id":"https:\/\/raed.academy\/en\/#\/schema\/logo\/image\/","url":"https:\/\/raed.academy\/wp-content\/uploads\/2017\/01\/cropped-logo_raed.png","contentUrl":"https:\/\/raed.academy\/wp-content\/uploads\/2017\/01\/cropped-logo_raed.png","width":512,"height":512,"caption":"Real Academia Europea de Doctores"},"image":{"@id":"https:\/\/raed.academy\/en\/#\/schema\/logo\/image\/"},"sameAs":["http:\/\/fb.me\/raed.academy","https:\/\/x.com\/raedacademy","https:\/\/www.instagram.com\/raed.academy\/","https:\/\/www.youtube.com\/channel\/UCUYQwW2KrdirNWihxMDObwg"]}]}},"_links":{"self":[{"href":"https:\/\/raed.academy\/en\/wp-json\/wp\/v2\/pages\/45603","targetHints":{"allow":["GET"]}}],"collection":[{"href":"https:\/\/raed.academy\/en\/wp-json\/wp\/v2\/pages"}],"about":[{"href":"https:\/\/raed.academy\/en\/wp-json\/wp\/v2\/types\/page"}],"author":[{"embeddable":true,"href":"https:\/\/raed.academy\/en\/wp-json\/wp\/v2\/users\/12"}],"replies":[{"embeddable":true,"href":"https:\/\/raed.academy\/en\/wp-json\/wp\/v2\/comments?post=45603"}],"version-history":[{"count":0,"href":"https:\/\/raed.academy\/en\/wp-json\/wp\/v2\/pages\/45603\/revisions"}],"wp:attachment":[{"href":"https:\/\/raed.academy\/en\/wp-json\/wp\/v2\/media?parent=45603"}],"curies":[{"name":"wp","href":"https:\/\/api.w.org\/{rel}","templated":true}]}}