{"id":31899,"date":"2017-08-05T11:57:03","date_gmt":"2017-08-05T11:57:03","guid":{"rendered":"http:\/\/raed.academy\/editorials-and-press\/"},"modified":"2017-08-05T11:57:03","modified_gmt":"2017-08-05T11:57:03","slug":"editorials-and-press","status":"publish","type":"page","link":"https:\/\/raed.academy\/en\/editorials-and-press\/","title":{"rendered":"EDITORIALS AND PRESS"},"content":{"rendered":"<hr \/>\n<p>&nbsp;<\/p>\n<h2>PRENSA GENERAL ESPA\u00d1OLA<\/h2>\n<p>&nbsp;<\/p>\n<ul>\n<li style=\"list-style-type: none\">\n<ul>\n<li>\n<h3><a href=\"http:\/\/www.abc.es\" target=\"_blank\" rel=\"noopener\">ABC<\/a><\/h3>\n<\/li>\n<\/ul>\n<\/li>\n<\/ul>\n<p>&nbsp;<\/p>\n<ul>\n<li style=\"list-style-type: none\">\n<ul>\n<li>\n<h3><a href=\"http:\/\/www.efe.es\" target=\"_blank\" rel=\"noopener\">Agencia Efe<\/a><\/h3>\n<\/li>\n<\/ul>\n<\/li>\n<\/ul>\n<p>&nbsp;<\/p>\n<ul>\n<li style=\"list-style-type: none\">\n<ul>\n<li>\n<h3><a href=\"http:\/\/www.elmundo.es\" target=\"_blank\" rel=\"noopener\">El Mundo<\/a><\/h3>\n<\/li>\n<\/ul>\n<\/li>\n<\/ul>\n<p>&nbsp;<\/p>\n<ul>\n<li style=\"list-style-type: none\">\n<ul>\n<li>\n<h3><a href=\"http:\/\/www.elpais.es\" target=\"_blank\" rel=\"noopener\">El Pa\u00eds<\/a><\/h3>\n<\/li>\n<\/ul>\n<\/li>\n<\/ul>\n<p>&nbsp;<\/p>\n<ul>\n<li style=\"list-style-type: none\">\n<ul>\n<li>\n<h3><a href=\"http:\/\/www.elperiodico.es\" target=\"_blank\" rel=\"noopener\">El Peri\u00f3dico de Catalunya<\/a><\/h3>\n<\/li>\n<\/ul>\n<\/li>\n<\/ul>\n<p>&nbsp;<\/p>\n<ul>\n<li style=\"list-style-type: none\">\n<ul>\n<li>\n<h3><a href=\"http:\/\/www.larazon.es\" target=\"_blank\" rel=\"noopener\">La Raz\u00f3n<\/a><\/h3>\n<\/li>\n<\/ul>\n<\/li>\n<\/ul>\n<p>&nbsp;<\/p>\n<ul>\n<li style=\"list-style-type: none\">\n<ul>\n<li>\n<h3><a href=\"http:\/\/www.lavanguardia.es\" target=\"_blank\" rel=\"noopener\">La Vanguardia<\/a><\/h3>\n<\/li>\n<\/ul>\n<\/li>\n<\/ul>\n<p>&nbsp;<\/p>\n<h2>PRENSA GENERAL INTERNACIONAL<\/h2>\n<p>&nbsp;<\/p>\n<ul>\n<li style=\"list-style-type: none\">\n<ul>\n<li>\n<h3><a href=\"http:\/\/www.cnnenespanol.com\" target=\"_blank\" rel=\"noopener\">CNN en espa\u00f1ol (Estados Unidos)<\/a><\/h3>\n<\/li>\n<\/ul>\n<\/li>\n<\/ul>\n<p>&nbsp;<\/p>\n<ul>\n<li style=\"list-style-type: none\">\n<ul>\n<li>\n<h3><a href=\"http:\/\/www.corriere.it\" target=\"_blank\" rel=\"noopener\">Corriere della Sera (Italia)<\/a><\/h3>\n<\/li>\n<\/ul>\n<\/li>\n<\/ul>\n<p>&nbsp;<\/p>\n<ul>\n<li style=\"list-style-type: none\">\n<ul>\n<li>\n<h3><a href=\"http:\/\/www.faz.net\" target=\"_blank\" rel=\"noopener\">Frankfurter Allgemeine Zeitung (Alemania)<\/a><\/h3>\n<\/li>\n<\/ul>\n<\/li>\n<\/ul>\n<p>&nbsp;<\/p>\n<ul>\n<li style=\"list-style-type: none\">\n<ul>\n<li>\n<h3><a href=\"http:\/\/www.repubblica.it\/\" target=\"_blank\" rel=\"noopener\">La Repubblica (Italia)<\/a><\/h3>\n<\/li>\n<\/ul>\n<\/li>\n<\/ul>\n<p>&nbsp;<\/p>\n<ul>\n<li style=\"list-style-type: none\">\n<ul>\n<li>\n<h3><a href=\"http:\/\/www.lemonde.fr\" target=\"_blank\" rel=\"noopener\">Le Monde (Francia)<\/a><\/h3>\n<\/li>\n<\/ul>\n<\/li>\n<\/ul>\n<p>&nbsp;<\/p>\n<ul>\n<li style=\"list-style-type: none\">\n<ul>\n<li>\n<h3><a href=\"http:\/\/www.lesoir.be\/\" target=\"_blank\" rel=\"noopener\">Le Soir (B\u00e9lgica)<\/a><\/h3>\n<\/li>\n<\/ul>\n<\/li>\n<\/ul>\n<p>&nbsp;<\/p>\n<ul>\n<li style=\"list-style-type: none\">\n<ul>\n<li>\n<h3><a href=\"http:\/\/www.latimes.com\" target=\"_blank\" rel=\"noopener\">Los Angeles Times (Estados Unidos)<\/a><\/h3>\n<\/li>\n<\/ul>\n<\/li>\n<\/ul>\n<p>&nbsp;<\/p>\n<ul>\n<li style=\"list-style-type: none\">\n<ul>\n<li>\n<h3><a href=\"http:\/\/www.nzz.ch\" target=\"_blank\" rel=\"noopener\">Neue Z\u00fcrcher Zeitung (Suiza)<\/a><\/h3>\n<\/li>\n<\/ul>\n<\/li>\n<\/ul>\n<p>&nbsp;<\/p>\n<ul>\n<li style=\"list-style-type: none\">\n<ul>\n<li>\n<h3><a href=\"http:\/\/www.pobjeda.co.me\/\" target=\"_blank\" rel=\"noopener\">Pobjeda (Montenegro)<\/a><\/h3>\n<\/li>\n<\/ul>\n<\/li>\n<\/ul>\n<p>&nbsp;<\/p>\n<ul>\n<li style=\"list-style-type: none\">\n<ul>\n<li>\n<h3><a href=\"http:\/\/www.nyt.com\" target=\"_blank\" rel=\"noopener\">The New York Times (Estados Unidos)<\/a><\/h3>\n<\/li>\n<\/ul>\n<\/li>\n<\/ul>\n<p>&nbsp;<\/p>\n<ul>\n<li style=\"list-style-type: none\">\n<ul>\n<li>\n<h3><a href=\"http:\/\/www.usnews.com\" target=\"_blank\" rel=\"noopener\">US News<\/a><\/h3>\n<\/li>\n<\/ul>\n<\/li>\n<\/ul>\n<p>&nbsp;<\/p>\n<ul>\n<li style=\"list-style-type: none\">\n<ul>\n<li>\n<h3><a href=\"http:\/\/www.washingtonpost.com\/\" target=\"_blank\" rel=\"noopener\">Washington Post (Estados Unidos)<\/a><\/h3>\n<\/li>\n<\/ul>\n<\/li>\n<\/ul>\n<p>&nbsp;<\/p>\n<h2>PRENSA ECON\u00d3MICA INTERNACIONAL<\/h2>\n<p>&nbsp;<\/p>\n<ul>\n<li style=\"list-style-type: none\">\n<ul>\n<li>\n<h3><a href=\"http:\/\/www.ft.com\" target=\"_blank\" rel=\"noopener\">Financial Times (Estados Unidos)<\/a><\/h3>\n<\/li>\n<\/ul>\n<\/li>\n<\/ul>\n<p>&nbsp;<\/p>\n<ul>\n<li style=\"list-style-type: none\">\n<ul>\n<li>\n<h3><a href=\"http:\/\/www.handelsblatt.com\" target=\"_blank\" rel=\"noopener\">Handelsblatt (Alemania)<\/a><\/h3>\n<\/li>\n<\/ul>\n<\/li>\n<\/ul>\n<p>&nbsp;<\/p>\n<ul>\n<li style=\"list-style-type: none\">\n<ul>\n<li>\n<h3><a href=\"http:\/\/www.economist.com\" target=\"_blank\" rel=\"noopener\">The Economist (Estados Unidos)<\/a><\/h3>\n<\/li>\n<\/ul>\n<\/li>\n<\/ul>\n<p>&nbsp;<\/p>\n<ul>\n<li style=\"list-style-type: none\">\n<ul>\n<li>\n<h3><a href=\"http:\/\/www.wsj.com\" target=\"_blank\" rel=\"noopener\">The Wall Street Journal (Estados Unidos)<\/a><\/h3>\n<\/li>\n<\/ul>\n<\/li>\n<\/ul>\n<p>&nbsp;<\/p>\n<h2>PRENSA ECON\u00d3MICA ESPA\u00d1OLA<\/h2>\n<p>&nbsp;<\/p>\n<ul>\n<li style=\"list-style-type: none\">\n<ul>\n<li>\n<h3><a href=\"http:\/\/www.actualidad-economica.com\" target=\"_blank\" rel=\"noopener\">Actualidad Econ\u00f3mica<\/a><\/h3>\n<\/li>\n<\/ul>\n<\/li>\n<\/ul>\n<p>&nbsp;<\/p>\n<ul>\n<li style=\"list-style-type: none\">\n<ul>\n<li>\n<h3><a href=\"http:\/\/www.cincodias.es\" target=\"_blank\" rel=\"noopener\">Cinco D\u00edas<\/a><\/h3>\n<\/li>\n<\/ul>\n<\/li>\n<\/ul>\n<p>&nbsp;<\/p>\n<ul>\n<li style=\"list-style-type: none\">\n<ul>\n<li>\n<h3><a href=\"http:\/\/www.eleconomista.es\" target=\"_blank\" rel=\"noopener\">El Economista<\/a><\/h3>\n<\/li>\n<\/ul>\n<\/li>\n<\/ul>\n<p>&nbsp;<\/p>\n<ul>\n<li style=\"list-style-type: none\">\n<ul>\n<li>\n<h3><a href=\"http:\/\/www.expansion.com\" target=\"_blank\" rel=\"noopener\">Expansi\u00f3n<\/a><\/h3>\n<\/li>\n<\/ul>\n<\/li>\n<\/ul>\n<p>&nbsp;<\/p>\n<ul>\n<li style=\"list-style-type: none\">\n<ul>\n<li>\n<h3><a href=\"http:\/\/www.negocios.com\" target=\"_blank\" rel=\"noopener\">Gaceta de los Negocios<\/a><\/h3>\n<\/li>\n<\/ul>\n<\/li>\n<\/ul>\n<p>&nbsp;<\/p>\n<h2>EDITORIALES ESPA\u00d1OLAS<\/h2>\n<p>&nbsp;<\/p>\n<ul>\n<li style=\"list-style-type: none\">\n<ul>\n<li>\n<h3><a href=\"http:\/\/www.planetadelibros.com\/editorial-alienta-editorial-15.html\" target=\"_blank\" rel=\"noopener\">Alienta Editorial (Grupo Planeta)<\/a><\/h3>\n<\/li>\n<\/ul>\n<\/li>\n<\/ul>\n<p>&nbsp;<\/p>\n<ul>\n<li style=\"list-style-type: none\">\n<ul>\n<li>\n<h3><a href=\"http:\/\/www.aranzadi.es\" target=\"_blank\" rel=\"noopener\">Aranzadi<\/a><\/h3>\n<\/li>\n<\/ul>\n<\/li>\n<\/ul>\n<p>&nbsp;<\/p>\n<ul>\n<li style=\"list-style-type: none\">\n<ul>\n<li>\n<h3><a href=\"http:\/\/www.bosch.es\" target=\"_blank\" rel=\"noopener\">Bosch<\/a><\/h3>\n<\/li>\n<\/ul>\n<\/li>\n<\/ul>\n<p>&nbsp;<\/p>\n<ul>\n<li style=\"list-style-type: none\">\n<ul>\n<li>\n<h3><a href=\"http:\/\/www.cisspraxis.es\" target=\"_blank\" rel=\"noopener\">Cisspraxis<\/a><\/h3>\n<\/li>\n<\/ul>\n<\/li>\n<\/ul>\n<p>&nbsp;<\/p>\n<ul>\n<li style=\"list-style-type: none\">\n<ul>\n<li>\n<h3><a href=\"http:\/\/www.diazdesantos.es\" target=\"_blank\" rel=\"noopener\">D\u00edaz de Santos Ediciones<\/a><\/h3>\n<\/li>\n<\/ul>\n<\/li>\n<\/ul>\n<p>&nbsp;<\/p>\n<ul>\n<li style=\"list-style-type: none\">\n<ul>\n<li>\n<h3><a href=\"http:\/\/www.planetadelibros.com\/editorial-deusto-14.html\" target=\"_blank\" rel=\"noopener\">Ediciones Deusto (Grupo Planeta)<\/a><\/h3>\n<\/li>\n<\/ul>\n<\/li>\n<\/ul>\n<p>&nbsp;<\/p>\n<ul>\n<li style=\"list-style-type: none\">\n<ul>\n<li>\n<h3><a href=\"http:\/\/www.empresaactiva.com\" target=\"_blank\" rel=\"noopener\">Empresa Activa (Grupo Urano)<\/a><\/h3>\n<\/li>\n<\/ul>\n<\/li>\n<\/ul>\n<p>&nbsp;<\/p>\n<ul>\n<li style=\"list-style-type: none\">\n<ul>\n<li>\n<h3><a href=\"http:\/\/www.esic.edu\/editorial\" target=\"_blank\" rel=\"noopener\">ESIC Editorial<\/a><\/h3>\n<\/li>\n<\/ul>\n<\/li>\n<\/ul>\n<p>&nbsp;<\/p>\n<ul>\n<li style=\"list-style-type: none\">\n<ul>\n<li>\n<h3><a href=\"http:\/\/www.planetadelibros.com\/editorial-gestion-2000-13.html\" target=\"_blank\" rel=\"noopener\">Gesti\u00f3n 2000 (Grupo Planeta)<\/a><\/h3>\n<\/li>\n<\/ul>\n<\/li>\n<\/ul>\n<p>&nbsp;<\/p>\n<ul>\n<li style=\"list-style-type: none\">\n<ul>\n<li>\n<h3><a href=\"http:\/\/www.anaya.es\" target=\"_blank\" rel=\"noopener\">Grupo Anaya<\/a><\/h3>\n<\/li>\n<\/ul>\n<\/li>\n<\/ul>\n<p>&nbsp;<\/p>\n<ul>\n<li style=\"list-style-type: none\">\n<ul>\n<li>\n<h3><a href=\"http:\/\/www.laley.es\" target=\"_blank\" rel=\"noopener\">La Ley (Grupo Wolters Kluwer)<\/a><\/h3>\n<\/li>\n<\/ul>\n<\/li>\n<\/ul>\n<p>&nbsp;<\/p>\n<ul>\n<li style=\"list-style-type: none\">\n<ul>\n<li>\n<h3><a href=\"http:\/\/www.lexnova.es\" target=\"_blank\" rel=\"noopener\">Lex Nova<\/a><\/h3>\n<\/li>\n<\/ul>\n<\/li>\n<\/ul>\n<p>&nbsp;<\/p>\n<ul>\n<li style=\"list-style-type: none\">\n<ul>\n<li>\n<h3><a href=\"http:\/\/www.lideditorial.com\" target=\"_blank\" rel=\"noopener\">Lid Editorial<\/a><\/h3>\n<\/li>\n<\/ul>\n<\/li>\n<\/ul>\n<p>&nbsp;<\/p>\n<ul>\n<li style=\"list-style-type: none\">\n<ul>\n<li>\n<h3><a href=\"http:\/\/obrasocial.lacaixa.es\/ambitos\/estudiossociales\/estudiossociales_es.html\" target=\"_blank\" rel=\"noopener\">Obra Social La Caixa. Colecci\u00f3n Estudios Sociales<\/a><\/h3>\n<\/li>\n<\/ul>\n<\/li>\n<\/ul>\n<p>&nbsp;<\/p>\n<ul>\n<li style=\"list-style-type: none\">\n<ul>\n<li>\n<h3><a href=\"http:\/\/www.tecnos.es\" target=\"_blank\" rel=\"noopener\">Tecnos<\/a><\/h3>\n<\/li>\n<\/ul>\n<\/li>\n<\/ul>\n<p>&nbsp;<\/p>\n<h2>EDITORIALES ESTRANJERAS<\/h2>\n<p>&nbsp;<\/p>\n<ul>\n<li style=\"list-style-type: none\">\n<ul>\n<li>\n<h3><a href=\"http:\/\/www.efl.es\" target=\"_blank\" rel=\"noopener\">Editorial Francis Lefebvre<\/a><\/h3>\n<\/li>\n<\/ul>\n<\/li>\n<\/ul>\n<p>&nbsp;<\/p>\n<ul>\n<li style=\"list-style-type: none\">\n<ul>\n<li>\n<h3><a href=\"http:\/\/www.ear.ro\/\" target=\"_blank\" rel=\"noopener\">Editura Academiei Rom\u00e2ne<\/a><\/h3>\n<\/li>\n<\/ul>\n<\/li>\n<\/ul>\n<p>&nbsp;<\/p>\n<ul>\n<li style=\"list-style-type: none\">\n<ul>\n<li>\n<h3><a href=\"http:\/\/www.editorialbcn.com\" target=\"_blank\" rel=\"noopener\">Furtwangen editores<\/a><\/h3>\n<\/li>\n<\/ul>\n<\/li>\n<\/ul>\n<p>&nbsp;<\/p>\n<ul>\n<li style=\"list-style-type: none\">\n<ul>\n<li>\n<h3><a href=\"http:\/\/www.mcgraw-hill.es\" target=\"_blank\" rel=\"noopener\">McGraw Hill<\/a><\/h3>\n<\/li>\n<\/ul>\n<\/li>\n<\/ul>\n<p>&nbsp;<\/p>\n","protected":false},"excerpt":{"rendered":"<p>&nbsp; PRENSA GENERAL ESPA\u00d1OLA &nbsp; ABC &nbsp; Agencia Efe &nbsp; El Mundo &nbsp; El Pa\u00eds &nbsp; El Peri\u00f3dico de Catalunya &nbsp; La Raz\u00f3n &nbsp; La Vanguardia &nbsp; PRENSA GENERAL INTERNACIONAL &nbsp; CNN en espa\u00f1ol (Estados Unidos) &nbsp; Corriere della Sera (Italia) &nbsp; Frankfurter Allgemeine Zeitung (Alemania) &nbsp; La Repubblica (Italia) &nbsp; Le Monde (Francia) &nbsp; [&hellip;]<\/p>\n","protected":false},"author":16,"featured_media":0,"parent":0,"menu_order":0,"comment_status":"closed","ping_status":"closed","template":"","meta":{"_et_pb_use_builder":"","_et_pb_old_content":"","_et_gb_content_width":"","footnotes":""},"class_list":["post-31899","page","type-page","status-publish","hentry"],"yoast_head":"<!-- This site is optimized with the Yoast SEO plugin v27.4 - https:\/\/yoast.com\/product\/yoast-seo-wordpress\/ -->\n<title>Editorials and Press | Royal European Academy of Doctors<\/title>\n<meta name=\"description\" content=\"Editorials and Press\" \/>\n<meta name=\"robots\" content=\"index, follow, max-snippet:-1, max-image-preview:large, max-video-preview:-1\" \/>\n<link rel=\"canonical\" href=\"https:\/\/raed.academy\/en\/editorials-and-press\/\" \/>\n<meta property=\"og:locale\" content=\"en_US\" \/>\n<meta property=\"og:type\" content=\"article\" \/>\n<meta property=\"og:title\" content=\"Editorials and Press | Royal European Academy of Doctors\" \/>\n<meta property=\"og:description\" content=\"Editorials and Press\" \/>\n<meta property=\"og:url\" content=\"https:\/\/raed.academy\/en\/editorials-and-press\/\" \/>\n<meta property=\"og:site_name\" content=\"Royal European Academy of Doctors\" \/>\n<meta property=\"article:publisher\" content=\"http:\/\/fb.me\/raed.academy\" \/>\n<meta name=\"twitter:card\" content=\"summary_large_image\" \/>\n<meta name=\"twitter:site\" content=\"@raedacademy\" \/>\n<meta name=\"twitter:label1\" content=\"Est. reading time\" \/>\n\t<meta name=\"twitter:data1\" content=\"1 minute\" \/>\n<script type=\"application\/ld+json\" class=\"yoast-schema-graph\">{\"@context\":\"https:\\\/\\\/schema.org\",\"@graph\":[{\"@type\":\"WebPage\",\"@id\":\"https:\\\/\\\/raed.academy\\\/en\\\/editorials-and-press\\\/\",\"url\":\"https:\\\/\\\/raed.academy\\\/en\\\/editorials-and-press\\\/\",\"name\":\"Editorials and Press | Royal European Academy of Doctors\",\"isPartOf\":{\"@id\":\"https:\\\/\\\/raed.academy\\\/en\\\/#website\"},\"datePublished\":\"2017-08-05T11:57:03+00:00\",\"description\":\"Editorials and Press\",\"breadcrumb\":{\"@id\":\"https:\\\/\\\/raed.academy\\\/en\\\/editorials-and-press\\\/#breadcrumb\"},\"inLanguage\":\"en-US\",\"potentialAction\":[{\"@type\":\"ReadAction\",\"target\":[\"https:\\\/\\\/raed.academy\\\/en\\\/editorials-and-press\\\/\"]}]},{\"@type\":\"BreadcrumbList\",\"@id\":\"https:\\\/\\\/raed.academy\\\/en\\\/editorials-and-press\\\/#breadcrumb\",\"itemListElement\":[{\"@type\":\"ListItem\",\"position\":1,\"name\":\"Inicio\",\"item\":\"https:\\\/\\\/raed.academy\\\/en\\\/\"},{\"@type\":\"ListItem\",\"position\":2,\"name\":\"EDITORIALS AND PRESS\"}]},{\"@type\":\"WebSite\",\"@id\":\"https:\\\/\\\/raed.academy\\\/en\\\/#website\",\"url\":\"https:\\\/\\\/raed.academy\\\/en\\\/\",\"name\":\"Royal European Academy of Doctors\",\"description\":\"Corporaci\u00f3n de derecho p\u00fablico de car\u00e1cter cient\u00edfico, t\u00e9cnico y art\u00edstico, que tiene por objeto la investigaci\u00f3n, el estudio, el fomento y la extensi\u00f3n del conocimiento en su sentido m\u00e1s amplio.\",\"publisher\":{\"@id\":\"https:\\\/\\\/raed.academy\\\/en\\\/#organization\"},\"potentialAction\":[{\"@type\":\"SearchAction\",\"target\":{\"@type\":\"EntryPoint\",\"urlTemplate\":\"https:\\\/\\\/raed.academy\\\/en\\\/?s={search_term_string}\"},\"query-input\":{\"@type\":\"PropertyValueSpecification\",\"valueRequired\":true,\"valueName\":\"search_term_string\"}}],\"inLanguage\":\"en-US\"},{\"@type\":\"Organization\",\"@id\":\"https:\\\/\\\/raed.academy\\\/en\\\/#organization\",\"name\":\"Real Academia Europea de Doctores\",\"url\":\"https:\\\/\\\/raed.academy\\\/en\\\/\",\"logo\":{\"@type\":\"ImageObject\",\"inLanguage\":\"en-US\",\"@id\":\"https:\\\/\\\/raed.academy\\\/en\\\/#\\\/schema\\\/logo\\\/image\\\/\",\"url\":\"https:\\\/\\\/raed.academy\\\/wp-content\\\/uploads\\\/2017\\\/01\\\/cropped-logo_raed.png\",\"contentUrl\":\"https:\\\/\\\/raed.academy\\\/wp-content\\\/uploads\\\/2017\\\/01\\\/cropped-logo_raed.png\",\"width\":512,\"height\":512,\"caption\":\"Real Academia Europea de Doctores\"},\"image\":{\"@id\":\"https:\\\/\\\/raed.academy\\\/en\\\/#\\\/schema\\\/logo\\\/image\\\/\"},\"sameAs\":[\"http:\\\/\\\/fb.me\\\/raed.academy\",\"https:\\\/\\\/x.com\\\/raedacademy\",\"https:\\\/\\\/www.instagram.com\\\/raed.academy\\\/\",\"https:\\\/\\\/www.youtube.com\\\/channel\\\/UCUYQwW2KrdirNWihxMDObwg\"]}]}<\/script>\n<!-- \/ Yoast SEO plugin. -->","yoast_head_json":{"title":"Editorials and Press | Royal European Academy of Doctors","description":"Editorials and Press","robots":{"index":"index","follow":"follow","max-snippet":"max-snippet:-1","max-image-preview":"max-image-preview:large","max-video-preview":"max-video-preview:-1"},"canonical":"https:\/\/raed.academy\/en\/editorials-and-press\/","og_locale":"en_US","og_type":"article","og_title":"Editorials and Press | Royal European Academy of Doctors","og_description":"Editorials and Press","og_url":"https:\/\/raed.academy\/en\/editorials-and-press\/","og_site_name":"Royal European Academy of Doctors","article_publisher":"http:\/\/fb.me\/raed.academy","twitter_card":"summary_large_image","twitter_site":"@raedacademy","twitter_misc":{"Est. reading time":"1 minute"},"schema":{"@context":"https:\/\/schema.org","@graph":[{"@type":"WebPage","@id":"https:\/\/raed.academy\/en\/editorials-and-press\/","url":"https:\/\/raed.academy\/en\/editorials-and-press\/","name":"Editorials and Press | Royal European Academy of Doctors","isPartOf":{"@id":"https:\/\/raed.academy\/en\/#website"},"datePublished":"2017-08-05T11:57:03+00:00","description":"Editorials and Press","breadcrumb":{"@id":"https:\/\/raed.academy\/en\/editorials-and-press\/#breadcrumb"},"inLanguage":"en-US","potentialAction":[{"@type":"ReadAction","target":["https:\/\/raed.academy\/en\/editorials-and-press\/"]}]},{"@type":"BreadcrumbList","@id":"https:\/\/raed.academy\/en\/editorials-and-press\/#breadcrumb","itemListElement":[{"@type":"ListItem","position":1,"name":"Inicio","item":"https:\/\/raed.academy\/en\/"},{"@type":"ListItem","position":2,"name":"EDITORIALS AND PRESS"}]},{"@type":"WebSite","@id":"https:\/\/raed.academy\/en\/#website","url":"https:\/\/raed.academy\/en\/","name":"Royal European Academy of Doctors","description":"Corporaci\u00f3n de derecho p\u00fablico de car\u00e1cter cient\u00edfico, t\u00e9cnico y art\u00edstico, que tiene por objeto la investigaci\u00f3n, el estudio, el fomento y la extensi\u00f3n del conocimiento en su sentido m\u00e1s amplio.","publisher":{"@id":"https:\/\/raed.academy\/en\/#organization"},"potentialAction":[{"@type":"SearchAction","target":{"@type":"EntryPoint","urlTemplate":"https:\/\/raed.academy\/en\/?s={search_term_string}"},"query-input":{"@type":"PropertyValueSpecification","valueRequired":true,"valueName":"search_term_string"}}],"inLanguage":"en-US"},{"@type":"Organization","@id":"https:\/\/raed.academy\/en\/#organization","name":"Real Academia Europea de Doctores","url":"https:\/\/raed.academy\/en\/","logo":{"@type":"ImageObject","inLanguage":"en-US","@id":"https:\/\/raed.academy\/en\/#\/schema\/logo\/image\/","url":"https:\/\/raed.academy\/wp-content\/uploads\/2017\/01\/cropped-logo_raed.png","contentUrl":"https:\/\/raed.academy\/wp-content\/uploads\/2017\/01\/cropped-logo_raed.png","width":512,"height":512,"caption":"Real Academia Europea de Doctores"},"image":{"@id":"https:\/\/raed.academy\/en\/#\/schema\/logo\/image\/"},"sameAs":["http:\/\/fb.me\/raed.academy","https:\/\/x.com\/raedacademy","https:\/\/www.instagram.com\/raed.academy\/","https:\/\/www.youtube.com\/channel\/UCUYQwW2KrdirNWihxMDObwg"]}]}},"_links":{"self":[{"href":"https:\/\/raed.academy\/en\/wp-json\/wp\/v2\/pages\/31899","targetHints":{"allow":["GET"]}}],"collection":[{"href":"https:\/\/raed.academy\/en\/wp-json\/wp\/v2\/pages"}],"about":[{"href":"https:\/\/raed.academy\/en\/wp-json\/wp\/v2\/types\/page"}],"author":[{"embeddable":true,"href":"https:\/\/raed.academy\/en\/wp-json\/wp\/v2\/users\/16"}],"replies":[{"embeddable":true,"href":"https:\/\/raed.academy\/en\/wp-json\/wp\/v2\/comments?post=31899"}],"version-history":[{"count":0,"href":"https:\/\/raed.academy\/en\/wp-json\/wp\/v2\/pages\/31899\/revisions"}],"wp:attachment":[{"href":"https:\/\/raed.academy\/en\/wp-json\/wp\/v2\/media?parent=31899"}],"curies":[{"name":"wp","href":"https:\/\/api.w.org\/{rel}","templated":true}]}}