{"id":31890,"date":"2017-08-05T11:29:57","date_gmt":"2017-08-05T11:29:57","guid":{"rendered":"http:\/\/raed.academy\/organisms\/"},"modified":"2017-08-05T11:53:27","modified_gmt":"2017-08-05T11:53:27","slug":"organisms","status":"publish","type":"page","link":"https:\/\/raed.academy\/en\/organisms\/","title":{"rendered":"ORGANISMS"},"content":{"rendered":"<hr \/>\n<h2><span id=\"result_box\" class=\"\" lang=\"en\"><span class=\"\">Of the state<\/span><\/span><\/h2>\n<ul>\n<li style=\"list-style-type: none;\">\n<ul>\n<li>\n<h3><a href=\"http:\/\/www.agpd.es\/\" target=\"_blank\" rel=\"noopener\">Agencia de Protecci\u00f3n de Datos<\/a><\/h3>\n<\/li>\n<li>\n<h3><a href=\"http:\/\/www.aeat.es\/\" target=\"_blank\" rel=\"noopener\">Agencia Estatal de Administraci\u00f3n Tributaria<\/a><\/h3>\n<\/li>\n<li>\n<h3><a href=\"http:\/\/www.cis.es\/\" target=\"_blank\" rel=\"noopener\">Centro de Investigaciones Sociol\u00f3gicas<\/a><\/h3>\n<\/li>\n<li>\n<h3><a href=\"http:\/\/www.congreso.es\/\" target=\"_blank\" rel=\"noopener\">Congreso de los Diputados<\/a><\/h3>\n<\/li>\n<li>\n<h3><a href=\"http:\/\/www.ces.es\/\" target=\"_blank\" rel=\"noopener\">Consejo Econ\u00f3mico y Social<\/a><\/h3>\n<\/li>\n<li>\n<h3><a href=\"http:\/\/www.poderjudicial.es\/\" target=\"_blank\" rel=\"noopener\">Consejo General del Poder Judicial<\/a><\/h3>\n<\/li>\n<li>\n<h3><a href=\"http:\/\/www.mjusticia.es\/\" target=\"_blank\" rel=\"noopener\">Direcci\u00f3n General de los Registros y el Notariado<\/a><\/h3>\n<\/li>\n<li>\n<h3><a href=\"http:\/\/www.ipyme.org\/\" target=\"_blank\" rel=\"noopener\">Direcci\u00f3n General de Pol\u00edtica de la Pyme<\/a><\/h3>\n<\/li>\n<li>\n<h3><a href=\"http:\/\/www.meh.es\/dgs\" target=\"_blank\" rel=\"noopener\">Direcci\u00f3n General de Seguros<\/a><\/h3>\n<\/li>\n<li>\n<h3><a href=\"http:\/\/www.fnmt.es\/\" target=\"_blank\" rel=\"noopener\">F\u00e1brica Nacional de Moneda y Timbre<\/a><\/h3>\n<\/li>\n<li>\n<h3><a href=\"http:\/\/www.icac.meh.es\/\" target=\"_blank\" rel=\"noopener\">Instituto de Contabilidad y Auditor\u00eda de Cuentas<\/a><\/h3>\n<\/li>\n<li>\n<h3><a href=\"http:\/\/www.ico.es\/\" target=\"_blank\" rel=\"noopener\">Instituto de Cr\u00e9dito Oficial<\/a><\/h3>\n<\/li>\n<li>\n<h3><a href=\"http:\/\/www.ief.es\/\" target=\"_blank\" rel=\"noopener\">Instituto de Estudios Fiscales<\/a><\/h3>\n<\/li>\n<li>\n<h3><a href=\"http:\/\/www.icex.es\/\" target=\"_blank\" rel=\"noopener\">Instituto Espa\u00f1ol de Comercio Exterior<\/a><\/h3>\n<\/li>\n<li>\n<h3><a href=\"http:\/\/www.inem.es\/\" target=\"_blank\" rel=\"noopener\">Instituto Nacional de Empleo<\/a><\/h3>\n<\/li>\n<li>\n<h3><a href=\"http:\/\/www.ine.es\/\" target=\"_blank\" rel=\"noopener\">Instituto Nacional de Estad\u00edstica<\/a><\/h3>\n<\/li>\n<li>\n<h3><a href=\"http:\/\/www.mtas.es\/\" target=\"_blank\" rel=\"noopener\">Instituto Nacional de Seguridad e Higiene en el Trabajo<\/a><\/h3>\n<\/li>\n<li>\n<h3><a href=\"http:\/\/www.casareal.es\/casareal\/home.html\" target=\"_blank\" rel=\"noopener\">Jefatura del Estado<\/a><\/h3>\n<\/li>\n<li>\n<h3><a href=\"http:\/\/www.oepm.es\/\" target=\"_blank\" rel=\"noopener\">Oficina Espa\u00f1ola de Patentes y Marcas<\/a><\/h3>\n<\/li>\n<li>\n<h3><a href=\"http:\/\/www.registradores.org\/\" target=\"_blank\" rel=\"noopener\">Registros Mercantiles y de la Propiedad<\/a><\/h3>\n<\/li>\n<li>\n<h3><a href=\"http:\/\/www.mcx.es\/\" target=\"_blank\" rel=\"noopener\">Secretaria del Estado de Comercio y Turismo<\/a><\/h3>\n<\/li>\n<li>\n<h3><a href=\"http:\/\/www.seg-social.es\/\" target=\"_blank\" rel=\"noopener\">Seguridad Social<\/a><\/h3>\n<\/li>\n<li>\n<h3><a href=\"http:\/\/www.senado.es\/\" target=\"_blank\" rel=\"noopener\">Senado<\/a><\/h3>\n<\/li>\n<li>\n<h3><a href=\"http:\/\/www.sepi.es\/\" target=\"_blank\" rel=\"noopener\">Sociedad Estatal de Participaciones Industriales<\/a><\/h3>\n<\/li>\n<li>\n<h3><a href=\"http:\/\/www.tribunalconstitucional.es\/\" target=\"_blank\" rel=\"noopener\">Tribunal Constitucional<\/a><\/h3>\n<\/li>\n<li>\n<h3><a href=\"http:\/\/www.tcu.es\/\" target=\"_blank\" rel=\"noopener\">Tribunal de Cuentas<\/a><\/h3>\n<\/li>\n<\/ul>\n<\/li>\n<\/ul>\n<h2>Internationals<\/h2>\n<ul>\n<li style=\"list-style-type: none;\">\n<ul>\n<li>\n<h3><a href=\"http:\/\/www.eea.eu\/\" target=\"_blank\" rel=\"noopener\">Agencia Europea de Medio Ambiente<\/a><\/h3>\n<\/li>\n<li>\n<h3><a href=\"http:\/\/assembly.coe.int\/\" target=\"_blank\" rel=\"noopener\">Asamblea Parlamentaria del Consejo de Europa<\/a><\/h3>\n<\/li>\n<li>\n<h3><a href=\"http:\/\/www.ecb.int\/ecb\/html\/index.es.html\" target=\"_blank\" rel=\"noopener\">Banco Central Europeo<\/a><\/h3>\n<\/li>\n<li>\n<h3><a href=\"http:\/\/www.bancomundial.org\/\" target=\"_blank\" rel=\"noopener\">Banco Mundial<\/a><\/h3>\n<\/li>\n<li>\n<h3><a href=\"http:\/\/www.uv.es\/cde\" target=\"_blank\" rel=\"noopener\">Centro de Documentaci\u00f3n Europea<\/a><\/h3>\n<\/li>\n<li>\n<h3><a href=\"http:\/\/ec.europa.eu\/index_es.htm\" target=\"_blank\" rel=\"noopener\">Comisi\u00f3n Europea<\/a><\/h3>\n<\/li>\n<li>\n<h3><a href=\"http:\/\/www.consilium.europa.eu\/showPage.aspx\" target=\"_blank\" rel=\"noopener\">Consejo de la Uni\u00f3n Europea<\/a><\/h3>\n<\/li>\n<li>\n<h3><a href=\"http:\/\/publications.europa.eu\/official\/index_es.htm\" target=\"_blank\" rel=\"noopener\">DO-Diario Oficial de la Uni\u00f3n Europea<\/a><\/h3>\n<\/li>\n<li>\n<h3><a href=\"http:\/\/www.euro-info.org.uk\/\" target=\"_blank\" rel=\"noopener\">Euro Info Centres<\/a><\/h3>\n<\/li>\n<li>\n<h3><a href=\"http:\/\/ec.europa.eu\/eurostat\" target=\"_blank\" rel=\"noopener\">Eurostat<\/a><\/h3>\n<\/li>\n<li>\n<h3><a href=\"http:\/\/www.jean-monnet.ch\/\" target=\"_blank\" rel=\"noopener\">Fondation Jean Monnet pour l\u2019Europe<\/a><\/h3>\n<\/li>\n<li>\n<h3><a href=\"http:\/\/www.imf.org\/\" target=\"_blank\" rel=\"noopener\">Fondo Monetario Internacional<\/a><\/h3>\n<\/li>\n<li>\n<h3><a href=\"http:\/\/www.ifri.org\/\" target=\"_blank\" rel=\"noopener\">Institut fran\u00e7ais des relations internationales (IFRI)<\/a><\/h3>\n<\/li>\n<li>\n<h3><a href=\"http:\/\/www.un.org\/\" target=\"_blank\" rel=\"noopener\">Naciones Unidas<\/a><\/h3>\n<\/li>\n<li>\n<h3><a href=\"http:\/\/www.wto.org\/\" target=\"_blank\" rel=\"noopener\">Organizaci\u00f3n Mundial del Comercio<\/a><\/h3>\n<\/li>\n<li>\n<h3><a href=\"http:\/\/www.oecd.org\/\" target=\"_blank\" rel=\"noopener\">Organizaci\u00f3n para la Cooperaci\u00f3n y el Desarrollo Econ\u00f3mico<\/a><\/h3>\n<\/li>\n<li>\n<h3><a href=\"http:\/\/www.europarl.es\/\" target=\"_blank\" rel=\"noopener\">Parlamento Europeo<\/a><\/h3>\n<\/li>\n<li>\n<h3><a href=\"http:\/\/www.eurosai.org\/\" target=\"_blank\" rel=\"noopener\">Tribunal de Cuentas Europeo<\/a><\/h3>\n<\/li>\n<li>\n<h3><a href=\"http:\/\/www.curia.eu.int\/\" target=\"_blank\" rel=\"noopener\">Tribunal de Justicia de las Comunidades Europeas<\/a><\/h3>\n<\/li>\n<li>\n<h3><a href=\"http:\/\/www.unesco.org\/general\/spa\/index.html\" target=\"_blank\" rel=\"noopener\">Unesco<\/a><\/h3>\n<\/li>\n<li>\n<h3><a href=\"http:\/\/www.europa.eu\/\" target=\"_blank\" rel=\"noopener\">Uni\u00f3n Europea<\/a><\/h3>\n<\/li>\n<li>\n<h3><a href=\"http:\/\/www.ufmsecretariat.org\/en\/\" target=\"_blank\" rel=\"noopener\">Union for the Mediterranean<\/a><\/h3>\n<\/li>\n<\/ul>\n<\/li>\n<\/ul>\n<h2><span id=\"result_box\" class=\"\" lang=\"en\"><span class=\"alt-edited\">Collaborating entities<\/span><\/span><\/h2>\n<ul>\n<li style=\"list-style-type: none;\">\n<ul>\n<li>\n<h3><a href=\"http:\/\/www.mepsyd.es\/\" target=\"_blank\" rel=\"noopener\">Ministerio de Educaci\u00f3n, Pol\u00edtica Social y Deporte<\/a><\/h3>\n<\/li>\n<\/ul>\n<\/li>\n<\/ul>\n<h2><span id=\"result_box\" class=\"\" lang=\"en\"><span class=\"\">General state administration<\/span><\/span><\/h2>\n<ul>\n<li style=\"list-style-type: none;\">\n<ul>\n<li>\n<h3><a href=\"http:\/\/www.map.es\/\" target=\"_blank\" rel=\"noopener\">Ministerio de Administraciones P\u00fablicas<\/a><\/h3>\n<\/li>\n<li>\n<h3><a href=\"http:\/\/www.mapya.es\/\" target=\"_blank\" rel=\"noopener\">Ministerio de Agricultura y Pesca<\/a><\/h3>\n<\/li>\n<li>\n<h3><a href=\"http:\/\/www.maec.es\/\" target=\"_blank\" rel=\"noopener\">Ministerio de Asuntos Exteriores y de Cooperaci\u00f3n<\/a><\/h3>\n<\/li>\n<li>\n<h3><a href=\"http:\/\/www.micinn.es\/\" target=\"_blank\" rel=\"noopener\">Ministerio de Ciencia e Innovaci\u00f3n<\/a><\/h3>\n<\/li>\n<li>\n<h3><a href=\"http:\/\/www.mcu.es\/\" target=\"_blank\" rel=\"noopener\">Ministerio de Cultura<\/a><\/h3>\n<\/li>\n<li>\n<h3><a href=\"http:\/\/www.mde.es\/\" target=\"_blank\" rel=\"noopener\">Ministerio de Defensa<\/a><\/h3>\n<\/li>\n<li>\n<h3><a href=\"http:\/\/www.meh.es\/\" target=\"_blank\" rel=\"noopener\">Ministerio de Econom\u00eda y Hacienda<\/a><\/h3>\n<\/li>\n<li>\n<h3><a href=\"http:\/\/www.mepsyd.es\/\" target=\"_blank\" rel=\"noopener\">Ministerio de Educaci\u00f3n, Pol\u00edtica Social y Deporte<\/a><\/h3>\n<\/li>\n<li>\n<h3><a href=\"http:\/\/www.fomento.es\/\" target=\"_blank\" rel=\"noopener\">Ministerio de Fomento<\/a><\/h3>\n<\/li>\n<li>\n<h3><a href=\"http:\/\/www.migualdad.es\/\" target=\"_blank\" rel=\"noopener\">Ministerio de Igualdad<\/a><\/h3>\n<\/li>\n<li>\n<h3><a href=\"http:\/\/www.mityc.es\/\" target=\"_blank\" rel=\"noopener\">Ministerio de Industria, Turismo y Comercio<\/a><\/h3>\n<\/li>\n<li>\n<h3><a href=\"http:\/\/www.mjusticia.es\/\" target=\"_blank\" rel=\"noopener\">Ministerio de Justicia<\/a><\/h3>\n<\/li>\n<li>\n<h3><a href=\"http:\/\/www.mpr.es\/\" target=\"_blank\" rel=\"noopener\">Ministerio de la Presidencia<\/a><\/h3>\n<\/li>\n<li>\n<h3><a href=\"http:\/\/www.marm.es\/\" target=\"_blank\" rel=\"noopener\">Ministerio de Medio Ambiente, Medio Rural y Marino<\/a><\/h3>\n<\/li>\n<li>\n<h3><a href=\"http:\/\/www.msc.es\/\" target=\"_blank\" rel=\"noopener\">Ministerio de Sanidad y Consumo<\/a><\/h3>\n<\/li>\n<li>\n<h3><a href=\"http:\/\/www.mtas.es\/\" target=\"_blank\" rel=\"noopener\">Ministerio de Trabajo e Inmigraci\u00f3n<\/a><\/h3>\n<\/li>\n<li>\n<h3><a href=\"http:\/\/www.viv.es\/\" target=\"_blank\" rel=\"noopener\">Ministerio de Vivienda<\/a><\/h3>\n<\/li>\n<li>\n<h3><a href=\"http:\/\/www.mir.es\/\" target=\"_blank\" rel=\"noopener\">Ministerio del Interior<\/a><\/h3>\n<\/li>\n<li>\n<h3><a href=\"http:\/\/www.la-moncloa.es\/\" target=\"_blank\" rel=\"noopener\">Presidencia del Gobierno<\/a><\/h3>\n<\/li>\n<\/ul>\n<\/li>\n<\/ul>\n","protected":false},"excerpt":{"rendered":"<p>Of the state Agencia de Protecci\u00f3n de Datos Agencia Estatal de Administraci\u00f3n Tributaria Centro de Investigaciones Sociol\u00f3gicas Congreso de los Diputados Consejo Econ\u00f3mico y Social Consejo General del Poder Judicial Direcci\u00f3n General de los Registros y el Notariado Direcci\u00f3n General de Pol\u00edtica de la Pyme Direcci\u00f3n General de Seguros F\u00e1brica Nacional de Moneda y Timbre [&hellip;]<\/p>\n","protected":false},"author":16,"featured_media":0,"parent":0,"menu_order":0,"comment_status":"open","ping_status":"open","template":"","meta":{"_et_pb_use_builder":"","_et_pb_old_content":"","_et_gb_content_width":"","footnotes":""},"class_list":["post-31890","page","type-page","status-publish","hentry"],"yoast_head":"<!-- This site is optimized with the Yoast SEO plugin v27.4 - https:\/\/yoast.com\/product\/yoast-seo-wordpress\/ -->\n<title>Organisms | Royal European Academy of Doctors<\/title>\n<meta name=\"description\" content=\"State and international organisms, collaborating entities, entities of general administration of the state.\" \/>\n<meta name=\"robots\" content=\"index, follow, max-snippet:-1, max-image-preview:large, max-video-preview:-1\" \/>\n<link rel=\"canonical\" href=\"https:\/\/raed.academy\/en\/organisms\/\" \/>\n<meta property=\"og:locale\" content=\"en_US\" \/>\n<meta property=\"og:type\" content=\"article\" \/>\n<meta property=\"og:title\" content=\"Organisms | Royal European Academy of Doctors\" \/>\n<meta property=\"og:description\" content=\"State and international organisms, collaborating entities, entities of general administration of the state.\" \/>\n<meta property=\"og:url\" content=\"https:\/\/raed.academy\/en\/organisms\/\" \/>\n<meta property=\"og:site_name\" content=\"Royal European Academy of Doctors\" \/>\n<meta property=\"article:publisher\" content=\"http:\/\/fb.me\/raed.academy\" \/>\n<meta property=\"article:modified_time\" content=\"2017-08-05T11:53:27+00:00\" \/>\n<meta name=\"twitter:card\" content=\"summary_large_image\" \/>\n<meta name=\"twitter:site\" content=\"@raedacademy\" \/>\n<meta name=\"twitter:label1\" content=\"Est. reading time\" \/>\n\t<meta name=\"twitter:data1\" content=\"2 minutes\" \/>\n<script type=\"application\/ld+json\" class=\"yoast-schema-graph\">{\"@context\":\"https:\\\/\\\/schema.org\",\"@graph\":[{\"@type\":\"WebPage\",\"@id\":\"https:\\\/\\\/raed.academy\\\/en\\\/organisms\\\/\",\"url\":\"https:\\\/\\\/raed.academy\\\/en\\\/organisms\\\/\",\"name\":\"Organisms | Royal European Academy of Doctors\",\"isPartOf\":{\"@id\":\"https:\\\/\\\/raed.academy\\\/en\\\/#website\"},\"datePublished\":\"2017-08-05T11:29:57+00:00\",\"dateModified\":\"2017-08-05T11:53:27+00:00\",\"description\":\"State and international organisms, collaborating entities, entities of general administration of the state.\",\"breadcrumb\":{\"@id\":\"https:\\\/\\\/raed.academy\\\/en\\\/organisms\\\/#breadcrumb\"},\"inLanguage\":\"en-US\",\"potentialAction\":[{\"@type\":\"ReadAction\",\"target\":[\"https:\\\/\\\/raed.academy\\\/en\\\/organisms\\\/\"]}]},{\"@type\":\"BreadcrumbList\",\"@id\":\"https:\\\/\\\/raed.academy\\\/en\\\/organisms\\\/#breadcrumb\",\"itemListElement\":[{\"@type\":\"ListItem\",\"position\":1,\"name\":\"Inicio\",\"item\":\"https:\\\/\\\/raed.academy\\\/en\\\/\"},{\"@type\":\"ListItem\",\"position\":2,\"name\":\"ORGANISMS\"}]},{\"@type\":\"WebSite\",\"@id\":\"https:\\\/\\\/raed.academy\\\/en\\\/#website\",\"url\":\"https:\\\/\\\/raed.academy\\\/en\\\/\",\"name\":\"Royal European Academy of Doctors\",\"description\":\"Corporaci\u00f3n de derecho p\u00fablico de car\u00e1cter cient\u00edfico, t\u00e9cnico y art\u00edstico, que tiene por objeto la investigaci\u00f3n, el estudio, el fomento y la extensi\u00f3n del conocimiento en su sentido m\u00e1s amplio.\",\"publisher\":{\"@id\":\"https:\\\/\\\/raed.academy\\\/en\\\/#organization\"},\"potentialAction\":[{\"@type\":\"SearchAction\",\"target\":{\"@type\":\"EntryPoint\",\"urlTemplate\":\"https:\\\/\\\/raed.academy\\\/en\\\/?s={search_term_string}\"},\"query-input\":{\"@type\":\"PropertyValueSpecification\",\"valueRequired\":true,\"valueName\":\"search_term_string\"}}],\"inLanguage\":\"en-US\"},{\"@type\":\"Organization\",\"@id\":\"https:\\\/\\\/raed.academy\\\/en\\\/#organization\",\"name\":\"Real Academia Europea de Doctores\",\"url\":\"https:\\\/\\\/raed.academy\\\/en\\\/\",\"logo\":{\"@type\":\"ImageObject\",\"inLanguage\":\"en-US\",\"@id\":\"https:\\\/\\\/raed.academy\\\/en\\\/#\\\/schema\\\/logo\\\/image\\\/\",\"url\":\"https:\\\/\\\/raed.academy\\\/wp-content\\\/uploads\\\/2017\\\/01\\\/cropped-logo_raed.png\",\"contentUrl\":\"https:\\\/\\\/raed.academy\\\/wp-content\\\/uploads\\\/2017\\\/01\\\/cropped-logo_raed.png\",\"width\":512,\"height\":512,\"caption\":\"Real Academia Europea de Doctores\"},\"image\":{\"@id\":\"https:\\\/\\\/raed.academy\\\/en\\\/#\\\/schema\\\/logo\\\/image\\\/\"},\"sameAs\":[\"http:\\\/\\\/fb.me\\\/raed.academy\",\"https:\\\/\\\/x.com\\\/raedacademy\",\"https:\\\/\\\/www.instagram.com\\\/raed.academy\\\/\",\"https:\\\/\\\/www.youtube.com\\\/channel\\\/UCUYQwW2KrdirNWihxMDObwg\"]}]}<\/script>\n<!-- \/ Yoast SEO plugin. -->","yoast_head_json":{"title":"Organisms | Royal European Academy of Doctors","description":"State and international organisms, collaborating entities, entities of general administration of the state.","robots":{"index":"index","follow":"follow","max-snippet":"max-snippet:-1","max-image-preview":"max-image-preview:large","max-video-preview":"max-video-preview:-1"},"canonical":"https:\/\/raed.academy\/en\/organisms\/","og_locale":"en_US","og_type":"article","og_title":"Organisms | Royal European Academy of Doctors","og_description":"State and international organisms, collaborating entities, entities of general administration of the state.","og_url":"https:\/\/raed.academy\/en\/organisms\/","og_site_name":"Royal European Academy of Doctors","article_publisher":"http:\/\/fb.me\/raed.academy","article_modified_time":"2017-08-05T11:53:27+00:00","twitter_card":"summary_large_image","twitter_site":"@raedacademy","twitter_misc":{"Est. reading time":"2 minutes"},"schema":{"@context":"https:\/\/schema.org","@graph":[{"@type":"WebPage","@id":"https:\/\/raed.academy\/en\/organisms\/","url":"https:\/\/raed.academy\/en\/organisms\/","name":"Organisms | Royal European Academy of Doctors","isPartOf":{"@id":"https:\/\/raed.academy\/en\/#website"},"datePublished":"2017-08-05T11:29:57+00:00","dateModified":"2017-08-05T11:53:27+00:00","description":"State and international organisms, collaborating entities, entities of general administration of the state.","breadcrumb":{"@id":"https:\/\/raed.academy\/en\/organisms\/#breadcrumb"},"inLanguage":"en-US","potentialAction":[{"@type":"ReadAction","target":["https:\/\/raed.academy\/en\/organisms\/"]}]},{"@type":"BreadcrumbList","@id":"https:\/\/raed.academy\/en\/organisms\/#breadcrumb","itemListElement":[{"@type":"ListItem","position":1,"name":"Inicio","item":"https:\/\/raed.academy\/en\/"},{"@type":"ListItem","position":2,"name":"ORGANISMS"}]},{"@type":"WebSite","@id":"https:\/\/raed.academy\/en\/#website","url":"https:\/\/raed.academy\/en\/","name":"Royal European Academy of Doctors","description":"Corporaci\u00f3n de derecho p\u00fablico de car\u00e1cter cient\u00edfico, t\u00e9cnico y art\u00edstico, que tiene por objeto la investigaci\u00f3n, el estudio, el fomento y la extensi\u00f3n del conocimiento en su sentido m\u00e1s amplio.","publisher":{"@id":"https:\/\/raed.academy\/en\/#organization"},"potentialAction":[{"@type":"SearchAction","target":{"@type":"EntryPoint","urlTemplate":"https:\/\/raed.academy\/en\/?s={search_term_string}"},"query-input":{"@type":"PropertyValueSpecification","valueRequired":true,"valueName":"search_term_string"}}],"inLanguage":"en-US"},{"@type":"Organization","@id":"https:\/\/raed.academy\/en\/#organization","name":"Real Academia Europea de Doctores","url":"https:\/\/raed.academy\/en\/","logo":{"@type":"ImageObject","inLanguage":"en-US","@id":"https:\/\/raed.academy\/en\/#\/schema\/logo\/image\/","url":"https:\/\/raed.academy\/wp-content\/uploads\/2017\/01\/cropped-logo_raed.png","contentUrl":"https:\/\/raed.academy\/wp-content\/uploads\/2017\/01\/cropped-logo_raed.png","width":512,"height":512,"caption":"Real Academia Europea de Doctores"},"image":{"@id":"https:\/\/raed.academy\/en\/#\/schema\/logo\/image\/"},"sameAs":["http:\/\/fb.me\/raed.academy","https:\/\/x.com\/raedacademy","https:\/\/www.instagram.com\/raed.academy\/","https:\/\/www.youtube.com\/channel\/UCUYQwW2KrdirNWihxMDObwg"]}]}},"_links":{"self":[{"href":"https:\/\/raed.academy\/en\/wp-json\/wp\/v2\/pages\/31890","targetHints":{"allow":["GET"]}}],"collection":[{"href":"https:\/\/raed.academy\/en\/wp-json\/wp\/v2\/pages"}],"about":[{"href":"https:\/\/raed.academy\/en\/wp-json\/wp\/v2\/types\/page"}],"author":[{"embeddable":true,"href":"https:\/\/raed.academy\/en\/wp-json\/wp\/v2\/users\/16"}],"replies":[{"embeddable":true,"href":"https:\/\/raed.academy\/en\/wp-json\/wp\/v2\/comments?post=31890"}],"version-history":[{"count":0,"href":"https:\/\/raed.academy\/en\/wp-json\/wp\/v2\/pages\/31890\/revisions"}],"wp:attachment":[{"href":"https:\/\/raed.academy\/en\/wp-json\/wp\/v2\/media?parent=31890"}],"curies":[{"name":"wp","href":"https:\/\/api.w.org\/{rel}","templated":true}]}}