{"id":31885,"date":"2017-08-05T07:45:40","date_gmt":"2017-08-05T07:45:40","guid":{"rendered":"http:\/\/raed.academy\/legal-texts\/"},"modified":"2017-08-05T07:45:40","modified_gmt":"2017-08-05T07:45:40","slug":"legal-texts","status":"publish","type":"page","link":"https:\/\/raed.academy\/en\/legal-texts\/","title":{"rendered":"LEGAL TEXTS"},"content":{"rendered":"<hr \/>\n<ul>\n<li style=\"text-align: left;\">\n<h3><a href=\"http:\/\/www.boenet.com\" target=\"_blank\">BOENET<\/a><\/h3>\n<\/li>\n<li style=\"text-align: left;\">\n<h3><a href=\"http:\/\/www.oepm.es\/bopiweb\/index.htm\" target=\"_blank\">Bolet\u00edn de la Propiedad Industrial<\/a><\/h3>\n<\/li>\n<li style=\"text-align: left;\">\n<h3><a href=\"http:\/\/www.congreso.es\" target=\"_blank\">Bolet\u00edn General de las Cortes Generales<\/a><\/h3>\n<\/li>\n<li style=\"text-align: left;\">\n<h3><a href=\"http:\/\/www.boe.es\" target=\"_blank\">Bolet\u00edn Oficial del Estado<\/a><\/h3>\n<\/li>\n<li style=\"text-align: left;\">\n<h3><a href=\"http:\/\/www.boe.es\/diario_borme\" target=\"_blank\">Bolet\u00edn Oficial del Registro Mercantil<\/a><\/h3>\n<\/li>\n<li style=\"text-align: left;\">\n<h3><a href=\"http:\/\/www.senado.es\/public\/bocg.html\" target=\"_blank\">Bolet\u00edn Oficial del Senado<\/a><\/h3>\n<\/li>\n<li style=\"text-align: left;\">\n<h3><a href=\"http:\/\/eur-lex.europa.eu\/en\/index.htm\" target=\"_blank\">EUR-Lex Derecho de la Uni\u00f3n Europea<\/a><\/h3>\n<\/li>\n<li>\n<h3 style=\"text-align: left;\"><a href=\"http:\/\/www.uv.es\/cde\/sentencias.html\" target=\"_blank\">Sentencias del Tribunal de Luxemburgo<\/a><\/h3>\n<\/li>\n<\/ul>\n","protected":false},"excerpt":{"rendered":"<p>BOENET Bolet\u00edn de la Propiedad Industrial Bolet\u00edn General de las Cortes Generales Bolet\u00edn Oficial del Estado Bolet\u00edn Oficial del Registro Mercantil Bolet\u00edn Oficial del Senado EUR-Lex Derecho de la Uni\u00f3n Europea Sentencias del Tribunal de Luxemburgo<\/p>\n","protected":false},"author":16,"featured_media":0,"parent":0,"menu_order":0,"comment_status":"closed","ping_status":"closed","template":"","meta":{"_et_pb_use_builder":"","_et_pb_old_content":"","_et_gb_content_width":"","footnotes":""},"class_list":["post-31885","page","type-page","status-publish","hentry"],"yoast_head":"<!-- This site is optimized with the Yoast SEO plugin v27.4 - https:\/\/yoast.com\/product\/yoast-seo-wordpress\/ -->\n<title>LEGAL TEXTS - Royal European Academy of Doctors<\/title>\n<meta name=\"robots\" content=\"index, follow, max-snippet:-1, max-image-preview:large, max-video-preview:-1\" \/>\n<link rel=\"canonical\" href=\"https:\/\/raed.academy\/en\/legal-texts\/\" \/>\n<meta property=\"og:locale\" content=\"en_US\" \/>\n<meta property=\"og:type\" content=\"article\" \/>\n<meta property=\"og:title\" content=\"LEGAL TEXTS - Royal European Academy of Doctors\" \/>\n<meta property=\"og:description\" content=\"BOENET Bolet\u00edn de la Propiedad Industrial Bolet\u00edn General de las Cortes Generales Bolet\u00edn Oficial del Estado Bolet\u00edn Oficial del Registro Mercantil Bolet\u00edn Oficial del Senado EUR-Lex Derecho de la Uni\u00f3n Europea Sentencias del Tribunal de Luxemburgo\" \/>\n<meta property=\"og:url\" content=\"https:\/\/raed.academy\/en\/legal-texts\/\" \/>\n<meta property=\"og:site_name\" content=\"Royal European Academy of Doctors\" \/>\n<meta property=\"article:publisher\" content=\"http:\/\/fb.me\/raed.academy\" \/>\n<meta name=\"twitter:card\" content=\"summary_large_image\" \/>\n<meta name=\"twitter:site\" content=\"@raedacademy\" \/>\n<script type=\"application\/ld+json\" class=\"yoast-schema-graph\">{\"@context\":\"https:\\\/\\\/schema.org\",\"@graph\":[{\"@type\":\"WebPage\",\"@id\":\"https:\\\/\\\/raed.academy\\\/en\\\/legal-texts\\\/\",\"url\":\"https:\\\/\\\/raed.academy\\\/en\\\/legal-texts\\\/\",\"name\":\"LEGAL TEXTS - Royal European Academy of Doctors\",\"isPartOf\":{\"@id\":\"https:\\\/\\\/raed.academy\\\/en\\\/#website\"},\"datePublished\":\"2017-08-05T07:45:40+00:00\",\"breadcrumb\":{\"@id\":\"https:\\\/\\\/raed.academy\\\/en\\\/legal-texts\\\/#breadcrumb\"},\"inLanguage\":\"en-US\",\"potentialAction\":[{\"@type\":\"ReadAction\",\"target\":[\"https:\\\/\\\/raed.academy\\\/en\\\/legal-texts\\\/\"]}]},{\"@type\":\"BreadcrumbList\",\"@id\":\"https:\\\/\\\/raed.academy\\\/en\\\/legal-texts\\\/#breadcrumb\",\"itemListElement\":[{\"@type\":\"ListItem\",\"position\":1,\"name\":\"Inicio\",\"item\":\"https:\\\/\\\/raed.academy\\\/en\\\/\"},{\"@type\":\"ListItem\",\"position\":2,\"name\":\"LEGAL TEXTS\"}]},{\"@type\":\"WebSite\",\"@id\":\"https:\\\/\\\/raed.academy\\\/en\\\/#website\",\"url\":\"https:\\\/\\\/raed.academy\\\/en\\\/\",\"name\":\"Royal European Academy of Doctors\",\"description\":\"Corporaci\u00f3n de derecho p\u00fablico de car\u00e1cter cient\u00edfico, t\u00e9cnico y art\u00edstico, que tiene por objeto la investigaci\u00f3n, el estudio, el fomento y la extensi\u00f3n del conocimiento en su sentido m\u00e1s amplio.\",\"publisher\":{\"@id\":\"https:\\\/\\\/raed.academy\\\/en\\\/#organization\"},\"potentialAction\":[{\"@type\":\"SearchAction\",\"target\":{\"@type\":\"EntryPoint\",\"urlTemplate\":\"https:\\\/\\\/raed.academy\\\/en\\\/?s={search_term_string}\"},\"query-input\":{\"@type\":\"PropertyValueSpecification\",\"valueRequired\":true,\"valueName\":\"search_term_string\"}}],\"inLanguage\":\"en-US\"},{\"@type\":\"Organization\",\"@id\":\"https:\\\/\\\/raed.academy\\\/en\\\/#organization\",\"name\":\"Real Academia Europea de Doctores\",\"url\":\"https:\\\/\\\/raed.academy\\\/en\\\/\",\"logo\":{\"@type\":\"ImageObject\",\"inLanguage\":\"en-US\",\"@id\":\"https:\\\/\\\/raed.academy\\\/en\\\/#\\\/schema\\\/logo\\\/image\\\/\",\"url\":\"https:\\\/\\\/raed.academy\\\/wp-content\\\/uploads\\\/2017\\\/01\\\/cropped-logo_raed.png\",\"contentUrl\":\"https:\\\/\\\/raed.academy\\\/wp-content\\\/uploads\\\/2017\\\/01\\\/cropped-logo_raed.png\",\"width\":512,\"height\":512,\"caption\":\"Real Academia Europea de Doctores\"},\"image\":{\"@id\":\"https:\\\/\\\/raed.academy\\\/en\\\/#\\\/schema\\\/logo\\\/image\\\/\"},\"sameAs\":[\"http:\\\/\\\/fb.me\\\/raed.academy\",\"https:\\\/\\\/x.com\\\/raedacademy\",\"https:\\\/\\\/www.instagram.com\\\/raed.academy\\\/\",\"https:\\\/\\\/www.youtube.com\\\/channel\\\/UCUYQwW2KrdirNWihxMDObwg\"]}]}<\/script>\n<!-- \/ Yoast SEO plugin. -->","yoast_head_json":{"title":"LEGAL TEXTS - Royal European Academy of Doctors","robots":{"index":"index","follow":"follow","max-snippet":"max-snippet:-1","max-image-preview":"max-image-preview:large","max-video-preview":"max-video-preview:-1"},"canonical":"https:\/\/raed.academy\/en\/legal-texts\/","og_locale":"en_US","og_type":"article","og_title":"LEGAL TEXTS - Royal European Academy of Doctors","og_description":"BOENET Bolet\u00edn de la Propiedad Industrial Bolet\u00edn General de las Cortes Generales Bolet\u00edn Oficial del Estado Bolet\u00edn Oficial del Registro Mercantil Bolet\u00edn Oficial del Senado EUR-Lex Derecho de la Uni\u00f3n Europea Sentencias del Tribunal de Luxemburgo","og_url":"https:\/\/raed.academy\/en\/legal-texts\/","og_site_name":"Royal European Academy of Doctors","article_publisher":"http:\/\/fb.me\/raed.academy","twitter_card":"summary_large_image","twitter_site":"@raedacademy","schema":{"@context":"https:\/\/schema.org","@graph":[{"@type":"WebPage","@id":"https:\/\/raed.academy\/en\/legal-texts\/","url":"https:\/\/raed.academy\/en\/legal-texts\/","name":"LEGAL TEXTS - Royal European Academy of Doctors","isPartOf":{"@id":"https:\/\/raed.academy\/en\/#website"},"datePublished":"2017-08-05T07:45:40+00:00","breadcrumb":{"@id":"https:\/\/raed.academy\/en\/legal-texts\/#breadcrumb"},"inLanguage":"en-US","potentialAction":[{"@type":"ReadAction","target":["https:\/\/raed.academy\/en\/legal-texts\/"]}]},{"@type":"BreadcrumbList","@id":"https:\/\/raed.academy\/en\/legal-texts\/#breadcrumb","itemListElement":[{"@type":"ListItem","position":1,"name":"Inicio","item":"https:\/\/raed.academy\/en\/"},{"@type":"ListItem","position":2,"name":"LEGAL TEXTS"}]},{"@type":"WebSite","@id":"https:\/\/raed.academy\/en\/#website","url":"https:\/\/raed.academy\/en\/","name":"Royal European Academy of Doctors","description":"Corporaci\u00f3n de derecho p\u00fablico de car\u00e1cter cient\u00edfico, t\u00e9cnico y art\u00edstico, que tiene por objeto la investigaci\u00f3n, el estudio, el fomento y la extensi\u00f3n del conocimiento en su sentido m\u00e1s amplio.","publisher":{"@id":"https:\/\/raed.academy\/en\/#organization"},"potentialAction":[{"@type":"SearchAction","target":{"@type":"EntryPoint","urlTemplate":"https:\/\/raed.academy\/en\/?s={search_term_string}"},"query-input":{"@type":"PropertyValueSpecification","valueRequired":true,"valueName":"search_term_string"}}],"inLanguage":"en-US"},{"@type":"Organization","@id":"https:\/\/raed.academy\/en\/#organization","name":"Real Academia Europea de Doctores","url":"https:\/\/raed.academy\/en\/","logo":{"@type":"ImageObject","inLanguage":"en-US","@id":"https:\/\/raed.academy\/en\/#\/schema\/logo\/image\/","url":"https:\/\/raed.academy\/wp-content\/uploads\/2017\/01\/cropped-logo_raed.png","contentUrl":"https:\/\/raed.academy\/wp-content\/uploads\/2017\/01\/cropped-logo_raed.png","width":512,"height":512,"caption":"Real Academia Europea de Doctores"},"image":{"@id":"https:\/\/raed.academy\/en\/#\/schema\/logo\/image\/"},"sameAs":["http:\/\/fb.me\/raed.academy","https:\/\/x.com\/raedacademy","https:\/\/www.instagram.com\/raed.academy\/","https:\/\/www.youtube.com\/channel\/UCUYQwW2KrdirNWihxMDObwg"]}]}},"_links":{"self":[{"href":"https:\/\/raed.academy\/en\/wp-json\/wp\/v2\/pages\/31885","targetHints":{"allow":["GET"]}}],"collection":[{"href":"https:\/\/raed.academy\/en\/wp-json\/wp\/v2\/pages"}],"about":[{"href":"https:\/\/raed.academy\/en\/wp-json\/wp\/v2\/types\/page"}],"author":[{"embeddable":true,"href":"https:\/\/raed.academy\/en\/wp-json\/wp\/v2\/users\/16"}],"replies":[{"embeddable":true,"href":"https:\/\/raed.academy\/en\/wp-json\/wp\/v2\/comments?post=31885"}],"version-history":[{"count":0,"href":"https:\/\/raed.academy\/en\/wp-json\/wp\/v2\/pages\/31885\/revisions"}],"wp:attachment":[{"href":"https:\/\/raed.academy\/en\/wp-json\/wp\/v2\/media?parent=31885"}],"curies":[{"name":"wp","href":"https:\/\/api.w.org\/{rel}","templated":true}]}}