{"id":29118,"date":"2017-06-08T13:32:25","date_gmt":"2017-06-08T13:32:25","guid":{"rendered":"http:\/\/raed.academy\/?page_id=29118\/"},"modified":"2017-08-01T09:01:10","modified_gmt":"2017-08-01T09:01:10","slug":"first-scientific-meeting-convergence-of-the-ways-science-and-business","status":"publish","type":"page","link":"https:\/\/raed.academy\/en\/first-scientific-meeting-convergence-of-the-ways-science-and-business\/","title":{"rendered":"Activity program of First Scientific Meeting &#8220;Convergence of the Ways: Science and Business&#8221;"},"content":{"rendered":"<div class=\"menuIconos\">\n<div class=\"rSociales\"><a href=\"https:\/\/www.youtube.com\/channel\/UCUYQwW2KrdirNWihxMDObwg\" target=\"_blank\" rel=\"noopener\"><img decoding=\"async\" src=\"https:\/\/raed.academy\/wp-content\/uploads\/2016\/12\/Youtube_icon.png\" alt=\"Youtube\" \/><\/a><a href=\"http:\/\/fb.me\/raed.academy\" target=\"_blank\" rel=\"noopener\"><img decoding=\"async\" src=\"\/wp-content\/uploads\/2017\/02\/fb.png\" \/><\/a><a href=\"https:\/\/twitter.com\/raedacademy\" target=\"_blank\" rel=\"noopener\"><img decoding=\"async\" src=\"https:\/\/raed.academy\/wp-content\/uploads\/2017\/02\/twitter3d.png\" \/><\/a><\/div>\n<\/div>\n<div class=\"separadorH\" style=\"height: 40px;\"><\/div>\n<p><img loading=\"lazy\" decoding=\"async\" class=\"aligncenter size-full wp-image-29134\" style=\"margin-bottom: 40px;\" src=\"http:\/\/raed.academy\/wp-content\/uploads\/2017\/06\/Activity-program-of-First-Scientific-Meeting-Convergence-of-the-Ways-Science-and-Business.jpg\" alt=\"Activity program of First Scientific Meeting Convergence of the Ways Science and Business\" width=\"600\" height=\"450\" srcset=\"https:\/\/raed.academy\/wp-content\/uploads\/2017\/06\/Activity-program-of-First-Scientific-Meeting-Convergence-of-the-Ways-Science-and-Business.jpg 600w, https:\/\/raed.academy\/wp-content\/uploads\/2017\/06\/Activity-program-of-First-Scientific-Meeting-Convergence-of-the-Ways-Science-and-Business-300x225.jpg 300w\" sizes=\"(max-width: 600px) 100vw, 600px\" \/><\/p>\n<div class=\"fondoBlanco\">\n<div class=\"mitadIzquierda\">\n<h2>FRIDAY 9 JUNE<\/h2>\n<p>9.00 Official Inauguration of the Meeting.<\/p>\n<p>09.15-10.00 Does science evolve by blind chance? Or by intelligence desing? Sheldom L. Glashow. Presenting Catalina Ruiz.<\/p>\n<p>10.00-12.00 Economics, Politics and Companies: uncertainties, risks and opportunities. Hisham El Sherift; Jos\u00e9 Mar\u00eda Gay; Jos\u00e9 Manuel Calavia, Nilo Garc\u00eda Manchado, Lorenzo Gasc\u00f3n, Frederic Borr\u00e0s. Moderating Claudia Arteaga<\/p>\n<p>12.00-12.30 Coffe-break<\/p>\n<p>12.30-13.00: The impact of genetically modified food to relieve hunger around the world. Richard Roberts. Presenting Lluis Serra.<\/p>\n<p>13.00-13.30 International cooperation applied to specific and measurable objectives. Luis L\u00f3pez. Presenting Jos\u00e9 Ram\u00f3n Calvo.<\/p>\n<p>13.30-14.30 Networking: Excellence corner.<\/p>\n<p>14.30 Lunch time<\/p>\n<p>16.30-18.30 What is Science for companies?: Fundamental science vs applied science. Sheldom L. Glashow, Richard Roberts, Jos\u00e9 Mar\u00eda Baldasano, Sonia Fern\u00e1ndez Vidal, Juan Ruiz Alzola, Jaume Armengou. Moderating Jordi Mart\u00ed.<\/p>\n<p>18.30-19.00 History of determination: the discovering of the structure of ribosomes. Ada Yonath. Presenting Cecilia Kindel\u00e1n.<\/p>\n<p>19.00-20.00 Technology and sustainable development. Juan Ruiz, Luis L\u00f3pez, Catalina Ruiz, Lluis Serra, Josefa de la Rosa. Moderating M\u00aa \u00c0ngels Calvo.<\/p>\n<p>21.00 Dinner<\/p>\n<\/div>\n<div class=\"mitadDerecha\">\n<h2>SATURDAY 10 JUNE<\/h2>\n<p>09.00-11.00 New world political stage: Dangers and projections. Walter Lichem, Rosal\u00eda Arteaga, Inocencio Arias, Ernst Iten, Joaqu\u00edn Almunia, Luis Alberto Lacalle. Moderating Claudia Arteaga.<\/p>\n<p>11.00-11.30 Coffe-break<\/p>\n<p>11.30-14.30 Solemn ceremony of admission for the Academic Numerary Dr. Jos\u00e9 R. Calvo. Answers Dr Jordi Mart\u00ed.<\/p>\n<p>Solemn act of induction as Honorary Members:<\/p>\n<ul>\n<li>Dra. Ada Yonath, presents Dr. Jos\u00e9 Luis Salido<\/li>\n<li>Dr. Sheldom L. Glashow, presents Dr. Jos\u00e9 Mar\u00eda Gay<\/li>\n<li>Dr. Richard Roberts, presents Dr, Jos\u00e9 Manuel Calavia<\/li>\n<li>Dr. Luis Alberto Lacalle, presents Dr. Xabier A\u00f1overos<\/li>\n<\/ul>\n<p>14.30 Luch time<\/p>\n<p>16.30-18.30 Public economy vs market economy. Ahmad Ranema, Jaime Llopis, Joaquim Vila, Miguel \u00c1ngel Gallo, Gin\u00e9s de Rus, Francisco Javier Llovera. Moderating Juan Francisco Corona.<\/p>\n<p>20.30 Closing of the meeting<\/p>\n<p>21.00 Cocktail<\/p>\n<p>21.30 Formal dinner<\/p>\n<\/div>\n<\/div>\n","protected":false},"excerpt":{"rendered":"<p>FRIDAY 9 JUNE 9.00 Official Inauguration of the Meeting. 09.15-10.00 Does science evolve by blind chance? Or by intelligence desing? Sheldom L. Glashow. Presenting Catalina Ruiz. 10.00-12.00 Economics, Politics and Companies: uncertainties, risks and opportunities. Hisham El Sherift; Jos\u00e9 Mar\u00eda Gay; Jos\u00e9 Manuel Calavia, Nilo Garc\u00eda Manchado, Lorenzo Gasc\u00f3n, Frederic Borr\u00e0s. Moderating Claudia Arteaga 12.00-12.30 [&hellip;]<\/p>\n","protected":false},"author":16,"featured_media":0,"parent":0,"menu_order":0,"comment_status":"closed","ping_status":"closed","template":"","meta":{"_et_pb_use_builder":"","_et_pb_old_content":"","_et_gb_content_width":"","footnotes":""},"class_list":["post-29118","page","type-page","status-publish","hentry"],"yoast_head":"<!-- This site is optimized with the Yoast SEO plugin v27.4 - https:\/\/yoast.com\/product\/yoast-seo-wordpress\/ -->\n<title>Activity program of First Scientific Meeting &quot;Convergence of the Ways: Science and Business&quot; - Royal European Academy of Doctors<\/title>\n<meta name=\"description\" content=\"Activity program of the First Scientific Meeting &quot;Convergence of the Ways: Science and Business&quot;. Fuerteventura, 8th i 11th of June | RAED - IESE - ULPGC\" \/>\n<meta name=\"robots\" content=\"index, follow, max-snippet:-1, max-image-preview:large, max-video-preview:-1\" \/>\n<link rel=\"canonical\" href=\"https:\/\/raed.academy\/en\/first-scientific-meeting-convergence-of-the-ways-science-and-business\/\" \/>\n<meta property=\"og:locale\" content=\"en_US\" \/>\n<meta property=\"og:type\" content=\"article\" \/>\n<meta property=\"og:title\" content=\"Activity program of First Scientific Meeting &quot;Convergence of the Ways: Science and Business&quot; - Royal European Academy of Doctors\" \/>\n<meta property=\"og:description\" content=\"Activity program of the First Scientific Meeting &quot;Convergence of the Ways: Science and Business&quot;. Fuerteventura, 8th i 11th of June | RAED - IESE - ULPGC\" \/>\n<meta property=\"og:url\" content=\"https:\/\/raed.academy\/en\/first-scientific-meeting-convergence-of-the-ways-science-and-business\/\" \/>\n<meta property=\"og:site_name\" content=\"Royal European Academy of Doctors\" \/>\n<meta property=\"article:publisher\" content=\"http:\/\/fb.me\/raed.academy\" \/>\n<meta property=\"article:modified_time\" content=\"2017-08-01T09:01:10+00:00\" \/>\n<meta property=\"og:image\" content=\"https:\/\/raed.academy\/wp-content\/uploads\/2016\/12\/Youtube_icon.png\" \/>\n<meta name=\"twitter:card\" content=\"summary_large_image\" \/>\n<meta name=\"twitter:site\" content=\"@raedacademy\" \/>\n<meta name=\"twitter:label1\" content=\"Est. reading time\" \/>\n\t<meta name=\"twitter:data1\" content=\"1 minute\" \/>\n<script type=\"application\/ld+json\" class=\"yoast-schema-graph\">{\"@context\":\"https:\\\/\\\/schema.org\",\"@graph\":[{\"@type\":\"WebPage\",\"@id\":\"https:\\\/\\\/raed.academy\\\/en\\\/first-scientific-meeting-convergence-of-the-ways-science-and-business\\\/\",\"url\":\"https:\\\/\\\/raed.academy\\\/en\\\/first-scientific-meeting-convergence-of-the-ways-science-and-business\\\/\",\"name\":\"Activity program of First Scientific Meeting \\\"Convergence of the Ways: Science and Business\\\" - Royal European Academy of Doctors\",\"isPartOf\":{\"@id\":\"https:\\\/\\\/raed.academy\\\/en\\\/#website\"},\"primaryImageOfPage\":{\"@id\":\"https:\\\/\\\/raed.academy\\\/en\\\/first-scientific-meeting-convergence-of-the-ways-science-and-business\\\/#primaryimage\"},\"image\":{\"@id\":\"https:\\\/\\\/raed.academy\\\/en\\\/first-scientific-meeting-convergence-of-the-ways-science-and-business\\\/#primaryimage\"},\"thumbnailUrl\":\"https:\\\/\\\/raed.academy\\\/wp-content\\\/uploads\\\/2016\\\/12\\\/Youtube_icon.png\",\"datePublished\":\"2017-06-08T13:32:25+00:00\",\"dateModified\":\"2017-08-01T09:01:10+00:00\",\"description\":\"Activity program of the First Scientific Meeting \\\"Convergence of the Ways: Science and Business\\\". Fuerteventura, 8th i 11th of June | RAED - IESE - ULPGC\",\"breadcrumb\":{\"@id\":\"https:\\\/\\\/raed.academy\\\/en\\\/first-scientific-meeting-convergence-of-the-ways-science-and-business\\\/#breadcrumb\"},\"inLanguage\":\"en-US\",\"potentialAction\":[{\"@type\":\"ReadAction\",\"target\":[\"https:\\\/\\\/raed.academy\\\/en\\\/first-scientific-meeting-convergence-of-the-ways-science-and-business\\\/\"]}]},{\"@type\":\"ImageObject\",\"inLanguage\":\"en-US\",\"@id\":\"https:\\\/\\\/raed.academy\\\/en\\\/first-scientific-meeting-convergence-of-the-ways-science-and-business\\\/#primaryimage\",\"url\":\"https:\\\/\\\/raed.academy\\\/wp-content\\\/uploads\\\/2016\\\/12\\\/Youtube_icon.png\",\"contentUrl\":\"https:\\\/\\\/raed.academy\\\/wp-content\\\/uploads\\\/2016\\\/12\\\/Youtube_icon.png\"},{\"@type\":\"BreadcrumbList\",\"@id\":\"https:\\\/\\\/raed.academy\\\/en\\\/first-scientific-meeting-convergence-of-the-ways-science-and-business\\\/#breadcrumb\",\"itemListElement\":[{\"@type\":\"ListItem\",\"position\":1,\"name\":\"Inicio\",\"item\":\"https:\\\/\\\/raed.academy\\\/en\\\/\"},{\"@type\":\"ListItem\",\"position\":2,\"name\":\"Activity program of First Scientific Meeting &#8220;Convergence of the Ways: Science and Business&#8221;\"}]},{\"@type\":\"WebSite\",\"@id\":\"https:\\\/\\\/raed.academy\\\/en\\\/#website\",\"url\":\"https:\\\/\\\/raed.academy\\\/en\\\/\",\"name\":\"Royal European Academy of Doctors\",\"description\":\"Corporaci\u00f3n de derecho p\u00fablico de car\u00e1cter cient\u00edfico, t\u00e9cnico y art\u00edstico, que tiene por objeto la investigaci\u00f3n, el estudio, el fomento y la extensi\u00f3n del conocimiento en su sentido m\u00e1s amplio.\",\"publisher\":{\"@id\":\"https:\\\/\\\/raed.academy\\\/en\\\/#organization\"},\"potentialAction\":[{\"@type\":\"SearchAction\",\"target\":{\"@type\":\"EntryPoint\",\"urlTemplate\":\"https:\\\/\\\/raed.academy\\\/en\\\/?s={search_term_string}\"},\"query-input\":{\"@type\":\"PropertyValueSpecification\",\"valueRequired\":true,\"valueName\":\"search_term_string\"}}],\"inLanguage\":\"en-US\"},{\"@type\":\"Organization\",\"@id\":\"https:\\\/\\\/raed.academy\\\/en\\\/#organization\",\"name\":\"Real Academia Europea de Doctores\",\"url\":\"https:\\\/\\\/raed.academy\\\/en\\\/\",\"logo\":{\"@type\":\"ImageObject\",\"inLanguage\":\"en-US\",\"@id\":\"https:\\\/\\\/raed.academy\\\/en\\\/#\\\/schema\\\/logo\\\/image\\\/\",\"url\":\"https:\\\/\\\/raed.academy\\\/wp-content\\\/uploads\\\/2017\\\/01\\\/cropped-logo_raed.png\",\"contentUrl\":\"https:\\\/\\\/raed.academy\\\/wp-content\\\/uploads\\\/2017\\\/01\\\/cropped-logo_raed.png\",\"width\":512,\"height\":512,\"caption\":\"Real Academia Europea de Doctores\"},\"image\":{\"@id\":\"https:\\\/\\\/raed.academy\\\/en\\\/#\\\/schema\\\/logo\\\/image\\\/\"},\"sameAs\":[\"http:\\\/\\\/fb.me\\\/raed.academy\",\"https:\\\/\\\/x.com\\\/raedacademy\",\"https:\\\/\\\/www.instagram.com\\\/raed.academy\\\/\",\"https:\\\/\\\/www.youtube.com\\\/channel\\\/UCUYQwW2KrdirNWihxMDObwg\"]}]}<\/script>\n<!-- \/ Yoast SEO plugin. -->","yoast_head_json":{"title":"Activity program of First Scientific Meeting \"Convergence of the Ways: Science and Business\" - Royal European Academy of Doctors","description":"Activity program of the First Scientific Meeting \"Convergence of the Ways: Science and Business\". Fuerteventura, 8th i 11th of June | RAED - IESE - ULPGC","robots":{"index":"index","follow":"follow","max-snippet":"max-snippet:-1","max-image-preview":"max-image-preview:large","max-video-preview":"max-video-preview:-1"},"canonical":"https:\/\/raed.academy\/en\/first-scientific-meeting-convergence-of-the-ways-science-and-business\/","og_locale":"en_US","og_type":"article","og_title":"Activity program of First Scientific Meeting \"Convergence of the Ways: Science and Business\" - Royal European Academy of Doctors","og_description":"Activity program of the First Scientific Meeting \"Convergence of the Ways: Science and Business\". Fuerteventura, 8th i 11th of June | RAED - IESE - ULPGC","og_url":"https:\/\/raed.academy\/en\/first-scientific-meeting-convergence-of-the-ways-science-and-business\/","og_site_name":"Royal European Academy of Doctors","article_publisher":"http:\/\/fb.me\/raed.academy","article_modified_time":"2017-08-01T09:01:10+00:00","og_image":[{"url":"https:\/\/raed.academy\/wp-content\/uploads\/2016\/12\/Youtube_icon.png","type":"","width":"","height":""}],"twitter_card":"summary_large_image","twitter_site":"@raedacademy","twitter_misc":{"Est. reading time":"1 minute"},"schema":{"@context":"https:\/\/schema.org","@graph":[{"@type":"WebPage","@id":"https:\/\/raed.academy\/en\/first-scientific-meeting-convergence-of-the-ways-science-and-business\/","url":"https:\/\/raed.academy\/en\/first-scientific-meeting-convergence-of-the-ways-science-and-business\/","name":"Activity program of First Scientific Meeting \"Convergence of the Ways: Science and Business\" - Royal European Academy of Doctors","isPartOf":{"@id":"https:\/\/raed.academy\/en\/#website"},"primaryImageOfPage":{"@id":"https:\/\/raed.academy\/en\/first-scientific-meeting-convergence-of-the-ways-science-and-business\/#primaryimage"},"image":{"@id":"https:\/\/raed.academy\/en\/first-scientific-meeting-convergence-of-the-ways-science-and-business\/#primaryimage"},"thumbnailUrl":"https:\/\/raed.academy\/wp-content\/uploads\/2016\/12\/Youtube_icon.png","datePublished":"2017-06-08T13:32:25+00:00","dateModified":"2017-08-01T09:01:10+00:00","description":"Activity program of the First Scientific Meeting \"Convergence of the Ways: Science and Business\". Fuerteventura, 8th i 11th of June | RAED - IESE - ULPGC","breadcrumb":{"@id":"https:\/\/raed.academy\/en\/first-scientific-meeting-convergence-of-the-ways-science-and-business\/#breadcrumb"},"inLanguage":"en-US","potentialAction":[{"@type":"ReadAction","target":["https:\/\/raed.academy\/en\/first-scientific-meeting-convergence-of-the-ways-science-and-business\/"]}]},{"@type":"ImageObject","inLanguage":"en-US","@id":"https:\/\/raed.academy\/en\/first-scientific-meeting-convergence-of-the-ways-science-and-business\/#primaryimage","url":"https:\/\/raed.academy\/wp-content\/uploads\/2016\/12\/Youtube_icon.png","contentUrl":"https:\/\/raed.academy\/wp-content\/uploads\/2016\/12\/Youtube_icon.png"},{"@type":"BreadcrumbList","@id":"https:\/\/raed.academy\/en\/first-scientific-meeting-convergence-of-the-ways-science-and-business\/#breadcrumb","itemListElement":[{"@type":"ListItem","position":1,"name":"Inicio","item":"https:\/\/raed.academy\/en\/"},{"@type":"ListItem","position":2,"name":"Activity program of First Scientific Meeting &#8220;Convergence of the Ways: Science and Business&#8221;"}]},{"@type":"WebSite","@id":"https:\/\/raed.academy\/en\/#website","url":"https:\/\/raed.academy\/en\/","name":"Royal European Academy of Doctors","description":"Corporaci\u00f3n de derecho p\u00fablico de car\u00e1cter cient\u00edfico, t\u00e9cnico y art\u00edstico, que tiene por objeto la investigaci\u00f3n, el estudio, el fomento y la extensi\u00f3n del conocimiento en su sentido m\u00e1s amplio.","publisher":{"@id":"https:\/\/raed.academy\/en\/#organization"},"potentialAction":[{"@type":"SearchAction","target":{"@type":"EntryPoint","urlTemplate":"https:\/\/raed.academy\/en\/?s={search_term_string}"},"query-input":{"@type":"PropertyValueSpecification","valueRequired":true,"valueName":"search_term_string"}}],"inLanguage":"en-US"},{"@type":"Organization","@id":"https:\/\/raed.academy\/en\/#organization","name":"Real Academia Europea de Doctores","url":"https:\/\/raed.academy\/en\/","logo":{"@type":"ImageObject","inLanguage":"en-US","@id":"https:\/\/raed.academy\/en\/#\/schema\/logo\/image\/","url":"https:\/\/raed.academy\/wp-content\/uploads\/2017\/01\/cropped-logo_raed.png","contentUrl":"https:\/\/raed.academy\/wp-content\/uploads\/2017\/01\/cropped-logo_raed.png","width":512,"height":512,"caption":"Real Academia Europea de Doctores"},"image":{"@id":"https:\/\/raed.academy\/en\/#\/schema\/logo\/image\/"},"sameAs":["http:\/\/fb.me\/raed.academy","https:\/\/x.com\/raedacademy","https:\/\/www.instagram.com\/raed.academy\/","https:\/\/www.youtube.com\/channel\/UCUYQwW2KrdirNWihxMDObwg"]}]}},"_links":{"self":[{"href":"https:\/\/raed.academy\/en\/wp-json\/wp\/v2\/pages\/29118","targetHints":{"allow":["GET"]}}],"collection":[{"href":"https:\/\/raed.academy\/en\/wp-json\/wp\/v2\/pages"}],"about":[{"href":"https:\/\/raed.academy\/en\/wp-json\/wp\/v2\/types\/page"}],"author":[{"embeddable":true,"href":"https:\/\/raed.academy\/en\/wp-json\/wp\/v2\/users\/16"}],"replies":[{"embeddable":true,"href":"https:\/\/raed.academy\/en\/wp-json\/wp\/v2\/comments?post=29118"}],"version-history":[{"count":0,"href":"https:\/\/raed.academy\/en\/wp-json\/wp\/v2\/pages\/29118\/revisions"}],"wp:attachment":[{"href":"https:\/\/raed.academy\/en\/wp-json\/wp\/v2\/media?parent=29118"}],"curies":[{"name":"wp","href":"https:\/\/api.w.org\/{rel}","templated":true}]}}