{"id":18612,"date":"2016-12-09T11:28:42","date_gmt":"2016-12-09T11:28:42","guid":{"rendered":"http:\/\/raed.academy\/?page_id=18612"},"modified":"2024-01-02T16:27:07","modified_gmt":"2024-01-02T16:27:07","slug":"senate","status":"publish","type":"page","link":"https:\/\/raed.academy\/en\/senate\/","title":{"rendered":"The Senate"},"content":{"rendered":"<p>[et_pb_section fb_built=&#8221;1&#8243; _builder_version=&#8221;4.16&#8243; global_colors_info=&#8221;{}&#8221;][et_pb_row _builder_version=&#8221;4.17.0&#8243; background_size=&#8221;initial&#8221; background_position=&#8221;top_left&#8221; background_repeat=&#8221;repeat&#8221; width=&#8221;95%&#8221; max_width=&#8221;1600px&#8221; global_colors_info=&#8221;{}&#8221;][et_pb_column type=&#8221;4_4&#8243; _builder_version=&#8221;4.16&#8243; custom_padding=&#8221;|||&#8221; global_colors_info=&#8221;{}&#8221; custom_padding__hover=&#8221;|||&#8221;][et_pb_post_title meta=&#8221;off&#8221; featured_image=&#8221;off&#8221; module_class=&#8221;portada&#8221; _builder_version=&#8221;4.17.0&#8243; _module_preset=&#8221;default&#8221; global_colors_info=&#8221;{}&#8221;][\/et_pb_post_title][et_pb_text _builder_version=&#8221;4.23.4&#8243; background_size=&#8221;initial&#8221; background_position=&#8221;top_left&#8221; background_repeat=&#8221;repeat&#8221; hover_enabled=&#8221;0&#8243; global_colors_info=&#8221;{}&#8221; sticky_enabled=&#8221;0&#8243;]<\/p>\n<p align=\"justify\">The RAED\u2019s articles of association envisage the establishment of a senate to act as an advisory, consultative but non-binding body for the board of governors, on which it depends organically. Its functions are established in a corresponding set of regulations.<\/p>\n<p align=\"justify\">The senate represents the essence and tradition of the Royal European Academy of Doctors, and is therefore concerned with its upkeep.<\/p>\n<h2 align=\"justify\">President of the Senate<\/h2>\n<p align=\"justify\"><a href=\"https:\/\/raed.academy\/en\/academicians\/dr-rafael-i-barraquer-compte\/dr-francisco-javier-llovera-saez-2\/\" target=\"_blank\" rel=\"noopener\"><strong>LLOVERA SAEZ, Francisco Javier<\/strong><\/a><\/p>\n<h2>Senators<\/h2>\n<div id=\"miembros-senado\" class=\"bloque-listado-academicos\" style=\"border: 1px solid #ccc;\"><strong><a href=\"https:\/\/raed.academy\/en\/academicians\/dr-angel-aguirre-baztan\/\">AGUIRRE BAZT\u00c1N, \u00c1ngel<\/a><br \/><a href=\"https:\/\/raed.academy\/en\/academicians\/dr-jaume-antich-femenias\/\">ANTICH FEMENIAS, Jaume<\/a><br \/><a href=\"https:\/\/raed.academy\/en\/academicians\/dra-rosalia-arteaga\/\">ARTEAGA SERRANO, Rosal\u00eda<\/a><br \/><a href=\"https:\/\/raed.academy\/en\/academicians\/dr-jose-maria-baldasano-recio\/\" target=\"_blank\" rel=\"noopener noreferrer\">BALDASANO RECIO, Jos\u00e9 Mar\u00eda<\/a><br \/><a href=\"https:\/\/raed.academy\/en\/academicians\/dr-rafael-i-barraquer-compte\/dr-josep-maria-bove-montero-2\/\" target=\"_blank\" rel=\"noopener noreferrer\">BOV\u00c9 MONTERO, Josep Maria<\/a><br \/><a href=\"https:\/\/raed.academy\/en\/academicians\/dr-ignacio-buqueras-bach\/\" target=\"_blank\" rel=\"noopener noreferrer\">BUQUERAS Y BACH, Ignacio<\/a><br \/><a href=\"https:\/\/raed.academy\/en\/academicians\/dr-august-corominas-vilardell\/\" target=\"_blank\" rel=\"noopener noreferrer\">COROMINAS VILARDELL, August<\/a><br \/><a href=\"https:\/\/raed.academy\/en\/academicians\/dr-pere-costa-batllori\/\" target=\"_blank\" rel=\"noopener noreferrer\"><strong>COSTA BATLLORI, Pere<\/strong><\/a><br \/><a href=\"https:\/\/raed.academy\/en\/academicians\/dr-josep-maria-costa-torres\/\" target=\"_blank\" rel=\"noopener noreferrer\">COSTA TORRES, Josep Maria<\/a><br \/><a href=\"https:\/\/raed.academy\/en\/academicians\/dr-rafael-i-barraquer-compte\/dr-jaime-manuel-de-castro-fernandez-2\/\" target=\"_blank\" rel=\"noopener noreferrer\">DE CASTRO FERNANDEZ, Jaime M.<\/a><br \/><a href=\"https:\/\/raed.academy\/en\/academicians\/dra-sonia-fernandez-vidal\/\" target=\"_blank\" rel=\"noopener noreferrer\">FERN\u00c1NDEZ VIDAL, S\u00f2nia<\/a><br \/><a href=\"https:\/\/raed.academy\/en\/academicians\/dr-antonio-gens-sole\/\" target=\"_blank\" rel=\"noopener noreferrer\"><strong>GENS SOL\u00c9, Antonio<\/strong><\/a><br \/><a href=\"https:\/\/raed.academy\/en\/academicians\/dr-joaquim-gironella-coll\/\" target=\"_blank\" rel=\"noopener noreferrer\">GIRONELLA COLL, Joaquim<\/a><br \/><a href=\"https:\/\/raed.academy\/en\/academicians\/dr-carlos-dante-heredia-garcia\/\" target=\"_blank\" rel=\"noopener noreferrer\"><strong>HEREDIA GARC\u00cdA, Carlos Dante<\/strong><\/a><br \/><a href=\"https:\/\/raed.academy\/en\/academicians\/dr-rafael-i-barraquer-compte\/dr-carlos-mallo-rodriguez-2\/\" target=\"_blank\" rel=\"noopener noreferrer\">MALLO RODR\u00cdGUEZ, Carlos<\/a><br \/><a href=\"https:\/\/raed.academy\/en\/academicians\/dr-joan-massons-rabassa\/\" target=\"_blank\" rel=\"noopener noreferrer\">MASSONS RABASSA, Joan<\/a><br \/><a href=\"https:\/\/raed.academy\/en\/academicians\/dr-rafael-i-barraquer-compte\/dr-marius-petit-guinovart-2\/\" target=\"_blank\" rel=\"noopener noreferrer\">PETIT GUINOVART, M\u00e0rius<\/a><br \/>\n<a href=\"https:\/\/raed.academy\/en\/academicians\/dr-rafael-i-barraquer-compte\/dr-antonio-pulido-gutierrez-2\/\" target=\"_blank\" rel=\"noopener noreferrer\"><strong>PULIDO GUTI\u00c9RREZ, Antonio<\/strong><\/a><br \/>\n<a href=\"https:\/\/raed.academy\/en\/academicians\/dr-josep-maria-simon-tor\/\" target=\"_blank\" rel=\"noopener noreferrer\">SIM\u00d3N TOR, Josep Maria<\/a><br \/>\n<a href=\"https:\/\/raed.academy\/en\/academicians\/dr-santiago-tintore-ferrer\/\" target=\"_blank\" rel=\"noopener noreferrer\"><strong>TINTOR\u00c9 FERRER, Santiago<\/strong><\/a> &dagger;<\/p>\n<p><a href=\"https:\/\/raed.academy\/en\/academicians\/dr-daniel-turbon-borrega\/\" target=\"_blank\" rel=\"noopener noreferrer\">TURB\u00d3N BORREGA, Daniel<\/a><\/strong><\/div>\n<p>[\/et_pb_text][\/et_pb_column][\/et_pb_row][\/et_pb_section]<\/p>\n","protected":false},"excerpt":{"rendered":"<p>The RAED\u2019s articles of association envisage the establishment of a senate to act as an advisory, consultative but non-binding body for the board of governors, on which it depends organically. Its functions are established in a corresponding set of regulations. The senate represents the essence and tradition of the Royal European Academy of Doctors, and [&hellip;]<\/p>\n","protected":false},"author":16,"featured_media":0,"parent":0,"menu_order":0,"comment_status":"closed","ping_status":"closed","template":"","meta":{"_et_pb_use_builder":"on","_et_pb_old_content":"<p align=\"justify\">The RAED\u2019s articles of association envisage the establishment of a senate to act as an advisory, consultative but non-binding body for the board of governors, on which it depends organically. Its functions are established in a corresponding set of regulations.<\/p><p align=\"justify\">The senate represents the essence and tradition of the Royal European Academy of Doctors, and is therefore concerned with its upkeep.<\/p><div id=\"miembros-senado\" class=\"numerarios\" style=\"border: 1px solid #ccc; margin-top: 40px;\"><strong><a href=\"https:\/\/raed.academy\/en\/academicians\/dr-angel-aguirre-baztan\">AGUIRRE BAZT\u00c1N, \u00c1ngel<\/a><br \/><a href=\"https:\/\/raed.academy\/en\/academicians\/dr-jaume-antich-femenias\/\">ANTICH FEMENIAS, Jaume<\/a><br \/><a href=\"https:\/\/raed.academy\/en\/academicians\/dra-rosalia-arteaga\/\">ARTEAGA SERRANO, Rosal\u00eda<\/a><br \/><a href=\"https:\/\/raed.academy\/en\/academicians\/dr-jose-maria-baldasano-recio\/\" target=\"_blank\" rel=\"noopener noreferrer\">BALDASANO RECIO, Jos\u00e9 Mar\u00eda<\/a><br \/><a href=\"https:\/\/raed.academy\/en\/academicians\/dr-josep-maria-bove-montero\/\" target=\"_blank\" rel=\"noopener noreferrer\">BOV\u00c9 MONTERO, Josep Maria<\/a><br \/><a href=\"https:\/\/raed.academy\/en\/academicians\/dr-ignacio-buqueras-bach\/\" target=\"_blank\" rel=\"noopener noreferrer\">BUQUERAS Y BACH, Ignacio<\/a><br \/><a href=\"https:\/\/raed.academy\/en\/academicians\/dr-august-corominas-vilardell\/\" target=\"_blank\" rel=\"noopener noreferrer\">COROMINAS VILARDELL, August<\/a><br \/><a href=\"https:\/\/raed.academy\/en\/academicians\/dr-pere-costa-batllori\/\" target=\"_blank\" rel=\"noopener noreferrer\"><strong>COSTA BATLLORI, Pere<\/strong><\/a><br \/><a href=\"https:\/\/raed.academy\/en\/academicians\/dr-josep-maria-costa-torres\/\" target=\"_blank\" rel=\"noopener noreferrer\">COSTA TORRES, Josep Maria<\/a><br \/><a href=\"https:\/\/raed.academy\/en\/academicians\/dr-jaime-manuel-de-castro-fernandez\/\" target=\"_blank\" rel=\"noopener noreferrer\">DE CASTRO FERNANDEZ, Jaime M.<\/a><br \/><a href=\"https:\/\/raed.academy\/en\/academicians\/dra-sonia-fernandez-vidal\/\" target=\"_blank\" rel=\"noopener noreferrer\">FERN\u00c1NDEZ VIDAL, S\u00f2nia<\/a><br \/><a href=\"https:\/\/raed.academy\/en\/academicians\/dr-antonio-gens-sole\/\" target=\"_blank\" rel=\"noopener noreferrer\"><strong>GENS SOL\u00c9, Antonio<\/strong><\/a><br \/><a href=\"https:\/\/raed.academy\/en\/academicians\/dr-joaquim-gironella-coll\/\" target=\"_blank\" rel=\"noopener noreferrer\">GIRONELLA COLL, Joaquim<\/a><br \/><a href=\"https:\/\/raed.academy\/en\/academicians\/dr-carlos-dante-heredia-garcia\/\" target=\"_blank\" rel=\"noopener noreferrer\"><strong>HEREDIA GARC\u00cdA, Carlos Dante<\/strong><\/a><br \/><a href=\"https:\/\/raed.academy\/en\/academicians\/dr-carlos-mallo-rodriguez\/\" target=\"_blank\" rel=\"noopener noreferrer\">MALLO RODR\u00cdGUEZ, Carlos<\/a><br \/><a href=\"https:\/\/raed.academy\/en\/academicians\/dr-joan-massons-rabassa\/\" target=\"_blank\" rel=\"noopener noreferrer\">MASSONS RABASSA, Joan<\/a><br \/><a href=\"https:\/\/raed.academy\/en\/academicians\/dr-marius-petit-guinovart\/\" target=\"_blank\" rel=\"noopener noreferrer\">PETIT GUINOVART, M\u00e0rius<\/a><br \/><a href=\"https:\/\/raed.academy\/en\/academicians\/dr-antonio-pulido-gutierrez\/\" target=\"_blank\" rel=\"noopener noreferrer\"><strong>PULIDO GUTI\u00c9RREZ, Antonio<\/strong><\/a><br \/><a href=\"https:\/\/raed.academy\/en\/academicians\/dr-santiago-ripol-girona\/\" target=\"_blank\" rel=\"noopener noreferrer\">RIPOL GIRONA, Santiago<\/a><br \/><a href=\"https:\/\/raed.academy\/en\/academicians\/dr-josep-maria-simon-tor\/\" target=\"_blank\" rel=\"noopener noreferrer\">SIM\u00d3N TOR, Josep Maria<\/a><br \/><a href=\"https:\/\/raed.academy\/en\/academicians\/dr-santiago-tintore-ferrer\/\" target=\"_blank\" rel=\"noopener noreferrer\"><strong>TINTOR\u00c9 FERRER, Santiago<\/strong><\/a><br \/><a href=\"https:\/\/raed.academy\/en\/academicians\/dr-daniel-turbon-borrega\/\" target=\"_blank\" rel=\"noopener noreferrer\">TURB\u00d3N BORREGA, Daniel<\/a><\/strong><\/div>","_et_gb_content_width":"","footnotes":""},"class_list":["post-18612","page","type-page","status-publish","hentry"],"yoast_head":"<!-- This site is optimized with the Yoast SEO plugin v27.4 - https:\/\/yoast.com\/product\/yoast-seo-wordpress\/ -->\n<title>The Senate - Royal European Academy of Doctors<\/title>\n<meta name=\"robots\" content=\"noindex, follow\" \/>\n<meta property=\"og:locale\" content=\"en_US\" \/>\n<meta property=\"og:type\" content=\"article\" \/>\n<meta property=\"og:title\" content=\"The Senate - Royal European Academy of Doctors\" \/>\n<meta property=\"og:description\" content=\"La RAED organiza y lleva a cabo una serie de actividades concentradas en mes y medio que contaron con la implicaci\u00f3n activa de numerosos acad\u00e9micos. Recepci\u00f3n de cuatro acad\u00e9micos correspondientes (Stavroula-Ina Piperaki para Grecia, Stephen Zeff y David B. Wilkins para Estados Unidos y Llu\u00eds Vicent Safont para Andorra) Mesa redonda sobre \u00abLa salida de [&hellip;]\" \/>\n<meta property=\"og:url\" content=\"https:\/\/raed.academy\/en\/senate\/\" \/>\n<meta property=\"og:site_name\" content=\"Royal European Academy of Doctors\" \/>\n<meta property=\"article:publisher\" content=\"http:\/\/fb.me\/raed.academy\" \/>\n<meta property=\"article:modified_time\" content=\"2024-01-02T16:27:07+00:00\" \/>\n<meta name=\"twitter:card\" content=\"summary_large_image\" \/>\n<meta name=\"twitter:site\" content=\"@raedacademy\" \/>\n<meta name=\"twitter:label1\" content=\"Est. reading time\" \/>\n\t<meta name=\"twitter:data1\" content=\"1 minute\" \/>\n<script type=\"application\/ld+json\" class=\"yoast-schema-graph\">{\"@context\":\"https:\\\/\\\/schema.org\",\"@graph\":[{\"@type\":\"WebPage\",\"@id\":\"https:\\\/\\\/raed.academy\\\/en\\\/senate\\\/\",\"url\":\"https:\\\/\\\/raed.academy\\\/en\\\/senate\\\/\",\"name\":\"The Senate - Royal European Academy of Doctors\",\"isPartOf\":{\"@id\":\"https:\\\/\\\/raed.academy\\\/en\\\/#website\"},\"datePublished\":\"2016-12-09T11:28:42+00:00\",\"dateModified\":\"2024-01-02T16:27:07+00:00\",\"breadcrumb\":{\"@id\":\"https:\\\/\\\/raed.academy\\\/en\\\/senate\\\/#breadcrumb\"},\"inLanguage\":\"en-US\",\"potentialAction\":[{\"@type\":\"ReadAction\",\"target\":[\"https:\\\/\\\/raed.academy\\\/en\\\/senate\\\/\"]}]},{\"@type\":\"BreadcrumbList\",\"@id\":\"https:\\\/\\\/raed.academy\\\/en\\\/senate\\\/#breadcrumb\",\"itemListElement\":[{\"@type\":\"ListItem\",\"position\":1,\"name\":\"Inicio\",\"item\":\"https:\\\/\\\/raed.academy\\\/en\\\/\"},{\"@type\":\"ListItem\",\"position\":2,\"name\":\"The Senate\"}]},{\"@type\":\"WebSite\",\"@id\":\"https:\\\/\\\/raed.academy\\\/en\\\/#website\",\"url\":\"https:\\\/\\\/raed.academy\\\/en\\\/\",\"name\":\"Royal European Academy of Doctors\",\"description\":\"Corporaci\u00f3n de derecho p\u00fablico de car\u00e1cter cient\u00edfico, t\u00e9cnico y art\u00edstico, que tiene por objeto la investigaci\u00f3n, el estudio, el fomento y la extensi\u00f3n del conocimiento en su sentido m\u00e1s amplio.\",\"publisher\":{\"@id\":\"https:\\\/\\\/raed.academy\\\/en\\\/#organization\"},\"potentialAction\":[{\"@type\":\"SearchAction\",\"target\":{\"@type\":\"EntryPoint\",\"urlTemplate\":\"https:\\\/\\\/raed.academy\\\/en\\\/?s={search_term_string}\"},\"query-input\":{\"@type\":\"PropertyValueSpecification\",\"valueRequired\":true,\"valueName\":\"search_term_string\"}}],\"inLanguage\":\"en-US\"},{\"@type\":\"Organization\",\"@id\":\"https:\\\/\\\/raed.academy\\\/en\\\/#organization\",\"name\":\"Real Academia Europea de Doctores\",\"url\":\"https:\\\/\\\/raed.academy\\\/en\\\/\",\"logo\":{\"@type\":\"ImageObject\",\"inLanguage\":\"en-US\",\"@id\":\"https:\\\/\\\/raed.academy\\\/en\\\/#\\\/schema\\\/logo\\\/image\\\/\",\"url\":\"https:\\\/\\\/raed.academy\\\/wp-content\\\/uploads\\\/2017\\\/01\\\/cropped-logo_raed.png\",\"contentUrl\":\"https:\\\/\\\/raed.academy\\\/wp-content\\\/uploads\\\/2017\\\/01\\\/cropped-logo_raed.png\",\"width\":512,\"height\":512,\"caption\":\"Real Academia Europea de Doctores\"},\"image\":{\"@id\":\"https:\\\/\\\/raed.academy\\\/en\\\/#\\\/schema\\\/logo\\\/image\\\/\"},\"sameAs\":[\"http:\\\/\\\/fb.me\\\/raed.academy\",\"https:\\\/\\\/x.com\\\/raedacademy\",\"https:\\\/\\\/www.instagram.com\\\/raed.academy\\\/\",\"https:\\\/\\\/www.youtube.com\\\/channel\\\/UCUYQwW2KrdirNWihxMDObwg\"]}]}<\/script>\n<!-- \/ Yoast SEO plugin. -->","yoast_head_json":{"title":"The Senate - Royal European Academy of Doctors","robots":{"index":"noindex","follow":"follow"},"og_locale":"en_US","og_type":"article","og_title":"The Senate - Royal European Academy of Doctors","og_description":"La RAED organiza y lleva a cabo una serie de actividades concentradas en mes y medio que contaron con la implicaci\u00f3n activa de numerosos acad\u00e9micos. Recepci\u00f3n de cuatro acad\u00e9micos correspondientes (Stavroula-Ina Piperaki para Grecia, Stephen Zeff y David B. Wilkins para Estados Unidos y Llu\u00eds Vicent Safont para Andorra) Mesa redonda sobre \u00abLa salida de [&hellip;]","og_url":"https:\/\/raed.academy\/en\/senate\/","og_site_name":"Royal European Academy of Doctors","article_publisher":"http:\/\/fb.me\/raed.academy","article_modified_time":"2024-01-02T16:27:07+00:00","twitter_card":"summary_large_image","twitter_site":"@raedacademy","twitter_misc":{"Est. reading time":"1 minute"},"schema":{"@context":"https:\/\/schema.org","@graph":[{"@type":"WebPage","@id":"https:\/\/raed.academy\/en\/senate\/","url":"https:\/\/raed.academy\/en\/senate\/","name":"The Senate - Royal European Academy of Doctors","isPartOf":{"@id":"https:\/\/raed.academy\/en\/#website"},"datePublished":"2016-12-09T11:28:42+00:00","dateModified":"2024-01-02T16:27:07+00:00","breadcrumb":{"@id":"https:\/\/raed.academy\/en\/senate\/#breadcrumb"},"inLanguage":"en-US","potentialAction":[{"@type":"ReadAction","target":["https:\/\/raed.academy\/en\/senate\/"]}]},{"@type":"BreadcrumbList","@id":"https:\/\/raed.academy\/en\/senate\/#breadcrumb","itemListElement":[{"@type":"ListItem","position":1,"name":"Inicio","item":"https:\/\/raed.academy\/en\/"},{"@type":"ListItem","position":2,"name":"The Senate"}]},{"@type":"WebSite","@id":"https:\/\/raed.academy\/en\/#website","url":"https:\/\/raed.academy\/en\/","name":"Royal European Academy of Doctors","description":"Corporaci\u00f3n de derecho p\u00fablico de car\u00e1cter cient\u00edfico, t\u00e9cnico y art\u00edstico, que tiene por objeto la investigaci\u00f3n, el estudio, el fomento y la extensi\u00f3n del conocimiento en su sentido m\u00e1s amplio.","publisher":{"@id":"https:\/\/raed.academy\/en\/#organization"},"potentialAction":[{"@type":"SearchAction","target":{"@type":"EntryPoint","urlTemplate":"https:\/\/raed.academy\/en\/?s={search_term_string}"},"query-input":{"@type":"PropertyValueSpecification","valueRequired":true,"valueName":"search_term_string"}}],"inLanguage":"en-US"},{"@type":"Organization","@id":"https:\/\/raed.academy\/en\/#organization","name":"Real Academia Europea de Doctores","url":"https:\/\/raed.academy\/en\/","logo":{"@type":"ImageObject","inLanguage":"en-US","@id":"https:\/\/raed.academy\/en\/#\/schema\/logo\/image\/","url":"https:\/\/raed.academy\/wp-content\/uploads\/2017\/01\/cropped-logo_raed.png","contentUrl":"https:\/\/raed.academy\/wp-content\/uploads\/2017\/01\/cropped-logo_raed.png","width":512,"height":512,"caption":"Real Academia Europea de Doctores"},"image":{"@id":"https:\/\/raed.academy\/en\/#\/schema\/logo\/image\/"},"sameAs":["http:\/\/fb.me\/raed.academy","https:\/\/x.com\/raedacademy","https:\/\/www.instagram.com\/raed.academy\/","https:\/\/www.youtube.com\/channel\/UCUYQwW2KrdirNWihxMDObwg"]}]}},"_links":{"self":[{"href":"https:\/\/raed.academy\/en\/wp-json\/wp\/v2\/pages\/18612","targetHints":{"allow":["GET"]}}],"collection":[{"href":"https:\/\/raed.academy\/en\/wp-json\/wp\/v2\/pages"}],"about":[{"href":"https:\/\/raed.academy\/en\/wp-json\/wp\/v2\/types\/page"}],"author":[{"embeddable":true,"href":"https:\/\/raed.academy\/en\/wp-json\/wp\/v2\/users\/16"}],"replies":[{"embeddable":true,"href":"https:\/\/raed.academy\/en\/wp-json\/wp\/v2\/comments?post=18612"}],"version-history":[{"count":0,"href":"https:\/\/raed.academy\/en\/wp-json\/wp\/v2\/pages\/18612\/revisions"}],"wp:attachment":[{"href":"https:\/\/raed.academy\/en\/wp-json\/wp\/v2\/media?parent=18612"}],"curies":[{"name":"wp","href":"https:\/\/api.w.org\/{rel}","templated":true}]}}