{"id":14188,"date":"2016-10-20T16:15:11","date_gmt":"2016-10-20T16:15:11","guid":{"rendered":"http:\/\/raed.academy\/?page_id=14188"},"modified":"2017-10-17T17:04:03","modified_gmt":"2017-10-17T17:04:03","slug":"academies","status":"publish","type":"page","link":"https:\/\/raed.academy\/en\/academies\/","title":{"rendered":"Academies"},"content":{"rendered":"<hr \/>\n<h2>CATALONIAN ACADEMIES<\/h2>\n<ul>\n<li>\n<h3><a href=\"http:\/\/www.acvc.cat\/\" target=\"_blank\" rel=\"noopener\">Acad\u00e8mia de Ci\u00e8ncies Veterin\u00e0ries de Catalunya<\/a><\/h3>\n<\/li>\n<li>\n<h3><a href=\"http:\/\/www.ajilc.cat\/\" target=\"_blank\" rel=\"noopener\">Acad\u00e8mia de Jurisprud\u00e8ncia i Legislaci\u00f3 de Catalunya<\/a><\/h3>\n<\/li>\n<li>\n<h3><a href=\"http:\/\/www.iec.cat\/activitats\/entrada.asp\" target=\"_blank\" rel=\"noopener\">Institut d&#8217;Estudis Catalans<\/a><\/h3>\n<\/li>\n<li>\n<h3><a href=\"http:\/\/www.boneslletres.cat\/\" target=\"_blank\" rel=\"noopener\">Reial Acad\u00e8mia de Bones Lletres de Barcelona<\/a><\/h3>\n<\/li>\n<li>\n<h3><a href=\"http:\/\/www.racba.org\/\" target=\"_blank\" rel=\"noopener\">Reial Acad\u00e8mia Catalana de Belles Arts de Sant Jordi<\/a><\/h3>\n<\/li>\n<li>\n<h3><a href=\"http:\/\/www.racab.es\/\" target=\"_blank\" rel=\"noopener\">Reial Acad\u00e8mia de Ci\u00e8ncies i Arts de Barcelona<\/a><\/h3>\n<\/li>\n<li>\n<h3><a href=\"http:\/\/www.reialacademiadoctors.org\/\" target=\"_blank\" rel=\"noopener\">Reial Acad\u00e8mia de Doctors<\/a><\/h3>\n<\/li>\n<li>\n<h3><a href=\"http:\/\/www.rafc.cat\/\" target=\"_blank\" rel=\"noopener\">Reial Acad\u00e8mia de Farm\u00e0cia de Catalunya<\/a><\/h3>\n<\/li>\n<li>\n<h3><a href=\"http:\/\/www.ramc.cat\/\" target=\"_blank\" rel=\"noopener\">Reial Acad\u00e8mia de Medicina de Catalunya<\/a><\/h3>\n<\/li>\n<\/ul>\n<hr \/>\n<h2>SPANISH ACADEMIES<\/h2>\n<ul>\n<li>\n<h3><a href=\"https:\/\/racef.es\/\" target=\"_blank\" rel=\"noopener\">Real Acad\u00e9mia de Ciencies Econ\u00f3micas y Financieras<\/a><\/h3>\n<\/li>\n<li>\n<h3><a href=\"http:\/\/www.insde.es\/\" target=\"_blank\" rel=\"noopener\">Instituto de Espa\u00f1a<\/a><\/h3>\n<\/li>\n<li>\n<h3><a href=\"http:\/\/rabasf.insde.es\/\" target=\"_blank\" rel=\"noopener\">Real Academia de Bellas Artes de San Fernando<\/a><\/h3>\n<\/li>\n<li>\n<h3><a href=\"http:\/\/www.rac.es\/\" target=\"_blank\" rel=\"noopener\">Real Academia de Ciencias Exactas, F\u00edsicas y Naturales<\/a><\/h3>\n<\/li>\n<li>\n<h3><a href=\"http:\/\/www.racmyp.es\/\" target=\"_blank\" rel=\"noopener\">Real Academia de Ciencias Morales y Pol\u00edticas<\/a><\/h3>\n<\/li>\n<li>\n<h3><a href=\"http:\/\/rajyl.insde.es\/\" target=\"_blank\" rel=\"noopener\">Real Academia de Jurisprudencia y Legislaci\u00f3n<\/a><\/h3>\n<\/li>\n<li>\n<h3><a href=\"http:\/\/www.rah.es\/\" target=\"_blank\" rel=\"noopener\">Real Academia de la Historia<\/a><\/h3>\n<\/li>\n<li>\n<h3><a href=\"http:\/\/www.rae.es\/\" target=\"_blank\" rel=\"noopener\">Real Academia Espa\u00f1ola de la Lengua<\/a><\/h3>\n<\/li>\n<li>\n<h3><a href=\"http:\/\/www.ranf.com\/\" target=\"_blank\" rel=\"noopener\">Real Academia Nacional de Farmacia<\/a><\/h3>\n<\/li>\n<li>\n<h3><a href=\"http:\/\/ranm.insde.es\/\" target=\"_blank\" rel=\"noopener\">Real Academia Nacional de Medicina<\/a><\/h3>\n<\/li>\n<\/ul>\n<hr \/>\n<h2>INTERNATIONAL ACADEMIES<\/h2>\n<ul>\n<li>\n<h3><a href=\"http:\/\/www.acadeuro.org\/\" target=\"_blank\" rel=\"noopener\">Academia Europea<\/a><\/h3>\n<\/li>\n<li>\n<h3><a href=\"http:\/\/www.academie.hassan2.sciences.ma\/index.php\" target=\"_blank\" rel=\"noopener\">Academia Hassan II de Ciencias y T\u00e9cnicas (Reino de Marruecos)<\/a><\/h3>\n<\/li>\n<li>\n<h3><a href=\"http:\/\/www.acad.ro\/\" target=\"_blank\" rel=\"noopener\">Academia Romana (Ruman\u00eda)<\/a><\/h3>\n<\/li>\n<li>\n<h3><a href=\"http:\/\/www.academieroyale.be\/\" target=\"_blank\" rel=\"noopener\">Acad\u00e9mie Royale des Sciences, des Lettres et des Beaux-Arts (B\u00e9lgica)<\/a><\/h3>\n<\/li>\n<li>\n<h3><a href=\"http:\/\/www.anurs.org\/index.html\" target=\"_blank\" rel=\"noopener\">Academy of Sciences and Arts of the Republic of Srpska<\/a><\/h3>\n<\/li>\n<li>\n<h3><a href=\"http:\/\/www.lincei.it\/\" target=\"_blank\" rel=\"noopener\">Accademia Nazionale dei Lincei (Italia)<\/a><\/h3>\n<\/li>\n<li>\n<h3><a href=\"http:\/\/www.allea.org\/\" target=\"_blank\" rel=\"noopener\">ALLEA-Federaci\u00f3n de Academias Nacionales<\/a><\/h3>\n<\/li>\n<li>\n<h3><a href=\"http:\/\/www.canu.org.me\/\" target=\"_blank\" rel=\"noopener\">Crnogorska Akademija Nauka i Umjetnosti (Montenegro)<\/a><\/h3>\n<\/li>\n<li>\n<h3><a href=\"http:\/\/www.institut-de-france.fr\/\" target=\"_blank\" rel=\"noopener\">Institut de France<\/a><\/h3>\n<\/li>\n<li>\n<h3><a href=\"http:\/\/www.pan.pl\/\" target=\"_blank\" rel=\"noopener\">Polska Akademia Nauk (Polonia)<\/a><\/h3>\n<\/li>\n<li>\n<h3><a href=\"http:\/\/www.rss.gov.jo\/\" target=\"_blank\" rel=\"noopener\">Royal Scientific Society (Jordania)<\/a><\/h3>\n<\/li>\n<\/ul>\n","protected":false},"excerpt":{"rendered":"<p>CATALONIAN ACADEMIES Acad\u00e8mia de Ci\u00e8ncies Veterin\u00e0ries de Catalunya Acad\u00e8mia de Jurisprud\u00e8ncia i Legislaci\u00f3 de Catalunya Institut d&#8217;Estudis Catalans Reial Acad\u00e8mia de Bones Lletres de Barcelona Reial Acad\u00e8mia Catalana de Belles Arts de Sant Jordi Reial Acad\u00e8mia de Ci\u00e8ncies i Arts de Barcelona Reial Acad\u00e8mia de Doctors Reial Acad\u00e8mia de Farm\u00e0cia de Catalunya Reial Acad\u00e8mia de [&hellip;]<\/p>\n","protected":false},"author":16,"featured_media":0,"parent":0,"menu_order":0,"comment_status":"closed","ping_status":"closed","template":"","meta":{"_et_pb_use_builder":"","_et_pb_old_content":"","_et_gb_content_width":"","footnotes":""},"class_list":["post-14188","page","type-page","status-publish","hentry"],"yoast_head":"<!-- This site is optimized with the Yoast SEO plugin v27.4 - https:\/\/yoast.com\/product\/yoast-seo-wordpress\/ -->\n<title>Academies - Royal European Academy of Doctors<\/title>\n<meta name=\"description\" content=\"List of Catalan, Spanish and international scientific academies\" \/>\n<meta name=\"robots\" content=\"index, follow, max-snippet:-1, max-image-preview:large, max-video-preview:-1\" \/>\n<link rel=\"canonical\" href=\"https:\/\/raed.academy\/en\/academies\/\" \/>\n<meta property=\"og:locale\" content=\"en_US\" \/>\n<meta property=\"og:type\" content=\"article\" \/>\n<meta property=\"og:title\" content=\"Academies - Royal European Academy of Doctors\" \/>\n<meta property=\"og:description\" content=\"List of Catalan, Spanish and international scientific academies\" \/>\n<meta property=\"og:url\" content=\"https:\/\/raed.academy\/en\/academies\/\" \/>\n<meta property=\"og:site_name\" content=\"Royal European Academy of Doctors\" \/>\n<meta property=\"article:publisher\" content=\"http:\/\/fb.me\/raed.academy\" \/>\n<meta property=\"article:modified_time\" content=\"2017-10-17T17:04:03+00:00\" \/>\n<meta name=\"twitter:card\" content=\"summary_large_image\" \/>\n<meta name=\"twitter:site\" content=\"@raedacademy\" \/>\n<meta name=\"twitter:label1\" content=\"Est. reading time\" \/>\n\t<meta name=\"twitter:data1\" content=\"1 minute\" \/>\n<script type=\"application\/ld+json\" class=\"yoast-schema-graph\">{\"@context\":\"https:\\\/\\\/schema.org\",\"@graph\":[{\"@type\":\"WebPage\",\"@id\":\"https:\\\/\\\/raed.academy\\\/en\\\/academies\\\/\",\"url\":\"https:\\\/\\\/raed.academy\\\/en\\\/academies\\\/\",\"name\":\"Academies - Royal European Academy of Doctors\",\"isPartOf\":{\"@id\":\"https:\\\/\\\/raed.academy\\\/en\\\/#website\"},\"datePublished\":\"2016-10-20T16:15:11+00:00\",\"dateModified\":\"2017-10-17T17:04:03+00:00\",\"description\":\"List of Catalan, Spanish and international scientific academies\",\"breadcrumb\":{\"@id\":\"https:\\\/\\\/raed.academy\\\/en\\\/academies\\\/#breadcrumb\"},\"inLanguage\":\"en-US\",\"potentialAction\":[{\"@type\":\"ReadAction\",\"target\":[\"https:\\\/\\\/raed.academy\\\/en\\\/academies\\\/\"]}]},{\"@type\":\"BreadcrumbList\",\"@id\":\"https:\\\/\\\/raed.academy\\\/en\\\/academies\\\/#breadcrumb\",\"itemListElement\":[{\"@type\":\"ListItem\",\"position\":1,\"name\":\"Inicio\",\"item\":\"https:\\\/\\\/raed.academy\\\/en\\\/\"},{\"@type\":\"ListItem\",\"position\":2,\"name\":\"Academies\"}]},{\"@type\":\"WebSite\",\"@id\":\"https:\\\/\\\/raed.academy\\\/en\\\/#website\",\"url\":\"https:\\\/\\\/raed.academy\\\/en\\\/\",\"name\":\"Royal European Academy of Doctors\",\"description\":\"Corporaci\u00f3n de derecho p\u00fablico de car\u00e1cter cient\u00edfico, t\u00e9cnico y art\u00edstico, que tiene por objeto la investigaci\u00f3n, el estudio, el fomento y la extensi\u00f3n del conocimiento en su sentido m\u00e1s amplio.\",\"publisher\":{\"@id\":\"https:\\\/\\\/raed.academy\\\/en\\\/#organization\"},\"potentialAction\":[{\"@type\":\"SearchAction\",\"target\":{\"@type\":\"EntryPoint\",\"urlTemplate\":\"https:\\\/\\\/raed.academy\\\/en\\\/?s={search_term_string}\"},\"query-input\":{\"@type\":\"PropertyValueSpecification\",\"valueRequired\":true,\"valueName\":\"search_term_string\"}}],\"inLanguage\":\"en-US\"},{\"@type\":\"Organization\",\"@id\":\"https:\\\/\\\/raed.academy\\\/en\\\/#organization\",\"name\":\"Real Academia Europea de Doctores\",\"url\":\"https:\\\/\\\/raed.academy\\\/en\\\/\",\"logo\":{\"@type\":\"ImageObject\",\"inLanguage\":\"en-US\",\"@id\":\"https:\\\/\\\/raed.academy\\\/en\\\/#\\\/schema\\\/logo\\\/image\\\/\",\"url\":\"https:\\\/\\\/raed.academy\\\/wp-content\\\/uploads\\\/2017\\\/01\\\/cropped-logo_raed.png\",\"contentUrl\":\"https:\\\/\\\/raed.academy\\\/wp-content\\\/uploads\\\/2017\\\/01\\\/cropped-logo_raed.png\",\"width\":512,\"height\":512,\"caption\":\"Real Academia Europea de Doctores\"},\"image\":{\"@id\":\"https:\\\/\\\/raed.academy\\\/en\\\/#\\\/schema\\\/logo\\\/image\\\/\"},\"sameAs\":[\"http:\\\/\\\/fb.me\\\/raed.academy\",\"https:\\\/\\\/x.com\\\/raedacademy\",\"https:\\\/\\\/www.instagram.com\\\/raed.academy\\\/\",\"https:\\\/\\\/www.youtube.com\\\/channel\\\/UCUYQwW2KrdirNWihxMDObwg\"]}]}<\/script>\n<!-- \/ Yoast SEO plugin. -->","yoast_head_json":{"title":"Academies - Royal European Academy of Doctors","description":"List of Catalan, Spanish and international scientific academies","robots":{"index":"index","follow":"follow","max-snippet":"max-snippet:-1","max-image-preview":"max-image-preview:large","max-video-preview":"max-video-preview:-1"},"canonical":"https:\/\/raed.academy\/en\/academies\/","og_locale":"en_US","og_type":"article","og_title":"Academies - Royal European Academy of Doctors","og_description":"List of Catalan, Spanish and international scientific academies","og_url":"https:\/\/raed.academy\/en\/academies\/","og_site_name":"Royal European Academy of Doctors","article_publisher":"http:\/\/fb.me\/raed.academy","article_modified_time":"2017-10-17T17:04:03+00:00","twitter_card":"summary_large_image","twitter_site":"@raedacademy","twitter_misc":{"Est. reading time":"1 minute"},"schema":{"@context":"https:\/\/schema.org","@graph":[{"@type":"WebPage","@id":"https:\/\/raed.academy\/en\/academies\/","url":"https:\/\/raed.academy\/en\/academies\/","name":"Academies - Royal European Academy of Doctors","isPartOf":{"@id":"https:\/\/raed.academy\/en\/#website"},"datePublished":"2016-10-20T16:15:11+00:00","dateModified":"2017-10-17T17:04:03+00:00","description":"List of Catalan, Spanish and international scientific academies","breadcrumb":{"@id":"https:\/\/raed.academy\/en\/academies\/#breadcrumb"},"inLanguage":"en-US","potentialAction":[{"@type":"ReadAction","target":["https:\/\/raed.academy\/en\/academies\/"]}]},{"@type":"BreadcrumbList","@id":"https:\/\/raed.academy\/en\/academies\/#breadcrumb","itemListElement":[{"@type":"ListItem","position":1,"name":"Inicio","item":"https:\/\/raed.academy\/en\/"},{"@type":"ListItem","position":2,"name":"Academies"}]},{"@type":"WebSite","@id":"https:\/\/raed.academy\/en\/#website","url":"https:\/\/raed.academy\/en\/","name":"Royal European Academy of Doctors","description":"Corporaci\u00f3n de derecho p\u00fablico de car\u00e1cter cient\u00edfico, t\u00e9cnico y art\u00edstico, que tiene por objeto la investigaci\u00f3n, el estudio, el fomento y la extensi\u00f3n del conocimiento en su sentido m\u00e1s amplio.","publisher":{"@id":"https:\/\/raed.academy\/en\/#organization"},"potentialAction":[{"@type":"SearchAction","target":{"@type":"EntryPoint","urlTemplate":"https:\/\/raed.academy\/en\/?s={search_term_string}"},"query-input":{"@type":"PropertyValueSpecification","valueRequired":true,"valueName":"search_term_string"}}],"inLanguage":"en-US"},{"@type":"Organization","@id":"https:\/\/raed.academy\/en\/#organization","name":"Real Academia Europea de Doctores","url":"https:\/\/raed.academy\/en\/","logo":{"@type":"ImageObject","inLanguage":"en-US","@id":"https:\/\/raed.academy\/en\/#\/schema\/logo\/image\/","url":"https:\/\/raed.academy\/wp-content\/uploads\/2017\/01\/cropped-logo_raed.png","contentUrl":"https:\/\/raed.academy\/wp-content\/uploads\/2017\/01\/cropped-logo_raed.png","width":512,"height":512,"caption":"Real Academia Europea de Doctores"},"image":{"@id":"https:\/\/raed.academy\/en\/#\/schema\/logo\/image\/"},"sameAs":["http:\/\/fb.me\/raed.academy","https:\/\/x.com\/raedacademy","https:\/\/www.instagram.com\/raed.academy\/","https:\/\/www.youtube.com\/channel\/UCUYQwW2KrdirNWihxMDObwg"]}]}},"_links":{"self":[{"href":"https:\/\/raed.academy\/en\/wp-json\/wp\/v2\/pages\/14188","targetHints":{"allow":["GET"]}}],"collection":[{"href":"https:\/\/raed.academy\/en\/wp-json\/wp\/v2\/pages"}],"about":[{"href":"https:\/\/raed.academy\/en\/wp-json\/wp\/v2\/types\/page"}],"author":[{"embeddable":true,"href":"https:\/\/raed.academy\/en\/wp-json\/wp\/v2\/users\/16"}],"replies":[{"embeddable":true,"href":"https:\/\/raed.academy\/en\/wp-json\/wp\/v2\/comments?post=14188"}],"version-history":[{"count":0,"href":"https:\/\/raed.academy\/en\/wp-json\/wp\/v2\/pages\/14188\/revisions"}],"wp:attachment":[{"href":"https:\/\/raed.academy\/en\/wp-json\/wp\/v2\/media?parent=14188"}],"curies":[{"name":"wp","href":"https:\/\/api.w.org\/{rel}","templated":true}]}}