{"id":12891,"date":"2016-10-05T16:42:13","date_gmt":"2016-10-05T16:42:13","guid":{"rendered":"http:\/\/radd.eu\/?page_id=12891"},"modified":"2018-12-27T17:37:47","modified_gmt":"2018-12-27T17:37:47","slug":"the-tittle-of-doctor","status":"publish","type":"page","link":"https:\/\/raed.academy\/en\/the-tittle-of-doctor\/","title":{"rendered":"THE TITLE OF DOCTOR"},"content":{"rendered":"<hr \/>\n<p>The title of Doctor, which is issued on behalf of the King of Spain by the vice-chancellor of the university where the corresponding doctoral thesis was submitted, has full academic validity and gives its holder authority to exercise a profession or conduct teaching and research. The title of Doctor is the highest academic distinction that a university can bestow. The purpose of the doctorate is the acquisition of abilities and advanced skills in the field of high-quality scientific research. The doctorate is obtained after presenting and publicly defending a thesis based on an original research project.<\/p>\n<div class=\"alignleft citaEnmarcada\" style=\"width: 300px;\">\n<h3><strong>\u201cThe doctorate is obtained after presenting and publicly defending a thesis based on an original research project.\u201d<\/strong><\/h3>\n<\/div>\n<p>The title of European Doctor demands a minimum stay of three months at a university in another European country for the purposes of postgraduate study. The resulting summary and conclusions should be presented in an official language of the European Union other than the official languages of Spain, and have been produced under the supervision of at least two experts based at universities of the European Union. The examination board engaged to evaluate the thesis must include one expert from a university of a member state of the European Union.<\/p>\n<p>The title of <em>Doctor<\/em> <em>Honoris Causa<\/em> is the highest honorific recognition that a university can bestow on persons who have distinguished themselves on the basis of their career or merits. The granting of this award, which is proposed by a university department or faculty, has to be approved by that university\u2019s governing board.<\/p>\n<p>Further information on the historic antecedents of the title of Doctor can be found in the book <em>History of the Royal European Academy of Doctors.<\/em><\/p>\n","protected":false},"excerpt":{"rendered":"<p>The title of Doctor, which is issued on behalf of the King of Spain by the vice-chancellor of the university where the corresponding doctoral thesis was submitted, has full academic validity and gives its holder authority to exercise a profession or conduct teaching and research. The title of Doctor is the highest academic distinction that [&hellip;]<\/p>\n","protected":false},"author":16,"featured_media":0,"parent":0,"menu_order":0,"comment_status":"closed","ping_status":"closed","template":"","meta":{"_et_pb_use_builder":"","_et_pb_old_content":"","_et_gb_content_width":"","footnotes":""},"class_list":["post-12891","page","type-page","status-publish","hentry"],"yoast_head":"<!-- This site is optimized with the Yoast SEO plugin v27.4 - https:\/\/yoast.com\/product\/yoast-seo-wordpress\/ -->\n<title>THE TITLE OF DOCTOR - Royal European Academy of Doctors<\/title>\n<meta name=\"robots\" content=\"index, follow, max-snippet:-1, max-image-preview:large, max-video-preview:-1\" \/>\n<link rel=\"canonical\" href=\"https:\/\/raed.academy\/en\/the-tittle-of-doctor\/\" \/>\n<meta property=\"og:locale\" content=\"en_US\" \/>\n<meta property=\"og:type\" content=\"article\" \/>\n<meta property=\"og:title\" content=\"THE TITLE OF DOCTOR - Royal European Academy of Doctors\" \/>\n<meta property=\"og:description\" content=\"The title of Doctor, which is issued on behalf of the King of Spain by the vice-chancellor of the university where the corresponding doctoral thesis was submitted, has full academic validity and gives its holder authority to exercise a profession or conduct teaching and research. The title of Doctor is the highest academic distinction that [&hellip;]\" \/>\n<meta property=\"og:url\" content=\"https:\/\/raed.academy\/en\/the-tittle-of-doctor\/\" \/>\n<meta property=\"og:site_name\" content=\"Royal European Academy of Doctors\" \/>\n<meta property=\"article:publisher\" content=\"http:\/\/fb.me\/raed.academy\" \/>\n<meta property=\"article:modified_time\" content=\"2018-12-27T17:37:47+00:00\" \/>\n<meta name=\"twitter:card\" content=\"summary_large_image\" \/>\n<meta name=\"twitter:site\" content=\"@raedacademy\" \/>\n<meta name=\"twitter:label1\" content=\"Est. reading time\" \/>\n\t<meta name=\"twitter:data1\" content=\"1 minute\" \/>\n<script type=\"application\/ld+json\" class=\"yoast-schema-graph\">{\"@context\":\"https:\\\/\\\/schema.org\",\"@graph\":[{\"@type\":\"WebPage\",\"@id\":\"https:\\\/\\\/raed.academy\\\/en\\\/the-tittle-of-doctor\\\/\",\"url\":\"https:\\\/\\\/raed.academy\\\/en\\\/the-tittle-of-doctor\\\/\",\"name\":\"THE TITLE OF DOCTOR - Royal European Academy of Doctors\",\"isPartOf\":{\"@id\":\"https:\\\/\\\/raed.academy\\\/en\\\/#website\"},\"datePublished\":\"2016-10-05T16:42:13+00:00\",\"dateModified\":\"2018-12-27T17:37:47+00:00\",\"breadcrumb\":{\"@id\":\"https:\\\/\\\/raed.academy\\\/en\\\/the-tittle-of-doctor\\\/#breadcrumb\"},\"inLanguage\":\"en-US\",\"potentialAction\":[{\"@type\":\"ReadAction\",\"target\":[\"https:\\\/\\\/raed.academy\\\/en\\\/the-tittle-of-doctor\\\/\"]}]},{\"@type\":\"BreadcrumbList\",\"@id\":\"https:\\\/\\\/raed.academy\\\/en\\\/the-tittle-of-doctor\\\/#breadcrumb\",\"itemListElement\":[{\"@type\":\"ListItem\",\"position\":1,\"name\":\"Inicio\",\"item\":\"https:\\\/\\\/raed.academy\\\/en\\\/\"},{\"@type\":\"ListItem\",\"position\":2,\"name\":\"THE TITLE OF DOCTOR\"}]},{\"@type\":\"WebSite\",\"@id\":\"https:\\\/\\\/raed.academy\\\/en\\\/#website\",\"url\":\"https:\\\/\\\/raed.academy\\\/en\\\/\",\"name\":\"Royal European Academy of Doctors\",\"description\":\"Corporaci\u00f3n de derecho p\u00fablico de car\u00e1cter cient\u00edfico, t\u00e9cnico y art\u00edstico, que tiene por objeto la investigaci\u00f3n, el estudio, el fomento y la extensi\u00f3n del conocimiento en su sentido m\u00e1s amplio.\",\"publisher\":{\"@id\":\"https:\\\/\\\/raed.academy\\\/en\\\/#organization\"},\"potentialAction\":[{\"@type\":\"SearchAction\",\"target\":{\"@type\":\"EntryPoint\",\"urlTemplate\":\"https:\\\/\\\/raed.academy\\\/en\\\/?s={search_term_string}\"},\"query-input\":{\"@type\":\"PropertyValueSpecification\",\"valueRequired\":true,\"valueName\":\"search_term_string\"}}],\"inLanguage\":\"en-US\"},{\"@type\":\"Organization\",\"@id\":\"https:\\\/\\\/raed.academy\\\/en\\\/#organization\",\"name\":\"Real Academia Europea de Doctores\",\"url\":\"https:\\\/\\\/raed.academy\\\/en\\\/\",\"logo\":{\"@type\":\"ImageObject\",\"inLanguage\":\"en-US\",\"@id\":\"https:\\\/\\\/raed.academy\\\/en\\\/#\\\/schema\\\/logo\\\/image\\\/\",\"url\":\"https:\\\/\\\/raed.academy\\\/wp-content\\\/uploads\\\/2017\\\/01\\\/cropped-logo_raed.png\",\"contentUrl\":\"https:\\\/\\\/raed.academy\\\/wp-content\\\/uploads\\\/2017\\\/01\\\/cropped-logo_raed.png\",\"width\":512,\"height\":512,\"caption\":\"Real Academia Europea de Doctores\"},\"image\":{\"@id\":\"https:\\\/\\\/raed.academy\\\/en\\\/#\\\/schema\\\/logo\\\/image\\\/\"},\"sameAs\":[\"http:\\\/\\\/fb.me\\\/raed.academy\",\"https:\\\/\\\/x.com\\\/raedacademy\",\"https:\\\/\\\/www.instagram.com\\\/raed.academy\\\/\",\"https:\\\/\\\/www.youtube.com\\\/channel\\\/UCUYQwW2KrdirNWihxMDObwg\"]}]}<\/script>\n<!-- \/ Yoast SEO plugin. -->","yoast_head_json":{"title":"THE TITLE OF DOCTOR - Royal European Academy of Doctors","robots":{"index":"index","follow":"follow","max-snippet":"max-snippet:-1","max-image-preview":"max-image-preview:large","max-video-preview":"max-video-preview:-1"},"canonical":"https:\/\/raed.academy\/en\/the-tittle-of-doctor\/","og_locale":"en_US","og_type":"article","og_title":"THE TITLE OF DOCTOR - Royal European Academy of Doctors","og_description":"The title of Doctor, which is issued on behalf of the King of Spain by the vice-chancellor of the university where the corresponding doctoral thesis was submitted, has full academic validity and gives its holder authority to exercise a profession or conduct teaching and research. The title of Doctor is the highest academic distinction that [&hellip;]","og_url":"https:\/\/raed.academy\/en\/the-tittle-of-doctor\/","og_site_name":"Royal European Academy of Doctors","article_publisher":"http:\/\/fb.me\/raed.academy","article_modified_time":"2018-12-27T17:37:47+00:00","twitter_card":"summary_large_image","twitter_site":"@raedacademy","twitter_misc":{"Est. reading time":"1 minute"},"schema":{"@context":"https:\/\/schema.org","@graph":[{"@type":"WebPage","@id":"https:\/\/raed.academy\/en\/the-tittle-of-doctor\/","url":"https:\/\/raed.academy\/en\/the-tittle-of-doctor\/","name":"THE TITLE OF DOCTOR - Royal European Academy of Doctors","isPartOf":{"@id":"https:\/\/raed.academy\/en\/#website"},"datePublished":"2016-10-05T16:42:13+00:00","dateModified":"2018-12-27T17:37:47+00:00","breadcrumb":{"@id":"https:\/\/raed.academy\/en\/the-tittle-of-doctor\/#breadcrumb"},"inLanguage":"en-US","potentialAction":[{"@type":"ReadAction","target":["https:\/\/raed.academy\/en\/the-tittle-of-doctor\/"]}]},{"@type":"BreadcrumbList","@id":"https:\/\/raed.academy\/en\/the-tittle-of-doctor\/#breadcrumb","itemListElement":[{"@type":"ListItem","position":1,"name":"Inicio","item":"https:\/\/raed.academy\/en\/"},{"@type":"ListItem","position":2,"name":"THE TITLE OF DOCTOR"}]},{"@type":"WebSite","@id":"https:\/\/raed.academy\/en\/#website","url":"https:\/\/raed.academy\/en\/","name":"Royal European Academy of Doctors","description":"Corporaci\u00f3n de derecho p\u00fablico de car\u00e1cter cient\u00edfico, t\u00e9cnico y art\u00edstico, que tiene por objeto la investigaci\u00f3n, el estudio, el fomento y la extensi\u00f3n del conocimiento en su sentido m\u00e1s amplio.","publisher":{"@id":"https:\/\/raed.academy\/en\/#organization"},"potentialAction":[{"@type":"SearchAction","target":{"@type":"EntryPoint","urlTemplate":"https:\/\/raed.academy\/en\/?s={search_term_string}"},"query-input":{"@type":"PropertyValueSpecification","valueRequired":true,"valueName":"search_term_string"}}],"inLanguage":"en-US"},{"@type":"Organization","@id":"https:\/\/raed.academy\/en\/#organization","name":"Real Academia Europea de Doctores","url":"https:\/\/raed.academy\/en\/","logo":{"@type":"ImageObject","inLanguage":"en-US","@id":"https:\/\/raed.academy\/en\/#\/schema\/logo\/image\/","url":"https:\/\/raed.academy\/wp-content\/uploads\/2017\/01\/cropped-logo_raed.png","contentUrl":"https:\/\/raed.academy\/wp-content\/uploads\/2017\/01\/cropped-logo_raed.png","width":512,"height":512,"caption":"Real Academia Europea de Doctores"},"image":{"@id":"https:\/\/raed.academy\/en\/#\/schema\/logo\/image\/"},"sameAs":["http:\/\/fb.me\/raed.academy","https:\/\/x.com\/raedacademy","https:\/\/www.instagram.com\/raed.academy\/","https:\/\/www.youtube.com\/channel\/UCUYQwW2KrdirNWihxMDObwg"]}]}},"_links":{"self":[{"href":"https:\/\/raed.academy\/en\/wp-json\/wp\/v2\/pages\/12891","targetHints":{"allow":["GET"]}}],"collection":[{"href":"https:\/\/raed.academy\/en\/wp-json\/wp\/v2\/pages"}],"about":[{"href":"https:\/\/raed.academy\/en\/wp-json\/wp\/v2\/types\/page"}],"author":[{"embeddable":true,"href":"https:\/\/raed.academy\/en\/wp-json\/wp\/v2\/users\/16"}],"replies":[{"embeddable":true,"href":"https:\/\/raed.academy\/en\/wp-json\/wp\/v2\/comments?post=12891"}],"version-history":[{"count":0,"href":"https:\/\/raed.academy\/en\/wp-json\/wp\/v2\/pages\/12891\/revisions"}],"wp:attachment":[{"href":"https:\/\/raed.academy\/en\/wp-json\/wp\/v2\/media?parent=12891"}],"curies":[{"name":"wp","href":"https:\/\/api.w.org\/{rel}","templated":true}]}}