{"id":12875,"date":"2016-10-05T16:24:42","date_gmt":"2016-10-05T16:24:42","guid":{"rendered":"http:\/\/radd.eu\/?page_id=12875"},"modified":"2025-10-08T14:42:41","modified_gmt":"2025-10-08T14:42:41","slug":"being-an-academician","status":"publish","type":"page","link":"https:\/\/raed.academy\/en\/being-an-academician\/","title":{"rendered":"BEING AN ACADEMICIAN"},"content":{"rendered":"<p>History recounts how Plato founded his famous Academy in 387 BC, in the<img loading=\"lazy\" decoding=\"async\" class=\"alignright wp-image-8030\" src=\"http:\/\/raed.academy\/wp-content\/uploads\/2015\/01\/academico1-300x217.jpg\" alt=\"academico1\" width=\"274\" height=\"198\" srcset=\"https:\/\/raed.academy\/wp-content\/uploads\/2015\/01\/academico1-300x217.jpg 300w, https:\/\/raed.academy\/wp-content\/uploads\/2015\/01\/academico1-768x557.jpg 768w, https:\/\/raed.academy\/wp-content\/uploads\/2015\/01\/academico1.jpg 894w\" sizes=\"(max-width: 274px) 100vw, 274px\" \/> gardens next to the shrine of Akademos, an Athenian hero. He created, both\u00a0in the academy itself and through his peripatetic oral teachings, a select forum of philosophers; literally \u201clovers of wisdom\u201d. Being an academic or academician then meant, just as it does today, belonging to a group of\u00a0intellectuals who apply responsible thought to our historic moment through scientific research. The life of the Academy cannot therefore become a repository of timeless ritual associated with outdated ideas; nor should it attempt to proclaim absolute truths in the sense of <em>ab-solutae<\/em>, or that which\u00a0is decoupled from plural reality. As Kant might put it, only the critical path, with its need for vigilance and commitment, is open and passable to the scientist.<\/p>\n<p>Being an academic therefore chiefly involves being a witness and bearing testimony to our historic moment. We cannot speak of the present as something about to be packaged and placed in a display case for the benefit of the past; we must rather reflect on the past to make it relevant to the present, thereby helping to create the future options in which life, hope and expectation reside. It is in this equilibrium, through which we take the pulse of our time, that our critical task is none other than to sieve out what is truly important.<\/p>\n<p>We are currently in a time of change and turbulence, and we will need both to take risks and be tenacious in our efforts to find solutions. Scientific research, which is what our task amounts to, cannot be anything but interdisciplinary, and the Royal Academy of Doctors applies just such an approach to science. Its members, who are from the fields of law, economics, medicine, psychology, physics, engineering, geography and anthropology, among others, come together to create a bundled body of research which aspires, despite being based on a multifaceted perspective of reality, to build an edifice of knowledge, based on science and culture, which is fit to be inhabited by man.<\/p>\n<p>Scientific researchers thus perform an almost Promethean feat of stealing light and fire, as they transform their profession into a passion that leaves more than a few casualties along the way. But the austere insistence that places the commitment inherent in this scientific venture at the service of humanity also delivers a remarkable sense of joy at having written a passionate biography based on so many different styles. An academy, especially an interdisciplinary one, allows all these biographies to become linked together and adopt a single, synchronised heartbeat.<\/p>\n<div class=\"alignright citaEnmarcada\" style=\"width: 300px;\">\n<h3><strong>\u201cBeing an academician is both an honour and an affirmation of intellectual nobility.\u201d<\/strong><\/h3>\n<\/div>\n<p>Being an academician is both an honour and an affirmation of intellectual nobility. Academicians are like the\u00a0<em>patres conscripti<\/em> or senators; functioning as the <em>preb\u00edsteroi<\/em>\u00a0or elders of the intellectual community. There are other forms of nobility and other honours, but being an academician is distinct.<\/p>\n<p><img loading=\"lazy\" decoding=\"async\" class=\"alignleft size-medium wp-image-8031\" src=\"http:\/\/raed.academy\/wp-content\/uploads\/2015\/01\/academico2-238x300.jpg\" alt=\"academico2\" width=\"238\" height=\"300\" srcset=\"https:\/\/raed.academy\/wp-content\/uploads\/2015\/01\/academico2-238x300.jpg 238w, https:\/\/raed.academy\/wp-content\/uploads\/2015\/01\/academico2.jpg 504w\" sizes=\"(max-width: 238px) 100vw, 238px\" \/><\/p>\n<p>The status of academician is normally bestowed, on the basis of an accumulated set of scientific or academic achievements, at the apex of the holder&#8217;s maturity and career of magisterial teaching and research.<\/p>\n<p>We live in an age of instant consumerism and sensory immediacy, deconstruction and flattening equality; and of axiological devaluation, in which having takes precedence over being, with a disrespect of whatever is sacred and a lack of trust in intelligence. It is in these contexts that the Academy constitutes the prestige of identity, the honour of responsibility and the nobility of service.<\/p>\n<p>The mission of the academician must be none other than to gain access truth, to defend life, to labour in favour of science and to proclaim an intercultural coexistence.<\/p>\n<p>For the academician, as the classical text says\u00a0<em>Homo sum, humani nihil a me alienum puto<\/em>, nothing that concerns man is foreign to him.<\/p>\n","protected":false},"excerpt":{"rendered":"<p>History recounts how Plato founded his famous Academy in 387 BC, in the gardens next to the shrine of Akademos, an Athenian hero. He created, both\u00a0in the academy itself and through his peripatetic oral teachings, a select forum of philosophers; literally \u201clovers of wisdom\u201d. Being an academic or academician then meant, just as it does [&hellip;]<\/p>\n","protected":false},"author":16,"featured_media":0,"parent":0,"menu_order":0,"comment_status":"closed","ping_status":"closed","template":"","meta":{"_et_pb_use_builder":"","_et_pb_old_content":"","_et_gb_content_width":"","footnotes":""},"class_list":["post-12875","page","type-page","status-publish","hentry"],"yoast_head":"<!-- This site is optimized with the Yoast SEO plugin v27.4 - https:\/\/yoast.com\/product\/yoast-seo-wordpress\/ -->\n<title>Being an Academician | Royal European Academy of Doctors<\/title>\n<meta name=\"description\" content=\"Being an Academician\" \/>\n<meta name=\"robots\" content=\"index, follow, max-snippet:-1, max-image-preview:large, max-video-preview:-1\" \/>\n<link rel=\"canonical\" href=\"https:\/\/raed.academy\/en\/being-an-academician\/\" \/>\n<meta property=\"og:locale\" content=\"en_US\" \/>\n<meta property=\"og:type\" content=\"article\" \/>\n<meta property=\"og:title\" content=\"Being an Academician | Royal European Academy of Doctors\" \/>\n<meta property=\"og:description\" content=\"Being an Academician\" \/>\n<meta property=\"og:url\" content=\"https:\/\/raed.academy\/en\/being-an-academician\/\" \/>\n<meta property=\"og:site_name\" content=\"Royal European Academy of Doctors\" \/>\n<meta property=\"article:publisher\" content=\"http:\/\/fb.me\/raed.academy\" \/>\n<meta property=\"article:modified_time\" content=\"2025-10-08T14:42:41+00:00\" \/>\n<meta property=\"og:image\" content=\"https:\/\/raed.academy\/wp-content\/uploads\/2015\/01\/academico1.jpg\" \/>\n\t<meta property=\"og:image:width\" content=\"894\" \/>\n\t<meta property=\"og:image:height\" content=\"648\" \/>\n\t<meta property=\"og:image:type\" content=\"image\/jpeg\" \/>\n<meta name=\"twitter:card\" content=\"summary_large_image\" \/>\n<meta name=\"twitter:site\" content=\"@raedacademy\" \/>\n<meta name=\"twitter:label1\" content=\"Est. reading time\" \/>\n\t<meta name=\"twitter:data1\" content=\"4 minutes\" \/>\n<script type=\"application\/ld+json\" class=\"yoast-schema-graph\">{\"@context\":\"https:\\\/\\\/schema.org\",\"@graph\":[{\"@type\":\"WebPage\",\"@id\":\"https:\\\/\\\/raed.academy\\\/en\\\/being-an-academician\\\/\",\"url\":\"https:\\\/\\\/raed.academy\\\/en\\\/being-an-academician\\\/\",\"name\":\"Being an Academician | Royal European Academy of Doctors\",\"isPartOf\":{\"@id\":\"https:\\\/\\\/raed.academy\\\/en\\\/#website\"},\"primaryImageOfPage\":{\"@id\":\"https:\\\/\\\/raed.academy\\\/en\\\/being-an-academician\\\/#primaryimage\"},\"image\":{\"@id\":\"https:\\\/\\\/raed.academy\\\/en\\\/being-an-academician\\\/#primaryimage\"},\"thumbnailUrl\":\"http:\\\/\\\/raed.academy\\\/wp-content\\\/uploads\\\/2015\\\/01\\\/academico1-300x217.jpg\",\"datePublished\":\"2016-10-05T16:24:42+00:00\",\"dateModified\":\"2025-10-08T14:42:41+00:00\",\"description\":\"Being an Academician\",\"breadcrumb\":{\"@id\":\"https:\\\/\\\/raed.academy\\\/en\\\/being-an-academician\\\/#breadcrumb\"},\"inLanguage\":\"en-US\",\"potentialAction\":[{\"@type\":\"ReadAction\",\"target\":[\"https:\\\/\\\/raed.academy\\\/en\\\/being-an-academician\\\/\"]}]},{\"@type\":\"ImageObject\",\"inLanguage\":\"en-US\",\"@id\":\"https:\\\/\\\/raed.academy\\\/en\\\/being-an-academician\\\/#primaryimage\",\"url\":\"http:\\\/\\\/raed.academy\\\/wp-content\\\/uploads\\\/2015\\\/01\\\/academico1-300x217.jpg\",\"contentUrl\":\"http:\\\/\\\/raed.academy\\\/wp-content\\\/uploads\\\/2015\\\/01\\\/academico1-300x217.jpg\"},{\"@type\":\"BreadcrumbList\",\"@id\":\"https:\\\/\\\/raed.academy\\\/en\\\/being-an-academician\\\/#breadcrumb\",\"itemListElement\":[{\"@type\":\"ListItem\",\"position\":1,\"name\":\"Inicio\",\"item\":\"https:\\\/\\\/raed.academy\\\/en\\\/\"},{\"@type\":\"ListItem\",\"position\":2,\"name\":\"BEING AN ACADEMICIAN\"}]},{\"@type\":\"WebSite\",\"@id\":\"https:\\\/\\\/raed.academy\\\/en\\\/#website\",\"url\":\"https:\\\/\\\/raed.academy\\\/en\\\/\",\"name\":\"Royal European Academy of Doctors\",\"description\":\"Corporaci\u00f3n de derecho p\u00fablico de car\u00e1cter cient\u00edfico, t\u00e9cnico y art\u00edstico, que tiene por objeto la investigaci\u00f3n, el estudio, el fomento y la extensi\u00f3n del conocimiento en su sentido m\u00e1s amplio.\",\"publisher\":{\"@id\":\"https:\\\/\\\/raed.academy\\\/en\\\/#organization\"},\"potentialAction\":[{\"@type\":\"SearchAction\",\"target\":{\"@type\":\"EntryPoint\",\"urlTemplate\":\"https:\\\/\\\/raed.academy\\\/en\\\/?s={search_term_string}\"},\"query-input\":{\"@type\":\"PropertyValueSpecification\",\"valueRequired\":true,\"valueName\":\"search_term_string\"}}],\"inLanguage\":\"en-US\"},{\"@type\":\"Organization\",\"@id\":\"https:\\\/\\\/raed.academy\\\/en\\\/#organization\",\"name\":\"Real Academia Europea de Doctores\",\"url\":\"https:\\\/\\\/raed.academy\\\/en\\\/\",\"logo\":{\"@type\":\"ImageObject\",\"inLanguage\":\"en-US\",\"@id\":\"https:\\\/\\\/raed.academy\\\/en\\\/#\\\/schema\\\/logo\\\/image\\\/\",\"url\":\"https:\\\/\\\/raed.academy\\\/wp-content\\\/uploads\\\/2017\\\/01\\\/cropped-logo_raed.png\",\"contentUrl\":\"https:\\\/\\\/raed.academy\\\/wp-content\\\/uploads\\\/2017\\\/01\\\/cropped-logo_raed.png\",\"width\":512,\"height\":512,\"caption\":\"Real Academia Europea de Doctores\"},\"image\":{\"@id\":\"https:\\\/\\\/raed.academy\\\/en\\\/#\\\/schema\\\/logo\\\/image\\\/\"},\"sameAs\":[\"http:\\\/\\\/fb.me\\\/raed.academy\",\"https:\\\/\\\/x.com\\\/raedacademy\",\"https:\\\/\\\/www.instagram.com\\\/raed.academy\\\/\",\"https:\\\/\\\/www.youtube.com\\\/channel\\\/UCUYQwW2KrdirNWihxMDObwg\"]}]}<\/script>\n<!-- \/ Yoast SEO plugin. -->","yoast_head_json":{"title":"Being an Academician | Royal European Academy of Doctors","description":"Being an Academician","robots":{"index":"index","follow":"follow","max-snippet":"max-snippet:-1","max-image-preview":"max-image-preview:large","max-video-preview":"max-video-preview:-1"},"canonical":"https:\/\/raed.academy\/en\/being-an-academician\/","og_locale":"en_US","og_type":"article","og_title":"Being an Academician | Royal European Academy of Doctors","og_description":"Being an Academician","og_url":"https:\/\/raed.academy\/en\/being-an-academician\/","og_site_name":"Royal European Academy of Doctors","article_publisher":"http:\/\/fb.me\/raed.academy","article_modified_time":"2025-10-08T14:42:41+00:00","og_image":[{"width":894,"height":648,"url":"https:\/\/raed.academy\/wp-content\/uploads\/2015\/01\/academico1.jpg","type":"image\/jpeg"}],"twitter_card":"summary_large_image","twitter_site":"@raedacademy","twitter_misc":{"Est. reading time":"4 minutes"},"schema":{"@context":"https:\/\/schema.org","@graph":[{"@type":"WebPage","@id":"https:\/\/raed.academy\/en\/being-an-academician\/","url":"https:\/\/raed.academy\/en\/being-an-academician\/","name":"Being an Academician | Royal European Academy of Doctors","isPartOf":{"@id":"https:\/\/raed.academy\/en\/#website"},"primaryImageOfPage":{"@id":"https:\/\/raed.academy\/en\/being-an-academician\/#primaryimage"},"image":{"@id":"https:\/\/raed.academy\/en\/being-an-academician\/#primaryimage"},"thumbnailUrl":"http:\/\/raed.academy\/wp-content\/uploads\/2015\/01\/academico1-300x217.jpg","datePublished":"2016-10-05T16:24:42+00:00","dateModified":"2025-10-08T14:42:41+00:00","description":"Being an Academician","breadcrumb":{"@id":"https:\/\/raed.academy\/en\/being-an-academician\/#breadcrumb"},"inLanguage":"en-US","potentialAction":[{"@type":"ReadAction","target":["https:\/\/raed.academy\/en\/being-an-academician\/"]}]},{"@type":"ImageObject","inLanguage":"en-US","@id":"https:\/\/raed.academy\/en\/being-an-academician\/#primaryimage","url":"http:\/\/raed.academy\/wp-content\/uploads\/2015\/01\/academico1-300x217.jpg","contentUrl":"http:\/\/raed.academy\/wp-content\/uploads\/2015\/01\/academico1-300x217.jpg"},{"@type":"BreadcrumbList","@id":"https:\/\/raed.academy\/en\/being-an-academician\/#breadcrumb","itemListElement":[{"@type":"ListItem","position":1,"name":"Inicio","item":"https:\/\/raed.academy\/en\/"},{"@type":"ListItem","position":2,"name":"BEING AN ACADEMICIAN"}]},{"@type":"WebSite","@id":"https:\/\/raed.academy\/en\/#website","url":"https:\/\/raed.academy\/en\/","name":"Royal European Academy of Doctors","description":"Corporaci\u00f3n de derecho p\u00fablico de car\u00e1cter cient\u00edfico, t\u00e9cnico y art\u00edstico, que tiene por objeto la investigaci\u00f3n, el estudio, el fomento y la extensi\u00f3n del conocimiento en su sentido m\u00e1s amplio.","publisher":{"@id":"https:\/\/raed.academy\/en\/#organization"},"potentialAction":[{"@type":"SearchAction","target":{"@type":"EntryPoint","urlTemplate":"https:\/\/raed.academy\/en\/?s={search_term_string}"},"query-input":{"@type":"PropertyValueSpecification","valueRequired":true,"valueName":"search_term_string"}}],"inLanguage":"en-US"},{"@type":"Organization","@id":"https:\/\/raed.academy\/en\/#organization","name":"Real Academia Europea de Doctores","url":"https:\/\/raed.academy\/en\/","logo":{"@type":"ImageObject","inLanguage":"en-US","@id":"https:\/\/raed.academy\/en\/#\/schema\/logo\/image\/","url":"https:\/\/raed.academy\/wp-content\/uploads\/2017\/01\/cropped-logo_raed.png","contentUrl":"https:\/\/raed.academy\/wp-content\/uploads\/2017\/01\/cropped-logo_raed.png","width":512,"height":512,"caption":"Real Academia Europea de Doctores"},"image":{"@id":"https:\/\/raed.academy\/en\/#\/schema\/logo\/image\/"},"sameAs":["http:\/\/fb.me\/raed.academy","https:\/\/x.com\/raedacademy","https:\/\/www.instagram.com\/raed.academy\/","https:\/\/www.youtube.com\/channel\/UCUYQwW2KrdirNWihxMDObwg"]}]}},"_links":{"self":[{"href":"https:\/\/raed.academy\/en\/wp-json\/wp\/v2\/pages\/12875","targetHints":{"allow":["GET"]}}],"collection":[{"href":"https:\/\/raed.academy\/en\/wp-json\/wp\/v2\/pages"}],"about":[{"href":"https:\/\/raed.academy\/en\/wp-json\/wp\/v2\/types\/page"}],"author":[{"embeddable":true,"href":"https:\/\/raed.academy\/en\/wp-json\/wp\/v2\/users\/16"}],"replies":[{"embeddable":true,"href":"https:\/\/raed.academy\/en\/wp-json\/wp\/v2\/comments?post=12875"}],"version-history":[{"count":2,"href":"https:\/\/raed.academy\/en\/wp-json\/wp\/v2\/pages\/12875\/revisions"}],"predecessor-version":[{"id":171931,"href":"https:\/\/raed.academy\/en\/wp-json\/wp\/v2\/pages\/12875\/revisions\/171931"}],"wp:attachment":[{"href":"https:\/\/raed.academy\/en\/wp-json\/wp\/v2\/media?parent=12875"}],"curies":[{"name":"wp","href":"https:\/\/api.w.org\/{rel}","templated":true}]}}