{"id":12809,"date":"2016-10-05T14:56:34","date_gmt":"2016-10-05T14:56:34","guid":{"rendered":"http:\/\/radd.eu\/?page_id=12809"},"modified":"2019-12-06T08:57:30","modified_gmt":"2019-12-06T08:57:30","slug":"history","status":"publish","type":"page","link":"https:\/\/raed.academy\/en\/history\/","title":{"rendered":"HISTORY"},"content":{"rendered":"<hr \/>\n<p><img loading=\"lazy\" decoding=\"async\" class=\"alignright wp-image-8151 \" src=\"http:\/\/raed.academy\/wp-content\/uploads\/2015\/01\/Sin-nombre-1-246x300.png\" width=\"159\" height=\"194\" srcset=\"https:\/\/raed.academy\/wp-content\/uploads\/2015\/01\/Sin-nombre-1-246x300.png 246w, https:\/\/raed.academy\/wp-content\/uploads\/2015\/01\/Sin-nombre-1.png 682w\" sizes=\"(max-width: 159px) 100vw, 159px\" \/><br \/>\nThe Royal European Academy of Doctors is more than a hundred\u00a0years\u00a0old.\u00a0Denominated the\u00a0<strong>Royal European Academy of Doctors<\/strong>\u00a0(RAED) since\u00a0February 2016, the institution has had various different names during\u00a0its century of existence: Association of Enrolled Doctors of Catalonia (1914-1920), Association of Doctors Enrolled in the University District of Barcelona or simply Association of Doctors (1920-1954), Association of\u00a0Doctors of Catalonia and the Balearic\u00a0Islands or simply Association of Doctors (1954-1990) and Royal Academy of Doctors (1990-2016) (1990-2016).<\/p>\n<p>The current institution\u2019s initial incarnation was the <em>Association of Enrolled Doctors of Catalonia<\/em>. This was created by a group of university academics close to \u00c1lvaro Esquerdo, a prestigious surgeon of the day, for the then-impending First Congress of Doctors held in Barcelona in 1915. The institution was not formally inscribed in the register of associations of the Civil Government (prefecture) of the Province of Barcelona until 25<sup>th<\/sup> May 1919.<\/p>\n<p>\u00c1lvaro Esquerdo \u2013 assisted by his secretary Dr. Guillermo de Benavent \u2013 can therefore be considered as the true founder of this organisation. It was associated with an intense series of cultural events in its early stages, including a solemn session to mark the end of the 1918-1919 academic year, presided over by the Spanish King Alfonso XIII in the Great Hall of the University of Barcelona<\/p>\n<p>The year 1920 saw it change its name to\u00a0<em>Association of Doctors Enrolled in the University District of Barcelona<\/em>, before being officially recognised in 1924 by virtue of a Royal Order issued by the Spanish Ministry of Public Instruction and the Arts.<\/p>\n<p>The Association of Doctors then entered into a long difficult-to-survive period marked by Spain\u2019s subsequent political instability. It registered barely any activity during the Second Republic, and practically disappeared with the Civil War.<\/p>\n<p>It bounced back into existence in 1943, revived by the illustrious chairmanship of Dr. Guillermo de Benavent Camps, assisted by his vice-secretary Dr. Peres Casa\u00f1as. He occupied the prestigious post until his death in 1963. Both men managed between them to revive an Association of Doctors that had suffered from almost two decades of social and political unrest.<\/p>\n<p>The reins were then taken up in 1964 by Dr. Jordi Xifra Heras, who found an Academy of Doctors that had been restored and consolidated, but was nevertheless in need of certain changes. He succeeded in gaining the academic involvement of the most prestigious cultural and scientific figures of the day, while the good offices of Dr. Bermejo, the institution\u2019s secretary, helped bring a sense of order and continuity to its activities.<\/p>\n<p><a href=\"http:\/\/raed.academy\/wp-content\/uploads\/2015\/01\/Rey.jpg\"><img loading=\"lazy\" decoding=\"async\" class=\" wp-image-12783 alignright\" src=\"http:\/\/raed.academy\/wp-content\/uploads\/2015\/01\/Rey.jpg\" alt=\"rey\" width=\"167\" height=\"308\" \/><\/a>Dr. Luis Dolcet Buxeres, who took over the chairmanship in 1977, continued for a further decade to consolidate the brilliant progress of his predecessors; accompanied by a renewed and reforming academic board and against the uplifting background of Spain\u2019s return to full democracy. Various decisive acts vital to the institution\u2019s future were implemented during these years, by\u00a0both Dolcet Buxeres and his successor Dr. Jos\u00e9 Casajuana Gibert, a conscientious man of science with a firm set of beliefs and scholarly knowledge. The year 1989 proved to be of particular relevance, as it was marked by the Academy being recognised as a public entity by Spain\u2019s King Juan Carlos, who awarded it the prefix that allowed it to call itself the <em>Royal<\/em> Academy of Doctors.<\/p>\n<p>Relations with the Crown have prospered ever since, in the shape of various acts and events involving the Royal House that demonstrate its appreciation of the institution.<\/p>\n<p>These include the solemn academic session presided over by King Juan Carlos and Queen Sofia in Barcelona\u2019s Palace of Music on 10<sup>th<\/sup> December 1992. On 29<sup>th<\/sup> May 2008 Jos\u00e9 Casajuana Gibert, the presiding dean, awarded the Medal of Honour of the Royal Academy of Doctors to His Majesty King Juan Carlos during a session of the Inter-Academic Council of Catalonia, the revolving presidency of which was at the time occupied by our institution.<\/p>\n<h3>His Majesty the King\u2019s words of thanks for being awarded the Medal of Honour of the RAED are worth emphasising:<\/h3>\n<blockquote><p>\u201cThis is a distinction that I greatly value, and one which corresponds to my sincere appreciation of the work carried out by this institution in the service of Catalonia and of Spain as a whole\u201d.<\/p><\/blockquote>\n<h3>The King then highlighted the work carried out by the Academy by referring to:<\/h3>\n<blockquote><p>\u201cillustrious engineers, renowned physicians, famous mathematicians, brilliant writers and prestigious economists, physicians, chemists and many other outstanding personalities from the arts and sciences. Men and women who have been able to resolve issues of fundamental importance to the cultural, scientific, economic and social development of Spain and of all is peoples\u201d<\/p><\/blockquote>\n<h3>His Majesty also stressed that:<\/h3>\n<blockquote><p>\u201cthe love of a job well done, common sense and an open-minded attitude, along with a capacity for initiative and tenacity, have all helped create the best virtues of which Catalan society can always be justly proud. Virtues which help to explain Catalonia\u2019s contribution to the construction of a constantly modernising Spain that is both prosperous and dynamic and belongs to us all; able to compete vigorously and successfully with the entire world. A Spain that is proud of its diversity and plurality, and which has been able to achieve its longest-ever period of progress in democracy and freedom\u201d.<\/p><\/blockquote>\n<h3>Before finishing, His Majesty reminded those present that:<\/h3>\n<blockquote><p>\u201cThe challenges, difficulties and transformations that our economic life is undergoing, in a world that is increasingly complex and globalised, must be tackled as a matter of priority in order to promote and guarantee growth and improved well-being based on solidarity and sustainability. Scientific activity has to play a leading role in this task, by contributing theoretical and technical elements designed to meet the requirements of collective development; particularly of those who are most in need of such development. Let us not forget that teaching and research are the fundamental building blocks of both coexistence and the best possible future for all citizens&#8221;.<\/p><\/blockquote>\n<div class=\"col-3 col-m-5\" style=\"margin-right: 35px;\">\n<h3><strong>\u201cWe acknowledge with pride, after a hundred years, our four-fold identity as academicians and doctors who are both Royal and European.\u201d<\/strong><\/h3>\n<\/div>\n<p>The recent history of the RAED has been marked by its latest deanship, chaired by Dr. Alfredo Rocafort Nicolau, who took up his post on 26<sup>th<\/sup> June 2012 after being elected by a broad consensus of members.<\/p>\n<p>The new governing board chaired by Dr. Rocafort has carried out a comprehensive reform of the institution, including a new headquarters and various changes in the statutes to reflect a realistic approach that involves opening up the institution to new times, while incorporating as academicians prestigious European and American scientists, some of whom are Nobel laureates.<\/p>\n<p>A few years ago, the Academy decided to overcome physical, geographical and political barriers and opt decisively for its internationalisation. This challenge came to fruition in 2016, with the addition of the prefix \u201cEuropean\u201d to the institution\u2019s name.<\/p>\n<p>The Royal Academy of Doctors has meanwhile been admitted (in 2013) as an associate academy by the governing board of the Institute of Spain. It also celebrated its centenary in 2014. The corresponding event to commemorate the 1914-2014 centenary took place in Barcelona on 7<sup>th<\/sup> April 2014, coinciding with the inauguration of new headquarters in the historic <em>Fomento del Trabajo<\/em> building (originally constructed by a Catalan business association) in the centre of the Catalan capital city.<\/p>\n<p><a href=\"http:\/\/raed.academy\/wp-content\/uploads\/2015\/01\/h1.jpg\"><img loading=\"lazy\" decoding=\"async\" class=\"alignright wp-image-8028\" src=\"http:\/\/raed.academy\/wp-content\/uploads\/2015\/01\/h1.jpg\" alt=\"Commemoration of the centenary of the RAED (1914-2014). April 7, 2014\" width=\"400\" height=\"173\" srcset=\"https:\/\/raed.academy\/wp-content\/uploads\/2015\/01\/h1.jpg 581w, https:\/\/raed.academy\/wp-content\/uploads\/2015\/01\/h1-300x130.jpg 300w\" sizes=\"(max-width: 400px) 100vw, 400px\" \/><\/a>The celebration was attended by Artur Mas i Gavarr\u00f3, the then-head of the <em>Generalitat de Catalunya<\/em>, Catalonia\u2019s autonomous regional government, who presided over the commemorative ceremony; while Luis Martinez Sistach, the Archbishop\u00a0 of Barcelona, blessed the new headquarters.<\/p>\n<p>Ever since it was founded in 1914, the Royal European Academy of Doctors has been committed to defending the prestige of the title of \u201cDoctor\u201d, while seeking to maintain harmony and close cooperation between its members. We acknowledge with pride, after a hundred years, our four-fold identity as academicians and doctors who are both Royal and European.<\/p>\n<p>&nbsp;<\/p>\n","protected":false},"excerpt":{"rendered":"<p>The Royal European Academy of Doctors is more than a hundred\u00a0years\u00a0old.\u00a0Denominated the\u00a0Royal European Academy of Doctors\u00a0(RAED) since\u00a0February 2016, the institution has had various different names during\u00a0its century of existence: Association of Enrolled Doctors of Catalonia (1914-1920), Association of Doctors Enrolled in the University District of Barcelona or simply Association of Doctors (1920-1954), Association of\u00a0Doctors of [&hellip;]<\/p>\n","protected":false},"author":16,"featured_media":0,"parent":0,"menu_order":0,"comment_status":"closed","ping_status":"closed","template":"","meta":{"_et_pb_use_builder":"","_et_pb_old_content":"","_et_gb_content_width":"","footnotes":""},"class_list":["post-12809","page","type-page","status-publish","hentry"],"yoast_head":"<!-- This site is optimized with the Yoast SEO plugin v27.4 - https:\/\/yoast.com\/product\/yoast-seo-wordpress\/ -->\n<title>History of the RAED | Royal European Academy of Doctors<\/title>\n<meta name=\"description\" content=\"History of the RAED from its beginnings in 1914, as Group of Registered Doctors of Catalonia, to the present.\" \/>\n<meta name=\"robots\" content=\"index, follow, max-snippet:-1, max-image-preview:large, max-video-preview:-1\" \/>\n<link rel=\"canonical\" href=\"https:\/\/raed.academy\/en\/history\/\" \/>\n<meta property=\"og:locale\" content=\"en_US\" \/>\n<meta property=\"og:type\" content=\"article\" \/>\n<meta property=\"og:title\" content=\"History of the RAED | Royal European Academy of Doctors\" \/>\n<meta property=\"og:description\" content=\"History of the RAED from its beginnings in 1914, as Group of Registered Doctors of Catalonia, to the present.\" \/>\n<meta property=\"og:url\" content=\"https:\/\/raed.academy\/en\/history\/\" \/>\n<meta property=\"og:site_name\" content=\"Royal European Academy of Doctors\" \/>\n<meta property=\"article:publisher\" content=\"http:\/\/fb.me\/raed.academy\" \/>\n<meta property=\"article:modified_time\" content=\"2019-12-06T08:57:30+00:00\" \/>\n<meta property=\"og:image\" content=\"http:\/\/raed.academy\/wp-content\/uploads\/2015\/01\/Sin-nombre-1-246x300.png\" \/>\n<meta name=\"twitter:card\" content=\"summary_large_image\" \/>\n<meta name=\"twitter:site\" content=\"@raedacademy\" \/>\n<meta name=\"twitter:label1\" content=\"Est. reading time\" \/>\n\t<meta name=\"twitter:data1\" content=\"6 minutes\" \/>\n<script type=\"application\/ld+json\" class=\"yoast-schema-graph\">{\"@context\":\"https:\\\/\\\/schema.org\",\"@graph\":[{\"@type\":\"WebPage\",\"@id\":\"https:\\\/\\\/raed.academy\\\/en\\\/history\\\/\",\"url\":\"https:\\\/\\\/raed.academy\\\/en\\\/history\\\/\",\"name\":\"History of the RAED | Royal European Academy of Doctors\",\"isPartOf\":{\"@id\":\"https:\\\/\\\/raed.academy\\\/en\\\/#website\"},\"primaryImageOfPage\":{\"@id\":\"https:\\\/\\\/raed.academy\\\/en\\\/history\\\/#primaryimage\"},\"image\":{\"@id\":\"https:\\\/\\\/raed.academy\\\/en\\\/history\\\/#primaryimage\"},\"thumbnailUrl\":\"http:\\\/\\\/raed.academy\\\/wp-content\\\/uploads\\\/2015\\\/01\\\/Sin-nombre-1-246x300.png\",\"datePublished\":\"2016-10-05T14:56:34+00:00\",\"dateModified\":\"2019-12-06T08:57:30+00:00\",\"description\":\"History of the RAED from its beginnings in 1914, as Group of Registered Doctors of Catalonia, to the present.\",\"breadcrumb\":{\"@id\":\"https:\\\/\\\/raed.academy\\\/en\\\/history\\\/#breadcrumb\"},\"inLanguage\":\"en-US\",\"potentialAction\":[{\"@type\":\"ReadAction\",\"target\":[\"https:\\\/\\\/raed.academy\\\/en\\\/history\\\/\"]}]},{\"@type\":\"ImageObject\",\"inLanguage\":\"en-US\",\"@id\":\"https:\\\/\\\/raed.academy\\\/en\\\/history\\\/#primaryimage\",\"url\":\"http:\\\/\\\/raed.academy\\\/wp-content\\\/uploads\\\/2015\\\/01\\\/Sin-nombre-1-246x300.png\",\"contentUrl\":\"http:\\\/\\\/raed.academy\\\/wp-content\\\/uploads\\\/2015\\\/01\\\/Sin-nombre-1-246x300.png\"},{\"@type\":\"BreadcrumbList\",\"@id\":\"https:\\\/\\\/raed.academy\\\/en\\\/history\\\/#breadcrumb\",\"itemListElement\":[{\"@type\":\"ListItem\",\"position\":1,\"name\":\"Inicio\",\"item\":\"https:\\\/\\\/raed.academy\\\/en\\\/\"},{\"@type\":\"ListItem\",\"position\":2,\"name\":\"HISTORY\"}]},{\"@type\":\"WebSite\",\"@id\":\"https:\\\/\\\/raed.academy\\\/en\\\/#website\",\"url\":\"https:\\\/\\\/raed.academy\\\/en\\\/\",\"name\":\"Royal European Academy of Doctors\",\"description\":\"Corporaci\u00f3n de derecho p\u00fablico de car\u00e1cter cient\u00edfico, t\u00e9cnico y art\u00edstico, que tiene por objeto la investigaci\u00f3n, el estudio, el fomento y la extensi\u00f3n del conocimiento en su sentido m\u00e1s amplio.\",\"publisher\":{\"@id\":\"https:\\\/\\\/raed.academy\\\/en\\\/#organization\"},\"potentialAction\":[{\"@type\":\"SearchAction\",\"target\":{\"@type\":\"EntryPoint\",\"urlTemplate\":\"https:\\\/\\\/raed.academy\\\/en\\\/?s={search_term_string}\"},\"query-input\":{\"@type\":\"PropertyValueSpecification\",\"valueRequired\":true,\"valueName\":\"search_term_string\"}}],\"inLanguage\":\"en-US\"},{\"@type\":\"Organization\",\"@id\":\"https:\\\/\\\/raed.academy\\\/en\\\/#organization\",\"name\":\"Real Academia Europea de Doctores\",\"url\":\"https:\\\/\\\/raed.academy\\\/en\\\/\",\"logo\":{\"@type\":\"ImageObject\",\"inLanguage\":\"en-US\",\"@id\":\"https:\\\/\\\/raed.academy\\\/en\\\/#\\\/schema\\\/logo\\\/image\\\/\",\"url\":\"https:\\\/\\\/raed.academy\\\/wp-content\\\/uploads\\\/2017\\\/01\\\/cropped-logo_raed.png\",\"contentUrl\":\"https:\\\/\\\/raed.academy\\\/wp-content\\\/uploads\\\/2017\\\/01\\\/cropped-logo_raed.png\",\"width\":512,\"height\":512,\"caption\":\"Real Academia Europea de Doctores\"},\"image\":{\"@id\":\"https:\\\/\\\/raed.academy\\\/en\\\/#\\\/schema\\\/logo\\\/image\\\/\"},\"sameAs\":[\"http:\\\/\\\/fb.me\\\/raed.academy\",\"https:\\\/\\\/x.com\\\/raedacademy\",\"https:\\\/\\\/www.instagram.com\\\/raed.academy\\\/\",\"https:\\\/\\\/www.youtube.com\\\/channel\\\/UCUYQwW2KrdirNWihxMDObwg\"]}]}<\/script>\n<!-- \/ Yoast SEO plugin. -->","yoast_head_json":{"title":"History of the RAED | Royal European Academy of Doctors","description":"History of the RAED from its beginnings in 1914, as Group of Registered Doctors of Catalonia, to the present.","robots":{"index":"index","follow":"follow","max-snippet":"max-snippet:-1","max-image-preview":"max-image-preview:large","max-video-preview":"max-video-preview:-1"},"canonical":"https:\/\/raed.academy\/en\/history\/","og_locale":"en_US","og_type":"article","og_title":"History of the RAED | Royal European Academy of Doctors","og_description":"History of the RAED from its beginnings in 1914, as Group of Registered Doctors of Catalonia, to the present.","og_url":"https:\/\/raed.academy\/en\/history\/","og_site_name":"Royal European Academy of Doctors","article_publisher":"http:\/\/fb.me\/raed.academy","article_modified_time":"2019-12-06T08:57:30+00:00","og_image":[{"url":"http:\/\/raed.academy\/wp-content\/uploads\/2015\/01\/Sin-nombre-1-246x300.png","type":"","width":"","height":""}],"twitter_card":"summary_large_image","twitter_site":"@raedacademy","twitter_misc":{"Est. reading time":"6 minutes"},"schema":{"@context":"https:\/\/schema.org","@graph":[{"@type":"WebPage","@id":"https:\/\/raed.academy\/en\/history\/","url":"https:\/\/raed.academy\/en\/history\/","name":"History of the RAED | Royal European Academy of Doctors","isPartOf":{"@id":"https:\/\/raed.academy\/en\/#website"},"primaryImageOfPage":{"@id":"https:\/\/raed.academy\/en\/history\/#primaryimage"},"image":{"@id":"https:\/\/raed.academy\/en\/history\/#primaryimage"},"thumbnailUrl":"http:\/\/raed.academy\/wp-content\/uploads\/2015\/01\/Sin-nombre-1-246x300.png","datePublished":"2016-10-05T14:56:34+00:00","dateModified":"2019-12-06T08:57:30+00:00","description":"History of the RAED from its beginnings in 1914, as Group of Registered Doctors of Catalonia, to the present.","breadcrumb":{"@id":"https:\/\/raed.academy\/en\/history\/#breadcrumb"},"inLanguage":"en-US","potentialAction":[{"@type":"ReadAction","target":["https:\/\/raed.academy\/en\/history\/"]}]},{"@type":"ImageObject","inLanguage":"en-US","@id":"https:\/\/raed.academy\/en\/history\/#primaryimage","url":"http:\/\/raed.academy\/wp-content\/uploads\/2015\/01\/Sin-nombre-1-246x300.png","contentUrl":"http:\/\/raed.academy\/wp-content\/uploads\/2015\/01\/Sin-nombre-1-246x300.png"},{"@type":"BreadcrumbList","@id":"https:\/\/raed.academy\/en\/history\/#breadcrumb","itemListElement":[{"@type":"ListItem","position":1,"name":"Inicio","item":"https:\/\/raed.academy\/en\/"},{"@type":"ListItem","position":2,"name":"HISTORY"}]},{"@type":"WebSite","@id":"https:\/\/raed.academy\/en\/#website","url":"https:\/\/raed.academy\/en\/","name":"Royal European Academy of Doctors","description":"Corporaci\u00f3n de derecho p\u00fablico de car\u00e1cter cient\u00edfico, t\u00e9cnico y art\u00edstico, que tiene por objeto la investigaci\u00f3n, el estudio, el fomento y la extensi\u00f3n del conocimiento en su sentido m\u00e1s amplio.","publisher":{"@id":"https:\/\/raed.academy\/en\/#organization"},"potentialAction":[{"@type":"SearchAction","target":{"@type":"EntryPoint","urlTemplate":"https:\/\/raed.academy\/en\/?s={search_term_string}"},"query-input":{"@type":"PropertyValueSpecification","valueRequired":true,"valueName":"search_term_string"}}],"inLanguage":"en-US"},{"@type":"Organization","@id":"https:\/\/raed.academy\/en\/#organization","name":"Real Academia Europea de Doctores","url":"https:\/\/raed.academy\/en\/","logo":{"@type":"ImageObject","inLanguage":"en-US","@id":"https:\/\/raed.academy\/en\/#\/schema\/logo\/image\/","url":"https:\/\/raed.academy\/wp-content\/uploads\/2017\/01\/cropped-logo_raed.png","contentUrl":"https:\/\/raed.academy\/wp-content\/uploads\/2017\/01\/cropped-logo_raed.png","width":512,"height":512,"caption":"Real Academia Europea de Doctores"},"image":{"@id":"https:\/\/raed.academy\/en\/#\/schema\/logo\/image\/"},"sameAs":["http:\/\/fb.me\/raed.academy","https:\/\/x.com\/raedacademy","https:\/\/www.instagram.com\/raed.academy\/","https:\/\/www.youtube.com\/channel\/UCUYQwW2KrdirNWihxMDObwg"]}]}},"_links":{"self":[{"href":"https:\/\/raed.academy\/en\/wp-json\/wp\/v2\/pages\/12809","targetHints":{"allow":["GET"]}}],"collection":[{"href":"https:\/\/raed.academy\/en\/wp-json\/wp\/v2\/pages"}],"about":[{"href":"https:\/\/raed.academy\/en\/wp-json\/wp\/v2\/types\/page"}],"author":[{"embeddable":true,"href":"https:\/\/raed.academy\/en\/wp-json\/wp\/v2\/users\/16"}],"replies":[{"embeddable":true,"href":"https:\/\/raed.academy\/en\/wp-json\/wp\/v2\/comments?post=12809"}],"version-history":[{"count":0,"href":"https:\/\/raed.academy\/en\/wp-json\/wp\/v2\/pages\/12809\/revisions"}],"wp:attachment":[{"href":"https:\/\/raed.academy\/en\/wp-json\/wp\/v2\/media?parent=12809"}],"curies":[{"name":"wp","href":"https:\/\/api.w.org\/{rel}","templated":true}]}}