{"id":12700,"date":"2016-10-04T16:41:02","date_gmt":"2016-10-04T16:41:02","guid":{"rendered":"http:\/\/radd.eu\/?page_id=12700"},"modified":"2020-11-26T12:22:30","modified_gmt":"2020-11-26T12:22:30","slug":"gallery-of-presidents","status":"publish","type":"page","link":"https:\/\/raed.academy\/en\/gallery-of-presidents\/","title":{"rendered":"GALLERY OF PRESIDENTS"},"content":{"rendered":"<div class=\"justificado\">\n<hr \/>\n<p>We would like to take this opportunity to pay homage to the legacy of our various <strong>deanships<\/strong>, as each one has proved to be a cornerstone of our academic history. We must nevertheless not forget that the governing teams and academics who have passed through the institution are the true protagonists of the century-old history of the Royal European Academy of Doctors. The respective deans are, to be more precise, the personal figureheads of this collective effort that has led to the Academy achieving the prestige and intellectual solvency that it now enjoys.<\/p>\n<h3><strong>\u00c1lvaro Esquerdo Esquerdo<br \/>\n<\/strong><em>(1914-1921)<\/em><\/h3>\n<p><img loading=\"lazy\" decoding=\"async\" class=\"alignright wp-image-8323 size-full\" src=\"http:\/\/raed.academy\/wp-content\/uploads\/2015\/01\/1.png\" alt=\"\u00c1lvaro Esquerdo Esquerdo\" width=\"150\" height=\"224\" \/>Dr. \u00c1lvaro Esquerdo (Villajoyosa 1853 \u2013 Barcelona 1921) was the founder, in 1914, of the Association of Enrolled Doctors of Catalonia, of which he was the presiding dean until 1921. This association was the initial incarnation of the present Royal European Academy of Doctors.<\/p>\n<p>Although it might appear that the doctors registered in the Association of Enrolled Doctors of Dr. Alvaro Esquerdo were solely interested in their own personal advancement and that of the group, their purpose was in fact to dignify the title of \u201cDoctor\u201d and afford some prestige to a professional activity that had by that time suffered considerable deterioration. The election as first presiding dean of Dr. Esquerdo, an eminent surgeon and man of science, marked the beginning of this raising of the status of the title in Spain, both for holders of university doctorates and for those exercising a profession. This was the symbolic laying of the first stone of what was to be a grand edifice of wisdom for subsequent generations of doctors.<\/p>\n<p>&nbsp;<\/p>\n<h3><strong>Pedro Gerardo Maristany y Oliver<br \/>\n<\/strong><em>(1921-1926)<\/em><\/h3>\n<p><img loading=\"lazy\" decoding=\"async\" class=\"alignright wp-image-8324 size-full\" src=\"http:\/\/raed.academy\/wp-content\/uploads\/2015\/01\/2.png\" alt=\"Pedro Gerardo Maristany y Oliva\" width=\"150\" height=\"224\" \/>Pedro Gerardo Maristany y Oliver (Masnou 1863 \u2013 Barcelona 1926), created Count of Lavern by Spain\u2019s King Alfonso XIII, was &#8211; between 1921 1926 &#8211; the second presiding dean of the Association of Doctors. Thanks to his close friendship with the monarch and in honour of the royal recognition that this entailed, King Alfonso XIII agreed to preside over the solemn academic ceremony of the Association of Doctors that took place in the Great Hall of the University of Barcelona on 27<sup>th<\/sup> May 1925. A successful entrepreneur and also a man of science (with degrees in both pure science and physics and chemistry), Pedro Gerardo Maristany, Count of Lavern, was a figure to live up to in his day, with his combination of scholarly passion and businesslike pragmatism.<\/p>\n<p>His good works also contributed to the advancement of both primary and university education. He likewise endeavoured to involve the King in the activities of the Association of Doctors, as evidenced by the presence of Alfonso XIII at the solemn ceremony held at the University of Barcelona in 1925. This was the first occasion &#8211; but it would not be the last &#8211; on which a Spanish monarch took a direct interest in the matters of a core association of academics which, with the passage of time, would ultimately be transformed into an academy.<\/p>\n<h3><strong>Guillermo de Benavent Camps<br \/>\n<\/strong><em>(1926-1963)<\/em><\/h3>\n<p><img loading=\"lazy\" decoding=\"async\" class=\"alignright wp-image-8325 size-full\" src=\"http:\/\/raed.academy\/wp-content\/uploads\/2015\/01\/4.png\" alt=\"Dr. Guillermo de Benavent Camps\" width=\"152\" height=\"224\" \/>Seen from an historic perspective, Guillermo de Benavent (\u2020 Arenys de Mar 1963) had to face up to difficult times during his deanship, which he exercised either\u00a0<em>de facto<\/em>\u00a0or in an acting capacity. We should add that the period between 1926 and 1943, which included the Second Republic, the Spanish Civil War and the tough privations of the post-war era, was also marked by periods in which the association suffered a clandestine existence or even hibernation.<\/p>\n<p>The Spanish Civil War ended in 1939, but Dr. Benavent had to wait until 1943 to be officially appointed Dean of the Association of Doctors. It was in this capacity that he approached Spain\u2019s then head of state, Francisco Franco, to communicate the objectives of the institution that he now led. This occurred at a memorable audience held on 15<sup>th<\/sup> March 1944 at the Pedralbes Palace in Barcelona.<\/p>\n<p>The main objective was none other than to dignify the title of \u201cDoctor\u201d. Apart from interesting the authorities of the day in the issues surrounding the doctoral concept, Benavent invited a number of important figures from the fields of research and university teaching, along with politicians and persons of institutional importance, to participate in a forum held by the Association of Doctors in its efforts to express the excellence of the doctoral qualification.<\/p>\n<h3><strong>Jorge Xifra Heras<br \/>\n<\/strong><em>(1964-1979)<\/em><\/h3>\n<p><img loading=\"lazy\" decoding=\"async\" class=\"alignright wp-image-8326 size-full\" src=\"http:\/\/raed.academy\/wp-content\/uploads\/2015\/01\/5.png\" alt=\"Dr. Jorge Xifra Heras\" width=\"150\" height=\"225\" \/>The memorable events of the deanship of Dr. Xifra (Figueres 1926\u2013) include several academic-year inauguration ceremonies attended by distinguished speakers, which helped to raise the institution\u2019s level of prestige. Three yearbooks were also published during this period. The beginnings of his deanship were marked by an urge for renewal.<\/p>\n<p>Dr Xifra\u2019s biggest achievement overall was to raise the social profile of the then Association of Doctors through the holding of conferences and brilliantly organised academic-year inauguration ceremonies, both of which involved the participation of important intellectual figures of the day. In this sense we can say that Dr. Xifra had excellent public relations skills and that he was a tireless promoter of the institution\u2019s image<span style=\"color: #001033;\">.<\/span><\/p>\n<h3><strong>Luis Dolcet Buxeres<br \/>\n<\/strong><em>(1979-1989)<\/em><\/h3>\n<p><img loading=\"lazy\" decoding=\"async\" class=\"alignright size-full wp-image-48248\" src=\"https:\/\/raed.academy\/wp-content\/uploads\/2015\/01\/luis-dolcet.jpg\" alt=\"\" width=\"150\" height=\"225\" \/>With democracy recovered in Spain, Dr. Dolcet (l\u2019Hospitalet de Llobregat 1909\u2013Barcelona 1994) was the originator, along with his successor Dr. Casajuana, of the Academy&#8217;s efforts to gain corresponding legal and public recognition. This had already been granted in 1966, but suffered from a certain ambiguity thanks to Spain\u2019s Law of Associations of 1964. This step, taken under the auspices of the <em>Generalitat de Catalunya<\/em>, Catalonia\u2019s autonomous regional government, proved to be vital to the institution\u2019s future. It amounted in fact to a complete reorganisation.<\/p>\n<p>Another initiative of this deanship was to add during a time an itinerant aspect to the Academy\u2019s institutional activities, with solemn sessions held in Catalonia\u2019s other three provincial capitals and a project, which was never actually realised, to hold a further session in Palma de Mallorca in the Balearic Islands. This deanship also saw the initial negotiations that would culminate, during the subsequent period in office of Dr. Casajuana, in the addition of the \u201cRoyal\u201d prefix to the Academy\u2019s name.<\/p>\n<h3><strong>Josep Casajuana Gibert<br \/>\n<\/strong><em>(1990-2012)<\/em><\/h3>\n<p><img loading=\"lazy\" decoding=\"async\" class=\"wp-image-8330 size-full alignright\" src=\"http:\/\/raed.academy\/wp-content\/uploads\/2015\/01\/7-1.png\" width=\"150\" height=\"224\" \/>This deanship, the longest in the history of the RAD, was marked by the intention of Dr. Casajuana (Vacarisses 1923-Barcelona 2013) to intensify to the greatest extent possible the links between the RAD and the Spanish monarchy. The new dean saw this as a sure way of raising the institution\u2019s prestige.<\/p>\n<p>He was able to his great satisfaction to mark up two notable successes in this respect, albeit with a separation of fifteen years between them; namely the presence of the Spanish King at two solemn sessions held in Catalonia\u2019s Palace of Music in 1992 and 2008 respectively. These successes compensated to some degree for the drifting internal life of the Academy, as evidenced by the low number of meetings held.<\/p>\n<h3><strong>Alfredo Rocafort Nicolau<br \/>\n<\/strong><em>(2012-)<\/em><\/h3>\n<p><img loading=\"lazy\" decoding=\"async\" class=\"wp-image-8331 size-full alignright\" src=\"http:\/\/raed.academy\/wp-content\/uploads\/2015\/01\/8-1.png\" width=\"150\" height=\"224\" \/>The Royal Academy of Doctors, now legally consolidated since 1990, has found a promising new leader in Dr. Alfredo Rocafort (Barcelona 1949). He has encouraged the work of the institution\u2019s various sections and opened the organisation up to channels of academic internationalisation. Good evidence of this work can be seen in the more than three years that have passed since his appointment, with the inauguration of a new, well-equipped headquarters to house the developing academic activities concerned. The Academy has also celebrated the centenary of its founding and published some ten editions of <em>RAD Tribuna Plural<\/em>, the Academy\u2019s own scientific journal. The governing board of the present dean has preferred in this respect to include the contents of the classic annual yearbooks in the various issues of this journal, in order to reflect the fluidity and dynamism of the scientific and academic information involved. The Academy has also published almost fifty volumes of a variety of collected documents, and the institution\u2019s website (www.radd.eu) ensures that the events that it organises are given full online prominence.<\/p>\n<p>This modernisation, as well as a more dynamic participation by the academicians concerned, enriches what is now known (as of February 2016) as the Royal European Academy of Doctors (RAED), thus setting its course to becoming an academy of reference both within Spain and internationally.<\/p>\n<\/div>\n","protected":false},"excerpt":{"rendered":"<p>We would like to take this opportunity to pay homage to the legacy of our various deanships, as each one has proved to be a cornerstone of our academic history. We must nevertheless not forget that the governing teams and academics who have passed through the institution are the true protagonists of the century-old history [&hellip;]<\/p>\n","protected":false},"author":16,"featured_media":0,"parent":0,"menu_order":0,"comment_status":"closed","ping_status":"closed","template":"","meta":{"_et_pb_use_builder":"","_et_pb_old_content":"","_et_gb_content_width":"","footnotes":""},"class_list":["post-12700","page","type-page","status-publish","hentry"],"yoast_head":"<!-- This site is optimized with the Yoast SEO plugin v27.4 - https:\/\/yoast.com\/product\/yoast-seo-wordpress\/ -->\n<title>Presidents of the history of the RAED | Royal European Academy of Doctors<\/title>\n<meta name=\"description\" content=\"Presidents of the history of the RAED | Royal European Academy of Doctors\" \/>\n<meta name=\"robots\" content=\"index, follow, max-snippet:-1, max-image-preview:large, max-video-preview:-1\" \/>\n<link rel=\"canonical\" href=\"https:\/\/raed.academy\/en\/gallery-of-presidents\/\" \/>\n<meta property=\"og:locale\" content=\"en_US\" \/>\n<meta property=\"og:type\" content=\"article\" \/>\n<meta property=\"og:title\" content=\"Presidents of the history of the RAED | Royal European Academy of Doctors\" \/>\n<meta property=\"og:description\" content=\"Presidents of the history of the RAED | Royal European Academy of Doctors\" \/>\n<meta property=\"og:url\" content=\"https:\/\/raed.academy\/en\/gallery-of-presidents\/\" \/>\n<meta property=\"og:site_name\" content=\"Royal European Academy of Doctors\" \/>\n<meta property=\"article:publisher\" content=\"http:\/\/fb.me\/raed.academy\" \/>\n<meta property=\"article:modified_time\" content=\"2020-11-26T12:22:30+00:00\" \/>\n<meta property=\"og:image\" content=\"http:\/\/raed.academy\/wp-content\/uploads\/2015\/01\/1.png\" \/>\n<meta name=\"twitter:card\" content=\"summary_large_image\" \/>\n<meta name=\"twitter:site\" content=\"@raedacademy\" \/>\n<meta name=\"twitter:label1\" content=\"Est. reading time\" \/>\n\t<meta name=\"twitter:data1\" content=\"7 minutes\" \/>\n<script type=\"application\/ld+json\" class=\"yoast-schema-graph\">{\"@context\":\"https:\\\/\\\/schema.org\",\"@graph\":[{\"@type\":\"WebPage\",\"@id\":\"https:\\\/\\\/raed.academy\\\/en\\\/gallery-of-presidents\\\/\",\"url\":\"https:\\\/\\\/raed.academy\\\/en\\\/gallery-of-presidents\\\/\",\"name\":\"Presidents of the history of the RAED | Royal European Academy of Doctors\",\"isPartOf\":{\"@id\":\"https:\\\/\\\/raed.academy\\\/en\\\/#website\"},\"primaryImageOfPage\":{\"@id\":\"https:\\\/\\\/raed.academy\\\/en\\\/gallery-of-presidents\\\/#primaryimage\"},\"image\":{\"@id\":\"https:\\\/\\\/raed.academy\\\/en\\\/gallery-of-presidents\\\/#primaryimage\"},\"thumbnailUrl\":\"http:\\\/\\\/raed.academy\\\/wp-content\\\/uploads\\\/2015\\\/01\\\/1.png\",\"datePublished\":\"2016-10-04T16:41:02+00:00\",\"dateModified\":\"2020-11-26T12:22:30+00:00\",\"description\":\"Presidents of the history of the RAED | Royal European Academy of Doctors\",\"breadcrumb\":{\"@id\":\"https:\\\/\\\/raed.academy\\\/en\\\/gallery-of-presidents\\\/#breadcrumb\"},\"inLanguage\":\"en-US\",\"potentialAction\":[{\"@type\":\"ReadAction\",\"target\":[\"https:\\\/\\\/raed.academy\\\/en\\\/gallery-of-presidents\\\/\"]}]},{\"@type\":\"ImageObject\",\"inLanguage\":\"en-US\",\"@id\":\"https:\\\/\\\/raed.academy\\\/en\\\/gallery-of-presidents\\\/#primaryimage\",\"url\":\"http:\\\/\\\/raed.academy\\\/wp-content\\\/uploads\\\/2015\\\/01\\\/1.png\",\"contentUrl\":\"http:\\\/\\\/raed.academy\\\/wp-content\\\/uploads\\\/2015\\\/01\\\/1.png\"},{\"@type\":\"BreadcrumbList\",\"@id\":\"https:\\\/\\\/raed.academy\\\/en\\\/gallery-of-presidents\\\/#breadcrumb\",\"itemListElement\":[{\"@type\":\"ListItem\",\"position\":1,\"name\":\"Inicio\",\"item\":\"https:\\\/\\\/raed.academy\\\/en\\\/\"},{\"@type\":\"ListItem\",\"position\":2,\"name\":\"GALLERY OF PRESIDENTS\"}]},{\"@type\":\"WebSite\",\"@id\":\"https:\\\/\\\/raed.academy\\\/en\\\/#website\",\"url\":\"https:\\\/\\\/raed.academy\\\/en\\\/\",\"name\":\"Royal European Academy of Doctors\",\"description\":\"Corporaci\u00f3n de derecho p\u00fablico de car\u00e1cter cient\u00edfico, t\u00e9cnico y art\u00edstico, que tiene por objeto la investigaci\u00f3n, el estudio, el fomento y la extensi\u00f3n del conocimiento en su sentido m\u00e1s amplio.\",\"publisher\":{\"@id\":\"https:\\\/\\\/raed.academy\\\/en\\\/#organization\"},\"potentialAction\":[{\"@type\":\"SearchAction\",\"target\":{\"@type\":\"EntryPoint\",\"urlTemplate\":\"https:\\\/\\\/raed.academy\\\/en\\\/?s={search_term_string}\"},\"query-input\":{\"@type\":\"PropertyValueSpecification\",\"valueRequired\":true,\"valueName\":\"search_term_string\"}}],\"inLanguage\":\"en-US\"},{\"@type\":\"Organization\",\"@id\":\"https:\\\/\\\/raed.academy\\\/en\\\/#organization\",\"name\":\"Real Academia Europea de Doctores\",\"url\":\"https:\\\/\\\/raed.academy\\\/en\\\/\",\"logo\":{\"@type\":\"ImageObject\",\"inLanguage\":\"en-US\",\"@id\":\"https:\\\/\\\/raed.academy\\\/en\\\/#\\\/schema\\\/logo\\\/image\\\/\",\"url\":\"https:\\\/\\\/raed.academy\\\/wp-content\\\/uploads\\\/2017\\\/01\\\/cropped-logo_raed.png\",\"contentUrl\":\"https:\\\/\\\/raed.academy\\\/wp-content\\\/uploads\\\/2017\\\/01\\\/cropped-logo_raed.png\",\"width\":512,\"height\":512,\"caption\":\"Real Academia Europea de Doctores\"},\"image\":{\"@id\":\"https:\\\/\\\/raed.academy\\\/en\\\/#\\\/schema\\\/logo\\\/image\\\/\"},\"sameAs\":[\"http:\\\/\\\/fb.me\\\/raed.academy\",\"https:\\\/\\\/x.com\\\/raedacademy\",\"https:\\\/\\\/www.instagram.com\\\/raed.academy\\\/\",\"https:\\\/\\\/www.youtube.com\\\/channel\\\/UCUYQwW2KrdirNWihxMDObwg\"]}]}<\/script>\n<!-- \/ Yoast SEO plugin. -->","yoast_head_json":{"title":"Presidents of the history of the RAED | Royal European Academy of Doctors","description":"Presidents of the history of the RAED | Royal European Academy of Doctors","robots":{"index":"index","follow":"follow","max-snippet":"max-snippet:-1","max-image-preview":"max-image-preview:large","max-video-preview":"max-video-preview:-1"},"canonical":"https:\/\/raed.academy\/en\/gallery-of-presidents\/","og_locale":"en_US","og_type":"article","og_title":"Presidents of the history of the RAED | Royal European Academy of Doctors","og_description":"Presidents of the history of the RAED | Royal European Academy of Doctors","og_url":"https:\/\/raed.academy\/en\/gallery-of-presidents\/","og_site_name":"Royal European Academy of Doctors","article_publisher":"http:\/\/fb.me\/raed.academy","article_modified_time":"2020-11-26T12:22:30+00:00","og_image":[{"url":"http:\/\/raed.academy\/wp-content\/uploads\/2015\/01\/1.png","type":"","width":"","height":""}],"twitter_card":"summary_large_image","twitter_site":"@raedacademy","twitter_misc":{"Est. reading time":"7 minutes"},"schema":{"@context":"https:\/\/schema.org","@graph":[{"@type":"WebPage","@id":"https:\/\/raed.academy\/en\/gallery-of-presidents\/","url":"https:\/\/raed.academy\/en\/gallery-of-presidents\/","name":"Presidents of the history of the RAED | Royal European Academy of Doctors","isPartOf":{"@id":"https:\/\/raed.academy\/en\/#website"},"primaryImageOfPage":{"@id":"https:\/\/raed.academy\/en\/gallery-of-presidents\/#primaryimage"},"image":{"@id":"https:\/\/raed.academy\/en\/gallery-of-presidents\/#primaryimage"},"thumbnailUrl":"http:\/\/raed.academy\/wp-content\/uploads\/2015\/01\/1.png","datePublished":"2016-10-04T16:41:02+00:00","dateModified":"2020-11-26T12:22:30+00:00","description":"Presidents of the history of the RAED | Royal European Academy of Doctors","breadcrumb":{"@id":"https:\/\/raed.academy\/en\/gallery-of-presidents\/#breadcrumb"},"inLanguage":"en-US","potentialAction":[{"@type":"ReadAction","target":["https:\/\/raed.academy\/en\/gallery-of-presidents\/"]}]},{"@type":"ImageObject","inLanguage":"en-US","@id":"https:\/\/raed.academy\/en\/gallery-of-presidents\/#primaryimage","url":"http:\/\/raed.academy\/wp-content\/uploads\/2015\/01\/1.png","contentUrl":"http:\/\/raed.academy\/wp-content\/uploads\/2015\/01\/1.png"},{"@type":"BreadcrumbList","@id":"https:\/\/raed.academy\/en\/gallery-of-presidents\/#breadcrumb","itemListElement":[{"@type":"ListItem","position":1,"name":"Inicio","item":"https:\/\/raed.academy\/en\/"},{"@type":"ListItem","position":2,"name":"GALLERY OF PRESIDENTS"}]},{"@type":"WebSite","@id":"https:\/\/raed.academy\/en\/#website","url":"https:\/\/raed.academy\/en\/","name":"Royal European Academy of Doctors","description":"Corporaci\u00f3n de derecho p\u00fablico de car\u00e1cter cient\u00edfico, t\u00e9cnico y art\u00edstico, que tiene por objeto la investigaci\u00f3n, el estudio, el fomento y la extensi\u00f3n del conocimiento en su sentido m\u00e1s amplio.","publisher":{"@id":"https:\/\/raed.academy\/en\/#organization"},"potentialAction":[{"@type":"SearchAction","target":{"@type":"EntryPoint","urlTemplate":"https:\/\/raed.academy\/en\/?s={search_term_string}"},"query-input":{"@type":"PropertyValueSpecification","valueRequired":true,"valueName":"search_term_string"}}],"inLanguage":"en-US"},{"@type":"Organization","@id":"https:\/\/raed.academy\/en\/#organization","name":"Real Academia Europea de Doctores","url":"https:\/\/raed.academy\/en\/","logo":{"@type":"ImageObject","inLanguage":"en-US","@id":"https:\/\/raed.academy\/en\/#\/schema\/logo\/image\/","url":"https:\/\/raed.academy\/wp-content\/uploads\/2017\/01\/cropped-logo_raed.png","contentUrl":"https:\/\/raed.academy\/wp-content\/uploads\/2017\/01\/cropped-logo_raed.png","width":512,"height":512,"caption":"Real Academia Europea de Doctores"},"image":{"@id":"https:\/\/raed.academy\/en\/#\/schema\/logo\/image\/"},"sameAs":["http:\/\/fb.me\/raed.academy","https:\/\/x.com\/raedacademy","https:\/\/www.instagram.com\/raed.academy\/","https:\/\/www.youtube.com\/channel\/UCUYQwW2KrdirNWihxMDObwg"]}]}},"_links":{"self":[{"href":"https:\/\/raed.academy\/en\/wp-json\/wp\/v2\/pages\/12700","targetHints":{"allow":["GET"]}}],"collection":[{"href":"https:\/\/raed.academy\/en\/wp-json\/wp\/v2\/pages"}],"about":[{"href":"https:\/\/raed.academy\/en\/wp-json\/wp\/v2\/types\/page"}],"author":[{"embeddable":true,"href":"https:\/\/raed.academy\/en\/wp-json\/wp\/v2\/users\/16"}],"replies":[{"embeddable":true,"href":"https:\/\/raed.academy\/en\/wp-json\/wp\/v2\/comments?post=12700"}],"version-history":[{"count":0,"href":"https:\/\/raed.academy\/en\/wp-json\/wp\/v2\/pages\/12700\/revisions"}],"wp:attachment":[{"href":"https:\/\/raed.academy\/en\/wp-json\/wp\/v2\/media?parent=12700"}],"curies":[{"name":"wp","href":"https:\/\/api.w.org\/{rel}","templated":true}]}}