{"id":82898,"date":"2019-11-13T17:57:31","date_gmt":"2019-11-13T17:57:31","guid":{"rendered":"https:\/\/raed.academy\/?page_id=82898"},"modified":"2023-12-05T15:26:39","modified_gmt":"2023-12-05T15:26:39","slug":"diari-tribuna-plural","status":"publish","type":"page","link":"https:\/\/raed.academy\/ca\/publicacions\/diari-tribuna-plural\/","title":{"rendered":"Diari Tribuna Plural"},"content":{"rendered":"<p>[et_pb_section fb_built=&#8221;1&#8243; admin_label=&#8221;section&#8221; _builder_version=&#8221;4.16&#8243; global_colors_info=&#8221;{}&#8221;][et_pb_row _builder_version=&#8221;4.23.1&#8243; _module_preset=&#8221;default&#8221; max_width=&#8221;1400px&#8221; custom_padding=&#8221;||0px|||&#8221; hover_enabled=&#8221;0&#8243; locked=&#8221;off&#8221; global_colors_info=&#8221;{}&#8221; sticky_enabled=&#8221;0&#8243;][et_pb_column type=&#8221;4_4&#8243; _builder_version=&#8221;4.23&#8243; _module_preset=&#8221;default&#8221; global_colors_info=&#8221;{}&#8221;][et_pb_post_title meta=&#8221;off&#8221; featured_image=&#8221;off&#8221; module_class=&#8221;portada&#8221; _builder_version=&#8221;4.17.0&#8243; _module_preset=&#8221;default&#8221; locked=&#8221;off&#8221; global_colors_info=&#8221;{}&#8221;][\/et_pb_post_title][\/et_pb_column][\/et_pb_row][et_pb_row admin_label=&#8221;row&#8221; _builder_version=&#8221;4.23.1&#8243; background_size=&#8221;initial&#8221; background_position=&#8221;top_left&#8221; background_repeat=&#8221;repeat&#8221; hover_enabled=&#8221;0&#8243; global_colors_info=&#8221;{}&#8221; max_width=&#8221;1400px&#8221; sticky_enabled=&#8221;0&#8243;][et_pb_column type=&#8221;4_4&#8243; _builder_version=&#8221;4.16&#8243; custom_padding=&#8221;|||&#8221; global_colors_info=&#8221;{}&#8221; custom_padding__hover=&#8221;|||&#8221;][et_pb_accordion _builder_version=&#8221;4.16&#8243; link_option_url_new_window=&#8221;on&#8221; global_colors_info=&#8221;{}&#8221;][et_pb_accordion_item title=&#8221;N\u00famero 4 &#8211; octubre 2021&#8243; open=&#8221;on&#8221; _builder_version=&#8221;4.16&#8243; _module_preset=&#8221;default&#8221; global_colors_info=&#8221;{}&#8221;]<\/p>\n<h3><a href=\"https:\/\/raed.academy\/documentos\/periodico-tribuna-plural\/n4-octubre-2021.pdf\" target=\"_blank\" rel=\"noopener\">Diari Tribuna Plural N\u00ba 4 &#8211; octubre 2021<\/a><\/h3>\n<ul>\n<li>Presentada l&#8217;obra \u00abUn Per\u00edode Renovador 2012-2020\u00bb que recull tota l&#8217;activitat i principals \u00e8xits dels darrers vuit anys.<\/li>\n<li>Entrevista al <a href=\"https:\/\/raed.academy\/ca\/academics\/dr-alfredo-rocafort-nicolau\/\" target=\"_blank\" rel=\"noopener\"><strong>Dr. Alfredo Rocafort<\/strong><\/a>, president de la Junta de Govern de la RAED: \u201cL&#8217;Acad\u00e8mia ha d&#8217;estar oberta a la societat i no instal\u00b7lar-se en una torre d&#8217;ivori on els acad\u00e8mics en parlen i entre ells\u201d.<\/li>\n<li>La RAED i la seva Fundaci\u00f3 assumeixen el comprom\u00eds de contribuir a millorar el m\u00f3n amb el llan\u00e7ament del projecte <a href=\"https:\/\/fundacionraed.org\/retos-vitales\/\" target=\"_blank\" rel=\"noopener\"><strong>\u201cReptes Vitals per a una nova era\u201d<\/strong><\/a>.<\/li>\n<li>Acad\u00e8mics de la RAED veuen la iniciativa NextGenerationEu com a oportunitat per canviar l&#8217;economia del pa\u00eds.<\/li>\n<li>Comparativa des del punt de vista informatiu a la premsa, respecte a la \u00abGrip Espanyola\u00bb de 1918 i la COVID-19.<\/li>\n<li>Entrevista al <a href=\"https:\/\/raed.academy\/ca\/academics\/dr-jose-maria-baldasano-recio\/\" target=\"_blank\" rel=\"noopener\"><strong>Dr. Jos\u00e9 M\u00aa Baldasano<\/strong><\/a>: \u201cEls l\u00edmits del creixement i la seva relaci\u00f3 amb el medi ambient han estat una constant en el meu pensament\u201d.<\/li>\n<li>Contraportada: <a href=\"https:\/\/raed.academy\/ca\/academics\/dra-rosalia-arteaga-serrano\/\" target=\"_blank\" rel=\"noopener\"><strong>Dra. Rosal\u00eda Arteaga<\/strong><\/a> &#8211; \u201cCal posar m\u00e9s Iberoam\u00e8rica al m\u00f3n\u201d.<\/li>\n<\/ul>\n<p>[\/et_pb_accordion_item][et_pb_accordion_item title=&#8221;N\u00famero 3 &#8211; gener 2020&#8243; _builder_version=&#8221;4.16&#8243; global_colors_info=&#8221;{}&#8221; open=&#8221;off&#8221;]<\/p>\n<h3><a href=\"https:\/\/raed.academy\/wp-content\/uploads\/2020\/02\/periodico-Tribuna-Plural-n3.pdf\" target=\"_blank\" rel=\"noopener noreferrer\">Diari Tribuna Plural N\u00ba 3 &#8211; gener 2020<\/a><\/h3>\n<ul>\n<li>Els experts advoquen per impulsar l&#8217;aplicaci\u00f3 del big data i la intel\u00b7lig\u00e8ncia artificial en l&#8217;\u00e0mbit cl\u00ednic assistencial.<\/li>\n<li>La <strong>RAED<\/strong> va acollir la confer\u00e8ncia que representava a Espanya en el Projecte de Realitat Clim\u00e0tica que impulsa <strong>Al Gore<\/strong>.<\/li>\n<li>Article d&#8217;opini\u00f3: <a href=\"https:\/\/raed.academy\/academicos\/dr-pedro-nueno-iniesta\/\" target=\"_blank\" rel=\"noopener noreferrer\"><strong>Pedro Nueno<\/strong><\/a> &#8211; La oportunitat de la Xina.<\/li>\n<li>La proliferaci\u00f3 dels &#8220;fake congress&#8221;, un perill per a la ci\u00e8ncia i la societat.<\/li>\n<li>Vacunar-se contra la desinformaci\u00f3.<\/li>\n<li>Reportatge: Maltractament a la gent gran.<\/li>\n<li>Debat: La Listeria posa a prova la seguretat aliment\u00e0ria a Espanya.<\/li>\n<li>Entrevista a <a href=\"https:\/\/raed.academy\/academicos\/dr-jose-maria-gay-de-liebana-saludas\/\" target=\"_blank\" rel=\"noopener noreferrer\"><strong>Jos\u00e9 Maria Gay de Li\u00e9bana<\/strong><\/a>: &#8220;Cal deconstruir Espanya&#8221;.<\/li>\n<li>Contraportada: <strong>Christine Hart<\/strong> &#8211; &#8220;Els incendis a Austr\u00e0lia s\u00f3n com si hagu\u00e9s caigut una bomba at\u00f2mica&#8221;.<\/li>\n<\/ul>\n<p>[\/et_pb_accordion_item][et_pb_accordion_item title=&#8221;N\u00famero 2 &#8211; novembre 2019&#8243; _builder_version=&#8221;4.16&#8243; link_option_url_new_window=&#8221;on&#8221; global_colors_info=&#8221;{}&#8221; open=&#8221;off&#8221;]<\/p>\n<h3><a href=\"https:\/\/raed.academy\/wp-content\/uploads\/2019\/11\/periodico-Tribuna-Plural-n2.pdf\" target=\"_blank\" rel=\"noopener noreferrer\"><strong>Diari Tribuna Plural N\u00ba 2 &#8211; novembre 2019<\/strong><\/a><\/h3>\n<ul>\n<li>La relaci\u00f3 propera i emp\u00e0tica metge-pacient pot accelerar la recuperaci\u00f3.<\/li>\n<li>La Universitat de Barcelona crea ESG Rating, un indicador per mesurar la Responsabilitat Social Corporativa.<\/li>\n<li>\u00c8xit al V Congr\u00e9s Internacional de la RAED celebrat a Budapest.<\/li>\n<li>La Fundaci\u00f3 Pro RAED, motor de canvi social.<\/li>\n<li>Entrevista a Inocencio Arias.<\/li>\n<\/ul>\n<p>[\/et_pb_accordion_item][et_pb_accordion_item title=&#8221;N\u00famero 1 &#8211; juliol 2019&#8243; _builder_version=&#8221;4.16&#8243; link_option_url_new_window=&#8221;on&#8221; global_colors_info=&#8221;{}&#8221; open=&#8221;off&#8221;]<\/p>\n<h3><a href=\"https:\/\/raed.academy\/wp-content\/uploads\/2019\/07\/TRIBUNA-N-01-comprimido.pdf\" target=\"_blank\" rel=\"noopener noreferrer\">Diari Tribuna Plural N\u00ba 1 &#8211; juliol 2019<\/a><\/h3>\n<ul>\n<li>Els germans Roca investits com Acad\u00e8mics d&#8217;Honor per la RAED<\/li>\n<li>Entrevista a Joaqu\u00edn Almunia<\/li>\n<li>La preservaci\u00f3 de les Illes Gal\u00e1pagos<\/li>\n<li>El Barcelona Supercomputing Center ser\u00e0 la seu d&#8217;un dels grans superordinadors europeus.<\/li>\n<li>La dona progressa en el lideratge del coneixement cient\u00edfic<\/li>\n<\/ul>\n<p>[\/et_pb_accordion_item][\/et_pb_accordion][\/et_pb_column][\/et_pb_row][\/et_pb_section]<\/p>\n","protected":false},"excerpt":{"rendered":"<p>Diari Tribuna Plural N\u00ba 4 &#8211; octubre 2021 Presentada l&#8217;obra \u00abUn Per\u00edode Renovador 2012-2020\u00bb que recull tota l&#8217;activitat i principals \u00e8xits dels darrers vuit anys. Entrevista al Dr. Alfredo Rocafort, president de la Junta de Govern de la RAED: \u201cL&#8217;Acad\u00e8mia ha d&#8217;estar oberta a la societat i no instal\u00b7lar-se en una torre d&#8217;ivori on els [&hellip;]<\/p>\n","protected":false},"author":16,"featured_media":82966,"parent":140451,"menu_order":0,"comment_status":"closed","ping_status":"closed","template":"","meta":{"_et_pb_use_builder":"on","_et_pb_old_content":"","_et_gb_content_width":"","footnotes":""},"class_list":["post-82898","page","type-page","status-publish","has-post-thumbnail","hentry"],"yoast_head":"<!-- This site is optimized with the Yoast SEO plugin v27.3 - https:\/\/yoast.com\/product\/yoast-seo-wordpress\/ -->\n<title>Diari Tribuna Plural - Reial Acad\u00e8mia Europea de Doctors<\/title>\n<meta name=\"description\" content=\"Actualitat de la RAED, not\u00edcies, articles d&#039;opini\u00f3, reportatges, entrevistes i debats des del 2019\" \/>\n<meta name=\"robots\" content=\"index, follow, max-snippet:-1, max-image-preview:large, max-video-preview:-1\" \/>\n<link rel=\"canonical\" href=\"https:\/\/raed.academy\/ca\/publicacions\/diari-tribuna-plural\/\" \/>\n<meta property=\"og:locale\" content=\"ca_ES\" \/>\n<meta property=\"og:type\" content=\"article\" \/>\n<meta property=\"og:title\" content=\"Diari Tribuna Plural - Reial Acad\u00e8mia Europea de Doctors\" \/>\n<meta property=\"og:description\" content=\"Actualitat de la RAED, not\u00edcies, articles d&#039;opini\u00f3, reportatges, entrevistes i debats des del 2019\" \/>\n<meta property=\"og:url\" content=\"https:\/\/raed.academy\/ca\/publicacions\/diari-tribuna-plural\/\" \/>\n<meta property=\"og:site_name\" content=\"Reial Acad\u00e8mia Europea de Doctors\" \/>\n<meta property=\"article:publisher\" content=\"http:\/\/fb.me\/raed.academy\" \/>\n<meta property=\"article:modified_time\" content=\"2023-12-05T15:26:39+00:00\" \/>\n<meta property=\"og:image\" content=\"https:\/\/raed.academy\/wp-content\/uploads\/2019\/11\/periodico-Tribuna-Plural-n2-RAED.jpg\" \/>\n\t<meta property=\"og:image:width\" content=\"970\" \/>\n\t<meta property=\"og:image:height\" content=\"574\" \/>\n\t<meta property=\"og:image:type\" content=\"image\/jpeg\" \/>\n<meta name=\"twitter:card\" content=\"summary_large_image\" \/>\n<meta name=\"twitter:site\" content=\"@raedacademy\" \/>\n<meta name=\"twitter:label1\" content=\"Est. reading time\" \/>\n\t<meta name=\"twitter:data1\" content=\"3 minutes\" \/>\n<script type=\"application\/ld+json\" class=\"yoast-schema-graph\">{\"@context\":\"https:\\\/\\\/schema.org\",\"@graph\":[{\"@type\":\"WebPage\",\"@id\":\"https:\\\/\\\/raed.academy\\\/ca\\\/publicacions\\\/diari-tribuna-plural\\\/\",\"url\":\"https:\\\/\\\/raed.academy\\\/ca\\\/publicacions\\\/diari-tribuna-plural\\\/\",\"name\":\"Diari Tribuna Plural - Reial Acad\u00e8mia Europea de Doctors\",\"isPartOf\":{\"@id\":\"https:\\\/\\\/raed.academy\\\/ca\\\/#website\"},\"primaryImageOfPage\":{\"@id\":\"https:\\\/\\\/raed.academy\\\/ca\\\/publicacions\\\/diari-tribuna-plural\\\/#primaryimage\"},\"image\":{\"@id\":\"https:\\\/\\\/raed.academy\\\/ca\\\/publicacions\\\/diari-tribuna-plural\\\/#primaryimage\"},\"thumbnailUrl\":\"https:\\\/\\\/raed.academy\\\/wp-content\\\/uploads\\\/2019\\\/11\\\/periodico-Tribuna-Plural-n2-RAED.jpg\",\"datePublished\":\"2019-11-13T17:57:31+00:00\",\"dateModified\":\"2023-12-05T15:26:39+00:00\",\"description\":\"Actualitat de la RAED, not\u00edcies, articles d'opini\u00f3, reportatges, entrevistes i debats des del 2019\",\"breadcrumb\":{\"@id\":\"https:\\\/\\\/raed.academy\\\/ca\\\/publicacions\\\/diari-tribuna-plural\\\/#breadcrumb\"},\"inLanguage\":\"ca-ES\",\"potentialAction\":[{\"@type\":\"ReadAction\",\"target\":[\"https:\\\/\\\/raed.academy\\\/ca\\\/publicacions\\\/diari-tribuna-plural\\\/\"]}]},{\"@type\":\"ImageObject\",\"inLanguage\":\"ca-ES\",\"@id\":\"https:\\\/\\\/raed.academy\\\/ca\\\/publicacions\\\/diari-tribuna-plural\\\/#primaryimage\",\"url\":\"https:\\\/\\\/raed.academy\\\/wp-content\\\/uploads\\\/2019\\\/11\\\/periodico-Tribuna-Plural-n2-RAED.jpg\",\"contentUrl\":\"https:\\\/\\\/raed.academy\\\/wp-content\\\/uploads\\\/2019\\\/11\\\/periodico-Tribuna-Plural-n2-RAED.jpg\",\"width\":970,\"height\":574},{\"@type\":\"BreadcrumbList\",\"@id\":\"https:\\\/\\\/raed.academy\\\/ca\\\/publicacions\\\/diari-tribuna-plural\\\/#breadcrumb\",\"itemListElement\":[{\"@type\":\"ListItem\",\"position\":1,\"name\":\"Inicio\",\"item\":\"https:\\\/\\\/raed.academy\\\/ca\\\/\"},{\"@type\":\"ListItem\",\"position\":2,\"name\":\"Publicacions\",\"item\":\"https:\\\/\\\/raed.academy\\\/ca\\\/publicacions\\\/\"},{\"@type\":\"ListItem\",\"position\":3,\"name\":\"Diari Tribuna Plural\"}]},{\"@type\":\"WebSite\",\"@id\":\"https:\\\/\\\/raed.academy\\\/ca\\\/#website\",\"url\":\"https:\\\/\\\/raed.academy\\\/ca\\\/\",\"name\":\"Reial Acad\u00e8mia Europea de Doctors\",\"description\":\"Corporaci\u00f3n de derecho p\u00fablico de car\u00e1cter cient\u00edfico, t\u00e9cnico y art\u00edstico, que tiene por objeto la investigaci\u00f3n, el estudio, el fomento y la extensi\u00f3n del conocimiento en su sentido m\u00e1s amplio\",\"publisher\":{\"@id\":\"https:\\\/\\\/raed.academy\\\/ca\\\/#organization\"},\"potentialAction\":[{\"@type\":\"SearchAction\",\"target\":{\"@type\":\"EntryPoint\",\"urlTemplate\":\"https:\\\/\\\/raed.academy\\\/ca\\\/?s={search_term_string}\"},\"query-input\":{\"@type\":\"PropertyValueSpecification\",\"valueRequired\":true,\"valueName\":\"search_term_string\"}}],\"inLanguage\":\"ca-ES\"},{\"@type\":\"Organization\",\"@id\":\"https:\\\/\\\/raed.academy\\\/ca\\\/#organization\",\"name\":\"Real Academia Europea de Doctores\",\"url\":\"https:\\\/\\\/raed.academy\\\/ca\\\/\",\"logo\":{\"@type\":\"ImageObject\",\"inLanguage\":\"ca-ES\",\"@id\":\"https:\\\/\\\/raed.academy\\\/ca\\\/#\\\/schema\\\/logo\\\/image\\\/\",\"url\":\"https:\\\/\\\/raed.academy\\\/wp-content\\\/uploads\\\/2017\\\/01\\\/cropped-logo_raed.png\",\"contentUrl\":\"https:\\\/\\\/raed.academy\\\/wp-content\\\/uploads\\\/2017\\\/01\\\/cropped-logo_raed.png\",\"width\":512,\"height\":512,\"caption\":\"Real Academia Europea de Doctores\"},\"image\":{\"@id\":\"https:\\\/\\\/raed.academy\\\/ca\\\/#\\\/schema\\\/logo\\\/image\\\/\"},\"sameAs\":[\"http:\\\/\\\/fb.me\\\/raed.academy\",\"https:\\\/\\\/x.com\\\/raedacademy\",\"https:\\\/\\\/www.instagram.com\\\/raed.academy\\\/\",\"https:\\\/\\\/www.youtube.com\\\/channel\\\/UCUYQwW2KrdirNWihxMDObwg\"]}]}<\/script>\n<!-- \/ Yoast SEO plugin. -->","yoast_head_json":{"title":"Diari Tribuna Plural - Reial Acad\u00e8mia Europea de Doctors","description":"Actualitat de la RAED, not\u00edcies, articles d'opini\u00f3, reportatges, entrevistes i debats des del 2019","robots":{"index":"index","follow":"follow","max-snippet":"max-snippet:-1","max-image-preview":"max-image-preview:large","max-video-preview":"max-video-preview:-1"},"canonical":"https:\/\/raed.academy\/ca\/publicacions\/diari-tribuna-plural\/","og_locale":"ca_ES","og_type":"article","og_title":"Diari Tribuna Plural - Reial Acad\u00e8mia Europea de Doctors","og_description":"Actualitat de la RAED, not\u00edcies, articles d'opini\u00f3, reportatges, entrevistes i debats des del 2019","og_url":"https:\/\/raed.academy\/ca\/publicacions\/diari-tribuna-plural\/","og_site_name":"Reial Acad\u00e8mia Europea de Doctors","article_publisher":"http:\/\/fb.me\/raed.academy","article_modified_time":"2023-12-05T15:26:39+00:00","og_image":[{"width":970,"height":574,"url":"https:\/\/raed.academy\/wp-content\/uploads\/2019\/11\/periodico-Tribuna-Plural-n2-RAED.jpg","type":"image\/jpeg"}],"twitter_card":"summary_large_image","twitter_site":"@raedacademy","twitter_misc":{"Est. reading time":"3 minutes"},"schema":{"@context":"https:\/\/schema.org","@graph":[{"@type":"WebPage","@id":"https:\/\/raed.academy\/ca\/publicacions\/diari-tribuna-plural\/","url":"https:\/\/raed.academy\/ca\/publicacions\/diari-tribuna-plural\/","name":"Diari Tribuna Plural - Reial Acad\u00e8mia Europea de Doctors","isPartOf":{"@id":"https:\/\/raed.academy\/ca\/#website"},"primaryImageOfPage":{"@id":"https:\/\/raed.academy\/ca\/publicacions\/diari-tribuna-plural\/#primaryimage"},"image":{"@id":"https:\/\/raed.academy\/ca\/publicacions\/diari-tribuna-plural\/#primaryimage"},"thumbnailUrl":"https:\/\/raed.academy\/wp-content\/uploads\/2019\/11\/periodico-Tribuna-Plural-n2-RAED.jpg","datePublished":"2019-11-13T17:57:31+00:00","dateModified":"2023-12-05T15:26:39+00:00","description":"Actualitat de la RAED, not\u00edcies, articles d'opini\u00f3, reportatges, entrevistes i debats des del 2019","breadcrumb":{"@id":"https:\/\/raed.academy\/ca\/publicacions\/diari-tribuna-plural\/#breadcrumb"},"inLanguage":"ca-ES","potentialAction":[{"@type":"ReadAction","target":["https:\/\/raed.academy\/ca\/publicacions\/diari-tribuna-plural\/"]}]},{"@type":"ImageObject","inLanguage":"ca-ES","@id":"https:\/\/raed.academy\/ca\/publicacions\/diari-tribuna-plural\/#primaryimage","url":"https:\/\/raed.academy\/wp-content\/uploads\/2019\/11\/periodico-Tribuna-Plural-n2-RAED.jpg","contentUrl":"https:\/\/raed.academy\/wp-content\/uploads\/2019\/11\/periodico-Tribuna-Plural-n2-RAED.jpg","width":970,"height":574},{"@type":"BreadcrumbList","@id":"https:\/\/raed.academy\/ca\/publicacions\/diari-tribuna-plural\/#breadcrumb","itemListElement":[{"@type":"ListItem","position":1,"name":"Inicio","item":"https:\/\/raed.academy\/ca\/"},{"@type":"ListItem","position":2,"name":"Publicacions","item":"https:\/\/raed.academy\/ca\/publicacions\/"},{"@type":"ListItem","position":3,"name":"Diari Tribuna Plural"}]},{"@type":"WebSite","@id":"https:\/\/raed.academy\/ca\/#website","url":"https:\/\/raed.academy\/ca\/","name":"Reial Acad\u00e8mia Europea de Doctors","description":"Corporaci\u00f3n de derecho p\u00fablico de car\u00e1cter cient\u00edfico, t\u00e9cnico y art\u00edstico, que tiene por objeto la investigaci\u00f3n, el estudio, el fomento y la extensi\u00f3n del conocimiento en su sentido m\u00e1s amplio","publisher":{"@id":"https:\/\/raed.academy\/ca\/#organization"},"potentialAction":[{"@type":"SearchAction","target":{"@type":"EntryPoint","urlTemplate":"https:\/\/raed.academy\/ca\/?s={search_term_string}"},"query-input":{"@type":"PropertyValueSpecification","valueRequired":true,"valueName":"search_term_string"}}],"inLanguage":"ca-ES"},{"@type":"Organization","@id":"https:\/\/raed.academy\/ca\/#organization","name":"Real Academia Europea de Doctores","url":"https:\/\/raed.academy\/ca\/","logo":{"@type":"ImageObject","inLanguage":"ca-ES","@id":"https:\/\/raed.academy\/ca\/#\/schema\/logo\/image\/","url":"https:\/\/raed.academy\/wp-content\/uploads\/2017\/01\/cropped-logo_raed.png","contentUrl":"https:\/\/raed.academy\/wp-content\/uploads\/2017\/01\/cropped-logo_raed.png","width":512,"height":512,"caption":"Real Academia Europea de Doctores"},"image":{"@id":"https:\/\/raed.academy\/ca\/#\/schema\/logo\/image\/"},"sameAs":["http:\/\/fb.me\/raed.academy","https:\/\/x.com\/raedacademy","https:\/\/www.instagram.com\/raed.academy\/","https:\/\/www.youtube.com\/channel\/UCUYQwW2KrdirNWihxMDObwg"]}]}},"_links":{"self":[{"href":"https:\/\/raed.academy\/ca\/wp-json\/wp\/v2\/pages\/82898","targetHints":{"allow":["GET"]}}],"collection":[{"href":"https:\/\/raed.academy\/ca\/wp-json\/wp\/v2\/pages"}],"about":[{"href":"https:\/\/raed.academy\/ca\/wp-json\/wp\/v2\/types\/page"}],"author":[{"embeddable":true,"href":"https:\/\/raed.academy\/ca\/wp-json\/wp\/v2\/users\/16"}],"replies":[{"embeddable":true,"href":"https:\/\/raed.academy\/ca\/wp-json\/wp\/v2\/comments?post=82898"}],"version-history":[{"count":0,"href":"https:\/\/raed.academy\/ca\/wp-json\/wp\/v2\/pages\/82898\/revisions"}],"up":[{"embeddable":true,"href":"https:\/\/raed.academy\/ca\/wp-json\/wp\/v2\/pages\/140451"}],"wp:featuredmedia":[{"embeddable":true,"href":"https:\/\/raed.academy\/ca\/wp-json\/wp\/v2\/media\/82966"}],"wp:attachment":[{"href":"https:\/\/raed.academy\/ca\/wp-json\/wp\/v2\/media?parent=82898"}],"curies":[{"name":"wp","href":"https:\/\/api.w.org\/{rel}","templated":true}]}}