{"id":715,"date":"2015-03-19T19:41:14","date_gmt":"2015-03-19T19:41:14","guid":{"rendered":"http:\/\/radd.eu\/?page_id=715"},"modified":"2016-09-09T16:49:08","modified_gmt":"2016-09-09T16:49:08","slug":"textos-legals","status":"publish","type":"page","link":"https:\/\/raed.academy\/ca\/textos-legals\/","title":{"rendered":"TEXTOS LEGALS"},"content":{"rendered":"<div class=\"menuIconos\">\n<div class=\"rSociales\"><a href=\"https:\/\/www.youtube.com\/channel\/UCUYQwW2KrdirNWihxMDObwg\" target=\"_blank\"><img decoding=\"async\" src=\"https:\/\/raed.academy\/wp-content\/uploads\/2016\/12\/Youtube_icon.png\" alt=\"Youtube\" \/><\/a><a href=\"https:\/\/fb.me\/raed.academy\" target=\"_blank\"><img decoding=\"async\" src=\"\/wp-content\/uploads\/2017\/02\/fb.png\" ><\/a><a href=\"https:\/\/twitter.com\/raedacademy\" target=\"_blank\"><img decoding=\"async\" src=\"https:\/\/raed.academy\/wp-content\/uploads\/2017\/02\/twitter3d.png\" ><\/a><\/div>\n<div class=\"banderas\"><a href=\"https:\/\/raed.academy\/wp-content\/uploads\/2016\/11\/esp-e1478518675818.png\"><img decoding=\"async\" src=\"https:\/\/raed.academy\/wp-content\/uploads\/2016\/11\/esp-e1478518675818.png\" alt=\"Castellano\" \/><\/a><a href=\"https:\/\/raed.academy\/wp-content\/uploads\/2016\/11\/cat-e1478518881671.png\"><img decoding=\"async\" src=\"https:\/\/raed.academy\/wp-content\/uploads\/2016\/11\/cat-e1478518881671.png\" alt=\"Catal\u00e0\" \/><\/a><a href=\"https:\/\/raed.academy\/wp-content\/uploads\/2016\/11\/uk-e1478518928418.png\"><img decoding=\"async\" src=\"https:\/\/raed.academy\/wp-content\/uploads\/2016\/11\/uk-e1478518928418.png\" alt=\"English\" \/><\/a><\/div>\n<\/div>\n<h1>TEXTOS LEGALS<\/strong> <\/span><\/h1>\n<hr \/>\n<p>[fullwidth backgroundcolor=&#8221;#001033&#8243; backgroundimage=&#8221;&#8221; backgroundrepeat=&#8221;no-repeat&#8221; backgroundposition=&#8221;left top&#8221; backgroundattachment=&#8221;scroll&#8221; video_webm=&#8221;&#8221; video_mp4=&#8221;&#8221; video_ogv=&#8221;&#8221; video_preview_image=&#8221;&#8221; overlay_color=&#8221;&#8221; overlay_opacity=&#8221;0.5&#8243; video_mute=&#8221;yes&#8221; video_loop=&#8221;yes&#8221; fade=&#8221;no&#8221; bordersize=&#8221;0px&#8221; bordercolor=&#8221;&#8221; borderstyle=&#8221;solid&#8221; paddingtop=&#8221;20px&#8221; paddingbottom=&#8221;20px&#8221; paddingleft=&#8221;0px&#8221; paddingright=&#8221;0px&#8221; menu_anchor=&#8221;&#8221; equal_height_columns=&#8221;no&#8221; hundred_percent=&#8221;no&#8221; class=&#8221;&#8221; id=&#8221;&#8221;]<\/p>\n<ul>\n<li>\n<h3><a href=\"https:\/\/www.boenet.com\/\" target=\"_blank\">BOENET<\/a><\/h3>\n<\/li>\n<li>\n<h3><a href=\"https:\/\/www.oepm.es\/bopiweb\/index.htm\" target=\"_blank\">Bolet\u00edn de la Propiedad Industrial<\/a><\/h3>\n<\/li>\n<li>\n<h3><a href=\"https:\/\/www.congreso.es\/\" target=\"_blank\">Bolet\u00edn General de las Cortes Generales<\/a><\/h3>\n<\/li>\n<li>\n<h3><a href=\"https:\/\/www.boe.es\/\" target=\"_blank\">Bolet\u00edn Oficial del Estado<\/a><\/h3>\n<\/li>\n<li>\n<h3><a href=\"https:\/\/www.boe.es\/diario_borme\" target=\"_blank\">Bolet\u00edn Oficial del Registro Mercantil<\/a><\/h3>\n<\/li>\n<li>\n<h3><a href=\"https:\/\/www.senado.es\/public\/bocg.html\" target=\"_blank\">Bolet\u00edn Oficial del Senado<\/a><\/h3>\n<\/li>\n<li>\n<h3><a href=\"https:\/\/eur-lex.europa.eu\/en\/index.htm\" target=\"_blank\">EUR-Lex Derecho de la Uni\u00f3n Europea<\/a><\/h3>\n<\/li>\n<li>\n<h3><a href=\"https:\/\/www.uv.es\/cde\/sentencias.html\" target=\"_blank\">Sentencias del Tribunal de Luxemburgo<\/a><\/h3>\n<\/li>\n<\/ul>\n","protected":false},"excerpt":{"rendered":"<p>TEXTOS LEGALS [fullwidth backgroundcolor=&#8221;#001033&#8243; backgroundimage=&#8221;&#8221; backgroundrepeat=&#8221;no-repeat&#8221; backgroundposition=&#8221;left top&#8221; backgroundattachment=&#8221;scroll&#8221; video_webm=&#8221;&#8221; video_mp4=&#8221;&#8221; video_ogv=&#8221;&#8221; video_preview_image=&#8221;&#8221; overlay_color=&#8221;&#8221; overlay_opacity=&#8221;0.5&#8243; video_mute=&#8221;yes&#8221; video_loop=&#8221;yes&#8221; fade=&#8221;no&#8221; bordersize=&#8221;0px&#8221; bordercolor=&#8221;&#8221; borderstyle=&#8221;solid&#8221; paddingtop=&#8221;20px&#8221; paddingbottom=&#8221;20px&#8221; paddingleft=&#8221;0px&#8221; paddingright=&#8221;0px&#8221; menu_anchor=&#8221;&#8221; equal_height_columns=&#8221;no&#8221; hundred_percent=&#8221;no&#8221; class=&#8221;&#8221; id=&#8221;&#8221;] BOENET Bolet\u00edn de la Propiedad Industrial Bolet\u00edn General de las Cortes Generales Bolet\u00edn Oficial del Estado Bolet\u00edn Oficial del Registro Mercantil Bolet\u00edn Oficial del Senado [&hellip;]<\/p>\n","protected":false},"author":16,"featured_media":0,"parent":0,"menu_order":0,"comment_status":"closed","ping_status":"closed","template":"","meta":{"_et_pb_use_builder":"","_et_pb_old_content":"","_et_gb_content_width":"","footnotes":""},"class_list":["post-715","page","type-page","status-publish","hentry"],"yoast_head":"<!-- This site is optimized with the Yoast SEO plugin v27.4 - https:\/\/yoast.com\/product\/yoast-seo-wordpress\/ -->\n<title>TEXTOS LEGALS - Reial Acad\u00e8mia Europea de Doctors<\/title>\n<meta name=\"robots\" content=\"index, follow, max-snippet:-1, max-image-preview:large, max-video-preview:-1\" \/>\n<link rel=\"canonical\" href=\"https:\/\/raed.academy\/ca\/textos-legals\/\" \/>\n<meta property=\"og:locale\" content=\"ca_ES\" \/>\n<meta property=\"og:type\" content=\"article\" \/>\n<meta property=\"og:title\" content=\"TEXTOS LEGALS - Reial Acad\u00e8mia Europea de Doctors\" \/>\n<meta property=\"og:description\" content=\"TEXTOS LEGALS [fullwidth backgroundcolor=&#8221;#001033&#8243; backgroundimage=&#8221;&#8221; backgroundrepeat=&#8221;no-repeat&#8221; backgroundposition=&#8221;left top&#8221; backgroundattachment=&#8221;scroll&#8221; video_webm=&#8221;&#8221; video_mp4=&#8221;&#8221; video_ogv=&#8221;&#8221; video_preview_image=&#8221;&#8221; overlay_color=&#8221;&#8221; overlay_opacity=&#8221;0.5&#8243; video_mute=&#8221;yes&#8221; video_loop=&#8221;yes&#8221; fade=&#8221;no&#8221; bordersize=&#8221;0px&#8221; bordercolor=&#8221;&#8221; borderstyle=&#8221;solid&#8221; paddingtop=&#8221;20px&#8221; paddingbottom=&#8221;20px&#8221; paddingleft=&#8221;0px&#8221; paddingright=&#8221;0px&#8221; menu_anchor=&#8221;&#8221; equal_height_columns=&#8221;no&#8221; hundred_percent=&#8221;no&#8221; class=&#8221;&#8221; id=&#8221;&#8221;] BOENET Bolet\u00edn de la Propiedad Industrial Bolet\u00edn General de las Cortes Generales Bolet\u00edn Oficial del Estado Bolet\u00edn Oficial del Registro Mercantil Bolet\u00edn Oficial del Senado [&hellip;]\" \/>\n<meta property=\"og:url\" content=\"https:\/\/raed.academy\/ca\/textos-legals\/\" \/>\n<meta property=\"og:site_name\" content=\"Reial Acad\u00e8mia Europea de Doctors\" \/>\n<meta property=\"article:publisher\" content=\"http:\/\/fb.me\/raed.academy\" \/>\n<meta property=\"article:modified_time\" content=\"2016-09-09T16:49:08+00:00\" \/>\n<meta property=\"og:image\" content=\"https:\/\/raed.academy\/wp-content\/uploads\/2016\/12\/Youtube_icon.png\" \/>\n<meta name=\"twitter:card\" content=\"summary_large_image\" \/>\n<meta name=\"twitter:site\" content=\"@raedacademy\" \/>\n<script type=\"application\/ld+json\" class=\"yoast-schema-graph\">{\"@context\":\"https:\\\/\\\/schema.org\",\"@graph\":[{\"@type\":\"WebPage\",\"@id\":\"https:\\\/\\\/raed.academy\\\/ca\\\/textos-legals\\\/\",\"url\":\"https:\\\/\\\/raed.academy\\\/ca\\\/textos-legals\\\/\",\"name\":\"TEXTOS LEGALS - Reial Acad\u00e8mia Europea de Doctors\",\"isPartOf\":{\"@id\":\"https:\\\/\\\/raed.academy\\\/ca\\\/#website\"},\"primaryImageOfPage\":{\"@id\":\"https:\\\/\\\/raed.academy\\\/ca\\\/textos-legals\\\/#primaryimage\"},\"image\":{\"@id\":\"https:\\\/\\\/raed.academy\\\/ca\\\/textos-legals\\\/#primaryimage\"},\"thumbnailUrl\":\"https:\\\/\\\/raed.academy\\\/wp-content\\\/uploads\\\/2016\\\/12\\\/Youtube_icon.png\",\"datePublished\":\"2015-03-19T19:41:14+00:00\",\"dateModified\":\"2016-09-09T16:49:08+00:00\",\"breadcrumb\":{\"@id\":\"https:\\\/\\\/raed.academy\\\/ca\\\/textos-legals\\\/#breadcrumb\"},\"inLanguage\":\"ca-ES\",\"potentialAction\":[{\"@type\":\"ReadAction\",\"target\":[\"https:\\\/\\\/raed.academy\\\/ca\\\/textos-legals\\\/\"]}]},{\"@type\":\"ImageObject\",\"inLanguage\":\"ca-ES\",\"@id\":\"https:\\\/\\\/raed.academy\\\/ca\\\/textos-legals\\\/#primaryimage\",\"url\":\"https:\\\/\\\/raed.academy\\\/wp-content\\\/uploads\\\/2016\\\/12\\\/Youtube_icon.png\",\"contentUrl\":\"https:\\\/\\\/raed.academy\\\/wp-content\\\/uploads\\\/2016\\\/12\\\/Youtube_icon.png\"},{\"@type\":\"BreadcrumbList\",\"@id\":\"https:\\\/\\\/raed.academy\\\/ca\\\/textos-legals\\\/#breadcrumb\",\"itemListElement\":[{\"@type\":\"ListItem\",\"position\":1,\"name\":\"Inicio\",\"item\":\"https:\\\/\\\/raed.academy\\\/ca\\\/\"},{\"@type\":\"ListItem\",\"position\":2,\"name\":\"TEXTOS LEGALS\"}]},{\"@type\":\"WebSite\",\"@id\":\"https:\\\/\\\/raed.academy\\\/ca\\\/#website\",\"url\":\"https:\\\/\\\/raed.academy\\\/ca\\\/\",\"name\":\"Reial Acad\u00e8mia Europea de Doctors\",\"description\":\"Corporaci\u00f3n de derecho p\u00fablico de car\u00e1cter cient\u00edfico, t\u00e9cnico y art\u00edstico, que tiene por objeto la investigaci\u00f3n, el estudio, el fomento y la extensi\u00f3n del conocimiento en su sentido m\u00e1s amplio\",\"publisher\":{\"@id\":\"https:\\\/\\\/raed.academy\\\/ca\\\/#organization\"},\"potentialAction\":[{\"@type\":\"SearchAction\",\"target\":{\"@type\":\"EntryPoint\",\"urlTemplate\":\"https:\\\/\\\/raed.academy\\\/ca\\\/?s={search_term_string}\"},\"query-input\":{\"@type\":\"PropertyValueSpecification\",\"valueRequired\":true,\"valueName\":\"search_term_string\"}}],\"inLanguage\":\"ca-ES\"},{\"@type\":\"Organization\",\"@id\":\"https:\\\/\\\/raed.academy\\\/ca\\\/#organization\",\"name\":\"Real Academia Europea de Doctores\",\"url\":\"https:\\\/\\\/raed.academy\\\/ca\\\/\",\"logo\":{\"@type\":\"ImageObject\",\"inLanguage\":\"ca-ES\",\"@id\":\"https:\\\/\\\/raed.academy\\\/ca\\\/#\\\/schema\\\/logo\\\/image\\\/\",\"url\":\"https:\\\/\\\/raed.academy\\\/wp-content\\\/uploads\\\/2017\\\/01\\\/cropped-logo_raed.png\",\"contentUrl\":\"https:\\\/\\\/raed.academy\\\/wp-content\\\/uploads\\\/2017\\\/01\\\/cropped-logo_raed.png\",\"width\":512,\"height\":512,\"caption\":\"Real Academia Europea de Doctores\"},\"image\":{\"@id\":\"https:\\\/\\\/raed.academy\\\/ca\\\/#\\\/schema\\\/logo\\\/image\\\/\"},\"sameAs\":[\"http:\\\/\\\/fb.me\\\/raed.academy\",\"https:\\\/\\\/x.com\\\/raedacademy\",\"https:\\\/\\\/www.instagram.com\\\/raed.academy\\\/\",\"https:\\\/\\\/www.youtube.com\\\/channel\\\/UCUYQwW2KrdirNWihxMDObwg\"]}]}<\/script>\n<!-- \/ Yoast SEO plugin. -->","yoast_head_json":{"title":"TEXTOS LEGALS - Reial Acad\u00e8mia Europea de Doctors","robots":{"index":"index","follow":"follow","max-snippet":"max-snippet:-1","max-image-preview":"max-image-preview:large","max-video-preview":"max-video-preview:-1"},"canonical":"https:\/\/raed.academy\/ca\/textos-legals\/","og_locale":"ca_ES","og_type":"article","og_title":"TEXTOS LEGALS - Reial Acad\u00e8mia Europea de Doctors","og_description":"TEXTOS LEGALS [fullwidth backgroundcolor=&#8221;#001033&#8243; backgroundimage=&#8221;&#8221; backgroundrepeat=&#8221;no-repeat&#8221; backgroundposition=&#8221;left top&#8221; backgroundattachment=&#8221;scroll&#8221; video_webm=&#8221;&#8221; video_mp4=&#8221;&#8221; video_ogv=&#8221;&#8221; video_preview_image=&#8221;&#8221; overlay_color=&#8221;&#8221; overlay_opacity=&#8221;0.5&#8243; video_mute=&#8221;yes&#8221; video_loop=&#8221;yes&#8221; fade=&#8221;no&#8221; bordersize=&#8221;0px&#8221; bordercolor=&#8221;&#8221; borderstyle=&#8221;solid&#8221; paddingtop=&#8221;20px&#8221; paddingbottom=&#8221;20px&#8221; paddingleft=&#8221;0px&#8221; paddingright=&#8221;0px&#8221; menu_anchor=&#8221;&#8221; equal_height_columns=&#8221;no&#8221; hundred_percent=&#8221;no&#8221; class=&#8221;&#8221; id=&#8221;&#8221;] BOENET Bolet\u00edn de la Propiedad Industrial Bolet\u00edn General de las Cortes Generales Bolet\u00edn Oficial del Estado Bolet\u00edn Oficial del Registro Mercantil Bolet\u00edn Oficial del Senado [&hellip;]","og_url":"https:\/\/raed.academy\/ca\/textos-legals\/","og_site_name":"Reial Acad\u00e8mia Europea de Doctors","article_publisher":"http:\/\/fb.me\/raed.academy","article_modified_time":"2016-09-09T16:49:08+00:00","og_image":[{"url":"https:\/\/raed.academy\/wp-content\/uploads\/2016\/12\/Youtube_icon.png","type":"","width":"","height":""}],"twitter_card":"summary_large_image","twitter_site":"@raedacademy","schema":{"@context":"https:\/\/schema.org","@graph":[{"@type":"WebPage","@id":"https:\/\/raed.academy\/ca\/textos-legals\/","url":"https:\/\/raed.academy\/ca\/textos-legals\/","name":"TEXTOS LEGALS - Reial Acad\u00e8mia Europea de Doctors","isPartOf":{"@id":"https:\/\/raed.academy\/ca\/#website"},"primaryImageOfPage":{"@id":"https:\/\/raed.academy\/ca\/textos-legals\/#primaryimage"},"image":{"@id":"https:\/\/raed.academy\/ca\/textos-legals\/#primaryimage"},"thumbnailUrl":"https:\/\/raed.academy\/wp-content\/uploads\/2016\/12\/Youtube_icon.png","datePublished":"2015-03-19T19:41:14+00:00","dateModified":"2016-09-09T16:49:08+00:00","breadcrumb":{"@id":"https:\/\/raed.academy\/ca\/textos-legals\/#breadcrumb"},"inLanguage":"ca-ES","potentialAction":[{"@type":"ReadAction","target":["https:\/\/raed.academy\/ca\/textos-legals\/"]}]},{"@type":"ImageObject","inLanguage":"ca-ES","@id":"https:\/\/raed.academy\/ca\/textos-legals\/#primaryimage","url":"https:\/\/raed.academy\/wp-content\/uploads\/2016\/12\/Youtube_icon.png","contentUrl":"https:\/\/raed.academy\/wp-content\/uploads\/2016\/12\/Youtube_icon.png"},{"@type":"BreadcrumbList","@id":"https:\/\/raed.academy\/ca\/textos-legals\/#breadcrumb","itemListElement":[{"@type":"ListItem","position":1,"name":"Inicio","item":"https:\/\/raed.academy\/ca\/"},{"@type":"ListItem","position":2,"name":"TEXTOS LEGALS"}]},{"@type":"WebSite","@id":"https:\/\/raed.academy\/ca\/#website","url":"https:\/\/raed.academy\/ca\/","name":"Reial Acad\u00e8mia Europea de Doctors","description":"Corporaci\u00f3n de derecho p\u00fablico de car\u00e1cter cient\u00edfico, t\u00e9cnico y art\u00edstico, que tiene por objeto la investigaci\u00f3n, el estudio, el fomento y la extensi\u00f3n del conocimiento en su sentido m\u00e1s amplio","publisher":{"@id":"https:\/\/raed.academy\/ca\/#organization"},"potentialAction":[{"@type":"SearchAction","target":{"@type":"EntryPoint","urlTemplate":"https:\/\/raed.academy\/ca\/?s={search_term_string}"},"query-input":{"@type":"PropertyValueSpecification","valueRequired":true,"valueName":"search_term_string"}}],"inLanguage":"ca-ES"},{"@type":"Organization","@id":"https:\/\/raed.academy\/ca\/#organization","name":"Real Academia Europea de Doctores","url":"https:\/\/raed.academy\/ca\/","logo":{"@type":"ImageObject","inLanguage":"ca-ES","@id":"https:\/\/raed.academy\/ca\/#\/schema\/logo\/image\/","url":"https:\/\/raed.academy\/wp-content\/uploads\/2017\/01\/cropped-logo_raed.png","contentUrl":"https:\/\/raed.academy\/wp-content\/uploads\/2017\/01\/cropped-logo_raed.png","width":512,"height":512,"caption":"Real Academia Europea de Doctores"},"image":{"@id":"https:\/\/raed.academy\/ca\/#\/schema\/logo\/image\/"},"sameAs":["http:\/\/fb.me\/raed.academy","https:\/\/x.com\/raedacademy","https:\/\/www.instagram.com\/raed.academy\/","https:\/\/www.youtube.com\/channel\/UCUYQwW2KrdirNWihxMDObwg"]}]}},"_links":{"self":[{"href":"https:\/\/raed.academy\/ca\/wp-json\/wp\/v2\/pages\/715","targetHints":{"allow":["GET"]}}],"collection":[{"href":"https:\/\/raed.academy\/ca\/wp-json\/wp\/v2\/pages"}],"about":[{"href":"https:\/\/raed.academy\/ca\/wp-json\/wp\/v2\/types\/page"}],"author":[{"embeddable":true,"href":"https:\/\/raed.academy\/ca\/wp-json\/wp\/v2\/users\/16"}],"replies":[{"embeddable":true,"href":"https:\/\/raed.academy\/ca\/wp-json\/wp\/v2\/comments?post=715"}],"version-history":[{"count":0,"href":"https:\/\/raed.academy\/ca\/wp-json\/wp\/v2\/pages\/715\/revisions"}],"wp:attachment":[{"href":"https:\/\/raed.academy\/ca\/wp-json\/wp\/v2\/media?parent=715"}],"curies":[{"name":"wp","href":"https:\/\/api.w.org\/{rel}","templated":true}]}}