{"id":713,"date":"2015-03-19T19:40:35","date_gmt":"2015-03-19T19:40:35","guid":{"rendered":"http:\/\/radd.eu\/?page_id=713"},"modified":"2017-08-01T16:40:51","modified_gmt":"2017-08-01T16:40:51","slug":"editorial-i-premsa","status":"publish","type":"page","link":"https:\/\/raed.academy\/ca\/editorial-i-premsa\/","title":{"rendered":"EDITORIAL I PREMSA"},"content":{"rendered":"<div class=\"menuIconos\">\n<div class=\"rSociales\"><a href=\"https:\/\/www.youtube.com\/channel\/UCUYQwW2KrdirNWihxMDObwg\" target=\"_blank\" rel=\"noopener\"><img decoding=\"async\" src=\"https:\/\/raed.academy\/wp-content\/uploads\/2016\/12\/Youtube_icon.png\" alt=\"Youtube\" \/><\/a><a href=\"https:\/\/fb.me\/raed.academy\" target=\"_blank\" rel=\"noopener\"><img decoding=\"async\" src=\"\/wp-content\/uploads\/2017\/02\/fb.png\" \/><\/a><a href=\"https:\/\/twitter.com\/raedacademy\" target=\"_blank\" rel=\"noopener\"><img decoding=\"async\" src=\"https:\/\/raed.academy\/wp-content\/uploads\/2017\/02\/twitter3d.png\" \/><\/a><\/div>\n<\/div>\n<hr \/>\n<h2>PREMSA GENERAL ESPANYOLA<\/h2>\n<ul>\n<li>\n<h3><a href=\"https:\/\/www.abc.es\/\" target=\"_blank\" rel=\"noopener\">ABC<\/a><\/h3>\n<\/li>\n<li>\n<h3><a href=\"https:\/\/www.efe.es\/\" target=\"_blank\" rel=\"noopener\">Agencia Efe<\/a><\/h3>\n<\/li>\n<li>\n<h3><a href=\"https:\/\/www.elmundo.es\/\" target=\"_blank\" rel=\"noopener\">El Mundo<\/a><\/h3>\n<\/li>\n<li>\n<h3><a href=\"https:\/\/www.elpais.es\/\" target=\"_blank\" rel=\"noopener\">El Pa\u00eds<\/a><\/h3>\n<\/li>\n<li>\n<h3><a href=\"https:\/\/www.elperiodico.es\/\" target=\"_blank\" rel=\"noopener\">El Peri\u00f3dico de Catalunya<\/a><\/h3>\n<\/li>\n<li>\n<h3><a href=\"https:\/\/www.larazon.es\/\" target=\"_blank\" rel=\"noopener\">La Raz\u00f3n<\/a><\/h3>\n<\/li>\n<li>\n<h3><a href=\"https:\/\/www.lavanguardia.es\/\" target=\"_blank\" rel=\"noopener\">La Vanguardia<\/a><\/h3>\n<\/li>\n<\/ul>\n<h2>PREMSA GENERAL INTERNACIONAL<\/h2>\n<ul>\n<li>\n<h3><a href=\"https:\/\/www.cnnenespanol.com\/\" target=\"_blank\" rel=\"noopener\">CNN en espa\u00f1ol (Estados Unidos)<\/a><\/h3>\n<\/li>\n<li>\n<h3><a href=\"https:\/\/www.corriere.it\/\" target=\"_blank\" rel=\"noopener\">Corriere della Sera (Italia)<\/a><\/h3>\n<\/li>\n<li>\n<h3><a href=\"https:\/\/www.faz.net\/\" target=\"_blank\" rel=\"noopener\">Frankfurter Allgemeine Zeitung (Alemania)<\/a><\/h3>\n<\/li>\n<li>\n<h3><a href=\"https:\/\/www.repubblica.it\/\" target=\"_blank\" rel=\"noopener\">La Repubblica (Italia)<\/a><\/h3>\n<\/li>\n<li>\n<h3><a href=\"https:\/\/www.lemonde.fr\/\" target=\"_blank\" rel=\"noopener\">Le Monde (Francia)<\/a><\/h3>\n<\/li>\n<li>\n<h3><a href=\"https:\/\/www.lesoir.be\/\" target=\"_blank\" rel=\"noopener\">Le Soir (B\u00e9lgica)<\/a><\/h3>\n<\/li>\n<li>\n<h3><a href=\"https:\/\/www.latimes.com\/\" target=\"_blank\" rel=\"noopener\">Los Angeles Times (Estados Unidos)<\/a><\/h3>\n<\/li>\n<li>\n<h3><a href=\"https:\/\/www.nzz.ch\/\" target=\"_blank\" rel=\"noopener\">Neue Z\u00fcrcher Zeitung (Suiza)<\/a><\/h3>\n<\/li>\n<li>\n<h3><a href=\"https:\/\/www.pobjeda.co.me\/\" target=\"_blank\" rel=\"noopener\">Pobjeda (Montenegro)<\/a><\/h3>\n<\/li>\n<li>\n<h3><a href=\"https:\/\/www.nyt.com\/\" target=\"_blank\" rel=\"noopener\">The New York Times (Estados Unidos)<\/a><\/h3>\n<\/li>\n<li>\n<h3><a href=\"https:\/\/www.usnews.com\/\" target=\"_blank\" rel=\"noopener\">US News<\/a><\/h3>\n<\/li>\n<li>\n<h3><a href=\"https:\/\/www.washingtonpost.com\/\" target=\"_blank\" rel=\"noopener\">Washington Post (Estados Unidos)<\/a><\/h3>\n<\/li>\n<\/ul>\n<h2>PREMSA ECON\u00d3MICA INTERNACIONAL<\/h2>\n<ul>\n<li>\n<h3><a href=\"https:\/\/www.ft.com\/\" target=\"_blank\" rel=\"noopener\">Financial Times (Estados Unidos)<\/a><\/h3>\n<\/li>\n<li>\n<h3><a href=\"https:\/\/www.handelsblatt.com\/\" target=\"_blank\" rel=\"noopener\">Handelsblatt (Alemania)<\/a><\/h3>\n<\/li>\n<li>\n<h3><a href=\"https:\/\/www.economist.com\/\" target=\"_blank\" rel=\"noopener\">The Economist (Estados Unidos)<\/a><\/h3>\n<\/li>\n<li>\n<h3><a href=\"https:\/\/www.wsj.com\/\" target=\"_blank\" rel=\"noopener\">The Wall Street Journal (Estados Unidos)<\/a><\/h3>\n<\/li>\n<\/ul>\n<h2>PREMSA ECON\u00d3MICA ESPANYOLA<\/h2>\n<ul>\n<li>\n<h3><a href=\"https:\/\/www.actualidad-economica.com\/\" target=\"_blank\" rel=\"noopener\">Actualidad Econ\u00f3mica<\/a><\/h3>\n<\/li>\n<li>\n<h3><a href=\"https:\/\/www.cincodias.es\/\" target=\"_blank\" rel=\"noopener\">Cinco D\u00edas<\/a><\/h3>\n<\/li>\n<li>\n<h3><a href=\"https:\/\/www.eleconomista.es\/\" target=\"_blank\" rel=\"noopener\">El Economista<\/a><\/h3>\n<\/li>\n<li>\n<h3><a href=\"https:\/\/www.expansion.com\/\" target=\"_blank\" rel=\"noopener\">Expansi\u00f3n<\/a><\/h3>\n<\/li>\n<li>\n<h3><a href=\"https:\/\/www.negocios.com\/\" target=\"_blank\" rel=\"noopener\">Gaceta de los Negocios<\/a><\/h3>\n<\/li>\n<\/ul>\n<h2>EDITORIALS ESPANYOLES<\/h2>\n<ul>\n<li>\n<h3><a href=\"https:\/\/www.planetadelibros.com\/editorial-alienta-editorial-15.html\" target=\"_blank\" rel=\"noopener\">Alienta Editorial (Grupo Planeta)<\/a><\/h3>\n<\/li>\n<li>\n<h3><a href=\"https:\/\/www.aranzadi.es\/\" target=\"_blank\" rel=\"noopener\">Aranzadi<\/a><\/h3>\n<\/li>\n<li>\n<h3><a href=\"https:\/\/www.bosch.es\/\" target=\"_blank\" rel=\"noopener\">Bosch<\/a><\/h3>\n<\/li>\n<li>\n<h3><a href=\"https:\/\/www.cisspraxis.es\/\" target=\"_blank\" rel=\"noopener\">Cisspraxis<\/a><\/h3>\n<\/li>\n<li>\n<h3><a href=\"https:\/\/www.diazdesantos.es\/\" target=\"_blank\" rel=\"noopener\">D\u00edaz de Santos Ediciones<\/a><\/h3>\n<\/li>\n<li>\n<h3><a href=\"https:\/\/www.planetadelibros.com\/editorial-deusto-14.html\" target=\"_blank\" rel=\"noopener\">Ediciones Deusto (Grupo Planeta)<\/a><\/h3>\n<\/li>\n<li>\n<h3><a href=\"https:\/\/www.empresaactiva.com\/\" target=\"_blank\" rel=\"noopener\">Empresa Activa (Grupo Urano)<\/a><\/h3>\n<\/li>\n<li>\n<h3><a href=\"https:\/\/www.esic.edu\/editorial\" target=\"_blank\" rel=\"noopener\">ESIC Editorial<\/a><\/h3>\n<\/li>\n<li>\n<h3><a href=\"https:\/\/www.planetadelibros.com\/editorial-gestion-2000-13.html\" target=\"_blank\" rel=\"noopener\">Gesti\u00f3n 2000 (Grupo Planeta)<\/a><\/h3>\n<\/li>\n<li>\n<h3><a href=\"https:\/\/www.anaya.es\/\" target=\"_blank\" rel=\"noopener\">Grupo Anaya<\/a><\/h3>\n<\/li>\n<li>\n<h3><a href=\"https:\/\/www.laley.es\/\" target=\"_blank\" rel=\"noopener\">La Ley (Grupo Wolters Kluwer)<\/a><\/h3>\n<\/li>\n<li>\n<h3><a href=\"https:\/\/www.lexnova.es\/\" target=\"_blank\" rel=\"noopener\">Lex Nova<\/a><\/h3>\n<\/li>\n<li>\n<h3><a href=\"https:\/\/www.lideditorial.com\/\" target=\"_blank\" rel=\"noopener\">Lid Editorial<\/a><\/h3>\n<\/li>\n<li>\n<h3><a href=\"https:\/\/obrasocial.lacaixa.es\/ambitos\/estudiossociales\/estudiossociales_es.html\" target=\"_blank\" rel=\"noopener\">Obra Social La Caixa. Colecci\u00f3n Estudios Sociales<\/a><\/h3>\n<\/li>\n<li>\n<h3><a href=\"https:\/\/www.tecnos.es\/\" target=\"_blank\" rel=\"noopener\">Tecnos<\/a><\/h3>\n<\/li>\n<\/ul>\n<h2>EDITORIALS ESTRANGERES<\/h2>\n<ul>\n<li>\n<h3><a href=\"https:\/\/www.efl.es\/\" target=\"_blank\" rel=\"noopener\">Editorial Francis Lefebvre<\/a><\/h3>\n<\/li>\n<li>\n<h3><a href=\"https:\/\/www.ear.ro\/\" target=\"_blank\" rel=\"noopener\">Editura Academiei Rom\u00e2ne<\/a><\/h3>\n<\/li>\n<li>\n<h3><a href=\"https:\/\/www.editorialbcn.com\/\" target=\"_blank\" rel=\"noopener\">Furtwangen editores<\/a><\/h3>\n<\/li>\n<li>\n<h3><a href=\"https:\/\/www.mcgraw-hill.es\/\" target=\"_blank\" rel=\"noopener\">McGraw Hill<\/a><\/h3>\n<\/li>\n<\/ul>\n","protected":false},"excerpt":{"rendered":"<p>PREMSA GENERAL ESPANYOLA ABC Agencia Efe El Mundo El Pa\u00eds El Peri\u00f3dico de Catalunya La Raz\u00f3n La Vanguardia PREMSA GENERAL INTERNACIONAL CNN en espa\u00f1ol (Estados Unidos) Corriere della Sera (Italia) Frankfurter Allgemeine Zeitung (Alemania) La Repubblica (Italia) Le Monde (Francia) Le Soir (B\u00e9lgica) Los Angeles Times (Estados Unidos) Neue Z\u00fcrcher Zeitung (Suiza) Pobjeda (Montenegro) The [&hellip;]<\/p>\n","protected":false},"author":16,"featured_media":0,"parent":0,"menu_order":0,"comment_status":"closed","ping_status":"closed","template":"","meta":{"_et_pb_use_builder":"","_et_pb_old_content":"","_et_gb_content_width":"","footnotes":""},"class_list":["post-713","page","type-page","status-publish","hentry"],"yoast_head":"<!-- This site is optimized with the Yoast SEO plugin v27.3 - https:\/\/yoast.com\/product\/yoast-seo-wordpress\/ -->\n<title>EDITORIAL I PREMSA - Reial Acad\u00e8mia Europea de Doctors<\/title>\n<meta name=\"robots\" content=\"index, follow, max-snippet:-1, max-image-preview:large, max-video-preview:-1\" \/>\n<link rel=\"canonical\" href=\"https:\/\/raed.academy\/ca\/editorial-i-premsa\/\" \/>\n<meta property=\"og:locale\" content=\"ca_ES\" \/>\n<meta property=\"og:type\" content=\"article\" \/>\n<meta property=\"og:title\" content=\"EDITORIAL I PREMSA - Reial Acad\u00e8mia Europea de Doctors\" \/>\n<meta property=\"og:description\" content=\"PREMSA GENERAL ESPANYOLA ABC Agencia Efe El Mundo El Pa\u00eds El Peri\u00f3dico de Catalunya La Raz\u00f3n La Vanguardia PREMSA GENERAL INTERNACIONAL CNN en espa\u00f1ol (Estados Unidos) Corriere della Sera (Italia) Frankfurter Allgemeine Zeitung (Alemania) La Repubblica (Italia) Le Monde (Francia) Le Soir (B\u00e9lgica) Los Angeles Times (Estados Unidos) Neue Z\u00fcrcher Zeitung (Suiza) Pobjeda (Montenegro) The [&hellip;]\" \/>\n<meta property=\"og:url\" content=\"https:\/\/raed.academy\/ca\/editorial-i-premsa\/\" \/>\n<meta property=\"og:site_name\" content=\"Reial Acad\u00e8mia Europea de Doctors\" \/>\n<meta property=\"article:publisher\" content=\"http:\/\/fb.me\/raed.academy\" \/>\n<meta property=\"article:modified_time\" content=\"2017-08-01T16:40:51+00:00\" \/>\n<meta property=\"og:image\" content=\"https:\/\/raed.academy\/wp-content\/uploads\/2016\/12\/Youtube_icon.png\" \/>\n<meta name=\"twitter:card\" content=\"summary_large_image\" \/>\n<meta name=\"twitter:site\" content=\"@raedacademy\" \/>\n<meta name=\"twitter:label1\" content=\"Est. reading time\" \/>\n\t<meta name=\"twitter:data1\" content=\"1 minute\" \/>\n<script type=\"application\/ld+json\" class=\"yoast-schema-graph\">{\"@context\":\"https:\\\/\\\/schema.org\",\"@graph\":[{\"@type\":\"WebPage\",\"@id\":\"https:\\\/\\\/raed.academy\\\/ca\\\/editorial-i-premsa\\\/\",\"url\":\"https:\\\/\\\/raed.academy\\\/ca\\\/editorial-i-premsa\\\/\",\"name\":\"EDITORIAL I PREMSA - Reial Acad\u00e8mia Europea de Doctors\",\"isPartOf\":{\"@id\":\"https:\\\/\\\/raed.academy\\\/ca\\\/#website\"},\"primaryImageOfPage\":{\"@id\":\"https:\\\/\\\/raed.academy\\\/ca\\\/editorial-i-premsa\\\/#primaryimage\"},\"image\":{\"@id\":\"https:\\\/\\\/raed.academy\\\/ca\\\/editorial-i-premsa\\\/#primaryimage\"},\"thumbnailUrl\":\"https:\\\/\\\/raed.academy\\\/wp-content\\\/uploads\\\/2016\\\/12\\\/Youtube_icon.png\",\"datePublished\":\"2015-03-19T19:40:35+00:00\",\"dateModified\":\"2017-08-01T16:40:51+00:00\",\"breadcrumb\":{\"@id\":\"https:\\\/\\\/raed.academy\\\/ca\\\/editorial-i-premsa\\\/#breadcrumb\"},\"inLanguage\":\"ca-ES\",\"potentialAction\":[{\"@type\":\"ReadAction\",\"target\":[\"https:\\\/\\\/raed.academy\\\/ca\\\/editorial-i-premsa\\\/\"]}]},{\"@type\":\"ImageObject\",\"inLanguage\":\"ca-ES\",\"@id\":\"https:\\\/\\\/raed.academy\\\/ca\\\/editorial-i-premsa\\\/#primaryimage\",\"url\":\"https:\\\/\\\/raed.academy\\\/wp-content\\\/uploads\\\/2016\\\/12\\\/Youtube_icon.png\",\"contentUrl\":\"https:\\\/\\\/raed.academy\\\/wp-content\\\/uploads\\\/2016\\\/12\\\/Youtube_icon.png\"},{\"@type\":\"BreadcrumbList\",\"@id\":\"https:\\\/\\\/raed.academy\\\/ca\\\/editorial-i-premsa\\\/#breadcrumb\",\"itemListElement\":[{\"@type\":\"ListItem\",\"position\":1,\"name\":\"Inicio\",\"item\":\"https:\\\/\\\/raed.academy\\\/ca\\\/\"},{\"@type\":\"ListItem\",\"position\":2,\"name\":\"EDITORIAL I PREMSA\"}]},{\"@type\":\"WebSite\",\"@id\":\"https:\\\/\\\/raed.academy\\\/ca\\\/#website\",\"url\":\"https:\\\/\\\/raed.academy\\\/ca\\\/\",\"name\":\"Reial Acad\u00e8mia Europea de Doctors\",\"description\":\"Corporaci\u00f3n de derecho p\u00fablico de car\u00e1cter cient\u00edfico, t\u00e9cnico y art\u00edstico, que tiene por objeto la investigaci\u00f3n, el estudio, el fomento y la extensi\u00f3n del conocimiento en su sentido m\u00e1s amplio\",\"publisher\":{\"@id\":\"https:\\\/\\\/raed.academy\\\/ca\\\/#organization\"},\"potentialAction\":[{\"@type\":\"SearchAction\",\"target\":{\"@type\":\"EntryPoint\",\"urlTemplate\":\"https:\\\/\\\/raed.academy\\\/ca\\\/?s={search_term_string}\"},\"query-input\":{\"@type\":\"PropertyValueSpecification\",\"valueRequired\":true,\"valueName\":\"search_term_string\"}}],\"inLanguage\":\"ca-ES\"},{\"@type\":\"Organization\",\"@id\":\"https:\\\/\\\/raed.academy\\\/ca\\\/#organization\",\"name\":\"Real Academia Europea de Doctores\",\"url\":\"https:\\\/\\\/raed.academy\\\/ca\\\/\",\"logo\":{\"@type\":\"ImageObject\",\"inLanguage\":\"ca-ES\",\"@id\":\"https:\\\/\\\/raed.academy\\\/ca\\\/#\\\/schema\\\/logo\\\/image\\\/\",\"url\":\"https:\\\/\\\/raed.academy\\\/wp-content\\\/uploads\\\/2017\\\/01\\\/cropped-logo_raed.png\",\"contentUrl\":\"https:\\\/\\\/raed.academy\\\/wp-content\\\/uploads\\\/2017\\\/01\\\/cropped-logo_raed.png\",\"width\":512,\"height\":512,\"caption\":\"Real Academia Europea de Doctores\"},\"image\":{\"@id\":\"https:\\\/\\\/raed.academy\\\/ca\\\/#\\\/schema\\\/logo\\\/image\\\/\"},\"sameAs\":[\"http:\\\/\\\/fb.me\\\/raed.academy\",\"https:\\\/\\\/x.com\\\/raedacademy\",\"https:\\\/\\\/www.instagram.com\\\/raed.academy\\\/\",\"https:\\\/\\\/www.youtube.com\\\/channel\\\/UCUYQwW2KrdirNWihxMDObwg\"]}]}<\/script>\n<!-- \/ Yoast SEO plugin. -->","yoast_head_json":{"title":"EDITORIAL I PREMSA - Reial Acad\u00e8mia Europea de Doctors","robots":{"index":"index","follow":"follow","max-snippet":"max-snippet:-1","max-image-preview":"max-image-preview:large","max-video-preview":"max-video-preview:-1"},"canonical":"https:\/\/raed.academy\/ca\/editorial-i-premsa\/","og_locale":"ca_ES","og_type":"article","og_title":"EDITORIAL I PREMSA - Reial Acad\u00e8mia Europea de Doctors","og_description":"PREMSA GENERAL ESPANYOLA ABC Agencia Efe El Mundo El Pa\u00eds El Peri\u00f3dico de Catalunya La Raz\u00f3n La Vanguardia PREMSA GENERAL INTERNACIONAL CNN en espa\u00f1ol (Estados Unidos) Corriere della Sera (Italia) Frankfurter Allgemeine Zeitung (Alemania) La Repubblica (Italia) Le Monde (Francia) Le Soir (B\u00e9lgica) Los Angeles Times (Estados Unidos) Neue Z\u00fcrcher Zeitung (Suiza) Pobjeda (Montenegro) The [&hellip;]","og_url":"https:\/\/raed.academy\/ca\/editorial-i-premsa\/","og_site_name":"Reial Acad\u00e8mia Europea de Doctors","article_publisher":"http:\/\/fb.me\/raed.academy","article_modified_time":"2017-08-01T16:40:51+00:00","og_image":[{"url":"https:\/\/raed.academy\/wp-content\/uploads\/2016\/12\/Youtube_icon.png","type":"","width":"","height":""}],"twitter_card":"summary_large_image","twitter_site":"@raedacademy","twitter_misc":{"Est. reading time":"1 minute"},"schema":{"@context":"https:\/\/schema.org","@graph":[{"@type":"WebPage","@id":"https:\/\/raed.academy\/ca\/editorial-i-premsa\/","url":"https:\/\/raed.academy\/ca\/editorial-i-premsa\/","name":"EDITORIAL I PREMSA - Reial Acad\u00e8mia Europea de Doctors","isPartOf":{"@id":"https:\/\/raed.academy\/ca\/#website"},"primaryImageOfPage":{"@id":"https:\/\/raed.academy\/ca\/editorial-i-premsa\/#primaryimage"},"image":{"@id":"https:\/\/raed.academy\/ca\/editorial-i-premsa\/#primaryimage"},"thumbnailUrl":"https:\/\/raed.academy\/wp-content\/uploads\/2016\/12\/Youtube_icon.png","datePublished":"2015-03-19T19:40:35+00:00","dateModified":"2017-08-01T16:40:51+00:00","breadcrumb":{"@id":"https:\/\/raed.academy\/ca\/editorial-i-premsa\/#breadcrumb"},"inLanguage":"ca-ES","potentialAction":[{"@type":"ReadAction","target":["https:\/\/raed.academy\/ca\/editorial-i-premsa\/"]}]},{"@type":"ImageObject","inLanguage":"ca-ES","@id":"https:\/\/raed.academy\/ca\/editorial-i-premsa\/#primaryimage","url":"https:\/\/raed.academy\/wp-content\/uploads\/2016\/12\/Youtube_icon.png","contentUrl":"https:\/\/raed.academy\/wp-content\/uploads\/2016\/12\/Youtube_icon.png"},{"@type":"BreadcrumbList","@id":"https:\/\/raed.academy\/ca\/editorial-i-premsa\/#breadcrumb","itemListElement":[{"@type":"ListItem","position":1,"name":"Inicio","item":"https:\/\/raed.academy\/ca\/"},{"@type":"ListItem","position":2,"name":"EDITORIAL I PREMSA"}]},{"@type":"WebSite","@id":"https:\/\/raed.academy\/ca\/#website","url":"https:\/\/raed.academy\/ca\/","name":"Reial Acad\u00e8mia Europea de Doctors","description":"Corporaci\u00f3n de derecho p\u00fablico de car\u00e1cter cient\u00edfico, t\u00e9cnico y art\u00edstico, que tiene por objeto la investigaci\u00f3n, el estudio, el fomento y la extensi\u00f3n del conocimiento en su sentido m\u00e1s amplio","publisher":{"@id":"https:\/\/raed.academy\/ca\/#organization"},"potentialAction":[{"@type":"SearchAction","target":{"@type":"EntryPoint","urlTemplate":"https:\/\/raed.academy\/ca\/?s={search_term_string}"},"query-input":{"@type":"PropertyValueSpecification","valueRequired":true,"valueName":"search_term_string"}}],"inLanguage":"ca-ES"},{"@type":"Organization","@id":"https:\/\/raed.academy\/ca\/#organization","name":"Real Academia Europea de Doctores","url":"https:\/\/raed.academy\/ca\/","logo":{"@type":"ImageObject","inLanguage":"ca-ES","@id":"https:\/\/raed.academy\/ca\/#\/schema\/logo\/image\/","url":"https:\/\/raed.academy\/wp-content\/uploads\/2017\/01\/cropped-logo_raed.png","contentUrl":"https:\/\/raed.academy\/wp-content\/uploads\/2017\/01\/cropped-logo_raed.png","width":512,"height":512,"caption":"Real Academia Europea de Doctores"},"image":{"@id":"https:\/\/raed.academy\/ca\/#\/schema\/logo\/image\/"},"sameAs":["http:\/\/fb.me\/raed.academy","https:\/\/x.com\/raedacademy","https:\/\/www.instagram.com\/raed.academy\/","https:\/\/www.youtube.com\/channel\/UCUYQwW2KrdirNWihxMDObwg"]}]}},"_links":{"self":[{"href":"https:\/\/raed.academy\/ca\/wp-json\/wp\/v2\/pages\/713","targetHints":{"allow":["GET"]}}],"collection":[{"href":"https:\/\/raed.academy\/ca\/wp-json\/wp\/v2\/pages"}],"about":[{"href":"https:\/\/raed.academy\/ca\/wp-json\/wp\/v2\/types\/page"}],"author":[{"embeddable":true,"href":"https:\/\/raed.academy\/ca\/wp-json\/wp\/v2\/users\/16"}],"replies":[{"embeddable":true,"href":"https:\/\/raed.academy\/ca\/wp-json\/wp\/v2\/comments?post=713"}],"version-history":[{"count":0,"href":"https:\/\/raed.academy\/ca\/wp-json\/wp\/v2\/pages\/713\/revisions"}],"wp:attachment":[{"href":"https:\/\/raed.academy\/ca\/wp-json\/wp\/v2\/media?parent=713"}],"curies":[{"name":"wp","href":"https:\/\/api.w.org\/{rel}","templated":true}]}}