{"id":711,"date":"2015-03-19T19:39:54","date_gmt":"2015-03-19T19:39:54","guid":{"rendered":"http:\/\/radd.eu\/?page_id=711"},"modified":"2017-03-27T09:47:00","modified_gmt":"2017-03-27T09:47:00","slug":"organismes","status":"publish","type":"page","link":"https:\/\/raed.academy\/ca\/organismes\/","title":{"rendered":"ORGANISMES"},"content":{"rendered":"<div class=\"menuIconos\">\n<div class=\"rSociales\"><a href=\"https:\/\/www.youtube.com\/channel\/UCUYQwW2KrdirNWihxMDObwg\" target=\"_blank\"><img decoding=\"async\" src=\"https:\/\/raed.academy\/wp-content\/uploads\/2016\/12\/Youtube_icon.png\" alt=\"Youtube\" \/><\/a><a href=\"https:\/\/fb.me\/raed.academy\" target=\"_blank\"><img decoding=\"async\" src=\"\/wp-content\/uploads\/2017\/02\/fb.png\" ><\/a><a href=\"https:\/\/twitter.com\/raedacademy\" target=\"_blank\"><img decoding=\"async\" src=\"https:\/\/raed.academy\/wp-content\/uploads\/2017\/02\/twitter3d.png\" ><\/a><\/div>\n<\/div>\n<h1>ORGANISMES<\/h1>\n<hr \/>\n<p>[fullwidth backgroundcolor=&#8221;#001033&#8243; backgroundimage=&#8221;&#8221; backgroundrepeat=&#8221;no-repeat&#8221; backgroundposition=&#8221;left top&#8221; backgroundattachment=&#8221;scroll&#8221; video_webm=&#8221;&#8221; video_mp4=&#8221;&#8221; video_ogv=&#8221;&#8221; video_preview_image=&#8221;&#8221; overlay_color=&#8221;&#8221; overlay_opacity=&#8221;0.5&#8243; video_mute=&#8221;yes&#8221; video_loop=&#8221;yes&#8221; fade=&#8221;no&#8221; bordersize=&#8221;0px&#8221; bordercolor=&#8221;&#8221; borderstyle=&#8221;solid&#8221; paddingtop=&#8221;20px&#8221; paddingbottom=&#8221;20px&#8221; paddingleft=&#8221;0px&#8221; paddingright=&#8221;0px&#8221; menu_anchor=&#8221;&#8221; equal_height_columns=&#8221;no&#8221; hundred_percent=&#8221;no&#8221; class=&#8221;&#8221; id=&#8221;&#8221;][fusion_tabs design=&#8221;clean&#8221; layout=&#8221;vertical&#8221; justified=&#8221;yes&#8221; backgroundcolor=&#8221;&#8221; inactivecolor=&#8221;#6966cc&#8221; bordercolor=&#8221;#190e82&#8243; class=&#8221;&#8221; id=&#8221;&#8221;][fusion_tab title=&#8221;L&#8217;ESTAT&#8221; icon=&#8221;&#8221;]<\/p>\n<ul>\n<li>\n<h3><a href=\"https:\/\/www.agpd.es\/\" target=\"_blank\">Agencia de Protecci\u00f3n de Datos<\/a><\/h3>\n<\/li>\n<li>\n<h3><a href=\"https:\/\/www.aeat.es\/\" target=\"_blank\">Agencia Estatal de Administraci\u00f3n Tributaria<\/a><\/h3>\n<\/li>\n<li>\n<h3><a href=\"https:\/\/www.cis.es\/\" target=\"_blank\">Centro de Investigaciones Sociol\u00f3gicas<\/a><\/h3>\n<\/li>\n<li>\n<h3><a href=\"https:\/\/www.congreso.es\/\" target=\"_blank\">Congreso de los Diputados<\/a><\/h3>\n<\/li>\n<li>\n<h3><a href=\"https:\/\/www.ces.es\/\" target=\"_blank\">Consejo Econ\u00f3mico y Social<\/a><\/h3>\n<\/li>\n<li>\n<h3><a href=\"https:\/\/www.poderjudicial.es\/\" target=\"_blank\">Consejo General del Poder Judicial<\/a><\/h3>\n<\/li>\n<li>\n<h3><a href=\"https:\/\/www.mjusticia.es\/\" target=\"_blank\">Direcci\u00f3n General de los Registros y el Notariado<\/a><\/h3>\n<\/li>\n<li>\n<h3><a href=\"https:\/\/www.ipyme.org\/\" target=\"_blank\">Direcci\u00f3n General de Pol\u00edtica de la Pyme<\/a><\/h3>\n<\/li>\n<li>\n<h3><a href=\"https:\/\/www.meh.es\/dgs\" target=\"_blank\">Direcci\u00f3n General de Seguros<\/a><\/h3>\n<\/li>\n<li>\n<h3><a href=\"https:\/\/www.fnmt.es\/\" target=\"_blank\">F\u00e1brica Nacional de Moneda y Timbre<\/a><\/h3>\n<\/li>\n<li>\n<h3><a href=\"https:\/\/www.icac.meh.es\/\" target=\"_blank\">Instituto de Contabilidad y Auditor\u00eda de Cuentas<\/a><\/h3>\n<\/li>\n<li>\n<h3><a href=\"https:\/\/www.ico.es\/\" target=\"_blank\">Instituto de Cr\u00e9dito Oficial<\/a><\/h3>\n<\/li>\n<li>\n<h3><a href=\"https:\/\/www.ief.es\/\" target=\"_blank\">Instituto de Estudios Fiscales<\/a><\/h3>\n<\/li>\n<li>\n<h3><a href=\"https:\/\/www.icex.es\/\" target=\"_blank\">Instituto Espa\u00f1ol de Comercio Exterior<\/a><\/h3>\n<\/li>\n<li>\n<h3><a href=\"https:\/\/www.inem.es\/\" target=\"_blank\">Instituto Nacional de Empleo<\/a><\/h3>\n<\/li>\n<li>\n<h3><a href=\"https:\/\/www.ine.es\/\" target=\"_blank\">Instituto Nacional de Estad\u00edstica<\/a><\/h3>\n<\/li>\n<li>\n<h3><a href=\"https:\/\/www.mtas.es\/\" target=\"_blank\">Instituto Nacional de Seguridad e Higiene en el Trabajo<\/a><\/h3>\n<\/li>\n<li>\n<h3><a href=\"https:\/\/www.casareal.es\/casareal\/home.html\" target=\"_blank\">Jefatura del Estado<\/a><\/h3>\n<\/li>\n<li>\n<h3><a href=\"https:\/\/www.oepm.es\/\" target=\"_blank\">Oficina Espa\u00f1ola de Patentes y Marcas<\/a><\/h3>\n<\/li>\n<li>\n<h3><a href=\"https:\/\/www.registradores.org\/\" target=\"_blank\">Registros Mercantiles y de la Propiedad<\/a><\/h3>\n<\/li>\n<li>\n<h3><a href=\"https:\/\/www.mcx.es\/\" target=\"_blank\">Secretaria del Estado de Comercio y Turismo<\/a><\/h3>\n<\/li>\n<li>\n<h3><a href=\"https:\/\/www.seg-social.es\/\" target=\"_blank\">Seguridad Social<\/a><\/h3>\n<\/li>\n<li>\n<h3><a href=\"https:\/\/www.senado.es\/\" target=\"_blank\">Senado<\/a><\/h3>\n<\/li>\n<li>\n<h3><a href=\"https:\/\/www.sepi.es\/\" target=\"_blank\">Sociedad Estatal de Participaciones Industriales<\/a><\/h3>\n<\/li>\n<li>\n<h3><a href=\"https:\/\/www.tribunalconstitucional.es\/\" target=\"_blank\">Tribunal Constitucional<\/a><\/h3>\n<\/li>\n<li>\n<h3><a href=\"https:\/\/www.tcu.es\/\" target=\"_blank\">Tribunal de Cuentas<\/a><\/h3>\n<\/li>\n<\/ul>\n<p>[\/fusion_tab][fusion_tab title=&#8221;ITERNACIONALS&#8221; icon=&#8221;&#8221;]<\/p>\n<ul>\n<li>\n<h3><a href=\"https:\/\/www.eea.eu\/\" target=\"_blank\">Agencia Europea de Medio Ambiente<\/a><\/h3>\n<\/li>\n<li>\n<h3><a href=\"https:\/\/assembly.coe.int\/\" target=\"_blank\">Asamblea Parlamentaria del Consejo de Europa<\/a><\/h3>\n<\/li>\n<li>\n<h3><a href=\"https:\/\/www.ecb.int\/ecb\/html\/index.es.html\" target=\"_blank\">Banco Central Europeo<\/a><\/h3>\n<\/li>\n<li>\n<h3><a href=\"https:\/\/www.bancomundial.org\/\" target=\"_blank\">Banco Mundial<\/a><\/h3>\n<\/li>\n<li>\n<h3><a href=\"https:\/\/www.uv.es\/cde\" target=\"_blank\">Centro de Documentaci\u00f3n Europea<\/a><\/h3>\n<\/li>\n<li>\n<h3><a href=\"https:\/\/ec.europa.eu\/index_es.htm\" target=\"_blank\">Comisi\u00f3n Europea<\/a><\/h3>\n<\/li>\n<li>\n<h3><a href=\"https:\/\/www.consilium.europa.eu\/showPage.aspx\" target=\"_blank\">Consejo de la Uni\u00f3n Europea<\/a><\/h3>\n<\/li>\n<li>\n<h3><a href=\"https:\/\/publications.europa.eu\/official\/index_es.htm\" target=\"_blank\">DO-Diario Oficial de la Uni\u00f3n Europea<\/a><\/h3>\n<\/li>\n<li>\n<h3><a href=\"https:\/\/www.euro-info.org.uk\/\" target=\"_blank\">Euro Info Centres<\/a><\/h3>\n<\/li>\n<li>\n<h3><a href=\"https:\/\/ec.europa.eu\/eurostat\" target=\"_blank\">Eurostat<\/a><\/h3>\n<\/li>\n<li>\n<h3><a href=\"https:\/\/www.jean-monnet.ch\/\" target=\"_blank\">Fondation Jean Monnet pour l&#8217;Europe<\/a><\/h3>\n<\/li>\n<li>\n<h3><a href=\"https:\/\/www.imf.org\/\" target=\"_blank\">Fondo Monetario Internacional<\/a><\/h3>\n<\/li>\n<li>\n<h3><a href=\"https:\/\/www.ifri.org\/\" target=\"_blank\">Institut fran\u00e7ais des relations internationales (IFRI)<\/a><\/h3>\n<\/li>\n<li>\n<h3><a href=\"https:\/\/www.un.org\/\" target=\"_blank\">Naciones Unidas<\/a><\/h3>\n<\/li>\n<li>\n<h3><a href=\"https:\/\/www.wto.org\/\" target=\"_blank\">Organizaci\u00f3n Mundial del Comercio<\/a><\/h3>\n<\/li>\n<li>\n<h3><a href=\"https:\/\/www.oecd.org\/\" target=\"_blank\">Organizaci\u00f3n para la Cooperaci\u00f3n y el Desarrollo Econ\u00f3mico<\/a><\/h3>\n<\/li>\n<li>\n<h3><a href=\"https:\/\/www.europarl.es\/\" target=\"_blank\">Parlamento Europeo<\/a><\/h3>\n<\/li>\n<li>\n<h3><a href=\"https:\/\/www.eurosai.org\/\" target=\"_blank\">Tribunal de Cuentas Europeo<\/a><\/h3>\n<\/li>\n<li>\n<h3><a href=\"https:\/\/www.curia.eu.int\/\" target=\"_blank\">Tribunal de Justicia de las Comunidades Europeas<\/a><\/h3>\n<\/li>\n<li>\n<h3><a href=\"https:\/\/www.unesco.org\/general\/spa\/index.html\" target=\"_blank\">Unesco<\/a><\/h3>\n<\/li>\n<li>\n<h3><a href=\"https:\/\/www.europa.eu\/\" target=\"_blank\">Uni\u00f3n Europea<\/a><\/h3>\n<\/li>\n<li>\n<h3><a href=\"https:\/\/www.ufmsecretariat.org\/en\/\" target=\"_blank\">Union for the Mediterranean<\/a><\/h3>\n<\/li>\n<\/ul>\n<p>[\/fusion_tab][fusion_tab title=&#8221;ENTITATS COL.LABORADORES&#8221; icon=&#8221;&#8221;]<\/p>\n<ul>\n<li>\n<h3><a href=\"https:\/\/www.mepsyd.es\/\" target=\"_blank\">Ministerio de Educaci\u00f3n, Pol\u00edtica Social y Deporte<\/a><\/h3>\n<\/li>\n<\/ul>\n<p>[\/fusion_tab][fusion_tab title=&#8221;ADMINITRACI\u00d3 GENERAL DE L&#8217;ESTAT&#8221; icon=&#8221;&#8221;]<\/p>\n<ul>\n<li>\n<h3><a href=\"https:\/\/www.map.es\/\" target=\"_blank\">Ministerio de Administraciones P\u00fablicas<\/a><\/h3>\n<\/li>\n<li>\n<h3><a href=\"https:\/\/www.mapya.es\/\" target=\"_blank\">Ministerio de Agricultura y Pesca<\/a><\/h3>\n<\/li>\n<li>\n<h3><a href=\"https:\/\/www.maec.es\/\" target=\"_blank\">Ministerio de Asuntos Exteriores y de Cooperaci\u00f3n<\/a><\/h3>\n<\/li>\n<li>\n<h3><a href=\"https:\/\/www.micinn.es\/\" target=\"_blank\">Ministerio de Ciencia e Innovaci\u00f3n<\/a><\/h3>\n<\/li>\n<li>\n<h3><a href=\"https:\/\/www.mcu.es\/\" target=\"_blank\">Ministerio de Cultura<\/a><\/h3>\n<\/li>\n<li>\n<h3><a href=\"https:\/\/www.mde.es\/\" target=\"_blank\">Ministerio de Defensa<\/a><\/h3>\n<\/li>\n<li>\n<h3><a href=\"https:\/\/www.meh.es\/\" target=\"_blank\">Ministerio de Econom\u00eda y Hacienda<\/a><\/h3>\n<\/li>\n<li>\n<h3><a href=\"https:\/\/www.mepsyd.es\/\" target=\"_blank\">Ministerio de Educaci\u00f3n, Pol\u00edtica Social y Deporte<\/a><\/h3>\n<\/li>\n<li>\n<h3><a href=\"https:\/\/www.fomento.es\/\" target=\"_blank\">Ministerio de Fomento<\/a><\/h3>\n<\/li>\n<li>\n<h3><a href=\"https:\/\/www.migualdad.es\/\" target=\"_blank\">Ministerio de Igualdad<\/a><\/h3>\n<\/li>\n<li>\n<h3><a href=\"https:\/\/www.mityc.es\/\" target=\"_blank\">Ministerio de Industria, Turismo y Comercio<\/a><\/h3>\n<\/li>\n<li>\n<h3><a href=\"https:\/\/www.mjusticia.es\/\" target=\"_blank\">Ministerio de Justicia<\/a><\/h3>\n<\/li>\n<li>\n<h3><a href=\"https:\/\/www.mpr.es\/\" target=\"_blank\">Ministerio de la Presidencia<\/a><\/h3>\n<\/li>\n<li>\n<h3><a href=\"https:\/\/www.marm.es\/\" target=\"_blank\">Ministerio de Medio Ambiente, Medio Rural y Marino<\/a><\/h3>\n<\/li>\n<li>\n<h3><a href=\"https:\/\/www.msc.es\/\" target=\"_blank\">Ministerio de Sanidad y Consumo<\/a><\/h3>\n<\/li>\n<li>\n<h3><a href=\"https:\/\/www.mtas.es\/\" target=\"_blank\">Ministerio de Trabajo e Inmigraci\u00f3n<\/a><\/h3>\n<\/li>\n<li>\n<h3><a href=\"https:\/\/www.viv.es\/\" target=\"_blank\">Ministerio de Vivienda<\/a><\/h3>\n<\/li>\n<li>\n<h3><a href=\"https:\/\/www.mir.es\/\" target=\"_blank\">Ministerio del Interior<\/a><\/h3>\n<\/li>\n<li>\n<h3><a href=\"https:\/\/www.la-moncloa.es\/\" target=\"_blank\">Presidencia del Gobierno<\/a><\/h3>\n<\/li>\n<\/ul>\n<p>[\/fusion_tab][\/fusion_tabs][\/fullwidth]<\/p>\n","protected":false},"excerpt":{"rendered":"<p>ORGANISMES [fullwidth backgroundcolor=&#8221;#001033&#8243; backgroundimage=&#8221;&#8221; backgroundrepeat=&#8221;no-repeat&#8221; backgroundposition=&#8221;left top&#8221; backgroundattachment=&#8221;scroll&#8221; video_webm=&#8221;&#8221; video_mp4=&#8221;&#8221; video_ogv=&#8221;&#8221; video_preview_image=&#8221;&#8221; overlay_color=&#8221;&#8221; overlay_opacity=&#8221;0.5&#8243; video_mute=&#8221;yes&#8221; video_loop=&#8221;yes&#8221; fade=&#8221;no&#8221; bordersize=&#8221;0px&#8221; bordercolor=&#8221;&#8221; borderstyle=&#8221;solid&#8221; paddingtop=&#8221;20px&#8221; paddingbottom=&#8221;20px&#8221; paddingleft=&#8221;0px&#8221; paddingright=&#8221;0px&#8221; menu_anchor=&#8221;&#8221; equal_height_columns=&#8221;no&#8221; hundred_percent=&#8221;no&#8221; class=&#8221;&#8221; id=&#8221;&#8221;][fusion_tabs design=&#8221;clean&#8221; layout=&#8221;vertical&#8221; justified=&#8221;yes&#8221; backgroundcolor=&#8221;&#8221; inactivecolor=&#8221;#6966cc&#8221; bordercolor=&#8221;#190e82&#8243; class=&#8221;&#8221; id=&#8221;&#8221;][fusion_tab title=&#8221;L&#8217;ESTAT&#8221; icon=&#8221;&#8221;] Agencia de Protecci\u00f3n de Datos Agencia Estatal de Administraci\u00f3n Tributaria Centro de Investigaciones Sociol\u00f3gicas Congreso de [&hellip;]<\/p>\n","protected":false},"author":16,"featured_media":0,"parent":0,"menu_order":0,"comment_status":"open","ping_status":"open","template":"","meta":{"_et_pb_use_builder":"","_et_pb_old_content":"","_et_gb_content_width":"","footnotes":""},"class_list":["post-711","page","type-page","status-publish","hentry"],"yoast_head":"<!-- This site is optimized with the Yoast SEO plugin v27.3 - https:\/\/yoast.com\/product\/yoast-seo-wordpress\/ -->\n<title>ORGANISMES - Reial Acad\u00e8mia Europea de Doctors<\/title>\n<meta name=\"robots\" content=\"index, follow, max-snippet:-1, max-image-preview:large, max-video-preview:-1\" \/>\n<link rel=\"canonical\" href=\"https:\/\/raed.academy\/ca\/organismes\/\" \/>\n<meta property=\"og:locale\" content=\"ca_ES\" \/>\n<meta property=\"og:type\" content=\"article\" \/>\n<meta property=\"og:title\" content=\"ORGANISMES - Reial Acad\u00e8mia Europea de Doctors\" \/>\n<meta property=\"og:description\" content=\"ORGANISMES [fullwidth backgroundcolor=&#8221;#001033&#8243; backgroundimage=&#8221;&#8221; backgroundrepeat=&#8221;no-repeat&#8221; backgroundposition=&#8221;left top&#8221; backgroundattachment=&#8221;scroll&#8221; video_webm=&#8221;&#8221; video_mp4=&#8221;&#8221; video_ogv=&#8221;&#8221; video_preview_image=&#8221;&#8221; overlay_color=&#8221;&#8221; overlay_opacity=&#8221;0.5&#8243; video_mute=&#8221;yes&#8221; video_loop=&#8221;yes&#8221; fade=&#8221;no&#8221; bordersize=&#8221;0px&#8221; bordercolor=&#8221;&#8221; borderstyle=&#8221;solid&#8221; paddingtop=&#8221;20px&#8221; paddingbottom=&#8221;20px&#8221; paddingleft=&#8221;0px&#8221; paddingright=&#8221;0px&#8221; menu_anchor=&#8221;&#8221; equal_height_columns=&#8221;no&#8221; hundred_percent=&#8221;no&#8221; class=&#8221;&#8221; id=&#8221;&#8221;][fusion_tabs design=&#8221;clean&#8221; layout=&#8221;vertical&#8221; justified=&#8221;yes&#8221; backgroundcolor=&#8221;&#8221; inactivecolor=&#8221;#6966cc&#8221; bordercolor=&#8221;#190e82&#8243; class=&#8221;&#8221; id=&#8221;&#8221;][fusion_tab title=&#8221;L&#8217;ESTAT&#8221; icon=&#8221;&#8221;] Agencia de Protecci\u00f3n de Datos Agencia Estatal de Administraci\u00f3n Tributaria Centro de Investigaciones Sociol\u00f3gicas Congreso de [&hellip;]\" \/>\n<meta property=\"og:url\" content=\"https:\/\/raed.academy\/ca\/organismes\/\" \/>\n<meta property=\"og:site_name\" content=\"Reial Acad\u00e8mia Europea de Doctors\" \/>\n<meta property=\"article:publisher\" content=\"http:\/\/fb.me\/raed.academy\" \/>\n<meta property=\"article:modified_time\" content=\"2017-03-27T09:47:00+00:00\" \/>\n<meta property=\"og:image\" content=\"https:\/\/raed.academy\/wp-content\/uploads\/2016\/12\/Youtube_icon.png\" \/>\n<meta name=\"twitter:card\" content=\"summary_large_image\" \/>\n<meta name=\"twitter:site\" content=\"@raedacademy\" \/>\n<meta name=\"twitter:label1\" content=\"Est. reading time\" \/>\n\t<meta name=\"twitter:data1\" content=\"2 minutes\" \/>\n<script type=\"application\/ld+json\" class=\"yoast-schema-graph\">{\"@context\":\"https:\\\/\\\/schema.org\",\"@graph\":[{\"@type\":\"WebPage\",\"@id\":\"https:\\\/\\\/raed.academy\\\/ca\\\/organismes\\\/\",\"url\":\"https:\\\/\\\/raed.academy\\\/ca\\\/organismes\\\/\",\"name\":\"ORGANISMES - Reial Acad\u00e8mia Europea de Doctors\",\"isPartOf\":{\"@id\":\"https:\\\/\\\/raed.academy\\\/ca\\\/#website\"},\"primaryImageOfPage\":{\"@id\":\"https:\\\/\\\/raed.academy\\\/ca\\\/organismes\\\/#primaryimage\"},\"image\":{\"@id\":\"https:\\\/\\\/raed.academy\\\/ca\\\/organismes\\\/#primaryimage\"},\"thumbnailUrl\":\"https:\\\/\\\/raed.academy\\\/wp-content\\\/uploads\\\/2016\\\/12\\\/Youtube_icon.png\",\"datePublished\":\"2015-03-19T19:39:54+00:00\",\"dateModified\":\"2017-03-27T09:47:00+00:00\",\"breadcrumb\":{\"@id\":\"https:\\\/\\\/raed.academy\\\/ca\\\/organismes\\\/#breadcrumb\"},\"inLanguage\":\"ca-ES\",\"potentialAction\":[{\"@type\":\"ReadAction\",\"target\":[\"https:\\\/\\\/raed.academy\\\/ca\\\/organismes\\\/\"]}]},{\"@type\":\"ImageObject\",\"inLanguage\":\"ca-ES\",\"@id\":\"https:\\\/\\\/raed.academy\\\/ca\\\/organismes\\\/#primaryimage\",\"url\":\"https:\\\/\\\/raed.academy\\\/wp-content\\\/uploads\\\/2016\\\/12\\\/Youtube_icon.png\",\"contentUrl\":\"https:\\\/\\\/raed.academy\\\/wp-content\\\/uploads\\\/2016\\\/12\\\/Youtube_icon.png\"},{\"@type\":\"BreadcrumbList\",\"@id\":\"https:\\\/\\\/raed.academy\\\/ca\\\/organismes\\\/#breadcrumb\",\"itemListElement\":[{\"@type\":\"ListItem\",\"position\":1,\"name\":\"Inicio\",\"item\":\"https:\\\/\\\/raed.academy\\\/ca\\\/\"},{\"@type\":\"ListItem\",\"position\":2,\"name\":\"ORGANISMES\"}]},{\"@type\":\"WebSite\",\"@id\":\"https:\\\/\\\/raed.academy\\\/ca\\\/#website\",\"url\":\"https:\\\/\\\/raed.academy\\\/ca\\\/\",\"name\":\"Reial Acad\u00e8mia Europea de Doctors\",\"description\":\"Corporaci\u00f3n de derecho p\u00fablico de car\u00e1cter cient\u00edfico, t\u00e9cnico y art\u00edstico, que tiene por objeto la investigaci\u00f3n, el estudio, el fomento y la extensi\u00f3n del conocimiento en su sentido m\u00e1s amplio\",\"publisher\":{\"@id\":\"https:\\\/\\\/raed.academy\\\/ca\\\/#organization\"},\"potentialAction\":[{\"@type\":\"SearchAction\",\"target\":{\"@type\":\"EntryPoint\",\"urlTemplate\":\"https:\\\/\\\/raed.academy\\\/ca\\\/?s={search_term_string}\"},\"query-input\":{\"@type\":\"PropertyValueSpecification\",\"valueRequired\":true,\"valueName\":\"search_term_string\"}}],\"inLanguage\":\"ca-ES\"},{\"@type\":\"Organization\",\"@id\":\"https:\\\/\\\/raed.academy\\\/ca\\\/#organization\",\"name\":\"Real Academia Europea de Doctores\",\"url\":\"https:\\\/\\\/raed.academy\\\/ca\\\/\",\"logo\":{\"@type\":\"ImageObject\",\"inLanguage\":\"ca-ES\",\"@id\":\"https:\\\/\\\/raed.academy\\\/ca\\\/#\\\/schema\\\/logo\\\/image\\\/\",\"url\":\"https:\\\/\\\/raed.academy\\\/wp-content\\\/uploads\\\/2017\\\/01\\\/cropped-logo_raed.png\",\"contentUrl\":\"https:\\\/\\\/raed.academy\\\/wp-content\\\/uploads\\\/2017\\\/01\\\/cropped-logo_raed.png\",\"width\":512,\"height\":512,\"caption\":\"Real Academia Europea de Doctores\"},\"image\":{\"@id\":\"https:\\\/\\\/raed.academy\\\/ca\\\/#\\\/schema\\\/logo\\\/image\\\/\"},\"sameAs\":[\"http:\\\/\\\/fb.me\\\/raed.academy\",\"https:\\\/\\\/x.com\\\/raedacademy\",\"https:\\\/\\\/www.instagram.com\\\/raed.academy\\\/\",\"https:\\\/\\\/www.youtube.com\\\/channel\\\/UCUYQwW2KrdirNWihxMDObwg\"]}]}<\/script>\n<!-- \/ Yoast SEO plugin. -->","yoast_head_json":{"title":"ORGANISMES - Reial Acad\u00e8mia Europea de Doctors","robots":{"index":"index","follow":"follow","max-snippet":"max-snippet:-1","max-image-preview":"max-image-preview:large","max-video-preview":"max-video-preview:-1"},"canonical":"https:\/\/raed.academy\/ca\/organismes\/","og_locale":"ca_ES","og_type":"article","og_title":"ORGANISMES - Reial Acad\u00e8mia Europea de Doctors","og_description":"ORGANISMES [fullwidth backgroundcolor=&#8221;#001033&#8243; backgroundimage=&#8221;&#8221; backgroundrepeat=&#8221;no-repeat&#8221; backgroundposition=&#8221;left top&#8221; backgroundattachment=&#8221;scroll&#8221; video_webm=&#8221;&#8221; video_mp4=&#8221;&#8221; video_ogv=&#8221;&#8221; video_preview_image=&#8221;&#8221; overlay_color=&#8221;&#8221; overlay_opacity=&#8221;0.5&#8243; video_mute=&#8221;yes&#8221; video_loop=&#8221;yes&#8221; fade=&#8221;no&#8221; bordersize=&#8221;0px&#8221; bordercolor=&#8221;&#8221; borderstyle=&#8221;solid&#8221; paddingtop=&#8221;20px&#8221; paddingbottom=&#8221;20px&#8221; paddingleft=&#8221;0px&#8221; paddingright=&#8221;0px&#8221; menu_anchor=&#8221;&#8221; equal_height_columns=&#8221;no&#8221; hundred_percent=&#8221;no&#8221; class=&#8221;&#8221; id=&#8221;&#8221;][fusion_tabs design=&#8221;clean&#8221; layout=&#8221;vertical&#8221; justified=&#8221;yes&#8221; backgroundcolor=&#8221;&#8221; inactivecolor=&#8221;#6966cc&#8221; bordercolor=&#8221;#190e82&#8243; class=&#8221;&#8221; id=&#8221;&#8221;][fusion_tab title=&#8221;L&#8217;ESTAT&#8221; icon=&#8221;&#8221;] Agencia de Protecci\u00f3n de Datos Agencia Estatal de Administraci\u00f3n Tributaria Centro de Investigaciones Sociol\u00f3gicas Congreso de [&hellip;]","og_url":"https:\/\/raed.academy\/ca\/organismes\/","og_site_name":"Reial Acad\u00e8mia Europea de Doctors","article_publisher":"http:\/\/fb.me\/raed.academy","article_modified_time":"2017-03-27T09:47:00+00:00","og_image":[{"url":"https:\/\/raed.academy\/wp-content\/uploads\/2016\/12\/Youtube_icon.png","type":"","width":"","height":""}],"twitter_card":"summary_large_image","twitter_site":"@raedacademy","twitter_misc":{"Est. reading time":"2 minutes"},"schema":{"@context":"https:\/\/schema.org","@graph":[{"@type":"WebPage","@id":"https:\/\/raed.academy\/ca\/organismes\/","url":"https:\/\/raed.academy\/ca\/organismes\/","name":"ORGANISMES - Reial Acad\u00e8mia Europea de Doctors","isPartOf":{"@id":"https:\/\/raed.academy\/ca\/#website"},"primaryImageOfPage":{"@id":"https:\/\/raed.academy\/ca\/organismes\/#primaryimage"},"image":{"@id":"https:\/\/raed.academy\/ca\/organismes\/#primaryimage"},"thumbnailUrl":"https:\/\/raed.academy\/wp-content\/uploads\/2016\/12\/Youtube_icon.png","datePublished":"2015-03-19T19:39:54+00:00","dateModified":"2017-03-27T09:47:00+00:00","breadcrumb":{"@id":"https:\/\/raed.academy\/ca\/organismes\/#breadcrumb"},"inLanguage":"ca-ES","potentialAction":[{"@type":"ReadAction","target":["https:\/\/raed.academy\/ca\/organismes\/"]}]},{"@type":"ImageObject","inLanguage":"ca-ES","@id":"https:\/\/raed.academy\/ca\/organismes\/#primaryimage","url":"https:\/\/raed.academy\/wp-content\/uploads\/2016\/12\/Youtube_icon.png","contentUrl":"https:\/\/raed.academy\/wp-content\/uploads\/2016\/12\/Youtube_icon.png"},{"@type":"BreadcrumbList","@id":"https:\/\/raed.academy\/ca\/organismes\/#breadcrumb","itemListElement":[{"@type":"ListItem","position":1,"name":"Inicio","item":"https:\/\/raed.academy\/ca\/"},{"@type":"ListItem","position":2,"name":"ORGANISMES"}]},{"@type":"WebSite","@id":"https:\/\/raed.academy\/ca\/#website","url":"https:\/\/raed.academy\/ca\/","name":"Reial Acad\u00e8mia Europea de Doctors","description":"Corporaci\u00f3n de derecho p\u00fablico de car\u00e1cter cient\u00edfico, t\u00e9cnico y art\u00edstico, que tiene por objeto la investigaci\u00f3n, el estudio, el fomento y la extensi\u00f3n del conocimiento en su sentido m\u00e1s amplio","publisher":{"@id":"https:\/\/raed.academy\/ca\/#organization"},"potentialAction":[{"@type":"SearchAction","target":{"@type":"EntryPoint","urlTemplate":"https:\/\/raed.academy\/ca\/?s={search_term_string}"},"query-input":{"@type":"PropertyValueSpecification","valueRequired":true,"valueName":"search_term_string"}}],"inLanguage":"ca-ES"},{"@type":"Organization","@id":"https:\/\/raed.academy\/ca\/#organization","name":"Real Academia Europea de Doctores","url":"https:\/\/raed.academy\/ca\/","logo":{"@type":"ImageObject","inLanguage":"ca-ES","@id":"https:\/\/raed.academy\/ca\/#\/schema\/logo\/image\/","url":"https:\/\/raed.academy\/wp-content\/uploads\/2017\/01\/cropped-logo_raed.png","contentUrl":"https:\/\/raed.academy\/wp-content\/uploads\/2017\/01\/cropped-logo_raed.png","width":512,"height":512,"caption":"Real Academia Europea de Doctores"},"image":{"@id":"https:\/\/raed.academy\/ca\/#\/schema\/logo\/image\/"},"sameAs":["http:\/\/fb.me\/raed.academy","https:\/\/x.com\/raedacademy","https:\/\/www.instagram.com\/raed.academy\/","https:\/\/www.youtube.com\/channel\/UCUYQwW2KrdirNWihxMDObwg"]}]}},"_links":{"self":[{"href":"https:\/\/raed.academy\/ca\/wp-json\/wp\/v2\/pages\/711","targetHints":{"allow":["GET"]}}],"collection":[{"href":"https:\/\/raed.academy\/ca\/wp-json\/wp\/v2\/pages"}],"about":[{"href":"https:\/\/raed.academy\/ca\/wp-json\/wp\/v2\/types\/page"}],"author":[{"embeddable":true,"href":"https:\/\/raed.academy\/ca\/wp-json\/wp\/v2\/users\/16"}],"replies":[{"embeddable":true,"href":"https:\/\/raed.academy\/ca\/wp-json\/wp\/v2\/comments?post=711"}],"version-history":[{"count":0,"href":"https:\/\/raed.academy\/ca\/wp-json\/wp\/v2\/pages\/711\/revisions"}],"wp:attachment":[{"href":"https:\/\/raed.academy\/ca\/wp-json\/wp\/v2\/media?parent=711"}],"curies":[{"name":"wp","href":"https:\/\/api.w.org\/{rel}","templated":true}]}}