{"id":64367,"date":"2019-01-11T12:14:07","date_gmt":"2019-01-11T12:14:07","guid":{"rendered":"https:\/\/raed.academy\/?page_id=64367"},"modified":"2019-01-11T12:16:48","modified_gmt":"2019-01-11T12:16:48","slug":"organitzacio","status":"publish","type":"page","link":"https:\/\/raed.academy\/ca\/organitzacio\/","title":{"rendered":"Organitzaci\u00f3"},"content":{"rendered":"<p> La Reial Acad\u00e8mia Europea de Doctors-Barcelona 1914 (RAED) \u00e9s una corporaci\u00f3 en dret p\u00fablic, de naturalesa cient\u00edfica, t\u00e8cnica i art\u00edstica, l&#8217;objectiu \u00e9s la investigaci\u00f3, l&#8217;estudi, el foment i la difusi\u00f3 del coneixement en el seu sentit m\u00e9s ampli. <\/p>\n<p> La Reial Acad\u00e8mia es va crear el 1914 com <em> Agrupaci\u00f3 de Doctors Matriculats de Catalunya <\/ em>, que m\u00e9s tard va passar a anomenar-se Acad\u00e8mia de Metges de Catalunya i les Illes Balears, que es va convertir en l&#8217;Acad\u00e8mia de Catalunya per Decret. 90\/1989, de 13 de mar\u00e7, i despr\u00e9s es va reafirmar en el seu t\u00edtol com Reial el 2 d&#8217;octubre de 1989. <\/p>\n<p> L&#8217;Acad\u00e8mia \u00e9s considerada un \u00f2rgan assessor de la Generalitat, als efectes de la Llei del Patrimoni Hist\u00f2ric Espanyol i del material relacionat amb els organismes p\u00fablics de Catalunya, i per a les administracions p\u00fabliques en general, a nivell local, i en la Uni\u00f3 Europea, d&#8217;acord amb la legislaci\u00f3 aplicable en cada cas. <\/p>\n<p> La Reial Acad\u00e8mia de Doctors incorpora membres numeraris del m\u00e9s alt nivell en ci\u00e8ncia de tota l&#8217;\u00e0rea de la Uni\u00f3 Europea. <\/p>\n","protected":false},"excerpt":{"rendered":"<p>La Reial Acad\u00e8mia Europea de Doctors-Barcelona 1914 (RAED) \u00e9s una corporaci\u00f3 en dret p\u00fablic, de naturalesa cient\u00edfica, t\u00e8cnica i art\u00edstica, l&#8217;objectiu \u00e9s la investigaci\u00f3, l&#8217;estudi, el foment i la difusi\u00f3 del coneixement en el seu sentit m\u00e9s ampli. La Reial Acad\u00e8mia es va crear el 1914 com Agrupaci\u00f3 de Doctors Matriculats de Catalunya , que [&hellip;]<\/p>\n","protected":false},"author":16,"featured_media":0,"parent":0,"menu_order":0,"comment_status":"closed","ping_status":"closed","template":"","meta":{"_et_pb_use_builder":"","_et_pb_old_content":"","_et_gb_content_width":"","footnotes":""},"class_list":["post-64367","page","type-page","status-publish","hentry"],"yoast_head":"<!-- This site is optimized with the Yoast SEO plugin v27.4 - https:\/\/yoast.com\/product\/yoast-seo-wordpress\/ -->\n<title>Organitzaci\u00f3 - Reial Acad\u00e8mia Europea de Doctors<\/title>\n<meta name=\"robots\" content=\"index, follow, max-snippet:-1, max-image-preview:large, max-video-preview:-1\" \/>\n<link rel=\"canonical\" href=\"https:\/\/raed.academy\/ca\/organitzacio\/\" \/>\n<meta property=\"og:locale\" content=\"ca_ES\" \/>\n<meta property=\"og:type\" content=\"article\" \/>\n<meta property=\"og:title\" content=\"Organitzaci\u00f3 - Reial Acad\u00e8mia Europea de Doctors\" \/>\n<meta property=\"og:description\" content=\"La Reial Acad\u00e8mia Europea de Doctors-Barcelona 1914 (RAED) \u00e9s una corporaci\u00f3 en dret p\u00fablic, de naturalesa cient\u00edfica, t\u00e8cnica i art\u00edstica, l&#8217;objectiu \u00e9s la investigaci\u00f3, l&#8217;estudi, el foment i la difusi\u00f3 del coneixement en el seu sentit m\u00e9s ampli. La Reial Acad\u00e8mia es va crear el 1914 com Agrupaci\u00f3 de Doctors Matriculats de Catalunya , que [&hellip;]\" \/>\n<meta property=\"og:url\" content=\"https:\/\/raed.academy\/ca\/organitzacio\/\" \/>\n<meta property=\"og:site_name\" content=\"Reial Acad\u00e8mia Europea de Doctors\" \/>\n<meta property=\"article:publisher\" content=\"http:\/\/fb.me\/raed.academy\" \/>\n<meta property=\"article:modified_time\" content=\"2019-01-11T12:16:48+00:00\" \/>\n<meta name=\"twitter:card\" content=\"summary_large_image\" \/>\n<meta name=\"twitter:site\" content=\"@raedacademy\" \/>\n<meta name=\"twitter:label1\" content=\"Est. reading time\" \/>\n\t<meta name=\"twitter:data1\" content=\"1 minute\" \/>\n<script type=\"application\/ld+json\" class=\"yoast-schema-graph\">{\"@context\":\"https:\\\/\\\/schema.org\",\"@graph\":[{\"@type\":\"WebPage\",\"@id\":\"https:\\\/\\\/raed.academy\\\/ca\\\/organitzacio\\\/\",\"url\":\"https:\\\/\\\/raed.academy\\\/ca\\\/organitzacio\\\/\",\"name\":\"Organitzaci\u00f3 - Reial Acad\u00e8mia Europea de Doctors\",\"isPartOf\":{\"@id\":\"https:\\\/\\\/raed.academy\\\/ca\\\/#website\"},\"datePublished\":\"2019-01-11T12:14:07+00:00\",\"dateModified\":\"2019-01-11T12:16:48+00:00\",\"breadcrumb\":{\"@id\":\"https:\\\/\\\/raed.academy\\\/ca\\\/organitzacio\\\/#breadcrumb\"},\"inLanguage\":\"ca-ES\",\"potentialAction\":[{\"@type\":\"ReadAction\",\"target\":[\"https:\\\/\\\/raed.academy\\\/ca\\\/organitzacio\\\/\"]}]},{\"@type\":\"BreadcrumbList\",\"@id\":\"https:\\\/\\\/raed.academy\\\/ca\\\/organitzacio\\\/#breadcrumb\",\"itemListElement\":[{\"@type\":\"ListItem\",\"position\":1,\"name\":\"Inicio\",\"item\":\"https:\\\/\\\/raed.academy\\\/ca\\\/\"},{\"@type\":\"ListItem\",\"position\":2,\"name\":\"Organitzaci\u00f3\"}]},{\"@type\":\"WebSite\",\"@id\":\"https:\\\/\\\/raed.academy\\\/ca\\\/#website\",\"url\":\"https:\\\/\\\/raed.academy\\\/ca\\\/\",\"name\":\"Reial Acad\u00e8mia Europea de Doctors\",\"description\":\"Corporaci\u00f3n de derecho p\u00fablico de car\u00e1cter cient\u00edfico, t\u00e9cnico y art\u00edstico, que tiene por objeto la investigaci\u00f3n, el estudio, el fomento y la extensi\u00f3n del conocimiento en su sentido m\u00e1s amplio\",\"publisher\":{\"@id\":\"https:\\\/\\\/raed.academy\\\/ca\\\/#organization\"},\"potentialAction\":[{\"@type\":\"SearchAction\",\"target\":{\"@type\":\"EntryPoint\",\"urlTemplate\":\"https:\\\/\\\/raed.academy\\\/ca\\\/?s={search_term_string}\"},\"query-input\":{\"@type\":\"PropertyValueSpecification\",\"valueRequired\":true,\"valueName\":\"search_term_string\"}}],\"inLanguage\":\"ca-ES\"},{\"@type\":\"Organization\",\"@id\":\"https:\\\/\\\/raed.academy\\\/ca\\\/#organization\",\"name\":\"Real Academia Europea de Doctores\",\"url\":\"https:\\\/\\\/raed.academy\\\/ca\\\/\",\"logo\":{\"@type\":\"ImageObject\",\"inLanguage\":\"ca-ES\",\"@id\":\"https:\\\/\\\/raed.academy\\\/ca\\\/#\\\/schema\\\/logo\\\/image\\\/\",\"url\":\"https:\\\/\\\/raed.academy\\\/wp-content\\\/uploads\\\/2017\\\/01\\\/cropped-logo_raed.png\",\"contentUrl\":\"https:\\\/\\\/raed.academy\\\/wp-content\\\/uploads\\\/2017\\\/01\\\/cropped-logo_raed.png\",\"width\":512,\"height\":512,\"caption\":\"Real Academia Europea de Doctores\"},\"image\":{\"@id\":\"https:\\\/\\\/raed.academy\\\/ca\\\/#\\\/schema\\\/logo\\\/image\\\/\"},\"sameAs\":[\"http:\\\/\\\/fb.me\\\/raed.academy\",\"https:\\\/\\\/x.com\\\/raedacademy\",\"https:\\\/\\\/www.instagram.com\\\/raed.academy\\\/\",\"https:\\\/\\\/www.youtube.com\\\/channel\\\/UCUYQwW2KrdirNWihxMDObwg\"]}]}<\/script>\n<!-- \/ Yoast SEO plugin. -->","yoast_head_json":{"title":"Organitzaci\u00f3 - Reial Acad\u00e8mia Europea de Doctors","robots":{"index":"index","follow":"follow","max-snippet":"max-snippet:-1","max-image-preview":"max-image-preview:large","max-video-preview":"max-video-preview:-1"},"canonical":"https:\/\/raed.academy\/ca\/organitzacio\/","og_locale":"ca_ES","og_type":"article","og_title":"Organitzaci\u00f3 - Reial Acad\u00e8mia Europea de Doctors","og_description":"La Reial Acad\u00e8mia Europea de Doctors-Barcelona 1914 (RAED) \u00e9s una corporaci\u00f3 en dret p\u00fablic, de naturalesa cient\u00edfica, t\u00e8cnica i art\u00edstica, l&#8217;objectiu \u00e9s la investigaci\u00f3, l&#8217;estudi, el foment i la difusi\u00f3 del coneixement en el seu sentit m\u00e9s ampli. La Reial Acad\u00e8mia es va crear el 1914 com Agrupaci\u00f3 de Doctors Matriculats de Catalunya , que [&hellip;]","og_url":"https:\/\/raed.academy\/ca\/organitzacio\/","og_site_name":"Reial Acad\u00e8mia Europea de Doctors","article_publisher":"http:\/\/fb.me\/raed.academy","article_modified_time":"2019-01-11T12:16:48+00:00","twitter_card":"summary_large_image","twitter_site":"@raedacademy","twitter_misc":{"Est. reading time":"1 minute"},"schema":{"@context":"https:\/\/schema.org","@graph":[{"@type":"WebPage","@id":"https:\/\/raed.academy\/ca\/organitzacio\/","url":"https:\/\/raed.academy\/ca\/organitzacio\/","name":"Organitzaci\u00f3 - Reial Acad\u00e8mia Europea de Doctors","isPartOf":{"@id":"https:\/\/raed.academy\/ca\/#website"},"datePublished":"2019-01-11T12:14:07+00:00","dateModified":"2019-01-11T12:16:48+00:00","breadcrumb":{"@id":"https:\/\/raed.academy\/ca\/organitzacio\/#breadcrumb"},"inLanguage":"ca-ES","potentialAction":[{"@type":"ReadAction","target":["https:\/\/raed.academy\/ca\/organitzacio\/"]}]},{"@type":"BreadcrumbList","@id":"https:\/\/raed.academy\/ca\/organitzacio\/#breadcrumb","itemListElement":[{"@type":"ListItem","position":1,"name":"Inicio","item":"https:\/\/raed.academy\/ca\/"},{"@type":"ListItem","position":2,"name":"Organitzaci\u00f3"}]},{"@type":"WebSite","@id":"https:\/\/raed.academy\/ca\/#website","url":"https:\/\/raed.academy\/ca\/","name":"Reial Acad\u00e8mia Europea de Doctors","description":"Corporaci\u00f3n de derecho p\u00fablico de car\u00e1cter cient\u00edfico, t\u00e9cnico y art\u00edstico, que tiene por objeto la investigaci\u00f3n, el estudio, el fomento y la extensi\u00f3n del conocimiento en su sentido m\u00e1s amplio","publisher":{"@id":"https:\/\/raed.academy\/ca\/#organization"},"potentialAction":[{"@type":"SearchAction","target":{"@type":"EntryPoint","urlTemplate":"https:\/\/raed.academy\/ca\/?s={search_term_string}"},"query-input":{"@type":"PropertyValueSpecification","valueRequired":true,"valueName":"search_term_string"}}],"inLanguage":"ca-ES"},{"@type":"Organization","@id":"https:\/\/raed.academy\/ca\/#organization","name":"Real Academia Europea de Doctores","url":"https:\/\/raed.academy\/ca\/","logo":{"@type":"ImageObject","inLanguage":"ca-ES","@id":"https:\/\/raed.academy\/ca\/#\/schema\/logo\/image\/","url":"https:\/\/raed.academy\/wp-content\/uploads\/2017\/01\/cropped-logo_raed.png","contentUrl":"https:\/\/raed.academy\/wp-content\/uploads\/2017\/01\/cropped-logo_raed.png","width":512,"height":512,"caption":"Real Academia Europea de Doctores"},"image":{"@id":"https:\/\/raed.academy\/ca\/#\/schema\/logo\/image\/"},"sameAs":["http:\/\/fb.me\/raed.academy","https:\/\/x.com\/raedacademy","https:\/\/www.instagram.com\/raed.academy\/","https:\/\/www.youtube.com\/channel\/UCUYQwW2KrdirNWihxMDObwg"]}]}},"_links":{"self":[{"href":"https:\/\/raed.academy\/ca\/wp-json\/wp\/v2\/pages\/64367","targetHints":{"allow":["GET"]}}],"collection":[{"href":"https:\/\/raed.academy\/ca\/wp-json\/wp\/v2\/pages"}],"about":[{"href":"https:\/\/raed.academy\/ca\/wp-json\/wp\/v2\/types\/page"}],"author":[{"embeddable":true,"href":"https:\/\/raed.academy\/ca\/wp-json\/wp\/v2\/users\/16"}],"replies":[{"embeddable":true,"href":"https:\/\/raed.academy\/ca\/wp-json\/wp\/v2\/comments?post=64367"}],"version-history":[{"count":0,"href":"https:\/\/raed.academy\/ca\/wp-json\/wp\/v2\/pages\/64367\/revisions"}],"wp:attachment":[{"href":"https:\/\/raed.academy\/ca\/wp-json\/wp\/v2\/media?parent=64367"}],"curies":[{"name":"wp","href":"https:\/\/api.w.org\/{rel}","templated":true}]}}