{"id":603,"date":"2015-03-19T17:36:42","date_gmt":"2015-03-19T17:36:42","guid":{"rendered":"http:\/\/radd.eu\/?page_id=603"},"modified":"2026-03-31T15:36:29","modified_gmt":"2026-03-31T15:36:29","slug":"academics-dhonor","status":"publish","type":"page","link":"https:\/\/raed.academy\/ca\/academics-dhonor\/","title":{"rendered":"Acad\u00e8mics d&#8217;Honor"},"content":{"rendered":"<p>[et_pb_section fb_built=&#8221;1&#8243; admin_label=&#8221;section&#8221; _builder_version=&#8221;4.16&#8243; global_colors_info=&#8221;{}&#8221;][et_pb_row admin_label=&#8221;row&#8221; _builder_version=&#8221;4.25.0&#8243; background_size=&#8221;initial&#8221; background_position=&#8221;top_left&#8221; background_repeat=&#8221;repeat&#8221; max_width=&#8221;1400px&#8221; global_colors_info=&#8221;{}&#8221;][et_pb_column type=&#8221;4_4&#8243; _builder_version=&#8221;4.16&#8243; custom_padding=&#8221;|||&#8221; global_colors_info=&#8221;{}&#8221; custom_padding__hover=&#8221;|||&#8221;][et_pb_post_title meta=&#8221;off&#8221; featured_image=&#8221;off&#8221; module_class=&#8221;portada&#8221; _builder_version=&#8221;4.17.0&#8243; _module_preset=&#8221;default&#8221; locked=&#8221;off&#8221; global_colors_info=&#8221;{}&#8221;][\/et_pb_post_title][et_pb_code admin_label=&#8221;C\u00f3digo &#8211; Acad\u00e9micos&#8221; _builder_version=&#8221;4.27.5&#8243; _module_preset=&#8221;default&#8221; hover_enabled=&#8221;0&#8243; global_colors_info=&#8221;{}&#8221; sticky_enabled=&#8221;0&#8243;]<\/p>\n<hr \/>\n<p><!-- [et_pb_line_break_holder] --><!-- [et_pb_line_break_holder] -->Podran ser nomenats acad\u00e8mics d\u2019honor les personalitats de qualsevol nacionalitat que hagin prestat serveis rellevants a la RAED o hagin aconseguit un destacat prestigi p\u00fablic.<!-- [et_pb_line_break_holder] --><!-- [et_pb_line_break_holder] -->Els Acad\u00e8mics d\u2019Honor prepararan i llegiran davant l\u2019Acad\u00e8mia un discurs d\u2019ingr\u00e9s i podran assistir i ocupar un lloc a l\u2019estrada en les sessions p\u00fabliques, presentar treballs cient\u00edfics, dissertar sobre la seva dedicaci\u00f3 i ostentar la Medalla de l\u2019Acad\u00e8mia.<!-- [et_pb_line_break_holder] --><!-- [et_pb_line_break_holder] --><\/p>\n<hr \/>\n<p><!-- [et_pb_line_break_holder] --><!-- [et_pb_line_break_holder] --><\/p>\n<div style=\"height: 25px;\"><\/div>\n<p><!-- [et_pb_line_break_holder] --><\/p>\n<div class=\"emeritos\" style=\"padding: 25px;\"><!-- [et_pb_line_break_holder] --><\/p>\n<div id=\"a\" class=\"colLetraAbecedario\"><!-- [et_pb_line_break_holder] --><\/p>\n<div class=\"marcadorAbecedario\">A<\/div>\n<p><!-- [et_pb_line_break_holder] --><strong><a href=\"https:\/\/raed.academy\/ca\/academics\/dr-alban-ahoure\/\" target=\"_blank\" rel=\"noopener noreferrer\">AHOUR\u00c9, Alban<\/a><\/strong><!-- [et_pb_line_break_holder] --><a href=\"https:\/\/raed.academy\/ca\/academics\/dra-rosalia-arteaga-serrano\/\" target=\"_blank\" rel=\"noopener noreferrer\"><strong>ARTEAGA SERRANO, Rosal\u00eda<\/strong><\/a><!-- [et_pb_line_break_holder] --><!-- [et_pb_line_break_holder] --><\/div>\n<p><!-- [et_pb_line_break_holder] --><\/p>\n<div id=\"b\" class=\"colLetraAbecedario\"><!-- [et_pb_line_break_holder] --><\/p>\n<div class=\"marcadorAbecedario\">B<\/div>\n<p><!-- [et_pb_line_break_holder] --><a href=\"https:\/\/raed.academy\/ca\/academics\/dr-barry-clark-barish\/\" target=\"_blank\" rel=\"noopener noreferrer\"><strong>BARISH, Barry Clark<\/strong><\/a><!-- [et_pb_line_break_holder] --><!-- [et_pb_line_break_holder] --><\/div>\n<p><!-- [et_pb_line_break_holder] --><\/p>\n<div id=\"c\" class=\"colLetraAbecedario\"><!-- [et_pb_line_break_holder] --><\/p>\n<div class=\"marcadorAbecedario\">C<\/div>\n<p><!-- [et_pb_line_break_holder] --><a href=\"https:\/\/raed.academy\/ca\/academics\/dr-aaron-ciechanover\/dr-aaron-ciechanover\/\" target=\"_blank\" rel=\"noopener noreferrer\"><strong>CIECHANOVER, Aaron<\/strong><\/a><!\u2013- [et_pb_br_holder] -\u2013><!-- [et_pb_line_break_holder] --><a href=\"https:\/\/raed.academy\/ca\/academics\/sr-cristobal-colon-palasi\/\" target=\"_blank\" rel=\"noopener noreferrer\"><strong>COL\u00d3N PALAS\u00cd, Crist\u00f3bal<\/strong><\/a><!\u2013- [et_pb_br_holder] -\u2013><!-- [et_pb_line_break_holder] --><\/div>\n<p><!-- [et_pb_line_break_holder] --><\/p>\n<div id=\"f\" class=\"colLetraAbecedario\"><!-- [et_pb_line_break_holder] --><\/p>\n<div class=\"marcadorAbecedario\">F<\/div>\n<p><!-- [et_pb_line_break_holder] --><a href=\"https:\/\/raed.academy\/ca\/academics\/dr-jerome-isaac-friedman\/\" target=\"_blank\" rel=\"noopener noreferrer\"><strong>FRIEDMAN, Jerome Isaac<\/strong><\/a><!-- [et_pb_line_break_holder] --><!-- [et_pb_line_break_holder] --><\/div>\n<p><!-- [et_pb_line_break_holder] --><\/p>\n<div id=\"g\" class=\"colLetraAbecedario\"><!-- [et_pb_line_break_holder] --><\/p>\n<div class=\"marcadorAbecedario\">G<\/div>\n<p><!-- [et_pb_line_break_holder] --><a href=\"\/ca\/academics\/sr-ildefonso-garcia-serena\" target=\"_blank\" rel=\"noopener noreferrer\"><strong>GARCIA SERENA, Ildefonso<\/strong><\/a><!\u2013- [et_pb_br_holder] -\u2013><!-- [et_pb_line_break_holder] --><strong><a href=\"https:\/\/raed.academy\/ca\/academics\/sr-antoni-garrell-guiu\/\" target=\"_blank\" rel=\"noopener noreferrer\">GARRELL I GUIU, Antoni<\/a><\/strong><!\u2013- [et_pb_br_holder] -\u2013><!-- [et_pb_line_break_holder] --><a href=\"https:\/\/raed.academy\/ca\/academics\/dr-anton-gasol-magrina\/\" target=\"_blank\" rel=\"noopener noreferrer\"><strong>GASOL MAGRI\u00d1\u00c0, Anton<\/strong><\/a><!\u2013- [et_pb_br_holder] -\u2013><!-- [et_pb_line_break_holder] --><strong><a href=\"https:\/\/raed.academy\/ca\/academics\/dr-sheldon-lee-glashow\/\" target=\"_blank\" rel=\"noopener noreferrer\">GLASHOW, Sheldon Lee<\/a><\/strong><!\u2013- [et_pb_br_holder] -\u2013><!-- [et_pb_line_break_holder] --><a href=\"\/ca\/academics\/dr-francisco-gonzalez-de-posada\/\" target=\"_blank\" rel=\"noopener noreferrer\"><strong>GONZ\u00c1LEZ DE POSADA, Francisco<\/strong><\/a><!\u2013- [et_pb_br_holder] -\u2013><!-- [et_pb_line_break_holder] --><a href=\"https:\/\/raed.academy\/ca\/academics\/dra-leslie-griffith\/\" target=\"_blank\" rel=\"noopener noreferrer\"><strong>GRIFFITH, Leslie C.<\/strong><\/a><!\u2013- [et_pb_br_holder] -\u2013><!-- [et_pb_line_break_holder] --><!-- [et_pb_line_break_holder] --><a href=\"\/ca\/academics\/dr-pedro-guillen-garcia\/\" target=\"_blank\" rel=\"noopener noreferrer\"><strong>GUILL\u00c9N GARC\u00cdA, Pedro<\/strong><\/a><!\u2013- [et_pb_br_holder] -\u2013><!-- [et_pb_line_break_holder] --><!-- [et_pb_line_break_holder] --><\/div>\n<p><!-- [et_pb_line_break_holder] --><\/p>\n<div id=\"h\" class=\"colLetraAbecedario\"><!-- [et_pb_line_break_holder] --><\/p>\n<div class=\"marcadorAbecedario\">H<\/div>\n<p><!-- [et_pb_line_break_holder] --><strong><a href=\"https:\/\/raed.academy\/ca\/academics\/dr-avram-hershko\/\" target=\"_blank\" rel=\"noopener noreferrer\">HERSHKO, Avram<\/a><\/strong><!-- [et_pb_line_break_holder] --><!-- [et_pb_line_break_holder] --><\/div>\n<p><!-- [et_pb_line_break_holder] --><\/p>\n<div id=\"j\" class=\"colLetraAbecedario\"><!-- [et_pb_line_break_holder] --><\/p>\n<div class=\"marcadorAbecedario\">J<\/div>\n<p><!-- [et_pb_line_break_holder] --><strong><a href=\"https:\/\/raed.academy\/ca\/academics\/dr-pierre-joliot-curie\/\" target=\"_blank\" rel=\"noopener noreferrer\">JOLIOT-CURIE, Pierre<\/a><\/strong><!-- [et_pb_line_break_holder] --><!-- [et_pb_line_break_holder] --><\/div>\n<p><!-- [et_pb_line_break_holder] --><\/p>\n<div id=\"k\" class=\"colLetraAbecedario\"><!-- [et_pb_line_break_holder] --><\/p>\n<div class=\"marcadorAbecedario\">K<\/div>\n<p><!-- [et_pb_line_break_holder] --><a href=\"https:\/\/raed.academy\/ca\/academics\/dr-ernesto-kahan\/\" target=\"_blank\" rel=\"noopener noreferrer\"><strong>KAHAN, Ernesto<\/strong><\/a><!-- [et_pb_line_break_holder] --><strong><a href=\"https:\/\/raed.academy\/ca\/academics\/dr-finn-kydland\/\" target=\"_blank\" rel=\"noopener noreferrer\">KYDLAND, Finn<\/a><\/strong><!-- [et_pb_line_break_holder] --><!-- [et_pb_line_break_holder] --><\/div>\n<p><!-- [et_pb_line_break_holder] --><\/p>\n<div id=\"l\" class=\"colLetraAbecedario\"><!-- [et_pb_line_break_holder] --><\/p>\n<div class=\"marcadorAbecedario\">L<\/div>\n<p><!-- [et_pb_line_break_holder] --><a href=\"https:\/\/raed.academy\/ca\/academics\/sr-enrique-lacalle-coll\/\" target=\"_blank\" rel=\"noopener\"><strong>LACALLE COLL, Enrique<\/strong><\/a><!-- [et_pb_line_break_holder] --><a href=\"https:\/\/raed.academy\/ca\/academics\/dr-luis-alberto-lacalle-herrera\/\" target=\"_blank\" rel=\"noopener noreferrer\"><strong>LACALLE HERRERA, Luis Alberto<\/strong><\/a><!-- [et_pb_line_break_holder] --><a href=\"https:\/\/raed.academy\/ca\/academics\/dra-helene-langevin-joliot\/\" target=\"_blank\" rel=\"noopener noreferrer\"><strong>LANGEVIN-JOLIOT, H\u00e9l\u00e8ne<\/strong><\/a><!-- [et_pb_line_break_holder] --><a href=\"https:\/\/raed.academy\/ca\/academics\/dr-enrique-lecumberri-marti\/\" target=\"_blank\" rel=\"noopener noreferrer\"><strong>LECUMBERRI MART\u00cd, Enrique<\/strong><\/a><!-- [et_pb_line_break_holder] --><a href=\"https:\/\/raed.academy\/ca\/academics\/sr-didac-lee\/\" target=\"_blank\" rel=\"noopener\"><strong>LEE, Didac<\/strong><\/a><!-- [et_pb_line_break_holder] --><!-- [et_pb_line_break_holder] --><\/div>\n<p><!-- [et_pb_line_break_holder] --><\/p>\n<div id=\"m\" class=\"colLetraAbecedario\"><!-- [et_pb_line_break_holder] --><\/p>\n<div class=\"marcadorAbecedario\">M<\/div>\n<p><!-- [et_pb_line_break_holder] --><strong><a href=\"https:\/\/raed.academy\/ca\/academics\/sr-carlos-mallo-alvarez\/\" target=\"_blank\" rel=\"noopener noreferrer\">MALLO \u00c1LVAREZ, Carlos<\/a><\/strong><!\u2013- [et_pb_br_holder] -\u2013><!-- [et_pb_line_break_holder] --><strong><a href=\"https:\/\/raed.academy\/ca\/academics\/dr-lluis-martinez-sistach\/\" target=\"_blank\" rel=\"noopener noreferrer\">MART\u00cdNEZ SISTACH, Llu\u00eds<\/a><\/strong><!\u2013- [et_pb_br_holder] -\u2013><!-- [et_pb_line_break_holder] --><a href=\"https:\/\/raed.academy\/ca\/academics\/sr-gabriel-masfurroll-lacambra\/\" target=\"_blank\" rel=\"noopener noreferrer\"><strong>MASFURROLL LACAMBRA, Gabriel<\/strong><\/a><!\u2013- [et_pb_br_holder] -\u2013><!-- [et_pb_line_break_holder] --><a href=\"https:\/\/raed.academy\/ca\/academics\/dr-eric-maskin\/\" target=\"_blank\" rel=\"noopener noreferrer\"><strong>MASKIN, Eric<\/strong><\/a><!\u2013- [et_pb_br_holder] -\u2013><!-- [et_pb_line_break_holder] --><strong><a href=\"https:\/\/raed.academy\/ca\/academics\/sra-rosa-carolina-mejia-gomez\/\" target=\"_blank\" rel=\"noopener noreferrer\">MEJ\u00cdA G\u00d3MEZ, Rosa Carolina<\/a><\/strong><!\u2013- [et_pb_br_holder] -\u2013><!-- [et_pb_line_break_holder] --><strong><a href=\"https:\/\/raed.academy\/ca\/academics\/dr-enrique-moreno-gonzalez\/\" target=\"_blank\" rel=\"noopener noreferrer\">MORENO GONZ\u00c1LEZ, Enrique<\/a><\/strong><!\u2013- [et_pb_br_holder] -\u2013><!-- [et_pb_line_break_holder] --><\/div>\n<p><!-- [et_pb_line_break_holder] --><\/p>\n<div id=\"n\" class=\"colLetraAbecedario\"><!-- [et_pb_line_break_holder] --><\/p>\n<div class=\"marcadorAbecedario\">N<\/div>\n<p><!-- [et_pb_line_break_holder] --><a href=\"https:\/\/raed.academy\/ca\/academics\/dr-erwin-neher\/\" target=\"_blank\" rel=\"noopener noreferrer\"><strong>NEHER, Erwin<\/strong><\/a><!\u2013- [et_pb_br_holder] -\u2013><!-- [et_pb_line_break_holder] --><a href=\"https:\/\/raed.academy\/ca\/academics\/dr-bjorn-nilsson-2\/dr-bjorn-nilsson\/\" target=\"_blank\" rel=\"noopener noreferrer\"><strong>NILSSON, Bj\u00f6rn<\/strong><\/a><!\u2013- [et_pb_br_holder] -\u2013><!-- [et_pb_line_break_holder] --><\/div>\n<p><!-- [et_pb_line_break_holder] --><!-- [et_pb_line_break_holder] --><\/p>\n<div id=\"o\" class=\"colLetraAbecedario\"><!-- [et_pb_line_break_holder] --><\/p>\n<div class=\"marcadorAbecedario\">O<\/div>\n<p><!-- [et_pb_line_break_holder] --><a href=\"https:\/\/raed.academy\/ca\/academics\/sr-fernando-onega-lopez\/\" target=\"_blank\" rel=\"noopener noreferrer\"><strong>\u00d3NEGA L\u00d3PEZ, Fernando<\/strong><\/a><!\u2013- [et_pb_br_holder] -\u2013><\/div>\n<p><!-- [et_pb_line_break_holder] --><\/p>\n<div id=\"p\" class=\"colLetraAbecedario\"><!-- [et_pb_line_break_holder] --><\/p>\n<div class=\"marcadorAbecedario\">P<\/div>\n<p><!-- [et_pb_line_break_holder] --><a href=\"https:\/\/raed.academy\/ca\/academics\/dr-edmund-phelps\/\" target=\"_blank\" rel=\"noopener noreferrer\"><strong>PHELPS, Edmund<\/strong><\/a><!\u2013- [et_pb_br_holder] -\u2013><!-- [et_pb_line_break_holder] --><a href=\"https:\/\/raed.academy\/ca\/academics\/dr-christopher-antoniou-pissarides\/\" target=\"_blank\" rel=\"noopener noreferrer\"><strong>PISSARIDES, Christopher A.<\/strong><\/a><!\u2013- [et_pb_br_holder] -\u2013><!-- [et_pb_line_break_holder] --><a href=\"\/ca\/academics\/dr-carlos-puig-de-travy\/\" target=\"_blank\" rel=\"noopener noreferrer\"><strong>PUIG DE TRAVY, Carlos<\/strong><\/a><!\u2013- [et_pb_br_holder] -\u2013><!-- [et_pb_line_break_holder] --><!-- [et_pb_line_break_holder] --><\/div>\n<p><!-- [et_pb_line_break_holder] -->  <!-- [et_pb_line_break_holder] --><\/p>\n<div id=\"r\" class=\"colLetraAbecedario\"><!-- [et_pb_line_break_holder] --><\/p>\n<div class=\"marcadorAbecedario\">R<\/div>\n<p><!-- [et_pb_line_break_holder] --><a href=\"\/ca\/academics\/sr-joan-renart-cava\/\" target=\"_blank\" rel=\"noopener noreferrer\"><strong>RENART CAVA, Joan B.<\/strong><\/a><!\u2013- [et_pb_br_holder] -\u2013><!-- [et_pb_line_break_holder] --><a href=\"\/ca\/academics\/dr-richard-roberts\/\" target=\"_blank\" rel=\"noopener noreferrer\"><strong>ROBERTS, Richard<\/strong><\/a><!\u2013- [et_pb_br_holder] -\u2013><!-- [et_pb_line_break_holder] --><a href=\"\/ca\/academics\/sr-joan-roca-fontane\/\" target=\"_blank\" rel=\"noopener noreferrer\"><strong>ROCA I FONTAN\u00c9, Joan<\/strong><\/a><!\u2013- [et_pb_br_holder] -\u2013><!-- [et_pb_line_break_holder] --><a href=\"\/ca\/academics\/sr-josep-roca-fontane\/\" target=\"_blank\" rel=\"noopener noreferrer\"><strong>ROCA I FONTAN\u00c9, Josep<\/strong><\/a><!\u2013- [et_pb_br_holder] -\u2013><!-- [et_pb_line_break_holder] --><a href=\"\/ca\/academics\/sr-jordi-roca-fontane\/\" target=\"_blank\" rel=\"noopener noreferrer\"><strong>ROCA I FONTAN\u00c9, Jordi<\/strong><\/a><!\u2013- [et_pb_br_holder] -\u2013><!-- [et_pb_line_break_holder] --><a href=\"\/ca\/academics\/dr-pedro-rocamora-garcia-valls\/\" target=\"_blank\" rel=\"noopener noreferrer\"><strong>ROCAMORA GARC\u00cdA-VALLS, Pedro<\/strong><\/a><!\u2013- [et_pb_br_holder] -\u2013><!-- [et_pb_line_break_holder] --><!-- [et_pb_line_break_holder] --><\/div>\n<p><!-- [et_pb_line_break_holder] --><\/p>\n<div id=\"s\" class=\"colLetraAbecedario\"><!-- [et_pb_line_break_holder] --><\/p>\n<div class=\"marcadorAbecedario\">S<\/div>\n<p><!-- [et_pb_line_break_holder] --><a href=\"https:\/\/raed.academy\/ca\/academics\/sr-josep-sanchez-llibre\/\" target=\"_blank\" rel=\"noopener\"><strong>S<\/strong><strong>S\u00c1NCHEZ LLIBRE, Josep<\/strong><\/a><!\u2013- [et_pb_br_holder] -\u2013><!-- [et_pb_line_break_holder] -->  <!-- [et_pb_line_break_holder] --><a href=\"https:\/\/raed.academy\/ca\/academics\/dr-richard-royce-schrock\/\" target=\"_blank\" rel=\"noopener noreferrer\"><strong>SCHROCK, Richard Royce<\/strong><\/a><!\u2013- [et_pb_br_holder] -\u2013><!-- [et_pb_line_break_holder] -->  <!-- [et_pb_line_break_holder] --><a href=\"https:\/\/raed.academy\/ca\/academics\/dr-ismail-serageldin\/\" target=\"_blank\" rel=\"noopener noreferrer\"><strong>SERAGELDIN, Ismail<\/strong><\/a><!\u2013- [et_pb_br_holder] -\u2013><!-- [et_pb_line_break_holder] --><strong>SOLANA MADARIAGA, Javier<\/strong><!\u2013- [et_pb_br_holder] -\u2013><!-- [et_pb_line_break_holder] --><!-- [et_pb_line_break_holder] --><\/div>\n<p><!-- [et_pb_line_break_holder] --><\/p>\n<div id=\"v\" class=\"colLetraAbecedario\"><!-- [et_pb_line_break_holder] --><\/p>\n<div class=\"marcadorAbecedario\">V<\/div>\n<p><!-- [et_pb_line_break_holder] --><strong><a href=\"https:\/\/raed.academy\/ca\/academics\/dr-mateo-valero-cortes\/\" target=\"_blank\" rel=\"noopener noreferrer\">VALERO CORT\u00c9S, Mateo<\/a><\/strong><!\u2013- [et_pb_br_holder] -\u2013><!-- [et_pb_line_break_holder] --><pee><a href=\"https:\/\/raed.academy\/ca\/academics\/dra-maria-vallet-regi\/\" target=\"_blank\" rel=\"noopener noreferrer\"><strong>VALLET REG\u00cd, Maria<\/strong><\/a><!\u2013- [et_pb_br_holder] -\u2013><!-- [et_pb_line_break_holder] --><pee><a href=\"https:\/\/raed.academy\/ca\/academics\/dr-otto-federico-von-feigenblatt\/\" target=\"_blank\" rel=\"noopener noreferrer\"><strong>VON FEIGENBLATT, Otto Federico<\/strong><\/a><!\u2013- [et_pb_br_holder] -\u2013><!-- [et_pb_line_break_holder] --><\/div>\n<p><!-- [et_pb_line_break_holder] --><\/p>\n<div id=\"w\" class=\"colLetraAbecedario\"><!-- [et_pb_line_break_holder] --><\/p>\n<div class=\"marcadorAbecedario\">W<\/div>\n<p><!-- [et_pb_line_break_holder] --><a href=\"https:\/\/raed.academy\/ca\/difonent-el-llegat-de-ruben-dario\/naohito-watanabe\/\" target=\"_blank\" rel=\"noopener noreferrer\"><strong>WATANABE, Naohito<\/strong><\/a><!\u2013- [et_pb_br_holder] -\u2013><!-- [et_pb_line_break_holder] --><!-- [et_pb_line_break_holder] --><\/div>\n<p><!-- [et_pb_line_break_holder] -->  <!-- [et_pb_line_break_holder] --><\/p>\n<div id=\"y\" class=\"colLetraAbecedario\"><!-- [et_pb_line_break_holder] --><\/p>\n<div class=\"marcadorAbecedario\">Y<\/div>\n<p><!-- [et_pb_line_break_holder] --><a href=\"https:\/\/raed.academy\/ca\/academics\/dra-ada-yonath\/\" target=\"_blank\" rel=\"noopener noreferrer\"><strong>YONATH, Ada<\/strong><\/a><!\u2013- [et_pb_br_holder] -\u2013><!-- [et_pb_line_break_holder] --><!-- [et_pb_line_break_holder] --><\/div>\n<p><!-- [et_pb_line_break_holder] --><\/div>\n<p>[\/et_pb_code][\/et_pb_column][\/et_pb_row][\/et_pb_section]<\/p>\n","protected":false},"excerpt":{"rendered":"","protected":false},"author":16,"featured_media":0,"parent":0,"menu_order":0,"comment_status":"closed","ping_status":"closed","template":"","meta":{"_et_pb_use_builder":"on","_et_pb_old_content":"","_et_gb_content_width":"","footnotes":""},"class_list":["post-603","page","type-page","status-publish","hentry"],"yoast_head":"<!-- This site is optimized with the Yoast SEO plugin v27.4 - https:\/\/yoast.com\/product\/yoast-seo-wordpress\/ -->\n<title>Acad\u00e8mics d&#039;Honor | Reial Acad\u00e8mia Europea de Doctors<\/title>\n<meta name=\"description\" content=\"Acad\u00e8mics d&#039;Honor de la Reial Acad\u00e8mia Europea de Doctors (RAED).\" \/>\n<meta name=\"robots\" content=\"index, follow, max-snippet:-1, max-image-preview:large, max-video-preview:-1\" \/>\n<link rel=\"canonical\" href=\"https:\/\/raed.academy\/ca\/academics-dhonor\/\" \/>\n<meta property=\"og:locale\" content=\"ca_ES\" \/>\n<meta property=\"og:type\" content=\"article\" \/>\n<meta property=\"og:title\" content=\"Acad\u00e8mics d&#039;Honor | Reial Acad\u00e8mia Europea de Doctors\" \/>\n<meta property=\"og:description\" content=\"Acad\u00e8mics d&#039;Honor de la Reial Acad\u00e8mia Europea de Doctors (RAED).\" \/>\n<meta property=\"og:url\" content=\"https:\/\/raed.academy\/ca\/academics-dhonor\/\" \/>\n<meta property=\"og:site_name\" content=\"Reial Acad\u00e8mia Europea de Doctors\" \/>\n<meta property=\"article:publisher\" content=\"http:\/\/fb.me\/raed.academy\" \/>\n<meta property=\"article:modified_time\" content=\"2026-03-31T15:36:29+00:00\" \/>\n<meta name=\"twitter:card\" content=\"summary_large_image\" \/>\n<meta name=\"twitter:site\" content=\"@raedacademy\" \/>\n<meta name=\"twitter:label1\" content=\"Est. reading time\" \/>\n\t<meta name=\"twitter:data1\" content=\"2 minutes\" \/>\n<script type=\"application\/ld+json\" class=\"yoast-schema-graph\">{\"@context\":\"https:\\\/\\\/schema.org\",\"@graph\":[{\"@type\":\"WebPage\",\"@id\":\"https:\\\/\\\/raed.academy\\\/ca\\\/academics-dhonor\\\/\",\"url\":\"https:\\\/\\\/raed.academy\\\/ca\\\/academics-dhonor\\\/\",\"name\":\"Acad\u00e8mics d'Honor | Reial Acad\u00e8mia Europea de Doctors\",\"isPartOf\":{\"@id\":\"https:\\\/\\\/raed.academy\\\/ca\\\/#website\"},\"datePublished\":\"2015-03-19T17:36:42+00:00\",\"dateModified\":\"2026-03-31T15:36:29+00:00\",\"description\":\"Acad\u00e8mics d'Honor de la Reial Acad\u00e8mia Europea de Doctors (RAED).\",\"breadcrumb\":{\"@id\":\"https:\\\/\\\/raed.academy\\\/ca\\\/academics-dhonor\\\/#breadcrumb\"},\"inLanguage\":\"ca-ES\",\"potentialAction\":[{\"@type\":\"ReadAction\",\"target\":[\"https:\\\/\\\/raed.academy\\\/ca\\\/academics-dhonor\\\/\"]}]},{\"@type\":\"BreadcrumbList\",\"@id\":\"https:\\\/\\\/raed.academy\\\/ca\\\/academics-dhonor\\\/#breadcrumb\",\"itemListElement\":[{\"@type\":\"ListItem\",\"position\":1,\"name\":\"Inicio\",\"item\":\"https:\\\/\\\/raed.academy\\\/ca\\\/\"},{\"@type\":\"ListItem\",\"position\":2,\"name\":\"Acad\u00e8mics d&#8217;Honor\"}]},{\"@type\":\"WebSite\",\"@id\":\"https:\\\/\\\/raed.academy\\\/ca\\\/#website\",\"url\":\"https:\\\/\\\/raed.academy\\\/ca\\\/\",\"name\":\"Reial Acad\u00e8mia Europea de Doctors\",\"description\":\"Corporaci\u00f3n de derecho p\u00fablico de car\u00e1cter cient\u00edfico, t\u00e9cnico y art\u00edstico, que tiene por objeto la investigaci\u00f3n, el estudio, el fomento y la extensi\u00f3n del conocimiento en su sentido m\u00e1s amplio\",\"publisher\":{\"@id\":\"https:\\\/\\\/raed.academy\\\/ca\\\/#organization\"},\"potentialAction\":[{\"@type\":\"SearchAction\",\"target\":{\"@type\":\"EntryPoint\",\"urlTemplate\":\"https:\\\/\\\/raed.academy\\\/ca\\\/?s={search_term_string}\"},\"query-input\":{\"@type\":\"PropertyValueSpecification\",\"valueRequired\":true,\"valueName\":\"search_term_string\"}}],\"inLanguage\":\"ca-ES\"},{\"@type\":\"Organization\",\"@id\":\"https:\\\/\\\/raed.academy\\\/ca\\\/#organization\",\"name\":\"Real Academia Europea de Doctores\",\"url\":\"https:\\\/\\\/raed.academy\\\/ca\\\/\",\"logo\":{\"@type\":\"ImageObject\",\"inLanguage\":\"ca-ES\",\"@id\":\"https:\\\/\\\/raed.academy\\\/ca\\\/#\\\/schema\\\/logo\\\/image\\\/\",\"url\":\"https:\\\/\\\/raed.academy\\\/wp-content\\\/uploads\\\/2017\\\/01\\\/cropped-logo_raed.png\",\"contentUrl\":\"https:\\\/\\\/raed.academy\\\/wp-content\\\/uploads\\\/2017\\\/01\\\/cropped-logo_raed.png\",\"width\":512,\"height\":512,\"caption\":\"Real Academia Europea de Doctores\"},\"image\":{\"@id\":\"https:\\\/\\\/raed.academy\\\/ca\\\/#\\\/schema\\\/logo\\\/image\\\/\"},\"sameAs\":[\"http:\\\/\\\/fb.me\\\/raed.academy\",\"https:\\\/\\\/x.com\\\/raedacademy\",\"https:\\\/\\\/www.instagram.com\\\/raed.academy\\\/\",\"https:\\\/\\\/www.youtube.com\\\/channel\\\/UCUYQwW2KrdirNWihxMDObwg\"]}]}<\/script>\n<!-- \/ Yoast SEO plugin. -->","yoast_head_json":{"title":"Acad\u00e8mics d'Honor | Reial Acad\u00e8mia Europea de Doctors","description":"Acad\u00e8mics d'Honor de la Reial Acad\u00e8mia Europea de Doctors (RAED).","robots":{"index":"index","follow":"follow","max-snippet":"max-snippet:-1","max-image-preview":"max-image-preview:large","max-video-preview":"max-video-preview:-1"},"canonical":"https:\/\/raed.academy\/ca\/academics-dhonor\/","og_locale":"ca_ES","og_type":"article","og_title":"Acad\u00e8mics d'Honor | Reial Acad\u00e8mia Europea de Doctors","og_description":"Acad\u00e8mics d'Honor de la Reial Acad\u00e8mia Europea de Doctors (RAED).","og_url":"https:\/\/raed.academy\/ca\/academics-dhonor\/","og_site_name":"Reial Acad\u00e8mia Europea de Doctors","article_publisher":"http:\/\/fb.me\/raed.academy","article_modified_time":"2026-03-31T15:36:29+00:00","twitter_card":"summary_large_image","twitter_site":"@raedacademy","twitter_misc":{"Est. reading time":"2 minutes"},"schema":{"@context":"https:\/\/schema.org","@graph":[{"@type":"WebPage","@id":"https:\/\/raed.academy\/ca\/academics-dhonor\/","url":"https:\/\/raed.academy\/ca\/academics-dhonor\/","name":"Acad\u00e8mics d'Honor | Reial Acad\u00e8mia Europea de Doctors","isPartOf":{"@id":"https:\/\/raed.academy\/ca\/#website"},"datePublished":"2015-03-19T17:36:42+00:00","dateModified":"2026-03-31T15:36:29+00:00","description":"Acad\u00e8mics d'Honor de la Reial Acad\u00e8mia Europea de Doctors (RAED).","breadcrumb":{"@id":"https:\/\/raed.academy\/ca\/academics-dhonor\/#breadcrumb"},"inLanguage":"ca-ES","potentialAction":[{"@type":"ReadAction","target":["https:\/\/raed.academy\/ca\/academics-dhonor\/"]}]},{"@type":"BreadcrumbList","@id":"https:\/\/raed.academy\/ca\/academics-dhonor\/#breadcrumb","itemListElement":[{"@type":"ListItem","position":1,"name":"Inicio","item":"https:\/\/raed.academy\/ca\/"},{"@type":"ListItem","position":2,"name":"Acad\u00e8mics d&#8217;Honor"}]},{"@type":"WebSite","@id":"https:\/\/raed.academy\/ca\/#website","url":"https:\/\/raed.academy\/ca\/","name":"Reial Acad\u00e8mia Europea de Doctors","description":"Corporaci\u00f3n de derecho p\u00fablico de car\u00e1cter cient\u00edfico, t\u00e9cnico y art\u00edstico, que tiene por objeto la investigaci\u00f3n, el estudio, el fomento y la extensi\u00f3n del conocimiento en su sentido m\u00e1s amplio","publisher":{"@id":"https:\/\/raed.academy\/ca\/#organization"},"potentialAction":[{"@type":"SearchAction","target":{"@type":"EntryPoint","urlTemplate":"https:\/\/raed.academy\/ca\/?s={search_term_string}"},"query-input":{"@type":"PropertyValueSpecification","valueRequired":true,"valueName":"search_term_string"}}],"inLanguage":"ca-ES"},{"@type":"Organization","@id":"https:\/\/raed.academy\/ca\/#organization","name":"Real Academia Europea de Doctores","url":"https:\/\/raed.academy\/ca\/","logo":{"@type":"ImageObject","inLanguage":"ca-ES","@id":"https:\/\/raed.academy\/ca\/#\/schema\/logo\/image\/","url":"https:\/\/raed.academy\/wp-content\/uploads\/2017\/01\/cropped-logo_raed.png","contentUrl":"https:\/\/raed.academy\/wp-content\/uploads\/2017\/01\/cropped-logo_raed.png","width":512,"height":512,"caption":"Real Academia Europea de Doctores"},"image":{"@id":"https:\/\/raed.academy\/ca\/#\/schema\/logo\/image\/"},"sameAs":["http:\/\/fb.me\/raed.academy","https:\/\/x.com\/raedacademy","https:\/\/www.instagram.com\/raed.academy\/","https:\/\/www.youtube.com\/channel\/UCUYQwW2KrdirNWihxMDObwg"]}]}},"_links":{"self":[{"href":"https:\/\/raed.academy\/ca\/wp-json\/wp\/v2\/pages\/603","targetHints":{"allow":["GET"]}}],"collection":[{"href":"https:\/\/raed.academy\/ca\/wp-json\/wp\/v2\/pages"}],"about":[{"href":"https:\/\/raed.academy\/ca\/wp-json\/wp\/v2\/types\/page"}],"author":[{"embeddable":true,"href":"https:\/\/raed.academy\/ca\/wp-json\/wp\/v2\/users\/16"}],"replies":[{"embeddable":true,"href":"https:\/\/raed.academy\/ca\/wp-json\/wp\/v2\/comments?post=603"}],"version-history":[{"count":10,"href":"https:\/\/raed.academy\/ca\/wp-json\/wp\/v2\/pages\/603\/revisions"}],"predecessor-version":[{"id":182632,"href":"https:\/\/raed.academy\/ca\/wp-json\/wp\/v2\/pages\/603\/revisions\/182632"}],"wp:attachment":[{"href":"https:\/\/raed.academy\/ca\/wp-json\/wp\/v2\/media?parent=603"}],"curies":[{"name":"wp","href":"https:\/\/api.w.org\/{rel}","templated":true}]}}