{"id":595,"date":"2015-03-19T17:32:38","date_gmt":"2015-03-19T17:32:38","guid":{"rendered":"http:\/\/radd.eu\/?page_id=595"},"modified":"2026-04-15T09:18:38","modified_gmt":"2026-04-15T09:18:38","slug":"emerits","status":"publish","type":"page","link":"https:\/\/raed.academy\/ca\/emerits\/","title":{"rendered":"Acad\u00e8mics Em\u00e8rits"},"content":{"rendered":"<p>[et_pb_section fb_built=&#8221;1&#8243; _builder_version=&#8221;4.16&#8243; global_colors_info=&#8221;{}&#8221;][et_pb_row _builder_version=&#8221;4.25.0&#8243; background_size=&#8221;initial&#8221; background_position=&#8221;top_left&#8221; background_repeat=&#8221;repeat&#8221; max_width=&#8221;1400px&#8221; global_colors_info=&#8221;{}&#8221;][et_pb_column type=&#8221;4_4&#8243; _builder_version=&#8221;4.16&#8243; custom_padding=&#8221;|||&#8221; global_colors_info=&#8221;{}&#8221; custom_padding__hover=&#8221;|||&#8221;][et_pb_post_title meta=&#8221;off&#8221; featured_image=&#8221;off&#8221; module_class=&#8221;portada&#8221; _builder_version=&#8221;4.17.0&#8243; _module_preset=&#8221;default&#8221; locked=&#8221;off&#8221; global_colors_info=&#8221;{}&#8221;][\/et_pb_post_title][et_pb_text admin_label=&#8221;Text&#8221; _builder_version=&#8221;4.25.0&#8243; background_size=&#8221;initial&#8221; background_position=&#8221;top_left&#8221; background_repeat=&#8221;repeat&#8221; global_colors_info=&#8221;{}&#8221;]<\/p>\n<hr \/>\n<p>L\u2019acad\u00e8mic numerari en complir vuitanta anys passa autom\u00e0ticament a la condici\u00f3 d\u2019acad\u00e8mic em\u00e8rit i deixa lliure la pla\u00e7a de numerari, conservant, no obstant aix\u00f2, tots els drets, obligacions i prerrogatives que tenia per la seva condici\u00f3 de numerari.<\/p>\n<hr \/>\n<div style=\"height: 25px;\"><\/div>\n<p>[\/et_pb_text][\/et_pb_column][\/et_pb_row][et_pb_row admin_label=&#8221;.emeritos&#8221; module_class=&#8221;emeritos&#8221; _builder_version=&#8221;4.25.0&#8243; _module_preset=&#8221;default&#8221; max_width=&#8221;1400px&#8221; custom_padding=&#8221;|2vw||2vw|false|false&#8221; global_colors_info=&#8221;{}&#8221;][et_pb_column type=&#8221;4_4&#8243; _builder_version=&#8221;4.25.0&#8243; _module_preset=&#8221;default&#8221; global_colors_info=&#8221;{}&#8221;][et_pb_text admin_label=&#8221;txt acad\u00e9micos&#8221; _builder_version=&#8221;4.27.4&#8243; _module_preset=&#8221;default&#8221; global_colors_info=&#8221;{}&#8221;][\/et_pb_text][et_pb_code _builder_version=&#8221;4.27.5&#8243; _module_preset=&#8221;default&#8221; hover_enabled=&#8221;0&#8243; global_colors_info=&#8221;{}&#8221; sticky_enabled=&#8221;0&#8243;]<\/p>\n<div id=\"b\" class=\"colLetraAbecedario\"><!-- [et_pb_line_break_holder] --><\/p>\n<div class=\"marcadorAbecedario\">B<\/div>\n<p><!-- [et_pb_line_break_holder] --><strong><a href=\"https:\/\/raed.academy\/ca\/academics\/dr-jose-luis-bonet-ferrer\/\" target=\"_blank\" rel=\"noopener noreferrer\">BONET FERRER, Jos\u00e9 Luis<\/a><\/strong><!\u2013- [et_pb_br_holder] -\u2013><!-- [et_pb_line_break_holder] --><strong><a href=\"https:\/\/raed.academy\/ca\/academics\/dr-ignacio-buqueras-bach\/\" target=\"_blank\" rel=\"noopener noreferrer\">BUQUERAS Y BACH, Ignacio<\/a><\/strong><\/div>\n<p><!-- [et_pb_line_break_holder] --><\/p>\n<div id=\"c\" class=\"colLetraAbecedario\"><!-- [et_pb_line_break_holder] --><\/p>\n<div class=\"marcadorAbecedario\">C<\/div>\n<p><!-- [et_pb_line_break_holder] --><strong><a href=\"http:\/\/raed.academy\/ca\/academics\/dr-fernando-casado-juan\" target=\"_blank\" rel=\"noopener noreferrer\">CASADO JUAN, Fernando<\/a><\/strong><!\u2013- [et_pb_br_holder] -\u2013><!-- [et_pb_line_break_holder] --><strong><a href=\"https:\/\/raed.academy\/ca\/academics\/dr-august-corominas-vilardell\/\" target=\"_blank\" rel=\"noopener noreferrer\">COROMINAS VILARDELL, August<\/a><\/strong><!\u2013- [et_pb_br_holder] -\u2013><!-- [et_pb_line_break_holder] --><a href=\"https:\/\/raed.academy\/ca\/academics\/dr-pere-costa-batllori\/\" target=\"_blank\" rel=\"noopener noreferrer\"><strong>COSTA BATLLORI, Pere<\/strong><\/a><!\u2013- [et_pb_br_holder] -\u2013><!-- [et_pb_line_break_holder] --><strong><a href=\"https:\/\/raed.academy\/ca\/academics\/dr-josep-maria-costa-torres\/\" target=\"_blank\" rel=\"noopener noreferrer\">COSTA TORRES, Josep Maria<\/a><\/strong><\/div>\n<p><!-- [et_pb_line_break_holder] --><!-- [et_pb_line_break_holder] --><\/p>\n<div id=\"d\" class=\"colLetraAbecedario\"><!-- [et_pb_line_break_holder] --><\/p>\n<div class=\"marcadorAbecedario\">D<\/div>\n<p><!-- [et_pb_line_break_holder] --><a href=\"http:\/\/raed.academy\/ca\/academics\/dr-salvador-de-broca-tella\/\" target=\"_blank\" rel=\"noopener noreferrer\"><strong>DE BROC\u00c0 TELLA, Salvador<\/strong><\/a><!\u2013- [et_pb_br_holder] -\u2013><!-- [et_pb_line_break_holder] --><strong><a href=\"https:\/\/raed.academy\/ca\/academics\/dr-angelo-di-berardino\/\" target=\"_blank\" rel=\"noopener noreferrer\">DI BERARDINO, Angelo<\/a><\/strong><\/div>\n<p><!-- [et_pb_line_break_holder] --><!-- [et_pb_line_break_holder] --><\/p>\n<div id=\"f\" class=\"colLetraAbecedario\"><!-- [et_pb_line_break_holder] --><\/p>\n<div class=\"marcadorAbecedario\">F<\/div>\n<p><!-- [et_pb_line_break_holder] --><strong><a href=\"http:\/\/raed.academy\/ca\/academics\/dr-isidre-faine-casas\/\" target=\"_blank\" rel=\"noopener noreferrer\">FAIN\u00c9 CASAS, Isidre<\/a><\/strong><\/div>\n<p><!-- [et_pb_line_break_holder] --><\/p>\n<div id=\"g\" class=\"colLetraAbecedario\"><!-- [et_pb_line_break_holder] --><\/p>\n<div class=\"marcadorAbecedario\">G<\/div>\n<p><!-- [et_pb_line_break_holder] --><strong><a href=\"https:\/\/raed.academy\/ca\/academics\/dr-miguel-angel-gallo-laguna-de-rins\/\" target=\"_blank\" rel=\"noopener noreferrer\">GALLO LAGUNA DE RINS, Miguel A.<\/a><\/strong><!\u2013- [et_pb_br_holder] -\u2013><!-- [et_pb_line_break_holder] --><a href=\"https:\/\/raed.academy\/ca\/academics\/dr-josep-gil-ribas\/\" target=\"_blank\" rel=\"noopener noreferrer\"><strong>GIL I RIBAS, Josep<\/strong><\/a><\/div>\n<p><!-- [et_pb_line_break_holder] --><!-- [et_pb_line_break_holder] --><\/p>\n<div id=\"l\" class=\"colLetraAbecedario\"><!-- [et_pb_line_break_holder] --><\/p>\n<div class=\"marcadorAbecedario\">L<\/div>\n<p><!-- [et_pb_line_break_holder] --><a href=\"https:\/\/raed.academy\/ca\/academics\/dr-francisco-javier-llovera-saez\/\" target=\"_blank\" rel=\"noopener noreferrer\"><strong>LLOVERA SAEZ, Francisco Javier<\/strong><\/a><\/div>\n<p><!-- [et_pb_line_break_holder] --><\/p>\n<div id=\"m\" class=\"colLetraAbecedario\"><!-- [et_pb_line_break_holder] -->  <!-- [et_pb_line_break_holder] --><\/p>\n<div class=\"marcadorAbecedario\">M<\/div>\n<p><!-- [et_pb_line_break_holder] --><strong><a href=\"http:\/\/raed.academy\/ca\/academics\/dr-carlos-mallo-rodriguez\/\" target=\"_blank\" rel=\"noopener noreferrer\">MALLO RODR\u00cdGUEZ, Carlos<\/a><\/strong><!\u2013- [et_pb_br_holder] -\u2013><!-- [et_pb_line_break_holder] --><strong><a href=\"https:\/\/raed.academy\/ca\/academics\/dr-antoni-matabosch-soler\/\" target=\"_blank\" rel=\"noopener noreferrer\">MATABOSCH SOLER, Antoni<\/a><\/strong><!\u2013- [et_pb_br_holder] -\u2013><!-- [et_pb_line_break_holder] --><strong><a href=\"http:\/\/raed.academy\/ca\/academics\/dr-michael-metzeltin\/\" target=\"_blank\" rel=\"noopener noreferrer\">METZELTIN, Michael<\/a><\/strong><\/div>\n<p><!-- [et_pb_line_break_holder] --><!-- [et_pb_line_break_holder] --><\/p>\n<div id=\"n\" class=\"colLetraAbecedario\"><!-- [et_pb_line_break_holder] --><\/p>\n<div class=\"marcadorAbecedario\">N<\/div>\n<p><!-- [et_pb_line_break_holder] --><strong><a href=\"https:\/\/raed.academy\/ca\/academics\/dr-pedro-nueno-iniesta\/\" target=\"_blank\" rel=\"noopener noreferrer\">NUENO INIESTA, Pedro<\/a><\/strong><\/div>\n<p><!-- [et_pb_line_break_holder] --><!-- [et_pb_line_break_holder] --><\/p>\n<div id=\"p\" class=\"colLetraAbecedario\"><!-- [et_pb_line_break_holder] --><\/p>\n<div class=\"marcadorAbecedario\">P<\/div>\n<p><!-- [et_pb_line_break_holder] --><strong><a href=\"http:\/\/raed.academy\/ca\/academics\/dr-marius-petit-guinovart\/\" target=\"_blank\" rel=\"noopener noreferrer\">PETIT GUINOVART, M\u00e0rius<\/a><\/strong><\/div>\n<p><!-- [et_pb_line_break_holder] --><\/p>\n<div id=\"s\" class=\"colLetraAbecedario\"><!-- [et_pb_line_break_holder] --><\/p>\n<div class=\"marcadorAbecedario\">S<\/div>\n<p><!-- [et_pb_line_break_holder] --><strong><a href=\"http:\/\/raed.academy\/ca\/academics\/dr-josep-ignasi-saranyana-closa\/\" target=\"_blank\" rel=\"noopener noreferrer\">SARANYANA I CLOSA, Josep Ignasi<\/a><\/strong><!\u2013- [et_pb_br_holder] -\u2013><!-- [et_pb_line_break_holder] --><\/div>\n<p><!-- [et_pb_line_break_holder] --><!-- [et_pb_line_break_holder] --><\/p>\n<div id=\"t\" class=\"colLetraAbecedario\"><!-- [et_pb_line_break_holder] --><\/p>\n<div class=\"marcadorAbecedario\">T<\/div>\n<p><!-- [et_pb_line_break_holder] --><strong><a href=\"https:\/\/raed.academy\/ca\/academics\/dr-francisco-javier-tapia-garcia\/\" target=\"_blank\" rel=\"noopener noreferrer\">TAPIA GARC\u00cdA, Francisco Javier<\/a><\/strong><\/div>\n<p>[\/et_pb_code][\/et_pb_column][\/et_pb_row][\/et_pb_section]<\/p>\n","protected":false},"excerpt":{"rendered":"<p>L\u2019acad\u00e8mic numerari en complir vuitanta anys passa autom\u00e0ticament a la condici\u00f3 d\u2019acad\u00e8mic em\u00e8rit i deixa lliure la pla\u00e7a de numerari, conservant, no obstant aix\u00f2, tots els drets, obligacions i prerrogatives que tenia per la seva condici\u00f3 de numerari.<\/p>\n","protected":false},"author":16,"featured_media":0,"parent":0,"menu_order":0,"comment_status":"closed","ping_status":"closed","template":"","meta":{"_et_pb_use_builder":"on","_et_pb_old_content":"[et_pb_section][et_pb_row][et_pb_column type=\"4_4\"][et_pb_text]<hr \/>\r\n\r\nL\u2019acad\u00e8mic numerari en complir vuitanta anys passa autom\u00e0ticament a la condici\u00f3 d\u2019acad\u00e8mic em\u00e8rit i deixa lliure la pla\u00e7a de numerari, conservant, no obstant aix\u00f2, tots els drets, obligacions i prerrogatives que tenia per la seva condici\u00f3 de numerari.\r\n\r\n<hr \/>\r\n\r\n<div style=\"height: 25px;\"><\/div>\r\n<div class=\"anuario col-3\">\r\n<ul class=\"tab\">\r\n \t<li><a class=\"enlaceTab a\u00f1o\">Acad\u00e8mics Em\u00e8rits<\/a><\/li>\r\n<\/ul>\r\n<\/div>\r\n<div class=\"emeritos col-9\">\r\n<div class=\"fila\">\r\n<div id=\"a\" class=\"col-g-4 colLetraAbecedario\">\r\n<div class=\"marcadorAbecedario\">A<\/div>\r\n<strong><a href=\"http:\/\/raed.academy\/ca\/academics\/dr-angel-aguirre-baztan\/\" target=\"_blank\" rel=\"noopener noreferrer\">AGUIRRE BAZT\u00c1N, \u00c1ngel<\/a><\/strong>\r\n<a href=\"https:\/\/raed.academy\/ca\/academics\/dr-jaume-antich-femenias\/\"><strong>ANTICH FEMENIAS, Jaume<\/strong><\/a>\r\n\r\n<\/div>\r\n<div id=\"b\"><\/div>\r\n<div id=\"c\" class=\"col-g-4 colLetraAbecedario\">\r\n<div class=\"marcadorAbecedario\">C<\/div>\r\n<strong><a href=\"https:\/\/raed.academy\/ca\/academics\/dr-august-corominas-vilardell\/\" target=\"_blank\" rel=\"noopener noreferrer\">COROMINAS VILARDELL, August<\/a><\/strong>\r\n<a href=\"https:\/\/raed.academy\/ca\/academics\/dr-pere-costa-batllori\/\" target=\"_blank\" rel=\"noopener noreferrer\"><strong>COSTA BATLLORI, Pere<\/strong><\/a>\r\n<strong><a href=\"https:\/\/raed.academy\/ca\/academics\/dr-josep-maria-costa-torres\/\" target=\"_blank\" rel=\"noopener noreferrer\">COSTA TORRES, Josep Maria<\/a><\/strong>\r\n\r\n<\/div>\r\n<div id=\"d\" class=\"col-g-4 colLetraAbecedario\">\r\n<div class=\"marcadorAbecedario\">D<\/div>\r\n<a href=\"http:\/\/raed.academy\/ca\/academics\/dr-salvador-de-broca-tella\/\" target=\"_blank\" rel=\"noopener noreferrer\"><strong>DE BROC\u00c0 TELLA, Salvador<\/strong><\/a>\r\n<strong><a href=\"https:\/\/raed.academy\/ca\/academics\/dr-santiago-dexeus-trias-de-bes\/\" target=\"_blank\" rel=\"noopener noreferrer\">DEXEUS TRIAS DE BES, Santiago<\/a><\/strong>\r\n<strong><a href=\"https:\/\/raed.academy\/ca\/academics\/dr-angelo-di-berardino\/\" target=\"_blank\" rel=\"noopener noreferrer\">DI BERARDINO, Angelo<\/a><\/strong>\r\n\r\n<\/div>\r\n<\/div>\r\n<div class=\"fila\">\r\n<div id=\"g\" class=\"col-g-4 colLetraAbecedario\">\r\n<div class=\"marcadorAbecedario\">G<\/div>\r\n<strong><a href=\"https:\/\/raed.academy\/ca\/academics\/dr-miguel-angel-gallo-laguna-de-rins\/\" target=\"_blank\" rel=\"noopener noreferrer\">GALLO LAGUNA DE RINS, Miguel A.<\/a><\/strong>\r\n<a href=\"https:\/\/raed.academy\/ca\/academics\/dr-josep-gil-ribas\/\" target=\"_blank\" rel=\"noopener noreferrer\"><strong>GIL I RIBAS, Josep<\/strong><\/a>\r\n\r\n<\/div>\r\n<div id=\"h\" class=\"col-g-4 colLetraAbecedario\">\r\n<div class=\"marcadorAbecedario\">H<\/div>\r\n<a href=\"http:\/\/raed.academy\/ca\/academics\/dr-carlos-dante-heredia-garcia\/\" target=\"_blank\" rel=\"noopener noreferrer\"><strong>HEREDIA GARC\u00cdA, Carlos Dante<\/strong> <\/a>\r\n\r\n<\/div>\r\n<div id=\"l\" class=\"col-g-4 colLetraAbecedario\">\r\n<div class=\"marcadorAbecedario\">L<\/div>\r\n<a href=\"https:\/\/raed.academy\/ca\/academics\/dr-francisco-javier-llovera-saez\/\" target=\"_blank\" rel=\"noopener noreferrer\"><strong>LLOVERA SAEZ, Francisco Javier<\/strong><\/a>\r\n\r\n<\/div>\r\n<\/div>\r\n<div class=\"fila\">\r\n<div id=\"m\" class=\"col-g-4 colLetraAbecedario\">\r\n<div class=\"marcadorAbecedario\">M<\/div>\r\n<strong><a href=\"http:\/\/raed.academy\/ca\/academics\/dr-carlos-mallo-rodriguez\/\" target=\"_blank\" rel=\"noopener noreferrer\">MALLO RODR\u00cdGUEZ, Carlos<\/a><\/strong>\r\n<strong><a href=\"https:\/\/raed.academy\/ca\/academics\/dr-antoni-matabosch-soler\/\" target=\"_blank\" rel=\"noopener noreferrer\">MATABOSCH SOLER, Antoni<\/a><\/strong>\r\n\r\n<\/div>\r\n<div id=\"p\" class=\"col-g-4 colLetraAbecedario\">\r\n<div class=\"marcadorAbecedario\">P<\/div>\r\n<strong><a href=\"http:\/\/raed.academy\/ca\/academics\/dr-marius-petit-guinovart\/\" target=\"_blank\" rel=\"noopener noreferrer\">PETIT GUINOVART, M\u00e0rius<\/a><\/strong>\r\n\r\n<\/div>\r\n<div id=\"s\" class=\"col-g-4 colLetraAbecedario\">\r\n<div class=\"marcadorAbecedario\">S<\/div>\r\n<strong><a href=\"http:\/\/raed.academy\/ca\/academics\/dr-josep-ignasi-saranyana-closa\/\" target=\"_blank\" rel=\"noopener noreferrer\">SARANYANA I CLOSA, Josep Ignasi<\/a><\/strong>\r\n<strong><a href=\"https:\/\/raed.academy\/ca\/academics\/dr-josep-maria-simon-tor\/\" target=\"_blank\" rel=\"noopener noreferrer\">SIM\u00d3N TOR, Josep Maria<\/a><\/strong>\r\n<\/div>\r\n<\/div>\r\n<div class=\"fila\">\r\n<div id=\"t\" class=\"col-g-4 colLetraAbecedario\">\r\n<div class=\"marcadorAbecedario\">T<\/div>\r\n<strong><a href=\"https:\/\/raed.academy\/ca\/academics\/dr-francisco-javier-tapia-garcia\/\" target=\"_blank\" rel=\"noopener noreferrer\">TAPIA GARC\u00cdA, Francisco Javier<\/a><\/strong>\r\n<\/div>\r\n<\/div>\r\n<\/div>[\/et_pb_text][\/et_pb_column][\/et_pb_row][\/et_pb_section]","_et_gb_content_width":"","footnotes":""},"class_list":["post-595","page","type-page","status-publish","hentry"],"yoast_head":"<!-- This site is optimized with the Yoast SEO plugin v27.4 - https:\/\/yoast.com\/product\/yoast-seo-wordpress\/ -->\n<title>Acad\u00e8mics Em\u00e8rits | Reial Acad\u00e8mia Europea de Doctors<\/title>\n<meta name=\"description\" content=\"L\u2019Acad\u00e8mic Numerari en complir vuitanta anys passa autom\u00e0ticament a la condici\u00f3 d\u2019Acad\u00e8mic Em\u00e8rit, deixa lliure la pla\u00e7a de Numerari.\" \/>\n<meta name=\"robots\" content=\"index, follow, max-snippet:-1, max-image-preview:large, max-video-preview:-1\" \/>\n<link rel=\"canonical\" href=\"https:\/\/raed.academy\/ca\/emerits\/\" \/>\n<meta property=\"og:locale\" content=\"ca_ES\" \/>\n<meta property=\"og:type\" content=\"article\" \/>\n<meta property=\"og:title\" content=\"Acad\u00e8mics Em\u00e8rits | Reial Acad\u00e8mia Europea de Doctors\" \/>\n<meta property=\"og:description\" content=\"L\u2019Acad\u00e8mic Numerari en complir vuitanta anys passa autom\u00e0ticament a la condici\u00f3 d\u2019Acad\u00e8mic Em\u00e8rit, deixa lliure la pla\u00e7a de Numerari.\" \/>\n<meta property=\"og:url\" content=\"https:\/\/raed.academy\/ca\/emerits\/\" \/>\n<meta property=\"og:site_name\" content=\"Reial Acad\u00e8mia Europea de Doctors\" \/>\n<meta property=\"article:publisher\" content=\"http:\/\/fb.me\/raed.academy\" \/>\n<meta property=\"article:modified_time\" content=\"2026-04-15T09:18:38+00:00\" \/>\n<meta name=\"twitter:card\" content=\"summary_large_image\" \/>\n<meta name=\"twitter:site\" content=\"@raedacademy\" \/>\n<meta name=\"twitter:label1\" content=\"Est. reading time\" \/>\n\t<meta name=\"twitter:data1\" content=\"1 minute\" \/>\n<script type=\"application\/ld+json\" class=\"yoast-schema-graph\">{\"@context\":\"https:\\\/\\\/schema.org\",\"@graph\":[{\"@type\":\"WebPage\",\"@id\":\"https:\\\/\\\/raed.academy\\\/ca\\\/emerits\\\/\",\"url\":\"https:\\\/\\\/raed.academy\\\/ca\\\/emerits\\\/\",\"name\":\"Acad\u00e8mics Em\u00e8rits | Reial Acad\u00e8mia Europea de Doctors\",\"isPartOf\":{\"@id\":\"https:\\\/\\\/raed.academy\\\/ca\\\/#website\"},\"datePublished\":\"2015-03-19T17:32:38+00:00\",\"dateModified\":\"2026-04-15T09:18:38+00:00\",\"description\":\"L\u2019Acad\u00e8mic Numerari en complir vuitanta anys passa autom\u00e0ticament a la condici\u00f3 d\u2019Acad\u00e8mic Em\u00e8rit, deixa lliure la pla\u00e7a de Numerari.\",\"breadcrumb\":{\"@id\":\"https:\\\/\\\/raed.academy\\\/ca\\\/emerits\\\/#breadcrumb\"},\"inLanguage\":\"ca-ES\",\"potentialAction\":[{\"@type\":\"ReadAction\",\"target\":[\"https:\\\/\\\/raed.academy\\\/ca\\\/emerits\\\/\"]}]},{\"@type\":\"BreadcrumbList\",\"@id\":\"https:\\\/\\\/raed.academy\\\/ca\\\/emerits\\\/#breadcrumb\",\"itemListElement\":[{\"@type\":\"ListItem\",\"position\":1,\"name\":\"Inicio\",\"item\":\"https:\\\/\\\/raed.academy\\\/ca\\\/\"},{\"@type\":\"ListItem\",\"position\":2,\"name\":\"Acad\u00e8mics Em\u00e8rits\"}]},{\"@type\":\"WebSite\",\"@id\":\"https:\\\/\\\/raed.academy\\\/ca\\\/#website\",\"url\":\"https:\\\/\\\/raed.academy\\\/ca\\\/\",\"name\":\"Reial Acad\u00e8mia Europea de Doctors\",\"description\":\"Corporaci\u00f3n de derecho p\u00fablico de car\u00e1cter cient\u00edfico, t\u00e9cnico y art\u00edstico, que tiene por objeto la investigaci\u00f3n, el estudio, el fomento y la extensi\u00f3n del conocimiento en su sentido m\u00e1s amplio\",\"publisher\":{\"@id\":\"https:\\\/\\\/raed.academy\\\/ca\\\/#organization\"},\"potentialAction\":[{\"@type\":\"SearchAction\",\"target\":{\"@type\":\"EntryPoint\",\"urlTemplate\":\"https:\\\/\\\/raed.academy\\\/ca\\\/?s={search_term_string}\"},\"query-input\":{\"@type\":\"PropertyValueSpecification\",\"valueRequired\":true,\"valueName\":\"search_term_string\"}}],\"inLanguage\":\"ca-ES\"},{\"@type\":\"Organization\",\"@id\":\"https:\\\/\\\/raed.academy\\\/ca\\\/#organization\",\"name\":\"Real Academia Europea de Doctores\",\"url\":\"https:\\\/\\\/raed.academy\\\/ca\\\/\",\"logo\":{\"@type\":\"ImageObject\",\"inLanguage\":\"ca-ES\",\"@id\":\"https:\\\/\\\/raed.academy\\\/ca\\\/#\\\/schema\\\/logo\\\/image\\\/\",\"url\":\"https:\\\/\\\/raed.academy\\\/wp-content\\\/uploads\\\/2017\\\/01\\\/cropped-logo_raed.png\",\"contentUrl\":\"https:\\\/\\\/raed.academy\\\/wp-content\\\/uploads\\\/2017\\\/01\\\/cropped-logo_raed.png\",\"width\":512,\"height\":512,\"caption\":\"Real Academia Europea de Doctores\"},\"image\":{\"@id\":\"https:\\\/\\\/raed.academy\\\/ca\\\/#\\\/schema\\\/logo\\\/image\\\/\"},\"sameAs\":[\"http:\\\/\\\/fb.me\\\/raed.academy\",\"https:\\\/\\\/x.com\\\/raedacademy\",\"https:\\\/\\\/www.instagram.com\\\/raed.academy\\\/\",\"https:\\\/\\\/www.youtube.com\\\/channel\\\/UCUYQwW2KrdirNWihxMDObwg\"]}]}<\/script>\n<!-- \/ Yoast SEO plugin. -->","yoast_head_json":{"title":"Acad\u00e8mics Em\u00e8rits | Reial Acad\u00e8mia Europea de Doctors","description":"L\u2019Acad\u00e8mic Numerari en complir vuitanta anys passa autom\u00e0ticament a la condici\u00f3 d\u2019Acad\u00e8mic Em\u00e8rit, deixa lliure la pla\u00e7a de Numerari.","robots":{"index":"index","follow":"follow","max-snippet":"max-snippet:-1","max-image-preview":"max-image-preview:large","max-video-preview":"max-video-preview:-1"},"canonical":"https:\/\/raed.academy\/ca\/emerits\/","og_locale":"ca_ES","og_type":"article","og_title":"Acad\u00e8mics Em\u00e8rits | Reial Acad\u00e8mia Europea de Doctors","og_description":"L\u2019Acad\u00e8mic Numerari en complir vuitanta anys passa autom\u00e0ticament a la condici\u00f3 d\u2019Acad\u00e8mic Em\u00e8rit, deixa lliure la pla\u00e7a de Numerari.","og_url":"https:\/\/raed.academy\/ca\/emerits\/","og_site_name":"Reial Acad\u00e8mia Europea de Doctors","article_publisher":"http:\/\/fb.me\/raed.academy","article_modified_time":"2026-04-15T09:18:38+00:00","twitter_card":"summary_large_image","twitter_site":"@raedacademy","twitter_misc":{"Est. reading time":"1 minute"},"schema":{"@context":"https:\/\/schema.org","@graph":[{"@type":"WebPage","@id":"https:\/\/raed.academy\/ca\/emerits\/","url":"https:\/\/raed.academy\/ca\/emerits\/","name":"Acad\u00e8mics Em\u00e8rits | Reial Acad\u00e8mia Europea de Doctors","isPartOf":{"@id":"https:\/\/raed.academy\/ca\/#website"},"datePublished":"2015-03-19T17:32:38+00:00","dateModified":"2026-04-15T09:18:38+00:00","description":"L\u2019Acad\u00e8mic Numerari en complir vuitanta anys passa autom\u00e0ticament a la condici\u00f3 d\u2019Acad\u00e8mic Em\u00e8rit, deixa lliure la pla\u00e7a de Numerari.","breadcrumb":{"@id":"https:\/\/raed.academy\/ca\/emerits\/#breadcrumb"},"inLanguage":"ca-ES","potentialAction":[{"@type":"ReadAction","target":["https:\/\/raed.academy\/ca\/emerits\/"]}]},{"@type":"BreadcrumbList","@id":"https:\/\/raed.academy\/ca\/emerits\/#breadcrumb","itemListElement":[{"@type":"ListItem","position":1,"name":"Inicio","item":"https:\/\/raed.academy\/ca\/"},{"@type":"ListItem","position":2,"name":"Acad\u00e8mics Em\u00e8rits"}]},{"@type":"WebSite","@id":"https:\/\/raed.academy\/ca\/#website","url":"https:\/\/raed.academy\/ca\/","name":"Reial Acad\u00e8mia Europea de Doctors","description":"Corporaci\u00f3n de derecho p\u00fablico de car\u00e1cter cient\u00edfico, t\u00e9cnico y art\u00edstico, que tiene por objeto la investigaci\u00f3n, el estudio, el fomento y la extensi\u00f3n del conocimiento en su sentido m\u00e1s amplio","publisher":{"@id":"https:\/\/raed.academy\/ca\/#organization"},"potentialAction":[{"@type":"SearchAction","target":{"@type":"EntryPoint","urlTemplate":"https:\/\/raed.academy\/ca\/?s={search_term_string}"},"query-input":{"@type":"PropertyValueSpecification","valueRequired":true,"valueName":"search_term_string"}}],"inLanguage":"ca-ES"},{"@type":"Organization","@id":"https:\/\/raed.academy\/ca\/#organization","name":"Real Academia Europea de Doctores","url":"https:\/\/raed.academy\/ca\/","logo":{"@type":"ImageObject","inLanguage":"ca-ES","@id":"https:\/\/raed.academy\/ca\/#\/schema\/logo\/image\/","url":"https:\/\/raed.academy\/wp-content\/uploads\/2017\/01\/cropped-logo_raed.png","contentUrl":"https:\/\/raed.academy\/wp-content\/uploads\/2017\/01\/cropped-logo_raed.png","width":512,"height":512,"caption":"Real Academia Europea de Doctores"},"image":{"@id":"https:\/\/raed.academy\/ca\/#\/schema\/logo\/image\/"},"sameAs":["http:\/\/fb.me\/raed.academy","https:\/\/x.com\/raedacademy","https:\/\/www.instagram.com\/raed.academy\/","https:\/\/www.youtube.com\/channel\/UCUYQwW2KrdirNWihxMDObwg"]}]}},"_links":{"self":[{"href":"https:\/\/raed.academy\/ca\/wp-json\/wp\/v2\/pages\/595","targetHints":{"allow":["GET"]}}],"collection":[{"href":"https:\/\/raed.academy\/ca\/wp-json\/wp\/v2\/pages"}],"about":[{"href":"https:\/\/raed.academy\/ca\/wp-json\/wp\/v2\/types\/page"}],"author":[{"embeddable":true,"href":"https:\/\/raed.academy\/ca\/wp-json\/wp\/v2\/users\/16"}],"replies":[{"embeddable":true,"href":"https:\/\/raed.academy\/ca\/wp-json\/wp\/v2\/comments?post=595"}],"version-history":[{"count":4,"href":"https:\/\/raed.academy\/ca\/wp-json\/wp\/v2\/pages\/595\/revisions"}],"predecessor-version":[{"id":183246,"href":"https:\/\/raed.academy\/ca\/wp-json\/wp\/v2\/pages\/595\/revisions\/183246"}],"wp:attachment":[{"href":"https:\/\/raed.academy\/ca\/wp-json\/wp\/v2\/media?parent=595"}],"curies":[{"name":"wp","href":"https:\/\/api.w.org\/{rel}","templated":true}]}}