{"id":573,"date":"2015-03-19T15:06:58","date_gmt":"2015-03-19T15:06:58","guid":{"rendered":"http:\/\/radd.eu\/?page_id=573"},"modified":"2019-01-15T17:30:52","modified_gmt":"2019-01-15T17:30:52","slug":"junta-general","status":"publish","type":"page","link":"https:\/\/raed.academy\/ca\/junta-general\/","title":{"rendered":"JUNTA GENERAL"},"content":{"rendered":"<p>1. La Junta General \u00e9s l\u2019\u00f2rgan suprem de govern de la RAED i en formaran part tots els acad\u00e8mics de n\u00famero i els em\u00e8rits.<\/p>\n<p>2. Seran les facultats de la Junta General:<\/p>\n<ul>\n<li>Aprovar la gesti\u00f3 de la Junta de Govern.<\/li>\n<li>Examinar i aprovar els comptes anuals.<\/li>\n<li>Admetre els acad\u00e8mics numeraris i d\u2019honor.<\/li>\n<li>Elegir tots els c\u00e0rrecs de la RAED d\u2019acord amb el procediment establert en aquests Estatuts i que no siguin compet\u00e8ncia d\u2019altres \u00f2rgans de l\u2019Acad\u00e8mia. Els mandats d\u2019aquests c\u00e0rrecs seran de cinc anys i admetran reelecci\u00f3.<\/li>\n<li>Fixar les quotes ordin\u00e0ries i extraordin\u00e0ries.<\/li>\n<li>Modificar els Estatuts, incl\u00f2s el canvi de domicili social.<\/li>\n<li>Disposar i alienar els b\u00e9ns immobles de la RAED.<\/li>\n<li>Dissoluci\u00f3 de la RAED.<\/li>\n<li>Qualsevol altra que no sigui compet\u00e8ncia atribu\u00efda a un altre \u00f2rgan de la RAED.<\/li>\n<\/ul>\n<p>3. Les reunions de la Junta General seran ordin\u00e0ries i extraordin\u00e0ries. L\u2019ordin\u00e0ria se celebrar\u00e0 una vegada l\u2019any, dins dels sis primers mesos d\u2019aquest, i les extraordin\u00e0ries quan les circumst\u00e0ncies ho aconsellin, a judici del president, per acord de la Junta de Govern o quan ho sol\u00b7liciti un nombre d\u2019acad\u00e8mics numeraris que suposi un 25% dels mateixos.<\/p>\n<p>4. Les convocat\u00f2ries de les Juntes Generals es realitzaran per correu electr\u00f2nic, expressant el lloc, dia i hora de la reuni\u00f3, aix\u00ed com l\u2019ordre del dia amb expressi\u00f3 concreta dels assumptes a tractar.<\/p>\n<p>Entre la data de la convocat\u00f2ria i el dia assenyalat per a la celebraci\u00f3 de la Junta en primera convocat\u00f2ria hauran de mediar almenys 10 dies, podent aix\u00ed mateix fer-se constar si procedeix la data i hora en qu\u00e8 se celebrar\u00e0 la Junta en segona convocat\u00f2ria, sense que entre una i altra pugui mediar un termini inferior a una hora.<\/p>\n<p>5. Les Juntes Generals, tant ordin\u00e0ries com extraordin\u00e0ries, quedaran v\u00e0lidament constitu\u00efdes en primera convocat\u00f2ria quan concorrin a ella una cinquena part dels acad\u00e8mics numeraris. I en segona convocat\u00f2ria qualsevol que sigui el nombre d\u2019assistents sempre que siguin almenys una desena part dels acad\u00e8mics numeraris.<\/p>\n<p>Els acords es prendran per majoria simple dels acad\u00e8mics presents, excepte els casos concrets que regulen aquests Estatuts o el Reglament de R\u00e8gim Interior.<\/p>\n<ul>\n<li>\n<h3><strong><a href=\"https:\/\/raed.academy\/ca\/numeraris\/\">NUMERARIS<\/a><\/strong><\/h3>\n<\/li>\n<li>\n<h3><a href=\"https:\/\/raed.academy\/ca\/emerits\/\"><strong>EM\u00c8RITS<\/strong><\/a><\/h3>\n<\/li>\n<\/ul>\n","protected":false},"excerpt":{"rendered":"<p>1. La Junta General \u00e9s l\u2019\u00f2rgan suprem de govern de la RAED i en formaran part tots els acad\u00e8mics de n\u00famero i els em\u00e8rits. 2. Seran les facultats de la Junta General: Aprovar la gesti\u00f3 de la Junta de Govern. Examinar i aprovar els comptes anuals. Admetre els acad\u00e8mics numeraris i d\u2019honor. Elegir tots els [&hellip;]<\/p>\n","protected":false},"author":16,"featured_media":0,"parent":0,"menu_order":0,"comment_status":"closed","ping_status":"closed","template":"","meta":{"_et_pb_use_builder":"","_et_pb_old_content":"","_et_gb_content_width":"","footnotes":""},"class_list":["post-573","page","type-page","status-publish","hentry"],"yoast_head":"<!-- This site is optimized with the Yoast SEO plugin v27.4 - https:\/\/yoast.com\/product\/yoast-seo-wordpress\/ -->\n<title>JUNTA GENERAL - Reial Acad\u00e8mia Europea de Doctors<\/title>\n<meta name=\"robots\" content=\"index, follow, max-snippet:-1, max-image-preview:large, max-video-preview:-1\" \/>\n<link rel=\"canonical\" href=\"https:\/\/raed.academy\/ca\/junta-general\/\" \/>\n<meta property=\"og:locale\" content=\"ca_ES\" \/>\n<meta property=\"og:type\" content=\"article\" \/>\n<meta property=\"og:title\" content=\"JUNTA GENERAL - Reial Acad\u00e8mia Europea de Doctors\" \/>\n<meta property=\"og:description\" content=\"1. La Junta General \u00e9s l\u2019\u00f2rgan suprem de govern de la RAED i en formaran part tots els acad\u00e8mics de n\u00famero i els em\u00e8rits. 2. Seran les facultats de la Junta General: Aprovar la gesti\u00f3 de la Junta de Govern. Examinar i aprovar els comptes anuals. Admetre els acad\u00e8mics numeraris i d\u2019honor. Elegir tots els [&hellip;]\" \/>\n<meta property=\"og:url\" content=\"https:\/\/raed.academy\/ca\/junta-general\/\" \/>\n<meta property=\"og:site_name\" content=\"Reial Acad\u00e8mia Europea de Doctors\" \/>\n<meta property=\"article:publisher\" content=\"http:\/\/fb.me\/raed.academy\" \/>\n<meta property=\"article:modified_time\" content=\"2019-01-15T17:30:52+00:00\" \/>\n<meta name=\"twitter:card\" content=\"summary_large_image\" \/>\n<meta name=\"twitter:site\" content=\"@raedacademy\" \/>\n<meta name=\"twitter:label1\" content=\"Est. reading time\" \/>\n\t<meta name=\"twitter:data1\" content=\"2 minutes\" \/>\n<script type=\"application\/ld+json\" class=\"yoast-schema-graph\">{\"@context\":\"https:\\\/\\\/schema.org\",\"@graph\":[{\"@type\":\"WebPage\",\"@id\":\"https:\\\/\\\/raed.academy\\\/ca\\\/junta-general\\\/\",\"url\":\"https:\\\/\\\/raed.academy\\\/ca\\\/junta-general\\\/\",\"name\":\"JUNTA GENERAL - Reial Acad\u00e8mia Europea de Doctors\",\"isPartOf\":{\"@id\":\"https:\\\/\\\/raed.academy\\\/ca\\\/#website\"},\"datePublished\":\"2015-03-19T15:06:58+00:00\",\"dateModified\":\"2019-01-15T17:30:52+00:00\",\"breadcrumb\":{\"@id\":\"https:\\\/\\\/raed.academy\\\/ca\\\/junta-general\\\/#breadcrumb\"},\"inLanguage\":\"ca-ES\",\"potentialAction\":[{\"@type\":\"ReadAction\",\"target\":[\"https:\\\/\\\/raed.academy\\\/ca\\\/junta-general\\\/\"]}]},{\"@type\":\"BreadcrumbList\",\"@id\":\"https:\\\/\\\/raed.academy\\\/ca\\\/junta-general\\\/#breadcrumb\",\"itemListElement\":[{\"@type\":\"ListItem\",\"position\":1,\"name\":\"Inicio\",\"item\":\"https:\\\/\\\/raed.academy\\\/ca\\\/\"},{\"@type\":\"ListItem\",\"position\":2,\"name\":\"JUNTA GENERAL\"}]},{\"@type\":\"WebSite\",\"@id\":\"https:\\\/\\\/raed.academy\\\/ca\\\/#website\",\"url\":\"https:\\\/\\\/raed.academy\\\/ca\\\/\",\"name\":\"Reial Acad\u00e8mia Europea de Doctors\",\"description\":\"Corporaci\u00f3n de derecho p\u00fablico de car\u00e1cter cient\u00edfico, t\u00e9cnico y art\u00edstico, que tiene por objeto la investigaci\u00f3n, el estudio, el fomento y la extensi\u00f3n del conocimiento en su sentido m\u00e1s amplio\",\"publisher\":{\"@id\":\"https:\\\/\\\/raed.academy\\\/ca\\\/#organization\"},\"potentialAction\":[{\"@type\":\"SearchAction\",\"target\":{\"@type\":\"EntryPoint\",\"urlTemplate\":\"https:\\\/\\\/raed.academy\\\/ca\\\/?s={search_term_string}\"},\"query-input\":{\"@type\":\"PropertyValueSpecification\",\"valueRequired\":true,\"valueName\":\"search_term_string\"}}],\"inLanguage\":\"ca-ES\"},{\"@type\":\"Organization\",\"@id\":\"https:\\\/\\\/raed.academy\\\/ca\\\/#organization\",\"name\":\"Real Academia Europea de Doctores\",\"url\":\"https:\\\/\\\/raed.academy\\\/ca\\\/\",\"logo\":{\"@type\":\"ImageObject\",\"inLanguage\":\"ca-ES\",\"@id\":\"https:\\\/\\\/raed.academy\\\/ca\\\/#\\\/schema\\\/logo\\\/image\\\/\",\"url\":\"https:\\\/\\\/raed.academy\\\/wp-content\\\/uploads\\\/2017\\\/01\\\/cropped-logo_raed.png\",\"contentUrl\":\"https:\\\/\\\/raed.academy\\\/wp-content\\\/uploads\\\/2017\\\/01\\\/cropped-logo_raed.png\",\"width\":512,\"height\":512,\"caption\":\"Real Academia Europea de Doctores\"},\"image\":{\"@id\":\"https:\\\/\\\/raed.academy\\\/ca\\\/#\\\/schema\\\/logo\\\/image\\\/\"},\"sameAs\":[\"http:\\\/\\\/fb.me\\\/raed.academy\",\"https:\\\/\\\/x.com\\\/raedacademy\",\"https:\\\/\\\/www.instagram.com\\\/raed.academy\\\/\",\"https:\\\/\\\/www.youtube.com\\\/channel\\\/UCUYQwW2KrdirNWihxMDObwg\"]}]}<\/script>\n<!-- \/ Yoast SEO plugin. -->","yoast_head_json":{"title":"JUNTA GENERAL - Reial Acad\u00e8mia Europea de Doctors","robots":{"index":"index","follow":"follow","max-snippet":"max-snippet:-1","max-image-preview":"max-image-preview:large","max-video-preview":"max-video-preview:-1"},"canonical":"https:\/\/raed.academy\/ca\/junta-general\/","og_locale":"ca_ES","og_type":"article","og_title":"JUNTA GENERAL - Reial Acad\u00e8mia Europea de Doctors","og_description":"1. La Junta General \u00e9s l\u2019\u00f2rgan suprem de govern de la RAED i en formaran part tots els acad\u00e8mics de n\u00famero i els em\u00e8rits. 2. Seran les facultats de la Junta General: Aprovar la gesti\u00f3 de la Junta de Govern. Examinar i aprovar els comptes anuals. Admetre els acad\u00e8mics numeraris i d\u2019honor. Elegir tots els [&hellip;]","og_url":"https:\/\/raed.academy\/ca\/junta-general\/","og_site_name":"Reial Acad\u00e8mia Europea de Doctors","article_publisher":"http:\/\/fb.me\/raed.academy","article_modified_time":"2019-01-15T17:30:52+00:00","twitter_card":"summary_large_image","twitter_site":"@raedacademy","twitter_misc":{"Est. reading time":"2 minutes"},"schema":{"@context":"https:\/\/schema.org","@graph":[{"@type":"WebPage","@id":"https:\/\/raed.academy\/ca\/junta-general\/","url":"https:\/\/raed.academy\/ca\/junta-general\/","name":"JUNTA GENERAL - Reial Acad\u00e8mia Europea de Doctors","isPartOf":{"@id":"https:\/\/raed.academy\/ca\/#website"},"datePublished":"2015-03-19T15:06:58+00:00","dateModified":"2019-01-15T17:30:52+00:00","breadcrumb":{"@id":"https:\/\/raed.academy\/ca\/junta-general\/#breadcrumb"},"inLanguage":"ca-ES","potentialAction":[{"@type":"ReadAction","target":["https:\/\/raed.academy\/ca\/junta-general\/"]}]},{"@type":"BreadcrumbList","@id":"https:\/\/raed.academy\/ca\/junta-general\/#breadcrumb","itemListElement":[{"@type":"ListItem","position":1,"name":"Inicio","item":"https:\/\/raed.academy\/ca\/"},{"@type":"ListItem","position":2,"name":"JUNTA GENERAL"}]},{"@type":"WebSite","@id":"https:\/\/raed.academy\/ca\/#website","url":"https:\/\/raed.academy\/ca\/","name":"Reial Acad\u00e8mia Europea de Doctors","description":"Corporaci\u00f3n de derecho p\u00fablico de car\u00e1cter cient\u00edfico, t\u00e9cnico y art\u00edstico, que tiene por objeto la investigaci\u00f3n, el estudio, el fomento y la extensi\u00f3n del conocimiento en su sentido m\u00e1s amplio","publisher":{"@id":"https:\/\/raed.academy\/ca\/#organization"},"potentialAction":[{"@type":"SearchAction","target":{"@type":"EntryPoint","urlTemplate":"https:\/\/raed.academy\/ca\/?s={search_term_string}"},"query-input":{"@type":"PropertyValueSpecification","valueRequired":true,"valueName":"search_term_string"}}],"inLanguage":"ca-ES"},{"@type":"Organization","@id":"https:\/\/raed.academy\/ca\/#organization","name":"Real Academia Europea de Doctores","url":"https:\/\/raed.academy\/ca\/","logo":{"@type":"ImageObject","inLanguage":"ca-ES","@id":"https:\/\/raed.academy\/ca\/#\/schema\/logo\/image\/","url":"https:\/\/raed.academy\/wp-content\/uploads\/2017\/01\/cropped-logo_raed.png","contentUrl":"https:\/\/raed.academy\/wp-content\/uploads\/2017\/01\/cropped-logo_raed.png","width":512,"height":512,"caption":"Real Academia Europea de Doctores"},"image":{"@id":"https:\/\/raed.academy\/ca\/#\/schema\/logo\/image\/"},"sameAs":["http:\/\/fb.me\/raed.academy","https:\/\/x.com\/raedacademy","https:\/\/www.instagram.com\/raed.academy\/","https:\/\/www.youtube.com\/channel\/UCUYQwW2KrdirNWihxMDObwg"]}]}},"_links":{"self":[{"href":"https:\/\/raed.academy\/ca\/wp-json\/wp\/v2\/pages\/573","targetHints":{"allow":["GET"]}}],"collection":[{"href":"https:\/\/raed.academy\/ca\/wp-json\/wp\/v2\/pages"}],"about":[{"href":"https:\/\/raed.academy\/ca\/wp-json\/wp\/v2\/types\/page"}],"author":[{"embeddable":true,"href":"https:\/\/raed.academy\/ca\/wp-json\/wp\/v2\/users\/16"}],"replies":[{"embeddable":true,"href":"https:\/\/raed.academy\/ca\/wp-json\/wp\/v2\/comments?post=573"}],"version-history":[{"count":0,"href":"https:\/\/raed.academy\/ca\/wp-json\/wp\/v2\/pages\/573\/revisions"}],"wp:attachment":[{"href":"https:\/\/raed.academy\/ca\/wp-json\/wp\/v2\/media?parent=573"}],"curies":[{"name":"wp","href":"https:\/\/api.w.org\/{rel}","templated":true}]}}