{"id":569,"date":"2015-03-19T15:05:26","date_gmt":"2015-03-19T15:05:26","guid":{"rendered":"http:\/\/radd.eu\/?page_id=569"},"modified":"2025-10-08T15:02:16","modified_gmt":"2025-10-08T15:02:16","slug":"organigrama","status":"publish","type":"page","link":"https:\/\/raed.academy\/ca\/organigrama\/","title":{"rendered":"ORGANIGRAMA"},"content":{"rendered":"<hr \/>\n<p>L\u2019Acad\u00e8mia s\u2019estructura en un organigrama funcional que li permet desenvolupar les activitats cient\u00edfiques i acad\u00e8miques per les quals va ser creada.<\/p>\n<div class=\"fila\">\n<div class=\"organigrama\">\n<div id=\"bloqueSuperior\">\n<div class=\"col-m-4\">\n<div class=\"JUNTAGENERAL\">\n<ul>\n<li><a href=\"https:\/\/raed.academy\/ca\/junta-general\/\" target=\"_blank\" rel=\"noopener noreferrer\">JUNTA GENERAL<\/a><\/li>\n<\/ul>\n<\/div>\n<div class=\"JUNTADEGOBIERNO\">\n<ul>\n<li><a href=\"https:\/\/raed.academy\/ca\/junta-de-govern\/\" target=\"_blank\" rel=\"noopener noreferrer\">JUNTA DE GOVERN<\/a><\/li>\n<\/ul>\n<\/div>\n<ul>\n<li id=\"SENADO\"><a href=\"https:\/\/raed.academy\/ca\/senat\/\" target=\"_blank\" rel=\"noopener noreferrer\">SENAT<\/a><\/li>\n<\/ul>\n<\/div>\n<\/div>\n<div id=\"bloqueInferior\">\n<div class=\"col-m-4\">\n<div class=\"rama-organigrama\">\n<div class=\"departamentoIzquierda\">\n<ul>\n<li><a href=\"https:\/\/raed.academy\/ca\/seccions\/\" target=\"_blank\" rel=\"noopener noreferrer\">SECCIONS<\/a><\/li>\n<\/ul>\n<\/div>\n<div class=\"columnaHijos columnaIzquierda\">\n<ul>\n<li><a href=\"https:\/\/raed.academy\/ca\/seccions\/#CienciasSociales\" target=\"_blank\" rel=\"noopener noreferrer\">Ci\u00e8ncies<br \/>Socials<\/a><\/li>\n<li><a href=\"https:\/\/raed.academy\/ca\/seccions\/#CienciasSalud\" target=\"_blank\" rel=\"noopener noreferrer\">Ci\u00e8ncies de la Salut<\/a><\/li>\n<li><a href=\"https:\/\/raed.academy\/ca\/seccions\/#CienciasHumanas\" target=\"_blank\" rel=\"noopener noreferrer\">Ci\u00e8ncies<br \/>\nHumanes<\/a><\/li>\n<li><a href=\"https:\/\/raed.academy\/ca\/seccions\/#CienciasExperimentales\" target=\"_blank\" rel=\"noopener noreferrer\">Ci\u00e8ncies Experimentals<\/a><\/li>\n<li class=\"ultimoHijo\"><a href=\"https:\/\/raed.academy\/ca\/seccions\/#CienciasTecnologicas\" target=\"_blank\" rel=\"noopener noreferrer\">Ci\u00e8ncies Tecnol\u00f2giques<\/a><\/li>\n<\/ul>\n<\/div>\n<\/div>\n<\/div>\n<div class=\"col-m-4\">\n<div class=\"rama-organigrama\">\n<div class=\"departamentoCentral\">\n<ul>\n<li><a href=\"https:\/\/raed.academy\/ca\/comissions\/\" target=\"_blank\" rel=\"noopener noreferrer\">COMISSIONS<\/a><\/li>\n<\/ul>\n<\/div>\n<div class=\"columnaHijos columnaCentral\">\n<ul>\n<li><a href=\"https:\/\/raed.academy\/ca\/comissions\/#ejecutiva\" target=\"_blank\" rel=\"noopener noreferrer\">Executiva<\/a><\/li>\n<li><a href=\"https:\/\/raed.academy\/ca\/publicacions-raed\/\" target=\"_blank\" rel=\"noopener noreferrer\">Publicacions<\/a><\/li>\n<li><a href=\"https:\/\/raed.academy\/ca\/comissions\/#admisiones\" target=\"_blank\" rel=\"noopener noreferrer\">Admissions<\/a><\/li>\n<li class=\"ultimoHijo\"><a href=\"#\" target=\"_blank\" rel=\"noopener noreferrer\">\u00c8tica<\/a><\/li>\n<\/ul>\n<\/div>\n<\/div>\n<\/div>\n<div class=\"col-m-4\">\n<div class=\"rama-organigrama\">\n<div class=\"departamentoDerecha\">\n<ul>\n<li><a href=\"#\">INSTITUTS<\/a><\/li>\n<\/ul>\n<\/div>\n<div class=\"columnaHijos columnaDerecha\">\n<ul>\n<li class=\"ultimoHijo\"><a href=\"#\">Relacions Internacionals i Institucionals (IRIEI)<\/a><\/li>\n<\/ul>\n<p><!--\n \t\n\n<li class=\"ultimoHijo\"><a href=\"#\">Investigaciones para el desarrollo de la mujer universitaria<\/a><\/li>\n\n\n--><\/p>\n<\/div>\n<\/div>\n<\/div>\n<\/div>\n<\/div>\n<\/div>\n<p>&nbsp;<\/p>\n<hr>\n<p>Les seves activitats principals s\u00f3n:<\/p>\n<ul>\n<li>Promoure i propagar els aven\u00e7os de les Lletres, les Ci\u00e8ncies, la Salut, les Arts i les T\u00e8cniques en les seves diverses manifestacions socials.<\/li>\n<\/ul>\n<ul>\n<li>Mantenir la vinculaci\u00f3 dels acad\u00e8mics amb la Universitat i servir de nexe entre els doctors d\u2019arreu del m\u00f3n i, de manera especial, d\u2019Espanya i de la Uni\u00f3 Europea, fomentant l\u2019intercanvi cultural.<\/li>\n<\/ul>\n<ul>\n<li>Vetllar pels drets, la dignitat, el prestigi professional i empresarial i altres prerrogatives del t\u00edtol de Doctor, procurar les millores morals i materials inherents, donar suport a tots els qui aspirin a aconseguir-lo i evitar la intrusi\u00f3 i l\u2019\u00fas indegut dels distintius doctorals.<\/li>\n<\/ul>\n<ul>\n<li>Fomentar la col\u00b7laboraci\u00f3 cient\u00edfica i l\u2019assist\u00e8ncia interprofessionals dels acad\u00e8mics i la investigaci\u00f3 interdisciplin\u00e0ria.<\/li>\n<\/ul>\n<ul>\n<li>Servir la causa de la pau, mitjan\u00e7ant l\u2019estrenyiment de les relacions de cooperaci\u00f3 entre totes les Acad\u00e8mies cient\u00edfiques del m\u00f3n.<\/li>\n<\/ul>\n<ul>\n<li>Exercir les funcions consultives, representatives i electorals reconegudes per les lleis.<\/li>\n<\/ul>\n<ul>\n<li>Assessorar i emetre informes als organismes oficials, entitats p\u00fabliques, corporacions, empreses i entitats, en mat\u00e8ries pr\u00f2pies de la seva especialitat.<\/li>\n<\/ul>\n<ul>\n<li>Avalar aquelles investigacions cient\u00edfiques que per la seva import\u00e0ncia ho mereixin.<\/li>\n<\/ul>\n<ul>\n<li>Assessorar als mitjans de comunicaci\u00f3 sobre la veracitat de les informacions cient\u00edfiques i qualsevol altre tipus de publicitat que pogu\u00e9s resultar engany\u00f3s.<\/li>\n<\/ul>\n<ul>\n<li>L\u2019organitzaci\u00f3 d\u2019activitats cient\u00edfiques destinades a l\u2019estudi o a la difusi\u00f3 de les disciplines que constitueixen el seu objectiu, en la forma que acordi la Junta de Govern, previ informe de la Secci\u00f3 o Seccions corresponents.<\/li>\n<\/ul>\n<ul>\n<li>La promoci\u00f3 i foment de la investigaci\u00f3 mitjan\u00e7ant l\u2019assignaci\u00f3 selectiva de premis, recompenses o altres est\u00edmuls que impulsin la labor cient\u00edfica, d\u2019acord amb les condicions determinades amb aquesta finalitat per l\u2019Acad\u00e8mia.<\/li>\n<\/ul>\n<ul>\n<li>L\u2019establiment i sosteniment de relacions culturals amb altres Corporacions situades a la Uni\u00f3 Europea o fora d\u2019ella, ja sigui directament o per mitj\u00e0 dels seus Acad\u00e8mics Numeraris, Em\u00e8rits, d\u2019Honor o Corresponents.<\/li>\n<\/ul>\n<ul>\n<li>L\u2019organitzaci\u00f3 de cicles de confer\u00e8ncies p\u00fabliques, programes de formaci\u00f3, activitats d\u2019extensi\u00f3 acad\u00e8mica i de divulgaci\u00f3 i, en col\u00b7laboraci\u00f3 amb una o m\u00e9s universitats, cursos de postgrau, de m\u00e0ster i de doctorat.<\/li>\n<\/ul>\n","protected":false},"excerpt":{"rendered":"<p>L\u2019Acad\u00e8mia s\u2019estructura en un organigrama funcional que li permet desenvolupar les activitats cient\u00edfiques i acad\u00e8miques per les quals va ser creada. JUNTA GENERAL JUNTA DE GOVERN SENAT SECCIONS Ci\u00e8nciesSocials Ci\u00e8ncies de la Salut Ci\u00e8ncies Humanes Ci\u00e8ncies Experimentals Ci\u00e8ncies Tecnol\u00f2giques COMISSIONS Executiva Publicacions Admissions \u00c8tica INSTITUTS Relacions Internacionals i Institucionals (IRIEI) &nbsp; Les seves activitats principals [&hellip;]<\/p>\n","protected":false},"author":16,"featured_media":0,"parent":0,"menu_order":0,"comment_status":"open","ping_status":"open","template":"","meta":{"_et_pb_use_builder":"","_et_pb_old_content":"","_et_gb_content_width":"","footnotes":""},"class_list":["post-569","page","type-page","status-publish","hentry"],"yoast_head":"<!-- This site is optimized with the Yoast SEO plugin v27.4 - https:\/\/yoast.com\/product\/yoast-seo-wordpress\/ -->\n<title>ORGANIGRAMA - Reial Acad\u00e8mia Europea de Doctors<\/title>\n<meta name=\"description\" content=\"L\u2019Acad\u00e8mia s\u2019estructura en un organigrama funcional que li permet desenvolupar les activitats cient\u00edfiques i acad\u00e8miques per les quals va ser creada.\" \/>\n<meta name=\"robots\" content=\"index, follow, max-snippet:-1, max-image-preview:large, max-video-preview:-1\" \/>\n<link rel=\"canonical\" href=\"https:\/\/raed.academy\/ca\/organigrama\/\" \/>\n<meta property=\"og:locale\" content=\"ca_ES\" \/>\n<meta property=\"og:type\" content=\"article\" \/>\n<meta property=\"og:title\" content=\"ORGANIGRAMA - Reial Acad\u00e8mia Europea de Doctors\" \/>\n<meta property=\"og:description\" content=\"L\u2019Acad\u00e8mia s\u2019estructura en un organigrama funcional que li permet desenvolupar les activitats cient\u00edfiques i acad\u00e8miques per les quals va ser creada.\" \/>\n<meta property=\"og:url\" content=\"https:\/\/raed.academy\/ca\/organigrama\/\" \/>\n<meta property=\"og:site_name\" content=\"Reial Acad\u00e8mia Europea de Doctors\" \/>\n<meta property=\"article:publisher\" content=\"http:\/\/fb.me\/raed.academy\" \/>\n<meta property=\"article:modified_time\" content=\"2025-10-08T15:02:16+00:00\" \/>\n<meta name=\"twitter:card\" content=\"summary_large_image\" \/>\n<meta name=\"twitter:site\" content=\"@raedacademy\" \/>\n<meta name=\"twitter:label1\" content=\"Est. reading time\" \/>\n\t<meta name=\"twitter:data1\" content=\"2 minutes\" \/>\n<script type=\"application\/ld+json\" class=\"yoast-schema-graph\">{\"@context\":\"https:\\\/\\\/schema.org\",\"@graph\":[{\"@type\":\"WebPage\",\"@id\":\"https:\\\/\\\/raed.academy\\\/ca\\\/organigrama\\\/\",\"url\":\"https:\\\/\\\/raed.academy\\\/ca\\\/organigrama\\\/\",\"name\":\"ORGANIGRAMA - Reial Acad\u00e8mia Europea de Doctors\",\"isPartOf\":{\"@id\":\"https:\\\/\\\/raed.academy\\\/ca\\\/#website\"},\"datePublished\":\"2015-03-19T15:05:26+00:00\",\"dateModified\":\"2025-10-08T15:02:16+00:00\",\"description\":\"L\u2019Acad\u00e8mia s\u2019estructura en un organigrama funcional que li permet desenvolupar les activitats cient\u00edfiques i acad\u00e8miques per les quals va ser creada.\",\"breadcrumb\":{\"@id\":\"https:\\\/\\\/raed.academy\\\/ca\\\/organigrama\\\/#breadcrumb\"},\"inLanguage\":\"ca-ES\",\"potentialAction\":[{\"@type\":\"ReadAction\",\"target\":[\"https:\\\/\\\/raed.academy\\\/ca\\\/organigrama\\\/\"]}]},{\"@type\":\"BreadcrumbList\",\"@id\":\"https:\\\/\\\/raed.academy\\\/ca\\\/organigrama\\\/#breadcrumb\",\"itemListElement\":[{\"@type\":\"ListItem\",\"position\":1,\"name\":\"Inicio\",\"item\":\"https:\\\/\\\/raed.academy\\\/ca\\\/\"},{\"@type\":\"ListItem\",\"position\":2,\"name\":\"ORGANIGRAMA\"}]},{\"@type\":\"WebSite\",\"@id\":\"https:\\\/\\\/raed.academy\\\/ca\\\/#website\",\"url\":\"https:\\\/\\\/raed.academy\\\/ca\\\/\",\"name\":\"Reial Acad\u00e8mia Europea de Doctors\",\"description\":\"Corporaci\u00f3n de derecho p\u00fablico de car\u00e1cter cient\u00edfico, t\u00e9cnico y art\u00edstico, que tiene por objeto la investigaci\u00f3n, el estudio, el fomento y la extensi\u00f3n del conocimiento en su sentido m\u00e1s amplio\",\"publisher\":{\"@id\":\"https:\\\/\\\/raed.academy\\\/ca\\\/#organization\"},\"potentialAction\":[{\"@type\":\"SearchAction\",\"target\":{\"@type\":\"EntryPoint\",\"urlTemplate\":\"https:\\\/\\\/raed.academy\\\/ca\\\/?s={search_term_string}\"},\"query-input\":{\"@type\":\"PropertyValueSpecification\",\"valueRequired\":true,\"valueName\":\"search_term_string\"}}],\"inLanguage\":\"ca-ES\"},{\"@type\":\"Organization\",\"@id\":\"https:\\\/\\\/raed.academy\\\/ca\\\/#organization\",\"name\":\"Real Academia Europea de Doctores\",\"url\":\"https:\\\/\\\/raed.academy\\\/ca\\\/\",\"logo\":{\"@type\":\"ImageObject\",\"inLanguage\":\"ca-ES\",\"@id\":\"https:\\\/\\\/raed.academy\\\/ca\\\/#\\\/schema\\\/logo\\\/image\\\/\",\"url\":\"https:\\\/\\\/raed.academy\\\/wp-content\\\/uploads\\\/2017\\\/01\\\/cropped-logo_raed.png\",\"contentUrl\":\"https:\\\/\\\/raed.academy\\\/wp-content\\\/uploads\\\/2017\\\/01\\\/cropped-logo_raed.png\",\"width\":512,\"height\":512,\"caption\":\"Real Academia Europea de Doctores\"},\"image\":{\"@id\":\"https:\\\/\\\/raed.academy\\\/ca\\\/#\\\/schema\\\/logo\\\/image\\\/\"},\"sameAs\":[\"http:\\\/\\\/fb.me\\\/raed.academy\",\"https:\\\/\\\/x.com\\\/raedacademy\",\"https:\\\/\\\/www.instagram.com\\\/raed.academy\\\/\",\"https:\\\/\\\/www.youtube.com\\\/channel\\\/UCUYQwW2KrdirNWihxMDObwg\"]}]}<\/script>\n<!-- \/ Yoast SEO plugin. -->","yoast_head_json":{"title":"ORGANIGRAMA - Reial Acad\u00e8mia Europea de Doctors","description":"L\u2019Acad\u00e8mia s\u2019estructura en un organigrama funcional que li permet desenvolupar les activitats cient\u00edfiques i acad\u00e8miques per les quals va ser creada.","robots":{"index":"index","follow":"follow","max-snippet":"max-snippet:-1","max-image-preview":"max-image-preview:large","max-video-preview":"max-video-preview:-1"},"canonical":"https:\/\/raed.academy\/ca\/organigrama\/","og_locale":"ca_ES","og_type":"article","og_title":"ORGANIGRAMA - Reial Acad\u00e8mia Europea de Doctors","og_description":"L\u2019Acad\u00e8mia s\u2019estructura en un organigrama funcional que li permet desenvolupar les activitats cient\u00edfiques i acad\u00e8miques per les quals va ser creada.","og_url":"https:\/\/raed.academy\/ca\/organigrama\/","og_site_name":"Reial Acad\u00e8mia Europea de Doctors","article_publisher":"http:\/\/fb.me\/raed.academy","article_modified_time":"2025-10-08T15:02:16+00:00","twitter_card":"summary_large_image","twitter_site":"@raedacademy","twitter_misc":{"Est. reading time":"2 minutes"},"schema":{"@context":"https:\/\/schema.org","@graph":[{"@type":"WebPage","@id":"https:\/\/raed.academy\/ca\/organigrama\/","url":"https:\/\/raed.academy\/ca\/organigrama\/","name":"ORGANIGRAMA - Reial Acad\u00e8mia Europea de Doctors","isPartOf":{"@id":"https:\/\/raed.academy\/ca\/#website"},"datePublished":"2015-03-19T15:05:26+00:00","dateModified":"2025-10-08T15:02:16+00:00","description":"L\u2019Acad\u00e8mia s\u2019estructura en un organigrama funcional que li permet desenvolupar les activitats cient\u00edfiques i acad\u00e8miques per les quals va ser creada.","breadcrumb":{"@id":"https:\/\/raed.academy\/ca\/organigrama\/#breadcrumb"},"inLanguage":"ca-ES","potentialAction":[{"@type":"ReadAction","target":["https:\/\/raed.academy\/ca\/organigrama\/"]}]},{"@type":"BreadcrumbList","@id":"https:\/\/raed.academy\/ca\/organigrama\/#breadcrumb","itemListElement":[{"@type":"ListItem","position":1,"name":"Inicio","item":"https:\/\/raed.academy\/ca\/"},{"@type":"ListItem","position":2,"name":"ORGANIGRAMA"}]},{"@type":"WebSite","@id":"https:\/\/raed.academy\/ca\/#website","url":"https:\/\/raed.academy\/ca\/","name":"Reial Acad\u00e8mia Europea de Doctors","description":"Corporaci\u00f3n de derecho p\u00fablico de car\u00e1cter cient\u00edfico, t\u00e9cnico y art\u00edstico, que tiene por objeto la investigaci\u00f3n, el estudio, el fomento y la extensi\u00f3n del conocimiento en su sentido m\u00e1s amplio","publisher":{"@id":"https:\/\/raed.academy\/ca\/#organization"},"potentialAction":[{"@type":"SearchAction","target":{"@type":"EntryPoint","urlTemplate":"https:\/\/raed.academy\/ca\/?s={search_term_string}"},"query-input":{"@type":"PropertyValueSpecification","valueRequired":true,"valueName":"search_term_string"}}],"inLanguage":"ca-ES"},{"@type":"Organization","@id":"https:\/\/raed.academy\/ca\/#organization","name":"Real Academia Europea de Doctores","url":"https:\/\/raed.academy\/ca\/","logo":{"@type":"ImageObject","inLanguage":"ca-ES","@id":"https:\/\/raed.academy\/ca\/#\/schema\/logo\/image\/","url":"https:\/\/raed.academy\/wp-content\/uploads\/2017\/01\/cropped-logo_raed.png","contentUrl":"https:\/\/raed.academy\/wp-content\/uploads\/2017\/01\/cropped-logo_raed.png","width":512,"height":512,"caption":"Real Academia Europea de Doctores"},"image":{"@id":"https:\/\/raed.academy\/ca\/#\/schema\/logo\/image\/"},"sameAs":["http:\/\/fb.me\/raed.academy","https:\/\/x.com\/raedacademy","https:\/\/www.instagram.com\/raed.academy\/","https:\/\/www.youtube.com\/channel\/UCUYQwW2KrdirNWihxMDObwg"]}]}},"_links":{"self":[{"href":"https:\/\/raed.academy\/ca\/wp-json\/wp\/v2\/pages\/569","targetHints":{"allow":["GET"]}}],"collection":[{"href":"https:\/\/raed.academy\/ca\/wp-json\/wp\/v2\/pages"}],"about":[{"href":"https:\/\/raed.academy\/ca\/wp-json\/wp\/v2\/types\/page"}],"author":[{"embeddable":true,"href":"https:\/\/raed.academy\/ca\/wp-json\/wp\/v2\/users\/16"}],"replies":[{"embeddable":true,"href":"https:\/\/raed.academy\/ca\/wp-json\/wp\/v2\/comments?post=569"}],"version-history":[{"count":2,"href":"https:\/\/raed.academy\/ca\/wp-json\/wp\/v2\/pages\/569\/revisions"}],"predecessor-version":[{"id":171939,"href":"https:\/\/raed.academy\/ca\/wp-json\/wp\/v2\/pages\/569\/revisions\/171939"}],"wp:attachment":[{"href":"https:\/\/raed.academy\/ca\/wp-json\/wp\/v2\/media?parent=569"}],"curies":[{"name":"wp","href":"https:\/\/api.w.org\/{rel}","templated":true}]}}