{"id":55484,"date":"2018-08-11T17:12:27","date_gmt":"2018-08-11T17:12:27","guid":{"rendered":"http:\/\/raed.academy\/la-raed-en-los-medios\/"},"modified":"2019-12-20T12:45:25","modified_gmt":"2019-12-20T12:45:25","slug":"la-raed-als-mitjans","status":"publish","type":"page","link":"https:\/\/raed.academy\/ca\/la-raed-als-mitjans\/","title":{"rendered":"La RAED als mitjans de comunicaci\u00f3"},"content":{"rendered":"<div class=\"col-4 col-m-4 menuAcordeon continuo\" id=\"clippingsPrensa\" >\n<ul>\n<li><a class=\"acordeon\">CICLES PREMIS NOBEL<\/a>\n<div class=\"panel\">\n<ul>\n<li><a href=\"javascript:void(0)\" class=\"enlaceTab\" onclick=\"muestraTabSinMarcas(event, 'PremiosNobel')\" >Obra Social La Caixa y Fundaci\u00f3n Cajasol<\/a><\/li>\n<\/ul>\n<\/div>\n<\/li>\n<li><a class=\"acordeon\">CONCERTS AMB \u00c0NIMA<\/a>\n<div class=\"panel\">\n<ul>\n<li><a href=\"javascript:void(0)\" class=\"enlaceTab\" onclick=\"muestraTabSinMarcas(event, 'ParaLosValientes')\" >2\u00ba Concert i projecte &#8220;Pels valents&#8221;<\/a><\/li>\n<li><a href=\"javascript:void(0)\" class=\"enlaceTab\" onclick=\"muestraTabSinMarcas(event, 'FundacionClaros')\" >3\u00ba concert i presentaci\u00f3 de la Fundaci\u00f3 Clar\u00f3s<\/a><\/li>\n<\/ul>\n<\/div>\n<\/li>\n<li><a class=\"acordeon\">ACTES ACAD\u00c8MICS<\/a>\n<div class=\"panel\">\n<ul>\n<li><a href=\"javascript:void(0)\" class=\"enlaceTab\" onclick=\"muestraTabSinMarcas(event, '2019')\">2019<\/a><\/li>\n<li><a href=\"javascript:void(0)\" class=\"enlaceTab\" onclick=\"muestraTabSinMarcas(event, '2018')\">2018<\/a><\/li>\n<\/ul>\n<\/div>\n<\/li>\n<li><a class=\"acordeon\">CONGR\u00c9S RAED 2018<\/a>\n<div class=\"panel\">\n<ul>\n<li><a href=\"javascript:void(0)\" class=\"enlaceTab\" onclick=\"muestraTabSinMarcas(event, 'congreso2018')\">IV Acte Internacional de la RAED<\/a><\/li>\n<\/ul>\n<\/div>\n<\/li>\n<li><a class=\"acordeon\">MITJANS AUDIOVISUALS<\/a>\n<div class=\"panel\">\n<ul>\n<li><a href=\"javascript:void(0)\" class=\"enlaceTab\" onclick=\"muestraTabSinMarcas(event, 'valldemossa')\" id=\"predeterminado\">Roda de premsa a Valldemossa<\/a><\/li>\n<\/ul>\n<\/div>\n<\/li>\n<\/ul>\n<p>  <!-- final del listado completo -->\n<\/div>\n<p>\t<!--  Final de la capa de clases \"col-4 y etiqueta menuAcordeon  --><\/p>\n<div id=\"PremiosNobel\" class=\"contenidoTab col-8 seccion\">\n<h3><a href=\"http:\/\/www.obrasociallacaixa.org\/\" rel=\"noopener noreferrer\" target=\"_blank\">Obra Social La Caixa<\/a> y <a href=\"http:\/\/www.fundacioncajasol.es\/\" rel=\"noopener noreferrer\" target=\"_blank\">Fundaci\u00f3n Cajasol<\/a><\/h3>\n<p>S\u00e8rie de confer\u00e8ncies impartides per Premis Nobel:<\/p>\n<ul>\n<li><strong>&#8220;La ci\u00e8ncia vista a trav\u00e9s dels ulls de Premis Nobel&#8221;<\/strong>, celebrat al CosmoCaixa de Barcelona organitzat per la <a href=\"http:\/\/www.obrasociallacaixa.org\/\" rel=\"noopener noreferrer\" target=\"_blank\">Obra Social La Caixa<\/a>.<\/li>\n<li><strong>\u201cTalento Nobel\u201d<\/strong>, organitzat a Sevilla per la <a href=\"http:\/\/www.fundacioncajasol.es\/\" rel=\"noopener noreferrer\" target=\"_blank\">Fundaci\u00f3n Cajasol<\/a>.<\/li>\n<\/ul>\n<p>Premis Nobel participants: <a href=\"http:\/\/raed.academy\/ca\/academics\/dr-sheldon-lee-glashow\/\" rel=\"noopener noreferrer\" target=\"_blank\"><strong>Sheldon Glashow<\/strong><\/a>, <a href=\"http:\/\/raed.academy\/ca\/academics\/dr-aaron-ciechanover\/\" rel=\"noopener noreferrer\" target=\"_blank\"><strong>Aaron Ciechanover<\/strong><\/a>, <a href=\"http:\/\/raed.academy\/ca\/academics\/dra-ada-yonath\/\" rel=\"noopener noreferrer\" target=\"_blank\"><strong>Ada Yonath<\/strong><\/a>, <a href=\"http:\/\/raed.academy\/ca\/academics\/dr-richard-roberts\/\" rel=\"noopener noreferrer\" target=\"_blank\"><strong>Richard Roberts<\/strong><\/a> y <a href=\"http:\/\/raed.academy\/ca\/academics\/dr-jerome-isaac-friedman\/\" rel=\"noopener noreferrer\" target=\"_blank\"><strong>Jerome Friedman<\/strong><\/a>.<\/p>\n<div style=\"text-align:center;\">\n<div style=\"margin:8px 0px 4px;\"><a href=\"https:\/\/www.calameo.com\/books\/00547375458c0f885c430\" target=\"_blank\" rel=\"noopener noreferrer\">Ciclo de conferencias Premios Nobel 2018 | 2018&#47;02&#47;19. V5<\/a><\/div>\n<p><iframe loading=\"lazy\" src=\"\/\/v.calameo.com\/?bkcode=00547375458c0f885c430&#038;mode=mini\" width=\"480\" height=\"300\" frameborder=\"0\" scrolling=\"no\" allowtransparency allowfullscreen style=\"margin:0 auto;\"><\/iframe><\/div>\n<\/div>\n<div id=\"ParaLosValientes\" class=\"contenidoTab col-8 seccion\">\n<h3>2n concert del cicle &#8220;Concerts amb \u00e0nima&#8221; i presentaci\u00f3 de la iniciativa &#8220;Pels valents&#8221;<\/h3>\n<div style=\"text-align:center;\"><iframe loading=\"lazy\" src=\"\/\/v.calameo.com\/?bkcode=005473754348fa0a2a18b&#038;mode=mini&#038;clickto=view&#038;clicktarget=_self\" width=\"480\" height=\"300\" frameborder=\"0\" scrolling=\"no\" allowtransparency allowfullscreen style=\"margin:0 auto;\"><\/iframe><\/div>\n<\/div>\n<div id=\"FundacionClaros\" class=\"contenidoTab col-8 seccion\">\n<h3>3r concert del cicle &#8220;Concerts amb \u00e0nima&#8221; i presentaci\u00f3 de la <a href=\"http:\/\/www.fundacionclaros.com\/\" rel=\"noopener noreferrer\" target=\"_blank\">Fundaci\u00f3 Clar\u00f3s<\/a><\/h3>\n<div style=\"text-align:center;\"><iframe loading=\"lazy\" src=\"\/\/v.calameo.com\/?bkcode=005473754f25395c7890b&#038;mode=mini\" width=\"480\" height=\"300\" frameborder=\"0\" scrolling=\"no\" allowtransparency allowfullscreen style=\"margin:0 auto;\"><\/iframe><\/div>\n<\/div>\n<div id=\"2019\" class=\"contenidoTab col-8 seccion\">\n<h3>Trobada Cient\u00edfica de la Reial Acad\u00e8mia de Medicina de l&#8217;Pa\u00eds Basc (RAMPV-EHMEA) amb la Reial Acad\u00e8mia Europea de Doctors (RAED)<\/h3>\n<h4>Bilbao, 23 de gener de 2019<\/h4>\n<div style=\"text-align:center;\"><iframe loading=\"lazy\" src=\"\/\/v.calameo.com\/?bkcode=0054737540705b215d902&#038;mode=mini\" width=\"480\" height=\"300\" frameborder=\"0\" scrolling=\"no\" allowtransparency allowfullscreen style=\"margin:0 auto;\"><\/iframe><\/div>\n<p><a href=\"https:\/\/raed.academy\/wp-content\/uploads\/2019\/03\/2019-01-30.El_Correo-JR-Calvo_Mosquitos-comp.pdf\" rel=\"noopener noreferrer\" target=\"_blank\"><\/p>\n<h4>Article de premsa de &#8216;El Correo&#8217;<\/h4>\n<p><\/a><\/p>\n<hr>\n<h3>Acte \u201c100t\u00edfiques\u201d amb els Acad\u00e8mics d&#8217;Honor de la RAED Drs. Ada Yonath y Jerome Friedman<\/h3>\n<div style=\"text-align:center;\"><iframe loading=\"lazy\" src=\"\/\/v.calameo.com\/?bkcode=0054737544b7ebd850a0b&#038;mode=mini&#038;clickto=view&#038;clicktarget=_self\" width=\"480\" height=\"300\" frameborder=\"0\" scrolling=\"no\" allowtransparency allowfullscreen style=\"margin:0 auto;\"><\/iframe><\/div>\n<hr>\n<h3>Ingr\u00e9s dels Germans Roca a la RAED: Joan Roca i Fontan\u00e9, Josep Roca i Fontan\u00e9 y Jordi Roca i Fontan\u00e9<\/h3>\n<div style=\"text-align: center;\"><iframe loading=\"lazy\" style=\"margin: 0 auto;\" src=\"\/\/v.calameo.com\/?bkcode=0054737542b44c68bf858&amp;mode=mini&amp;clickto=view&amp;clicktarget=_self\" scrolling=\"no\" allowfullscreen=\"allowfullscreen\" width=\"480\" height=\"300\" frameborder=\"0\"><\/iframe><\/div>\n<hr>\n<h3>Ingr\u00e9s del Dr. Josep Maria Guilemany Casadamon a la RAED<\/h3>\n<div style=\"text-align:center;\"><iframe loading=\"lazy\" src=\"\/\/v.calameo.com\/?bkcode=0054737548b41e206c879&amp;mode=mini&amp;clickto=view&amp;clicktarget=_self\" scrolling=\"no\" allowtransparency=\"\" allowfullscreen=\"\" style=\"margin:0 auto;\" width=\"480\" height=\"300\" frameborder=\"0\"><\/iframe><\/div>\n<hr>\n<h3>Els riscos d&#8217;envellir aqu\u00ed i ara. Un di\u00e0leg cr\u00edtic sobre els maltractaments a la gent gran<\/h3>\n<h4>Reial Cercle Art\u00edstic de Barcelona, 12 de desembre de 2019<\/h4>\n<div style=\"text-align:center;\"><iframe loading=\"lazy\" src=\"\/\/v.calameo.com\/?bkcode=0054737544c12ce945651&#038;mode=mini&#038;clickto=view&#038;clicktarget=_blank\" width=\"560\" height=\"350\" frameborder=\"0\" scrolling=\"no\" allowtransparency allowfullscreen style=\"margin:0 auto;\"><\/iframe><\/div>\n<hr>\n<\/div>\n<div id=\"2018\" class=\"contenidoTab col-8 seccion\">\n<h3>Presentaci\u00f3 del llibre &#8220;La noria del siglo XXI, del Dr. Xabier A\u00f1overos<\/h3>\n<div style=\"text-align:center;\"><iframe loading=\"lazy\" src=\"\/\/v.calameo.com\/?bkcode=0054737545ce16da79d41&#038;mode=mini&#038;showsharemenu=false&#038;clickto=view&#038;clicktarget=_blank\" width=\"480\" height=\"300\" frameborder=\"0\" scrolling=\"no\" allowtransparency allowfullscreen style=\"margin:0 auto;\"><\/iframe><\/div>\n<hr>\n<h3>Debat \u201cHidrataci\u00f3n y salud en la Europa del siglo XXI\u201d<\/h3>\n<p>Debat amb el t\u00edtol &#8220;Hidrataci\u00f3 i salut a l&#8217;Europa del segle XXI&#8221;, que va tenir lloc a Barcelona el 22 de mar\u00e7 de 2018 coincidint amb la celebraci\u00f3 del Dia Mundial de l&#8217;Aigua. Impactes en premsa.<br \/>\nL&#8217;acte va ser moderat per <a href=\"http:\/\/raed.academy\/academicos\/dra-maria-dels-angels-calvo-torras\/\" rel=\"noopener noreferrer\" target=\"_blank\"><strong>Maria \u00c0ngels Calvo<\/strong><\/a>, i va comptar amb la participaci\u00f3 de <a href=\"http:\/\/raed.academy\/academicos\/dr-lluis-serra-majem\/\" rel=\"noopener noreferrer\" target=\"_blank\"><strong>Llu\u00eds Serra Majem<\/strong><\/a>, <a href=\"http:\/\/raed.academy\/academicos\/dr-javier-aranceta-bartrina\/\" rel=\"noopener noreferrer\" target=\"_blank\"><strong>Javier Aranceta<\/strong><\/a>, <strong>Rafael Urrialde<\/strong> i <strong>Faustino Mu\u00f1oz<\/strong>.<\/p>\n<div style=\"text-align:center;\"><iframe loading=\"lazy\" src=\"\/\/v.calameo.com\/?bkcode=0054737544c1bb21cae84&#038;mode=mini&#038;clickto=view&#038;clicktarget=_blank\" width=\"480\" height=\"300\" frameborder=\"0\" scrolling=\"no\" allowtransparency allowfullscreen style=\"margin:0 auto;\"><\/iframe><\/div>\n<p><a href=\"http:\/\/raed.academy\/beber-agua\/\">M\u00e9s informaci\u00f3 sobre l&#8217;acte<\/a>.<\/p>\n<hr>\n<h3> Discurs de Dilma Rousseff, expresidenta del Brasil <\/h3>\n<p>La seva intervenci\u00f3 va tenir lloc el 12 d&#8217;abril del 2018, en un acte celebrat per la RAED a Barcelona. Rousseff va pronunciar el discurs &#8220;Brasil, la meva experi\u00e8ncia com a presidenta&#8221;, on va repassar el seu mandat presidencial entre 2011 i 2016 i va explicar l&#8217;actual situaci\u00f3 social i pol\u00edtica que viu el pa\u00eds. Impactes a la premsa.<\/p>\n<div style=\"text-align:center;\"><iframe loading=\"lazy\" src=\"\/\/v.calameo.com\/?bkcode=0054737543f769950fdf5&#038;mode=mini&#038;clickto=view&#038;clicktarget=_blank\" width=\"480\" height=\"300\" frameborder=\"0\" scrolling=\"no\" allowtransparency allowfullscreen style=\"margin:0 auto;\"><\/iframe><\/div>\n<p><a href=\"http:\/\/raed.academy\/discurso-dilma-rousseff-raed\/\">M\u00e9s informaci\u00f3 sobre l&#8217;acte<\/a>.<\/p>\n<hr>\n<h3>Debat &#8220;Tabaquisme, present i futur&#8221;<\/h3>\n<p>Debat organitzat per la RAED amb el t\u00edtol &#8220;Tabaquisme, present i futur&#8221;, celebrat en 31 de maig del 2018, coincidint amb el dia mundial anti-tabac.<\/p>\n<div style=\"text-align:center;\"><iframe loading=\"lazy\" src=\"\/\/v.calameo.com\/?bkcode=005473754bc1d4868ba8e&#038;mode=mini&#038;clickto=view&#038;clicktarget=_blank\" width=\"480\" height=\"300\" frameborder=\"0\" scrolling=\"no\" allowtransparency allowfullscreen style=\"margin:0 auto;\"><\/iframe><\/div>\n<p><a href=\"http:\/\/raed.academy\/debate-sobre-tabaquismo\/\">M\u00e9s informaci\u00f3 sobre l&#8217;acto<\/a>.<\/p>\n<hr>\n<h3>Debat &#8220;La educaci\u00f3n en tecnolog\u00eda. La ense\u00f1anza de la ingenier\u00eda: un modelo en revisi\u00f3n en Espa\u00f1a\u201d<\/h3>\n<p>Acte celebrat a la sede de la RAED en 5 de juny de 2018&#8243;<\/p>\n<div style=\"text-align:center;\"><iframe loading=\"lazy\" src=\"\/\/v.calameo.com\/?bkcode=005473754e4b0728973d2&#038;mode=mini&#038;clickto=view&#038;clicktarget=_blank\" width=\"480\" height=\"300\" frameborder=\"0\" scrolling=\"no\" allowtransparency allowfullscreen style=\"margin:0 auto;\"><\/iframe><\/div>\n<p><a href=\"http:\/\/raed.academy\/educacion-tecnologia-ingenieria\/\">M\u00e9s informaci\u00f3 sobre l&#8217;acte<\/a>.<\/p>\n<hr>\n<h3>Debat &#8220;Mujeres que cambian el mundo&#8221;<\/h3>\n<p>Celebrat a Madrid en 21 de juny de 2018.<br \/>\nParticipants: <a href=\"http:\/\/raed.academy\/ca\/academics\/dra-teresa-freixes-sanjuan\/\" rel=\"noopener noreferrer\" target=\"_blank\"><strong>Teresa Freixes<\/strong><\/a>, <strong>Paloma Domingo<\/strong>, <strong>Ana Bujald\u00f3n<\/strong>, <strong>Rosa Rubio<\/strong>, <strong>Arantza Mart\u00ednez<\/strong>, <strong>Karen Bia\u00edn<\/strong>. Va moderar el debat <strong>Cecilia Kindel\u00e1n<\/strong>.<\/p>\n<div style=\"text-align:center;\"><iframe loading=\"lazy\" src=\"\/\/v.calameo.com\/?bkcode=00547375425a94eb4ae1d&#038;mode=mini&#038;clickto=view&#038;clicktarget=_blank\" width=\"480\" height=\"300\" frameborder=\"0\" scrolling=\"no\" allowtransparency allowfullscreen style=\"margin:0 auto;\"><\/iframe><\/div>\n<p><a href=\"http:\/\/raed.academy\/mujeres-que-cambian-el-mundo-2\/\">M\u00e9s informaci\u00f3 sobre l&#8217;acte<\/a>.\n<\/div>\n<p><!-- Final del contenidoTab 2018 --><\/p>\n<div id=\"congreso2018\" class=\"contenidoTab col-8 seccion\">\n<h3>IV Acto Internacional de la RAED \u2013 Congreso Europeo de Investigaciones Interdisciplinarias \u201cCiencia, \u00c9tica y Humanismo\u201d<\/h3>\n<p>Celebrado entre el 11 y el 18 de julio de 2018. Ajaccio \u2013 Civitavecchia \u2013 La Spezia \u2013 Genova \u2013 Cannes \u2013 Palma de Mallorca.<\/p>\n<p>Impactos en la prensa.<\/p>\n<div style=\"text-align:center;\"><iframe loading=\"lazy\" src=\"\/\/v.calameo.com\/?bkcode=00547375444f8b4de3b82&#038;mode=mini&#038;clickto=view&#038;clicktarget=_blank\" width=\"480\" height=\"300\" frameborder=\"0\" scrolling=\"no\" allowtransparency allowfullscreen style=\"margin:0 auto;\"><\/iframe><\/div>\n<p><a href=\"http:\/\/raed.academy\/iv-acto-internacional\/\">M\u00e1s informaci\u00f3n sobre el congreso<\/a>.\n<\/div>\n<div id=\"valldemossa\" class=\"contenidoTab col-8 seccion\">\n<h3>Rueda de prensa en Valldemossa<\/h3>\n<p>Rueda de prensa en la localidad de Valldemossa, Mallorca, en 17\/07\/2018, a los Acad\u00e9micos de Honor y Premios Nobel <a href=\"http:\/\/raed.academy\/academicos\/dr-barry-clark-barish\/\" rel=\"noopener noreferrer\" target=\"_blank\"><strong>Barry Barish<\/strong><\/a>, <a href=\"http:\/\/raed.academy\/academicos\/dr-richard-royce-schrock\/\" rel=\"noopener noreferrer\" target=\"_blank\"><strong>Richard Schrock<\/strong><\/a>, <a href=\"http:\/\/raed.academy\/academicos\/dr-jerome-isaac-friedman\/\" rel=\"noopener noreferrer\" target=\"_blank\"><strong>Jerome I. Friedman<\/strong><\/a> y <a href=\"http:\/\/raed.academy\/academicos\/dr-aaron-ciechanover\/\" rel=\"noopener noreferrer\" target=\"_blank\"><strong>Aaron Ciechanover<\/strong><\/a>; y a la Acad\u00e9mica de Honor y expresidenta de Ecuador <a href=\"http:\/\/raed.academy\/academicos\/dra-rosalia-arteaga-serrano\/\" rel=\"noopener noreferrer\" target=\"_blank\"><strong>Rosal\u00eda Arteaga<\/strong><\/a><br \/>\nLos actos en Valldemossa se enmarcan dentro del <a href=\"http:\/\/raed.academy\/iv-acto-internacional\/\"><strong>IV Acto Internacional de la RAED<\/strong><\/a>.<br \/>\n<a href=\"http:\/\/raed.academy\/iv-acto-internacional\/\">M\u00e1s informaci\u00f3n sobre el congreso<\/a>.<\/p>\n<h4>IB3 NOT\u00cdCIES<\/h4>\n<p><iframe loading=\"lazy\" width=\"640\" height=\"360\" src=\"https:\/\/www.youtube.com\/embed\/4lp-NPV5C-4\" frameborder=\"0\" allow=\"autoplay; encrypted-media\" allowfullscreen><\/iframe><\/p>\n<h4>Informatiu Balear-TVE<\/h4>\n<p><iframe loading=\"lazy\" width=\"640\" height=\"360\" src=\"https:\/\/www.youtube.com\/embed\/ZAiri_gxTCU\" frameborder=\"0\" allow=\"autoplay; encrypted-media\" allowfullscreen><\/iframe><\/p>\n<h4>Diario de Mallorca<\/h4>\n<p><iframe loading=\"lazy\" width=\"640\" height=\"360\" src=\"https:\/\/www.youtube.com\/embed\/3GovPsE_1So\" frameborder=\"0\" allow=\"autoplay; encrypted-media\" allowfullscreen><\/iframe><\/p>\n<\/div>\n<p><script type=\"text\/javascript\" src=\"\/wp-content\/themes\/raed-extra-child\/js\/scripts.js\"><\/script><br \/>\n<script  type=\"text\/javascript\" src=\"\/wp-content\/themes\/raed-extra-child\/js\/efecto-acordeon.js\"><\/script><\/p>\n","protected":false},"excerpt":{"rendered":"<p>CICLES PREMIS NOBEL Obra Social La Caixa y Fundaci\u00f3n Cajasol CONCERTS AMB \u00c0NIMA 2\u00ba Concert i projecte &#8220;Pels valents&#8221; 3\u00ba concert i presentaci\u00f3 de la Fundaci\u00f3 Clar\u00f3s ACTES ACAD\u00c8MICS 2019 2018 CONGR\u00c9S RAED 2018 IV Acte Internacional de la RAED MITJANS AUDIOVISUALS Roda de premsa a Valldemossa Obra Social La Caixa y Fundaci\u00f3n Cajasol S\u00e8rie [&hellip;]<\/p>\n","protected":false},"author":16,"featured_media":0,"parent":0,"menu_order":0,"comment_status":"closed","ping_status":"closed","template":"page-template-fullwidth.php","meta":{"_et_pb_use_builder":"","_et_pb_old_content":"","_et_gb_content_width":"","footnotes":""},"class_list":["post-55484","page","type-page","status-publish","hentry"],"yoast_head":"<!-- This site is optimized with the Yoast SEO plugin v27.4 - https:\/\/yoast.com\/product\/yoast-seo-wordpress\/ -->\n<title>La RAED als mitjans de comunicaci\u00f3 - Reial Acad\u00e8mia Europea de Doctors<\/title>\n<meta name=\"description\" content=\"La Real Academia Europea de Doctores en los medios de comunicaci\u00f3n: impactos en la prensa, radio, televisi\u00f3n, Internet, ...\" \/>\n<meta name=\"robots\" content=\"index, follow, max-snippet:-1, max-image-preview:large, max-video-preview:-1\" \/>\n<link rel=\"canonical\" href=\"https:\/\/raed.academy\/ca\/la-raed-als-mitjans\/\" \/>\n<meta property=\"og:locale\" content=\"ca_ES\" \/>\n<meta property=\"og:type\" content=\"article\" \/>\n<meta property=\"og:title\" content=\"La RAED als mitjans de comunicaci\u00f3 - Reial Acad\u00e8mia Europea de Doctors\" \/>\n<meta property=\"og:description\" content=\"La Real Academia Europea de Doctores en los medios de comunicaci\u00f3n: impactos en la prensa, radio, televisi\u00f3n, Internet, ...\" \/>\n<meta property=\"og:url\" content=\"https:\/\/raed.academy\/ca\/la-raed-als-mitjans\/\" \/>\n<meta property=\"og:site_name\" content=\"Reial Acad\u00e8mia Europea de Doctors\" \/>\n<meta property=\"article:publisher\" content=\"http:\/\/fb.me\/raed.academy\" \/>\n<meta property=\"article:modified_time\" content=\"2019-12-20T12:45:25+00:00\" \/>\n<meta name=\"twitter:card\" content=\"summary_large_image\" \/>\n<meta name=\"twitter:site\" content=\"@raedacademy\" \/>\n<meta name=\"twitter:label1\" content=\"Est. reading time\" \/>\n\t<meta name=\"twitter:data1\" content=\"3 minutes\" \/>\n<script type=\"application\/ld+json\" class=\"yoast-schema-graph\">{\"@context\":\"https:\\\/\\\/schema.org\",\"@graph\":[{\"@type\":\"WebPage\",\"@id\":\"https:\\\/\\\/raed.academy\\\/ca\\\/la-raed-als-mitjans\\\/\",\"url\":\"https:\\\/\\\/raed.academy\\\/ca\\\/la-raed-als-mitjans\\\/\",\"name\":\"La RAED als mitjans de comunicaci\u00f3 - Reial Acad\u00e8mia Europea de Doctors\",\"isPartOf\":{\"@id\":\"https:\\\/\\\/raed.academy\\\/ca\\\/#website\"},\"datePublished\":\"2018-08-11T17:12:27+00:00\",\"dateModified\":\"2019-12-20T12:45:25+00:00\",\"description\":\"La Real Academia Europea de Doctores en los medios de comunicaci\u00f3n: impactos en la prensa, radio, televisi\u00f3n, Internet, ...\",\"breadcrumb\":{\"@id\":\"https:\\\/\\\/raed.academy\\\/ca\\\/la-raed-als-mitjans\\\/#breadcrumb\"},\"inLanguage\":\"ca-ES\",\"potentialAction\":[{\"@type\":\"ReadAction\",\"target\":[\"https:\\\/\\\/raed.academy\\\/ca\\\/la-raed-als-mitjans\\\/\"]}]},{\"@type\":\"BreadcrumbList\",\"@id\":\"https:\\\/\\\/raed.academy\\\/ca\\\/la-raed-als-mitjans\\\/#breadcrumb\",\"itemListElement\":[{\"@type\":\"ListItem\",\"position\":1,\"name\":\"Inicio\",\"item\":\"https:\\\/\\\/raed.academy\\\/ca\\\/\"},{\"@type\":\"ListItem\",\"position\":2,\"name\":\"La RAED als mitjans de comunicaci\u00f3\"}]},{\"@type\":\"WebSite\",\"@id\":\"https:\\\/\\\/raed.academy\\\/ca\\\/#website\",\"url\":\"https:\\\/\\\/raed.academy\\\/ca\\\/\",\"name\":\"Reial Acad\u00e8mia Europea de Doctors\",\"description\":\"Corporaci\u00f3n de derecho p\u00fablico de car\u00e1cter cient\u00edfico, t\u00e9cnico y art\u00edstico, que tiene por objeto la investigaci\u00f3n, el estudio, el fomento y la extensi\u00f3n del conocimiento en su sentido m\u00e1s amplio\",\"publisher\":{\"@id\":\"https:\\\/\\\/raed.academy\\\/ca\\\/#organization\"},\"potentialAction\":[{\"@type\":\"SearchAction\",\"target\":{\"@type\":\"EntryPoint\",\"urlTemplate\":\"https:\\\/\\\/raed.academy\\\/ca\\\/?s={search_term_string}\"},\"query-input\":{\"@type\":\"PropertyValueSpecification\",\"valueRequired\":true,\"valueName\":\"search_term_string\"}}],\"inLanguage\":\"ca-ES\"},{\"@type\":\"Organization\",\"@id\":\"https:\\\/\\\/raed.academy\\\/ca\\\/#organization\",\"name\":\"Real Academia Europea de Doctores\",\"url\":\"https:\\\/\\\/raed.academy\\\/ca\\\/\",\"logo\":{\"@type\":\"ImageObject\",\"inLanguage\":\"ca-ES\",\"@id\":\"https:\\\/\\\/raed.academy\\\/ca\\\/#\\\/schema\\\/logo\\\/image\\\/\",\"url\":\"https:\\\/\\\/raed.academy\\\/wp-content\\\/uploads\\\/2017\\\/01\\\/cropped-logo_raed.png\",\"contentUrl\":\"https:\\\/\\\/raed.academy\\\/wp-content\\\/uploads\\\/2017\\\/01\\\/cropped-logo_raed.png\",\"width\":512,\"height\":512,\"caption\":\"Real Academia Europea de Doctores\"},\"image\":{\"@id\":\"https:\\\/\\\/raed.academy\\\/ca\\\/#\\\/schema\\\/logo\\\/image\\\/\"},\"sameAs\":[\"http:\\\/\\\/fb.me\\\/raed.academy\",\"https:\\\/\\\/x.com\\\/raedacademy\",\"https:\\\/\\\/www.instagram.com\\\/raed.academy\\\/\",\"https:\\\/\\\/www.youtube.com\\\/channel\\\/UCUYQwW2KrdirNWihxMDObwg\"]}]}<\/script>\n<!-- \/ Yoast SEO plugin. -->","yoast_head_json":{"title":"La RAED als mitjans de comunicaci\u00f3 - Reial Acad\u00e8mia Europea de Doctors","description":"La Real Academia Europea de Doctores en los medios de comunicaci\u00f3n: impactos en la prensa, radio, televisi\u00f3n, Internet, ...","robots":{"index":"index","follow":"follow","max-snippet":"max-snippet:-1","max-image-preview":"max-image-preview:large","max-video-preview":"max-video-preview:-1"},"canonical":"https:\/\/raed.academy\/ca\/la-raed-als-mitjans\/","og_locale":"ca_ES","og_type":"article","og_title":"La RAED als mitjans de comunicaci\u00f3 - Reial Acad\u00e8mia Europea de Doctors","og_description":"La Real Academia Europea de Doctores en los medios de comunicaci\u00f3n: impactos en la prensa, radio, televisi\u00f3n, Internet, ...","og_url":"https:\/\/raed.academy\/ca\/la-raed-als-mitjans\/","og_site_name":"Reial Acad\u00e8mia Europea de Doctors","article_publisher":"http:\/\/fb.me\/raed.academy","article_modified_time":"2019-12-20T12:45:25+00:00","twitter_card":"summary_large_image","twitter_site":"@raedacademy","twitter_misc":{"Est. reading time":"3 minutes"},"schema":{"@context":"https:\/\/schema.org","@graph":[{"@type":"WebPage","@id":"https:\/\/raed.academy\/ca\/la-raed-als-mitjans\/","url":"https:\/\/raed.academy\/ca\/la-raed-als-mitjans\/","name":"La RAED als mitjans de comunicaci\u00f3 - Reial Acad\u00e8mia Europea de Doctors","isPartOf":{"@id":"https:\/\/raed.academy\/ca\/#website"},"datePublished":"2018-08-11T17:12:27+00:00","dateModified":"2019-12-20T12:45:25+00:00","description":"La Real Academia Europea de Doctores en los medios de comunicaci\u00f3n: impactos en la prensa, radio, televisi\u00f3n, Internet, ...","breadcrumb":{"@id":"https:\/\/raed.academy\/ca\/la-raed-als-mitjans\/#breadcrumb"},"inLanguage":"ca-ES","potentialAction":[{"@type":"ReadAction","target":["https:\/\/raed.academy\/ca\/la-raed-als-mitjans\/"]}]},{"@type":"BreadcrumbList","@id":"https:\/\/raed.academy\/ca\/la-raed-als-mitjans\/#breadcrumb","itemListElement":[{"@type":"ListItem","position":1,"name":"Inicio","item":"https:\/\/raed.academy\/ca\/"},{"@type":"ListItem","position":2,"name":"La RAED als mitjans de comunicaci\u00f3"}]},{"@type":"WebSite","@id":"https:\/\/raed.academy\/ca\/#website","url":"https:\/\/raed.academy\/ca\/","name":"Reial Acad\u00e8mia Europea de Doctors","description":"Corporaci\u00f3n de derecho p\u00fablico de car\u00e1cter cient\u00edfico, t\u00e9cnico y art\u00edstico, que tiene por objeto la investigaci\u00f3n, el estudio, el fomento y la extensi\u00f3n del conocimiento en su sentido m\u00e1s amplio","publisher":{"@id":"https:\/\/raed.academy\/ca\/#organization"},"potentialAction":[{"@type":"SearchAction","target":{"@type":"EntryPoint","urlTemplate":"https:\/\/raed.academy\/ca\/?s={search_term_string}"},"query-input":{"@type":"PropertyValueSpecification","valueRequired":true,"valueName":"search_term_string"}}],"inLanguage":"ca-ES"},{"@type":"Organization","@id":"https:\/\/raed.academy\/ca\/#organization","name":"Real Academia Europea de Doctores","url":"https:\/\/raed.academy\/ca\/","logo":{"@type":"ImageObject","inLanguage":"ca-ES","@id":"https:\/\/raed.academy\/ca\/#\/schema\/logo\/image\/","url":"https:\/\/raed.academy\/wp-content\/uploads\/2017\/01\/cropped-logo_raed.png","contentUrl":"https:\/\/raed.academy\/wp-content\/uploads\/2017\/01\/cropped-logo_raed.png","width":512,"height":512,"caption":"Real Academia Europea de Doctores"},"image":{"@id":"https:\/\/raed.academy\/ca\/#\/schema\/logo\/image\/"},"sameAs":["http:\/\/fb.me\/raed.academy","https:\/\/x.com\/raedacademy","https:\/\/www.instagram.com\/raed.academy\/","https:\/\/www.youtube.com\/channel\/UCUYQwW2KrdirNWihxMDObwg"]}]}},"_links":{"self":[{"href":"https:\/\/raed.academy\/ca\/wp-json\/wp\/v2\/pages\/55484","targetHints":{"allow":["GET"]}}],"collection":[{"href":"https:\/\/raed.academy\/ca\/wp-json\/wp\/v2\/pages"}],"about":[{"href":"https:\/\/raed.academy\/ca\/wp-json\/wp\/v2\/types\/page"}],"author":[{"embeddable":true,"href":"https:\/\/raed.academy\/ca\/wp-json\/wp\/v2\/users\/16"}],"replies":[{"embeddable":true,"href":"https:\/\/raed.academy\/ca\/wp-json\/wp\/v2\/comments?post=55484"}],"version-history":[{"count":0,"href":"https:\/\/raed.academy\/ca\/wp-json\/wp\/v2\/pages\/55484\/revisions"}],"wp:attachment":[{"href":"https:\/\/raed.academy\/ca\/wp-json\/wp\/v2\/media?parent=55484"}],"curies":[{"name":"wp","href":"https:\/\/api.w.org\/{rel}","templated":true}]}}