{"id":531,"date":"2015-03-19T11:19:18","date_gmt":"2015-03-19T11:19:18","guid":{"rendered":"http:\/\/radd.eu\/?page_id=531"},"modified":"2020-11-26T12:19:56","modified_gmt":"2020-11-26T12:19:56","slug":"galeria-de-presidents","status":"publish","type":"page","link":"https:\/\/raed.academy\/ca\/galeria-de-presidents\/","title":{"rendered":"GALERIA DE PRESIDENTS"},"content":{"rendered":"<hr \/>\n<p>Volem rendir aqu\u00ed homenatge a l&#8217;empremta deixada per cada deg\u00e0 , ja que els deganats s\u00f3n com les pedres miliars de la nostra hist\u00f2ria acad\u00e8mica. No obstant, no hem d&#8217;oblidar que els equips de govern i els acad\u00e8mics que han passat per la instituci\u00f3 s\u00f3n els veritables protagonistes de la hist\u00f2ria centen\u00e0ria de la Reial Acad\u00e8mia Europea de Doctors. Sent m\u00e9s precisos, els degans s\u00f3n la representaci\u00f3 personalitzada d&#8217;aquest esfor\u00e7 col\u00b7lectiu que ha portat a l&#8217;Acad\u00e8mia a aconseguir el prestigi i la solv\u00e8ncia intel\u00b7lectual que gaudeix avui dia.<\/p>\n<h3><strong>\u00c1lvaro Esquerdo Esquerdo<br \/>\n<\/strong><em>(1914-1921)<\/em><\/h3>\n<p><img loading=\"lazy\" decoding=\"async\" class=\"size-full wp-image-8323 alignright\" src=\"https:\/\/raed.academy\/wp-content\/uploads\/2015\/01\/1.png\" alt=\"1\" width=\"150\" height=\"224\" \/>El Dr. \u00c1lvaro Esquerdo (la Vila Joiosa 1853-Barcelona 1921) va ser fundador en 1914 i deg\u00e0-president fins a 1921 de l&#8217;Agrupaci\u00f3 de Doctors Matriculats de Catalunya, germen inicial de l&#8217;actual Reial Acad\u00e8mia Europea de Doctors.<\/p>\n<p>Encara que pogu\u00e9s semblar que els doctors inscrits en l&#8217;Agrupaci\u00f3 de Doctors Matriculats a l&#8217;entorn del Dr. \u00c1lvaro Esquerdo tenien com a \u00fanic objectiu ennoblir personalment i com a grup, el seu prop\u00f2sit no va ser altre que dignificar la figura del doctor i prestigiar una activitat professoral que en aquell temps estava bastant deteriorada. L&#8217;elecci\u00f3 com a primer deg\u00e0-president del Dr. Esquerdo, eminent cirurgi\u00e0 i home de ci\u00e8ncia, va suposar el comen\u00e7ament de la dignificaci\u00f3 del t\u00edtol de doctor a casa nostra tant per als doctors universitaris com per als professionals. Amb ell es va posar simb\u00f2licament la primera pedra del gran edifici sapiencial que construirien les seg\u00fcents generacions de doctors.<\/p>\n<h3><strong>Pedro Gerardo Maristany i Oliver<br \/>\n<\/strong><em>(1921-1926)<\/em><\/h3>\n<p><img loading=\"lazy\" decoding=\"async\" class=\"size-full wp-image-8324 alignright\" src=\"https:\/\/raed.academy\/wp-content\/uploads\/2015\/01\/2.png\" alt=\"2\" width=\"150\" height=\"224\" \/>Pedro Gerardo Maristany i Oliver (Masnou 1863-Barcelona 1926), comte de Lavern per gr\u00e0cia de Sa Majestat Alfons XIII, va ser el segon deg\u00e0-president del Col\u00b7legi de Doctors, entre 1921 i 1926. Per la seva amistat amb el monarca i com a homenatge i reconeixement &#8220;real&#8221; a l&#8217;amic entranyable que era, el rei Alfons XIII va tenir a b\u00e9 presidir el solemne acte acad\u00e8mic del Col\u00b7legi de Doctors al Paranimf de la Universitat de Barcelona, el 27 de maig de 1925. alhora gran empresari i home de ci\u00e8ncia (havia cursat les carreres de Ci\u00e8ncies Exactes i F\u00edsic-Qu\u00edmiques), Pedro Gerardo Maristany, comte de Lavern, va ser un referent del seu temps a la converg\u00e8ncia de l&#8217;estudi apassionat i el pragmatisme emprenedor.<\/p>\n<p>Amb el seu bon fer va contribuir a la dignificaci\u00f3 de l&#8217;ensenyament tant prim\u00e0ria com universit\u00e0ria. Tamb\u00e9 es va esfor\u00e7ar per apropar les activitats del Col\u00b7legi de Doctors al rei Alfons XIII en aquest acte solemne celebrat el 1925 a la Universitat de Barcelona. Era la primera vegada -i no seria l&#8217;\u00faltima- en qu\u00e8 la monarquia tenia not\u00edcia directa dels afanys d&#8217;un nucli col\u00b7legial d&#8217;acad\u00e8mics que, caminat el temps, acabaria per transformar-se en acad\u00e8mia.<\/p>\n<h3><strong>Guillem de Benavent Camps<br \/>\n<\/strong><em>(1926-1963)<\/em><\/h3>\n<p><img loading=\"lazy\" decoding=\"async\" class=\"size-full wp-image-8325 alignright\" src=\"https:\/\/raed.academy\/wp-content\/uploads\/2015\/01\/4.png\" alt=\"4\" width=\"152\" height=\"224\" \/>Des d&#8217;una perspectiva hist\u00f2rica, Guillem de Benavent (\u2020 Arenys de Mar 1963) va haver d&#8217;enfrontar temps dif\u00edcils: primer va haver d&#8217;exercir com a deg\u00e0 de facto o en funcions (i afegir\u00edem que en alguns anys, especialment els de la Segona Rep\u00fablica i la Guerra civil, clandest\u00ed o hibernat) en el per\u00edode compr\u00e8s entre 1926 i 1943, per despr\u00e9s dirigir la instituci\u00f3, ja com a deg\u00e0 electe, en els anys m\u00e9s durs de la postguerra.<\/p>\n<p>En acabar la Guerra Civil encara hauria de passar un temps fins que en 1943 el Dr. Benavent fos nomenat oficialment deg\u00e0 del Col\u00b7legi de Doctors. En qualitat de tal va exposar al llavors cap de l&#8217;Estat, Francisco Franco, l&#8217;objectiu de la instituci\u00f3 que liderava en la memorable audi\u00e8ncia que va tenir lloc el 15 de mar\u00e7 de 1944 al palau de Pedralbes de Barcelona.<\/p>\n<p>Aquest objectiu no era altre que la dignificaci\u00f3 del t\u00edtol de doctor. A m\u00e9s d&#8217;interessar a les autoritats del moment en la problem\u00e0tica doctoral, va convidar a un nombre important de personalitats de la investigaci\u00f3 i la doc\u00e8ncia universit\u00e0ries, aix\u00ed com de la pol\u00edtica i les institucions, al fet que exposessin en el f\u00f2rum del Col\u00b7legi de Doctors l&#8217;excel\u00b7l\u00e8ncia de el seu nivell doctoral.<\/p>\n<h3><strong>Jorge Xifra Heras<br \/>\n<\/strong><em>(1964-1979)<\/em><\/h3>\n<p><img loading=\"lazy\" decoding=\"async\" class=\"size-full wp-image-8326 alignright\" src=\"https:\/\/raed.academy\/wp-content\/uploads\/2015\/01\/5.png\" alt=\"5\" width=\"150\" height=\"225\" \/>De la tasca deganal del Dr. Xifra ( Figueres 1926- ) recordem les obertures de curs, amb il\u00b7lustres conferenciants que van donar nivell i prestigi a la instituci\u00f3, aix\u00ed com la publicaci\u00f3 dels tres anuaris . Els inicis d&#8217;aquest deganat van destacar pel seu \u00edmpetu renovador.<\/p>\n<p>Amb tot , el major assoliment del Dr. Xifra va ser la projecci\u00f3 social que va donar al llavors Col\u00b7legi de Doctors a trav\u00e9s de l&#8217;organitzaci\u00f3 de brillants confer\u00e8ncies i solemnes obertures de curs , actes tots dos en qu\u00e8 van participar rellevants figures intel\u00b7lectuals del moment. En aquest sentit es pot dir que el Dr. Xifra va ser un excel\u00b7lent relacions p\u00fabliques i un incansable promotor de la imatge de la instituci\u00f3.<\/p>\n<div class=\"separadorH\"><\/div>\n<h3><strong>Luis Dolcet Buxeres<br \/>\n<\/strong><em>(1979-1989)<\/em><\/h3>\n<p><img loading=\"lazy\" decoding=\"async\" class=\"alignright size-full wp-image-48247\" src=\"https:\/\/raed.academy\/wp-content\/uploads\/2015\/01\/luis-dolcet.jpg\" alt=\"\" width=\"150\" height=\"225\" \/>Ja en democr\u00e0cia , el Dr. Dolcet ( l&#8217;Hospitalet de Llobregat 1909 &#8211; Barcelona 1994 ) va ser l&#8217;art\u00edfex , juntament amb el seu successor el Dr. Casajuana , de la ratificaci\u00f3 de la naturalesa juridicop\u00fablica de l&#8217;Acad\u00e8mia, una condici\u00f3 que ja havia obtingut en 1966, per\u00f2 que es movia al voltant d&#8217;una certa ambig\u00fcitat nascuda de la Llei d&#8217;Associacions de 1964. Aquest pas, realitzat a l&#8217;empara de la Generalitat de Catalunya, va ser important\u00edssim en l&#8217;esdevenir de la instituci\u00f3. De fet , va ser una aut\u00e8ntica refundaci\u00f3.<\/p>\n<p>Tamb\u00e9 va ser iniciativa d&#8217;aquest deg\u00e0 convertir durant algun temps l&#8217;Acad\u00e8mia en una instituci\u00f3 itinerant, amb sessions solemnes celebrades a les altres tres capitals catalanes i el projecte, que mai es va acabar de concretar , de portar tamb\u00e9 una sessi\u00f3 a Palma de Mallorca. Seves van ser tamb\u00e9 les primeres gestions que van culminar amb la concessi\u00f3 del qualificatiu de &#8220;Real &#8221; a l&#8217;Acad\u00e8mia ja en el mandat del Dr. Casajuana .<\/p>\n<h3><strong>Josep Casajuana Gibert<br \/>\n<\/strong><em>(1990-2012)<\/em><\/h3>\n<p><img loading=\"lazy\" decoding=\"async\" class=\"size-full wp-image-8330 alignright\" src=\"https:\/\/raed.academy\/wp-content\/uploads\/2015\/01\/7-1.png\" alt=\"7\" width=\"150\" height=\"224\" \/>Aquest deganat , el de m\u00e9s llarga durada en la hist\u00f2ria de la RAD , va estar marcat per l&#8217;objectiu del Dr. Casajuana ( Vacarisses 1923 &#8211; Barcelona 2013) d&#8217;intensificar al m\u00e0xim la vinculaci\u00f3 de la RAD amb la monarquia. Una cosa que el nou deg\u00e0 veia com un cam\u00ed segur per ennoblir la instituci\u00f3.<\/p>\n<p>Per a la seva satisfacci\u00f3, va obtenir dos notables \u00e8xits, encara que separats per 15 anys , la pres\u00e8ncia del Rei en dues sessions solemnes celebrades al Palau de la M\u00fasica Catalana el 1992 i 2008 respectivament. Aquests \u00e8xits van compensar la llanguiment de la vida interna de l&#8217;Acad\u00e8mia, manifestada sobretot en l&#8217;escassetat de les juntes celebrades.<\/p>\n<div class=\"separadorH\"><\/div>\n<h3><strong>Alfredo Rocafort Nicolau<br \/>\n<\/strong><em>(2012-)<\/em><\/h3>\n<p><img loading=\"lazy\" decoding=\"async\" class=\"size-full wp-image-8331 alignright\" src=\"https:\/\/raed.academy\/wp-content\/uploads\/2015\/01\/8-1.png\" alt=\"8\" width=\"150\" height=\"224\" \/>La Reial Acad\u00e8mia de Doctors, ja consolidada legalment des de 1990, ha trobat en el Dr. Alfredo Rocafort (Barcelona 1949) un lideratge prometedor que potencia el treball de les seccions i obre la instituci\u00f3 als canals d&#8217;internacionalitzaci\u00f3 acad\u00e8mica. Bona prova de la feina realitzada \u00e9s que en els m\u00e9s de tres anys transcorreguts fins ara s&#8217;ha estrenat un local perfectament equipat per al desenvolupament de les activitats pr\u00f2pies dels acad\u00e8mics, s&#8217;ha celebrat el centenari de la instituci\u00f3 i s&#8217;han publicat una desena de nombres de RAD Tribuna Plural, la revista cient\u00edfica de l&#8217;Acad\u00e8mia (la Junta de Govern d&#8217;aquest deganat va considerar que era millor que els continguts cl\u00e0ssics d&#8217;un anuari es publicaran anualment en els n\u00fameros de la revista, de manera que la informaci\u00f3 cient\u00edfica i acad\u00e8mica fos aix\u00ed m\u00e9s fluida i din\u00e0mica). Tamb\u00e9 s&#8217;han publicat gaireb\u00e9 50 volums de les diferents col\u00b7leccions creades. A m\u00e9s, s&#8217;ha potenciat el lloc web (www.radd.eu) de la instituci\u00f3 i els actes organitzats per ella cada vegada tenen un major protagonisme en el format online.<\/p>\n<p>Aquesta modernitzaci\u00f3, aix\u00ed com la dinamitzaci\u00f3 pel que fa a la participaci\u00f3 dels acad\u00e8mics, enriqueix a la qual des de febrer de 2016 ja \u00e9s Reial Acad\u00e8mia Europea de Doctors (RAED), i la posa en el cam\u00ed correcte per esdevenir una acad\u00e8mia de refer\u00e8ncia tant nacional com internacionalment.<\/p>\n","protected":false},"excerpt":{"rendered":"<p>Volem rendir aqu\u00ed homenatge a l&#8217;empremta deixada per cada deg\u00e0 , ja que els deganats s\u00f3n com les pedres miliars de la nostra hist\u00f2ria acad\u00e8mica. No obstant, no hem d&#8217;oblidar que els equips de govern i els acad\u00e8mics que han passat per la instituci\u00f3 s\u00f3n els veritables protagonistes de la hist\u00f2ria centen\u00e0ria de la Reial [&hellip;]<\/p>\n","protected":false},"author":16,"featured_media":0,"parent":0,"menu_order":0,"comment_status":"closed","ping_status":"closed","template":"","meta":{"_et_pb_use_builder":"","_et_pb_old_content":"","_et_gb_content_width":"","footnotes":""},"class_list":["post-531","page","type-page","status-publish","hentry"],"yoast_head":"<!-- This site is optimized with the Yoast SEO plugin v27.3 - https:\/\/yoast.com\/product\/yoast-seo-wordpress\/ -->\n<title>Presidents de la Hist\u00f2ria de la RAED | Reial Acad\u00e8mia Europea de Doctors<\/title>\n<meta name=\"description\" content=\"Galeria de Presidents de la Hist\u00f2ria de la RAED | Reial Acad\u00e8mia Europea de Doctors\" \/>\n<meta name=\"robots\" content=\"index, follow, max-snippet:-1, max-image-preview:large, max-video-preview:-1\" \/>\n<link rel=\"canonical\" href=\"https:\/\/raed.academy\/ca\/galeria-de-presidents\/\" \/>\n<meta property=\"og:locale\" content=\"ca_ES\" \/>\n<meta property=\"og:type\" content=\"article\" \/>\n<meta property=\"og:title\" content=\"Presidents de la Hist\u00f2ria de la RAED | Reial Acad\u00e8mia Europea de Doctors\" \/>\n<meta property=\"og:description\" content=\"Galeria de Presidents de la Hist\u00f2ria de la RAED | Reial Acad\u00e8mia Europea de Doctors\" \/>\n<meta property=\"og:url\" content=\"https:\/\/raed.academy\/ca\/galeria-de-presidents\/\" \/>\n<meta property=\"og:site_name\" content=\"Reial Acad\u00e8mia Europea de Doctors\" \/>\n<meta property=\"article:publisher\" content=\"http:\/\/fb.me\/raed.academy\" \/>\n<meta property=\"article:modified_time\" content=\"2020-11-26T12:19:56+00:00\" \/>\n<meta property=\"og:image\" content=\"https:\/\/raed.academy\/wp-content\/uploads\/2015\/01\/1.png\" \/>\n<meta name=\"twitter:card\" content=\"summary_large_image\" \/>\n<meta name=\"twitter:site\" content=\"@raedacademy\" \/>\n<meta name=\"twitter:label1\" content=\"Est. reading time\" \/>\n\t<meta name=\"twitter:data1\" content=\"7 minutes\" \/>\n<script type=\"application\/ld+json\" class=\"yoast-schema-graph\">{\"@context\":\"https:\\\/\\\/schema.org\",\"@graph\":[{\"@type\":\"WebPage\",\"@id\":\"https:\\\/\\\/raed.academy\\\/ca\\\/galeria-de-presidents\\\/\",\"url\":\"https:\\\/\\\/raed.academy\\\/ca\\\/galeria-de-presidents\\\/\",\"name\":\"Presidents de la Hist\u00f2ria de la RAED | Reial Acad\u00e8mia Europea de Doctors\",\"isPartOf\":{\"@id\":\"https:\\\/\\\/raed.academy\\\/ca\\\/#website\"},\"primaryImageOfPage\":{\"@id\":\"https:\\\/\\\/raed.academy\\\/ca\\\/galeria-de-presidents\\\/#primaryimage\"},\"image\":{\"@id\":\"https:\\\/\\\/raed.academy\\\/ca\\\/galeria-de-presidents\\\/#primaryimage\"},\"thumbnailUrl\":\"https:\\\/\\\/raed.academy\\\/wp-content\\\/uploads\\\/2015\\\/01\\\/1.png\",\"datePublished\":\"2015-03-19T11:19:18+00:00\",\"dateModified\":\"2020-11-26T12:19:56+00:00\",\"description\":\"Galeria de Presidents de la Hist\u00f2ria de la RAED | Reial Acad\u00e8mia Europea de Doctors\",\"breadcrumb\":{\"@id\":\"https:\\\/\\\/raed.academy\\\/ca\\\/galeria-de-presidents\\\/#breadcrumb\"},\"inLanguage\":\"ca-ES\",\"potentialAction\":[{\"@type\":\"ReadAction\",\"target\":[\"https:\\\/\\\/raed.academy\\\/ca\\\/galeria-de-presidents\\\/\"]}]},{\"@type\":\"ImageObject\",\"inLanguage\":\"ca-ES\",\"@id\":\"https:\\\/\\\/raed.academy\\\/ca\\\/galeria-de-presidents\\\/#primaryimage\",\"url\":\"https:\\\/\\\/raed.academy\\\/wp-content\\\/uploads\\\/2015\\\/01\\\/1.png\",\"contentUrl\":\"https:\\\/\\\/raed.academy\\\/wp-content\\\/uploads\\\/2015\\\/01\\\/1.png\"},{\"@type\":\"BreadcrumbList\",\"@id\":\"https:\\\/\\\/raed.academy\\\/ca\\\/galeria-de-presidents\\\/#breadcrumb\",\"itemListElement\":[{\"@type\":\"ListItem\",\"position\":1,\"name\":\"Inicio\",\"item\":\"https:\\\/\\\/raed.academy\\\/ca\\\/\"},{\"@type\":\"ListItem\",\"position\":2,\"name\":\"GALERIA DE PRESIDENTS\"}]},{\"@type\":\"WebSite\",\"@id\":\"https:\\\/\\\/raed.academy\\\/ca\\\/#website\",\"url\":\"https:\\\/\\\/raed.academy\\\/ca\\\/\",\"name\":\"Reial Acad\u00e8mia Europea de Doctors\",\"description\":\"Corporaci\u00f3n de derecho p\u00fablico de car\u00e1cter cient\u00edfico, t\u00e9cnico y art\u00edstico, que tiene por objeto la investigaci\u00f3n, el estudio, el fomento y la extensi\u00f3n del conocimiento en su sentido m\u00e1s amplio\",\"publisher\":{\"@id\":\"https:\\\/\\\/raed.academy\\\/ca\\\/#organization\"},\"potentialAction\":[{\"@type\":\"SearchAction\",\"target\":{\"@type\":\"EntryPoint\",\"urlTemplate\":\"https:\\\/\\\/raed.academy\\\/ca\\\/?s={search_term_string}\"},\"query-input\":{\"@type\":\"PropertyValueSpecification\",\"valueRequired\":true,\"valueName\":\"search_term_string\"}}],\"inLanguage\":\"ca-ES\"},{\"@type\":\"Organization\",\"@id\":\"https:\\\/\\\/raed.academy\\\/ca\\\/#organization\",\"name\":\"Real Academia Europea de Doctores\",\"url\":\"https:\\\/\\\/raed.academy\\\/ca\\\/\",\"logo\":{\"@type\":\"ImageObject\",\"inLanguage\":\"ca-ES\",\"@id\":\"https:\\\/\\\/raed.academy\\\/ca\\\/#\\\/schema\\\/logo\\\/image\\\/\",\"url\":\"https:\\\/\\\/raed.academy\\\/wp-content\\\/uploads\\\/2017\\\/01\\\/cropped-logo_raed.png\",\"contentUrl\":\"https:\\\/\\\/raed.academy\\\/wp-content\\\/uploads\\\/2017\\\/01\\\/cropped-logo_raed.png\",\"width\":512,\"height\":512,\"caption\":\"Real Academia Europea de Doctores\"},\"image\":{\"@id\":\"https:\\\/\\\/raed.academy\\\/ca\\\/#\\\/schema\\\/logo\\\/image\\\/\"},\"sameAs\":[\"http:\\\/\\\/fb.me\\\/raed.academy\",\"https:\\\/\\\/x.com\\\/raedacademy\",\"https:\\\/\\\/www.instagram.com\\\/raed.academy\\\/\",\"https:\\\/\\\/www.youtube.com\\\/channel\\\/UCUYQwW2KrdirNWihxMDObwg\"]}]}<\/script>\n<!-- \/ Yoast SEO plugin. -->","yoast_head_json":{"title":"Presidents de la Hist\u00f2ria de la RAED | Reial Acad\u00e8mia Europea de Doctors","description":"Galeria de Presidents de la Hist\u00f2ria de la RAED | Reial Acad\u00e8mia Europea de Doctors","robots":{"index":"index","follow":"follow","max-snippet":"max-snippet:-1","max-image-preview":"max-image-preview:large","max-video-preview":"max-video-preview:-1"},"canonical":"https:\/\/raed.academy\/ca\/galeria-de-presidents\/","og_locale":"ca_ES","og_type":"article","og_title":"Presidents de la Hist\u00f2ria de la RAED | Reial Acad\u00e8mia Europea de Doctors","og_description":"Galeria de Presidents de la Hist\u00f2ria de la RAED | Reial Acad\u00e8mia Europea de Doctors","og_url":"https:\/\/raed.academy\/ca\/galeria-de-presidents\/","og_site_name":"Reial Acad\u00e8mia Europea de Doctors","article_publisher":"http:\/\/fb.me\/raed.academy","article_modified_time":"2020-11-26T12:19:56+00:00","og_image":[{"url":"https:\/\/raed.academy\/wp-content\/uploads\/2015\/01\/1.png","type":"","width":"","height":""}],"twitter_card":"summary_large_image","twitter_site":"@raedacademy","twitter_misc":{"Est. reading time":"7 minutes"},"schema":{"@context":"https:\/\/schema.org","@graph":[{"@type":"WebPage","@id":"https:\/\/raed.academy\/ca\/galeria-de-presidents\/","url":"https:\/\/raed.academy\/ca\/galeria-de-presidents\/","name":"Presidents de la Hist\u00f2ria de la RAED | Reial Acad\u00e8mia Europea de Doctors","isPartOf":{"@id":"https:\/\/raed.academy\/ca\/#website"},"primaryImageOfPage":{"@id":"https:\/\/raed.academy\/ca\/galeria-de-presidents\/#primaryimage"},"image":{"@id":"https:\/\/raed.academy\/ca\/galeria-de-presidents\/#primaryimage"},"thumbnailUrl":"https:\/\/raed.academy\/wp-content\/uploads\/2015\/01\/1.png","datePublished":"2015-03-19T11:19:18+00:00","dateModified":"2020-11-26T12:19:56+00:00","description":"Galeria de Presidents de la Hist\u00f2ria de la RAED | Reial Acad\u00e8mia Europea de Doctors","breadcrumb":{"@id":"https:\/\/raed.academy\/ca\/galeria-de-presidents\/#breadcrumb"},"inLanguage":"ca-ES","potentialAction":[{"@type":"ReadAction","target":["https:\/\/raed.academy\/ca\/galeria-de-presidents\/"]}]},{"@type":"ImageObject","inLanguage":"ca-ES","@id":"https:\/\/raed.academy\/ca\/galeria-de-presidents\/#primaryimage","url":"https:\/\/raed.academy\/wp-content\/uploads\/2015\/01\/1.png","contentUrl":"https:\/\/raed.academy\/wp-content\/uploads\/2015\/01\/1.png"},{"@type":"BreadcrumbList","@id":"https:\/\/raed.academy\/ca\/galeria-de-presidents\/#breadcrumb","itemListElement":[{"@type":"ListItem","position":1,"name":"Inicio","item":"https:\/\/raed.academy\/ca\/"},{"@type":"ListItem","position":2,"name":"GALERIA DE PRESIDENTS"}]},{"@type":"WebSite","@id":"https:\/\/raed.academy\/ca\/#website","url":"https:\/\/raed.academy\/ca\/","name":"Reial Acad\u00e8mia Europea de Doctors","description":"Corporaci\u00f3n de derecho p\u00fablico de car\u00e1cter cient\u00edfico, t\u00e9cnico y art\u00edstico, que tiene por objeto la investigaci\u00f3n, el estudio, el fomento y la extensi\u00f3n del conocimiento en su sentido m\u00e1s amplio","publisher":{"@id":"https:\/\/raed.academy\/ca\/#organization"},"potentialAction":[{"@type":"SearchAction","target":{"@type":"EntryPoint","urlTemplate":"https:\/\/raed.academy\/ca\/?s={search_term_string}"},"query-input":{"@type":"PropertyValueSpecification","valueRequired":true,"valueName":"search_term_string"}}],"inLanguage":"ca-ES"},{"@type":"Organization","@id":"https:\/\/raed.academy\/ca\/#organization","name":"Real Academia Europea de Doctores","url":"https:\/\/raed.academy\/ca\/","logo":{"@type":"ImageObject","inLanguage":"ca-ES","@id":"https:\/\/raed.academy\/ca\/#\/schema\/logo\/image\/","url":"https:\/\/raed.academy\/wp-content\/uploads\/2017\/01\/cropped-logo_raed.png","contentUrl":"https:\/\/raed.academy\/wp-content\/uploads\/2017\/01\/cropped-logo_raed.png","width":512,"height":512,"caption":"Real Academia Europea de Doctores"},"image":{"@id":"https:\/\/raed.academy\/ca\/#\/schema\/logo\/image\/"},"sameAs":["http:\/\/fb.me\/raed.academy","https:\/\/x.com\/raedacademy","https:\/\/www.instagram.com\/raed.academy\/","https:\/\/www.youtube.com\/channel\/UCUYQwW2KrdirNWihxMDObwg"]}]}},"_links":{"self":[{"href":"https:\/\/raed.academy\/ca\/wp-json\/wp\/v2\/pages\/531","targetHints":{"allow":["GET"]}}],"collection":[{"href":"https:\/\/raed.academy\/ca\/wp-json\/wp\/v2\/pages"}],"about":[{"href":"https:\/\/raed.academy\/ca\/wp-json\/wp\/v2\/types\/page"}],"author":[{"embeddable":true,"href":"https:\/\/raed.academy\/ca\/wp-json\/wp\/v2\/users\/16"}],"replies":[{"embeddable":true,"href":"https:\/\/raed.academy\/ca\/wp-json\/wp\/v2\/comments?post=531"}],"version-history":[{"count":0,"href":"https:\/\/raed.academy\/ca\/wp-json\/wp\/v2\/pages\/531\/revisions"}],"wp:attachment":[{"href":"https:\/\/raed.academy\/ca\/wp-json\/wp\/v2\/media?parent=531"}],"curies":[{"name":"wp","href":"https:\/\/api.w.org\/{rel}","templated":true}]}}