{"id":529,"date":"2015-03-19T11:18:05","date_gmt":"2015-03-19T11:18:05","guid":{"rendered":"http:\/\/radd.eu\/?page_id=529"},"modified":"2018-12-27T17:37:10","modified_gmt":"2018-12-27T17:37:10","slug":"titol-de-doctor","status":"publish","type":"page","link":"https:\/\/raed.academy\/ca\/titol-de-doctor\/","title":{"rendered":"T\u00cdTOL DE DOCTOR"},"content":{"rendered":"<hr \/>\n<p>El t\u00edtol de doctor est\u00e0 expedit en nom del Rei pel rector de la universitat on s&#8217;hagi presentat la tesi doctoral i tindr\u00e0 efectes acad\u00e8mics plens, habilitant per exercici professional, la doc\u00e8ncia i la investigaci\u00f3. El t\u00edtol de doctor \u00e9s el m\u00e0xim grau acad\u00e8mic que es pot aconseguir en una universitat. El doctorat t\u00e9 com a finalitat l&#8217;adquisici\u00f3 de compet\u00e8ncies i habilitats avan\u00e7ades en l&#8217;\u00e0mbit de la investigaci\u00f3 cient\u00edfica de qualitat. El doctorat s&#8217;obt\u00e9 despr\u00e9s de presentar i defensar p\u00fablicament la tesi doctoral que consisteix en un treball original d&#8217;investigaci\u00f3.<\/p>\n<div class=\"alignleft citaEnmarcada\" style=\"width: 300px;\">\n<h3><strong>&#8220;El doctorat s&#8217;obt\u00e9 despr\u00e9s de presentar i defensar p\u00fablicament la tesi doctoral que consisteix en un treball original d&#8217;investigaci\u00f3.&#8221;<\/strong><\/h3>\n<\/div>\n<p>La menci\u00f3 Doctor Europeu \u00e9s un t\u00edtol pel qual s&#8217;exigeix haver realitzat una estada en una universitat d&#8217;un altre Estat europeu durant l&#8217;etapa de formaci\u00f3 en el Postgrau de, m\u00ednim, tres mesos de durada. Un resum i les conclusions s&#8217;han de presentar en alguna de les lleng\u00fces oficials de la Uni\u00f3 Europea diferent a alguna de les lleng\u00fces oficials d&#8217;Espanya i haver estat dirigida per almenys dos experts d&#8217;universitats de la Uni\u00f3 Europea. Al Tribunal avaluador de la tesi haur\u00e0 d&#8217;haver un expert d&#8217;una universitat d&#8217;un Estat membre de la Uni\u00f3 Europea.<\/h3>\n<p>El t\u00edtol de doctor honoris causa es tracta del m\u00e0xim reconeixement honor\u00edfic que concedeix una universitat a persones destacades per la seva traject\u00f2ria o pels seus m\u00e8rits. La seva concessi\u00f3 estar\u00e0 proposta per un departament o institut universitari i la seva concessi\u00f3 ha de ser aprovada pel Consell de Govern d&#8217;aquella universitat.<\/p>\n<p>Per ampliar l\u00b4informaci\u00f3 sobre els antecedents hist\u00f2rics del doctorat, es pot consultar al llibre <em>Hist\u00f2ria de la Reial Acad\u00e8mia Europea de Doctors.<\/em><\/p>\n","protected":false},"excerpt":{"rendered":"<p>El t\u00edtol de doctor est\u00e0 expedit en nom del Rei pel rector de la universitat on s&#8217;hagi presentat la tesi doctoral i tindr\u00e0 efectes acad\u00e8mics plens, habilitant per exercici professional, la doc\u00e8ncia i la investigaci\u00f3. El t\u00edtol de doctor \u00e9s el m\u00e0xim grau acad\u00e8mic que es pot aconseguir en una universitat. El doctorat t\u00e9 com [&hellip;]<\/p>\n","protected":false},"author":16,"featured_media":0,"parent":0,"menu_order":0,"comment_status":"closed","ping_status":"closed","template":"","meta":{"_et_pb_use_builder":"","_et_pb_old_content":"","_et_gb_content_width":"","footnotes":""},"class_list":["post-529","page","type-page","status-publish","hentry"],"yoast_head":"<!-- This site is optimized with the Yoast SEO plugin v27.3 - https:\/\/yoast.com\/product\/yoast-seo-wordpress\/ -->\n<title>T\u00cdTOL DE DOCTOR - Reial Acad\u00e8mia Europea de Doctors<\/title>\n<meta name=\"robots\" content=\"index, follow, max-snippet:-1, max-image-preview:large, max-video-preview:-1\" \/>\n<link rel=\"canonical\" href=\"https:\/\/raed.academy\/ca\/titol-de-doctor\/\" \/>\n<meta property=\"og:locale\" content=\"ca_ES\" \/>\n<meta property=\"og:type\" content=\"article\" \/>\n<meta property=\"og:title\" content=\"T\u00cdTOL DE DOCTOR - Reial Acad\u00e8mia Europea de Doctors\" \/>\n<meta property=\"og:description\" content=\"El t\u00edtol de doctor est\u00e0 expedit en nom del Rei pel rector de la universitat on s&#8217;hagi presentat la tesi doctoral i tindr\u00e0 efectes acad\u00e8mics plens, habilitant per exercici professional, la doc\u00e8ncia i la investigaci\u00f3. El t\u00edtol de doctor \u00e9s el m\u00e0xim grau acad\u00e8mic que es pot aconseguir en una universitat. El doctorat t\u00e9 com [&hellip;]\" \/>\n<meta property=\"og:url\" content=\"https:\/\/raed.academy\/ca\/titol-de-doctor\/\" \/>\n<meta property=\"og:site_name\" content=\"Reial Acad\u00e8mia Europea de Doctors\" \/>\n<meta property=\"article:publisher\" content=\"http:\/\/fb.me\/raed.academy\" \/>\n<meta property=\"article:modified_time\" content=\"2018-12-27T17:37:10+00:00\" \/>\n<meta name=\"twitter:card\" content=\"summary_large_image\" \/>\n<meta name=\"twitter:site\" content=\"@raedacademy\" \/>\n<meta name=\"twitter:label1\" content=\"Est. reading time\" \/>\n\t<meta name=\"twitter:data1\" content=\"2 minutes\" \/>\n<script type=\"application\/ld+json\" class=\"yoast-schema-graph\">{\"@context\":\"https:\\\/\\\/schema.org\",\"@graph\":[{\"@type\":\"WebPage\",\"@id\":\"https:\\\/\\\/raed.academy\\\/ca\\\/titol-de-doctor\\\/\",\"url\":\"https:\\\/\\\/raed.academy\\\/ca\\\/titol-de-doctor\\\/\",\"name\":\"T\u00cdTOL DE DOCTOR - Reial Acad\u00e8mia Europea de Doctors\",\"isPartOf\":{\"@id\":\"https:\\\/\\\/raed.academy\\\/ca\\\/#website\"},\"datePublished\":\"2015-03-19T11:18:05+00:00\",\"dateModified\":\"2018-12-27T17:37:10+00:00\",\"breadcrumb\":{\"@id\":\"https:\\\/\\\/raed.academy\\\/ca\\\/titol-de-doctor\\\/#breadcrumb\"},\"inLanguage\":\"ca-ES\",\"potentialAction\":[{\"@type\":\"ReadAction\",\"target\":[\"https:\\\/\\\/raed.academy\\\/ca\\\/titol-de-doctor\\\/\"]}]},{\"@type\":\"BreadcrumbList\",\"@id\":\"https:\\\/\\\/raed.academy\\\/ca\\\/titol-de-doctor\\\/#breadcrumb\",\"itemListElement\":[{\"@type\":\"ListItem\",\"position\":1,\"name\":\"Inicio\",\"item\":\"https:\\\/\\\/raed.academy\\\/ca\\\/\"},{\"@type\":\"ListItem\",\"position\":2,\"name\":\"T\u00cdTOL DE DOCTOR\"}]},{\"@type\":\"WebSite\",\"@id\":\"https:\\\/\\\/raed.academy\\\/ca\\\/#website\",\"url\":\"https:\\\/\\\/raed.academy\\\/ca\\\/\",\"name\":\"Reial Acad\u00e8mia Europea de Doctors\",\"description\":\"Corporaci\u00f3n de derecho p\u00fablico de car\u00e1cter cient\u00edfico, t\u00e9cnico y art\u00edstico, que tiene por objeto la investigaci\u00f3n, el estudio, el fomento y la extensi\u00f3n del conocimiento en su sentido m\u00e1s amplio\",\"publisher\":{\"@id\":\"https:\\\/\\\/raed.academy\\\/ca\\\/#organization\"},\"potentialAction\":[{\"@type\":\"SearchAction\",\"target\":{\"@type\":\"EntryPoint\",\"urlTemplate\":\"https:\\\/\\\/raed.academy\\\/ca\\\/?s={search_term_string}\"},\"query-input\":{\"@type\":\"PropertyValueSpecification\",\"valueRequired\":true,\"valueName\":\"search_term_string\"}}],\"inLanguage\":\"ca-ES\"},{\"@type\":\"Organization\",\"@id\":\"https:\\\/\\\/raed.academy\\\/ca\\\/#organization\",\"name\":\"Real Academia Europea de Doctores\",\"url\":\"https:\\\/\\\/raed.academy\\\/ca\\\/\",\"logo\":{\"@type\":\"ImageObject\",\"inLanguage\":\"ca-ES\",\"@id\":\"https:\\\/\\\/raed.academy\\\/ca\\\/#\\\/schema\\\/logo\\\/image\\\/\",\"url\":\"https:\\\/\\\/raed.academy\\\/wp-content\\\/uploads\\\/2017\\\/01\\\/cropped-logo_raed.png\",\"contentUrl\":\"https:\\\/\\\/raed.academy\\\/wp-content\\\/uploads\\\/2017\\\/01\\\/cropped-logo_raed.png\",\"width\":512,\"height\":512,\"caption\":\"Real Academia Europea de Doctores\"},\"image\":{\"@id\":\"https:\\\/\\\/raed.academy\\\/ca\\\/#\\\/schema\\\/logo\\\/image\\\/\"},\"sameAs\":[\"http:\\\/\\\/fb.me\\\/raed.academy\",\"https:\\\/\\\/x.com\\\/raedacademy\",\"https:\\\/\\\/www.instagram.com\\\/raed.academy\\\/\",\"https:\\\/\\\/www.youtube.com\\\/channel\\\/UCUYQwW2KrdirNWihxMDObwg\"]}]}<\/script>\n<!-- \/ Yoast SEO plugin. -->","yoast_head_json":{"title":"T\u00cdTOL DE DOCTOR - Reial Acad\u00e8mia Europea de Doctors","robots":{"index":"index","follow":"follow","max-snippet":"max-snippet:-1","max-image-preview":"max-image-preview:large","max-video-preview":"max-video-preview:-1"},"canonical":"https:\/\/raed.academy\/ca\/titol-de-doctor\/","og_locale":"ca_ES","og_type":"article","og_title":"T\u00cdTOL DE DOCTOR - Reial Acad\u00e8mia Europea de Doctors","og_description":"El t\u00edtol de doctor est\u00e0 expedit en nom del Rei pel rector de la universitat on s&#8217;hagi presentat la tesi doctoral i tindr\u00e0 efectes acad\u00e8mics plens, habilitant per exercici professional, la doc\u00e8ncia i la investigaci\u00f3. El t\u00edtol de doctor \u00e9s el m\u00e0xim grau acad\u00e8mic que es pot aconseguir en una universitat. El doctorat t\u00e9 com [&hellip;]","og_url":"https:\/\/raed.academy\/ca\/titol-de-doctor\/","og_site_name":"Reial Acad\u00e8mia Europea de Doctors","article_publisher":"http:\/\/fb.me\/raed.academy","article_modified_time":"2018-12-27T17:37:10+00:00","twitter_card":"summary_large_image","twitter_site":"@raedacademy","twitter_misc":{"Est. reading time":"2 minutes"},"schema":{"@context":"https:\/\/schema.org","@graph":[{"@type":"WebPage","@id":"https:\/\/raed.academy\/ca\/titol-de-doctor\/","url":"https:\/\/raed.academy\/ca\/titol-de-doctor\/","name":"T\u00cdTOL DE DOCTOR - Reial Acad\u00e8mia Europea de Doctors","isPartOf":{"@id":"https:\/\/raed.academy\/ca\/#website"},"datePublished":"2015-03-19T11:18:05+00:00","dateModified":"2018-12-27T17:37:10+00:00","breadcrumb":{"@id":"https:\/\/raed.academy\/ca\/titol-de-doctor\/#breadcrumb"},"inLanguage":"ca-ES","potentialAction":[{"@type":"ReadAction","target":["https:\/\/raed.academy\/ca\/titol-de-doctor\/"]}]},{"@type":"BreadcrumbList","@id":"https:\/\/raed.academy\/ca\/titol-de-doctor\/#breadcrumb","itemListElement":[{"@type":"ListItem","position":1,"name":"Inicio","item":"https:\/\/raed.academy\/ca\/"},{"@type":"ListItem","position":2,"name":"T\u00cdTOL DE DOCTOR"}]},{"@type":"WebSite","@id":"https:\/\/raed.academy\/ca\/#website","url":"https:\/\/raed.academy\/ca\/","name":"Reial Acad\u00e8mia Europea de Doctors","description":"Corporaci\u00f3n de derecho p\u00fablico de car\u00e1cter cient\u00edfico, t\u00e9cnico y art\u00edstico, que tiene por objeto la investigaci\u00f3n, el estudio, el fomento y la extensi\u00f3n del conocimiento en su sentido m\u00e1s amplio","publisher":{"@id":"https:\/\/raed.academy\/ca\/#organization"},"potentialAction":[{"@type":"SearchAction","target":{"@type":"EntryPoint","urlTemplate":"https:\/\/raed.academy\/ca\/?s={search_term_string}"},"query-input":{"@type":"PropertyValueSpecification","valueRequired":true,"valueName":"search_term_string"}}],"inLanguage":"ca-ES"},{"@type":"Organization","@id":"https:\/\/raed.academy\/ca\/#organization","name":"Real Academia Europea de Doctores","url":"https:\/\/raed.academy\/ca\/","logo":{"@type":"ImageObject","inLanguage":"ca-ES","@id":"https:\/\/raed.academy\/ca\/#\/schema\/logo\/image\/","url":"https:\/\/raed.academy\/wp-content\/uploads\/2017\/01\/cropped-logo_raed.png","contentUrl":"https:\/\/raed.academy\/wp-content\/uploads\/2017\/01\/cropped-logo_raed.png","width":512,"height":512,"caption":"Real Academia Europea de Doctores"},"image":{"@id":"https:\/\/raed.academy\/ca\/#\/schema\/logo\/image\/"},"sameAs":["http:\/\/fb.me\/raed.academy","https:\/\/x.com\/raedacademy","https:\/\/www.instagram.com\/raed.academy\/","https:\/\/www.youtube.com\/channel\/UCUYQwW2KrdirNWihxMDObwg"]}]}},"_links":{"self":[{"href":"https:\/\/raed.academy\/ca\/wp-json\/wp\/v2\/pages\/529","targetHints":{"allow":["GET"]}}],"collection":[{"href":"https:\/\/raed.academy\/ca\/wp-json\/wp\/v2\/pages"}],"about":[{"href":"https:\/\/raed.academy\/ca\/wp-json\/wp\/v2\/types\/page"}],"author":[{"embeddable":true,"href":"https:\/\/raed.academy\/ca\/wp-json\/wp\/v2\/users\/16"}],"replies":[{"embeddable":true,"href":"https:\/\/raed.academy\/ca\/wp-json\/wp\/v2\/comments?post=529"}],"version-history":[{"count":0,"href":"https:\/\/raed.academy\/ca\/wp-json\/wp\/v2\/pages\/529\/revisions"}],"wp:attachment":[{"href":"https:\/\/raed.academy\/ca\/wp-json\/wp\/v2\/media?parent=529"}],"curies":[{"name":"wp","href":"https:\/\/api.w.org\/{rel}","templated":true}]}}