{"id":527,"date":"2015-03-19T11:17:17","date_gmt":"2015-03-19T11:17:17","guid":{"rendered":"http:\/\/radd.eu\/?page_id=527"},"modified":"2025-10-08T14:42:23","modified_gmt":"2025-10-08T14:42:23","slug":"esser-academic","status":"publish","type":"page","link":"https:\/\/raed.academy\/ca\/esser-academic\/","title":{"rendered":"\u00c9SSER ACAD\u00c8MIC"},"content":{"rendered":"<hr \/>\n<p><img loading=\"lazy\" decoding=\"async\" class=\"alignright wp-image-8030\" src=\"https:\/\/raed.academy\/wp-content\/uploads\/2015\/01\/academico1-300x217.jpg\" alt=\"academico1\" width=\"245\" height=\"177\" srcset=\"https:\/\/raed.academy\/wp-content\/uploads\/2015\/01\/academico1-300x217.jpg 300w, https:\/\/raed.academy\/wp-content\/uploads\/2015\/01\/academico1-768x557.jpg 768w, https:\/\/raed.academy\/wp-content\/uploads\/2015\/01\/academico1.jpg 894w\" sizes=\"(max-width: 245px) 100vw, 245px\" \/><\/p>\n<p>La hist\u00f2ria ens recorda que Plat\u00f3 va fundar la seva c\u00e8lebre Acad\u00e8mia (387 a.C.) en uns jardins contigus al santuari de l&#8217;heroi Academo. En l&#8217;acad\u00e8mia i mitjan\u00e7ant la doc\u00e8ncia oral peripat\u00e8tica, va crear un f\u00f2rum escollit de fil\u00f2sofs o amants de la saviesa. Ser acad\u00e8mic, llavors com avui, significa pert\u00e0nyer a un grup d&#8217;intel\u00b7lectuals que pensen responsablement el nostre moment hist\u00f2ric, a trav\u00e9s de la investigaci\u00f3 cient\u00edfica. Perqu\u00e8 la vida de l&#8217;Acad\u00e8mia no pot, ni instal\u00b7lar-se a la rutina atemporal d&#8217;un saber jubilat, ni en la proclamaci\u00f3 de veritats absolutes, ab-solutae, \u00e9s a dir, desvinculades de la realitat plural. Com diria Kant, nom\u00e9s el cam\u00ed cr\u00edtic, vigilant i comprom\u00e8s, est\u00e0 obert i transitable per al cient\u00edfic.<\/p>\n<p>Ser acad\u00e8mic \u00e9s, doncs, en primer lloc, ser testimoni i testimoni del nostre moment hist\u00f2ric. No podem parlar del present com d&#8217;all\u00f2 que est\u00e0 a punt de ser empaquetat i exposat en una vitrina enfront del passat, sin\u00f3 que reflexionarem sobre el passat per fer-lo present, de cara a que ens proporcioni opcions de futur, perqu\u00e8 en el futur resideix la vida i l&#8217;esperan\u00e7a. En aquest balan\u00e7, a trav\u00e9s del qual prenem el pols al temps, la nostra tasca cr\u00edtica no ser\u00e0 altra que la del tam\u00eds i el sed\u00e0s.<\/p>\n<p>Assistim avui a temps de canvi i turbul\u00e8ncia, en l&#8217;esfor\u00e7 per trobar solucions caldr\u00e0 que siguem tan arriscats com arrelats. En la investigaci\u00f3 cient\u00edfica, que \u00e9s la nostra tasca, no podem ser sin\u00f3 interdisciplinaris. La Reial Acad\u00e8mia de Doctors es basa en aquesta multiexperiencia cient\u00edfica. Els seus membres, procedents del Dret i l&#8217;Economia, de la Medicina i la Psicologia, de la F\u00edsica i l&#8217;Enginyeria, de la Geografia i de l&#8217;Antropologia, etc. configuren un feix de camins de recerca que, si b\u00e9 parteixen d&#8217;aquesta perspectiva poli\u00e8drica de la realitat, aspiren a construir un saber de trobada sobre la naturalesa i la cultura, en el qual pugui habitar l&#8217;home.<\/p>\n<div class=\"alignright citaEnmarcada\" style=\"width: 300px;\">\n<h3><strong>&#8220;Ser acad\u00e8mic \u00e9s, a m\u00e9s d&#8217;un honor, una noblesa intel\u00b7lectual. &#8220;<\/strong><\/h3>\n<\/div>\n<p>L&#8217;investigador de la ci\u00e8ncia en la seva tasca gaireb\u00e9 prometeica de robar la llum i el foc, transforma, sovint, la seva professi\u00f3 en la seva pr\u00f2pia passi\u00f3, el que comporta no poques ren\u00fancies. Per\u00f2 la seva austeritat militant, la seva aventura de recerca i investigaci\u00f3 i la seva moral de servei als homes comporten, tamb\u00e9, notables goigs a trav\u00e9s dels quals construeix una biografia de passi\u00f3 i estil diferents. En una acad\u00e8mia, sobretot interdisciplin\u00e0ria, totes aquestes biografies es donen la m\u00e0 i bateguen sin\u00e8rgicament.<\/p>\n<p>Ser acad\u00e8mic \u00e9s, a m\u00e9s d&#8217;un honor , una noblesa intel\u00b7lectual. Els acad\u00e8mics s\u00f3n com els <em>patres conscripti\u00a0<\/em>o senadors , els preb\u00edsteroi o majors , de la comunitat intel\u00b7lectual. Hi ha altres nobleses i altres honors, per\u00f2 ser acad\u00e8mic \u00e9s diferencial .<\/p>\n<p><img loading=\"lazy\" decoding=\"async\" class=\"alignleft wp-image-8031 size-medium\" src=\"https:\/\/raed.academy\/wp-content\/uploads\/2015\/01\/academico2-238x300.jpg\" alt=\"academico2\" width=\"238\" height=\"300\" srcset=\"https:\/\/raed.academy\/wp-content\/uploads\/2015\/01\/academico2-238x300.jpg 238w, https:\/\/raed.academy\/wp-content\/uploads\/2015\/01\/academico2.jpg 504w\" sizes=\"(max-width: 238px) 100vw, 238px\" \/><\/p>\n<p>S&#8217;arriba a ser acad\u00e8mic des de la sedimentaci\u00f3 d&#8217;una biografia cient\u00edfica ja en plena maduresa intel\u00b7lectual i en plena capacitat magisterial de doc\u00e8ncia i investigaci\u00f3.<\/p>\n<p>Corren temps de presentisme consumista de la imatge, d&#8217;immediatesa sensorial, de deconstrucci\u00f3 i violaci\u00f3 igualitari, de devaluaci\u00f3 axiol\u00f2gica en el qual tenir preval sobre ser , d&#8217;irrever\u00e8ncia cap al sagrat i de manca de confian\u00e7a en la intel\u00b7lig\u00e8ncia. En aquests contextos , l&#8217;Acad\u00e8mia constitueix el prestigi de la identitat, l&#8217;honor de la responsabilitat i la noblesa del servei.<\/p>\n<p>La missi\u00f3 de l&#8217;acad\u00e8mic no ha de ser altra que la d&#8217;accedir a la veritat, la de defensar la vida, la de treballar la ci\u00e8ncia i proclamar la conviv\u00e8ncia intercultural.<\/p>\n<p>Per l&#8217;acad\u00e8mic, com diu el text cl\u00e0ssic, <em>Homo sum, humani nihil a me alienum puto<\/em>, res del que fa a l&#8217;home li \u00e9s ali\u00e8.<\/p>\n","protected":false},"excerpt":{"rendered":"<p>La hist\u00f2ria ens recorda que Plat\u00f3 va fundar la seva c\u00e8lebre Acad\u00e8mia (387 a.C.) en uns jardins contigus al santuari de l&#8217;heroi Academo. En l&#8217;acad\u00e8mia i mitjan\u00e7ant la doc\u00e8ncia oral peripat\u00e8tica, va crear un f\u00f2rum escollit de fil\u00f2sofs o amants de la saviesa. Ser acad\u00e8mic, llavors com avui, significa pert\u00e0nyer a un grup d&#8217;intel\u00b7lectuals que [&hellip;]<\/p>\n","protected":false},"author":16,"featured_media":0,"parent":0,"menu_order":0,"comment_status":"closed","ping_status":"closed","template":"","meta":{"_et_pb_use_builder":"","_et_pb_old_content":"","_et_gb_content_width":"","footnotes":""},"class_list":["post-527","page","type-page","status-publish","hentry"],"yoast_head":"<!-- This site is optimized with the Yoast SEO plugin v27.4 - https:\/\/yoast.com\/product\/yoast-seo-wordpress\/ -->\n<title>\u00c9SSER ACAD\u00c8MIC - Reial Acad\u00e8mia Europea de Doctors<\/title>\n<meta name=\"robots\" content=\"index, follow, max-snippet:-1, max-image-preview:large, max-video-preview:-1\" \/>\n<link rel=\"canonical\" href=\"https:\/\/raed.academy\/ca\/esser-academic\/\" \/>\n<meta property=\"og:locale\" content=\"ca_ES\" \/>\n<meta property=\"og:type\" content=\"article\" \/>\n<meta property=\"og:title\" content=\"\u00c9SSER ACAD\u00c8MIC - Reial Acad\u00e8mia Europea de Doctors\" \/>\n<meta property=\"og:description\" content=\"La hist\u00f2ria ens recorda que Plat\u00f3 va fundar la seva c\u00e8lebre Acad\u00e8mia (387 a.C.) en uns jardins contigus al santuari de l&#8217;heroi Academo. En l&#8217;acad\u00e8mia i mitjan\u00e7ant la doc\u00e8ncia oral peripat\u00e8tica, va crear un f\u00f2rum escollit de fil\u00f2sofs o amants de la saviesa. Ser acad\u00e8mic, llavors com avui, significa pert\u00e0nyer a un grup d&#8217;intel\u00b7lectuals que [&hellip;]\" \/>\n<meta property=\"og:url\" content=\"https:\/\/raed.academy\/ca\/esser-academic\/\" \/>\n<meta property=\"og:site_name\" content=\"Reial Acad\u00e8mia Europea de Doctors\" \/>\n<meta property=\"article:publisher\" content=\"http:\/\/fb.me\/raed.academy\" \/>\n<meta property=\"article:modified_time\" content=\"2025-10-08T14:42:23+00:00\" \/>\n<meta property=\"og:image\" content=\"https:\/\/raed.academy\/wp-content\/uploads\/2015\/01\/academico1.jpg\" \/>\n\t<meta property=\"og:image:width\" content=\"894\" \/>\n\t<meta property=\"og:image:height\" content=\"648\" \/>\n\t<meta property=\"og:image:type\" content=\"image\/jpeg\" \/>\n<meta name=\"twitter:card\" content=\"summary_large_image\" \/>\n<meta name=\"twitter:site\" content=\"@raedacademy\" \/>\n<meta name=\"twitter:label1\" content=\"Est. reading time\" \/>\n\t<meta name=\"twitter:data1\" content=\"4 minutes\" \/>\n<script type=\"application\/ld+json\" class=\"yoast-schema-graph\">{\"@context\":\"https:\\\/\\\/schema.org\",\"@graph\":[{\"@type\":\"WebPage\",\"@id\":\"https:\\\/\\\/raed.academy\\\/ca\\\/esser-academic\\\/\",\"url\":\"https:\\\/\\\/raed.academy\\\/ca\\\/esser-academic\\\/\",\"name\":\"\u00c9SSER ACAD\u00c8MIC - Reial Acad\u00e8mia Europea de Doctors\",\"isPartOf\":{\"@id\":\"https:\\\/\\\/raed.academy\\\/ca\\\/#website\"},\"primaryImageOfPage\":{\"@id\":\"https:\\\/\\\/raed.academy\\\/ca\\\/esser-academic\\\/#primaryimage\"},\"image\":{\"@id\":\"https:\\\/\\\/raed.academy\\\/ca\\\/esser-academic\\\/#primaryimage\"},\"thumbnailUrl\":\"https:\\\/\\\/raed.academy\\\/wp-content\\\/uploads\\\/2015\\\/01\\\/academico1-300x217.jpg\",\"datePublished\":\"2015-03-19T11:17:17+00:00\",\"dateModified\":\"2025-10-08T14:42:23+00:00\",\"breadcrumb\":{\"@id\":\"https:\\\/\\\/raed.academy\\\/ca\\\/esser-academic\\\/#breadcrumb\"},\"inLanguage\":\"ca-ES\",\"potentialAction\":[{\"@type\":\"ReadAction\",\"target\":[\"https:\\\/\\\/raed.academy\\\/ca\\\/esser-academic\\\/\"]}]},{\"@type\":\"ImageObject\",\"inLanguage\":\"ca-ES\",\"@id\":\"https:\\\/\\\/raed.academy\\\/ca\\\/esser-academic\\\/#primaryimage\",\"url\":\"https:\\\/\\\/raed.academy\\\/wp-content\\\/uploads\\\/2015\\\/01\\\/academico1-300x217.jpg\",\"contentUrl\":\"https:\\\/\\\/raed.academy\\\/wp-content\\\/uploads\\\/2015\\\/01\\\/academico1-300x217.jpg\"},{\"@type\":\"BreadcrumbList\",\"@id\":\"https:\\\/\\\/raed.academy\\\/ca\\\/esser-academic\\\/#breadcrumb\",\"itemListElement\":[{\"@type\":\"ListItem\",\"position\":1,\"name\":\"Inicio\",\"item\":\"https:\\\/\\\/raed.academy\\\/ca\\\/\"},{\"@type\":\"ListItem\",\"position\":2,\"name\":\"\u00c9SSER ACAD\u00c8MIC\"}]},{\"@type\":\"WebSite\",\"@id\":\"https:\\\/\\\/raed.academy\\\/ca\\\/#website\",\"url\":\"https:\\\/\\\/raed.academy\\\/ca\\\/\",\"name\":\"Reial Acad\u00e8mia Europea de Doctors\",\"description\":\"Corporaci\u00f3n de derecho p\u00fablico de car\u00e1cter cient\u00edfico, t\u00e9cnico y art\u00edstico, que tiene por objeto la investigaci\u00f3n, el estudio, el fomento y la extensi\u00f3n del conocimiento en su sentido m\u00e1s amplio\",\"publisher\":{\"@id\":\"https:\\\/\\\/raed.academy\\\/ca\\\/#organization\"},\"potentialAction\":[{\"@type\":\"SearchAction\",\"target\":{\"@type\":\"EntryPoint\",\"urlTemplate\":\"https:\\\/\\\/raed.academy\\\/ca\\\/?s={search_term_string}\"},\"query-input\":{\"@type\":\"PropertyValueSpecification\",\"valueRequired\":true,\"valueName\":\"search_term_string\"}}],\"inLanguage\":\"ca-ES\"},{\"@type\":\"Organization\",\"@id\":\"https:\\\/\\\/raed.academy\\\/ca\\\/#organization\",\"name\":\"Real Academia Europea de Doctores\",\"url\":\"https:\\\/\\\/raed.academy\\\/ca\\\/\",\"logo\":{\"@type\":\"ImageObject\",\"inLanguage\":\"ca-ES\",\"@id\":\"https:\\\/\\\/raed.academy\\\/ca\\\/#\\\/schema\\\/logo\\\/image\\\/\",\"url\":\"https:\\\/\\\/raed.academy\\\/wp-content\\\/uploads\\\/2017\\\/01\\\/cropped-logo_raed.png\",\"contentUrl\":\"https:\\\/\\\/raed.academy\\\/wp-content\\\/uploads\\\/2017\\\/01\\\/cropped-logo_raed.png\",\"width\":512,\"height\":512,\"caption\":\"Real Academia Europea de Doctores\"},\"image\":{\"@id\":\"https:\\\/\\\/raed.academy\\\/ca\\\/#\\\/schema\\\/logo\\\/image\\\/\"},\"sameAs\":[\"http:\\\/\\\/fb.me\\\/raed.academy\",\"https:\\\/\\\/x.com\\\/raedacademy\",\"https:\\\/\\\/www.instagram.com\\\/raed.academy\\\/\",\"https:\\\/\\\/www.youtube.com\\\/channel\\\/UCUYQwW2KrdirNWihxMDObwg\"]}]}<\/script>\n<!-- \/ Yoast SEO plugin. -->","yoast_head_json":{"title":"\u00c9SSER ACAD\u00c8MIC - Reial Acad\u00e8mia Europea de Doctors","robots":{"index":"index","follow":"follow","max-snippet":"max-snippet:-1","max-image-preview":"max-image-preview:large","max-video-preview":"max-video-preview:-1"},"canonical":"https:\/\/raed.academy\/ca\/esser-academic\/","og_locale":"ca_ES","og_type":"article","og_title":"\u00c9SSER ACAD\u00c8MIC - Reial Acad\u00e8mia Europea de Doctors","og_description":"La hist\u00f2ria ens recorda que Plat\u00f3 va fundar la seva c\u00e8lebre Acad\u00e8mia (387 a.C.) en uns jardins contigus al santuari de l&#8217;heroi Academo. En l&#8217;acad\u00e8mia i mitjan\u00e7ant la doc\u00e8ncia oral peripat\u00e8tica, va crear un f\u00f2rum escollit de fil\u00f2sofs o amants de la saviesa. Ser acad\u00e8mic, llavors com avui, significa pert\u00e0nyer a un grup d&#8217;intel\u00b7lectuals que [&hellip;]","og_url":"https:\/\/raed.academy\/ca\/esser-academic\/","og_site_name":"Reial Acad\u00e8mia Europea de Doctors","article_publisher":"http:\/\/fb.me\/raed.academy","article_modified_time":"2025-10-08T14:42:23+00:00","og_image":[{"width":894,"height":648,"url":"https:\/\/raed.academy\/wp-content\/uploads\/2015\/01\/academico1.jpg","type":"image\/jpeg"}],"twitter_card":"summary_large_image","twitter_site":"@raedacademy","twitter_misc":{"Est. reading time":"4 minutes"},"schema":{"@context":"https:\/\/schema.org","@graph":[{"@type":"WebPage","@id":"https:\/\/raed.academy\/ca\/esser-academic\/","url":"https:\/\/raed.academy\/ca\/esser-academic\/","name":"\u00c9SSER ACAD\u00c8MIC - Reial Acad\u00e8mia Europea de Doctors","isPartOf":{"@id":"https:\/\/raed.academy\/ca\/#website"},"primaryImageOfPage":{"@id":"https:\/\/raed.academy\/ca\/esser-academic\/#primaryimage"},"image":{"@id":"https:\/\/raed.academy\/ca\/esser-academic\/#primaryimage"},"thumbnailUrl":"https:\/\/raed.academy\/wp-content\/uploads\/2015\/01\/academico1-300x217.jpg","datePublished":"2015-03-19T11:17:17+00:00","dateModified":"2025-10-08T14:42:23+00:00","breadcrumb":{"@id":"https:\/\/raed.academy\/ca\/esser-academic\/#breadcrumb"},"inLanguage":"ca-ES","potentialAction":[{"@type":"ReadAction","target":["https:\/\/raed.academy\/ca\/esser-academic\/"]}]},{"@type":"ImageObject","inLanguage":"ca-ES","@id":"https:\/\/raed.academy\/ca\/esser-academic\/#primaryimage","url":"https:\/\/raed.academy\/wp-content\/uploads\/2015\/01\/academico1-300x217.jpg","contentUrl":"https:\/\/raed.academy\/wp-content\/uploads\/2015\/01\/academico1-300x217.jpg"},{"@type":"BreadcrumbList","@id":"https:\/\/raed.academy\/ca\/esser-academic\/#breadcrumb","itemListElement":[{"@type":"ListItem","position":1,"name":"Inicio","item":"https:\/\/raed.academy\/ca\/"},{"@type":"ListItem","position":2,"name":"\u00c9SSER ACAD\u00c8MIC"}]},{"@type":"WebSite","@id":"https:\/\/raed.academy\/ca\/#website","url":"https:\/\/raed.academy\/ca\/","name":"Reial Acad\u00e8mia Europea de Doctors","description":"Corporaci\u00f3n de derecho p\u00fablico de car\u00e1cter cient\u00edfico, t\u00e9cnico y art\u00edstico, que tiene por objeto la investigaci\u00f3n, el estudio, el fomento y la extensi\u00f3n del conocimiento en su sentido m\u00e1s amplio","publisher":{"@id":"https:\/\/raed.academy\/ca\/#organization"},"potentialAction":[{"@type":"SearchAction","target":{"@type":"EntryPoint","urlTemplate":"https:\/\/raed.academy\/ca\/?s={search_term_string}"},"query-input":{"@type":"PropertyValueSpecification","valueRequired":true,"valueName":"search_term_string"}}],"inLanguage":"ca-ES"},{"@type":"Organization","@id":"https:\/\/raed.academy\/ca\/#organization","name":"Real Academia Europea de Doctores","url":"https:\/\/raed.academy\/ca\/","logo":{"@type":"ImageObject","inLanguage":"ca-ES","@id":"https:\/\/raed.academy\/ca\/#\/schema\/logo\/image\/","url":"https:\/\/raed.academy\/wp-content\/uploads\/2017\/01\/cropped-logo_raed.png","contentUrl":"https:\/\/raed.academy\/wp-content\/uploads\/2017\/01\/cropped-logo_raed.png","width":512,"height":512,"caption":"Real Academia Europea de Doctores"},"image":{"@id":"https:\/\/raed.academy\/ca\/#\/schema\/logo\/image\/"},"sameAs":["http:\/\/fb.me\/raed.academy","https:\/\/x.com\/raedacademy","https:\/\/www.instagram.com\/raed.academy\/","https:\/\/www.youtube.com\/channel\/UCUYQwW2KrdirNWihxMDObwg"]}]}},"_links":{"self":[{"href":"https:\/\/raed.academy\/ca\/wp-json\/wp\/v2\/pages\/527","targetHints":{"allow":["GET"]}}],"collection":[{"href":"https:\/\/raed.academy\/ca\/wp-json\/wp\/v2\/pages"}],"about":[{"href":"https:\/\/raed.academy\/ca\/wp-json\/wp\/v2\/types\/page"}],"author":[{"embeddable":true,"href":"https:\/\/raed.academy\/ca\/wp-json\/wp\/v2\/users\/16"}],"replies":[{"embeddable":true,"href":"https:\/\/raed.academy\/ca\/wp-json\/wp\/v2\/comments?post=527"}],"version-history":[{"count":2,"href":"https:\/\/raed.academy\/ca\/wp-json\/wp\/v2\/pages\/527\/revisions"}],"predecessor-version":[{"id":171930,"href":"https:\/\/raed.academy\/ca\/wp-json\/wp\/v2\/pages\/527\/revisions\/171930"}],"wp:attachment":[{"href":"https:\/\/raed.academy\/ca\/wp-json\/wp\/v2\/media?parent=527"}],"curies":[{"name":"wp","href":"https:\/\/api.w.org\/{rel}","templated":true}]}}