{"id":524,"date":"2015-03-19T11:15:42","date_gmt":"2015-03-19T11:15:42","guid":{"rendered":"http:\/\/radd.eu\/?page_id=524"},"modified":"2019-12-06T08:55:51","modified_gmt":"2019-12-06T08:55:51","slug":"historia","status":"publish","type":"page","link":"https:\/\/raed.academy\/ca\/historia\/","title":{"rendered":"HIST\u00d2RIA"},"content":{"rendered":"<hr \/>\n<p><img loading=\"lazy\" decoding=\"async\" class=\"alignright wp-image-8151\" src=\"https:\/\/raed.academy\/wp-content\/uploads\/2015\/01\/Sin-nombre-1-246x300.png\" alt=\"Sin nombre\" width=\"159\" height=\"194\" srcset=\"https:\/\/raed.academy\/wp-content\/uploads\/2015\/01\/Sin-nombre-1-246x300.png 246w, https:\/\/raed.academy\/wp-content\/uploads\/2015\/01\/Sin-nombre-1.png 682w\" sizes=\"(max-width: 159px) 100vw, 159px\" \/><br \/>\nLa hist\u00f2ria de la Reial Acad\u00e8mia Europea de Doctors \u00e9s centen\u00e0ria.\u00a0Denominada Reial Acad\u00e8mia Europea de\u00a0Doctors (RAED) des\u00a0del 16 de febrer de 2016, la instituci\u00f3 ha tingut\u00a0diversos noms oficials en el seu segle d\u2019hist\u00f2ria: Agrupaci\u00f3 de Doctors Matriculats de Catalunya (1914-1920), Col\u00b7legi de Doctors Matriculats del Districte Universitari de Barcelona o simplement Col\u00b7legi de Doctors (1920-1954), Acad\u00e8mia de Doctors de Catalunya i Balears o simplement Acad\u00e8mia de Doctors (1954-1990) i Reial Acad\u00e8mia de Doctors (1990-2016).<\/p>\n<p>El primer precedent de l\u2019actual instituci\u00f3 \u00e9s l\u2019Agrupaci\u00f3 de Doctors Matriculats de Catalunya, creada per un grup de doctors matriculats, a l\u2019entorn del prestigi\u00f3s cirurgi\u00e0 \u00c1lvaro Esquerdo, davant la proximitat del I Congr\u00e9s de Doctors que se celebraria a la capital catalana el 1915. La inscripci\u00f3 no es faria al Registre d\u2019Associacions del Govern Civil de la prov\u00edncia de Barcelona fins el 25 de maig de 1919.<\/p>\n<p>Es pot considerar a \u00c1lvaro Esquerdo \u2013secundat pel seu secretari, el Dr. Guillermo de Benavent\u2013 el veritable fundador de la instituci\u00f3, que va tenir en els inicis una intensa vida cultural, inclosa la solemne sessi\u00f3 de fi de curs de 1919 presidida per Sa Majestat el rei Alfons XIII al Paranimf de la Universitat de Barcelona.<\/p>\n<p>El 1920 passa a denominar-se Col\u00b7legi de Doctors Matriculats del Districte Universitari de Barcelona, corporaci\u00f3 reconeguda oficialment el 1924 mitjancant\u00a0Reial Orde del Ministeri d\u2019Instrucci\u00f3 P\u00fablica i Belles Arts.<\/p>\n<p>El Col\u00b7legi de Doctors va entrar en una etapa de dif\u00edcil superviv\u00e8ncia pel llarg per\u00edode d\u2019inestabilitat pol\u00edtica que es va viure a Espanya, va tenir escassa activitat durant la Segona Rep\u00fablica i pr\u00e0cticament va desapar\u00e9ixer amb la Guerra Civil.<\/p>\n<p>El 1943 pren novament un gran impuls amb la presid\u00e8ncia de l\u2019il\u00b7lustre Dr. Guillermo de Benavent Camps, que ostenta amb prestigi el c\u00e0rrec fins la seva mort el 1963, ajudat pel vicesecretari Dr. Peres Casa\u00f1as. Ambd\u00f3s faran possible la renaixen\u00e7a del Col\u00b7legi de Doctors despr\u00e9s de gaireb\u00e9 dues d\u00e8cades de turbul\u00e8ncies socials i pol\u00edtiques.<\/p>\n<p>El 1964 assumia les regnes el Dr. Jordi Xifra Heras, que va trobar una Acad\u00e8mia de Doctors restaurada i consolidada, per\u00f2 necessitada de canvis. Ell va fer desfilar per la tribuna acad\u00e8mica el millor de la cultura i la ci\u00e8ncia del seu temps, mentre que el bon ofici del Dr. Bermejo fent de secretari va insuflar ordre i continu\u00eftat en les activitats de l\u2019Acad\u00e8mia.<\/p>\n<p><img loading=\"lazy\" decoding=\"async\" class=\"alignright wp-image-7980 size-full\" src=\"https:\/\/raed.academy\/wp-content\/uploads\/2015\/01\/rey-1.jpg\" alt=\"rey\" width=\"159\" height=\"293\" \/>El 1977 va ocupar la presid\u00e8ncia el Dr. Luis Dolcet Buxeres, que va continuar amb brillantor la l\u00ednia dels seus antecessors durant una d\u00e8cada marcada per l\u2019impuls regenerador i transformador d\u2019una Junta que va viure un per\u00edode il\u00b7lusionant ja en plena democr\u00e0cia. En aquells anys, i amb la col\u00b7laboraci\u00f3 del seus successor el Dr. Jos\u00e9 Casajuana Gibert \u2013exemple de tenacitat, esfor\u00e7 i discreci\u00f3, un home de ci\u00e8ncia i de conci\u00e8ncia amb creences fermes i coneixements d\u2019erudit\u2013, es van gestar accions decisives en l\u2019avenir de la instituci\u00f3. Especialment rellevant va ser l\u2019any 1989: l\u2019Acad\u00e8mia \u00e9s reconeguda entitat de dret p\u00fablic i Sa Majestat el rei Joan Carles I li concedeix el t\u00edtol de Reial, essent des de llavors\u00a0Reial Acad\u00e8mia de Doctors.<\/p>\n<p>A partir d\u2019aquell moment, els lla\u00e7os amb la Corona s\u2019han tradu\u00eft en diversos actes en els quals la Casa Reial ha mostrat el seu afecte cap a la instituci\u00f3.<\/p>\n<p>Aix\u00ed, els reis Joan Carles i Sofia van presidir, al Palau de la M\u00fasica, una solemne sessi\u00f3 acad\u00e8mica el 10 de desembre de 1992. El 29 de maig de 2008 el deg\u00e0-president Jos\u00e9 Casajuana Gibert va imposar la Medalla d\u2019Honor de la Reial Acad\u00e8mia de Doctors a Sa Majestat el rei Joan Carles I, durant el Consell Interacad\u00e8mic de Catalunya, del qual la nostra instituci\u00f3 va ostentar la presid\u00e8ncia.<\/p>\n<h3>Destaquem les paraules de Sa Majestat el Rei en agra\u00efment per la concessi\u00f3 de la Medalla d\u2019Honor de la RAED:<\/h3>\n<blockquote><p>&#8220;Una distinci\u00f3 que valoro molt, i a la qual corresponc amb el meu reconeixement sincer de la tasca d\u2019aquesta instituci\u00f3 al servei de Catalunya i de tota Espanya.&#8221;<\/p><\/blockquote>\n<h3>El Rei va posar de manifest la tasca desenvolupada per l\u2019Acad\u00e8mia, en la qual:<\/h3>\n<blockquote><p>\u201chan treballat enginyers il\u00b7lustres, metges de renom, matem\u00e0tics famosos, literats brillants, economistes prestigiosos, f\u00edsics, qu\u00edmics i moltes personalitats de les arts i de les ci\u00e8ncies. Homes i dones que van ser capa\u00e7os de resoldre q\u00fcestions fonamentals per al desenvolupament cultural, cient\u00edfic, econ\u00f2mic i social d\u2019Espanya i de tots els espanyols\u201d.<\/p><\/blockquote>\n<h3>Sa Majestat va subratllar que:<\/h3>\n<blockquote><p>\u201cl\u2019amor pel treball ben fet, el sentit com\u00fa i la visi\u00f3 oberta, aix\u00ed com la capacitat d\u2019iniciativa i la tenacitat, han conformat les millors virtuts que hem reconegut sempre en la societat catalana. Unes virtuts que expliquen l\u2019aportaci\u00f3 de Catalunya a la construcci\u00f3 d\u2019Espanya cada vegada m\u00e9s moderna, pr\u00f2spera i din\u00e0mica que tots junts hem constru\u00eft, capa\u00e7 de competir amb for\u00e7a i amb \u00e8xit al m\u00f3n sencer. Una Espanya orgullosa de la seva diversitat i pluralitat, que ha sabut rec\u00f3rrer el m\u00e9s llarg per\u00edode de progr\u00e9s en democr\u00e0cia i llibertat\u201d.<\/p><\/blockquote>\n<h3>Abans d\u2019acabar Sa Majestat va recordar que:<\/h3>\n<blockquote><p>\u201cels reptes, dificultats i transformacions que registra el nostre entorn econ\u00f2mic, en un m\u00f3n cada vegada m\u00e9s complex i globalitzat, han de revestir un car\u00e0cter prioritari per assegurar i impulsar de forma solid\u00e0ria i sostenible el nostre creixement i major benestar. En aquesta tasca, l\u2019activitat cient\u00edfica ha de jugar un paper protagonista, aportant els elements te\u00f2rics i t\u00e8cnics necessaris per atendre el desenvolupament col\u2022lectiu, en particular, dels qui m\u00e9s ho necessiten. No oblidem que l\u2019ensenyament i la investigaci\u00f3 constitueixen els pilars fonamentals sobre els quals s\u2019assenta la conviv\u00e8ncia i el millor futur per a tots els ciutadans\u201d.<\/p><\/blockquote>\n<div class=\"col-3 col-m-5\">\n<h3><strong>&#8220;Amb orgull, cent anys despr\u00e9s, ens reconeixem en la qu\u00e0druple identitat d\u2019acad\u00e8mics, doctorals, reials i europeus.&#8221;<\/strong><\/h3>\n<\/div>\n<p>La hist\u00f2ria recent de la RAED est\u00e0 marcada pel seu darrer deganat, el presidit pel Dr. Alfredo Rocafort Nicolau, que es va iniciar el 26 de juny de 2012, despres de ser escollit per votaci\u00f3 amb un ampli consens.<\/p>\n<p>La nova Junta de Govern presidida pel Dr. Rocafort ha realitzat una reforma global de la instituci\u00f3: una nova seu corporativa i diverses modificacions en els Estatuts, que recullen el sentir d\u2019un programa realista, han obert la instituci\u00f3 als nous temps, incorporant-hi com acad\u00e8mics prestigiosos cient\u00edfics europeus i americans, entre els que podem comptar alguns premis Nobel.<\/p>\n<p>Fa uns anys, l\u2019Acad\u00e8mia es va proposar superar barreres f\u00edsiques, geogr\u00e0fiques i pol\u00edtiques, i apostar decididament per la internacionalitzaci\u00f3. El 2016, aquest repte ha culminat en afegir l\u2019adjectiu \u201ceuropea\u201d al nom de la instituci\u00f3.<\/p>\n<p>Pel cam\u00ed, la Reial Acad\u00e8mia de Doctors ha estat admesa el 2013 com acad\u00e8mia associada per la Junta rectora de l\u2019Instituto de Espa\u00f1a, i ha celebrat el seu centenari el 2014. El dia 7 d\u2019abril de 2014 va tenir lloc a Barcelona la <em>commemoraci\u00f3 del centenari 1914-2014 de la Reial Acad\u00e8mia de Doctors<\/em> i l\u2019acte d\u2019inauguraci\u00f3 de la nova seu corporativa, situada al c\u00e8ntric edifici de Foment del Treball.<\/p>\n<p><a href=\"https:\/\/raed.academy\/wp-content\/uploads\/2015\/01\/h1.jpg\"><img loading=\"lazy\" decoding=\"async\" class=\"alignright wp-image-8028\" src=\"https:\/\/raed.academy\/wp-content\/uploads\/2015\/01\/h1.jpg\" alt=\"Commemoraci\u00f3 del centenari de la RAED (1914-2014). 7 abril 2014\" width=\"400\" height=\"173\" srcset=\"https:\/\/raed.academy\/wp-content\/uploads\/2015\/01\/h1.jpg 581w, https:\/\/raed.academy\/wp-content\/uploads\/2015\/01\/h1-300x130.jpg 300w\" sizes=\"(max-width: 400px) 100vw, 400px\" \/><\/a>A la celebraci\u00f3 van assistir Artur Mas i Gavarr\u00f3, president de la Generalitat de Catalunya, que va presidir l\u2019acte commemoratiu, i Luis Mart\u00ednez Sistach, arquebisbe de Barcelona, que va beneir la nova seu.<br \/>\nDes de la seva fundaci\u00f3, el 1914, la Reial Acad\u00e8mia Europea de Doctors ha estat compromesa amb la defensa del prestigi del t\u00edtol de Doctor i ha vetllat per mantenir l\u2019harmonia i la m\u00e9s estreta colaboraci\u00f3 entre els seus membres. Amb aquest orgull, cent anys despr\u00e9s, ens reconeixem en la qu\u00e0druple identitat d\u2019acad\u00e8mics, doctorals, reials i europeus.<\/p>\n","protected":false},"excerpt":{"rendered":"<p>La hist\u00f2ria de la Reial Acad\u00e8mia Europea de Doctors \u00e9s centen\u00e0ria.\u00a0Denominada Reial Acad\u00e8mia Europea de\u00a0Doctors (RAED) des\u00a0del 16 de febrer de 2016, la instituci\u00f3 ha tingut\u00a0diversos noms oficials en el seu segle d\u2019hist\u00f2ria: Agrupaci\u00f3 de Doctors Matriculats de Catalunya (1914-1920), Col\u00b7legi de Doctors Matriculats del Districte Universitari de Barcelona o simplement Col\u00b7legi de Doctors (1920-1954), [&hellip;]<\/p>\n","protected":false},"author":16,"featured_media":0,"parent":0,"menu_order":0,"comment_status":"closed","ping_status":"closed","template":"","meta":{"_et_pb_use_builder":"","_et_pb_old_content":"","_et_gb_content_width":"","footnotes":""},"class_list":["post-524","page","type-page","status-publish","hentry"],"yoast_head":"<!-- This site is optimized with the Yoast SEO plugin v27.4 - https:\/\/yoast.com\/product\/yoast-seo-wordpress\/ -->\n<title>Hist\u00f2ria de la RAED | Reial Acad\u00e8mia Europea de Doctors<\/title>\n<meta name=\"description\" content=\"Hist\u00f2ria de la RAED des dels seus inicis al 1914, amb el nom &quot;Agrupaci\u00f3 de Doctors Matriculats de Catalunya&quot;, fins a l&#039;actualitat.\" \/>\n<meta name=\"robots\" content=\"index, follow, max-snippet:-1, max-image-preview:large, max-video-preview:-1\" \/>\n<link rel=\"canonical\" href=\"https:\/\/raed.academy\/ca\/historia\/\" \/>\n<meta property=\"og:locale\" content=\"ca_ES\" \/>\n<meta property=\"og:type\" content=\"article\" \/>\n<meta property=\"og:title\" content=\"Hist\u00f2ria de la RAED | Reial Acad\u00e8mia Europea de Doctors\" \/>\n<meta property=\"og:description\" content=\"Hist\u00f2ria de la RAED des dels seus inicis al 1914, amb el nom &quot;Agrupaci\u00f3 de Doctors Matriculats de Catalunya&quot;, fins a l&#039;actualitat.\" \/>\n<meta property=\"og:url\" content=\"https:\/\/raed.academy\/ca\/historia\/\" \/>\n<meta property=\"og:site_name\" content=\"Reial Acad\u00e8mia Europea de Doctors\" \/>\n<meta property=\"article:publisher\" content=\"http:\/\/fb.me\/raed.academy\" \/>\n<meta property=\"article:modified_time\" content=\"2019-12-06T08:55:51+00:00\" \/>\n<meta property=\"og:image\" content=\"https:\/\/raed.academy\/wp-content\/uploads\/2015\/01\/Sin-nombre-1-246x300.png\" \/>\n<meta name=\"twitter:card\" content=\"summary_large_image\" \/>\n<meta name=\"twitter:site\" content=\"@raedacademy\" \/>\n<meta name=\"twitter:label1\" content=\"Est. reading time\" \/>\n\t<meta name=\"twitter:data1\" content=\"7 minutes\" \/>\n<script type=\"application\/ld+json\" class=\"yoast-schema-graph\">{\"@context\":\"https:\\\/\\\/schema.org\",\"@graph\":[{\"@type\":\"WebPage\",\"@id\":\"https:\\\/\\\/raed.academy\\\/ca\\\/historia\\\/\",\"url\":\"https:\\\/\\\/raed.academy\\\/ca\\\/historia\\\/\",\"name\":\"Hist\u00f2ria de la RAED | Reial Acad\u00e8mia Europea de Doctors\",\"isPartOf\":{\"@id\":\"https:\\\/\\\/raed.academy\\\/ca\\\/#website\"},\"primaryImageOfPage\":{\"@id\":\"https:\\\/\\\/raed.academy\\\/ca\\\/historia\\\/#primaryimage\"},\"image\":{\"@id\":\"https:\\\/\\\/raed.academy\\\/ca\\\/historia\\\/#primaryimage\"},\"thumbnailUrl\":\"https:\\\/\\\/raed.academy\\\/wp-content\\\/uploads\\\/2015\\\/01\\\/Sin-nombre-1-246x300.png\",\"datePublished\":\"2015-03-19T11:15:42+00:00\",\"dateModified\":\"2019-12-06T08:55:51+00:00\",\"description\":\"Hist\u00f2ria de la RAED des dels seus inicis al 1914, amb el nom \\\"Agrupaci\u00f3 de Doctors Matriculats de Catalunya\\\", fins a l'actualitat.\",\"breadcrumb\":{\"@id\":\"https:\\\/\\\/raed.academy\\\/ca\\\/historia\\\/#breadcrumb\"},\"inLanguage\":\"ca-ES\",\"potentialAction\":[{\"@type\":\"ReadAction\",\"target\":[\"https:\\\/\\\/raed.academy\\\/ca\\\/historia\\\/\"]}]},{\"@type\":\"ImageObject\",\"inLanguage\":\"ca-ES\",\"@id\":\"https:\\\/\\\/raed.academy\\\/ca\\\/historia\\\/#primaryimage\",\"url\":\"https:\\\/\\\/raed.academy\\\/wp-content\\\/uploads\\\/2015\\\/01\\\/Sin-nombre-1-246x300.png\",\"contentUrl\":\"https:\\\/\\\/raed.academy\\\/wp-content\\\/uploads\\\/2015\\\/01\\\/Sin-nombre-1-246x300.png\"},{\"@type\":\"BreadcrumbList\",\"@id\":\"https:\\\/\\\/raed.academy\\\/ca\\\/historia\\\/#breadcrumb\",\"itemListElement\":[{\"@type\":\"ListItem\",\"position\":1,\"name\":\"Inicio\",\"item\":\"https:\\\/\\\/raed.academy\\\/ca\\\/\"},{\"@type\":\"ListItem\",\"position\":2,\"name\":\"HIST\u00d2RIA\"}]},{\"@type\":\"WebSite\",\"@id\":\"https:\\\/\\\/raed.academy\\\/ca\\\/#website\",\"url\":\"https:\\\/\\\/raed.academy\\\/ca\\\/\",\"name\":\"Reial Acad\u00e8mia Europea de Doctors\",\"description\":\"Corporaci\u00f3n de derecho p\u00fablico de car\u00e1cter cient\u00edfico, t\u00e9cnico y art\u00edstico, que tiene por objeto la investigaci\u00f3n, el estudio, el fomento y la extensi\u00f3n del conocimiento en su sentido m\u00e1s amplio\",\"publisher\":{\"@id\":\"https:\\\/\\\/raed.academy\\\/ca\\\/#organization\"},\"potentialAction\":[{\"@type\":\"SearchAction\",\"target\":{\"@type\":\"EntryPoint\",\"urlTemplate\":\"https:\\\/\\\/raed.academy\\\/ca\\\/?s={search_term_string}\"},\"query-input\":{\"@type\":\"PropertyValueSpecification\",\"valueRequired\":true,\"valueName\":\"search_term_string\"}}],\"inLanguage\":\"ca-ES\"},{\"@type\":\"Organization\",\"@id\":\"https:\\\/\\\/raed.academy\\\/ca\\\/#organization\",\"name\":\"Real Academia Europea de Doctores\",\"url\":\"https:\\\/\\\/raed.academy\\\/ca\\\/\",\"logo\":{\"@type\":\"ImageObject\",\"inLanguage\":\"ca-ES\",\"@id\":\"https:\\\/\\\/raed.academy\\\/ca\\\/#\\\/schema\\\/logo\\\/image\\\/\",\"url\":\"https:\\\/\\\/raed.academy\\\/wp-content\\\/uploads\\\/2017\\\/01\\\/cropped-logo_raed.png\",\"contentUrl\":\"https:\\\/\\\/raed.academy\\\/wp-content\\\/uploads\\\/2017\\\/01\\\/cropped-logo_raed.png\",\"width\":512,\"height\":512,\"caption\":\"Real Academia Europea de Doctores\"},\"image\":{\"@id\":\"https:\\\/\\\/raed.academy\\\/ca\\\/#\\\/schema\\\/logo\\\/image\\\/\"},\"sameAs\":[\"http:\\\/\\\/fb.me\\\/raed.academy\",\"https:\\\/\\\/x.com\\\/raedacademy\",\"https:\\\/\\\/www.instagram.com\\\/raed.academy\\\/\",\"https:\\\/\\\/www.youtube.com\\\/channel\\\/UCUYQwW2KrdirNWihxMDObwg\"]}]}<\/script>\n<!-- \/ Yoast SEO plugin. -->","yoast_head_json":{"title":"Hist\u00f2ria de la RAED | Reial Acad\u00e8mia Europea de Doctors","description":"Hist\u00f2ria de la RAED des dels seus inicis al 1914, amb el nom \"Agrupaci\u00f3 de Doctors Matriculats de Catalunya\", fins a l'actualitat.","robots":{"index":"index","follow":"follow","max-snippet":"max-snippet:-1","max-image-preview":"max-image-preview:large","max-video-preview":"max-video-preview:-1"},"canonical":"https:\/\/raed.academy\/ca\/historia\/","og_locale":"ca_ES","og_type":"article","og_title":"Hist\u00f2ria de la RAED | Reial Acad\u00e8mia Europea de Doctors","og_description":"Hist\u00f2ria de la RAED des dels seus inicis al 1914, amb el nom \"Agrupaci\u00f3 de Doctors Matriculats de Catalunya\", fins a l'actualitat.","og_url":"https:\/\/raed.academy\/ca\/historia\/","og_site_name":"Reial Acad\u00e8mia Europea de Doctors","article_publisher":"http:\/\/fb.me\/raed.academy","article_modified_time":"2019-12-06T08:55:51+00:00","og_image":[{"url":"https:\/\/raed.academy\/wp-content\/uploads\/2015\/01\/Sin-nombre-1-246x300.png","type":"","width":"","height":""}],"twitter_card":"summary_large_image","twitter_site":"@raedacademy","twitter_misc":{"Est. reading time":"7 minutes"},"schema":{"@context":"https:\/\/schema.org","@graph":[{"@type":"WebPage","@id":"https:\/\/raed.academy\/ca\/historia\/","url":"https:\/\/raed.academy\/ca\/historia\/","name":"Hist\u00f2ria de la RAED | Reial Acad\u00e8mia Europea de Doctors","isPartOf":{"@id":"https:\/\/raed.academy\/ca\/#website"},"primaryImageOfPage":{"@id":"https:\/\/raed.academy\/ca\/historia\/#primaryimage"},"image":{"@id":"https:\/\/raed.academy\/ca\/historia\/#primaryimage"},"thumbnailUrl":"https:\/\/raed.academy\/wp-content\/uploads\/2015\/01\/Sin-nombre-1-246x300.png","datePublished":"2015-03-19T11:15:42+00:00","dateModified":"2019-12-06T08:55:51+00:00","description":"Hist\u00f2ria de la RAED des dels seus inicis al 1914, amb el nom \"Agrupaci\u00f3 de Doctors Matriculats de Catalunya\", fins a l'actualitat.","breadcrumb":{"@id":"https:\/\/raed.academy\/ca\/historia\/#breadcrumb"},"inLanguage":"ca-ES","potentialAction":[{"@type":"ReadAction","target":["https:\/\/raed.academy\/ca\/historia\/"]}]},{"@type":"ImageObject","inLanguage":"ca-ES","@id":"https:\/\/raed.academy\/ca\/historia\/#primaryimage","url":"https:\/\/raed.academy\/wp-content\/uploads\/2015\/01\/Sin-nombre-1-246x300.png","contentUrl":"https:\/\/raed.academy\/wp-content\/uploads\/2015\/01\/Sin-nombre-1-246x300.png"},{"@type":"BreadcrumbList","@id":"https:\/\/raed.academy\/ca\/historia\/#breadcrumb","itemListElement":[{"@type":"ListItem","position":1,"name":"Inicio","item":"https:\/\/raed.academy\/ca\/"},{"@type":"ListItem","position":2,"name":"HIST\u00d2RIA"}]},{"@type":"WebSite","@id":"https:\/\/raed.academy\/ca\/#website","url":"https:\/\/raed.academy\/ca\/","name":"Reial Acad\u00e8mia Europea de Doctors","description":"Corporaci\u00f3n de derecho p\u00fablico de car\u00e1cter cient\u00edfico, t\u00e9cnico y art\u00edstico, que tiene por objeto la investigaci\u00f3n, el estudio, el fomento y la extensi\u00f3n del conocimiento en su sentido m\u00e1s amplio","publisher":{"@id":"https:\/\/raed.academy\/ca\/#organization"},"potentialAction":[{"@type":"SearchAction","target":{"@type":"EntryPoint","urlTemplate":"https:\/\/raed.academy\/ca\/?s={search_term_string}"},"query-input":{"@type":"PropertyValueSpecification","valueRequired":true,"valueName":"search_term_string"}}],"inLanguage":"ca-ES"},{"@type":"Organization","@id":"https:\/\/raed.academy\/ca\/#organization","name":"Real Academia Europea de Doctores","url":"https:\/\/raed.academy\/ca\/","logo":{"@type":"ImageObject","inLanguage":"ca-ES","@id":"https:\/\/raed.academy\/ca\/#\/schema\/logo\/image\/","url":"https:\/\/raed.academy\/wp-content\/uploads\/2017\/01\/cropped-logo_raed.png","contentUrl":"https:\/\/raed.academy\/wp-content\/uploads\/2017\/01\/cropped-logo_raed.png","width":512,"height":512,"caption":"Real Academia Europea de Doctores"},"image":{"@id":"https:\/\/raed.academy\/ca\/#\/schema\/logo\/image\/"},"sameAs":["http:\/\/fb.me\/raed.academy","https:\/\/x.com\/raedacademy","https:\/\/www.instagram.com\/raed.academy\/","https:\/\/www.youtube.com\/channel\/UCUYQwW2KrdirNWihxMDObwg"]}]}},"_links":{"self":[{"href":"https:\/\/raed.academy\/ca\/wp-json\/wp\/v2\/pages\/524","targetHints":{"allow":["GET"]}}],"collection":[{"href":"https:\/\/raed.academy\/ca\/wp-json\/wp\/v2\/pages"}],"about":[{"href":"https:\/\/raed.academy\/ca\/wp-json\/wp\/v2\/types\/page"}],"author":[{"embeddable":true,"href":"https:\/\/raed.academy\/ca\/wp-json\/wp\/v2\/users\/16"}],"replies":[{"embeddable":true,"href":"https:\/\/raed.academy\/ca\/wp-json\/wp\/v2\/comments?post=524"}],"version-history":[{"count":0,"href":"https:\/\/raed.academy\/ca\/wp-json\/wp\/v2\/pages\/524\/revisions"}],"wp:attachment":[{"href":"https:\/\/raed.academy\/ca\/wp-json\/wp\/v2\/media?parent=524"}],"curies":[{"name":"wp","href":"https:\/\/api.w.org\/{rel}","templated":true}]}}