{"id":46106,"date":"2018-05-30T11:35:46","date_gmt":"2018-05-30T11:35:46","guid":{"rendered":"http:\/\/raed.academy\/?page_id=46106"},"modified":"2018-05-30T11:35:46","modified_gmt":"2018-05-30T11:35:46","slug":"privacitat","status":"publish","type":"page","link":"https:\/\/raed.academy\/ca\/privacitat\/","title":{"rendered":"Pol\u00edtica de privacitat"},"content":{"rendered":"<p>La pol\u00edtica de protecci\u00f3 de dades que s&#8217;enumera a continuaci\u00f3 regula el tractament de les dades de car\u00e0cter personal recollides per qualsevol mitj\u00e0 que porta a terme la Reial Acad\u00e8mia Europea de Doctors (RAED) en el desenvolupament de les seves funcions i activitats.<\/p>\n<h2>1. Identitat del responsable del tractament<\/h2>\n<p>El responsable del tractament de les dades personals \u00e9s:<\/p>\n<p>Reial Acad\u00e8mia Europea de Doctors<br \/>\nNIF: Q5856332A<br \/>\nVia Laietana, 32 &#8211; 3r pis<br \/>\nEdifici Foment del Treball<br \/>\n08003 Barcelona<\/p>\n<h2>2. Finalitat del tractament de les dades<\/h2>\n<p>Les dades que una persona subministra a la Reial Acad\u00e8mia Europea de Doctors per qualsevol mitj\u00e0 s\u00f3n tractades d&#8217;acord amb la legislaci\u00f3 vigent en mat\u00e8ria de protecci\u00f3 de dades, amb l&#8217;\u00fanica finalitat de lliurar o atendre el servei sol\u00b7licitat.<\/p>\n<p>En cada un d&#8217;aquests mitjans, la RAED informa detalladament de la finalitat del tractament de les dades que es dur\u00e0 a terme \u00fanicament i exclusivament si la persona ha autoritzat aquest tractament.<\/p>\n<p>A continuaci\u00f3 es detalla la informaci\u00f3 relativa a les diferents finalitats per les quals es poden recollir dades personals:<\/p>\n<table>\n<tbody>\n<tr>\n<th>Objecte del tractament<\/th>\n<th>Per a qu\u00e8 fa servir la RAED les dades personals<\/th>\n<th>Quant de temps conserva la RAED les dades personals<\/th>\n<\/tr>\n<tr>\n<td>Sol\u00b7licituds a trav\u00e9s del formulari de la p\u00e0gina web <a href=\"http:\/\/raed.academy\/ca\/contacte\">http:\/\/raed.academy\/ca\/contacte<\/a><\/td>\n<td>Atendre sol\u00b7licituds d&#8217;informaci\u00f3<\/td>\n<td>Un cop finalitzada la sol\u00b7licitud o consulta, les dades dades s\u00f3n suprimides<\/td>\n<\/tr>\n<tr>\n<td>Enviament regular del butllet\u00ed de not\u00edcies de la RAED, \u00fanicament a persones subscrites<\/td>\n<td>Informaci\u00f3 sobre nous ingressos d&#8217;acad\u00e8mics, debats, confer\u00e8ncies i altres activitats de la RAED<\/td>\n<td>Conserva les dades fins al moment en qu\u00e8 la persona subscrita sol\u00b7licita no rebre m\u00e9s comunicacions, moment en que les dades s\u00f3n suprimides. Es pot sol\u00b7licitar la supressi\u00f3 en qualsevol moment mitjan\u00e7ant l&#8217;enlla\u00e7 que apareix en cada comunicat<\/td>\n<\/tr>\n<tr>\n<td>Sol\u00b7licitud d&#8217;assist\u00e8ncia a un acte\/activitat organitzat per la RAED<\/td>\n<td>Previsi\u00f3 dels assistents a l&#8217;acte per a la correcta gesti\u00f3 d&#8217;aquest<\/td>\n<td>En acabar l&#8217;acte\/activitat les dades s\u00f3n suprimides<\/td>\n<\/tr>\n<tr>\n<td>Ofertes de treball i dades curriculars<\/td>\n<td>Tracta les dades personals per a la gesti\u00f3 de la base de dades de candidats<\/td>\n<td>Conserva les dades personals durant un per\u00edode de cinc anys, passats els quals s\u00f3n destru\u00efdes<\/td>\n<\/tr>\n<tr>\n<td>Prove\u00efdors<\/td>\n<td>Tracta les dades personals per a la gesti\u00f3 de les relacions professionals, i no s\u00f3n cedides a tercers, llevat que es tracti de q\u00fcestions legals derivades d&#8217;aquesta relaci\u00f3<\/td>\n<td>Conserva les dades personals m\u00e9s enll\u00e0 de la finalitzaci\u00f3 de la relaci\u00f3 professional, com a part del registre hist\u00f2ric<\/td>\n<\/tr>\n<\/tbody>\n<\/table>\n<p>La persona interessada subministra les seves dades de manera volunt\u00e0ria en tot moment, el que garanteix que les dades personals facilitades s\u00f3n veraces; la RAED es reserva el dret a excloure dels serveis a les persones que hagin facilitat dades falses, sense perjudici de les altres accions que procedeixin en dret.<\/p>\n<p>Les dades lliurats s\u00f3n tractats \u00fanicament amb la finalitat per a la qual es van demanar i van ser autoritzats per la persona interessada. No se cedeixen les dades a tercers, llevat que l&#8217;interessat l&#8217;hagi autoritzat expressament o per q\u00fcestions legals.<\/p>\n<h2>3. Els drets de les persones quan faciliten les seves dades<\/h2>\n<p>En qualsevol moment, una persona pot sol\u00b7licitar i obtenir informaci\u00f3 de com i per qu\u00e8\u00a0la RAED tracta les seves dades. Aquesta persona pot:<\/p>\n<ul>\n<li>Accedir a les seves dades, \u00e9s a dir, sol\u00b7licitar quines dades seves t\u00e9 la RAED i quin \u00fas fa.<\/li>\n<li>Rectificar les seves dades, \u00e9s a dir, sol\u00b7licitar la modificaci\u00f3 o la rectificaci\u00f3 de dades inexactes.<\/li>\n<li>Suprimir les seves dades, \u00e9s a dir, sol\u00b7licitar que les seves dades siguin eliminades i no se&#8217;n faci cap tractament, fora dels que la llei exigeix \u200b\u200bconservar.<\/li>\n<li>Oposar-se a un tractament, \u00e9s a dir, que la RAED no faci un \u00fas concret de les seves dades.<\/li>\n<li>Limitar el tractament, \u00e9s a dir, sol\u00b7licitar que les seves dades siguin conservades \u00fanicament per necessitats legals.<\/li>\n<li>Portabilitat de les dades, \u00e9s a dir, que la RAED li ha de lliurar les dades en un format compatible perqu\u00e8 les pugui portar a un tercer que li ha ofert un servei.<\/li>\n<\/ul>\n<p>Per qualsevol d&#8217;aquestes gestions, l&#8217;interessat pot dirigir-se a la RAED amb la indicaci\u00f3 del dret que vol exercir (acc\u00e9s, rectificaci\u00f3, supressi\u00f3, oposici\u00f3, limitaci\u00f3 del tractament o portabilitat de les dades), juntament amb una c\u00f2pia del seu DNI, per qualsevol dels mitjans seg\u00fcents:<\/p>\n<ul>\n<li>Dirigir un escrit a:<br \/>\nReial Acad\u00e8mia Europea de Doctors<br \/>\nVia Laietana, 32 &#8211; 3r pis<br \/>\nEdifici Foment del Treball<br \/>\n08003 Barcelona<\/li>\n<li>Per correu electr\u00f2nic a <strong>presidencia@raed.academy<\/strong><\/li>\n<li>Via telef\u00f2nica al <strong>93.667 40 54<\/strong><\/li>\n<\/ul>\n<p>Igualment, si l&#8217;interessat desitja con\u00e8ixer m\u00e9s informaci\u00f3 sobre els tractaments de dades personals que duu a terme la Reial Acad\u00e8mia Europea de Doctors, pot posar-se en contacte amb aquesta instituci\u00f3 al correu electr\u00f2nic <strong>secretaria@raed.academy<\/strong>.<\/p>\n","protected":false},"excerpt":{"rendered":"<p>La pol\u00edtica de protecci\u00f3 de dades que s&#8217;enumera a continuaci\u00f3 regula el tractament de les dades de car\u00e0cter personal recollides per qualsevol mitj\u00e0 que porta a terme la Reial Acad\u00e8mia Europea de Doctors (RAED) en el desenvolupament de les seves funcions i activitats. 1. Identitat del responsable del tractament El responsable del tractament de les [&hellip;]<\/p>\n","protected":false},"author":16,"featured_media":0,"parent":0,"menu_order":0,"comment_status":"closed","ping_status":"closed","template":"","meta":{"_et_pb_use_builder":"","_et_pb_old_content":"","_et_gb_content_width":"","footnotes":""},"class_list":["post-46106","page","type-page","status-publish","hentry"],"yoast_head":"<!-- This site is optimized with the Yoast SEO plugin v27.4 - https:\/\/yoast.com\/product\/yoast-seo-wordpress\/ -->\n<title>Pol\u00edtica de privacitat - Reial Acad\u00e8mia Europea de Doctors<\/title>\n<meta name=\"robots\" content=\"index, follow, max-snippet:-1, max-image-preview:large, max-video-preview:-1\" \/>\n<link rel=\"canonical\" href=\"https:\/\/raed.academy\/ca\/privacitat\/\" \/>\n<meta property=\"og:locale\" content=\"ca_ES\" \/>\n<meta property=\"og:type\" content=\"article\" \/>\n<meta property=\"og:title\" content=\"Pol\u00edtica de privacitat - Reial Acad\u00e8mia Europea de Doctors\" \/>\n<meta property=\"og:description\" content=\"La pol\u00edtica de protecci\u00f3 de dades que s&#8217;enumera a continuaci\u00f3 regula el tractament de les dades de car\u00e0cter personal recollides per qualsevol mitj\u00e0 que porta a terme la Reial Acad\u00e8mia Europea de Doctors (RAED) en el desenvolupament de les seves funcions i activitats. 1. Identitat del responsable del tractament El responsable del tractament de les [&hellip;]\" \/>\n<meta property=\"og:url\" content=\"https:\/\/raed.academy\/ca\/privacitat\/\" \/>\n<meta property=\"og:site_name\" content=\"Reial Acad\u00e8mia Europea de Doctors\" \/>\n<meta property=\"article:publisher\" content=\"http:\/\/fb.me\/raed.academy\" \/>\n<meta name=\"twitter:card\" content=\"summary_large_image\" \/>\n<meta name=\"twitter:site\" content=\"@raedacademy\" \/>\n<meta name=\"twitter:label1\" content=\"Est. reading time\" \/>\n\t<meta name=\"twitter:data1\" content=\"4 minutes\" \/>\n<script type=\"application\/ld+json\" class=\"yoast-schema-graph\">{\"@context\":\"https:\\\/\\\/schema.org\",\"@graph\":[{\"@type\":\"WebPage\",\"@id\":\"https:\\\/\\\/raed.academy\\\/ca\\\/privacitat\\\/\",\"url\":\"https:\\\/\\\/raed.academy\\\/ca\\\/privacitat\\\/\",\"name\":\"Pol\u00edtica de privacitat - Reial Acad\u00e8mia Europea de Doctors\",\"isPartOf\":{\"@id\":\"https:\\\/\\\/raed.academy\\\/ca\\\/#website\"},\"datePublished\":\"2018-05-30T11:35:46+00:00\",\"breadcrumb\":{\"@id\":\"https:\\\/\\\/raed.academy\\\/ca\\\/privacitat\\\/#breadcrumb\"},\"inLanguage\":\"ca-ES\",\"potentialAction\":[{\"@type\":\"ReadAction\",\"target\":[\"https:\\\/\\\/raed.academy\\\/ca\\\/privacitat\\\/\"]}]},{\"@type\":\"BreadcrumbList\",\"@id\":\"https:\\\/\\\/raed.academy\\\/ca\\\/privacitat\\\/#breadcrumb\",\"itemListElement\":[{\"@type\":\"ListItem\",\"position\":1,\"name\":\"Inicio\",\"item\":\"https:\\\/\\\/raed.academy\\\/ca\\\/\"},{\"@type\":\"ListItem\",\"position\":2,\"name\":\"Pol\u00edtica de privacitat\"}]},{\"@type\":\"WebSite\",\"@id\":\"https:\\\/\\\/raed.academy\\\/ca\\\/#website\",\"url\":\"https:\\\/\\\/raed.academy\\\/ca\\\/\",\"name\":\"Reial Acad\u00e8mia Europea de Doctors\",\"description\":\"Corporaci\u00f3n de derecho p\u00fablico de car\u00e1cter cient\u00edfico, t\u00e9cnico y art\u00edstico, que tiene por objeto la investigaci\u00f3n, el estudio, el fomento y la extensi\u00f3n del conocimiento en su sentido m\u00e1s amplio\",\"publisher\":{\"@id\":\"https:\\\/\\\/raed.academy\\\/ca\\\/#organization\"},\"potentialAction\":[{\"@type\":\"SearchAction\",\"target\":{\"@type\":\"EntryPoint\",\"urlTemplate\":\"https:\\\/\\\/raed.academy\\\/ca\\\/?s={search_term_string}\"},\"query-input\":{\"@type\":\"PropertyValueSpecification\",\"valueRequired\":true,\"valueName\":\"search_term_string\"}}],\"inLanguage\":\"ca-ES\"},{\"@type\":\"Organization\",\"@id\":\"https:\\\/\\\/raed.academy\\\/ca\\\/#organization\",\"name\":\"Real Academia Europea de Doctores\",\"url\":\"https:\\\/\\\/raed.academy\\\/ca\\\/\",\"logo\":{\"@type\":\"ImageObject\",\"inLanguage\":\"ca-ES\",\"@id\":\"https:\\\/\\\/raed.academy\\\/ca\\\/#\\\/schema\\\/logo\\\/image\\\/\",\"url\":\"https:\\\/\\\/raed.academy\\\/wp-content\\\/uploads\\\/2017\\\/01\\\/cropped-logo_raed.png\",\"contentUrl\":\"https:\\\/\\\/raed.academy\\\/wp-content\\\/uploads\\\/2017\\\/01\\\/cropped-logo_raed.png\",\"width\":512,\"height\":512,\"caption\":\"Real Academia Europea de Doctores\"},\"image\":{\"@id\":\"https:\\\/\\\/raed.academy\\\/ca\\\/#\\\/schema\\\/logo\\\/image\\\/\"},\"sameAs\":[\"http:\\\/\\\/fb.me\\\/raed.academy\",\"https:\\\/\\\/x.com\\\/raedacademy\",\"https:\\\/\\\/www.instagram.com\\\/raed.academy\\\/\",\"https:\\\/\\\/www.youtube.com\\\/channel\\\/UCUYQwW2KrdirNWihxMDObwg\"]}]}<\/script>\n<!-- \/ Yoast SEO plugin. -->","yoast_head_json":{"title":"Pol\u00edtica de privacitat - Reial Acad\u00e8mia Europea de Doctors","robots":{"index":"index","follow":"follow","max-snippet":"max-snippet:-1","max-image-preview":"max-image-preview:large","max-video-preview":"max-video-preview:-1"},"canonical":"https:\/\/raed.academy\/ca\/privacitat\/","og_locale":"ca_ES","og_type":"article","og_title":"Pol\u00edtica de privacitat - Reial Acad\u00e8mia Europea de Doctors","og_description":"La pol\u00edtica de protecci\u00f3 de dades que s&#8217;enumera a continuaci\u00f3 regula el tractament de les dades de car\u00e0cter personal recollides per qualsevol mitj\u00e0 que porta a terme la Reial Acad\u00e8mia Europea de Doctors (RAED) en el desenvolupament de les seves funcions i activitats. 1. Identitat del responsable del tractament El responsable del tractament de les [&hellip;]","og_url":"https:\/\/raed.academy\/ca\/privacitat\/","og_site_name":"Reial Acad\u00e8mia Europea de Doctors","article_publisher":"http:\/\/fb.me\/raed.academy","twitter_card":"summary_large_image","twitter_site":"@raedacademy","twitter_misc":{"Est. reading time":"4 minutes"},"schema":{"@context":"https:\/\/schema.org","@graph":[{"@type":"WebPage","@id":"https:\/\/raed.academy\/ca\/privacitat\/","url":"https:\/\/raed.academy\/ca\/privacitat\/","name":"Pol\u00edtica de privacitat - Reial Acad\u00e8mia Europea de Doctors","isPartOf":{"@id":"https:\/\/raed.academy\/ca\/#website"},"datePublished":"2018-05-30T11:35:46+00:00","breadcrumb":{"@id":"https:\/\/raed.academy\/ca\/privacitat\/#breadcrumb"},"inLanguage":"ca-ES","potentialAction":[{"@type":"ReadAction","target":["https:\/\/raed.academy\/ca\/privacitat\/"]}]},{"@type":"BreadcrumbList","@id":"https:\/\/raed.academy\/ca\/privacitat\/#breadcrumb","itemListElement":[{"@type":"ListItem","position":1,"name":"Inicio","item":"https:\/\/raed.academy\/ca\/"},{"@type":"ListItem","position":2,"name":"Pol\u00edtica de privacitat"}]},{"@type":"WebSite","@id":"https:\/\/raed.academy\/ca\/#website","url":"https:\/\/raed.academy\/ca\/","name":"Reial Acad\u00e8mia Europea de Doctors","description":"Corporaci\u00f3n de derecho p\u00fablico de car\u00e1cter cient\u00edfico, t\u00e9cnico y art\u00edstico, que tiene por objeto la investigaci\u00f3n, el estudio, el fomento y la extensi\u00f3n del conocimiento en su sentido m\u00e1s amplio","publisher":{"@id":"https:\/\/raed.academy\/ca\/#organization"},"potentialAction":[{"@type":"SearchAction","target":{"@type":"EntryPoint","urlTemplate":"https:\/\/raed.academy\/ca\/?s={search_term_string}"},"query-input":{"@type":"PropertyValueSpecification","valueRequired":true,"valueName":"search_term_string"}}],"inLanguage":"ca-ES"},{"@type":"Organization","@id":"https:\/\/raed.academy\/ca\/#organization","name":"Real Academia Europea de Doctores","url":"https:\/\/raed.academy\/ca\/","logo":{"@type":"ImageObject","inLanguage":"ca-ES","@id":"https:\/\/raed.academy\/ca\/#\/schema\/logo\/image\/","url":"https:\/\/raed.academy\/wp-content\/uploads\/2017\/01\/cropped-logo_raed.png","contentUrl":"https:\/\/raed.academy\/wp-content\/uploads\/2017\/01\/cropped-logo_raed.png","width":512,"height":512,"caption":"Real Academia Europea de Doctores"},"image":{"@id":"https:\/\/raed.academy\/ca\/#\/schema\/logo\/image\/"},"sameAs":["http:\/\/fb.me\/raed.academy","https:\/\/x.com\/raedacademy","https:\/\/www.instagram.com\/raed.academy\/","https:\/\/www.youtube.com\/channel\/UCUYQwW2KrdirNWihxMDObwg"]}]}},"_links":{"self":[{"href":"https:\/\/raed.academy\/ca\/wp-json\/wp\/v2\/pages\/46106","targetHints":{"allow":["GET"]}}],"collection":[{"href":"https:\/\/raed.academy\/ca\/wp-json\/wp\/v2\/pages"}],"about":[{"href":"https:\/\/raed.academy\/ca\/wp-json\/wp\/v2\/types\/page"}],"author":[{"embeddable":true,"href":"https:\/\/raed.academy\/ca\/wp-json\/wp\/v2\/users\/16"}],"replies":[{"embeddable":true,"href":"https:\/\/raed.academy\/ca\/wp-json\/wp\/v2\/comments?post=46106"}],"version-history":[{"count":0,"href":"https:\/\/raed.academy\/ca\/wp-json\/wp\/v2\/pages\/46106\/revisions"}],"wp:attachment":[{"href":"https:\/\/raed.academy\/ca\/wp-json\/wp\/v2\/media?parent=46106"}],"curies":[{"name":"wp","href":"https:\/\/api.w.org\/{rel}","templated":true}]}}