{"id":45593,"date":"2018-05-16T14:52:43","date_gmt":"2018-05-16T14:52:43","guid":{"rendered":"http:\/\/raed.academy\/?page_id=45593"},"modified":"2022-02-03T12:23:18","modified_gmt":"2022-02-03T12:23:18","slug":"naohito-watanabe","status":"publish","type":"page","link":"https:\/\/raed.academy\/ca\/naohito-watanabe\/","title":{"rendered":"Hble. Sr. Naohito Watanabe"},"content":{"rendered":"<p>[et_pb_section fb_built=&#8221;1&#8243; _builder_version=&#8221;3.22&#8243; global_colors_info=&#8221;{}&#8221;][et_pb_row _builder_version=&#8221;3.25&#8243; background_size=&#8221;initial&#8221; background_position=&#8221;top_left&#8221; background_repeat=&#8221;repeat&#8221; custom_padding=&#8221;0|0px|0|0px|false|false&#8221; global_colors_info=&#8221;{}&#8221; column_structure=&#8221;1_4,3_4&#8243;][et_pb_column type=&#8221;1_4&#8243; _builder_version=&#8221;3.25&#8243; custom_padding=&#8221;|||&#8221; global_colors_info=&#8221;{}&#8221; custom_padding__hover=&#8221;|||&#8221;][et_pb_image src=&#8221;https:\/\/raed.academy\/wp-content\/uploads\/2018\/05\/Naohito-Watanabe-acto-ingreso-RAED-450&#215;620-eng.jpg&#8221; show_bottom_space=&#8221;off&#8221; align_tablet=&#8221;center&#8221; align_last_edited=&#8221;on|desktop&#8221; admin_label=&#8221;Imagen &#8211; foto acad\u00e9mico&#8221; _builder_version=&#8221;3.23&#8243; max_width=&#8221;85%&#8221; custom_margin=&#8221;0px||0px|&#8221; custom_padding=&#8221;0px||0px|&#8221; animation_style=&#8221;fold&#8221; border_radii=&#8221;on|6px|6px|6px|6px&#8221; border_width_all=&#8221;2px&#8221; box_shadow_style=&#8221;preset2&#8243; global_colors_info=&#8221;{}&#8221; align_phone=&#8221;center&#8221;][\/et_pb_image][\/et_pb_column][et_pb_column type=&#8221;3_4&#8243; _builder_version=&#8221;3.25&#8243; custom_padding=&#8221;|||&#8221; global_colors_info=&#8221;{}&#8221; custom_padding__hover=&#8221;|||&#8221;][et_pb_text module_class=&#8221;infoAcademico&#8221; _builder_version=&#8221;3.27.4&#8243; global_colors_info=&#8221;{}&#8221;]<strong>Acad\u00e8mic\u00a0<\/strong><b>d&#8217;honor<\/b><\/p>\n<p><b>C\u00f2nsol<\/b><strong>\u00a0General del Jap\u00f3 a Barcelona<\/strong><\/p>\n<p><strong>Data d&#8217;ingr\u00e9s:<\/strong> 15\/05\/2018<\/p>\n<p><strong>Discurs d&#8217;ingr\u00e9s:<\/strong> <a href=\"https:\/\/raed.academy\/wp-content\/uploads\/2018\/05\/discurso-ingreso-Naohito-Watanabe-Ruben-Dario-Japon-y-Japonismo.pdf\" target=\"_blank\" rel=\"noopener\">Rub\u00e9n Dar\u00edo, Jap\u00f3n y Japonismo<\/a><\/p>\n<p><strong>Discurs de resposta<\/strong>: <a href=\"https:\/\/raed.academy\/ca\/academics\/dr-josep-maria-bove-montero\/\" target=\"_blank\" rel=\"noopener\">Jos\u00e9 Mar\u00eda Bov\u00e9 Montero<\/a><br \/>\n[\/et_pb_text][\/et_pb_column][\/et_pb_row][et_pb_row _builder_version=&#8221;4.14.7&#8243; background_size=&#8221;initial&#8221; background_position=&#8221;top_left&#8221; background_repeat=&#8221;repeat&#8221; hover_enabled=&#8221;0&#8243; global_colors_info=&#8221;{}&#8221; use_custom_gutter=&#8221;on&#8221; gutter_width=&#8221;1&#8243; max_width=&#8221;1200px&#8221; module_class=&#8221;parent-column&#8221; sticky_enabled=&#8221;0&#8243;][et_pb_column type=&#8221;4_4&#8243; _builder_version=&#8221;3.25&#8243; custom_padding=&#8221;|||&#8221; global_colors_info=&#8221;{}&#8221; custom_padding__hover=&#8221;|||&#8221;][et_pb_divider color=&#8221;#828282&#8243; divider_weight=&#8221;2&#8243; _builder_version=&#8221;3.12.2&#8243; height=&#8221;2px&#8221; box_shadow_style=&#8221;preset2&#8243; locked=&#8221;off&#8221; global_colors_info=&#8221;{}&#8221;][\/et_pb_divider][et_pb_tabs _builder_version=&#8221;4.14.7&#8243; hover_enabled=&#8221;0&#8243; global_colors_info=&#8221;{}&#8221; sticky_enabled=&#8221;0&#8243;][et_pb_tab title=&#8221;CURR\u00cdCULUM VITAE&#8221; _builder_version=&#8221;3.12.2&#8243; global_colors_info=&#8221;{}&#8221;]Naohito Watanabe, ori\u00fcnd de Kochi, Jap\u00f3, \u00e9s el C\u00f2nsol General del Jap\u00f3 a Barcelona des de setembre de l&#8217;any 2016.<\/p>\n<p>Ha exercit diversos c\u00e0rrecs diplom\u00e0tics en el m\u00f3n iberoameric\u00e0 com Espanya, Vene\u00e7uela, Nicaragua dues vegades, Rio de Janeiro del Brasil com a Director del Centre Cultural i Informatiu de l&#8217;Jap\u00f3, Miami d&#8217;USA, Equador i Uruguai.<\/p>\n<p>A Nicaragua es va trobar amb les obres de Rub\u00e9n Dar\u00edo, tresors literaris que a la realitat tenen molt a veure amb el Jap\u00f3. Va traduir les obres &#8220;Blau &#8230;&#8221; i &#8220;Viatge a Nicaragua i Intermezzo tropical&#8221; a l&#8217;idioma japon\u00e8s per primera vegada.<\/p>\n<p>Va ser guardonat amb la condecoraci\u00f3 de l&#8217;Ordre de Rub\u00e9n Dar\u00edo. \u00c9s el membre corresponent de l&#8217;Acad\u00e8mia Nicaraguense de la Llengua i des de llavors al llarg de la seva carrera diplom\u00e0tica, s&#8217;ha dedicat a les activitats liter\u00e0ries de traduccions, creacions d&#8217;obres liter\u00e0ries, confer\u00e8ncies i etc.<\/p>\n<p>&nbsp;<\/p>\n<hr \/>\n<p><strong>CARRERA DIPLOM\u00c0TICA<\/strong><\/p>\n<ul>\n<li>2016, 20 d set. Nomenat C\u00f2nsol General, Consolat General del Jap\u00f3 a Barcelona<\/li>\n<li>2016. Coordinador S\u00e8nior d&#8217;Afers Mediambientals Globals<\/li>\n<li>2015. Sotsdirector s\u00e8nior, Divisi\u00f3 de Medi Ambient Global, Ministeri d&#8217;Afers Exteriors del Jap\u00f3<\/li>\n<li>2013. Conseller *, Ambaixada del Jap\u00f3 a Uruguai<\/li>\n<li>2009. Conseller *, Ambaixada del Jap\u00f3 a Equador<\/li>\n<li>2006. C\u00f2nsol General Adjunt, Consolat General del Jap\u00f3 a Miami<\/li>\n<li>2001. Conseller *, Ambaixada del Jap\u00f3 a Nicaragua<\/li>\n<li>1996-1999. Director del Centre Cultural i Informatiu del Jap\u00f3 a Rio de Janeiro<\/li>\n<li>1991-1996. Primer Secretari de l&#8217;Ambaixada de Jap\u00f3 a Nicaragua<\/li>\n<li>1984-1987. Tercer Secretari de l&#8217;Ambaixada de Jap\u00f3 a Vene\u00e7uela<\/li>\n<li>1981-1984. Agregat de l&#8217;Ambaixada de Jap\u00f3 a Espanya<\/li>\n<li>1980. Ingressa al Ministeri d&#8217;Afers Exteriors del Jap\u00f3<br \/>\n(*) Rang local<\/li>\n<\/ul>\n<p><strong>EDUCACI\u00d3<\/strong><\/p>\n<ul>\n<li>1981. Escola Diplom\u00e0tica de Madrid<\/li>\n<li>1979. Universitat Nacional Aut\u00f2noma de M\u00e8xic (UNAM)<\/li>\n<li>1975-1980. Universitat d&#8217;Estudis Estrangers de T\u00f2quio, Jap\u00f3<\/li>\n<\/ul>\n<p><strong>RECONEIXEMENTS I MENCIONS<\/strong><\/p>\n<p>2006<br \/>\nOrdre de Rub\u00e9n Dar\u00edo, grau d&#8217;Oficial, Govern de Nicaragua<br \/>\nPlaca de Reconeixement de l&#8217;Assemblea Nacional de Nicaragua<br \/>\nMedalla &#8220;Clau del Palau de la Cultura&#8221; de l&#8217;Institut Nicarag\u00fcenc de Cultura<br \/>\nMembre Corresponent de l&#8217;Acad\u00e8mia Nicarag\u00fcenca de la Llengua<br \/>\nVicepresident Honorari de l&#8217;Institut Internacional de Rub\u00e9n Dar\u00edo i del Moviment Mundial Dariano de Miami<\/p>\n<p><strong>OBRA LITER\u00c0RIA<\/strong><\/p>\n<ul>\n<li>2016. &#8220;S\u014dz\u014d ca shi ca&#8221; (Ed. Akashi-Syoten), traducci\u00f3 al japon\u00e8s de l&#8217;obra d&#8217;Oppenheimer &#8220;Crear o Morir&#8221;<\/li>\n<li>2016. Coautor de &#8220;Nicaragua o Shiru tame no go JU go sh\u014d&#8221; [55 cap\u00edtols per con\u00e8ixer Nicaragua]<\/li>\n<li>2015. Assaig &#8220;Hamaki o katate ni ch\u016bnanbei&#8221; [Cigar on the hand, Latin America] (Ed. TASC Sosyo)<\/li>\n<li>2014. &#8220;Ratenamerika no kyoiku senryaku&#8221; (Editorial Jiji Press), traducci\u00f3 al japon\u00e8s de l&#8217;obra d&#8217;Oppenheimer Prou \u200b\u200bHist\u00f2ries<\/li>\n<li>2013. Novel\u00b7la &#8220;Misaki &#8211; Mayoikaze no fuku toki&#8221; [the Cape, when the wind of vacillation blows]<\/li>\n<li>2011. Novel\u00b7la &#8220;Obaachan no Ginenshashin&#8221; [Silver Halide Foto of my Granma<\/li>\n<li>2011. &#8220;Beish\u016b ky\u016bshutsu ratenamerika no kiken na Suitai to beikoku no y\u016butsu&#8221; (Ed. Jiji Press), traducci\u00f3 al japon\u00e8s de l&#8217;obra d&#8217;Oppenheimer &#8220;Saving the Americas&#8221;<\/li>\n<li>2010. Novel\u00b7la &#8220;Wani no sanpomichi&#8221; [Walkway of Crocodile]<\/li>\n<li>2006. Cigar Butllet\u00ed Nicaragua &#8220;Cigar Style No.1&#8221;<\/li>\n<li>2005. &#8220;Ao &#8230;&#8221; (Ed. Bungeisha), traducci\u00f3 al japon\u00e8s de l&#8217;obra de Rub\u00e9n Dar\u00edo &#8220;Blau &#8230;&#8221;<\/li>\n<li>2005. Novel\u00b7la &#8220;Lost Family&#8221; [El retrat de la fam\u00edlia perduda] (Ed. Bungeisha)<\/li>\n<li>2003. Coautor de &#8220;Honjurasu, Erusarubadoru, Nicaragua o Shiru tame no yonzyu go sh\u014d&#8221; [45 cap\u00edtols per con\u00e8ixer Hondures, El Salvador i Nicaragua]<\/li>\n<li>1996. Novel\u00b7la &#8220;Shindemo Aishiteru&#8221; [Love you in Spite of Death]<\/li>\n<li>1996. Novel\u00b7la &#8220;Kuronosu no kage&#8221; [Shadow of Chronos]<\/li>\n<li>1994. &#8220;Nicaragua i no tabi&#8221;, traducci\u00f3 al japon\u00e8s de l&#8217;obra de Rub\u00e9n Dar\u00edo &#8220;Viatge a Nicaragua i Intermezzo Tropical&#8221;<\/li>\n<\/ul>\n<p>&nbsp;<br \/>\n[\/et_pb_tab][et_pb_tab title=&#8221;V\u00cdDEO&#8221; _builder_version=&#8221;4.14.7&#8243; hover_enabled=&#8221;0&#8243; global_colors_info=&#8221;{}&#8221; sticky_enabled=&#8221;0&#8243;]<\/p>\n<h3>V\u00eddeo resum<\/h3>\n<p><iframe loading=\"lazy\" title=\"YouTube video player\" src=\"https:\/\/www.youtube.com\/embed\/NcN7LmMagXA\" width=\"950\" height=\"534\" frameborder=\"0\" allowfullscreen=\"allowfullscreen\"><\/iframe><\/p>\n<h3>V\u00eddeo complet<\/h3>\n<p>\u00a0<iframe loading=\"lazy\" title=\"YouTube video player\" src=\"https:\/\/www.youtube.com\/embed\/A0fo6ZT47t0\" width=\"950\" height=\"534\" frameborder=\"0\" allowfullscreen=\"allowfullscreen\"><\/iframe><\/p>\n<p>[\/et_pb_tab][et_pb_tab title=&#8221;GALERIA DE FOTOGRAFIES&#8221; _builder_version=&#8221;4.14.7&#8243; hover_enabled=&#8221;0&#8243; global_colors_info=&#8221;{}&#8221; sticky_enabled=&#8221;0&#8243;]<\/p>\n<div class=\"divi-module-destination\"><\/div>\n<p>[\/et_pb_tab][\/et_pb_tabs][et_pb_gallery gallery_ids=&#8221;45535,45536,45537,45538,45539,45540,45541,45542,45544,45543,45545&#8243; posts_number=&#8221;16&#8243; show_title_and_caption=&#8221;off&#8221; show_pagination=&#8221;off&#8221; admin_label=&#8221;Galer\u00eda&#8221; module_class=&#8221;divi-portable-module galeria-pad-2&#8243; _builder_version=&#8221;4.14.7&#8243; _module_preset=&#8221;default&#8221; locked=&#8221;off&#8221; global_colors_info=&#8221;{}&#8221;][\/et_pb_gallery][et_pb_code admin_label=&#8221;C\u00f3digo&#8221; _builder_version=&#8221;4.12.0&#8243; _module_preset=&#8221;default&#8221; locked=&#8221;off&#8221; global_colors_info=&#8221;{}&#8221;]<script><!-- [et_pb_line_break_holder] -->(function ($) {<!-- [et_pb_line_break_holder] -->  $(document).ready(function () {<!-- [et_pb_line_break_holder] --> <!-- [et_pb_line_break_holder] -->    \/\/ Option #1: Move Divi Module(s) into a Module<!-- [et_pb_line_break_holder] -->    \/\/ Limit: One Instance per Column<!-- [et_pb_line_break_holder] -->    \/\/ Use following code if you want to move <!-- [et_pb_line_break_holder] -->    \/\/ a module inside another module. Each column with the<!-- [et_pb_line_break_holder] -->    \/\/ class 'parent-column' will append any module(s)<!-- [et_pb_line_break_holder] -->    \/\/ with the class 'divi-portable-module' to the div<!-- [et_pb_line_break_holder] -->    \/\/ with the class 'divi-module-destination'.<!-- [et_pb_line_break_holder] -->    \/\/ Only one instance of 'divi-module-destination' should<!-- [et_pb_line_break_holder] -->    \/\/ be added per column.<!-- [et_pb_line_break_holder] -->    $('.divi-portable-module').each(function () {<!-- [et_pb_line_break_holder] -->      $(this).closest('.parent-column').find('.divi-module-destination').append($(this));<!-- [et_pb_line_break_holder] -->    });<!-- [et_pb_line_break_holder] -->     <!-- [et_pb_line_break_holder] -->    \/\/ Buttons: Insert Button Module(s) into a Module<!-- [et_pb_line_break_holder] -->    \/\/ Adding a custom CSS class to a button module<!-- [et_pb_line_break_holder] -->    \/\/ is applied to the 'a' tag which is a child element<!-- [et_pb_line_break_holder] -->    \/\/ of the module wrapper. This code makes sure to append<!-- [et_pb_line_break_holder] -->    \/\/ the entire button module wrapper (the parent element)<!-- [et_pb_line_break_holder] -->    \/\/ as well. This functionality is the same as option #3 above.<!-- [et_pb_line_break_holder] -->    \/\/ Siimply use the class 'divi-portable-button' on a button module<!-- [et_pb_line_break_holder] -->    \/\/ instead of 'divi-portable-module'.<!-- [et_pb_line_break_holder] -->    $('.divi-portable-button').parent().each(function () {<!-- [et_pb_line_break_holder] -->      $(this).closest('.parent-column').find('.divi-module-destination').append($(this));<!-- [et_pb_line_break_holder] -->    });<!-- [et_pb_line_break_holder] --> <!-- [et_pb_line_break_holder] -->    \/\/ Option #2: Move Divi Row(s) into a Module<!-- [et_pb_line_break_holder] -->    \/\/ Limit: One Instance per Section<!-- [et_pb_line_break_holder] -->    \/\/ Use the following code if you want to move <!-- [et_pb_line_break_holder] -->    \/\/ a row inside a module on more than one section<!-- [et_pb_line_break_holder] -->    \/\/ of a page. Each section with the<!-- [et_pb_line_break_holder] -->    \/\/ class 'parent-section' will append any row(s)<!-- [et_pb_line_break_holder] -->    \/\/ with the class 'divi-portable-row' to the div<!-- [et_pb_line_break_holder] -->    \/\/ with the class 'divi-row-destination'.<!-- [et_pb_line_break_holder] -->    \/\/ Only one instance of 'divi-row-destination' should<!-- [et_pb_line_break_holder] -->    \/\/ be added per section.<!-- [et_pb_line_break_holder] -->    $('.divi-portable-row').each(function () {<!-- [et_pb_line_break_holder] -->      $(this).closest('.parent-section').find('.divi-row-destination').append($(this));<!-- [et_pb_line_break_holder] -->    });<!-- [et_pb_line_break_holder] --> <!-- [et_pb_line_break_holder] -->  });<!-- [et_pb_line_break_holder] -->})(jQuery);<!-- [et_pb_line_break_holder] --><\/script>[\/et_pb_code][\/et_pb_column][\/et_pb_row][\/et_pb_section]<\/p>\n","protected":false},"excerpt":{"rendered":"<p>Acad\u00e8mic\u00a0d&#8217;honor C\u00f2nsol\u00a0General del Jap\u00f3 a Barcelona Data d&#8217;ingr\u00e9s: 15\/05\/2018 Discurs d&#8217;ingr\u00e9s: Rub\u00e9n Dar\u00edo, Jap\u00f3n y Japonismo Discurs de resposta: Jos\u00e9 Mar\u00eda Bov\u00e9 Montero Naohito Watanabe, ori\u00fcnd de Kochi, Jap\u00f3, \u00e9s el C\u00f2nsol General del Jap\u00f3 a Barcelona des de setembre de l&#8217;any 2016. Ha exercit diversos c\u00e0rrecs diplom\u00e0tics en el m\u00f3n iberoameric\u00e0 com Espanya, Vene\u00e7uela, [&hellip;]<\/p>\n","protected":false},"author":12,"featured_media":0,"parent":0,"menu_order":0,"comment_status":"closed","ping_status":"closed","template":"","meta":{"_et_pb_use_builder":"on","_et_pb_old_content":"","_et_gb_content_width":"","footnotes":""},"class_list":["post-45593","page","type-page","status-publish","hentry"],"yoast_head":"<!-- This site is optimized with the Yoast SEO plugin v27.4 - https:\/\/yoast.com\/product\/yoast-seo-wordpress\/ -->\n<title>Hble. Sr. Naohito Watanabe - Reial Acad\u00e8mia Europea de Doctors<\/title>\n<meta name=\"robots\" content=\"index, follow, max-snippet:-1, max-image-preview:large, max-video-preview:-1\" \/>\n<link rel=\"canonical\" href=\"https:\/\/raed.academy\/ca\/naohito-watanabe\/\" \/>\n<meta property=\"og:locale\" content=\"ca_ES\" \/>\n<meta property=\"og:type\" content=\"article\" \/>\n<meta property=\"og:title\" content=\"Hble. Sr. Naohito Watanabe - Reial Acad\u00e8mia Europea de Doctors\" \/>\n<meta property=\"og:description\" content=\"La RAED organitza i duu a terme una s\u00e8rie d&#039;activitats concentrades en un mes i mig que van comptar amb la implicaci\u00f3 activa de nombrosos acad\u00e8mics. Recepci\u00f3 de quatre acad\u00e8mics corresponents (Stavroula-Ina Piperaki per a Gr\u00e8cia, Stephen Zeff i David B. Wilkins per als Estats Units i Llu\u00eds Vicent Safont per a Andorra) Taula rodona [&hellip;]\" \/>\n<meta property=\"og:url\" content=\"https:\/\/raed.academy\/ca\/naohito-watanabe\/\" \/>\n<meta property=\"og:site_name\" content=\"Reial Acad\u00e8mia Europea de Doctors\" \/>\n<meta property=\"article:publisher\" content=\"http:\/\/fb.me\/raed.academy\" \/>\n<meta property=\"article:modified_time\" content=\"2022-02-03T12:23:18+00:00\" \/>\n<meta name=\"twitter:card\" content=\"summary_large_image\" \/>\n<meta name=\"twitter:site\" content=\"@raedacademy\" \/>\n<meta name=\"twitter:label1\" content=\"Est. reading time\" \/>\n\t<meta name=\"twitter:data1\" content=\"5 minutes\" \/>\n<script type=\"application\/ld+json\" class=\"yoast-schema-graph\">{\"@context\":\"https:\\\/\\\/schema.org\",\"@graph\":[{\"@type\":\"WebPage\",\"@id\":\"https:\\\/\\\/raed.academy\\\/ca\\\/naohito-watanabe\\\/\",\"url\":\"https:\\\/\\\/raed.academy\\\/ca\\\/naohito-watanabe\\\/\",\"name\":\"Hble. Sr. Naohito Watanabe - Reial Acad\u00e8mia Europea de Doctors\",\"isPartOf\":{\"@id\":\"https:\\\/\\\/raed.academy\\\/ca\\\/#website\"},\"datePublished\":\"2018-05-16T14:52:43+00:00\",\"dateModified\":\"2022-02-03T12:23:18+00:00\",\"breadcrumb\":{\"@id\":\"https:\\\/\\\/raed.academy\\\/ca\\\/naohito-watanabe\\\/#breadcrumb\"},\"inLanguage\":\"ca-ES\",\"potentialAction\":[{\"@type\":\"ReadAction\",\"target\":[\"https:\\\/\\\/raed.academy\\\/ca\\\/naohito-watanabe\\\/\"]}]},{\"@type\":\"BreadcrumbList\",\"@id\":\"https:\\\/\\\/raed.academy\\\/ca\\\/naohito-watanabe\\\/#breadcrumb\",\"itemListElement\":[{\"@type\":\"ListItem\",\"position\":1,\"name\":\"Inicio\",\"item\":\"https:\\\/\\\/raed.academy\\\/ca\\\/\"},{\"@type\":\"ListItem\",\"position\":2,\"name\":\"Hble. Sr. Naohito Watanabe\"}]},{\"@type\":\"WebSite\",\"@id\":\"https:\\\/\\\/raed.academy\\\/ca\\\/#website\",\"url\":\"https:\\\/\\\/raed.academy\\\/ca\\\/\",\"name\":\"Reial Acad\u00e8mia Europea de Doctors\",\"description\":\"Corporaci\u00f3n de derecho p\u00fablico de car\u00e1cter cient\u00edfico, t\u00e9cnico y art\u00edstico, que tiene por objeto la investigaci\u00f3n, el estudio, el fomento y la extensi\u00f3n del conocimiento en su sentido m\u00e1s amplio\",\"publisher\":{\"@id\":\"https:\\\/\\\/raed.academy\\\/ca\\\/#organization\"},\"potentialAction\":[{\"@type\":\"SearchAction\",\"target\":{\"@type\":\"EntryPoint\",\"urlTemplate\":\"https:\\\/\\\/raed.academy\\\/ca\\\/?s={search_term_string}\"},\"query-input\":{\"@type\":\"PropertyValueSpecification\",\"valueRequired\":true,\"valueName\":\"search_term_string\"}}],\"inLanguage\":\"ca-ES\"},{\"@type\":\"Organization\",\"@id\":\"https:\\\/\\\/raed.academy\\\/ca\\\/#organization\",\"name\":\"Real Academia Europea de Doctores\",\"url\":\"https:\\\/\\\/raed.academy\\\/ca\\\/\",\"logo\":{\"@type\":\"ImageObject\",\"inLanguage\":\"ca-ES\",\"@id\":\"https:\\\/\\\/raed.academy\\\/ca\\\/#\\\/schema\\\/logo\\\/image\\\/\",\"url\":\"https:\\\/\\\/raed.academy\\\/wp-content\\\/uploads\\\/2017\\\/01\\\/cropped-logo_raed.png\",\"contentUrl\":\"https:\\\/\\\/raed.academy\\\/wp-content\\\/uploads\\\/2017\\\/01\\\/cropped-logo_raed.png\",\"width\":512,\"height\":512,\"caption\":\"Real Academia Europea de Doctores\"},\"image\":{\"@id\":\"https:\\\/\\\/raed.academy\\\/ca\\\/#\\\/schema\\\/logo\\\/image\\\/\"},\"sameAs\":[\"http:\\\/\\\/fb.me\\\/raed.academy\",\"https:\\\/\\\/x.com\\\/raedacademy\",\"https:\\\/\\\/www.instagram.com\\\/raed.academy\\\/\",\"https:\\\/\\\/www.youtube.com\\\/channel\\\/UCUYQwW2KrdirNWihxMDObwg\"]}]}<\/script>\n<!-- \/ Yoast SEO plugin. -->","yoast_head_json":{"title":"Hble. Sr. Naohito Watanabe - Reial Acad\u00e8mia Europea de Doctors","robots":{"index":"index","follow":"follow","max-snippet":"max-snippet:-1","max-image-preview":"max-image-preview:large","max-video-preview":"max-video-preview:-1"},"canonical":"https:\/\/raed.academy\/ca\/naohito-watanabe\/","og_locale":"ca_ES","og_type":"article","og_title":"Hble. Sr. Naohito Watanabe - Reial Acad\u00e8mia Europea de Doctors","og_description":"La RAED organitza i duu a terme una s\u00e8rie d'activitats concentrades en un mes i mig que van comptar amb la implicaci\u00f3 activa de nombrosos acad\u00e8mics. Recepci\u00f3 de quatre acad\u00e8mics corresponents (Stavroula-Ina Piperaki per a Gr\u00e8cia, Stephen Zeff i David B. Wilkins per als Estats Units i Llu\u00eds Vicent Safont per a Andorra) Taula rodona [&hellip;]","og_url":"https:\/\/raed.academy\/ca\/naohito-watanabe\/","og_site_name":"Reial Acad\u00e8mia Europea de Doctors","article_publisher":"http:\/\/fb.me\/raed.academy","article_modified_time":"2022-02-03T12:23:18+00:00","twitter_card":"summary_large_image","twitter_site":"@raedacademy","twitter_misc":{"Est. reading time":"5 minutes"},"schema":{"@context":"https:\/\/schema.org","@graph":[{"@type":"WebPage","@id":"https:\/\/raed.academy\/ca\/naohito-watanabe\/","url":"https:\/\/raed.academy\/ca\/naohito-watanabe\/","name":"Hble. Sr. Naohito Watanabe - Reial Acad\u00e8mia Europea de Doctors","isPartOf":{"@id":"https:\/\/raed.academy\/ca\/#website"},"datePublished":"2018-05-16T14:52:43+00:00","dateModified":"2022-02-03T12:23:18+00:00","breadcrumb":{"@id":"https:\/\/raed.academy\/ca\/naohito-watanabe\/#breadcrumb"},"inLanguage":"ca-ES","potentialAction":[{"@type":"ReadAction","target":["https:\/\/raed.academy\/ca\/naohito-watanabe\/"]}]},{"@type":"BreadcrumbList","@id":"https:\/\/raed.academy\/ca\/naohito-watanabe\/#breadcrumb","itemListElement":[{"@type":"ListItem","position":1,"name":"Inicio","item":"https:\/\/raed.academy\/ca\/"},{"@type":"ListItem","position":2,"name":"Hble. Sr. Naohito Watanabe"}]},{"@type":"WebSite","@id":"https:\/\/raed.academy\/ca\/#website","url":"https:\/\/raed.academy\/ca\/","name":"Reial Acad\u00e8mia Europea de Doctors","description":"Corporaci\u00f3n de derecho p\u00fablico de car\u00e1cter cient\u00edfico, t\u00e9cnico y art\u00edstico, que tiene por objeto la investigaci\u00f3n, el estudio, el fomento y la extensi\u00f3n del conocimiento en su sentido m\u00e1s amplio","publisher":{"@id":"https:\/\/raed.academy\/ca\/#organization"},"potentialAction":[{"@type":"SearchAction","target":{"@type":"EntryPoint","urlTemplate":"https:\/\/raed.academy\/ca\/?s={search_term_string}"},"query-input":{"@type":"PropertyValueSpecification","valueRequired":true,"valueName":"search_term_string"}}],"inLanguage":"ca-ES"},{"@type":"Organization","@id":"https:\/\/raed.academy\/ca\/#organization","name":"Real Academia Europea de Doctores","url":"https:\/\/raed.academy\/ca\/","logo":{"@type":"ImageObject","inLanguage":"ca-ES","@id":"https:\/\/raed.academy\/ca\/#\/schema\/logo\/image\/","url":"https:\/\/raed.academy\/wp-content\/uploads\/2017\/01\/cropped-logo_raed.png","contentUrl":"https:\/\/raed.academy\/wp-content\/uploads\/2017\/01\/cropped-logo_raed.png","width":512,"height":512,"caption":"Real Academia Europea de Doctores"},"image":{"@id":"https:\/\/raed.academy\/ca\/#\/schema\/logo\/image\/"},"sameAs":["http:\/\/fb.me\/raed.academy","https:\/\/x.com\/raedacademy","https:\/\/www.instagram.com\/raed.academy\/","https:\/\/www.youtube.com\/channel\/UCUYQwW2KrdirNWihxMDObwg"]}]}},"_links":{"self":[{"href":"https:\/\/raed.academy\/ca\/wp-json\/wp\/v2\/pages\/45593","targetHints":{"allow":["GET"]}}],"collection":[{"href":"https:\/\/raed.academy\/ca\/wp-json\/wp\/v2\/pages"}],"about":[{"href":"https:\/\/raed.academy\/ca\/wp-json\/wp\/v2\/types\/page"}],"author":[{"embeddable":true,"href":"https:\/\/raed.academy\/ca\/wp-json\/wp\/v2\/users\/12"}],"replies":[{"embeddable":true,"href":"https:\/\/raed.academy\/ca\/wp-json\/wp\/v2\/comments?post=45593"}],"version-history":[{"count":0,"href":"https:\/\/raed.academy\/ca\/wp-json\/wp\/v2\/pages\/45593\/revisions"}],"wp:attachment":[{"href":"https:\/\/raed.academy\/ca\/wp-json\/wp\/v2\/media?parent=45593"}],"curies":[{"name":"wp","href":"https:\/\/api.w.org\/{rel}","templated":true}]}}