{"id":41928,"date":"2018-02-22T10:28:22","date_gmt":"2018-02-22T10:28:22","guid":{"rendered":"http:\/\/raed.academy\/?page_id=41928"},"modified":"2022-01-25T17:38:07","modified_gmt":"2022-01-25T17:38:07","slug":"contacte","status":"publish","type":"page","link":"https:\/\/raed.academy\/ca\/contacte\/","title":{"rendered":"Contacte"},"content":{"rendered":"<p>[et_pb_section fb_built=&#8221;1&#8243; module_id=&#8221;pg-contacto&#8221; _builder_version=&#8221;3.22.3&#8243; z_index_tablet=&#8221;500&#8243; locked=&#8221;off&#8221; global_colors_info=&#8221;{}&#8221;][et_pb_row _builder_version=&#8221;4.11.1&#8243; _module_preset=&#8221;default&#8221; width=&#8221;95%&#8221; max_width=&#8221;1600px&#8221; global_colors_info=&#8221;{}&#8221;][et_pb_column type=&#8221;4_4&#8243; _builder_version=&#8221;4.11.1&#8243; _module_preset=&#8221;default&#8221; global_colors_info=&#8221;{}&#8221;][et_pb_post_title meta=&#8221;off&#8221; featured_image=&#8221;off&#8221; module_class=&#8221;portada&#8221; _builder_version=&#8221;4.11.1&#8243; _module_preset=&#8221;default&#8221; global_colors_info=&#8221;{}&#8221;][\/et_pb_post_title][\/et_pb_column][\/et_pb_row][et_pb_row column_structure=&#8221;1_2,1_2&#8243; _builder_version=&#8221;4.11.1&#8243; _module_preset=&#8221;default&#8221; width=&#8221;95%&#8221; max_width=&#8221;1600px&#8221; global_colors_info=&#8221;{}&#8221;][et_pb_column type=&#8221;1_2&#8243; _builder_version=&#8221;4.11.1&#8243; _module_preset=&#8221;default&#8221; global_colors_info=&#8221;{}&#8221;][et_pb_contact_form email=&#8221;secretaria@raed.academy&#8221; success_message=&#8221;El vostre missatge ha estat enviat amb \u00e8xit. En breu contactarem amb vost\u00e8 per respondre&#8217;l&#8221; submit_button_text=&#8221;Enviar&#8221; _builder_version=&#8221;4.14.7&#8243; _module_preset=&#8221;default&#8221; _unique_id=&#8221;e4d36105-18a9-4bb9-8974-cae00df5170f&#8221; global_colors_info=&#8221;{}&#8221;][et_pb_contact_field field_id=&#8221;Name&#8221; field_title=&#8221;Nom&#8221; _builder_version=&#8221;4.14.7&#8243; global_colors_info=&#8221;{}&#8221; button_text_size__hover_enabled=&#8221;off&#8221; button_one_text_size__hover_enabled=&#8221;off&#8221; button_two_text_size__hover_enabled=&#8221;off&#8221; button_text_color__hover_enabled=&#8221;off&#8221; button_one_text_color__hover_enabled=&#8221;off&#8221; button_two_text_color__hover_enabled=&#8221;off&#8221; button_border_width__hover_enabled=&#8221;off&#8221; button_one_border_width__hover_enabled=&#8221;off&#8221; button_two_border_width__hover_enabled=&#8221;off&#8221; button_border_color__hover_enabled=&#8221;off&#8221; button_one_border_color__hover_enabled=&#8221;off&#8221; button_two_border_color__hover_enabled=&#8221;off&#8221; button_border_radius__hover_enabled=&#8221;off&#8221; button_one_border_radius__hover_enabled=&#8221;off&#8221; button_two_border_radius__hover_enabled=&#8221;off&#8221; button_letter_spacing__hover_enabled=&#8221;off&#8221; button_one_letter_spacing__hover_enabled=&#8221;off&#8221; button_two_letter_spacing__hover_enabled=&#8221;off&#8221; button_bg_color__hover_enabled=&#8221;off&#8221; button_one_bg_color__hover_enabled=&#8221;off&#8221; button_two_bg_color__hover_enabled=&#8221;off&#8221;][\/et_pb_contact_field][et_pb_contact_field field_id=&#8221;Email&#8221; field_title=&#8221;Adre\u00e7a de correu electr\u00f2nic&#8221; field_type=&#8221;email&#8221; _builder_version=&#8221;4.14.7&#8243; global_colors_info=&#8221;{}&#8221; button_text_size__hover_enabled=&#8221;off&#8221; button_one_text_size__hover_enabled=&#8221;off&#8221; button_two_text_size__hover_enabled=&#8221;off&#8221; button_text_color__hover_enabled=&#8221;off&#8221; button_one_text_color__hover_enabled=&#8221;off&#8221; button_two_text_color__hover_enabled=&#8221;off&#8221; button_border_width__hover_enabled=&#8221;off&#8221; button_one_border_width__hover_enabled=&#8221;off&#8221; button_two_border_width__hover_enabled=&#8221;off&#8221; button_border_color__hover_enabled=&#8221;off&#8221; button_one_border_color__hover_enabled=&#8221;off&#8221; button_two_border_color__hover_enabled=&#8221;off&#8221; button_border_radius__hover_enabled=&#8221;off&#8221; button_one_border_radius__hover_enabled=&#8221;off&#8221; button_two_border_radius__hover_enabled=&#8221;off&#8221; button_letter_spacing__hover_enabled=&#8221;off&#8221; button_one_letter_spacing__hover_enabled=&#8221;off&#8221; button_two_letter_spacing__hover_enabled=&#8221;off&#8221; button_bg_color__hover_enabled=&#8221;off&#8221; button_one_bg_color__hover_enabled=&#8221;off&#8221; button_two_bg_color__hover_enabled=&#8221;off&#8221;][\/et_pb_contact_field][et_pb_contact_field field_id=&#8221;Message&#8221; field_title=&#8221;Missatge&#8221; field_type=&#8221;text&#8221; fullwidth_field=&#8221;on&#8221; _builder_version=&#8221;4.14.7&#8243; global_colors_info=&#8221;{}&#8221; button_text_size__hover_enabled=&#8221;off&#8221; button_one_text_size__hover_enabled=&#8221;off&#8221; button_two_text_size__hover_enabled=&#8221;off&#8221; button_text_color__hover_enabled=&#8221;off&#8221; button_one_text_color__hover_enabled=&#8221;off&#8221; button_two_text_color__hover_enabled=&#8221;off&#8221; button_border_width__hover_enabled=&#8221;off&#8221; button_one_border_width__hover_enabled=&#8221;off&#8221; button_two_border_width__hover_enabled=&#8221;off&#8221; button_border_color__hover_enabled=&#8221;off&#8221; button_one_border_color__hover_enabled=&#8221;off&#8221; button_two_border_color__hover_enabled=&#8221;off&#8221; button_border_radius__hover_enabled=&#8221;off&#8221; button_one_border_radius__hover_enabled=&#8221;off&#8221; button_two_border_radius__hover_enabled=&#8221;off&#8221; button_letter_spacing__hover_enabled=&#8221;off&#8221; button_one_letter_spacing__hover_enabled=&#8221;off&#8221; button_two_letter_spacing__hover_enabled=&#8221;off&#8221; button_bg_color__hover_enabled=&#8221;off&#8221; button_one_bg_color__hover_enabled=&#8221;off&#8221; button_two_bg_color__hover_enabled=&#8221;off&#8221;][\/et_pb_contact_field][\/et_pb_contact_form][\/et_pb_column][et_pb_column type=&#8221;1_2&#8243; _builder_version=&#8221;4.11.1&#8243; _module_preset=&#8221;default&#8221; global_colors_info=&#8221;{}&#8221;][et_pb_code admin_label=&#8221;c\u00f3digo &#8211; Datos y direcci\u00f3n de la RAED&#8221; _builder_version=&#8221;4.14.7&#8243; _module_preset=&#8221;default&#8221; hover_enabled=&#8221;0&#8243; global_colors_info=&#8221;{}&#8221; sticky_enabled=&#8221;0&#8243;]<\/p>\n<h2 style=\"margin:0;\">Reial Acad\u00e8mia Europea de Doctors<\/h2>\n<p><!-- [et_pb_line_break_holder] -->Via Laietana, 32 \u2013 3r pis<!-- [et_pb_line_break_holder] -->Edifici Foment del Treball<!-- [et_pb_line_break_holder] -->08003 Barcelona<!\u2013- [et_pb_br_holder] -\u2013><!-- [et_pb_line_break_holder] --><i class=\"fas fa-phone-square\" style=\"font-size: 25px;\"><\/i> 93 667 40 54<!\u2013- [et_pb_br_holder] -\u2013><!-- [et_pb_line_break_holder] --><i class=\"fas fa-envelope-square\" style=\"font-size: 25px;\"><\/i> presidencia@raed.academy \u00b7 secretaria@raed.academy<!-- [et_pb_line_break_holder] --><\/p>\n<h3>Horari d&#8217;oficina<\/h3>\n<p><!-- [et_pb_line_break_holder] --><i class=\"fas fa-clock\" style=\"font-size: 25px;\"><\/i> Dilluns a dijous: 9h a 14h y 16h a 19h.<!-- [et_pb_line_break_holder] -->Divendres: 9 a 14h<!-- [et_pb_line_break_holder] -->Tancat a l&#8217;agost.[\/et_pb_code][\/et_pb_column][\/et_pb_row][et_pb_row _builder_version=&#8221;4.11.1&#8243; _module_preset=&#8221;default&#8221; width=&#8221;95%&#8221; max_width=&#8221;1600px&#8221; global_colors_info=&#8221;{}&#8221;][et_pb_column type=&#8221;4_4&#8243; _builder_version=&#8221;4.11.1&#8243; _module_preset=&#8221;default&#8221; global_colors_info=&#8221;{}&#8221;][et_pb_code admin_label=&#8221;C\u00f3digo Maps&#8221; _builder_version=&#8221;4.11.1&#8243; _module_preset=&#8221;default&#8221; global_colors_info=&#8221;{}&#8221;]<\/p>\n<h2>On som?<\/h2>\n<p><!-- [et_pb_line_break_holder] --><iframe loading=\"lazy\" style=\"border: 0;\" src=\"https:\/\/www.google.com\/maps\/embed?pb=!1m18!1m12!1m3!1d2993.4866967285507!2d2.175109049822209!3d41.38523567916253!2m3!1f0!2f0!3f0!3m2!1i1024!2i768!4f13.1!3m3!1m2!1s0x12a4a2f97a31dcc5%3A0xa5c83085e3fda29a!2sVia+Laietana%2C+32%2C+08003+Barcelona!5e0!3m2!1ses!2ses!4v1481712562793\" width=\"100%\" height=\"600px\" frameborder=\"0\" allowfullscreen=\"allowfullscreen\"><\/iframe>[\/et_pb_code][\/et_pb_column][\/et_pb_row][\/et_pb_section][et_pb_section fb_built=&#8221;1&#8243; _builder_version=&#8221;3.22&#8243; global_colors_info=&#8221;{}&#8221;][et_pb_row _builder_version=&#8221;3.25&#8243; custom_margin=&#8221;0px||0px|&#8221; custom_padding=&#8221;0px||0px|&#8221; global_colors_info=&#8221;{}&#8221;][et_pb_column type=&#8221;4_4&#8243; _builder_version=&#8221;3.25&#8243; background_position=&#8221;top_left&#8221; custom_padding=&#8221;0px||0px|&#8221; global_colors_info=&#8221;{}&#8221; custom_padding__hover=&#8221;|||&#8221;][et_pb_code admin_label=&#8221;bolet\u00edn noticias&#8221; global_colors_info=&#8221;{}&#8221;]<\/p>\n<div class=\"envCaja col-\"><!-- [et_pb_line_break_holder] --><\/p>\n<div class=\"tituloCaja\">\n<h2>Subscripci\u00f3 a newsletter<\/h2>\n<\/div>\n<p><!-- [et_pb_line_break_holder] -->Subscriu-te al butllet\u00ed de not\u00edcies setmanal de la Reial Acad\u00e8mia Europea de Doctors.<!-- [et_pb_line_break_holder] --><!-- Begin MailChimp Signup Form --><!-- [et_pb_line_break_holder] --><link href=\"\/\/cdn-images.mailchimp.com\/embedcode\/classic-10_7.css\" rel=\"stylesheet\" type=\"text\/css\"><!-- [et_pb_line_break_holder] --><\/p>\n<style type=\"text\/css\"><!-- [et_pb_line_break_holder] --> #mc_embed_signup{background:#fff; clear:left; font:14px Helvetica,Arial,sans-serif; }<!-- [et_pb_line_break_holder] --> \/* Add your own MailChimp form style overrides in your site stylesheet or in this style block.<!-- [et_pb_line_break_holder] --> We recommend moving this block and the preceding CSS link to the HEAD of your HTML file. *\/<!-- [et_pb_line_break_holder] --><\/style>\n<p><!-- [et_pb_line_break_holder] --><\/p>\n<div id=\"mc_embed_signup\"><!-- [et_pb_line_break_holder] --><\/p>\n<form action=\"\/\/academy.us15.list-manage.com\/subscribe\/post?u=ed59b9c968db429ae73aa6b23&#038;id=c879c381d1\" method=\"post\" id=\"mc-embedded-subscribe-form\" name=\"mc-embedded-subscribe-form\" class=\"validate\" target=\"_blank\" novalidate><!-- [et_pb_line_break_holder] --> <\/p>\n<div id=\"mc_embed_signup_scroll\"><!-- [et_pb_line_break_holder] --> <!-- [et_pb_line_break_holder] --><\/p>\n<div class=\"mc-field-group\"><!-- [et_pb_line_break_holder] --> <label for=\"mce-EMAIL\">e-mail <span class=\"asterisk\">*<\/span><!-- [et_pb_line_break_holder] --><\/label><!-- [et_pb_line_break_holder] --> <input type=\"email\" value=\"\" name=\"EMAIL\" class=\"required email\" id=\"mce-EMAIL\"><!-- [et_pb_line_break_holder] --><\/div>\n<p><!-- [et_pb_line_break_holder] --><\/p>\n<div class=\"mc-field-group\" style=\"width: 45%; float: left; margin-right: 5%;\"><!-- [et_pb_line_break_holder] --> <label for=\"mce-FNAME\">Nom <span class=\"asterisk\">*<\/span><!-- [et_pb_line_break_holder] --><\/label><!-- [et_pb_line_break_holder] --> <input type=\"text\" value=\"\" name=\"FNAME\" class=\"required\" id=\"mce-FNAME\"><!-- [et_pb_line_break_holder] --><\/div>\n<p><!-- [et_pb_line_break_holder] --><\/p>\n<div class=\"mc-field-group\" style=\"float: left; width: 45%;clear: none;\"><!-- [et_pb_line_break_holder] --> <label for=\"mce-LNAME\">Cognoms <span class=\"asterisk\">*<\/span><!-- [et_pb_line_break_holder] --><\/label><!-- [et_pb_line_break_holder] --> <input type=\"text\" value=\"\" name=\"LNAME\" class=\"required\" id=\"mce-LNAME\"><!-- [et_pb_line_break_holder] --><\/div>\n<p><!-- [et_pb_line_break_holder] --><\/p>\n<div class=\"mc-field-group input-group\"><!-- [et_pb_line_break_holder] --> <strong>Idioma <\/strong><!-- [et_pb_line_break_holder] --> <\/p>\n<ul>\n<li><input type=\"checkbox\" value=\"1\" name=\"group[1249][1]\" id=\"mce-group[1249]-1249-0\"><label for=\"mce-group[1249]-1249-0\">Espa\u00f1ol<\/label><\/li>\n<p><!-- [et_pb_line_break_holder] --><\/p>\n<li><input type=\"checkbox\" value=\"2\" name=\"group[1249][2]\" id=\"mce-group[1249]-1249-1\"><label for=\"mce-group[1249]-1249-1\">Catal\u00e0<\/label><\/li>\n<p><!-- [et_pb_line_break_holder] --><\/p>\n<li><input type=\"checkbox\" value=\"4\" name=\"group[1249][4]\" id=\"mce-group[1249]-1249-2\"><label for=\"mce-group[1249]-1249-2\">English<\/label><\/li>\n<p><!-- [et_pb_line_break_holder] --><\/ul>\n<p><!-- [et_pb_line_break_holder] --><\/div>\n<p><!-- [et_pb_line_break_holder] --><pee><a style=\"color:white;\" href=\"http:\/\/us15.campaign-archive2.com\/home\/?u=ed59b9c968db429ae73aa6b23&#038;id=c879c381d1\" title=\"Ver boletines anteriores\" target=\"_blank\";>Veure butlletins anteriors<\/a><\/pee><!-- [et_pb_line_break_holder] --> <\/p>\n<div id=\"mce-responses\" class=\"clear2\"><!-- [et_pb_line_break_holder] --> <\/p>\n<div class=\"response\" id=\"mce-error-response\" style=\"display:none\"><\/div>\n<p><!-- [et_pb_line_break_holder] --> <\/p>\n<div class=\"response\" id=\"mce-success-response\" style=\"display:none\"><\/div>\n<p><!-- [et_pb_line_break_holder] --> <\/div>\n<p> <!-- real people should not fill this in and expect good things - do not remove this or risk form bot signups--><!-- [et_pb_line_break_holder] --> <\/p>\n<div style=\"position: absolute; left: -5000px;\" aria-hidden=\"true\"><input type=\"text\" name=\"b_ed59b9c968db429ae73aa6b23_c879c381d1\" tabindex=\"-1\" value=\"\"><\/div>\n<p><!-- [et_pb_line_break_holder] --> <\/p>\n<div class=\"clear2\"><input type=\"submit\" value=\"Enviar\" name=\"subscribe\" id=\"mc-embedded-subscribe\" class=\"button\"><\/div>\n<p><!-- [et_pb_line_break_holder] --> <\/div>\n<p><!-- [et_pb_line_break_holder] --><\/form>\n<p><!-- [et_pb_line_break_holder] --><\/div>\n<p><!-- [et_pb_line_break_holder] --><script type='text\/javascript' src='\/\/s3.amazonaws.com\/downloads.mailchimp.com\/js\/mc-validate.js'><\/script><script type='text\/javascript'>(function($) {window.fnames = new Array(); window.ftypes = new Array();fnames[0]='EMAIL';ftypes[0]='email';fnames[1]='FNAME';ftypes[1]='text';fnames[2]='LNAME';ftypes[2]='text';fnames[3]='MMERGE3';ftypes[3]='text'; \/*<!-- [et_pb_line_break_holder] --> * Translated default messages for the $ validation plugin.<!-- [et_pb_line_break_holder] --> * Locale: ES<!-- [et_pb_line_break_holder] --> *\/<!-- [et_pb_line_break_holder] -->$.extend($.validator.messages, {<!-- [et_pb_line_break_holder] --> required: \"Este campo es obligatorio.\",<!-- [et_pb_line_break_holder] --> remote: \"Por favor, rellena este campo.\",<!-- [et_pb_line_break_holder] --> email: \"Por favor, escribe una direcci\u00f3n de correo v\u00e1lida\",<!-- [et_pb_line_break_holder] --> url: \"Por favor, escribe una URL v\u00e1lida.\",<!-- [et_pb_line_break_holder] --> date: \"Por favor, escribe una fecha v\u00e1lida.\",<!-- [et_pb_line_break_holder] --> dateISO: \"Por favor, escribe una fecha (ISO) v\u00e1lida.\",<!-- [et_pb_line_break_holder] --> number: \"Por favor, escribe un n\u00famero entero v\u00e1lido.\",<!-- [et_pb_line_break_holder] --> digits: \"Por favor, escribe s\u00f3lo d\u00edgitos.\",<!-- [et_pb_line_break_holder] --> creditcard: \"Por favor, escribe un n\u00famero de tarjeta v\u00e1lido.\",<!-- [et_pb_line_break_holder] --> equalTo: \"Por favor, escribe el mismo valor de nuevo.\",<!-- [et_pb_line_break_holder] --> accept: \"Por favor, escribe un valor con una extensi\u00f3n aceptada.\",<!-- [et_pb_line_break_holder] --> maxlength: $.validator.format(\"Por favor, no escribas m\u00e1s de {0} caracteres.\"),<!-- [et_pb_line_break_holder] --> minlength: $.validator.format(\"Por favor, no escribas menos de {0} caracteres.\"),<!-- [et_pb_line_break_holder] --> rangelength: $.validator.format(\"Por favor, escribe un valor entre {0} y {1} caracteres.\"),<!-- [et_pb_line_break_holder] --> range: $.validator.format(\"Por favor, escribe un valor entre {0} y {1}.\"),<!-- [et_pb_line_break_holder] --> max: $.validator.format(\"Por favor, escribe un valor menor o igual a {0}.\"),<!-- [et_pb_line_break_holder] --> min: $.validator.format(\"Por favor, escribe un valor mayor o igual a {0}.\")<!-- [et_pb_line_break_holder] -->});}(jQuery));var $mcj = jQuery.noConflict(true);<\/script><!-- [et_pb_line_break_holder] --><!--End mc_embed_signup--><!-- [et_pb_line_break_holder] --><\/div>\n<p><!-- [et_pb_line_break_holder] --><!-- final de envCaja --><!-- [et_pb_line_break_holder] --><\/div>\n<p>[\/et_pb_code][\/et_pb_column][\/et_pb_row][\/et_pb_section]<\/p>\n","protected":false},"excerpt":{"rendered":"","protected":false},"author":16,"featured_media":0,"parent":0,"menu_order":0,"comment_status":"closed","ping_status":"closed","template":"","meta":{"_et_pb_use_builder":"on","_et_pb_old_content":"<div class=\"pgContacto\">\r\n\r\n<div class=\"col-4 col-m-12\">\r\n<h2>Formulario de contacto<\/h2>\r\n[contact-form to='secretaria@raed.academy' subject='solicitud enviada desde formulario web'][contact-field label='Nombre' type='text' required='1'\/][contact-field label='Correo electr\u00f3nico' type='email' required='1'\/][contact-field label='Tel\u00e9fono' type='text'\/][contact-field label='Mensaje' type='textarea' required='1'\/][\/contact-form]\r\n<\/div>\r\n\r\n<div class=\"col-4 col-m-12\">\r\n<h2>Real Academia Europea de Doctores<\/h2>\r\nVia Laietana, 32 \u2013 3r piso\r\nEdificio Fomento del Trabajo\r\n08003 Barcelona\r\n<img src=\"https:\/\/raed.academy\/wp-content\/uploads\/2016\/12\/tlf.png\" width=\"37px\" height=\"29px\" \/> 93 667 40 54\r\n<img src=\"https:\/\/raed.academy\/wp-content\/uploads\/2016\/12\/mail_icon.png\" width=\"30px\" height=\"23px\" \/>\u00a0 presidencia@raed.academy\r\n<img src=\"https:\/\/raed.academy\/wp-content\/uploads\/2016\/12\/mail_icon.png\" width=\"30px\" height=\"23px\" \/>\u00a0 secretaria@raed.academy\r\n<h2>Horario de oficina<\/h2>\r\nLunes a jueves: 9h a 14h y 16h a 19h.\r\nViernes: 9 a 14h\r\nCerrado en agosto.\r\n<\/div>\r\n\r\n<div class=\"col-4 col-m-12\">\r\n<h2>Mapa<\/h2>\r\n<iframe style=\"border: 0;\" src=\"https:\/\/www.google.com\/maps\/embed?pb=!1m18!1m12!1m3!1d2993.4866967285507!2d2.175109049822209!3d41.38523567916253!2m3!1f0!2f0!3f0!3m2!1i1024!2i768!4f13.1!3m3!1m2!1s0x12a4a2f97a31dcc5%3A0xa5c83085e3fda29a!2sVia+Laietana%2C+32%2C+08003+Barcelona!5e0!3m2!1ses!2ses!4v1481712562793\" width=\"100%\" height=\"200px\" frameborder=\"0\" allowfullscreen=\"allowfullscreen\"><\/iframe>\r\n<\/div>\r\n<\/div>","_et_gb_content_width":"","footnotes":""},"class_list":["post-41928","page","type-page","status-publish","hentry"],"yoast_head":"<!-- This site is optimized with the Yoast SEO plugin v27.3 - https:\/\/yoast.com\/product\/yoast-seo-wordpress\/ -->\n<title>Contacte - Reial Acad\u00e8mia Europea de Doctors<\/title>\n<meta name=\"description\" content=\"Contacta amb la Reial Acad\u00e8mia Europea de Doctors, per tel\u00e8fon, e-mail o formulari web\" \/>\n<meta name=\"robots\" content=\"index, follow, max-snippet:-1, max-image-preview:large, max-video-preview:-1\" \/>\n<link rel=\"canonical\" href=\"https:\/\/raed.academy\/ca\/contacte\/\" \/>\n<meta property=\"og:locale\" content=\"ca_ES\" \/>\n<meta property=\"og:type\" content=\"article\" \/>\n<meta property=\"og:title\" content=\"Contacte - Reial Acad\u00e8mia Europea de Doctors\" \/>\n<meta property=\"og:description\" content=\"Contacta amb la Reial Acad\u00e8mia Europea de Doctors, per tel\u00e8fon, e-mail o formulari web\" \/>\n<meta property=\"og:url\" content=\"https:\/\/raed.academy\/ca\/contacte\/\" \/>\n<meta property=\"og:site_name\" content=\"Reial Acad\u00e8mia Europea de Doctors\" \/>\n<meta property=\"article:publisher\" content=\"http:\/\/fb.me\/raed.academy\" \/>\n<meta property=\"article:modified_time\" content=\"2022-01-25T17:38:07+00:00\" \/>\n<meta name=\"twitter:card\" content=\"summary_large_image\" \/>\n<meta name=\"twitter:site\" content=\"@raedacademy\" \/>\n<meta name=\"twitter:label1\" content=\"Est. reading time\" \/>\n\t<meta name=\"twitter:data1\" content=\"4 minutes\" \/>\n<script type=\"application\/ld+json\" class=\"yoast-schema-graph\">{\"@context\":\"https:\\\/\\\/schema.org\",\"@graph\":[{\"@type\":\"WebPage\",\"@id\":\"https:\\\/\\\/raed.academy\\\/ca\\\/contacte\\\/\",\"url\":\"https:\\\/\\\/raed.academy\\\/ca\\\/contacte\\\/\",\"name\":\"Contacte - Reial Acad\u00e8mia Europea de Doctors\",\"isPartOf\":{\"@id\":\"https:\\\/\\\/raed.academy\\\/ca\\\/#website\"},\"datePublished\":\"2018-02-22T10:28:22+00:00\",\"dateModified\":\"2022-01-25T17:38:07+00:00\",\"description\":\"Contacta amb la Reial Acad\u00e8mia Europea de Doctors, per tel\u00e8fon, e-mail o formulari web\",\"breadcrumb\":{\"@id\":\"https:\\\/\\\/raed.academy\\\/ca\\\/contacte\\\/#breadcrumb\"},\"inLanguage\":\"ca-ES\",\"potentialAction\":[{\"@type\":\"ReadAction\",\"target\":[\"https:\\\/\\\/raed.academy\\\/ca\\\/contacte\\\/\"]}]},{\"@type\":\"BreadcrumbList\",\"@id\":\"https:\\\/\\\/raed.academy\\\/ca\\\/contacte\\\/#breadcrumb\",\"itemListElement\":[{\"@type\":\"ListItem\",\"position\":1,\"name\":\"Inicio\",\"item\":\"https:\\\/\\\/raed.academy\\\/ca\\\/\"},{\"@type\":\"ListItem\",\"position\":2,\"name\":\"Contacte\"}]},{\"@type\":\"WebSite\",\"@id\":\"https:\\\/\\\/raed.academy\\\/ca\\\/#website\",\"url\":\"https:\\\/\\\/raed.academy\\\/ca\\\/\",\"name\":\"Reial Acad\u00e8mia Europea de Doctors\",\"description\":\"Corporaci\u00f3n de derecho p\u00fablico de car\u00e1cter cient\u00edfico, t\u00e9cnico y art\u00edstico, que tiene por objeto la investigaci\u00f3n, el estudio, el fomento y la extensi\u00f3n del conocimiento en su sentido m\u00e1s amplio\",\"publisher\":{\"@id\":\"https:\\\/\\\/raed.academy\\\/ca\\\/#organization\"},\"potentialAction\":[{\"@type\":\"SearchAction\",\"target\":{\"@type\":\"EntryPoint\",\"urlTemplate\":\"https:\\\/\\\/raed.academy\\\/ca\\\/?s={search_term_string}\"},\"query-input\":{\"@type\":\"PropertyValueSpecification\",\"valueRequired\":true,\"valueName\":\"search_term_string\"}}],\"inLanguage\":\"ca-ES\"},{\"@type\":\"Organization\",\"@id\":\"https:\\\/\\\/raed.academy\\\/ca\\\/#organization\",\"name\":\"Real Academia Europea de Doctores\",\"url\":\"https:\\\/\\\/raed.academy\\\/ca\\\/\",\"logo\":{\"@type\":\"ImageObject\",\"inLanguage\":\"ca-ES\",\"@id\":\"https:\\\/\\\/raed.academy\\\/ca\\\/#\\\/schema\\\/logo\\\/image\\\/\",\"url\":\"https:\\\/\\\/raed.academy\\\/wp-content\\\/uploads\\\/2017\\\/01\\\/cropped-logo_raed.png\",\"contentUrl\":\"https:\\\/\\\/raed.academy\\\/wp-content\\\/uploads\\\/2017\\\/01\\\/cropped-logo_raed.png\",\"width\":512,\"height\":512,\"caption\":\"Real Academia Europea de Doctores\"},\"image\":{\"@id\":\"https:\\\/\\\/raed.academy\\\/ca\\\/#\\\/schema\\\/logo\\\/image\\\/\"},\"sameAs\":[\"http:\\\/\\\/fb.me\\\/raed.academy\",\"https:\\\/\\\/x.com\\\/raedacademy\",\"https:\\\/\\\/www.instagram.com\\\/raed.academy\\\/\",\"https:\\\/\\\/www.youtube.com\\\/channel\\\/UCUYQwW2KrdirNWihxMDObwg\"]}]}<\/script>\n<!-- \/ Yoast SEO plugin. -->","yoast_head_json":{"title":"Contacte - Reial Acad\u00e8mia Europea de Doctors","description":"Contacta amb la Reial Acad\u00e8mia Europea de Doctors, per tel\u00e8fon, e-mail o formulari web","robots":{"index":"index","follow":"follow","max-snippet":"max-snippet:-1","max-image-preview":"max-image-preview:large","max-video-preview":"max-video-preview:-1"},"canonical":"https:\/\/raed.academy\/ca\/contacte\/","og_locale":"ca_ES","og_type":"article","og_title":"Contacte - Reial Acad\u00e8mia Europea de Doctors","og_description":"Contacta amb la Reial Acad\u00e8mia Europea de Doctors, per tel\u00e8fon, e-mail o formulari web","og_url":"https:\/\/raed.academy\/ca\/contacte\/","og_site_name":"Reial Acad\u00e8mia Europea de Doctors","article_publisher":"http:\/\/fb.me\/raed.academy","article_modified_time":"2022-01-25T17:38:07+00:00","twitter_card":"summary_large_image","twitter_site":"@raedacademy","twitter_misc":{"Est. reading time":"4 minutes"},"schema":{"@context":"https:\/\/schema.org","@graph":[{"@type":"WebPage","@id":"https:\/\/raed.academy\/ca\/contacte\/","url":"https:\/\/raed.academy\/ca\/contacte\/","name":"Contacte - Reial Acad\u00e8mia Europea de Doctors","isPartOf":{"@id":"https:\/\/raed.academy\/ca\/#website"},"datePublished":"2018-02-22T10:28:22+00:00","dateModified":"2022-01-25T17:38:07+00:00","description":"Contacta amb la Reial Acad\u00e8mia Europea de Doctors, per tel\u00e8fon, e-mail o formulari web","breadcrumb":{"@id":"https:\/\/raed.academy\/ca\/contacte\/#breadcrumb"},"inLanguage":"ca-ES","potentialAction":[{"@type":"ReadAction","target":["https:\/\/raed.academy\/ca\/contacte\/"]}]},{"@type":"BreadcrumbList","@id":"https:\/\/raed.academy\/ca\/contacte\/#breadcrumb","itemListElement":[{"@type":"ListItem","position":1,"name":"Inicio","item":"https:\/\/raed.academy\/ca\/"},{"@type":"ListItem","position":2,"name":"Contacte"}]},{"@type":"WebSite","@id":"https:\/\/raed.academy\/ca\/#website","url":"https:\/\/raed.academy\/ca\/","name":"Reial Acad\u00e8mia Europea de Doctors","description":"Corporaci\u00f3n de derecho p\u00fablico de car\u00e1cter cient\u00edfico, t\u00e9cnico y art\u00edstico, que tiene por objeto la investigaci\u00f3n, el estudio, el fomento y la extensi\u00f3n del conocimiento en su sentido m\u00e1s amplio","publisher":{"@id":"https:\/\/raed.academy\/ca\/#organization"},"potentialAction":[{"@type":"SearchAction","target":{"@type":"EntryPoint","urlTemplate":"https:\/\/raed.academy\/ca\/?s={search_term_string}"},"query-input":{"@type":"PropertyValueSpecification","valueRequired":true,"valueName":"search_term_string"}}],"inLanguage":"ca-ES"},{"@type":"Organization","@id":"https:\/\/raed.academy\/ca\/#organization","name":"Real Academia Europea de Doctores","url":"https:\/\/raed.academy\/ca\/","logo":{"@type":"ImageObject","inLanguage":"ca-ES","@id":"https:\/\/raed.academy\/ca\/#\/schema\/logo\/image\/","url":"https:\/\/raed.academy\/wp-content\/uploads\/2017\/01\/cropped-logo_raed.png","contentUrl":"https:\/\/raed.academy\/wp-content\/uploads\/2017\/01\/cropped-logo_raed.png","width":512,"height":512,"caption":"Real Academia Europea de Doctores"},"image":{"@id":"https:\/\/raed.academy\/ca\/#\/schema\/logo\/image\/"},"sameAs":["http:\/\/fb.me\/raed.academy","https:\/\/x.com\/raedacademy","https:\/\/www.instagram.com\/raed.academy\/","https:\/\/www.youtube.com\/channel\/UCUYQwW2KrdirNWihxMDObwg"]}]}},"_links":{"self":[{"href":"https:\/\/raed.academy\/ca\/wp-json\/wp\/v2\/pages\/41928","targetHints":{"allow":["GET"]}}],"collection":[{"href":"https:\/\/raed.academy\/ca\/wp-json\/wp\/v2\/pages"}],"about":[{"href":"https:\/\/raed.academy\/ca\/wp-json\/wp\/v2\/types\/page"}],"author":[{"embeddable":true,"href":"https:\/\/raed.academy\/ca\/wp-json\/wp\/v2\/users\/16"}],"replies":[{"embeddable":true,"href":"https:\/\/raed.academy\/ca\/wp-json\/wp\/v2\/comments?post=41928"}],"version-history":[{"count":0,"href":"https:\/\/raed.academy\/ca\/wp-json\/wp\/v2\/pages\/41928\/revisions"}],"wp:attachment":[{"href":"https:\/\/raed.academy\/ca\/wp-json\/wp\/v2\/media?parent=41928"}],"curies":[{"name":"wp","href":"https:\/\/api.w.org\/{rel}","templated":true}]}}