{"id":3505,"date":"2016-01-07T15:10:35","date_gmt":"2016-01-07T15:10:35","guid":{"rendered":"http:\/\/radd.eu\/?page_id=3505"},"modified":"2023-03-07T18:22:09","modified_gmt":"2023-03-07T18:22:09","slug":"albert-biete-sola","status":"publish","type":"page","link":"https:\/\/raed.academy\/ca\/albert-biete-sola\/","title":{"rendered":"Excm. Sr. Dr. Albert Biete i Sol\u00e0"},"content":{"rendered":"<p>[et_pb_section fb_built=&#8221;1&#8243; _builder_version=&#8221;4.16&#8243; global_colors_info=&#8221;{}&#8221;][et_pb_row column_structure=&#8221;1_4,3_4&#8243; _builder_version=&#8221;4.16&#8243; background_size=&#8221;initial&#8221; background_position=&#8221;top_left&#8221; background_repeat=&#8221;repeat&#8221; custom_margin=&#8221;0px||0px|&#8221; custom_padding=&#8221;0|0px|0|0px|false|false&#8221; global_colors_info=&#8221;{}&#8221;][et_pb_column type=&#8221;1_4&#8243; _builder_version=&#8221;4.16&#8243; custom_padding=&#8221;|||&#8221; global_colors_info=&#8221;{}&#8221; custom_padding__hover=&#8221;|||&#8221;][et_pb_image src=&#8221;https:\/\/raed.academy\/wp-content\/uploads\/2015\/01\/Foto-bona-Dr.-Biete-Sol\u00c3-.jpg&#8221; show_bottom_space=&#8221;off&#8221; align_tablet=&#8221;center&#8221; align_phone=&#8221;&#8221; align_last_edited=&#8221;on|desktop&#8221; admin_label=&#8221;Imagen &#8211; foto acad\u00e9mico&#8221; _builder_version=&#8221;4.16&#8243; max_width=&#8221;85%&#8221; custom_margin=&#8221;0px||0px|&#8221; custom_padding=&#8221;0px||0px|&#8221; animation_style=&#8221;fold&#8221; hover_enabled=&#8221;0&#8243; border_radii=&#8221;on|6px|6px|6px|6px&#8221; border_width_all=&#8221;2px&#8221; box_shadow_style=&#8221;preset2&#8243; global_colors_info=&#8221;{}&#8221; sticky_enabled=&#8221;0&#8243;][\/et_pb_image][\/et_pb_column][et_pb_column type=&#8221;3_4&#8243; _builder_version=&#8221;4.16&#8243; custom_padding=&#8221;|||&#8221; global_colors_info=&#8221;{}&#8221; custom_padding__hover=&#8221;|||&#8221;][et_pb_text module_class=&#8221;infoAcademico&#8221; _builder_version=&#8221;4.20.0&#8243; hover_enabled=&#8221;0&#8243; global_colors_info=&#8221;{}&#8221; sticky_enabled=&#8221;0&#8243;]<\/p>\n<p><strong>Acad\u00e8mic Supernumerari<br \/><\/strong><\/p>\n<p><strong>Ci\u00e8ncies de la Salut: <\/strong>Dr. en\u00a0Medicina<\/p>\n<p><strong>Data d&#8217;ingr\u00e9s:\u00a0<\/strong>21\/04\/2010<\/p>\n<p><strong>Discurs\u00a0d&#8217;ingr\u00e9s:\u00a0<a href=\"http:\/\/raed.academy\/wp-content\/uploads\/2015\/01\/Les-radiacions-ionitzants-ALBERT-BIETE.pdf\" target=\"_blank\" rel=\"noopener noreferrer\">Les radiacions ionitzants<\/a><\/strong><\/p>\n<p><strong>Discurs de resposta:\u00a0<\/strong><a href=\"\/ca\/academics\/dr-david-jou-mirabent\/\" target=\"_blank\" rel=\"noopener noreferrer\"><strong>Dr. David Jou Mirabent\u00a0<\/strong><\/a><\/p>\n<p>[\/et_pb_text][\/et_pb_column][\/et_pb_row][et_pb_row _builder_version=&#8221;4.16&#8243; background_size=&#8221;initial&#8221; background_position=&#8221;top_left&#8221; background_repeat=&#8221;repeat&#8221; global_colors_info=&#8221;{}&#8221;][et_pb_column type=&#8221;4_4&#8243; _builder_version=&#8221;4.16&#8243; custom_padding=&#8221;|||&#8221; global_colors_info=&#8221;{}&#8221; custom_padding__hover=&#8221;|||&#8221;][et_pb_divider color=&#8221;#828282&#8243; divider_weight=&#8221;2&#8243; _builder_version=&#8221;4.16&#8243; height=&#8221;2px&#8221; box_shadow_style=&#8221;preset2&#8243; global_colors_info=&#8221;{}&#8221;][\/et_pb_divider][et_pb_tabs _builder_version=&#8221;4.16&#8243; global_colors_info=&#8221;{}&#8221;][et_pb_tab title=&#8221;CURR\u00cdCULUM VITAE&#8221; _builder_version=&#8221;4.16&#8243; global_colors_info=&#8221;{}&#8221;]<\/p>\n<p>Albert Biete va n\u00e9ixer a Barcelona al 1952, es va llicenciar a la Facultat de Medicina de la Universitat Aut\u00f2noma de Barcelona amb el Premi Extraordinari de Llicenciatura el 1975 i seguidament va ser adm\u00e8s com a Resident d&#8217;Oncologia Radioter\u00e0pica al Departament d&#8217;Oncologia de l&#8217;Hospital de la Sta. Creu i St. Pau de Barcelona. Va finalitzar el periode formatiu al 1979 i va passar a formar part de la plantilla del citat Departament com a Especialista en Oncologia Radioter\u00e0pica, dedicant preferentment la seva activitat professional a l&#8217;\u00e0rea de c\u00e0ncer de mama i c\u00e0ncer ginecol\u00f2gic. Al 1982 es va doctorar per la Universitat Aut\u00f2noma de Barcelona amb una tesi sobre Termografia i C\u00e0ncer de mama, obtenint la qualificaci\u00f3 de sobresalient \u201ccum laude\u201d. Durant els anys 1985\/86 va romandre al Royal Marsden Hospital a Londres. \u00c9s Diplomat en Gesti\u00f3 Hospital\u00e0ria per la Universitat de Barcelona i Diplomat en Patologia Mam\u00e0ria. Al 1987 es va traslladar a l&#8217;Hospital Cl\u00ednic i Provincial de Barcelona al guanyar el concurs de la pla\u00e7a de Cap de Servei d&#8217;Oncologia Radioter\u00e0pica. En l&#8217;\u00e0rea Acad\u00e8mica, ha estat Professor Ajudant i Associat des del 1977. En 1987 guany\u00e0 en oposici\u00f3 una pla\u00e7a de Professor Titular Numerari de Radiologia a la Universitat Aut\u00f2noma de Barcelona. Durant 2 anys va ser Vice-Deg\u00e0 de la Facultat de Medicina de la Universitat A. de Barcelona. Al 1988 es va traslladar com a Professor Titular a la Universitat de Barcelona. Al mar\u00e7 de 2009 va guanyar la c\u00e0tedra de Radiologia i M. F\u00edsica, pla\u00e7a vinculada a la Direcci\u00f3 del Servei d&#8217;Oncologia Radioter\u00e0pica de l&#8217;Hospital Cl\u00ednic Universitari de Barcelona. Membre de l\u2019ESTRO (European Society of Radiotherapy and Oncology) des de la seva fundaci\u00f3 al 1982, ha estat un membre actiu de la Societat Europea en activitats com cursos, el Comit\u00e8 d&#8217;Educaci\u00f3 i el Comit\u00e8 Editorial de la revista Radiotherapy and Oncology. Es Editor associat de RPOR (Reports of Practical Oncology and Radiotherapy). Ha estat tamb\u00e9 Membre Fundador de l\u2019 AERO (Associaci\u00f3 Espanyola de Radioter\u00e0pia i Oncologia) de la qual ha estat tamb\u00e9 President durant el per\u00edode 2000-2001 aix\u00ed com president de FESEO (Federaci\u00f3n de sociedades espa\u00f1olas de Oncolog\u00eda). Ha sigut distingit amb la Medalla d\u2019Or de la SEOR (Sociedad Espa\u00f1ola de Oncolog\u00eda Radioter\u00e0pica) i amb la Medalla de Plata de la Creu Roja Espa\u00f1ola. Ha estat membre del European Board of Radiotherapy com a representant de la UEMS (Uni\u00f3 Europea de Metges Especialistes) a Brussel\u00b7les. Ha estat President del GOCO (Grup Oncol\u00f2gic Catal\u00e0-Occcit\u00e0) i de la Societat CatalanoBalear D\u2019Oncologia de l\u2019Acad\u00e8mia de Ci\u00e8ncies M\u00e8diques de Catalunya i Balears. \u00c9s autor o coautor de 164 estudis publicats en revistes nacionals i internacionals, aix\u00ed com d&#8217;un Manual de Radioter\u00e0pia, un llibre sobre Gesti\u00f3 Cl\u00ednica en Oncologia Radioter\u00e0pica, un tractat d&#8217;Oncologia Radioter\u00e0pica i 47 cap\u00edtols en diversos llibres, aix\u00ed com de m\u00e9s de 250 Comunicacions en Reunions Cient\u00edfiques nacionals i internacionals. Ha dirigit 11 tesis doctorals. Es avaluador d\u2019ANECA per a l\u2019acreditaci\u00f3 d\u2019acc\u00e9s a places docents de profesor Titular i Catedr\u00e0tic. T\u00e9 reconeguts quatre trams de recerca i cinc de doc\u00e8ncia per part del Ministeri d\u2019Educaci\u00f3. \u00c9s President del Comit\u00e8 T\u00e8cnic de l\u2019AECC-Catalunya contra el C\u00e0ncer a Barcelona i patr\u00f3 de la Fundaci\u00f3 Cient\u00edfica de la AECC (Madrid). \u00c9s acad\u00e8mic numerari de la Reial Acad\u00e8mia de Doctors de Catalunya. Es President-electe de la APURF (Asociaci\u00f3n de Profesores Universitarios de Radiolog\u00eda y M. F\u00edsica) y President del Foro Universitario de la SEOR (Sociedad Espa\u00f1ola de Oncolog\u00eda Radioter\u00e1pica). &nbsp;<\/p>\n<p><a href='https:\/\/raed.academy\/wp-content\/uploads\/2018\/12\/CV-extenso-Dr.-Albert-Biete-Sol\u00c3-.pdf' class='big-button bigsilver' target=\"_blank\">CV Extens<\/a><br \/>\n[\/et_pb_tab][\/et_pb_tabs][\/et_pb_column][\/et_pb_row][\/et_pb_section]<\/p>\n","protected":false},"excerpt":{"rendered":"<p>Acad\u00e8mic Supernumerari Ci\u00e8ncies de la Salut: Dr. en\u00a0Medicina Data d&#8217;ingr\u00e9s:\u00a021\/04\/2010 Discurs\u00a0d&#8217;ingr\u00e9s:\u00a0Les radiacions ionitzants Discurs de resposta:\u00a0Dr. David Jou Mirabent\u00a0Albert Biete va n\u00e9ixer a Barcelona al 1952, es va llicenciar a la Facultat de Medicina de la Universitat Aut\u00f2noma de Barcelona amb el Premi Extraordinari de Llicenciatura el 1975 i seguidament va ser adm\u00e8s com a [&hellip;]<\/p>\n","protected":false},"author":16,"featured_media":0,"parent":0,"menu_order":0,"comment_status":"closed","ping_status":"closed","template":"","meta":{"_et_pb_use_builder":"on","_et_pb_old_content":"<div class=\"infoAcademico\"><h2 class=\"post-content\">\u00a0<\/h2><p><img src=\"https:\/\/raed.academy\/wp-content\/uploads\/2015\/01\/Foto-bona-Dr.-Biete-Sol\u00c3--200x300.jpg\" alt=\"Foto bona Dr. Biete Sol\u00c3\u00a0\" width=\"149\" height=\"224\" \/><\/p><p><strong>Acad\u00e8mic Numerari i Adjunt a Presid\u00e8ncia<\/strong><\/p><p><strong>Ci\u00e8ncies de la Salut: <\/strong>Dr. en\u00a0Medicina<\/p><p><strong>Data d'ingr\u00e9s:\u00a0<\/strong>21\/04\/2010<\/p><p><b>Medalla:<\/b> N\u00ba<\/p><p><strong>Discurs\u00a0d'ingr\u00e9s:\u00a0<\/strong><a href=\"http:\/\/raed.academy\/wp-content\/uploads\/2015\/01\/Les-radiacions-ionitzants-ALBERT-BIETE.pdf\" target=\"_blank\" rel=\"noopener\">Les radiacions ionitzants<\/a><\/p><p><strong>Discurs de resposta:\u00a0<\/strong><a href=\"http:\/\/raed.academy\/dr-david-jou-mirabent-cat\/\" target=\"_blank\" rel=\"noopener\">Dr. David Jou Mirabent\u00a0<\/a><\/p><hr \/><div class=\"CVacadcemico\"><h2>CURRICULUM VITAE<\/h2><p>Albert Biete va n\u00e9ixer a Barcelona al 1952, es va llicenciar a la Facultat de Medicina de la Universitat Aut\u00f2noma de Barcelona amb el Premi Extraordinari de Llicenciatura el 1975 i seguidament va ser adm\u00e8s com a Resident d'Oncologia Radioter\u00e0pica al Departament d'Oncologia de l'Hospital de la Sta. Creu i St. Pau de Barcelona. Va finalitzar el periode formatiu al 1979 i va passar a formar part de la plantilla del citat Departament com a Especialista en Oncologia Radioter\u00e0pica, dedicant preferentment la seva activitat professional a l'\u00e0rea de c\u00e0ncer de mama i c\u00e0ncer ginecol\u00f2gic. Al 1982 es va doctorar per la Universitat Aut\u00f2noma de Barcelona amb una tesi sobre Termografia i C\u00e0ncer de mama, obtenint la qualificaci\u00f3 de sobresalient \u201ccum laude\u201d. Durant els anys 1985\/86 va romandre al Royal Marsden Hospital a Londres. \u00c9s Diplomat en Gesti\u00f3 Hospital\u00e0ria per la Universitat de Barcelona i Diplomat en Patologia Mam\u00e0ria. Al 1987 es va traslladar a l'Hospital Cl\u00ednic i Provincial de Barcelona al guanyar el concurs de la pla\u00e7a de Cap de Servei d'Oncologia Radioter\u00e0pica.<\/p><p>En l'\u00e0rea Acad\u00e8mica, ha estat Professor Ajudant i Associat des del 1977. En 1987 guany\u00e0 en oposici\u00f3 una pla\u00e7a de Professor Titular Numerari de Radiologia a la Universitat Aut\u00f2noma de Barcelona. Durant 2 anys va ser Vice-Deg\u00e0 de la Facultat de Medicina de la Universitat A. de Barcelona. Al 1988 es va traslladar com a Professor Titular a la Universitat de Barcelona. Al mar\u00e7 de 2009 va guanyar la c\u00e0tedra de Radiologia i M. F\u00edsica, pla\u00e7a vinculada a la Direcci\u00f3 del Servei d'Oncologia Radioter\u00e0pica de l'Hospital Cl\u00ednic Universitari de Barcelona.<\/p><p>Membre de l\u2019ESTRO (European Society of Radiotherapy and Oncology) des de la seva fundaci\u00f3 al 1982, ha estat un membre actiu de la Societat Europea en activitats com cursos, el Comit\u00e8 d'Educaci\u00f3 i el Comit\u00e8 Editorial de la revista Radiotherapy and Oncology. Es Editor associat de RPOR (Reports of Practical Oncology and Radiotherapy). Ha estat tamb\u00e9 Membre Fundador de l\u2019 AERO (Associaci\u00f3 Espanyola de Radioter\u00e0pia i Oncologia) de la qual ha estat tamb\u00e9 President durant el per\u00edode 2000-2001 aix\u00ed com president de FESEO (Federaci\u00f3n de sociedades espa\u00f1olas de Oncolog\u00eda). Ha sigut distingit amb la Medalla d\u2019Or de la SEOR (Sociedad Espa\u00f1ola de Oncolog\u00eda Radioter\u00e0pica) i amb la Medalla de Plata de la Creu Roja Espa\u00f1ola. Ha estat membre del European Board of Radiotherapy com a representant de la UEMS (Uni\u00f3 Europea de Metges Especialistes) a Brussel\u00b7les. Ha estat President del GOCO (Grup Oncol\u00f2gic Catal\u00e0-Occcit\u00e0) i de la Societat CatalanoBalear D\u2019Oncologia de l\u2019Acad\u00e8mia de Ci\u00e8ncies M\u00e8diques de Catalunya i Balears.<\/p><p>\u00c9s autor o coautor de 164 estudis publicats en revistes nacionals i internacionals, aix\u00ed com d'un Manual de Radioter\u00e0pia, un llibre sobre Gesti\u00f3 Cl\u00ednica en Oncologia Radioter\u00e0pica, un tractat d'Oncologia Radioter\u00e0pica i 47 cap\u00edtols en diversos llibres, aix\u00ed com de m\u00e9s de 250 Comunicacions en Reunions Cient\u00edfiques nacionals i internacionals. Ha dirigit 11 tesis doctorals. Es avaluador d\u2019ANECA per a l\u2019acreditaci\u00f3 d\u2019acc\u00e9s a places docents de profesor Titular i Catedr\u00e0tic. T\u00e9 reconeguts quatre trams de recerca i cinc de doc\u00e8ncia per part del Ministeri d\u2019Educaci\u00f3.<\/p><p>\u00c9s President del Comit\u00e8 T\u00e8cnic de l\u2019AECC-Catalunya contra el C\u00e0ncer a Barcelona i patr\u00f3 de la Fundaci\u00f3 Cient\u00edfica de la AECC (Madrid). \u00c9s acad\u00e8mic numerari de la Reial Acad\u00e8mia de Doctors de Catalunya. Es President-electe de la APURF (Asociaci\u00f3n de Profesores Universitarios de Radiolog\u00eda y M. F\u00edsica) y President del Foro Universitario de la SEOR (Sociedad Espa\u00f1ola de Oncolog\u00eda Radioter\u00e1pica).<\/p><h2>CURRICULUM VITAE EXTENS<\/h2><h2>DISCURS D'INGR\u00c9S<\/h2><h3><a href=\"http:\/\/raed.academy\/wp-content\/uploads\/2016\/07\/pdf-icon-e1468674732529.png\"><img class=\"alignnone size-full wp-image-7742\" src=\"http:\/\/raed.academy\/wp-content\/uploads\/2016\/07\/pdf-icon-e1468674732529.png\" alt=\"pdf-icon\" width=\"30\" height=\"30\" \/><\/a>\u00a0 \u00a0<\/h3><h2>ALTRES PUBLICACIONS<\/h2><h2>V\u00cdDEO<\/h2><h2>\u00a0<\/h2><h2>GALERIA DE FOTOGRAFIES<\/h2><\/div><\/div>","_et_gb_content_width":"","footnotes":""},"class_list":["post-3505","page","type-page","status-publish","hentry"],"yoast_head":"<!-- This site is optimized with the Yoast SEO plugin v27.3 - https:\/\/yoast.com\/product\/yoast-seo-wordpress\/ -->\n<title>Excm. Sr. Dr. Albert Biete i Sol\u00e0 - Reial Acad\u00e8mia Europea de Doctors<\/title>\n<meta name=\"robots\" content=\"index, follow, max-snippet:-1, max-image-preview:large, max-video-preview:-1\" \/>\n<link rel=\"canonical\" href=\"https:\/\/raed.academy\/ca\/albert-biete-sola\/\" \/>\n<meta property=\"og:locale\" content=\"ca_ES\" \/>\n<meta property=\"og:type\" content=\"article\" \/>\n<meta property=\"og:title\" content=\"Excm. Sr. Dr. Albert Biete i Sol\u00e0 - Reial Acad\u00e8mia Europea de Doctors\" \/>\n<meta property=\"og:description\" content=\"La RAED organitza i duu a terme una s\u00e8rie d&#039;activitats concentrades en un mes i mig que van comptar amb la implicaci\u00f3 activa de nombrosos acad\u00e8mics. Recepci\u00f3 de quatre acad\u00e8mics corresponents (Stavroula-Ina Piperaki per a Gr\u00e8cia, Stephen Zeff i David B. Wilkins per als Estats Units i Llu\u00eds Vicent Safont per a Andorra) Taula rodona [&hellip;]\" \/>\n<meta property=\"og:url\" content=\"https:\/\/raed.academy\/ca\/albert-biete-sola\/\" \/>\n<meta property=\"og:site_name\" content=\"Reial Acad\u00e8mia Europea de Doctors\" \/>\n<meta property=\"article:publisher\" content=\"http:\/\/fb.me\/raed.academy\" \/>\n<meta property=\"article:modified_time\" content=\"2023-03-07T18:22:09+00:00\" \/>\n<meta name=\"twitter:card\" content=\"summary_large_image\" \/>\n<meta name=\"twitter:site\" content=\"@raedacademy\" \/>\n<meta name=\"twitter:label1\" content=\"Est. reading time\" \/>\n\t<meta name=\"twitter:data1\" content=\"4 minutes\" \/>\n<script type=\"application\/ld+json\" class=\"yoast-schema-graph\">{\"@context\":\"https:\\\/\\\/schema.org\",\"@graph\":[{\"@type\":\"WebPage\",\"@id\":\"https:\\\/\\\/raed.academy\\\/ca\\\/albert-biete-sola\\\/\",\"url\":\"https:\\\/\\\/raed.academy\\\/ca\\\/albert-biete-sola\\\/\",\"name\":\"Excm. Sr. Dr. Albert Biete i Sol\u00e0 - Reial Acad\u00e8mia Europea de Doctors\",\"isPartOf\":{\"@id\":\"https:\\\/\\\/raed.academy\\\/ca\\\/#website\"},\"datePublished\":\"2016-01-07T15:10:35+00:00\",\"dateModified\":\"2023-03-07T18:22:09+00:00\",\"breadcrumb\":{\"@id\":\"https:\\\/\\\/raed.academy\\\/ca\\\/albert-biete-sola\\\/#breadcrumb\"},\"inLanguage\":\"ca-ES\",\"potentialAction\":[{\"@type\":\"ReadAction\",\"target\":[\"https:\\\/\\\/raed.academy\\\/ca\\\/albert-biete-sola\\\/\"]}]},{\"@type\":\"BreadcrumbList\",\"@id\":\"https:\\\/\\\/raed.academy\\\/ca\\\/albert-biete-sola\\\/#breadcrumb\",\"itemListElement\":[{\"@type\":\"ListItem\",\"position\":1,\"name\":\"Inicio\",\"item\":\"https:\\\/\\\/raed.academy\\\/ca\\\/\"},{\"@type\":\"ListItem\",\"position\":2,\"name\":\"Excm. Sr. Dr. Albert Biete i Sol\u00e0\"}]},{\"@type\":\"WebSite\",\"@id\":\"https:\\\/\\\/raed.academy\\\/ca\\\/#website\",\"url\":\"https:\\\/\\\/raed.academy\\\/ca\\\/\",\"name\":\"Reial Acad\u00e8mia Europea de Doctors\",\"description\":\"Corporaci\u00f3n de derecho p\u00fablico de car\u00e1cter cient\u00edfico, t\u00e9cnico y art\u00edstico, que tiene por objeto la investigaci\u00f3n, el estudio, el fomento y la extensi\u00f3n del conocimiento en su sentido m\u00e1s amplio\",\"publisher\":{\"@id\":\"https:\\\/\\\/raed.academy\\\/ca\\\/#organization\"},\"potentialAction\":[{\"@type\":\"SearchAction\",\"target\":{\"@type\":\"EntryPoint\",\"urlTemplate\":\"https:\\\/\\\/raed.academy\\\/ca\\\/?s={search_term_string}\"},\"query-input\":{\"@type\":\"PropertyValueSpecification\",\"valueRequired\":true,\"valueName\":\"search_term_string\"}}],\"inLanguage\":\"ca-ES\"},{\"@type\":\"Organization\",\"@id\":\"https:\\\/\\\/raed.academy\\\/ca\\\/#organization\",\"name\":\"Real Academia Europea de Doctores\",\"url\":\"https:\\\/\\\/raed.academy\\\/ca\\\/\",\"logo\":{\"@type\":\"ImageObject\",\"inLanguage\":\"ca-ES\",\"@id\":\"https:\\\/\\\/raed.academy\\\/ca\\\/#\\\/schema\\\/logo\\\/image\\\/\",\"url\":\"https:\\\/\\\/raed.academy\\\/wp-content\\\/uploads\\\/2017\\\/01\\\/cropped-logo_raed.png\",\"contentUrl\":\"https:\\\/\\\/raed.academy\\\/wp-content\\\/uploads\\\/2017\\\/01\\\/cropped-logo_raed.png\",\"width\":512,\"height\":512,\"caption\":\"Real Academia Europea de Doctores\"},\"image\":{\"@id\":\"https:\\\/\\\/raed.academy\\\/ca\\\/#\\\/schema\\\/logo\\\/image\\\/\"},\"sameAs\":[\"http:\\\/\\\/fb.me\\\/raed.academy\",\"https:\\\/\\\/x.com\\\/raedacademy\",\"https:\\\/\\\/www.instagram.com\\\/raed.academy\\\/\",\"https:\\\/\\\/www.youtube.com\\\/channel\\\/UCUYQwW2KrdirNWihxMDObwg\"]}]}<\/script>\n<!-- \/ Yoast SEO plugin. -->","yoast_head_json":{"title":"Excm. Sr. Dr. Albert Biete i Sol\u00e0 - Reial Acad\u00e8mia Europea de Doctors","robots":{"index":"index","follow":"follow","max-snippet":"max-snippet:-1","max-image-preview":"max-image-preview:large","max-video-preview":"max-video-preview:-1"},"canonical":"https:\/\/raed.academy\/ca\/albert-biete-sola\/","og_locale":"ca_ES","og_type":"article","og_title":"Excm. Sr. Dr. Albert Biete i Sol\u00e0 - Reial Acad\u00e8mia Europea de Doctors","og_description":"La RAED organitza i duu a terme una s\u00e8rie d'activitats concentrades en un mes i mig que van comptar amb la implicaci\u00f3 activa de nombrosos acad\u00e8mics. Recepci\u00f3 de quatre acad\u00e8mics corresponents (Stavroula-Ina Piperaki per a Gr\u00e8cia, Stephen Zeff i David B. Wilkins per als Estats Units i Llu\u00eds Vicent Safont per a Andorra) Taula rodona [&hellip;]","og_url":"https:\/\/raed.academy\/ca\/albert-biete-sola\/","og_site_name":"Reial Acad\u00e8mia Europea de Doctors","article_publisher":"http:\/\/fb.me\/raed.academy","article_modified_time":"2023-03-07T18:22:09+00:00","twitter_card":"summary_large_image","twitter_site":"@raedacademy","twitter_misc":{"Est. reading time":"4 minutes"},"schema":{"@context":"https:\/\/schema.org","@graph":[{"@type":"WebPage","@id":"https:\/\/raed.academy\/ca\/albert-biete-sola\/","url":"https:\/\/raed.academy\/ca\/albert-biete-sola\/","name":"Excm. Sr. Dr. Albert Biete i Sol\u00e0 - Reial Acad\u00e8mia Europea de Doctors","isPartOf":{"@id":"https:\/\/raed.academy\/ca\/#website"},"datePublished":"2016-01-07T15:10:35+00:00","dateModified":"2023-03-07T18:22:09+00:00","breadcrumb":{"@id":"https:\/\/raed.academy\/ca\/albert-biete-sola\/#breadcrumb"},"inLanguage":"ca-ES","potentialAction":[{"@type":"ReadAction","target":["https:\/\/raed.academy\/ca\/albert-biete-sola\/"]}]},{"@type":"BreadcrumbList","@id":"https:\/\/raed.academy\/ca\/albert-biete-sola\/#breadcrumb","itemListElement":[{"@type":"ListItem","position":1,"name":"Inicio","item":"https:\/\/raed.academy\/ca\/"},{"@type":"ListItem","position":2,"name":"Excm. Sr. Dr. Albert Biete i Sol\u00e0"}]},{"@type":"WebSite","@id":"https:\/\/raed.academy\/ca\/#website","url":"https:\/\/raed.academy\/ca\/","name":"Reial Acad\u00e8mia Europea de Doctors","description":"Corporaci\u00f3n de derecho p\u00fablico de car\u00e1cter cient\u00edfico, t\u00e9cnico y art\u00edstico, que tiene por objeto la investigaci\u00f3n, el estudio, el fomento y la extensi\u00f3n del conocimiento en su sentido m\u00e1s amplio","publisher":{"@id":"https:\/\/raed.academy\/ca\/#organization"},"potentialAction":[{"@type":"SearchAction","target":{"@type":"EntryPoint","urlTemplate":"https:\/\/raed.academy\/ca\/?s={search_term_string}"},"query-input":{"@type":"PropertyValueSpecification","valueRequired":true,"valueName":"search_term_string"}}],"inLanguage":"ca-ES"},{"@type":"Organization","@id":"https:\/\/raed.academy\/ca\/#organization","name":"Real Academia Europea de Doctores","url":"https:\/\/raed.academy\/ca\/","logo":{"@type":"ImageObject","inLanguage":"ca-ES","@id":"https:\/\/raed.academy\/ca\/#\/schema\/logo\/image\/","url":"https:\/\/raed.academy\/wp-content\/uploads\/2017\/01\/cropped-logo_raed.png","contentUrl":"https:\/\/raed.academy\/wp-content\/uploads\/2017\/01\/cropped-logo_raed.png","width":512,"height":512,"caption":"Real Academia Europea de Doctores"},"image":{"@id":"https:\/\/raed.academy\/ca\/#\/schema\/logo\/image\/"},"sameAs":["http:\/\/fb.me\/raed.academy","https:\/\/x.com\/raedacademy","https:\/\/www.instagram.com\/raed.academy\/","https:\/\/www.youtube.com\/channel\/UCUYQwW2KrdirNWihxMDObwg"]}]}},"_links":{"self":[{"href":"https:\/\/raed.academy\/ca\/wp-json\/wp\/v2\/pages\/3505","targetHints":{"allow":["GET"]}}],"collection":[{"href":"https:\/\/raed.academy\/ca\/wp-json\/wp\/v2\/pages"}],"about":[{"href":"https:\/\/raed.academy\/ca\/wp-json\/wp\/v2\/types\/page"}],"author":[{"embeddable":true,"href":"https:\/\/raed.academy\/ca\/wp-json\/wp\/v2\/users\/16"}],"replies":[{"embeddable":true,"href":"https:\/\/raed.academy\/ca\/wp-json\/wp\/v2\/comments?post=3505"}],"version-history":[{"count":0,"href":"https:\/\/raed.academy\/ca\/wp-json\/wp\/v2\/pages\/3505\/revisions"}],"wp:attachment":[{"href":"https:\/\/raed.academy\/ca\/wp-json\/wp\/v2\/media?parent=3505"}],"curies":[{"name":"wp","href":"https:\/\/api.w.org\/{rel}","templated":true}]}}