{"id":29107,"date":"2017-06-08T10:52:00","date_gmt":"2017-06-08T10:52:00","guid":{"rendered":"http:\/\/raed.academy\/?page_id=29107\/"},"modified":"2017-08-01T08:39:54","modified_gmt":"2017-08-01T08:39:54","slug":"programa-i-trobada-cientifica-convergencia-camins-ciencia-i-empresa","status":"publish","type":"page","link":"https:\/\/raed.academy\/ca\/programa-i-trobada-cientifica-convergencia-camins-ciencia-i-empresa\/","title":{"rendered":"Programa I Trobada Cient\u00edfica \u201cConverg\u00e8ncia de Camins: Ci\u00e8ncia i Empresa\u201d"},"content":{"rendered":"<div class=\"menuIconos\">\n<div class=\"rSociales\"><a href=\"https:\/\/www.youtube.com\/channel\/UCUYQwW2KrdirNWihxMDObwg\" target=\"_blank\" rel=\"noopener\"><img decoding=\"async\" src=\"https:\/\/raed.academy\/wp-content\/uploads\/2016\/12\/Youtube_icon.png\" alt=\"Youtube\" \/><\/a><a href=\"http:\/\/fb.me\/raed.academy\" target=\"_blank\" rel=\"noopener\"><img decoding=\"async\" src=\"\/wp-content\/uploads\/2017\/02\/fb.png\" \/><\/a><a href=\"https:\/\/twitter.com\/raedacademy\" target=\"_blank\" rel=\"noopener\"><img decoding=\"async\" src=\"https:\/\/raed.academy\/wp-content\/uploads\/2017\/02\/twitter3d.png\" \/><\/a><\/div>\n<\/div>\n<div class=\"separadorH\" style=\"height: 40px;\"><\/div>\n<p><img loading=\"lazy\" decoding=\"async\" src=\"https:\/\/raed.academy\/wp-content\/uploads\/2017\/06\/portada-programa-I-Encuentro-Cient\u00edfico-Convergencia-de-Caminos-Ciencia-y-Empresa.jpg\" alt=\"portada programa I Encuentro Cient\u00edfico Convergencia de Caminos Ciencia y Empresa\" width=\"600\" height=\"450\" class=\"aligncenter size-full wp-image-29127\" style=\"margin-bottom:40px;\" srcset=\"https:\/\/raed.academy\/wp-content\/uploads\/2017\/06\/portada-programa-I-Encuentro-Cient\u00edfico-Convergencia-de-Caminos-Ciencia-y-Empresa.jpg 600w, https:\/\/raed.academy\/wp-content\/uploads\/2017\/06\/portada-programa-I-Encuentro-Cient\u00edfico-Convergencia-de-Caminos-Ciencia-y-Empresa-300x225.jpg 300w\" sizes=\"(max-width: 600px) 100vw, 600px\" \/><\/p>\n<div class=\"fondoBlanco\">\n<div class=\"mitadIzquierda\">\n<h2>VIERNES 9 DE JUNIO<\/h2>\n<p>09.00 Inauguraci\u00f3n Oficial del Encuentro.<\/p>\n<p>09.15-10.00 Conferencia Inaugural: Serendipias en la Ciencia. Sheldom L. Glashow. Presenta Catalina Ruiz.<\/p>\n<p>10.00-12.00 Econom\u00eda, Pol\u00edtica y Empresas: incertidumbres, riesgos y oportunidades. Hisham El Sherif, Jos\u00e9 Mar\u00eda Gay, Jos\u00e9 Manuel Calavia, Nilo Garc\u00eda Manchado, Lorenzo Gasc\u00f3n, Frederic Borr\u00e1s. Modera Claudia Arteaga.<\/p>\n<p>12.00-12.30 Pausa-Caf\u00e9<\/p>\n<p>12.30-13.00 El impacto de los alimentos transg\u00e9nicos para paliar el hambre en el mundo. Richard Roberts. Presenta Lluis Serra.<\/p>\n<p>13.00-13.30 La cooperaci\u00f3n Internacional aplicada a objetivos concretos y medibles. Luis L\u00f3pez. Presenta Jos\u00e9 Ram\u00f3n Calvo.<\/p>\n<p>13.30-14.30 Networking: Rinc\u00f3n de Excelencia<\/p>\n<p>14.30 Almuerzo<\/p>\n<p>16.30-18.30 \u00bfPara qu\u00e9 le sirve la Ciencia a la Empresa?: Ciencia B\u00e1sica vs Ciencia aplicada. Sheldom L. Glashow, Richard Roberts, Jos\u00e9 Mar\u00eda Baldasano, Sonia Fern\u00e1ndez Vidal, Juan Ruiz Alzola, Jaume Armengou. Modera Jordi Mart\u00ed.<\/p>\n<p>18.30-19.00 Historia de la Tenacidad: El descubrimiento de la estructura de los ribosomas. Ada Yonath. Presenta Cecilia Kindel\u00e1n.<\/p>\n<p>19.00-20.00 La Tecnolog\u00eda y el Desarrollo Sostenible. Juan Ruiz, Luis L\u00f3pez, Catalina Ruiz, Llu\u00eds Serra, Josefa de la Rosa. Modera: Ma Angels Calvo.<\/p>\n<p>21.00 Cena\n<\/p><\/div>\n<div class=\"mitadDerecha\">\n<h2>S\u00c1BADO 10 DE JUNIO<\/h2>\n<p>09.00-11.00 El nuevo escenario pol\u00edtico mundial. Amenazas y Previsiones. Walter Lichem, Rosalia Arteaga, Inocencio Arias, Ernst &#8216;ten, Joaqu\u00edn Almunia, Luis Alberto Lacalle. Modera Claudia Arteaga.<\/p>\n<p>11.00-11.30 Pausa Caf\u00e9<\/p>\n<p>11.30-14.30 Solemne Acto de Ingreso como Acad\u00e9mico Numerario del Dr Jos\u00e9 R. Calvo. Responde el Dr. Jordi Mart\u00ed.<br \/>\nSolemne Acto de Investidura como Acad\u00e9micos de Honor:<\/p>\n<ul>\n<li>Dra. Ada Yonath, presenta el Dr. Jos\u00e9 Luis Salido<\/li>\n<li>\nDr. Sheldom L. Glashow, presenta el Dr. Jos\u00e9 Mar\u00eda Gay de Li\u00e9bana<\/li>\n<li>Dr. Richard Roberts, presenta el Dr, Jos\u00e9 Manuel Calavia<\/li>\n<li>\nDr. Luis Alberto Lacalle, presenta el Dr. Xabier A\u00f1overos<\/li>\n<\/ul>\n<p>14.30 Almuerzo<\/p>\n<p>16.30-18.30 Econom\u00eda Publica Vs Econom\u00eda de Mercado. Ahmad Ranema, Jaime Llopis, Joaquim Vila, Miguel \u00c1ngel Gallo, Gin\u00e9s de Rus, Francisco Javier Llovera, Modera Juan Francisco Corona.<\/p>\n<p>20.30 Clausura del Encuentro<\/p>\n<p>21.00 Cocktail<\/p>\n<p>21.30 Cena de Gala\n<\/p><\/div>\n<\/div>\n","protected":false},"excerpt":{"rendered":"<p>VIERNES 9 DE JUNIO 09.00 Inauguraci\u00f3n Oficial del Encuentro. 09.15-10.00 Conferencia Inaugural: Serendipias en la Ciencia. Sheldom L. Glashow. Presenta Catalina Ruiz. 10.00-12.00 Econom\u00eda, Pol\u00edtica y Empresas: incertidumbres, riesgos y oportunidades. Hisham El Sherif, Jos\u00e9 Mar\u00eda Gay, Jos\u00e9 Manuel Calavia, Nilo Garc\u00eda Manchado, Lorenzo Gasc\u00f3n, Frederic Borr\u00e1s. Modera Claudia Arteaga. 12.00-12.30 Pausa-Caf\u00e9 12.30-13.00 El impacto [&hellip;]<\/p>\n","protected":false},"author":16,"featured_media":0,"parent":0,"menu_order":0,"comment_status":"closed","ping_status":"closed","template":"","meta":{"_et_pb_use_builder":"","_et_pb_old_content":"","_et_gb_content_width":"","footnotes":""},"class_list":["post-29107","page","type-page","status-publish","hentry"],"yoast_head":"<!-- This site is optimized with the Yoast SEO plugin v27.4 - https:\/\/yoast.com\/product\/yoast-seo-wordpress\/ -->\n<title>Programa I Trobada Cient\u00edfica \u201cConverg\u00e8ncia de Camins: Ci\u00e8ncia i Empresa\u201d - Reial Acad\u00e8mia Europea de Doctors<\/title>\n<meta name=\"description\" content=\"Programa d&#039;actes de la Trobada Cient\u00edfica &quot;Converg\u00e8ncia de Camins: Ci\u00e8ncia i Empresa&quot;. Fuerteventura, del 8 i 11 de juny de 2017 | RAED - IESE - ULPGC\" \/>\n<meta name=\"robots\" content=\"index, follow, max-snippet:-1, max-image-preview:large, max-video-preview:-1\" \/>\n<link rel=\"canonical\" href=\"https:\/\/raed.academy\/ca\/programa-i-trobada-cientifica-convergencia-camins-ciencia-i-empresa\/\" \/>\n<meta property=\"og:locale\" content=\"ca_ES\" \/>\n<meta property=\"og:type\" content=\"article\" \/>\n<meta property=\"og:title\" content=\"Programa I Trobada Cient\u00edfica \u201cConverg\u00e8ncia de Camins: Ci\u00e8ncia i Empresa\u201d - Reial Acad\u00e8mia Europea de Doctors\" \/>\n<meta property=\"og:description\" content=\"Programa d&#039;actes de la Trobada Cient\u00edfica &quot;Converg\u00e8ncia de Camins: Ci\u00e8ncia i Empresa&quot;. Fuerteventura, del 8 i 11 de juny de 2017 | RAED - IESE - ULPGC\" \/>\n<meta property=\"og:url\" content=\"https:\/\/raed.academy\/ca\/programa-i-trobada-cientifica-convergencia-camins-ciencia-i-empresa\/\" \/>\n<meta property=\"og:site_name\" content=\"Reial Acad\u00e8mia Europea de Doctors\" \/>\n<meta property=\"article:publisher\" content=\"http:\/\/fb.me\/raed.academy\" \/>\n<meta property=\"article:modified_time\" content=\"2017-08-01T08:39:54+00:00\" \/>\n<meta property=\"og:image\" content=\"https:\/\/raed.academy\/wp-content\/uploads\/2016\/12\/Youtube_icon.png\" \/>\n<meta name=\"twitter:card\" content=\"summary_large_image\" \/>\n<meta name=\"twitter:site\" content=\"@raedacademy\" \/>\n<meta name=\"twitter:label1\" content=\"Est. reading time\" \/>\n\t<meta name=\"twitter:data1\" content=\"2 minutes\" \/>\n<script type=\"application\/ld+json\" class=\"yoast-schema-graph\">{\"@context\":\"https:\\\/\\\/schema.org\",\"@graph\":[{\"@type\":\"WebPage\",\"@id\":\"https:\\\/\\\/raed.academy\\\/ca\\\/programa-i-trobada-cientifica-convergencia-camins-ciencia-i-empresa\\\/\",\"url\":\"https:\\\/\\\/raed.academy\\\/ca\\\/programa-i-trobada-cientifica-convergencia-camins-ciencia-i-empresa\\\/\",\"name\":\"Programa I Trobada Cient\u00edfica \u201cConverg\u00e8ncia de Camins: Ci\u00e8ncia i Empresa\u201d - Reial Acad\u00e8mia Europea de Doctors\",\"isPartOf\":{\"@id\":\"https:\\\/\\\/raed.academy\\\/ca\\\/#website\"},\"primaryImageOfPage\":{\"@id\":\"https:\\\/\\\/raed.academy\\\/ca\\\/programa-i-trobada-cientifica-convergencia-camins-ciencia-i-empresa\\\/#primaryimage\"},\"image\":{\"@id\":\"https:\\\/\\\/raed.academy\\\/ca\\\/programa-i-trobada-cientifica-convergencia-camins-ciencia-i-empresa\\\/#primaryimage\"},\"thumbnailUrl\":\"https:\\\/\\\/raed.academy\\\/wp-content\\\/uploads\\\/2016\\\/12\\\/Youtube_icon.png\",\"datePublished\":\"2017-06-08T10:52:00+00:00\",\"dateModified\":\"2017-08-01T08:39:54+00:00\",\"description\":\"Programa d'actes de la Trobada Cient\u00edfica \\\"Converg\u00e8ncia de Camins: Ci\u00e8ncia i Empresa\\\". Fuerteventura, del 8 i 11 de juny de 2017 | RAED - IESE - ULPGC\",\"breadcrumb\":{\"@id\":\"https:\\\/\\\/raed.academy\\\/ca\\\/programa-i-trobada-cientifica-convergencia-camins-ciencia-i-empresa\\\/#breadcrumb\"},\"inLanguage\":\"ca-ES\",\"potentialAction\":[{\"@type\":\"ReadAction\",\"target\":[\"https:\\\/\\\/raed.academy\\\/ca\\\/programa-i-trobada-cientifica-convergencia-camins-ciencia-i-empresa\\\/\"]}]},{\"@type\":\"ImageObject\",\"inLanguage\":\"ca-ES\",\"@id\":\"https:\\\/\\\/raed.academy\\\/ca\\\/programa-i-trobada-cientifica-convergencia-camins-ciencia-i-empresa\\\/#primaryimage\",\"url\":\"https:\\\/\\\/raed.academy\\\/wp-content\\\/uploads\\\/2016\\\/12\\\/Youtube_icon.png\",\"contentUrl\":\"https:\\\/\\\/raed.academy\\\/wp-content\\\/uploads\\\/2016\\\/12\\\/Youtube_icon.png\"},{\"@type\":\"BreadcrumbList\",\"@id\":\"https:\\\/\\\/raed.academy\\\/ca\\\/programa-i-trobada-cientifica-convergencia-camins-ciencia-i-empresa\\\/#breadcrumb\",\"itemListElement\":[{\"@type\":\"ListItem\",\"position\":1,\"name\":\"Inicio\",\"item\":\"https:\\\/\\\/raed.academy\\\/ca\\\/\"},{\"@type\":\"ListItem\",\"position\":2,\"name\":\"Programa I Trobada Cient\u00edfica \u201cConverg\u00e8ncia de Camins: Ci\u00e8ncia i Empresa\u201d\"}]},{\"@type\":\"WebSite\",\"@id\":\"https:\\\/\\\/raed.academy\\\/ca\\\/#website\",\"url\":\"https:\\\/\\\/raed.academy\\\/ca\\\/\",\"name\":\"Reial Acad\u00e8mia Europea de Doctors\",\"description\":\"Corporaci\u00f3n de derecho p\u00fablico de car\u00e1cter cient\u00edfico, t\u00e9cnico y art\u00edstico, que tiene por objeto la investigaci\u00f3n, el estudio, el fomento y la extensi\u00f3n del conocimiento en su sentido m\u00e1s amplio\",\"publisher\":{\"@id\":\"https:\\\/\\\/raed.academy\\\/ca\\\/#organization\"},\"potentialAction\":[{\"@type\":\"SearchAction\",\"target\":{\"@type\":\"EntryPoint\",\"urlTemplate\":\"https:\\\/\\\/raed.academy\\\/ca\\\/?s={search_term_string}\"},\"query-input\":{\"@type\":\"PropertyValueSpecification\",\"valueRequired\":true,\"valueName\":\"search_term_string\"}}],\"inLanguage\":\"ca-ES\"},{\"@type\":\"Organization\",\"@id\":\"https:\\\/\\\/raed.academy\\\/ca\\\/#organization\",\"name\":\"Real Academia Europea de Doctores\",\"url\":\"https:\\\/\\\/raed.academy\\\/ca\\\/\",\"logo\":{\"@type\":\"ImageObject\",\"inLanguage\":\"ca-ES\",\"@id\":\"https:\\\/\\\/raed.academy\\\/ca\\\/#\\\/schema\\\/logo\\\/image\\\/\",\"url\":\"https:\\\/\\\/raed.academy\\\/wp-content\\\/uploads\\\/2017\\\/01\\\/cropped-logo_raed.png\",\"contentUrl\":\"https:\\\/\\\/raed.academy\\\/wp-content\\\/uploads\\\/2017\\\/01\\\/cropped-logo_raed.png\",\"width\":512,\"height\":512,\"caption\":\"Real Academia Europea de Doctores\"},\"image\":{\"@id\":\"https:\\\/\\\/raed.academy\\\/ca\\\/#\\\/schema\\\/logo\\\/image\\\/\"},\"sameAs\":[\"http:\\\/\\\/fb.me\\\/raed.academy\",\"https:\\\/\\\/x.com\\\/raedacademy\",\"https:\\\/\\\/www.instagram.com\\\/raed.academy\\\/\",\"https:\\\/\\\/www.youtube.com\\\/channel\\\/UCUYQwW2KrdirNWihxMDObwg\"]}]}<\/script>\n<!-- \/ Yoast SEO plugin. -->","yoast_head_json":{"title":"Programa I Trobada Cient\u00edfica \u201cConverg\u00e8ncia de Camins: Ci\u00e8ncia i Empresa\u201d - Reial Acad\u00e8mia Europea de Doctors","description":"Programa d'actes de la Trobada Cient\u00edfica \"Converg\u00e8ncia de Camins: Ci\u00e8ncia i Empresa\". Fuerteventura, del 8 i 11 de juny de 2017 | RAED - IESE - ULPGC","robots":{"index":"index","follow":"follow","max-snippet":"max-snippet:-1","max-image-preview":"max-image-preview:large","max-video-preview":"max-video-preview:-1"},"canonical":"https:\/\/raed.academy\/ca\/programa-i-trobada-cientifica-convergencia-camins-ciencia-i-empresa\/","og_locale":"ca_ES","og_type":"article","og_title":"Programa I Trobada Cient\u00edfica \u201cConverg\u00e8ncia de Camins: Ci\u00e8ncia i Empresa\u201d - Reial Acad\u00e8mia Europea de Doctors","og_description":"Programa d'actes de la Trobada Cient\u00edfica \"Converg\u00e8ncia de Camins: Ci\u00e8ncia i Empresa\". Fuerteventura, del 8 i 11 de juny de 2017 | RAED - IESE - ULPGC","og_url":"https:\/\/raed.academy\/ca\/programa-i-trobada-cientifica-convergencia-camins-ciencia-i-empresa\/","og_site_name":"Reial Acad\u00e8mia Europea de Doctors","article_publisher":"http:\/\/fb.me\/raed.academy","article_modified_time":"2017-08-01T08:39:54+00:00","og_image":[{"url":"https:\/\/raed.academy\/wp-content\/uploads\/2016\/12\/Youtube_icon.png","type":"","width":"","height":""}],"twitter_card":"summary_large_image","twitter_site":"@raedacademy","twitter_misc":{"Est. reading time":"2 minutes"},"schema":{"@context":"https:\/\/schema.org","@graph":[{"@type":"WebPage","@id":"https:\/\/raed.academy\/ca\/programa-i-trobada-cientifica-convergencia-camins-ciencia-i-empresa\/","url":"https:\/\/raed.academy\/ca\/programa-i-trobada-cientifica-convergencia-camins-ciencia-i-empresa\/","name":"Programa I Trobada Cient\u00edfica \u201cConverg\u00e8ncia de Camins: Ci\u00e8ncia i Empresa\u201d - Reial Acad\u00e8mia Europea de Doctors","isPartOf":{"@id":"https:\/\/raed.academy\/ca\/#website"},"primaryImageOfPage":{"@id":"https:\/\/raed.academy\/ca\/programa-i-trobada-cientifica-convergencia-camins-ciencia-i-empresa\/#primaryimage"},"image":{"@id":"https:\/\/raed.academy\/ca\/programa-i-trobada-cientifica-convergencia-camins-ciencia-i-empresa\/#primaryimage"},"thumbnailUrl":"https:\/\/raed.academy\/wp-content\/uploads\/2016\/12\/Youtube_icon.png","datePublished":"2017-06-08T10:52:00+00:00","dateModified":"2017-08-01T08:39:54+00:00","description":"Programa d'actes de la Trobada Cient\u00edfica \"Converg\u00e8ncia de Camins: Ci\u00e8ncia i Empresa\". Fuerteventura, del 8 i 11 de juny de 2017 | RAED - IESE - ULPGC","breadcrumb":{"@id":"https:\/\/raed.academy\/ca\/programa-i-trobada-cientifica-convergencia-camins-ciencia-i-empresa\/#breadcrumb"},"inLanguage":"ca-ES","potentialAction":[{"@type":"ReadAction","target":["https:\/\/raed.academy\/ca\/programa-i-trobada-cientifica-convergencia-camins-ciencia-i-empresa\/"]}]},{"@type":"ImageObject","inLanguage":"ca-ES","@id":"https:\/\/raed.academy\/ca\/programa-i-trobada-cientifica-convergencia-camins-ciencia-i-empresa\/#primaryimage","url":"https:\/\/raed.academy\/wp-content\/uploads\/2016\/12\/Youtube_icon.png","contentUrl":"https:\/\/raed.academy\/wp-content\/uploads\/2016\/12\/Youtube_icon.png"},{"@type":"BreadcrumbList","@id":"https:\/\/raed.academy\/ca\/programa-i-trobada-cientifica-convergencia-camins-ciencia-i-empresa\/#breadcrumb","itemListElement":[{"@type":"ListItem","position":1,"name":"Inicio","item":"https:\/\/raed.academy\/ca\/"},{"@type":"ListItem","position":2,"name":"Programa I Trobada Cient\u00edfica \u201cConverg\u00e8ncia de Camins: Ci\u00e8ncia i Empresa\u201d"}]},{"@type":"WebSite","@id":"https:\/\/raed.academy\/ca\/#website","url":"https:\/\/raed.academy\/ca\/","name":"Reial Acad\u00e8mia Europea de Doctors","description":"Corporaci\u00f3n de derecho p\u00fablico de car\u00e1cter cient\u00edfico, t\u00e9cnico y art\u00edstico, que tiene por objeto la investigaci\u00f3n, el estudio, el fomento y la extensi\u00f3n del conocimiento en su sentido m\u00e1s amplio","publisher":{"@id":"https:\/\/raed.academy\/ca\/#organization"},"potentialAction":[{"@type":"SearchAction","target":{"@type":"EntryPoint","urlTemplate":"https:\/\/raed.academy\/ca\/?s={search_term_string}"},"query-input":{"@type":"PropertyValueSpecification","valueRequired":true,"valueName":"search_term_string"}}],"inLanguage":"ca-ES"},{"@type":"Organization","@id":"https:\/\/raed.academy\/ca\/#organization","name":"Real Academia Europea de Doctores","url":"https:\/\/raed.academy\/ca\/","logo":{"@type":"ImageObject","inLanguage":"ca-ES","@id":"https:\/\/raed.academy\/ca\/#\/schema\/logo\/image\/","url":"https:\/\/raed.academy\/wp-content\/uploads\/2017\/01\/cropped-logo_raed.png","contentUrl":"https:\/\/raed.academy\/wp-content\/uploads\/2017\/01\/cropped-logo_raed.png","width":512,"height":512,"caption":"Real Academia Europea de Doctores"},"image":{"@id":"https:\/\/raed.academy\/ca\/#\/schema\/logo\/image\/"},"sameAs":["http:\/\/fb.me\/raed.academy","https:\/\/x.com\/raedacademy","https:\/\/www.instagram.com\/raed.academy\/","https:\/\/www.youtube.com\/channel\/UCUYQwW2KrdirNWihxMDObwg"]}]}},"_links":{"self":[{"href":"https:\/\/raed.academy\/ca\/wp-json\/wp\/v2\/pages\/29107","targetHints":{"allow":["GET"]}}],"collection":[{"href":"https:\/\/raed.academy\/ca\/wp-json\/wp\/v2\/pages"}],"about":[{"href":"https:\/\/raed.academy\/ca\/wp-json\/wp\/v2\/types\/page"}],"author":[{"embeddable":true,"href":"https:\/\/raed.academy\/ca\/wp-json\/wp\/v2\/users\/16"}],"replies":[{"embeddable":true,"href":"https:\/\/raed.academy\/ca\/wp-json\/wp\/v2\/comments?post=29107"}],"version-history":[{"count":0,"href":"https:\/\/raed.academy\/ca\/wp-json\/wp\/v2\/pages\/29107\/revisions"}],"wp:attachment":[{"href":"https:\/\/raed.academy\/ca\/wp-json\/wp\/v2\/media?parent=29107"}],"curies":[{"name":"wp","href":"https:\/\/api.w.org\/{rel}","templated":true}]}}