{"id":18607,"date":"2016-12-09T11:13:28","date_gmt":"2016-12-09T11:13:28","guid":{"rendered":"http:\/\/raed.academy\/?page_id=18607"},"modified":"2024-01-02T16:26:00","modified_gmt":"2024-01-02T16:26:00","slug":"senat","status":"publish","type":"page","link":"https:\/\/raed.academy\/ca\/senat\/","title":{"rendered":"Senat"},"content":{"rendered":"<p>[et_pb_section fb_built=&#8221;1&#8243; _builder_version=&#8221;4.16&#8243; global_colors_info=&#8221;{}&#8221;][et_pb_row _builder_version=&#8221;4.17.0&#8243; background_size=&#8221;initial&#8221; background_position=&#8221;top_left&#8221; background_repeat=&#8221;repeat&#8221; width=&#8221;95%&#8221; max_width=&#8221;1600px&#8221; global_colors_info=&#8221;{}&#8221;][et_pb_column type=&#8221;4_4&#8243; _builder_version=&#8221;4.16&#8243; custom_padding=&#8221;|||&#8221; global_colors_info=&#8221;{}&#8221; custom_padding__hover=&#8221;|||&#8221;][et_pb_post_title meta=&#8221;off&#8221; featured_image=&#8221;off&#8221; module_class=&#8221;portada&#8221; _builder_version=&#8221;4.17.0&#8243; _module_preset=&#8221;default&#8221; global_colors_info=&#8221;{}&#8221;][\/et_pb_post_title][et_pb_text _builder_version=&#8221;4.23.4&#8243; background_size=&#8221;initial&#8221; background_position=&#8221;top_left&#8221; background_repeat=&#8221;repeat&#8221; hover_enabled=&#8221;0&#8243; global_colors_info=&#8221;{}&#8221; sticky_enabled=&#8221;0&#8243;]<\/p>\n<p align=\"justify\">Els Estatuts de la RAED preveuen la creaci\u00f3 del Senat com \u00f2rgan consultiu i d\u2019assessorament no vinculant de la Junta de Govern, de la qual en dep\u00e8n org\u00e0nicament. El seu r\u00e8gim de funcionament est\u00e0 establert reglament\u00e0riament.<\/p>\n<p align=\"justify\">El Senat representa l\u2019ess\u00e8ncia i la tradici\u00f3 de la Reial Acad\u00e8mia Europea de Doctors i en conseq\u00fc\u00e8ncia vetlla per la seva conservaci\u00f3.<\/p>\n<h2 align=\"justify\">President del Senat<\/h2>\n<p align=\"justify\"><a href=\"https:\/\/raed.academy\/ca\/academics\/dr-francisco-javier-llovera-saez\/\" target=\"_blank\" rel=\"noopener\"><strong>LLOVERA SAEZ, Francisco Javier<\/strong><\/a><\/p>\n<h2 align=\"justify\">Senadors<\/h2>\n<div id=\"miembros-senado\" class=\"bloque-listado-academicos\" style=\"border: 1px solid #ccc;\"><strong><a href=\"https:\/\/raed.academy\/ca\/academics\/dr-angel-aguirre-baztan\">AGUIRRE BAZT\u00c1N, \u00c1ngel<\/a><br \/>\n<a href=\"https:\/\/raed.academy\/ca\/academics\/dr-jaume-antich-femenias\/\">ANTICH FEMENIAS, Jaume<\/a><br \/>\n<a href=\"https:\/\/raed.academy\/ca\/academics\/dra-rosalia-arteaga\/\">ARTEAGA SERRANO, Rosal\u00eda<\/a><br \/>\n<a href=\"https:\/\/raed.academy\/ca\/academics\/dr-jose-maria-baldasano-recio\/\" target=\"_blank\" rel=\"noopener noreferrer\">BALDASANO RECIO, Jos\u00e9 Mar\u00eda<\/a><br \/>\n<a href=\"https:\/\/raed.academy\/ca\/academics\/dr-josep-maria-bove-montero\/\" target=\"_blank\" rel=\"noopener noreferrer\">BOV\u00c9 MONTERO, Josep Maria<\/a><br \/>\n<a href=\"https:\/\/raed.academy\/ca\/academics\/dr-ignacio-buqueras-bach\/\" target=\"_blank\" rel=\"noopener noreferrer\">BUQUERAS Y BACH, Ignacio<\/a><br \/>\n<a href=\"https:\/\/raed.academy\/ca\/academics\/dr-august-corominas-vilardell\/\" target=\"_blank\" rel=\"noopener noreferrer\">COROMINAS VILARDELL, August<\/a><br \/>\n<a href=\"https:\/\/raed.academy\/ca\/academics\/dr-pere-costa-batllori\/\" target=\"_blank\" rel=\"noopener noreferrer\"><strong>COSTA BATLLORI, Pere<\/strong><\/a><br \/>\n<a href=\"https:\/\/raed.academy\/ca\/academics\/dr-josep-maria-costa-torres\/\" target=\"_blank\" rel=\"noopener noreferrer\">COSTA TORRES, Josep Maria<\/a><br \/>\n<a href=\"https:\/\/raed.academy\/ca\/academics\/dr-jaime-manuel-de-castro-fernandez\/\" target=\"_blank\" rel=\"noopener noreferrer\">DE CASTRO FERNANDEZ, Jaime M.<\/a><br \/>\n<a href=\"https:\/\/raed.academy\/ca\/academics\/dra-sonia-fernandez-vidal\/\" target=\"_blank\" rel=\"noopener noreferrer\">FERN\u00c1NDEZ VIDAL, S\u00f2nia<\/a><br \/>\n<a href=\"https:\/\/raed.academy\/ca\/academics\/dr-antonio-gens-sole\/\" target=\"_blank\" rel=\"noopener noreferrer\"><strong>GENS SOL\u00c9, Antonio<\/strong><\/a><br \/>\n<a href=\"https:\/\/raed.academy\/ca\/academics\/dr-joaquim-gironella-coll\/\" target=\"_blank\" rel=\"noopener noreferrer\">GIRONELLA COLL, Joaquim<\/a><br \/>\n<a href=\"https:\/\/raed.academy\/ca\/academics\/dr-carlos-dante-heredia-garcia\/\" target=\"_blank\" rel=\"noopener noreferrer\"><strong>HEREDIA GARC\u00cdA, Carlos Dante<\/strong><\/a><br \/>\n<a href=\"https:\/\/raed.academy\/ca\/academics\/dr-carlos-mallo-rodriguez\/\" target=\"_blank\" rel=\"noopener noreferrer\">MALLO RODR\u00cdGUEZ, Carlos<\/a><br \/>\n<a href=\"https:\/\/raed.academy\/ca\/academics\/dr-joan-massons-rabassa\/\" target=\"_blank\" rel=\"noopener noreferrer\">MASSONS RABASSA, Joan<\/a><br \/>\n<a href=\"https:\/\/raed.academy\/ca\/academics\/dr-marius-petit-guinovart\/\" target=\"_blank\" rel=\"noopener noreferrer\">PETIT GUINOVART, M\u00e0rius<\/a><br \/>\n<a href=\"https:\/\/raed.academy\/ca\/academics\/dr-antonio-pulido-gutierrez\/\" target=\"_blank\" rel=\"noopener noreferrer\"><strong>PULIDO GUTI\u00c9RREZ, Antonio<\/strong><\/a><br \/>\n<a href=\"https:\/\/raed.academy\/ca\/academics\/dr-josep-maria-simon-tor\/\" target=\"_blank\" rel=\"noopener noreferrer\">SIM\u00d3N TOR, Josep Maria<\/a><br \/>\n<a href=\"https:\/\/raed.academy\/ca\/academics\/dr-santiago-tintore-ferrer\/\" target=\"_blank\" rel=\"noopener noreferrer\"><strong>TINTOR\u00c9 FERRER, Santiago<\/strong><\/a> &dagger;<br \/>\n<a href=\"https:\/\/raed.academy\/ca\/academics\/dr-daniel-turbon-borrega\/\" target=\"_blank\" rel=\"noopener noreferrer\">TURB\u00d3N BORREGA, Daniel<\/a><\/strong><\/div>\n<p>[\/et_pb_text][\/et_pb_column][\/et_pb_row][\/et_pb_section]<\/p>\n","protected":false},"excerpt":{"rendered":"<p>Els Estatuts de la RAED preveuen la creaci\u00f3 del Senat com \u00f2rgan consultiu i d\u2019assessorament no vinculant de la Junta de Govern, de la qual en dep\u00e8n org\u00e0nicament. El seu r\u00e8gim de funcionament est\u00e0 establert reglament\u00e0riament. El Senat representa l\u2019ess\u00e8ncia i la tradici\u00f3 de la Reial Acad\u00e8mia Europea de Doctors i en conseq\u00fc\u00e8ncia vetlla per [&hellip;]<\/p>\n","protected":false},"author":16,"featured_media":0,"parent":0,"menu_order":0,"comment_status":"closed","ping_status":"closed","template":"","meta":{"_et_pb_use_builder":"on","_et_pb_old_content":"<p>[et_pb_section][et_pb_row][et_pb_column type=\"4_4\"][et_pb_text]<\/p><p align=\"justify\">Els Estatuts de la RAED preveuen la creaci\u00f3 del Senat com \u00f2rgan consultiu i d\u2019assessorament no vinculant de la Junta de Govern, de la qual en dep\u00e8n org\u00e0nicament. El seu r\u00e8gim de funcionament est\u00e0 establert reglament\u00e0riament.<\/p><p align=\"justify\">El Senat representa l\u2019ess\u00e8ncia i la tradici\u00f3 de la Reial Acad\u00e8mia Europea de Doctors i en conseq\u00fc\u00e8ncia vetlla per la seva conservaci\u00f3.<\/p><div id=\"miembros-senado\" class=\"numerarios\" style=\"border: 1px solid #ccc; margin-top: 40px;\"><strong><a href=\"https:\/\/raed.academy\/ca\/academics\/dr-angel-aguirre-baztan\">AGUIRRE BAZT\u00c1N, \u00c1ngel<\/a><br \/><a href=\"https:\/\/raed.academy\/ca\/academics\/dr-jaume-antich-femenias\/\">ANTICH FEMENIAS, Jaume<\/a><br \/><a href=\"https:\/\/raed.academy\/ca\/academics\/dra-rosalia-arteaga\/\">ARTEAGA SERRANO, Rosal\u00eda<\/a><br \/><a href=\"https:\/\/raed.academy\/ca\/academics\/dr-jose-maria-baldasano-recio\/\" target=\"_blank\" rel=\"noopener noreferrer\">BALDASANO RECIO, Jos\u00e9 Mar\u00eda<\/a><br \/><a href=\"https:\/\/raed.academy\/ca\/academics\/dr-josep-maria-bove-montero\/\" target=\"_blank\" rel=\"noopener noreferrer\">BOV\u00c9 MONTERO, Josep Maria<\/a><br \/><a href=\"https:\/\/raed.academy\/ca\/academics\/dr-ignacio-buqueras-bach\/\" target=\"_blank\" rel=\"noopener noreferrer\">BUQUERAS Y BACH, Ignacio<\/a><br \/><a href=\"https:\/\/raed.academy\/ca\/academics\/dr-august-corominas-vilardell\/\" target=\"_blank\" rel=\"noopener noreferrer\">COROMINAS VILARDELL, August<\/a><br \/><a href=\"https:\/\/raed.academy\/ca\/academics\/dr-pere-costa-batllori\/\" target=\"_blank\" rel=\"noopener noreferrer\"><strong>COSTA BATLLORI, Pere<\/strong><\/a><br \/><a href=\"https:\/\/raed.academy\/ca\/academics\/dr-josep-maria-costa-torres\/\" target=\"_blank\" rel=\"noopener noreferrer\">COSTA TORRES, Josep Maria<\/a><br \/><a href=\"https:\/\/raed.academy\/ca\/academics\/dr-jaime-manuel-de-castro-fernandez\/\" target=\"_blank\" rel=\"noopener noreferrer\">DE CASTRO FERNANDEZ, Jaime M.<\/a><br \/><a href=\"https:\/\/raed.academy\/ca\/academics\/dra-sonia-fernandez-vidal\/\" target=\"_blank\" rel=\"noopener noreferrer\">FERN\u00c1NDEZ VIDAL, S\u00f2nia<\/a><br \/><a href=\"https:\/\/raed.academy\/ca\/academics\/dr-antonio-gens-sole\/\" target=\"_blank\" rel=\"noopener noreferrer\"><strong>GENS SOL\u00c9, Antonio<\/strong><\/a><br \/><a href=\"https:\/\/raed.academy\/ca\/academics\/dr-joaquim-gironella-coll\/\" target=\"_blank\" rel=\"noopener noreferrer\">GIRONELLA COLL, Joaquim<\/a><br \/><a href=\"https:\/\/raed.academy\/ca\/academics\/dr-carlos-dante-heredia-garcia\/\" target=\"_blank\" rel=\"noopener noreferrer\"><strong>HEREDIA GARC\u00cdA, Carlos Dante<\/strong><\/a><br \/><a href=\"https:\/\/raed.academy\/ca\/academics\/dr-carlos-mallo-rodriguez\/\" target=\"_blank\" rel=\"noopener noreferrer\">MALLO RODR\u00cdGUEZ, Carlos<\/a><br \/><a href=\"https:\/\/raed.academy\/ca\/academics\/dr-joan-massons-rabassa\/\" target=\"_blank\" rel=\"noopener noreferrer\">MASSONS RABASSA, Joan<\/a><br \/><a href=\"https:\/\/raed.academy\/ca\/academics\/dr-marius-petit-guinovart\/\" target=\"_blank\" rel=\"noopener noreferrer\">PETIT GUINOVART, M\u00e0rius<\/a><br \/><a href=\"https:\/\/raed.academy\/ca\/academics\/dr-antonio-pulido-gutierrez\/\" target=\"_blank\" rel=\"noopener noreferrer\"><strong>PULIDO GUTI\u00c9RREZ, Antonio<\/strong><\/a><br \/><a href=\"https:\/\/raed.academy\/ca\/academics\/dr-santiago-ripol-girona\/\" target=\"_blank\" rel=\"noopener noreferrer\">RIPOL GIRONA, Santiago<\/a><br \/><a href=\"https:\/\/raed.academy\/ca\/academics\/dr-josep-maria-simon-tor\/\" target=\"_blank\" rel=\"noopener noreferrer\">SIM\u00d3N TOR, Josep Maria<\/a><br \/><a href=\"https:\/\/raed.academy\/ca\/academics\/dr-santiago-tintore-ferrer\/\" target=\"_blank\" rel=\"noopener noreferrer\"><strong>TINTOR\u00c9 FERRER, Santiago<\/strong><\/a><br \/><a href=\"https:\/\/raed.academy\/ca\/academics\/dr-daniel-turbon-borrega\/\" target=\"_blank\" rel=\"noopener noreferrer\">TURB\u00d3N BORREGA, Daniel<\/a><\/strong><\/div><p>[\/et_pb_text][\/et_pb_column][\/et_pb_row][\/et_pb_section]<\/p>","_et_gb_content_width":"","footnotes":""},"class_list":["post-18607","page","type-page","status-publish","hentry"],"yoast_head":"<!-- This site is optimized with the Yoast SEO plugin v27.4 - https:\/\/yoast.com\/product\/yoast-seo-wordpress\/ -->\n<title>Senat - Reial Acad\u00e8mia Europea de Doctors<\/title>\n<meta name=\"robots\" content=\"noindex, follow\" \/>\n<meta property=\"og:locale\" content=\"ca_ES\" \/>\n<meta property=\"og:type\" content=\"article\" \/>\n<meta property=\"og:title\" content=\"Senat - Reial Acad\u00e8mia Europea de Doctors\" \/>\n<meta property=\"og:description\" content=\"La RAED organitza i duu a terme una s\u00e8rie d&#039;activitats concentrades en un mes i mig que van comptar amb la implicaci\u00f3 activa de nombrosos acad\u00e8mics. Recepci\u00f3 de quatre acad\u00e8mics corresponents (Stavroula-Ina Piperaki per a Gr\u00e8cia, Stephen Zeff i David B. Wilkins per als Estats Units i Llu\u00eds Vicent Safont per a Andorra) Taula rodona [&hellip;]\" \/>\n<meta property=\"og:url\" content=\"https:\/\/raed.academy\/ca\/senat\/\" \/>\n<meta property=\"og:site_name\" content=\"Reial Acad\u00e8mia Europea de Doctors\" \/>\n<meta property=\"article:publisher\" content=\"http:\/\/fb.me\/raed.academy\" \/>\n<meta property=\"article:modified_time\" content=\"2024-01-02T16:26:00+00:00\" \/>\n<meta name=\"twitter:card\" content=\"summary_large_image\" \/>\n<meta name=\"twitter:site\" content=\"@raedacademy\" \/>\n<meta name=\"twitter:label1\" content=\"Est. reading time\" \/>\n\t<meta name=\"twitter:data1\" content=\"1 minute\" \/>\n<script type=\"application\/ld+json\" class=\"yoast-schema-graph\">{\"@context\":\"https:\\\/\\\/schema.org\",\"@graph\":[{\"@type\":\"WebPage\",\"@id\":\"https:\\\/\\\/raed.academy\\\/ca\\\/senat\\\/\",\"url\":\"https:\\\/\\\/raed.academy\\\/ca\\\/senat\\\/\",\"name\":\"Senat - Reial Acad\u00e8mia Europea de Doctors\",\"isPartOf\":{\"@id\":\"https:\\\/\\\/raed.academy\\\/ca\\\/#website\"},\"datePublished\":\"2016-12-09T11:13:28+00:00\",\"dateModified\":\"2024-01-02T16:26:00+00:00\",\"breadcrumb\":{\"@id\":\"https:\\\/\\\/raed.academy\\\/ca\\\/senat\\\/#breadcrumb\"},\"inLanguage\":\"ca-ES\",\"potentialAction\":[{\"@type\":\"ReadAction\",\"target\":[\"https:\\\/\\\/raed.academy\\\/ca\\\/senat\\\/\"]}]},{\"@type\":\"BreadcrumbList\",\"@id\":\"https:\\\/\\\/raed.academy\\\/ca\\\/senat\\\/#breadcrumb\",\"itemListElement\":[{\"@type\":\"ListItem\",\"position\":1,\"name\":\"Inicio\",\"item\":\"https:\\\/\\\/raed.academy\\\/ca\\\/\"},{\"@type\":\"ListItem\",\"position\":2,\"name\":\"Senat\"}]},{\"@type\":\"WebSite\",\"@id\":\"https:\\\/\\\/raed.academy\\\/ca\\\/#website\",\"url\":\"https:\\\/\\\/raed.academy\\\/ca\\\/\",\"name\":\"Reial Acad\u00e8mia Europea de Doctors\",\"description\":\"Corporaci\u00f3n de derecho p\u00fablico de car\u00e1cter cient\u00edfico, t\u00e9cnico y art\u00edstico, que tiene por objeto la investigaci\u00f3n, el estudio, el fomento y la extensi\u00f3n del conocimiento en su sentido m\u00e1s amplio\",\"publisher\":{\"@id\":\"https:\\\/\\\/raed.academy\\\/ca\\\/#organization\"},\"potentialAction\":[{\"@type\":\"SearchAction\",\"target\":{\"@type\":\"EntryPoint\",\"urlTemplate\":\"https:\\\/\\\/raed.academy\\\/ca\\\/?s={search_term_string}\"},\"query-input\":{\"@type\":\"PropertyValueSpecification\",\"valueRequired\":true,\"valueName\":\"search_term_string\"}}],\"inLanguage\":\"ca-ES\"},{\"@type\":\"Organization\",\"@id\":\"https:\\\/\\\/raed.academy\\\/ca\\\/#organization\",\"name\":\"Real Academia Europea de Doctores\",\"url\":\"https:\\\/\\\/raed.academy\\\/ca\\\/\",\"logo\":{\"@type\":\"ImageObject\",\"inLanguage\":\"ca-ES\",\"@id\":\"https:\\\/\\\/raed.academy\\\/ca\\\/#\\\/schema\\\/logo\\\/image\\\/\",\"url\":\"https:\\\/\\\/raed.academy\\\/wp-content\\\/uploads\\\/2017\\\/01\\\/cropped-logo_raed.png\",\"contentUrl\":\"https:\\\/\\\/raed.academy\\\/wp-content\\\/uploads\\\/2017\\\/01\\\/cropped-logo_raed.png\",\"width\":512,\"height\":512,\"caption\":\"Real Academia Europea de Doctores\"},\"image\":{\"@id\":\"https:\\\/\\\/raed.academy\\\/ca\\\/#\\\/schema\\\/logo\\\/image\\\/\"},\"sameAs\":[\"http:\\\/\\\/fb.me\\\/raed.academy\",\"https:\\\/\\\/x.com\\\/raedacademy\",\"https:\\\/\\\/www.instagram.com\\\/raed.academy\\\/\",\"https:\\\/\\\/www.youtube.com\\\/channel\\\/UCUYQwW2KrdirNWihxMDObwg\"]}]}<\/script>\n<!-- \/ Yoast SEO plugin. -->","yoast_head_json":{"title":"Senat - Reial Acad\u00e8mia Europea de Doctors","robots":{"index":"noindex","follow":"follow"},"og_locale":"ca_ES","og_type":"article","og_title":"Senat - Reial Acad\u00e8mia Europea de Doctors","og_description":"La RAED organitza i duu a terme una s\u00e8rie d'activitats concentrades en un mes i mig que van comptar amb la implicaci\u00f3 activa de nombrosos acad\u00e8mics. Recepci\u00f3 de quatre acad\u00e8mics corresponents (Stavroula-Ina Piperaki per a Gr\u00e8cia, Stephen Zeff i David B. Wilkins per als Estats Units i Llu\u00eds Vicent Safont per a Andorra) Taula rodona [&hellip;]","og_url":"https:\/\/raed.academy\/ca\/senat\/","og_site_name":"Reial Acad\u00e8mia Europea de Doctors","article_publisher":"http:\/\/fb.me\/raed.academy","article_modified_time":"2024-01-02T16:26:00+00:00","twitter_card":"summary_large_image","twitter_site":"@raedacademy","twitter_misc":{"Est. reading time":"1 minute"},"schema":{"@context":"https:\/\/schema.org","@graph":[{"@type":"WebPage","@id":"https:\/\/raed.academy\/ca\/senat\/","url":"https:\/\/raed.academy\/ca\/senat\/","name":"Senat - Reial Acad\u00e8mia Europea de Doctors","isPartOf":{"@id":"https:\/\/raed.academy\/ca\/#website"},"datePublished":"2016-12-09T11:13:28+00:00","dateModified":"2024-01-02T16:26:00+00:00","breadcrumb":{"@id":"https:\/\/raed.academy\/ca\/senat\/#breadcrumb"},"inLanguage":"ca-ES","potentialAction":[{"@type":"ReadAction","target":["https:\/\/raed.academy\/ca\/senat\/"]}]},{"@type":"BreadcrumbList","@id":"https:\/\/raed.academy\/ca\/senat\/#breadcrumb","itemListElement":[{"@type":"ListItem","position":1,"name":"Inicio","item":"https:\/\/raed.academy\/ca\/"},{"@type":"ListItem","position":2,"name":"Senat"}]},{"@type":"WebSite","@id":"https:\/\/raed.academy\/ca\/#website","url":"https:\/\/raed.academy\/ca\/","name":"Reial Acad\u00e8mia Europea de Doctors","description":"Corporaci\u00f3n de derecho p\u00fablico de car\u00e1cter cient\u00edfico, t\u00e9cnico y art\u00edstico, que tiene por objeto la investigaci\u00f3n, el estudio, el fomento y la extensi\u00f3n del conocimiento en su sentido m\u00e1s amplio","publisher":{"@id":"https:\/\/raed.academy\/ca\/#organization"},"potentialAction":[{"@type":"SearchAction","target":{"@type":"EntryPoint","urlTemplate":"https:\/\/raed.academy\/ca\/?s={search_term_string}"},"query-input":{"@type":"PropertyValueSpecification","valueRequired":true,"valueName":"search_term_string"}}],"inLanguage":"ca-ES"},{"@type":"Organization","@id":"https:\/\/raed.academy\/ca\/#organization","name":"Real Academia Europea de Doctores","url":"https:\/\/raed.academy\/ca\/","logo":{"@type":"ImageObject","inLanguage":"ca-ES","@id":"https:\/\/raed.academy\/ca\/#\/schema\/logo\/image\/","url":"https:\/\/raed.academy\/wp-content\/uploads\/2017\/01\/cropped-logo_raed.png","contentUrl":"https:\/\/raed.academy\/wp-content\/uploads\/2017\/01\/cropped-logo_raed.png","width":512,"height":512,"caption":"Real Academia Europea de Doctores"},"image":{"@id":"https:\/\/raed.academy\/ca\/#\/schema\/logo\/image\/"},"sameAs":["http:\/\/fb.me\/raed.academy","https:\/\/x.com\/raedacademy","https:\/\/www.instagram.com\/raed.academy\/","https:\/\/www.youtube.com\/channel\/UCUYQwW2KrdirNWihxMDObwg"]}]}},"_links":{"self":[{"href":"https:\/\/raed.academy\/ca\/wp-json\/wp\/v2\/pages\/18607","targetHints":{"allow":["GET"]}}],"collection":[{"href":"https:\/\/raed.academy\/ca\/wp-json\/wp\/v2\/pages"}],"about":[{"href":"https:\/\/raed.academy\/ca\/wp-json\/wp\/v2\/types\/page"}],"author":[{"embeddable":true,"href":"https:\/\/raed.academy\/ca\/wp-json\/wp\/v2\/users\/16"}],"replies":[{"embeddable":true,"href":"https:\/\/raed.academy\/ca\/wp-json\/wp\/v2\/comments?post=18607"}],"version-history":[{"count":0,"href":"https:\/\/raed.academy\/ca\/wp-json\/wp\/v2\/pages\/18607\/revisions"}],"wp:attachment":[{"href":"https:\/\/raed.academy\/ca\/wp-json\/wp\/v2\/media?parent=18607"}],"curies":[{"name":"wp","href":"https:\/\/api.w.org\/{rel}","templated":true}]}}